{"id":12660,"date":"2022-10-05T14:11:39","date_gmt":"2022-10-05T19:11:39","guid":{"rendered":"https:\/\/lubrimas.pe\/tienda\/?post_type=product&#038;p=12660"},"modified":"2026-03-31T15:52:45","modified_gmt":"2026-03-31T20:52:45","slug":"liqui-moly-octane-plus-liquido-elevador-de-octanaje","status":"publish","type":"product","link":"https:\/\/lubrimas.pe\/tienda\/aditivos\/liqui-moly-octane-plus-liquido-elevador-de-octanaje\/","title":{"rendered":"LIQUI MOLY OCTANE PLUS &#8211; L\u00edquido elevador de octanaje"},"content":{"rendered":"<p><strong>LIQUI MOLY OCTANE PLUS,<\/strong> es una combinaci\u00f3n de sustancias activas para automezcla formulada seg\u00fan los conocimientos m\u00e1s actuales sobre la tecnolog\u00eda de aditivos y combustibles. Octane Plus es de uso universal y, en funci\u00f3n del RON, aumenta el octanaje (RON) del combustible en entre 2 y 4 puntos. Gracias al aumento de rendimiento del combustible, se evitan da\u00f1os del motor causados por combustiones detonantes. El aumento del octanaje reduce el consumo de combustible.<\/p>\n<h5><strong>CARACTER\u00cdSTICAS PRINCIPALES<\/strong><\/h5>\n<ul>\n<li>Mejora el rendimiento.<\/li>\n<li>Aumenta el \u00edndice de octano (nivel de octanaje).<\/li>\n<li>Evita da\u00f1os del motor causados por combustiones detonantes.<\/li>\n<\/ul>\n<h5><strong>APLICACI\u00d3N<\/strong><\/h5>\n<p>Una lata de 150 ml es suficiente para 50 l de gasolina. Elevaci\u00f3n del RON de hasta 4 puntos. Verter Octane Plus en el dep\u00f3sito y repostar a continuaci\u00f3n. La mezcla tiene lugar autom\u00e1ticamente. Indicaci\u00f3n: no almacenar el producto durante un espacio de tiempo prolongado a temperaturas &gt; 39 \u00b0C.<\/p>\n<h5><strong>INFORMACI\u00d3N ADICIONAL<\/strong><\/h5>\n<div class=\"aditional-info-tecnical-lp\"><a href=\"https:\/\/lubrimas.pe\/tienda\/wp-content\/uploads\/sites\/3\/2022\/10\/FICHA-TECNICA-PDS-ADITIVO-ELEVADOR-DE-OCTANAJE-OCTANE-PLUS-LM8355-LUBRIMASPE-LOS-OLIVOS-LIMA-PERU.pdf\" target=\"_blank\" rel=\"noopener\">FICHA T\u00c9CNICA<\/a><br \/>\n<a href=\"https:\/\/www.liqui-moly.com\/es\/es\/octane-plus-p000043.html#8355\" target=\"_blank\" rel=\"noopener\">SITIO OFICIAL<\/a><\/div>\n<p>&nbsp;<\/p>\n<blockquote><p>LM8355, LM 8355, LM-8355, LM8351, LM 8351, LM-8351, LIQUIMOLY, LIQUI MOLY, , DE, PARA, ELEVAR, ELVADOR, DE OCTANAJE, OCTANO, ADITIVO, GASOLINA<\/p><\/blockquote>\n","protected":false},"excerpt":{"rendered":"<p>LIQUI MOLY OCTANE PLUS, es una combinaci\u00f3n de sustancias activas para automezcla formulada seg\u00fan los conocimientos m\u00e1s actuales sobre la tecnolog\u00eda de aditivos y combustibles. Octane Plus es de uso<\/p>\n","protected":false},"featured_media":12663,"template":"","meta":[],"product_brand":[],"product_cat":[152],"product_tag":[23,24,25],"class_list":{"0":"post-12660","1":"product","2":"type-product","3":"status-publish","4":"has-post-thumbnail","6":"product_cat-aditivos","7":"product_tag-aditivos-lubricantes-alemanes","8":"product_tag-liqui-moly","9":"product_tag-liquimoly","10":"pa_marca-liquimoly","11":"pa_ofertas-cyber","13":"first","14":"outofstock","15":"shipping-taxable","16":"purchasable","17":"product-type-variable","18":"has-default-attributes"},"yoast_head":"<!-- This site is optimized with the Yoast SEO plugin v27.1.1 - https:\/\/yoast.com\/product\/yoast-seo-wordpress\/ -->\n<title>LIQUI MOLY Elevador de octanaje (OCTANE PLUS) | Lubrimas.pe<\/title>\n<meta name=\"description\" content=\"LIQUI MOLY Elevador de octanaje (OCTANE PLUS) es de uso universal y, en funci\u00f3n del RON, aumenta el octanaje (RON) del combustible en entre 2 y 4 puntos.\" \/>\n<meta name=\"robots\" content=\"index, follow, max-snippet:-1, max-image-preview:large, max-video-preview:-1\" \/>\n<link rel=\"canonical\" href=\"https:\/\/lubrimas.pe\/tienda\/aditivos\/liqui-moly-octane-plus-liquido-elevador-de-octanaje\/\" \/>\n<meta property=\"og:locale\" content=\"es_ES\" \/>\n<meta property=\"og:type\" content=\"article\" \/>\n<meta property=\"og:title\" content=\"LIQUI MOLY Elevador de octanaje (OCTANE PLUS) | Lubrimas.pe\" \/>\n<meta property=\"og:description\" content=\"LIQUI MOLY Elevador de octanaje (OCTANE PLUS) es de uso universal y, en funci\u00f3n del RON, aumenta el octanaje (RON) del combustible en entre 2 y 4 puntos.\" \/>\n<meta property=\"og:url\" content=\"https:\/\/lubrimas.pe\/tienda\/aditivos\/liqui-moly-octane-plus-liquido-elevador-de-octanaje\/\" \/>\n<meta property=\"og:site_name\" content=\"Lubrimas.pe | Tienda Online\" \/>\n<meta property=\"article:modified_time\" content=\"2026-03-31T20:52:45+00:00\" \/>\n<meta property=\"og:image\" content=\"https:\/\/lubrimas.pe\/tienda\/wp-content\/uploads\/sites\/3\/2022\/10\/lubrimaspe-lubrimasperu-aditivo-de-gasolina-octane-plus-elevador-de-octanaje-150ml-losolivos-lima-peru.webp\" \/>\n\t<meta property=\"og:image:width\" content=\"850\" \/>\n\t<meta property=\"og:image:height\" content=\"1000\" \/>\n\t<meta property=\"og:image:type\" content=\"image\/webp\" \/>\n<meta name=\"twitter:card\" content=\"summary_large_image\" \/>\n<meta name=\"twitter:label1\" content=\"Tiempo de lectura\" \/>\n\t<meta name=\"twitter:data1\" content=\"1 minuto\" \/>\n<script type=\"application\/ld+json\" class=\"yoast-schema-graph\">{\"@context\":\"https:\/\/schema.org\",\"@graph\":[{\"@type\":[\"WebPage\",\"ItemPage\"],\"@id\":\"https:\/\/lubrimas.pe\/tienda\/aditivos\/liqui-moly-octane-plus-liquido-elevador-de-octanaje\/\",\"url\":\"https:\/\/lubrimas.pe\/tienda\/aditivos\/liqui-moly-octane-plus-liquido-elevador-de-octanaje\/\",\"name\":\"LIQUI MOLY Elevador de octanaje (OCTANE PLUS) | Lubrimas.pe\",\"isPartOf\":{\"@id\":\"https:\/\/lubrimas.pe\/tienda\/#website\"},\"primaryImageOfPage\":{\"@id\":\"https:\/\/lubrimas.pe\/tienda\/aditivos\/liqui-moly-octane-plus-liquido-elevador-de-octanaje\/#primaryimage\"},\"image\":{\"@id\":\"https:\/\/lubrimas.pe\/tienda\/aditivos\/liqui-moly-octane-plus-liquido-elevador-de-octanaje\/#primaryimage\"},\"thumbnailUrl\":\"https:\/\/lubrimas.pe\/tienda\/wp-content\/uploads\/sites\/3\/2022\/10\/lubrimaspe-lubrimasperu-aditivo-de-gasolina-octane-plus-elevador-de-octanaje-150ml-losolivos-lima-peru.webp\",\"datePublished\":\"2022-10-05T19:11:39+00:00\",\"dateModified\":\"2026-03-31T20:52:45+00:00\",\"description\":\"LIQUI MOLY Elevador de octanaje (OCTANE PLUS) es de uso universal y, en funci\u00f3n del RON, aumenta el octanaje (RON) del combustible en entre 2 y 4 puntos.\",\"breadcrumb\":{\"@id\":\"https:\/\/lubrimas.pe\/tienda\/aditivos\/liqui-moly-octane-plus-liquido-elevador-de-octanaje\/#breadcrumb\"},\"inLanguage\":\"es\",\"potentialAction\":[{\"@type\":\"ReadAction\",\"target\":[\"https:\/\/lubrimas.pe\/tienda\/aditivos\/liqui-moly-octane-plus-liquido-elevador-de-octanaje\/\"]}]},{\"@type\":\"ImageObject\",\"inLanguage\":\"es\",\"@id\":\"https:\/\/lubrimas.pe\/tienda\/aditivos\/liqui-moly-octane-plus-liquido-elevador-de-octanaje\/#primaryimage\",\"url\":\"https:\/\/lubrimas.pe\/tienda\/wp-content\/uploads\/sites\/3\/2022\/10\/lubrimaspe-lubrimasperu-aditivo-de-gasolina-octane-plus-elevador-de-octanaje-150ml-losolivos-lima-peru.webp\",\"contentUrl\":\"https:\/\/lubrimas.pe\/tienda\/wp-content\/uploads\/sites\/3\/2022\/10\/lubrimaspe-lubrimasperu-aditivo-de-gasolina-octane-plus-elevador-de-octanaje-150ml-losolivos-lima-peru.webp\",\"width\":850,\"height\":1000},{\"@type\":\"BreadcrumbList\",\"@id\":\"https:\/\/lubrimas.pe\/tienda\/aditivos\/liqui-moly-octane-plus-liquido-elevador-de-octanaje\/#breadcrumb\",\"itemListElement\":[{\"@type\":\"ListItem\",\"position\":1,\"name\":\"Portada\",\"item\":\"https:\/\/lubrimas.pe\/tienda\/\"},{\"@type\":\"ListItem\",\"position\":2,\"name\":\"Cat\u00e1logo\",\"item\":\"https:\/\/lubrimas.pe\/tienda\/productos\/\"},{\"@type\":\"ListItem\",\"position\":3,\"name\":\"LIQUI MOLY OCTANE PLUS &#8211; L\u00edquido elevador de octanaje\"}]},{\"@type\":\"WebSite\",\"@id\":\"https:\/\/lubrimas.pe\/tienda\/#website\",\"url\":\"https:\/\/lubrimas.pe\/tienda\/\",\"name\":\"Lubrimas.pe | Tienda Online\",\"description\":\"Tus lubricantes favoritos al mejor precio!\",\"publisher\":{\"@id\":\"https:\/\/lubrimas.pe\/tienda\/#organization\"},\"potentialAction\":[{\"@type\":\"SearchAction\",\"target\":{\"@type\":\"EntryPoint\",\"urlTemplate\":\"https:\/\/lubrimas.pe\/tienda\/?s={search_term_string}\"},\"query-input\":{\"@type\":\"PropertyValueSpecification\",\"valueRequired\":true,\"valueName\":\"search_term_string\"}}],\"inLanguage\":\"es\"},{\"@type\":\"Organization\",\"@id\":\"https:\/\/lubrimas.pe\/tienda\/#organization\",\"name\":\"Lubrimas.pe\",\"url\":\"https:\/\/lubrimas.pe\/tienda\/\",\"logo\":{\"@type\":\"ImageObject\",\"inLanguage\":\"es\",\"@id\":\"https:\/\/lubrimas.pe\/tienda\/#\/schema\/logo\/image\/\",\"url\":\"https:\/\/lubrimas.pe\/tienda\/wp-content\/uploads\/sites\/3\/2022\/07\/BANNERS-PROMO-CYBER-WOW-LUBRIMASPE-2022-07.webp\",\"contentUrl\":\"https:\/\/lubrimas.pe\/tienda\/wp-content\/uploads\/sites\/3\/2022\/07\/BANNERS-PROMO-CYBER-WOW-LUBRIMASPE-2022-07.webp\",\"width\":500,\"height\":752,\"caption\":\"Lubrimas.pe\"},\"image\":{\"@id\":\"https:\/\/lubrimas.pe\/tienda\/#\/schema\/logo\/image\/\"}}]}<\/script>\n<!-- \/ Yoast SEO plugin. -->","yoast_head_json":{"title":"LIQUI MOLY Elevador de octanaje (OCTANE PLUS) | Lubrimas.pe","description":"LIQUI MOLY Elevador de octanaje (OCTANE PLUS) es de uso universal y, en funci\u00f3n del RON, aumenta el octanaje (RON) del combustible en entre 2 y 4 puntos.","robots":{"index":"index","follow":"follow","max-snippet":"max-snippet:-1","max-image-preview":"max-image-preview:large","max-video-preview":"max-video-preview:-1"},"canonical":"https:\/\/lubrimas.pe\/tienda\/aditivos\/liqui-moly-octane-plus-liquido-elevador-de-octanaje\/","og_locale":"es_ES","og_type":"article","og_title":"LIQUI MOLY Elevador de octanaje (OCTANE PLUS) | Lubrimas.pe","og_description":"LIQUI MOLY Elevador de octanaje (OCTANE PLUS) es de uso universal y, en funci\u00f3n del RON, aumenta el octanaje (RON) del combustible en entre 2 y 4 puntos.","og_url":"https:\/\/lubrimas.pe\/tienda\/aditivos\/liqui-moly-octane-plus-liquido-elevador-de-octanaje\/","og_site_name":"Lubrimas.pe | Tienda Online","article_modified_time":"2026-03-31T20:52:45+00:00","og_image":[{"width":850,"height":1000,"url":"https:\/\/lubrimas.pe\/tienda\/wp-content\/uploads\/sites\/3\/2022\/10\/lubrimaspe-lubrimasperu-aditivo-de-gasolina-octane-plus-elevador-de-octanaje-150ml-losolivos-lima-peru.webp","type":"image\/webp"}],"twitter_card":"summary_large_image","twitter_misc":{"Tiempo de lectura":"1 minuto"},"schema":{"@context":"https:\/\/schema.org","@graph":[{"@type":["WebPage","ItemPage"],"@id":"https:\/\/lubrimas.pe\/tienda\/aditivos\/liqui-moly-octane-plus-liquido-elevador-de-octanaje\/","url":"https:\/\/lubrimas.pe\/tienda\/aditivos\/liqui-moly-octane-plus-liquido-elevador-de-octanaje\/","name":"LIQUI MOLY Elevador de octanaje (OCTANE PLUS) | Lubrimas.pe","isPartOf":{"@id":"https:\/\/lubrimas.pe\/tienda\/#website"},"primaryImageOfPage":{"@id":"https:\/\/lubrimas.pe\/tienda\/aditivos\/liqui-moly-octane-plus-liquido-elevador-de-octanaje\/#primaryimage"},"image":{"@id":"https:\/\/lubrimas.pe\/tienda\/aditivos\/liqui-moly-octane-plus-liquido-elevador-de-octanaje\/#primaryimage"},"thumbnailUrl":"https:\/\/lubrimas.pe\/tienda\/wp-content\/uploads\/sites\/3\/2022\/10\/lubrimaspe-lubrimasperu-aditivo-de-gasolina-octane-plus-elevador-de-octanaje-150ml-losolivos-lima-peru.webp","datePublished":"2022-10-05T19:11:39+00:00","dateModified":"2026-03-31T20:52:45+00:00","description":"LIQUI MOLY Elevador de octanaje (OCTANE PLUS) es de uso universal y, en funci\u00f3n del RON, aumenta el octanaje (RON) del combustible en entre 2 y 4 puntos.","breadcrumb":{"@id":"https:\/\/lubrimas.pe\/tienda\/aditivos\/liqui-moly-octane-plus-liquido-elevador-de-octanaje\/#breadcrumb"},"inLanguage":"es","potentialAction":[{"@type":"ReadAction","target":["https:\/\/lubrimas.pe\/tienda\/aditivos\/liqui-moly-octane-plus-liquido-elevador-de-octanaje\/"]}]},{"@type":"ImageObject","inLanguage":"es","@id":"https:\/\/lubrimas.pe\/tienda\/aditivos\/liqui-moly-octane-plus-liquido-elevador-de-octanaje\/#primaryimage","url":"https:\/\/lubrimas.pe\/tienda\/wp-content\/uploads\/sites\/3\/2022\/10\/lubrimaspe-lubrimasperu-aditivo-de-gasolina-octane-plus-elevador-de-octanaje-150ml-losolivos-lima-peru.webp","contentUrl":"https:\/\/lubrimas.pe\/tienda\/wp-content\/uploads\/sites\/3\/2022\/10\/lubrimaspe-lubrimasperu-aditivo-de-gasolina-octane-plus-elevador-de-octanaje-150ml-losolivos-lima-peru.webp","width":850,"height":1000},{"@type":"BreadcrumbList","@id":"https:\/\/lubrimas.pe\/tienda\/aditivos\/liqui-moly-octane-plus-liquido-elevador-de-octanaje\/#breadcrumb","itemListElement":[{"@type":"ListItem","position":1,"name":"Portada","item":"https:\/\/lubrimas.pe\/tienda\/"},{"@type":"ListItem","position":2,"name":"Cat\u00e1logo","item":"https:\/\/lubrimas.pe\/tienda\/productos\/"},{"@type":"ListItem","position":3,"name":"LIQUI MOLY OCTANE PLUS &#8211; L\u00edquido elevador de octanaje"}]},{"@type":"WebSite","@id":"https:\/\/lubrimas.pe\/tienda\/#website","url":"https:\/\/lubrimas.pe\/tienda\/","name":"Lubrimas.pe | Tienda Online","description":"Tus lubricantes favoritos al mejor precio!","publisher":{"@id":"https:\/\/lubrimas.pe\/tienda\/#organization"},"potentialAction":[{"@type":"SearchAction","target":{"@type":"EntryPoint","urlTemplate":"https:\/\/lubrimas.pe\/tienda\/?s={search_term_string}"},"query-input":{"@type":"PropertyValueSpecification","valueRequired":true,"valueName":"search_term_string"}}],"inLanguage":"es"},{"@type":"Organization","@id":"https:\/\/lubrimas.pe\/tienda\/#organization","name":"Lubrimas.pe","url":"https:\/\/lubrimas.pe\/tienda\/","logo":{"@type":"ImageObject","inLanguage":"es","@id":"https:\/\/lubrimas.pe\/tienda\/#\/schema\/logo\/image\/","url":"https:\/\/lubrimas.pe\/tienda\/wp-content\/uploads\/sites\/3\/2022\/07\/BANNERS-PROMO-CYBER-WOW-LUBRIMASPE-2022-07.webp","contentUrl":"https:\/\/lubrimas.pe\/tienda\/wp-content\/uploads\/sites\/3\/2022\/07\/BANNERS-PROMO-CYBER-WOW-LUBRIMASPE-2022-07.webp","width":500,"height":752,"caption":"Lubrimas.pe"},"image":{"@id":"https:\/\/lubrimas.pe\/tienda\/#\/schema\/logo\/image\/"}}]}},"_links":{"self":[{"href":"https:\/\/lubrimas.pe\/tienda\/wp-json\/wp\/v2\/product\/12660","targetHints":{"allow":["GET"]}}],"collection":[{"href":"https:\/\/lubrimas.pe\/tienda\/wp-json\/wp\/v2\/product"}],"about":[{"href":"https:\/\/lubrimas.pe\/tienda\/wp-json\/wp\/v2\/types\/product"}],"wp:featuredmedia":[{"embeddable":true,"href":"https:\/\/lubrimas.pe\/tienda\/wp-json\/wp\/v2\/media\/12663"}],"wp:attachment":[{"href":"https:\/\/lubrimas.pe\/tienda\/wp-json\/wp\/v2\/media?parent=12660"}],"wp:term":[{"taxonomy":"product_brand","embeddable":true,"href":"https:\/\/lubrimas.pe\/tienda\/wp-json\/wp\/v2\/product_brand?post=12660"},{"taxonomy":"product_cat","embeddable":true,"href":"https:\/\/lubrimas.pe\/tienda\/wp-json\/wp\/v2\/product_cat?post=12660"},{"taxonomy":"product_tag","embeddable":true,"href":"https:\/\/lubrimas.pe\/tienda\/wp-json\/wp\/v2\/product_tag?post=12660"}],"curies":[{"name":"wp","href":"https:\/\/api.w.org\/{rel}","templated":true}]}}