{"id":12664,"date":"2022-10-05T14:33:49","date_gmt":"2022-10-05T19:33:49","guid":{"rendered":"https:\/\/lubrimas.pe\/tienda\/?post_type=product&#038;p=12664"},"modified":"2023-12-05T17:44:42","modified_gmt":"2023-12-05T22:44:42","slug":"prestone-command-anticongelante-refrigerante-50-50-heavy-duty","status":"publish","type":"product","link":"https:\/\/lubrimas.pe\/tienda\/refrigerantes\/prestone-command-anticongelante-refrigerante-50-50-heavy-duty\/","title":{"rendered":"PRESTONE COMMAND ANTICONGELANTE &amp; REFRIGERANTE 50\/50 HEAVY DUTY &#8211; Listo para usar"},"content":{"rendered":"<p><strong>PRESTONE COMMAND ANTICONGELANTE &amp; REFRIGERANTE 50\/50 HEAVY DUTY <\/strong>tiene tecnolog\u00eda avanzada de protecci\u00f3n contra la corrosi\u00f3n. El producto de tecnolog\u00eda de intervalo de servicio extendido (ESI) precargado de SCA es compatible con CUALQUIER refrigerante convencional de servicio pesado y TODAS las tecnolog\u00edas de filtro.\u00a0El anticongelante\/refrigerante de intervalo de servicio extendido de servicio pesado Command de Prestone se puede usar con CUALQUIER anticongelante\/refrigerante convencional en CUALQUIER motor de servicio pesado usado en ciclos de servicio normales a severos y en condiciones de temperatura extrema. Estos productos brindar\u00e1n protecci\u00f3n contra la congelaci\u00f3n, el sobrecalentamiento, la erosi\u00f3n por cavitaci\u00f3n, la corrosi\u00f3n y la formaci\u00f3n de incrustaciones y espuma sin la necesidad de agregar SCA en el llenado inicial y mantendr\u00e1n una protecci\u00f3n de servicio extendida cuando se agreguen a cualquier anticongelante\/refrigerante ESI de servicio pesado.<\/p>\n<h5><strong>APROBACIONES \/ ESPECIFICACIONES<\/strong><\/h5>\n<p><em>Cummins<sup>\u00ae<\/sup> Eng. Std. CES14439, Detroit Diesel 93K217,\u00a0Cummins CES 90T8-4, Kenworth R026-170-97, Detroit Diesel 7SE298, Peterbilt 8502.002, Navistar CEMS B-1 Type II, John Deere H24, Mack 014617004, John Deere H24 A1, Freightliner 48-25961, John Deere JDS-G135, Freightliner 48-25878, John Deere 8650-5, Freightliner 48-22880<\/em><\/p>\n<h5><strong>INFORMACI\u00d3N ADICIONAL<\/strong><\/h5>\n<div class=\"aditional-info-tecnical-lp\"><a href=\"https:\/\/lubrimas.pe\/tienda\/wp-content\/uploads\/sites\/3\/2022\/10\/FICHA-TECNICA-REFRIGERANTE-ANTICONGELANTE-PRESTONE-HEAVY-DUTY-ESI-MORADO-LISTO-PARA-USAR-LUBRIMASPE-LOS-OLIVOS-LIMA-PERU.pdf\" target=\"_blank\" rel=\"noopener\">FICHA T\u00c9CNICA<\/a><br \/>\n<a href=\"https:\/\/prestonecommand.com\/products\/heavy-duty-antifreeze-coolant\/heavy-duty-extended-service-interval-antifreeze-coolant\/\" target=\"_blank\" rel=\"noopener\">SITIO OFICIAL<\/a><\/div>\n<p>&nbsp;<\/p>\n<blockquote><p>LIQUIDO, REFRIGERANTE, ANTICONGELANTE, ANTIFREEZE, +, &amp;, COOLANT, HEAVY DUTY EXTENDED SERVICE INTERVAL, SERVICIO, PESADO, RADIADOR, MORADO<\/p><\/blockquote>\n","protected":false},"excerpt":{"rendered":"<p>PRESTONE COMMAND ANTICONGELANTE &amp; REFRIGERANTE 50\/50 HEAVY DUTY tiene tecnolog\u00eda avanzada de protecci\u00f3n contra la corrosi\u00f3n. El producto de tecnolog\u00eda de intervalo de servicio extendido (ESI) precargado de SCA es<\/p>\n","protected":false},"featured_media":12667,"template":"","meta":[],"product_brand":[],"product_cat":[38],"product_tag":[],"class_list":{"0":"post-12664","1":"product","2":"type-product","3":"status-publish","4":"has-post-thumbnail","6":"product_cat-refrigerantes","7":"pa_concentrado-154","8":"pa_especificaciones-93k217","9":"pa_especificaciones-ces-14439","10":"pa_especificaciones-ces-90t8-4","11":"pa_especificaciones-cummins-ces-90t8-4","12":"pa_especificaciones-cummins-eng-std-ces14439","13":"pa_especificaciones-detroit-diesel-7se298","14":"pa_especificaciones-detroit-diesel-93k217","15":"pa_especificaciones-freightliner-48-22880","16":"pa_especificaciones-freightliner-48-25878","17":"pa_especificaciones-freightliner-48-25961","18":"pa_especificaciones-john-deere-8650-5","19":"pa_especificaciones-john-deere-h24","20":"pa_especificaciones-john-deere-h24-a1","21":"pa_especificaciones-john-deere-jds-g135","22":"pa_especificaciones-kenworth-r026-170-97","23":"pa_especificaciones-mack-014617004","24":"pa_especificaciones-navistar-cems-b-1-type-ii","25":"pa_especificaciones-peterbilt-8502-002","26":"pa_marca-prestone","28":"first","29":"outofstock","30":"shipping-taxable","31":"purchasable","32":"product-type-variable","33":"has-default-attributes"},"yoast_head":"<!-- This site is optimized with the Yoast SEO plugin v27.1.1 - https:\/\/yoast.com\/product\/yoast-seo-wordpress\/ -->\n<title>PRESTONE COMMAND ANTICONGELANTE &amp; REFRIGERANTE 50\/50 HEAVY DUTY - Listo para usar | Lubrimas.pe | Tienda Online<\/title>\n<meta name=\"robots\" content=\"index, follow, max-snippet:-1, max-image-preview:large, max-video-preview:-1\" \/>\n<link rel=\"canonical\" href=\"https:\/\/lubrimas.pe\/tienda\/refrigerantes\/prestone-command-anticongelante-refrigerante-50-50-heavy-duty\/\" \/>\n<meta property=\"og:locale\" content=\"es_ES\" \/>\n<meta property=\"og:type\" content=\"article\" \/>\n<meta property=\"og:title\" content=\"PRESTONE COMMAND ANTICONGELANTE &amp; REFRIGERANTE 50\/50 HEAVY DUTY - Listo para usar | Lubrimas.pe | Tienda Online\" \/>\n<meta property=\"og:description\" content=\"PRESTONE COMMAND ANTICONGELANTE &amp; REFRIGERANTE 50\/50 HEAVY DUTY tiene tecnolog\u00eda avanzada de protecci\u00f3n contra la corrosi\u00f3n. El producto de tecnolog\u00eda de intervalo de servicio extendido (ESI) precargado de SCA es\" \/>\n<meta property=\"og:url\" content=\"https:\/\/lubrimas.pe\/tienda\/refrigerantes\/prestone-command-anticongelante-refrigerante-50-50-heavy-duty\/\" \/>\n<meta property=\"og:site_name\" content=\"Lubrimas.pe | Tienda Online\" \/>\n<meta property=\"article:modified_time\" content=\"2023-12-05T22:44:42+00:00\" \/>\n<meta property=\"og:image\" content=\"https:\/\/lubrimas.pe\/tienda\/wp-content\/uploads\/sites\/3\/2022\/10\/lubrimaspe-lubrimasperu-refrigerante-anticongelante-prestone-commando-50-50-heavy-duty-servicio-pesado-morado-galon-losolivos-lima-peru.webp\" \/>\n\t<meta property=\"og:image:width\" content=\"850\" \/>\n\t<meta property=\"og:image:height\" content=\"1000\" \/>\n\t<meta property=\"og:image:type\" content=\"image\/webp\" \/>\n<meta name=\"twitter:card\" content=\"summary_large_image\" \/>\n<meta name=\"twitter:label1\" content=\"Tiempo de lectura\" \/>\n\t<meta name=\"twitter:data1\" content=\"1 minuto\" \/>\n<script type=\"application\/ld+json\" class=\"yoast-schema-graph\">{\"@context\":\"https:\/\/schema.org\",\"@graph\":[{\"@type\":[\"WebPage\",\"ItemPage\"],\"@id\":\"https:\/\/lubrimas.pe\/tienda\/refrigerantes\/prestone-command-anticongelante-refrigerante-50-50-heavy-duty\/\",\"url\":\"https:\/\/lubrimas.pe\/tienda\/refrigerantes\/prestone-command-anticongelante-refrigerante-50-50-heavy-duty\/\",\"name\":\"PRESTONE COMMAND ANTICONGELANTE &amp; REFRIGERANTE 50\/50 HEAVY DUTY - Listo para usar | Lubrimas.pe | Tienda Online\",\"isPartOf\":{\"@id\":\"https:\/\/lubrimas.pe\/tienda\/#website\"},\"primaryImageOfPage\":{\"@id\":\"https:\/\/lubrimas.pe\/tienda\/refrigerantes\/prestone-command-anticongelante-refrigerante-50-50-heavy-duty\/#primaryimage\"},\"image\":{\"@id\":\"https:\/\/lubrimas.pe\/tienda\/refrigerantes\/prestone-command-anticongelante-refrigerante-50-50-heavy-duty\/#primaryimage\"},\"thumbnailUrl\":\"https:\/\/lubrimas.pe\/tienda\/wp-content\/uploads\/sites\/3\/2022\/10\/lubrimaspe-lubrimasperu-refrigerante-anticongelante-prestone-commando-50-50-heavy-duty-servicio-pesado-morado-galon-losolivos-lima-peru.webp\",\"datePublished\":\"2022-10-05T19:33:49+00:00\",\"dateModified\":\"2023-12-05T22:44:42+00:00\",\"breadcrumb\":{\"@id\":\"https:\/\/lubrimas.pe\/tienda\/refrigerantes\/prestone-command-anticongelante-refrigerante-50-50-heavy-duty\/#breadcrumb\"},\"inLanguage\":\"es\",\"potentialAction\":[{\"@type\":\"ReadAction\",\"target\":[\"https:\/\/lubrimas.pe\/tienda\/refrigerantes\/prestone-command-anticongelante-refrigerante-50-50-heavy-duty\/\"]}]},{\"@type\":\"ImageObject\",\"inLanguage\":\"es\",\"@id\":\"https:\/\/lubrimas.pe\/tienda\/refrigerantes\/prestone-command-anticongelante-refrigerante-50-50-heavy-duty\/#primaryimage\",\"url\":\"https:\/\/lubrimas.pe\/tienda\/wp-content\/uploads\/sites\/3\/2022\/10\/lubrimaspe-lubrimasperu-refrigerante-anticongelante-prestone-commando-50-50-heavy-duty-servicio-pesado-morado-galon-losolivos-lima-peru.webp\",\"contentUrl\":\"https:\/\/lubrimas.pe\/tienda\/wp-content\/uploads\/sites\/3\/2022\/10\/lubrimaspe-lubrimasperu-refrigerante-anticongelante-prestone-commando-50-50-heavy-duty-servicio-pesado-morado-galon-losolivos-lima-peru.webp\",\"width\":850,\"height\":1000},{\"@type\":\"BreadcrumbList\",\"@id\":\"https:\/\/lubrimas.pe\/tienda\/refrigerantes\/prestone-command-anticongelante-refrigerante-50-50-heavy-duty\/#breadcrumb\",\"itemListElement\":[{\"@type\":\"ListItem\",\"position\":1,\"name\":\"Portada\",\"item\":\"https:\/\/lubrimas.pe\/tienda\/\"},{\"@type\":\"ListItem\",\"position\":2,\"name\":\"Cat\u00e1logo\",\"item\":\"https:\/\/lubrimas.pe\/tienda\/productos\/\"},{\"@type\":\"ListItem\",\"position\":3,\"name\":\"PRESTONE COMMAND ANTICONGELANTE &amp; REFRIGERANTE 50\/50 HEAVY DUTY &#8211; Listo para usar\"}]},{\"@type\":\"WebSite\",\"@id\":\"https:\/\/lubrimas.pe\/tienda\/#website\",\"url\":\"https:\/\/lubrimas.pe\/tienda\/\",\"name\":\"Lubrimas.pe | Tienda Online\",\"description\":\"Tus lubricantes favoritos al mejor precio!\",\"publisher\":{\"@id\":\"https:\/\/lubrimas.pe\/tienda\/#organization\"},\"potentialAction\":[{\"@type\":\"SearchAction\",\"target\":{\"@type\":\"EntryPoint\",\"urlTemplate\":\"https:\/\/lubrimas.pe\/tienda\/?s={search_term_string}\"},\"query-input\":{\"@type\":\"PropertyValueSpecification\",\"valueRequired\":true,\"valueName\":\"search_term_string\"}}],\"inLanguage\":\"es\"},{\"@type\":\"Organization\",\"@id\":\"https:\/\/lubrimas.pe\/tienda\/#organization\",\"name\":\"Lubrimas.pe\",\"url\":\"https:\/\/lubrimas.pe\/tienda\/\",\"logo\":{\"@type\":\"ImageObject\",\"inLanguage\":\"es\",\"@id\":\"https:\/\/lubrimas.pe\/tienda\/#\/schema\/logo\/image\/\",\"url\":\"https:\/\/lubrimas.pe\/tienda\/wp-content\/uploads\/sites\/3\/2022\/07\/BANNERS-PROMO-CYBER-WOW-LUBRIMASPE-2022-07.webp\",\"contentUrl\":\"https:\/\/lubrimas.pe\/tienda\/wp-content\/uploads\/sites\/3\/2022\/07\/BANNERS-PROMO-CYBER-WOW-LUBRIMASPE-2022-07.webp\",\"width\":500,\"height\":752,\"caption\":\"Lubrimas.pe\"},\"image\":{\"@id\":\"https:\/\/lubrimas.pe\/tienda\/#\/schema\/logo\/image\/\"}}]}<\/script>\n<!-- \/ Yoast SEO plugin. -->","yoast_head_json":{"title":"PRESTONE COMMAND ANTICONGELANTE &amp; REFRIGERANTE 50\/50 HEAVY DUTY - Listo para usar | Lubrimas.pe | Tienda Online","robots":{"index":"index","follow":"follow","max-snippet":"max-snippet:-1","max-image-preview":"max-image-preview:large","max-video-preview":"max-video-preview:-1"},"canonical":"https:\/\/lubrimas.pe\/tienda\/refrigerantes\/prestone-command-anticongelante-refrigerante-50-50-heavy-duty\/","og_locale":"es_ES","og_type":"article","og_title":"PRESTONE COMMAND ANTICONGELANTE &amp; REFRIGERANTE 50\/50 HEAVY DUTY - Listo para usar | Lubrimas.pe | Tienda Online","og_description":"PRESTONE COMMAND ANTICONGELANTE &amp; REFRIGERANTE 50\/50 HEAVY DUTY tiene tecnolog\u00eda avanzada de protecci\u00f3n contra la corrosi\u00f3n. El producto de tecnolog\u00eda de intervalo de servicio extendido (ESI) precargado de SCA es","og_url":"https:\/\/lubrimas.pe\/tienda\/refrigerantes\/prestone-command-anticongelante-refrigerante-50-50-heavy-duty\/","og_site_name":"Lubrimas.pe | Tienda Online","article_modified_time":"2023-12-05T22:44:42+00:00","og_image":[{"width":850,"height":1000,"url":"https:\/\/lubrimas.pe\/tienda\/wp-content\/uploads\/sites\/3\/2022\/10\/lubrimaspe-lubrimasperu-refrigerante-anticongelante-prestone-commando-50-50-heavy-duty-servicio-pesado-morado-galon-losolivos-lima-peru.webp","type":"image\/webp"}],"twitter_card":"summary_large_image","twitter_misc":{"Tiempo de lectura":"1 minuto"},"schema":{"@context":"https:\/\/schema.org","@graph":[{"@type":["WebPage","ItemPage"],"@id":"https:\/\/lubrimas.pe\/tienda\/refrigerantes\/prestone-command-anticongelante-refrigerante-50-50-heavy-duty\/","url":"https:\/\/lubrimas.pe\/tienda\/refrigerantes\/prestone-command-anticongelante-refrigerante-50-50-heavy-duty\/","name":"PRESTONE COMMAND ANTICONGELANTE &amp; REFRIGERANTE 50\/50 HEAVY DUTY - Listo para usar | Lubrimas.pe | Tienda Online","isPartOf":{"@id":"https:\/\/lubrimas.pe\/tienda\/#website"},"primaryImageOfPage":{"@id":"https:\/\/lubrimas.pe\/tienda\/refrigerantes\/prestone-command-anticongelante-refrigerante-50-50-heavy-duty\/#primaryimage"},"image":{"@id":"https:\/\/lubrimas.pe\/tienda\/refrigerantes\/prestone-command-anticongelante-refrigerante-50-50-heavy-duty\/#primaryimage"},"thumbnailUrl":"https:\/\/lubrimas.pe\/tienda\/wp-content\/uploads\/sites\/3\/2022\/10\/lubrimaspe-lubrimasperu-refrigerante-anticongelante-prestone-commando-50-50-heavy-duty-servicio-pesado-morado-galon-losolivos-lima-peru.webp","datePublished":"2022-10-05T19:33:49+00:00","dateModified":"2023-12-05T22:44:42+00:00","breadcrumb":{"@id":"https:\/\/lubrimas.pe\/tienda\/refrigerantes\/prestone-command-anticongelante-refrigerante-50-50-heavy-duty\/#breadcrumb"},"inLanguage":"es","potentialAction":[{"@type":"ReadAction","target":["https:\/\/lubrimas.pe\/tienda\/refrigerantes\/prestone-command-anticongelante-refrigerante-50-50-heavy-duty\/"]}]},{"@type":"ImageObject","inLanguage":"es","@id":"https:\/\/lubrimas.pe\/tienda\/refrigerantes\/prestone-command-anticongelante-refrigerante-50-50-heavy-duty\/#primaryimage","url":"https:\/\/lubrimas.pe\/tienda\/wp-content\/uploads\/sites\/3\/2022\/10\/lubrimaspe-lubrimasperu-refrigerante-anticongelante-prestone-commando-50-50-heavy-duty-servicio-pesado-morado-galon-losolivos-lima-peru.webp","contentUrl":"https:\/\/lubrimas.pe\/tienda\/wp-content\/uploads\/sites\/3\/2022\/10\/lubrimaspe-lubrimasperu-refrigerante-anticongelante-prestone-commando-50-50-heavy-duty-servicio-pesado-morado-galon-losolivos-lima-peru.webp","width":850,"height":1000},{"@type":"BreadcrumbList","@id":"https:\/\/lubrimas.pe\/tienda\/refrigerantes\/prestone-command-anticongelante-refrigerante-50-50-heavy-duty\/#breadcrumb","itemListElement":[{"@type":"ListItem","position":1,"name":"Portada","item":"https:\/\/lubrimas.pe\/tienda\/"},{"@type":"ListItem","position":2,"name":"Cat\u00e1logo","item":"https:\/\/lubrimas.pe\/tienda\/productos\/"},{"@type":"ListItem","position":3,"name":"PRESTONE COMMAND ANTICONGELANTE &amp; REFRIGERANTE 50\/50 HEAVY DUTY &#8211; Listo para usar"}]},{"@type":"WebSite","@id":"https:\/\/lubrimas.pe\/tienda\/#website","url":"https:\/\/lubrimas.pe\/tienda\/","name":"Lubrimas.pe | Tienda Online","description":"Tus lubricantes favoritos al mejor precio!","publisher":{"@id":"https:\/\/lubrimas.pe\/tienda\/#organization"},"potentialAction":[{"@type":"SearchAction","target":{"@type":"EntryPoint","urlTemplate":"https:\/\/lubrimas.pe\/tienda\/?s={search_term_string}"},"query-input":{"@type":"PropertyValueSpecification","valueRequired":true,"valueName":"search_term_string"}}],"inLanguage":"es"},{"@type":"Organization","@id":"https:\/\/lubrimas.pe\/tienda\/#organization","name":"Lubrimas.pe","url":"https:\/\/lubrimas.pe\/tienda\/","logo":{"@type":"ImageObject","inLanguage":"es","@id":"https:\/\/lubrimas.pe\/tienda\/#\/schema\/logo\/image\/","url":"https:\/\/lubrimas.pe\/tienda\/wp-content\/uploads\/sites\/3\/2022\/07\/BANNERS-PROMO-CYBER-WOW-LUBRIMASPE-2022-07.webp","contentUrl":"https:\/\/lubrimas.pe\/tienda\/wp-content\/uploads\/sites\/3\/2022\/07\/BANNERS-PROMO-CYBER-WOW-LUBRIMASPE-2022-07.webp","width":500,"height":752,"caption":"Lubrimas.pe"},"image":{"@id":"https:\/\/lubrimas.pe\/tienda\/#\/schema\/logo\/image\/"}}]}},"_links":{"self":[{"href":"https:\/\/lubrimas.pe\/tienda\/wp-json\/wp\/v2\/product\/12664","targetHints":{"allow":["GET"]}}],"collection":[{"href":"https:\/\/lubrimas.pe\/tienda\/wp-json\/wp\/v2\/product"}],"about":[{"href":"https:\/\/lubrimas.pe\/tienda\/wp-json\/wp\/v2\/types\/product"}],"wp:featuredmedia":[{"embeddable":true,"href":"https:\/\/lubrimas.pe\/tienda\/wp-json\/wp\/v2\/media\/12667"}],"wp:attachment":[{"href":"https:\/\/lubrimas.pe\/tienda\/wp-json\/wp\/v2\/media?parent=12664"}],"wp:term":[{"taxonomy":"product_brand","embeddable":true,"href":"https:\/\/lubrimas.pe\/tienda\/wp-json\/wp\/v2\/product_brand?post=12664"},{"taxonomy":"product_cat","embeddable":true,"href":"https:\/\/lubrimas.pe\/tienda\/wp-json\/wp\/v2\/product_cat?post=12664"},{"taxonomy":"product_tag","embeddable":true,"href":"https:\/\/lubrimas.pe\/tienda\/wp-json\/wp\/v2\/product_tag?post=12664"}],"curies":[{"name":"wp","href":"https:\/\/api.w.org\/{rel}","templated":true}]}}