{"id":12708,"date":"2022-10-22T13:39:47","date_gmt":"2022-10-22T18:39:47","guid":{"rendered":"https:\/\/lubrimas.pe\/tienda\/?post_type=product&#038;p=12708"},"modified":"2023-11-24T13:57:59","modified_gmt":"2023-11-24T18:57:59","slug":"prestone-bug-wash-liquido-limpia-parabrisas","status":"publish","type":"product","link":"https:\/\/lubrimas.pe\/tienda\/limpieza\/prestone-bug-wash-liquido-limpia-parabrisas\/","title":{"rendered":"PRESTONE BUG WASH &#8211; L\u00edquido Limpia Parabrisas"},"content":{"rendered":"<p><strong>PRESTONE BUG WASH<\/strong> es un l\u00edquido limpiaparabrisas de Prestone<sup>\u00ae<\/sup>\u00a0especialmente dise\u00f1ado para mejorar la visibilidad de la conducci\u00f3n en verano. Est\u00e1 formulado para disolver limpiar a fondo (Power Clean<sup>\u00ae<\/sup>) y repeler la suciedad m\u00e1s resistente de la carretera, mientras que nuestra tecnolog\u00eda con efecto hidr\u00f3fugo ayudar\u00e1 a mantener el parabrisas libre de agua cuando se conduce.<\/p>\n<h5><strong>CARACTER\u00cdSTICAS PRINCIPALES<\/strong><\/h5>\n<ul>\n<li>Un limpiaparabrisas avanzado formulado espec\u00edficamente para satisfacer las necesidades de la conducci\u00f3n en verano que repele la lluvia y la suciedad de la carretera para una visibilidad clara.<\/li>\n<li>La f\u00f3rmula Bug Stopper\u2122 crea una barrera que evita que los insectos se peguen gracias a un poder de limpieza patentado que penetra los residuos y la suciedad m\u00e1s resistentes.<\/li>\n<li>Bug Wash es un potente limpiador antimanchas y antireflejos que no interfiere en el funcionamiento de los limpiaparabrisas con sensor de lluvia.<\/li>\n<\/ul>\n<h5><strong>INFORMACI\u00d3N ADICIONAL<\/strong><\/h5>\n<div class=\"aditional-info-tecnical-lp\"><a href=\"https:\/\/es.prestone.com\/product\/liquido-limpiaparabrisas-prestone-bug-wash\/\" target=\"_blank\" rel=\"noopener\">SITIO OFICIAL<\/a><\/div>\n","protected":false},"excerpt":{"rendered":"<p>PRESTONE BUG WASH es un l\u00edquido limpiaparabrisas de Prestone\u00ae\u00a0especialmente dise\u00f1ado para mejorar la visibilidad de la conducci\u00f3n en verano. Est\u00e1 formulado para disolver limpiar a fondo (Power Clean\u00ae) y repeler<\/p>\n","protected":false},"featured_media":12710,"template":"","meta":[],"product_brand":[],"product_cat":[356],"product_tag":[],"class_list":{"0":"post-12708","1":"product","2":"type-product","3":"status-publish","4":"has-post-thumbnail","6":"product_cat-limpieza","7":"pa_marca-prestone","9":"first","10":"outofstock","11":"shipping-taxable","12":"purchasable","13":"product-type-variable","14":"has-default-attributes"},"yoast_head":"<!-- This site is optimized with the Yoast SEO plugin v27.4 - https:\/\/yoast.com\/product\/yoast-seo-wordpress\/ -->\n<title>PRESTONE BUG WASH - L\u00edquido Limpia Parabrisas | Lubrimas.pe | Tienda Online<\/title>\n<meta name=\"robots\" content=\"index, follow, max-snippet:-1, max-image-preview:large, max-video-preview:-1\" \/>\n<link rel=\"canonical\" href=\"https:\/\/lubrimas.pe\/tienda\/limpieza\/prestone-bug-wash-liquido-limpia-parabrisas\/\" \/>\n<meta property=\"og:locale\" content=\"es_ES\" \/>\n<meta property=\"og:type\" content=\"article\" \/>\n<meta property=\"og:title\" content=\"PRESTONE BUG WASH - L\u00edquido Limpia Parabrisas | Lubrimas.pe | Tienda Online\" \/>\n<meta property=\"og:description\" content=\"PRESTONE BUG WASH es un l\u00edquido limpiaparabrisas de Prestone\u00ae\u00a0especialmente dise\u00f1ado para mejorar la visibilidad de la conducci\u00f3n en verano. Est\u00e1 formulado para disolver limpiar a fondo (Power Clean\u00ae) y repeler\" \/>\n<meta property=\"og:url\" content=\"https:\/\/lubrimas.pe\/tienda\/limpieza\/prestone-bug-wash-liquido-limpia-parabrisas\/\" \/>\n<meta property=\"og:site_name\" content=\"Lubrimas.pe | Tienda Online\" \/>\n<meta property=\"article:modified_time\" content=\"2023-11-24T18:57:59+00:00\" \/>\n<meta property=\"og:image\" content=\"https:\/\/lubrimas.pe\/tienda\/wp-content\/uploads\/sites\/3\/2022\/10\/lubrimaspe-lubrimasperu-liquido-limpia-parabrisas-prestone-bug-wash-galon-3_78l-losolivos-lima-peru.webp\" \/>\n\t<meta property=\"og:image:width\" content=\"850\" \/>\n\t<meta property=\"og:image:height\" content=\"1000\" \/>\n\t<meta property=\"og:image:type\" content=\"image\/webp\" \/>\n<meta name=\"twitter:card\" content=\"summary_large_image\" \/>\n<meta name=\"twitter:label1\" content=\"Tiempo de lectura\" \/>\n\t<meta name=\"twitter:data1\" content=\"1 minuto\" \/>\n<script type=\"application\/ld+json\" class=\"yoast-schema-graph\">{\"@context\":\"https:\\\/\\\/schema.org\",\"@graph\":[{\"@type\":[\"WebPage\",\"ItemPage\"],\"@id\":\"https:\\\/\\\/lubrimas.pe\\\/tienda\\\/limpieza\\\/prestone-bug-wash-liquido-limpia-parabrisas\\\/\",\"url\":\"https:\\\/\\\/lubrimas.pe\\\/tienda\\\/limpieza\\\/prestone-bug-wash-liquido-limpia-parabrisas\\\/\",\"name\":\"PRESTONE BUG WASH - L\u00edquido Limpia Parabrisas | Lubrimas.pe | Tienda Online\",\"isPartOf\":{\"@id\":\"https:\\\/\\\/lubrimas.pe\\\/tienda\\\/#website\"},\"primaryImageOfPage\":{\"@id\":\"https:\\\/\\\/lubrimas.pe\\\/tienda\\\/limpieza\\\/prestone-bug-wash-liquido-limpia-parabrisas\\\/#primaryimage\"},\"image\":{\"@id\":\"https:\\\/\\\/lubrimas.pe\\\/tienda\\\/limpieza\\\/prestone-bug-wash-liquido-limpia-parabrisas\\\/#primaryimage\"},\"thumbnailUrl\":\"https:\\\/\\\/lubrimas.pe\\\/tienda\\\/wp-content\\\/uploads\\\/sites\\\/3\\\/2022\\\/10\\\/lubrimaspe-lubrimasperu-liquido-limpia-parabrisas-prestone-bug-wash-galon-3_78l-losolivos-lima-peru.webp\",\"datePublished\":\"2022-10-22T18:39:47+00:00\",\"dateModified\":\"2023-11-24T18:57:59+00:00\",\"breadcrumb\":{\"@id\":\"https:\\\/\\\/lubrimas.pe\\\/tienda\\\/limpieza\\\/prestone-bug-wash-liquido-limpia-parabrisas\\\/#breadcrumb\"},\"inLanguage\":\"es\",\"potentialAction\":[{\"@type\":\"ReadAction\",\"target\":[\"https:\\\/\\\/lubrimas.pe\\\/tienda\\\/limpieza\\\/prestone-bug-wash-liquido-limpia-parabrisas\\\/\"]}]},{\"@type\":\"ImageObject\",\"inLanguage\":\"es\",\"@id\":\"https:\\\/\\\/lubrimas.pe\\\/tienda\\\/limpieza\\\/prestone-bug-wash-liquido-limpia-parabrisas\\\/#primaryimage\",\"url\":\"https:\\\/\\\/lubrimas.pe\\\/tienda\\\/wp-content\\\/uploads\\\/sites\\\/3\\\/2022\\\/10\\\/lubrimaspe-lubrimasperu-liquido-limpia-parabrisas-prestone-bug-wash-galon-3_78l-losolivos-lima-peru.webp\",\"contentUrl\":\"https:\\\/\\\/lubrimas.pe\\\/tienda\\\/wp-content\\\/uploads\\\/sites\\\/3\\\/2022\\\/10\\\/lubrimaspe-lubrimasperu-liquido-limpia-parabrisas-prestone-bug-wash-galon-3_78l-losolivos-lima-peru.webp\",\"width\":850,\"height\":1000},{\"@type\":\"BreadcrumbList\",\"@id\":\"https:\\\/\\\/lubrimas.pe\\\/tienda\\\/limpieza\\\/prestone-bug-wash-liquido-limpia-parabrisas\\\/#breadcrumb\",\"itemListElement\":[{\"@type\":\"ListItem\",\"position\":1,\"name\":\"Portada\",\"item\":\"https:\\\/\\\/lubrimas.pe\\\/tienda\\\/\"},{\"@type\":\"ListItem\",\"position\":2,\"name\":\"Cat\u00e1logo\",\"item\":\"https:\\\/\\\/lubrimas.pe\\\/tienda\\\/productos\\\/\"},{\"@type\":\"ListItem\",\"position\":3,\"name\":\"PRESTONE BUG WASH &#8211; L\u00edquido Limpia Parabrisas\"}]},{\"@type\":\"WebSite\",\"@id\":\"https:\\\/\\\/lubrimas.pe\\\/tienda\\\/#website\",\"url\":\"https:\\\/\\\/lubrimas.pe\\\/tienda\\\/\",\"name\":\"Lubrimas.pe | Tienda Online\",\"description\":\"Tus lubricantes favoritos al mejor precio!\",\"publisher\":{\"@id\":\"https:\\\/\\\/lubrimas.pe\\\/tienda\\\/#organization\"},\"potentialAction\":[{\"@type\":\"SearchAction\",\"target\":{\"@type\":\"EntryPoint\",\"urlTemplate\":\"https:\\\/\\\/lubrimas.pe\\\/tienda\\\/?s={search_term_string}\"},\"query-input\":{\"@type\":\"PropertyValueSpecification\",\"valueRequired\":true,\"valueName\":\"search_term_string\"}}],\"inLanguage\":\"es\"},{\"@type\":\"Organization\",\"@id\":\"https:\\\/\\\/lubrimas.pe\\\/tienda\\\/#organization\",\"name\":\"Lubrimas.pe\",\"url\":\"https:\\\/\\\/lubrimas.pe\\\/tienda\\\/\",\"logo\":{\"@type\":\"ImageObject\",\"inLanguage\":\"es\",\"@id\":\"https:\\\/\\\/lubrimas.pe\\\/tienda\\\/#\\\/schema\\\/logo\\\/image\\\/\",\"url\":\"https:\\\/\\\/lubrimas.pe\\\/tienda\\\/wp-content\\\/uploads\\\/sites\\\/3\\\/2022\\\/07\\\/BANNERS-PROMO-CYBER-WOW-LUBRIMASPE-2022-07.webp\",\"contentUrl\":\"https:\\\/\\\/lubrimas.pe\\\/tienda\\\/wp-content\\\/uploads\\\/sites\\\/3\\\/2022\\\/07\\\/BANNERS-PROMO-CYBER-WOW-LUBRIMASPE-2022-07.webp\",\"width\":500,\"height\":752,\"caption\":\"Lubrimas.pe\"},\"image\":{\"@id\":\"https:\\\/\\\/lubrimas.pe\\\/tienda\\\/#\\\/schema\\\/logo\\\/image\\\/\"}}]}<\/script>\n<!-- \/ Yoast SEO plugin. -->","yoast_head_json":{"title":"PRESTONE BUG WASH - L\u00edquido Limpia Parabrisas | Lubrimas.pe | Tienda Online","robots":{"index":"index","follow":"follow","max-snippet":"max-snippet:-1","max-image-preview":"max-image-preview:large","max-video-preview":"max-video-preview:-1"},"canonical":"https:\/\/lubrimas.pe\/tienda\/limpieza\/prestone-bug-wash-liquido-limpia-parabrisas\/","og_locale":"es_ES","og_type":"article","og_title":"PRESTONE BUG WASH - L\u00edquido Limpia Parabrisas | Lubrimas.pe | Tienda Online","og_description":"PRESTONE BUG WASH es un l\u00edquido limpiaparabrisas de Prestone\u00ae\u00a0especialmente dise\u00f1ado para mejorar la visibilidad de la conducci\u00f3n en verano. Est\u00e1 formulado para disolver limpiar a fondo (Power Clean\u00ae) y repeler","og_url":"https:\/\/lubrimas.pe\/tienda\/limpieza\/prestone-bug-wash-liquido-limpia-parabrisas\/","og_site_name":"Lubrimas.pe | Tienda Online","article_modified_time":"2023-11-24T18:57:59+00:00","og_image":[{"width":850,"height":1000,"url":"https:\/\/lubrimas.pe\/tienda\/wp-content\/uploads\/sites\/3\/2022\/10\/lubrimaspe-lubrimasperu-liquido-limpia-parabrisas-prestone-bug-wash-galon-3_78l-losolivos-lima-peru.webp","type":"image\/webp"}],"twitter_card":"summary_large_image","twitter_misc":{"Tiempo de lectura":"1 minuto"},"schema":{"@context":"https:\/\/schema.org","@graph":[{"@type":["WebPage","ItemPage"],"@id":"https:\/\/lubrimas.pe\/tienda\/limpieza\/prestone-bug-wash-liquido-limpia-parabrisas\/","url":"https:\/\/lubrimas.pe\/tienda\/limpieza\/prestone-bug-wash-liquido-limpia-parabrisas\/","name":"PRESTONE BUG WASH - L\u00edquido Limpia Parabrisas | Lubrimas.pe | Tienda Online","isPartOf":{"@id":"https:\/\/lubrimas.pe\/tienda\/#website"},"primaryImageOfPage":{"@id":"https:\/\/lubrimas.pe\/tienda\/limpieza\/prestone-bug-wash-liquido-limpia-parabrisas\/#primaryimage"},"image":{"@id":"https:\/\/lubrimas.pe\/tienda\/limpieza\/prestone-bug-wash-liquido-limpia-parabrisas\/#primaryimage"},"thumbnailUrl":"https:\/\/lubrimas.pe\/tienda\/wp-content\/uploads\/sites\/3\/2022\/10\/lubrimaspe-lubrimasperu-liquido-limpia-parabrisas-prestone-bug-wash-galon-3_78l-losolivos-lima-peru.webp","datePublished":"2022-10-22T18:39:47+00:00","dateModified":"2023-11-24T18:57:59+00:00","breadcrumb":{"@id":"https:\/\/lubrimas.pe\/tienda\/limpieza\/prestone-bug-wash-liquido-limpia-parabrisas\/#breadcrumb"},"inLanguage":"es","potentialAction":[{"@type":"ReadAction","target":["https:\/\/lubrimas.pe\/tienda\/limpieza\/prestone-bug-wash-liquido-limpia-parabrisas\/"]}]},{"@type":"ImageObject","inLanguage":"es","@id":"https:\/\/lubrimas.pe\/tienda\/limpieza\/prestone-bug-wash-liquido-limpia-parabrisas\/#primaryimage","url":"https:\/\/lubrimas.pe\/tienda\/wp-content\/uploads\/sites\/3\/2022\/10\/lubrimaspe-lubrimasperu-liquido-limpia-parabrisas-prestone-bug-wash-galon-3_78l-losolivos-lima-peru.webp","contentUrl":"https:\/\/lubrimas.pe\/tienda\/wp-content\/uploads\/sites\/3\/2022\/10\/lubrimaspe-lubrimasperu-liquido-limpia-parabrisas-prestone-bug-wash-galon-3_78l-losolivos-lima-peru.webp","width":850,"height":1000},{"@type":"BreadcrumbList","@id":"https:\/\/lubrimas.pe\/tienda\/limpieza\/prestone-bug-wash-liquido-limpia-parabrisas\/#breadcrumb","itemListElement":[{"@type":"ListItem","position":1,"name":"Portada","item":"https:\/\/lubrimas.pe\/tienda\/"},{"@type":"ListItem","position":2,"name":"Cat\u00e1logo","item":"https:\/\/lubrimas.pe\/tienda\/productos\/"},{"@type":"ListItem","position":3,"name":"PRESTONE BUG WASH &#8211; L\u00edquido Limpia Parabrisas"}]},{"@type":"WebSite","@id":"https:\/\/lubrimas.pe\/tienda\/#website","url":"https:\/\/lubrimas.pe\/tienda\/","name":"Lubrimas.pe | Tienda Online","description":"Tus lubricantes favoritos al mejor precio!","publisher":{"@id":"https:\/\/lubrimas.pe\/tienda\/#organization"},"potentialAction":[{"@type":"SearchAction","target":{"@type":"EntryPoint","urlTemplate":"https:\/\/lubrimas.pe\/tienda\/?s={search_term_string}"},"query-input":{"@type":"PropertyValueSpecification","valueRequired":true,"valueName":"search_term_string"}}],"inLanguage":"es"},{"@type":"Organization","@id":"https:\/\/lubrimas.pe\/tienda\/#organization","name":"Lubrimas.pe","url":"https:\/\/lubrimas.pe\/tienda\/","logo":{"@type":"ImageObject","inLanguage":"es","@id":"https:\/\/lubrimas.pe\/tienda\/#\/schema\/logo\/image\/","url":"https:\/\/lubrimas.pe\/tienda\/wp-content\/uploads\/sites\/3\/2022\/07\/BANNERS-PROMO-CYBER-WOW-LUBRIMASPE-2022-07.webp","contentUrl":"https:\/\/lubrimas.pe\/tienda\/wp-content\/uploads\/sites\/3\/2022\/07\/BANNERS-PROMO-CYBER-WOW-LUBRIMASPE-2022-07.webp","width":500,"height":752,"caption":"Lubrimas.pe"},"image":{"@id":"https:\/\/lubrimas.pe\/tienda\/#\/schema\/logo\/image\/"}}]}},"_links":{"self":[{"href":"https:\/\/lubrimas.pe\/tienda\/wp-json\/wp\/v2\/product\/12708","targetHints":{"allow":["GET"]}}],"collection":[{"href":"https:\/\/lubrimas.pe\/tienda\/wp-json\/wp\/v2\/product"}],"about":[{"href":"https:\/\/lubrimas.pe\/tienda\/wp-json\/wp\/v2\/types\/product"}],"wp:featuredmedia":[{"embeddable":true,"href":"https:\/\/lubrimas.pe\/tienda\/wp-json\/wp\/v2\/media\/12710"}],"wp:attachment":[{"href":"https:\/\/lubrimas.pe\/tienda\/wp-json\/wp\/v2\/media?parent=12708"}],"wp:term":[{"taxonomy":"product_brand","embeddable":true,"href":"https:\/\/lubrimas.pe\/tienda\/wp-json\/wp\/v2\/product_brand?post=12708"},{"taxonomy":"product_cat","embeddable":true,"href":"https:\/\/lubrimas.pe\/tienda\/wp-json\/wp\/v2\/product_cat?post=12708"},{"taxonomy":"product_tag","embeddable":true,"href":"https:\/\/lubrimas.pe\/tienda\/wp-json\/wp\/v2\/product_tag?post=12708"}],"curies":[{"name":"wp","href":"https:\/\/api.w.org\/{rel}","templated":true}]}}