{"id":12744,"date":"2022-10-27T15:04:55","date_gmt":"2022-10-27T20:04:55","guid":{"rendered":"https:\/\/lubrimas.pe\/tienda\/?post_type=product&#038;p=12744"},"modified":"2024-06-07T09:40:40","modified_gmt":"2024-06-07T14:40:40","slug":"liqui-moly-motorbike-15w50-street-4t-aceite-de-moto","status":"publish","type":"product","link":"https:\/\/lubrimas.pe\/tienda\/aceite-de-motor\/liqui-moly-motorbike-15w50-street-4t-aceite-de-moto\/","title":{"rendered":"LIQUI MOLY MOTORBIKE 15W50 STREET 4T &#8211; Aceite de Moto"},"content":{"rendered":"<p><strong>LIQUI MOLY MOTORBIKE 15W50 STREET 4T<\/strong> es un aceite de motor de alto rendimiento basado en tecnolog\u00eda sint\u00e9tica. Ofrece m\u00e1xima potencia y protecci\u00f3n del motor en todas las condiciones de servicio. Garantiza una lubricaci\u00f3n \u00f3ptima, una excelente limpieza del motor, magn\u00edficos valores de fricci\u00f3n y un desgaste m\u00ednimo, as\u00ed como procesos suaves de embrague, desembrague y cambio de marchas. Sometido a prueba en catalizadores.<br \/>\n<strong>LIQUI MOLY MOTORBIKE 15W50 STREET 4T<\/strong> es un lubricante desarrollado para motores de 4 tiempos con refrigeraci\u00f3n de aire y agua sometidos a condiciones de servicio entre normales y elevadas. Para conducci\u00f3n deportiva. Apto para motores con y sin embrague en ba\u00f1o de aceite.<\/p>\n<h5><strong>CARACTER\u00cdSTICAS PRINCIPALES<\/strong><\/h5>\n<ul>\n<li>Excelente limpieza del motor.<\/li>\n<li class=\"value\">Asegura un menor consumo de aceite.<\/li>\n<li class=\"value\">Excelentemente apto para embragues h\u00famedos.<\/li>\n<li class=\"value\">Alta estabilidad de cizallamiento.<\/li>\n<li class=\"value\">Alta protecci\u00f3n contra el desgaste.<\/li>\n<li class=\"value\">Probado en catalizadores.<\/li>\n<li class=\"value\">\u00d3ptima resistencia al envejecimiento.<\/li>\n<li class=\"value\">Lubricaci\u00f3n \u00f3ptima bajo todas las condiciones de servicio.<\/li>\n<\/ul>\n<h5><strong>APROBACIONES \/ ESPECIFICACIONES<\/strong><\/h5>\n<ul>\n<li>API SN PLUS, JASO MA2<\/li>\n<\/ul>\n<p><em>Se han de cumplir las instrucciones de uso de los fabricantes de motores. <\/em><\/p>\n<p><em><strong>Indicaci\u00f3n: Eficacia \u00f3ptima solo en el uso sin mezclar.<\/strong><\/em><\/p>\n<h5><strong>INFORMACI\u00d3N ADICIONAL<\/strong><\/h5>\n<div class=\"aditional-info-tecnical-lp\"><a href=\"https:\/\/lubrimas.pe\/tienda\/wp-content\/uploads\/sites\/3\/2022\/10\/FICHA-TECNICA-ACEITE-DE-MOTO-MOTORES-4T-LIQUIMOLY-MOTORBIKE-4T-15W50-STREET-LUBRIMASPE-LOS-OLIVOS-LIMA-PERU.pdf\" target=\"_blank\" rel=\"noopener\">FICHA T\u00c9CNICA<\/a><br \/>\n<a href=\"https:\/\/www.liqui-moly.com\/es\/motorbike-4t-15w-50-street-p000266.html#2555\" target=\"_blank\" rel=\"noopener\">SITIO OFICIAL<\/a><\/div>\n<p>&nbsp;<\/p>\n<blockquote><p><strong>LM2555, LM-2555, LM 2555, <\/strong>LIQUI MOLY, LIQUIMOLY, LIQUI MOLY, ACEITE, LUBRICANTE, PARA MOTOS, SEMI SINT\u00c9TICO, MOTORES, MOTOS 4T<\/p><\/blockquote>\n","protected":false},"excerpt":{"rendered":"<p>LIQUI MOLY MOTORBIKE 15W50 STREET 4T es un aceite de motor de alto rendimiento basado en tecnolog\u00eda sint\u00e9tica. Ofrece m\u00e1xima potencia y protecci\u00f3n del motor en todas las condiciones de<\/p>\n","protected":false},"featured_media":12746,"template":"","meta":[],"product_brand":[],"product_cat":[16,17],"product_tag":[],"class_list":{"0":"post-12744","1":"product","2":"type-product","3":"status-publish","4":"has-post-thumbnail","6":"product_cat-aceite-de-motor","7":"product_cat-motor-4t-2t","8":"pa_especificaciones-jaso-ma2","9":"pa_grado-15w50","10":"pa_marca-liquimoly","12":"first","13":"outofstock","14":"shipping-taxable","15":"purchasable","16":"product-type-variable","17":"has-default-attributes"},"yoast_head":"<!-- This site is optimized with the Yoast SEO plugin v27.4 - https:\/\/yoast.com\/product\/yoast-seo-wordpress\/ -->\n<title>LIQUI MOLY MOTORBIKE 15W50 STREET 4T | Lubrimas.pe<\/title>\n<meta name=\"description\" content=\"LIQUI MOLY MOTORBIKE 15W50 STREET 4T es un lubricante desarrollado para motores de 4 tiempos de alto rendimiento basado en tecnolog\u00eda sint\u00e9tica.\" \/>\n<meta name=\"robots\" content=\"index, follow, max-snippet:-1, max-image-preview:large, max-video-preview:-1\" \/>\n<link rel=\"canonical\" href=\"https:\/\/lubrimas.pe\/tienda\/aceite-de-motor\/liqui-moly-motorbike-15w50-street-4t-aceite-de-moto\/\" \/>\n<meta property=\"og:locale\" content=\"es_ES\" \/>\n<meta property=\"og:type\" content=\"article\" \/>\n<meta property=\"og:title\" content=\"LIQUI MOLY MOTORBIKE 15W50 STREET 4T | Lubrimas.pe\" \/>\n<meta property=\"og:description\" content=\"LIQUI MOLY MOTORBIKE 15W50 STREET 4T es un lubricante desarrollado para motores de 4 tiempos de alto rendimiento basado en tecnolog\u00eda sint\u00e9tica.\" \/>\n<meta property=\"og:url\" content=\"https:\/\/lubrimas.pe\/tienda\/aceite-de-motor\/liqui-moly-motorbike-15w50-street-4t-aceite-de-moto\/\" \/>\n<meta property=\"og:site_name\" content=\"Lubrimas.pe | Tienda Online\" \/>\n<meta property=\"article:modified_time\" content=\"2024-06-07T14:40:40+00:00\" \/>\n<meta property=\"og:image\" content=\"https:\/\/lubrimas.pe\/tienda\/wp-content\/uploads\/sites\/3\/2022\/10\/lubrimaspe-lubrimasperu-aceite-de-moto-liquimoly-15w50-street-at-api-snplus-lm2555-litro-losolivos-lima-peru.webp\" \/>\n\t<meta property=\"og:image:width\" content=\"850\" \/>\n\t<meta property=\"og:image:height\" content=\"1000\" \/>\n\t<meta property=\"og:image:type\" content=\"image\/webp\" \/>\n<meta name=\"twitter:card\" content=\"summary_large_image\" \/>\n<meta name=\"twitter:label1\" content=\"Tiempo de lectura\" \/>\n\t<meta name=\"twitter:data1\" content=\"1 minuto\" \/>\n<script type=\"application\/ld+json\" class=\"yoast-schema-graph\">{\"@context\":\"https:\\\/\\\/schema.org\",\"@graph\":[{\"@type\":[\"WebPage\",\"ItemPage\"],\"@id\":\"https:\\\/\\\/lubrimas.pe\\\/tienda\\\/aceite-de-motor\\\/liqui-moly-motorbike-15w50-street-4t-aceite-de-moto\\\/\",\"url\":\"https:\\\/\\\/lubrimas.pe\\\/tienda\\\/aceite-de-motor\\\/liqui-moly-motorbike-15w50-street-4t-aceite-de-moto\\\/\",\"name\":\"LIQUI MOLY MOTORBIKE 15W50 STREET 4T | Lubrimas.pe\",\"isPartOf\":{\"@id\":\"https:\\\/\\\/lubrimas.pe\\\/tienda\\\/#website\"},\"primaryImageOfPage\":{\"@id\":\"https:\\\/\\\/lubrimas.pe\\\/tienda\\\/aceite-de-motor\\\/liqui-moly-motorbike-15w50-street-4t-aceite-de-moto\\\/#primaryimage\"},\"image\":{\"@id\":\"https:\\\/\\\/lubrimas.pe\\\/tienda\\\/aceite-de-motor\\\/liqui-moly-motorbike-15w50-street-4t-aceite-de-moto\\\/#primaryimage\"},\"thumbnailUrl\":\"https:\\\/\\\/lubrimas.pe\\\/tienda\\\/wp-content\\\/uploads\\\/sites\\\/3\\\/2022\\\/10\\\/lubrimaspe-lubrimasperu-aceite-de-moto-liquimoly-15w50-street-at-api-snplus-lm2555-litro-losolivos-lima-peru.webp\",\"datePublished\":\"2022-10-27T20:04:55+00:00\",\"dateModified\":\"2024-06-07T14:40:40+00:00\",\"description\":\"LIQUI MOLY MOTORBIKE 15W50 STREET 4T es un lubricante desarrollado para motores de 4 tiempos de alto rendimiento basado en tecnolog\u00eda sint\u00e9tica.\",\"breadcrumb\":{\"@id\":\"https:\\\/\\\/lubrimas.pe\\\/tienda\\\/aceite-de-motor\\\/liqui-moly-motorbike-15w50-street-4t-aceite-de-moto\\\/#breadcrumb\"},\"inLanguage\":\"es\",\"potentialAction\":[{\"@type\":\"ReadAction\",\"target\":[\"https:\\\/\\\/lubrimas.pe\\\/tienda\\\/aceite-de-motor\\\/liqui-moly-motorbike-15w50-street-4t-aceite-de-moto\\\/\"]}]},{\"@type\":\"ImageObject\",\"inLanguage\":\"es\",\"@id\":\"https:\\\/\\\/lubrimas.pe\\\/tienda\\\/aceite-de-motor\\\/liqui-moly-motorbike-15w50-street-4t-aceite-de-moto\\\/#primaryimage\",\"url\":\"https:\\\/\\\/lubrimas.pe\\\/tienda\\\/wp-content\\\/uploads\\\/sites\\\/3\\\/2022\\\/10\\\/lubrimaspe-lubrimasperu-aceite-de-moto-liquimoly-15w50-street-at-api-snplus-lm2555-litro-losolivos-lima-peru.webp\",\"contentUrl\":\"https:\\\/\\\/lubrimas.pe\\\/tienda\\\/wp-content\\\/uploads\\\/sites\\\/3\\\/2022\\\/10\\\/lubrimaspe-lubrimasperu-aceite-de-moto-liquimoly-15w50-street-at-api-snplus-lm2555-litro-losolivos-lima-peru.webp\",\"width\":850,\"height\":1000,\"caption\":\"liqui moly motorbike 15w50\"},{\"@type\":\"BreadcrumbList\",\"@id\":\"https:\\\/\\\/lubrimas.pe\\\/tienda\\\/aceite-de-motor\\\/liqui-moly-motorbike-15w50-street-4t-aceite-de-moto\\\/#breadcrumb\",\"itemListElement\":[{\"@type\":\"ListItem\",\"position\":1,\"name\":\"Portada\",\"item\":\"https:\\\/\\\/lubrimas.pe\\\/tienda\\\/\"},{\"@type\":\"ListItem\",\"position\":2,\"name\":\"Cat\u00e1logo\",\"item\":\"https:\\\/\\\/lubrimas.pe\\\/tienda\\\/productos\\\/\"},{\"@type\":\"ListItem\",\"position\":3,\"name\":\"LIQUI MOLY MOTORBIKE 15W50 STREET 4T &#8211; Aceite de Moto\"}]},{\"@type\":\"WebSite\",\"@id\":\"https:\\\/\\\/lubrimas.pe\\\/tienda\\\/#website\",\"url\":\"https:\\\/\\\/lubrimas.pe\\\/tienda\\\/\",\"name\":\"Lubrimas.pe | Tienda Online\",\"description\":\"Tus lubricantes favoritos al mejor precio!\",\"publisher\":{\"@id\":\"https:\\\/\\\/lubrimas.pe\\\/tienda\\\/#organization\"},\"potentialAction\":[{\"@type\":\"SearchAction\",\"target\":{\"@type\":\"EntryPoint\",\"urlTemplate\":\"https:\\\/\\\/lubrimas.pe\\\/tienda\\\/?s={search_term_string}\"},\"query-input\":{\"@type\":\"PropertyValueSpecification\",\"valueRequired\":true,\"valueName\":\"search_term_string\"}}],\"inLanguage\":\"es\"},{\"@type\":\"Organization\",\"@id\":\"https:\\\/\\\/lubrimas.pe\\\/tienda\\\/#organization\",\"name\":\"Lubrimas.pe\",\"url\":\"https:\\\/\\\/lubrimas.pe\\\/tienda\\\/\",\"logo\":{\"@type\":\"ImageObject\",\"inLanguage\":\"es\",\"@id\":\"https:\\\/\\\/lubrimas.pe\\\/tienda\\\/#\\\/schema\\\/logo\\\/image\\\/\",\"url\":\"https:\\\/\\\/lubrimas.pe\\\/tienda\\\/wp-content\\\/uploads\\\/sites\\\/3\\\/2022\\\/07\\\/BANNERS-PROMO-CYBER-WOW-LUBRIMASPE-2022-07.webp\",\"contentUrl\":\"https:\\\/\\\/lubrimas.pe\\\/tienda\\\/wp-content\\\/uploads\\\/sites\\\/3\\\/2022\\\/07\\\/BANNERS-PROMO-CYBER-WOW-LUBRIMASPE-2022-07.webp\",\"width\":500,\"height\":752,\"caption\":\"Lubrimas.pe\"},\"image\":{\"@id\":\"https:\\\/\\\/lubrimas.pe\\\/tienda\\\/#\\\/schema\\\/logo\\\/image\\\/\"}}]}<\/script>\n<!-- \/ Yoast SEO plugin. -->","yoast_head_json":{"title":"LIQUI MOLY MOTORBIKE 15W50 STREET 4T | Lubrimas.pe","description":"LIQUI MOLY MOTORBIKE 15W50 STREET 4T es un lubricante desarrollado para motores de 4 tiempos de alto rendimiento basado en tecnolog\u00eda sint\u00e9tica.","robots":{"index":"index","follow":"follow","max-snippet":"max-snippet:-1","max-image-preview":"max-image-preview:large","max-video-preview":"max-video-preview:-1"},"canonical":"https:\/\/lubrimas.pe\/tienda\/aceite-de-motor\/liqui-moly-motorbike-15w50-street-4t-aceite-de-moto\/","og_locale":"es_ES","og_type":"article","og_title":"LIQUI MOLY MOTORBIKE 15W50 STREET 4T | Lubrimas.pe","og_description":"LIQUI MOLY MOTORBIKE 15W50 STREET 4T es un lubricante desarrollado para motores de 4 tiempos de alto rendimiento basado en tecnolog\u00eda sint\u00e9tica.","og_url":"https:\/\/lubrimas.pe\/tienda\/aceite-de-motor\/liqui-moly-motorbike-15w50-street-4t-aceite-de-moto\/","og_site_name":"Lubrimas.pe | Tienda Online","article_modified_time":"2024-06-07T14:40:40+00:00","og_image":[{"width":850,"height":1000,"url":"https:\/\/lubrimas.pe\/tienda\/wp-content\/uploads\/sites\/3\/2022\/10\/lubrimaspe-lubrimasperu-aceite-de-moto-liquimoly-15w50-street-at-api-snplus-lm2555-litro-losolivos-lima-peru.webp","type":"image\/webp"}],"twitter_card":"summary_large_image","twitter_misc":{"Tiempo de lectura":"1 minuto"},"schema":{"@context":"https:\/\/schema.org","@graph":[{"@type":["WebPage","ItemPage"],"@id":"https:\/\/lubrimas.pe\/tienda\/aceite-de-motor\/liqui-moly-motorbike-15w50-street-4t-aceite-de-moto\/","url":"https:\/\/lubrimas.pe\/tienda\/aceite-de-motor\/liqui-moly-motorbike-15w50-street-4t-aceite-de-moto\/","name":"LIQUI MOLY MOTORBIKE 15W50 STREET 4T | Lubrimas.pe","isPartOf":{"@id":"https:\/\/lubrimas.pe\/tienda\/#website"},"primaryImageOfPage":{"@id":"https:\/\/lubrimas.pe\/tienda\/aceite-de-motor\/liqui-moly-motorbike-15w50-street-4t-aceite-de-moto\/#primaryimage"},"image":{"@id":"https:\/\/lubrimas.pe\/tienda\/aceite-de-motor\/liqui-moly-motorbike-15w50-street-4t-aceite-de-moto\/#primaryimage"},"thumbnailUrl":"https:\/\/lubrimas.pe\/tienda\/wp-content\/uploads\/sites\/3\/2022\/10\/lubrimaspe-lubrimasperu-aceite-de-moto-liquimoly-15w50-street-at-api-snplus-lm2555-litro-losolivos-lima-peru.webp","datePublished":"2022-10-27T20:04:55+00:00","dateModified":"2024-06-07T14:40:40+00:00","description":"LIQUI MOLY MOTORBIKE 15W50 STREET 4T es un lubricante desarrollado para motores de 4 tiempos de alto rendimiento basado en tecnolog\u00eda sint\u00e9tica.","breadcrumb":{"@id":"https:\/\/lubrimas.pe\/tienda\/aceite-de-motor\/liqui-moly-motorbike-15w50-street-4t-aceite-de-moto\/#breadcrumb"},"inLanguage":"es","potentialAction":[{"@type":"ReadAction","target":["https:\/\/lubrimas.pe\/tienda\/aceite-de-motor\/liqui-moly-motorbike-15w50-street-4t-aceite-de-moto\/"]}]},{"@type":"ImageObject","inLanguage":"es","@id":"https:\/\/lubrimas.pe\/tienda\/aceite-de-motor\/liqui-moly-motorbike-15w50-street-4t-aceite-de-moto\/#primaryimage","url":"https:\/\/lubrimas.pe\/tienda\/wp-content\/uploads\/sites\/3\/2022\/10\/lubrimaspe-lubrimasperu-aceite-de-moto-liquimoly-15w50-street-at-api-snplus-lm2555-litro-losolivos-lima-peru.webp","contentUrl":"https:\/\/lubrimas.pe\/tienda\/wp-content\/uploads\/sites\/3\/2022\/10\/lubrimaspe-lubrimasperu-aceite-de-moto-liquimoly-15w50-street-at-api-snplus-lm2555-litro-losolivos-lima-peru.webp","width":850,"height":1000,"caption":"liqui moly motorbike 15w50"},{"@type":"BreadcrumbList","@id":"https:\/\/lubrimas.pe\/tienda\/aceite-de-motor\/liqui-moly-motorbike-15w50-street-4t-aceite-de-moto\/#breadcrumb","itemListElement":[{"@type":"ListItem","position":1,"name":"Portada","item":"https:\/\/lubrimas.pe\/tienda\/"},{"@type":"ListItem","position":2,"name":"Cat\u00e1logo","item":"https:\/\/lubrimas.pe\/tienda\/productos\/"},{"@type":"ListItem","position":3,"name":"LIQUI MOLY MOTORBIKE 15W50 STREET 4T &#8211; Aceite de Moto"}]},{"@type":"WebSite","@id":"https:\/\/lubrimas.pe\/tienda\/#website","url":"https:\/\/lubrimas.pe\/tienda\/","name":"Lubrimas.pe | Tienda Online","description":"Tus lubricantes favoritos al mejor precio!","publisher":{"@id":"https:\/\/lubrimas.pe\/tienda\/#organization"},"potentialAction":[{"@type":"SearchAction","target":{"@type":"EntryPoint","urlTemplate":"https:\/\/lubrimas.pe\/tienda\/?s={search_term_string}"},"query-input":{"@type":"PropertyValueSpecification","valueRequired":true,"valueName":"search_term_string"}}],"inLanguage":"es"},{"@type":"Organization","@id":"https:\/\/lubrimas.pe\/tienda\/#organization","name":"Lubrimas.pe","url":"https:\/\/lubrimas.pe\/tienda\/","logo":{"@type":"ImageObject","inLanguage":"es","@id":"https:\/\/lubrimas.pe\/tienda\/#\/schema\/logo\/image\/","url":"https:\/\/lubrimas.pe\/tienda\/wp-content\/uploads\/sites\/3\/2022\/07\/BANNERS-PROMO-CYBER-WOW-LUBRIMASPE-2022-07.webp","contentUrl":"https:\/\/lubrimas.pe\/tienda\/wp-content\/uploads\/sites\/3\/2022\/07\/BANNERS-PROMO-CYBER-WOW-LUBRIMASPE-2022-07.webp","width":500,"height":752,"caption":"Lubrimas.pe"},"image":{"@id":"https:\/\/lubrimas.pe\/tienda\/#\/schema\/logo\/image\/"}}]}},"_links":{"self":[{"href":"https:\/\/lubrimas.pe\/tienda\/wp-json\/wp\/v2\/product\/12744","targetHints":{"allow":["GET"]}}],"collection":[{"href":"https:\/\/lubrimas.pe\/tienda\/wp-json\/wp\/v2\/product"}],"about":[{"href":"https:\/\/lubrimas.pe\/tienda\/wp-json\/wp\/v2\/types\/product"}],"wp:featuredmedia":[{"embeddable":true,"href":"https:\/\/lubrimas.pe\/tienda\/wp-json\/wp\/v2\/media\/12746"}],"wp:attachment":[{"href":"https:\/\/lubrimas.pe\/tienda\/wp-json\/wp\/v2\/media?parent=12744"}],"wp:term":[{"taxonomy":"product_brand","embeddable":true,"href":"https:\/\/lubrimas.pe\/tienda\/wp-json\/wp\/v2\/product_brand?post=12744"},{"taxonomy":"product_cat","embeddable":true,"href":"https:\/\/lubrimas.pe\/tienda\/wp-json\/wp\/v2\/product_cat?post=12744"},{"taxonomy":"product_tag","embeddable":true,"href":"https:\/\/lubrimas.pe\/tienda\/wp-json\/wp\/v2\/product_tag?post=12744"}],"curies":[{"name":"wp","href":"https:\/\/api.w.org\/{rel}","templated":true}]}}