{"id":12793,"date":"2022-11-07T16:13:06","date_gmt":"2022-11-07T21:13:06","guid":{"rendered":"https:\/\/lubrimas.pe\/tienda\/?post_type=product&#038;p=12793"},"modified":"2026-01-30T11:57:08","modified_gmt":"2026-01-30T16:57:08","slug":"refrigerante-liqui-moly-kuhlerfrostschutz-kfs-11-anti-congelante-g11","status":"publish","type":"product","link":"https:\/\/lubrimas.pe\/tienda\/refrigerantes\/refrigerante-liqui-moly-kuhlerfrostschutz-kfs-11-anti-congelante-g11\/","title":{"rendered":"REFRIGERANTE LIQUI MOLY K\u00fchlerfrostschutz KFS 11 \/ Anti-congelante G11"},"content":{"rendered":"<div class=\"std\">\n<p><strong>LIQUI MOLY K\u00dcHLERFROSTSCHUTZ KFS 11 (G11) <\/strong>es un refrigerante\/anti-congelante que cumple tambi\u00e9n la funci\u00f3n de agente protector para radiador a base de etilenglicol. Combinaci\u00f3n de agentes activos con un paquete especial de inhibidores con tecnolog\u00eda h\u00edbrida. Proporciona una excelente protecci\u00f3n contra congelaci\u00f3n, corrosi\u00f3n y sobrecalentamiento. No contiene aminas, nitritos ni fosfatos. Asegura el funcionamiento del veh\u00edculo durante todo el a\u00f1o cuando se utiliza con una determinada relaci\u00f3n de mezcla con agua.<\/p>\n<h5><strong>APLICACI\u00d3N \/ RECOMENDACIONES DE USO<\/strong><\/h5>\n<p>Limpiar el sistema de refrigeraci\u00f3n con el <strong><a href=\"https:\/\/lubrimas.pe\/tienda\/aditivos\/liqui-moly-kuler-reiniger-liquido-de-limpieza-de-radiador\/\">LIMPIADOR DE RADIADOR DE LIQUI MOLY (LM2506)<\/a><\/strong>. A continuaci\u00f3n, vaciar y enjuagar con suficiente agua. Llenar con anticongelante KFS 11 y agua seg\u00fan la tabla de mezclas y las prescripciones del fabricante. Para ello recomendamos agua destilada. En funci\u00f3n de la dureza y la calidad del agua, tambi\u00e9n es posible diluirlo con agua del grifo. Eliminaci\u00f3n en conformidad con las normas locales. Intervalos de cambio seg\u00fan las prescripciones del fabricante. Almacenar \u00fanicamente en estado sin diluir. Se puede mezclar con refrigerantes a base de etilenglicol.<\/p>\n<h5><strong>CARACTER\u00cdSTICAS PRINCIPALES<\/strong><\/h5>\n<ul class=\"check-list\">\n<li class=\"value\">Excelente protecci\u00f3n anticorrosiva.<\/li>\n<li class=\"value\">Excelente protecci\u00f3n contra sobrecalentamiento.<\/li>\n<li class=\"value\">Evita el congelamiento del sistema de refrigeraci\u00f3n.<\/li>\n<li class=\"value\">Evita aver\u00edas.<\/li>\n<\/ul>\n<h5><strong>APROBACIONES \/ ESPECIFICACIONES<\/strong><\/h5>\n<p><strong class=\"d-block mb-2\">LIQUI MOLY y LUBRIMAS.PE recomiendan este producto para veh\u00edculos con las siguientes especificaciones<\/strong><\/p>\n<p>Alfa Romeo 9.55523, Audi TL-774 C = G11, Behr, BMW GS 94000, Chrysler MS-7170, Cummins 85T8-2, Deutz DQC CA-14, Fiat 9.55523, IVECO 18-1830, JI Case JIC-501, Lada\/Avtovaz TTM VAZ 1.97.717-97, Lancia 9.55523, MAN 324 Typ NF, MB 325.0, MB 325.2, MTU MTL 5048, Opel\/GM GME L 46014, Perkins, Porsche TL-774 C = G11, Saturn, Seat TL-774 C = G11, Skoda TL-774 C = G11, Tesla, Toyota Motor Corporation, Vauxhall GMEL1301, Volkswagen TL-774 C = G11, Volvo Cars 128 6083 \/ 002, Volvo Construction, Volvo Trucks.<\/p>\n<h5><strong>INFORMACI\u00d3N ADICIONAL<\/strong><\/h5>\n<div class=\"aditional-info-tecnical-lp\"><a href=\"https:\/\/lubrimas.pe\/tienda\/wp-content\/uploads\/sites\/3\/2022\/11\/FICHA-TECNICA-REFRIGERANTE-ANTICONGELANTE-LIQUIMOLY-KFS-11-VOLKSWAGEN-AUIDI-VW-G11-LUBRIMASPE-LOS-OLIVOS-LIMA-PERU.pdf\" target=\"_blank\" rel=\"noopener\">FICHA T\u00c9CNICA<\/a><br \/>\n<a href=\"https:\/\/www.liqui-moly.com\/es\/anti-congelante-kfs-11-p001119.html#1380\" target=\"_blank\" rel=\"noopener\">SITIO OFICIAL<\/a><\/div>\n<p>&nbsp;<\/p>\n<blockquote><p><strong>LM21149 LM-21149, LM 21149, <\/strong>LIQUI MOLY ANTI-CONGELANTE KFS 11, KFS11, LIQUIMOLY, LIQUI MOLY, REFRIGERANTE PARA , VOLKSWAGEN, ANTICONGELANTE, VW, TOYOTA, VOLVO, AUDI, FIAT, AUDIREFRIGERANTE G11<\/p><\/blockquote>\n<\/div>\n","protected":false},"excerpt":{"rendered":"<p>LIQUI MOLY K\u00dcHLERFROSTSCHUTZ KFS 11 (G11) es un refrigerante\/anti-congelante que cumple tambi\u00e9n la funci\u00f3n de agente protector para radiador a base de etilenglicol. Combinaci\u00f3n de agentes activos con un paquete<\/p>\n","protected":false},"featured_media":12795,"template":"","meta":[],"product_brand":[],"product_cat":[38],"product_tag":[24,25],"class_list":{"0":"post-12793","1":"product","2":"type-product","3":"status-publish","4":"has-post-thumbnail","6":"product_cat-refrigerantes","7":"product_tag-liqui-moly","8":"product_tag-liquimoly","9":"pa_concentrado-159","10":"pa_especificaciones-g13","11":"pa_especificaciones-tl-774-j","12":"pa_marca-liquimoly","13":"pa_ofertas-cyber","15":"first","16":"instock","17":"shipping-taxable","18":"purchasable","19":"product-type-variable","20":"has-default-attributes"},"yoast_head":"<!-- This site is optimized with the Yoast SEO plugin v27.4 - https:\/\/yoast.com\/product\/yoast-seo-wordpress\/ -->\n<title>REFRIGERANTE LIQUI MOLY K\u00fchlerfrostschutz KFS 11 \/ Anti-congelante G11 | Lubrimas.pe | Tienda Online<\/title>\n<meta name=\"robots\" content=\"index, follow, max-snippet:-1, max-image-preview:large, max-video-preview:-1\" \/>\n<link rel=\"canonical\" href=\"https:\/\/lubrimas.pe\/tienda\/refrigerantes\/refrigerante-liqui-moly-kuhlerfrostschutz-kfs-11-anti-congelante-g11\/\" \/>\n<meta property=\"og:locale\" content=\"es_ES\" \/>\n<meta property=\"og:type\" content=\"article\" \/>\n<meta property=\"og:title\" content=\"REFRIGERANTE LIQUI MOLY K\u00fchlerfrostschutz KFS 11 \/ Anti-congelante G11 | Lubrimas.pe | Tienda Online\" \/>\n<meta property=\"og:description\" content=\"LIQUI MOLY K\u00dcHLERFROSTSCHUTZ KFS 11 (G11) es un refrigerante\/anti-congelante que cumple tambi\u00e9n la funci\u00f3n de agente protector para radiador a base de etilenglicol. Combinaci\u00f3n de agentes activos con un paquete\" \/>\n<meta property=\"og:url\" content=\"https:\/\/lubrimas.pe\/tienda\/refrigerantes\/refrigerante-liqui-moly-kuhlerfrostschutz-kfs-11-anti-congelante-g11\/\" \/>\n<meta property=\"og:site_name\" content=\"Lubrimas.pe | Tienda Online\" \/>\n<meta property=\"article:modified_time\" content=\"2026-01-30T16:57:08+00:00\" \/>\n<meta property=\"og:image\" content=\"https:\/\/lubrimas.pe\/tienda\/wp-content\/uploads\/sites\/3\/2022\/11\/lubrimas_pe-lubrimasperu_com-liqui-moly-g11-kfs11-refrigerante-lima-peru-los-olivos.webp.webp\" \/>\n\t<meta property=\"og:image:width\" content=\"850\" \/>\n\t<meta property=\"og:image:height\" content=\"1000\" \/>\n\t<meta property=\"og:image:type\" content=\"image\/webp\" \/>\n<meta name=\"twitter:card\" content=\"summary_large_image\" \/>\n<meta name=\"twitter:label1\" content=\"Tiempo de lectura\" \/>\n\t<meta name=\"twitter:data1\" content=\"1 minuto\" \/>\n<script type=\"application\/ld+json\" class=\"yoast-schema-graph\">{\"@context\":\"https:\\\/\\\/schema.org\",\"@graph\":[{\"@type\":[\"WebPage\",\"ItemPage\"],\"@id\":\"https:\\\/\\\/lubrimas.pe\\\/tienda\\\/refrigerantes\\\/refrigerante-liqui-moly-kuhlerfrostschutz-kfs-11-anti-congelante-g11\\\/\",\"url\":\"https:\\\/\\\/lubrimas.pe\\\/tienda\\\/refrigerantes\\\/refrigerante-liqui-moly-kuhlerfrostschutz-kfs-11-anti-congelante-g11\\\/\",\"name\":\"REFRIGERANTE LIQUI MOLY K\u00fchlerfrostschutz KFS 11 \\\/ Anti-congelante G11 | Lubrimas.pe | Tienda Online\",\"isPartOf\":{\"@id\":\"https:\\\/\\\/lubrimas.pe\\\/tienda\\\/#website\"},\"primaryImageOfPage\":{\"@id\":\"https:\\\/\\\/lubrimas.pe\\\/tienda\\\/refrigerantes\\\/refrigerante-liqui-moly-kuhlerfrostschutz-kfs-11-anti-congelante-g11\\\/#primaryimage\"},\"image\":{\"@id\":\"https:\\\/\\\/lubrimas.pe\\\/tienda\\\/refrigerantes\\\/refrigerante-liqui-moly-kuhlerfrostschutz-kfs-11-anti-congelante-g11\\\/#primaryimage\"},\"thumbnailUrl\":\"https:\\\/\\\/lubrimas.pe\\\/tienda\\\/wp-content\\\/uploads\\\/sites\\\/3\\\/2022\\\/11\\\/lubrimas_pe-lubrimasperu_com-liqui-moly-g11-kfs11-refrigerante-lima-peru-los-olivos.webp.webp\",\"datePublished\":\"2022-11-07T21:13:06+00:00\",\"dateModified\":\"2026-01-30T16:57:08+00:00\",\"breadcrumb\":{\"@id\":\"https:\\\/\\\/lubrimas.pe\\\/tienda\\\/refrigerantes\\\/refrigerante-liqui-moly-kuhlerfrostschutz-kfs-11-anti-congelante-g11\\\/#breadcrumb\"},\"inLanguage\":\"es\",\"potentialAction\":[{\"@type\":\"ReadAction\",\"target\":[\"https:\\\/\\\/lubrimas.pe\\\/tienda\\\/refrigerantes\\\/refrigerante-liqui-moly-kuhlerfrostschutz-kfs-11-anti-congelante-g11\\\/\"]}]},{\"@type\":\"ImageObject\",\"inLanguage\":\"es\",\"@id\":\"https:\\\/\\\/lubrimas.pe\\\/tienda\\\/refrigerantes\\\/refrigerante-liqui-moly-kuhlerfrostschutz-kfs-11-anti-congelante-g11\\\/#primaryimage\",\"url\":\"https:\\\/\\\/lubrimas.pe\\\/tienda\\\/wp-content\\\/uploads\\\/sites\\\/3\\\/2022\\\/11\\\/lubrimas_pe-lubrimasperu_com-liqui-moly-g11-kfs11-refrigerante-lima-peru-los-olivos.webp.webp\",\"contentUrl\":\"https:\\\/\\\/lubrimas.pe\\\/tienda\\\/wp-content\\\/uploads\\\/sites\\\/3\\\/2022\\\/11\\\/lubrimas_pe-lubrimasperu_com-liqui-moly-g11-kfs11-refrigerante-lima-peru-los-olivos.webp.webp\",\"width\":850,\"height\":1000},{\"@type\":\"BreadcrumbList\",\"@id\":\"https:\\\/\\\/lubrimas.pe\\\/tienda\\\/refrigerantes\\\/refrigerante-liqui-moly-kuhlerfrostschutz-kfs-11-anti-congelante-g11\\\/#breadcrumb\",\"itemListElement\":[{\"@type\":\"ListItem\",\"position\":1,\"name\":\"Portada\",\"item\":\"https:\\\/\\\/lubrimas.pe\\\/tienda\\\/\"},{\"@type\":\"ListItem\",\"position\":2,\"name\":\"Cat\u00e1logo\",\"item\":\"https:\\\/\\\/lubrimas.pe\\\/tienda\\\/productos\\\/\"},{\"@type\":\"ListItem\",\"position\":3,\"name\":\"REFRIGERANTE LIQUI MOLY K\u00fchlerfrostschutz KFS 11 \\\/ Anti-congelante G11\"}]},{\"@type\":\"WebSite\",\"@id\":\"https:\\\/\\\/lubrimas.pe\\\/tienda\\\/#website\",\"url\":\"https:\\\/\\\/lubrimas.pe\\\/tienda\\\/\",\"name\":\"Lubrimas.pe | Tienda Online\",\"description\":\"Tus lubricantes favoritos al mejor precio!\",\"publisher\":{\"@id\":\"https:\\\/\\\/lubrimas.pe\\\/tienda\\\/#organization\"},\"potentialAction\":[{\"@type\":\"SearchAction\",\"target\":{\"@type\":\"EntryPoint\",\"urlTemplate\":\"https:\\\/\\\/lubrimas.pe\\\/tienda\\\/?s={search_term_string}\"},\"query-input\":{\"@type\":\"PropertyValueSpecification\",\"valueRequired\":true,\"valueName\":\"search_term_string\"}}],\"inLanguage\":\"es\"},{\"@type\":\"Organization\",\"@id\":\"https:\\\/\\\/lubrimas.pe\\\/tienda\\\/#organization\",\"name\":\"Lubrimas.pe\",\"url\":\"https:\\\/\\\/lubrimas.pe\\\/tienda\\\/\",\"logo\":{\"@type\":\"ImageObject\",\"inLanguage\":\"es\",\"@id\":\"https:\\\/\\\/lubrimas.pe\\\/tienda\\\/#\\\/schema\\\/logo\\\/image\\\/\",\"url\":\"https:\\\/\\\/lubrimas.pe\\\/tienda\\\/wp-content\\\/uploads\\\/sites\\\/3\\\/2022\\\/07\\\/BANNERS-PROMO-CYBER-WOW-LUBRIMASPE-2022-07.webp\",\"contentUrl\":\"https:\\\/\\\/lubrimas.pe\\\/tienda\\\/wp-content\\\/uploads\\\/sites\\\/3\\\/2022\\\/07\\\/BANNERS-PROMO-CYBER-WOW-LUBRIMASPE-2022-07.webp\",\"width\":500,\"height\":752,\"caption\":\"Lubrimas.pe\"},\"image\":{\"@id\":\"https:\\\/\\\/lubrimas.pe\\\/tienda\\\/#\\\/schema\\\/logo\\\/image\\\/\"}}]}<\/script>\n<!-- \/ Yoast SEO plugin. -->","yoast_head_json":{"title":"REFRIGERANTE LIQUI MOLY K\u00fchlerfrostschutz KFS 11 \/ Anti-congelante G11 | Lubrimas.pe | Tienda Online","robots":{"index":"index","follow":"follow","max-snippet":"max-snippet:-1","max-image-preview":"max-image-preview:large","max-video-preview":"max-video-preview:-1"},"canonical":"https:\/\/lubrimas.pe\/tienda\/refrigerantes\/refrigerante-liqui-moly-kuhlerfrostschutz-kfs-11-anti-congelante-g11\/","og_locale":"es_ES","og_type":"article","og_title":"REFRIGERANTE LIQUI MOLY K\u00fchlerfrostschutz KFS 11 \/ Anti-congelante G11 | Lubrimas.pe | Tienda Online","og_description":"LIQUI MOLY K\u00dcHLERFROSTSCHUTZ KFS 11 (G11) es un refrigerante\/anti-congelante que cumple tambi\u00e9n la funci\u00f3n de agente protector para radiador a base de etilenglicol. Combinaci\u00f3n de agentes activos con un paquete","og_url":"https:\/\/lubrimas.pe\/tienda\/refrigerantes\/refrigerante-liqui-moly-kuhlerfrostschutz-kfs-11-anti-congelante-g11\/","og_site_name":"Lubrimas.pe | Tienda Online","article_modified_time":"2026-01-30T16:57:08+00:00","og_image":[{"width":850,"height":1000,"url":"https:\/\/lubrimas.pe\/tienda\/wp-content\/uploads\/sites\/3\/2022\/11\/lubrimas_pe-lubrimasperu_com-liqui-moly-g11-kfs11-refrigerante-lima-peru-los-olivos.webp.webp","type":"image\/webp"}],"twitter_card":"summary_large_image","twitter_misc":{"Tiempo de lectura":"1 minuto"},"schema":{"@context":"https:\/\/schema.org","@graph":[{"@type":["WebPage","ItemPage"],"@id":"https:\/\/lubrimas.pe\/tienda\/refrigerantes\/refrigerante-liqui-moly-kuhlerfrostschutz-kfs-11-anti-congelante-g11\/","url":"https:\/\/lubrimas.pe\/tienda\/refrigerantes\/refrigerante-liqui-moly-kuhlerfrostschutz-kfs-11-anti-congelante-g11\/","name":"REFRIGERANTE LIQUI MOLY K\u00fchlerfrostschutz KFS 11 \/ Anti-congelante G11 | Lubrimas.pe | Tienda Online","isPartOf":{"@id":"https:\/\/lubrimas.pe\/tienda\/#website"},"primaryImageOfPage":{"@id":"https:\/\/lubrimas.pe\/tienda\/refrigerantes\/refrigerante-liqui-moly-kuhlerfrostschutz-kfs-11-anti-congelante-g11\/#primaryimage"},"image":{"@id":"https:\/\/lubrimas.pe\/tienda\/refrigerantes\/refrigerante-liqui-moly-kuhlerfrostschutz-kfs-11-anti-congelante-g11\/#primaryimage"},"thumbnailUrl":"https:\/\/lubrimas.pe\/tienda\/wp-content\/uploads\/sites\/3\/2022\/11\/lubrimas_pe-lubrimasperu_com-liqui-moly-g11-kfs11-refrigerante-lima-peru-los-olivos.webp.webp","datePublished":"2022-11-07T21:13:06+00:00","dateModified":"2026-01-30T16:57:08+00:00","breadcrumb":{"@id":"https:\/\/lubrimas.pe\/tienda\/refrigerantes\/refrigerante-liqui-moly-kuhlerfrostschutz-kfs-11-anti-congelante-g11\/#breadcrumb"},"inLanguage":"es","potentialAction":[{"@type":"ReadAction","target":["https:\/\/lubrimas.pe\/tienda\/refrigerantes\/refrigerante-liqui-moly-kuhlerfrostschutz-kfs-11-anti-congelante-g11\/"]}]},{"@type":"ImageObject","inLanguage":"es","@id":"https:\/\/lubrimas.pe\/tienda\/refrigerantes\/refrigerante-liqui-moly-kuhlerfrostschutz-kfs-11-anti-congelante-g11\/#primaryimage","url":"https:\/\/lubrimas.pe\/tienda\/wp-content\/uploads\/sites\/3\/2022\/11\/lubrimas_pe-lubrimasperu_com-liqui-moly-g11-kfs11-refrigerante-lima-peru-los-olivos.webp.webp","contentUrl":"https:\/\/lubrimas.pe\/tienda\/wp-content\/uploads\/sites\/3\/2022\/11\/lubrimas_pe-lubrimasperu_com-liqui-moly-g11-kfs11-refrigerante-lima-peru-los-olivos.webp.webp","width":850,"height":1000},{"@type":"BreadcrumbList","@id":"https:\/\/lubrimas.pe\/tienda\/refrigerantes\/refrigerante-liqui-moly-kuhlerfrostschutz-kfs-11-anti-congelante-g11\/#breadcrumb","itemListElement":[{"@type":"ListItem","position":1,"name":"Portada","item":"https:\/\/lubrimas.pe\/tienda\/"},{"@type":"ListItem","position":2,"name":"Cat\u00e1logo","item":"https:\/\/lubrimas.pe\/tienda\/productos\/"},{"@type":"ListItem","position":3,"name":"REFRIGERANTE LIQUI MOLY K\u00fchlerfrostschutz KFS 11 \/ Anti-congelante G11"}]},{"@type":"WebSite","@id":"https:\/\/lubrimas.pe\/tienda\/#website","url":"https:\/\/lubrimas.pe\/tienda\/","name":"Lubrimas.pe | Tienda Online","description":"Tus lubricantes favoritos al mejor precio!","publisher":{"@id":"https:\/\/lubrimas.pe\/tienda\/#organization"},"potentialAction":[{"@type":"SearchAction","target":{"@type":"EntryPoint","urlTemplate":"https:\/\/lubrimas.pe\/tienda\/?s={search_term_string}"},"query-input":{"@type":"PropertyValueSpecification","valueRequired":true,"valueName":"search_term_string"}}],"inLanguage":"es"},{"@type":"Organization","@id":"https:\/\/lubrimas.pe\/tienda\/#organization","name":"Lubrimas.pe","url":"https:\/\/lubrimas.pe\/tienda\/","logo":{"@type":"ImageObject","inLanguage":"es","@id":"https:\/\/lubrimas.pe\/tienda\/#\/schema\/logo\/image\/","url":"https:\/\/lubrimas.pe\/tienda\/wp-content\/uploads\/sites\/3\/2022\/07\/BANNERS-PROMO-CYBER-WOW-LUBRIMASPE-2022-07.webp","contentUrl":"https:\/\/lubrimas.pe\/tienda\/wp-content\/uploads\/sites\/3\/2022\/07\/BANNERS-PROMO-CYBER-WOW-LUBRIMASPE-2022-07.webp","width":500,"height":752,"caption":"Lubrimas.pe"},"image":{"@id":"https:\/\/lubrimas.pe\/tienda\/#\/schema\/logo\/image\/"}}]}},"_links":{"self":[{"href":"https:\/\/lubrimas.pe\/tienda\/wp-json\/wp\/v2\/product\/12793","targetHints":{"allow":["GET"]}}],"collection":[{"href":"https:\/\/lubrimas.pe\/tienda\/wp-json\/wp\/v2\/product"}],"about":[{"href":"https:\/\/lubrimas.pe\/tienda\/wp-json\/wp\/v2\/types\/product"}],"wp:featuredmedia":[{"embeddable":true,"href":"https:\/\/lubrimas.pe\/tienda\/wp-json\/wp\/v2\/media\/12795"}],"wp:attachment":[{"href":"https:\/\/lubrimas.pe\/tienda\/wp-json\/wp\/v2\/media?parent=12793"}],"wp:term":[{"taxonomy":"product_brand","embeddable":true,"href":"https:\/\/lubrimas.pe\/tienda\/wp-json\/wp\/v2\/product_brand?post=12793"},{"taxonomy":"product_cat","embeddable":true,"href":"https:\/\/lubrimas.pe\/tienda\/wp-json\/wp\/v2\/product_cat?post=12793"},{"taxonomy":"product_tag","embeddable":true,"href":"https:\/\/lubrimas.pe\/tienda\/wp-json\/wp\/v2\/product_tag?post=12793"}],"curies":[{"name":"wp","href":"https:\/\/api.w.org\/{rel}","templated":true}]}}