{"id":12797,"date":"2022-11-07T16:55:00","date_gmt":"2022-11-07T21:55:00","guid":{"rendered":"https:\/\/lubrimas.pe\/tienda\/?post_type=product&#038;p=12797"},"modified":"2023-08-23T17:06:00","modified_gmt":"2023-08-23T22:06:00","slug":"liqui-moly-75w90-gl-5-vollsynthetisches-getriebeol-aceite-full-sintetico","status":"publish","type":"product","link":"https:\/\/lubrimas.pe\/tienda\/aceite-de-caja\/liqui-moly-75w90-gl-5-vollsynthetisches-getriebeol-aceite-full-sintetico\/","title":{"rendered":"LIQUI MOLY 75W90 GL-5 VOLLSYNTHETISCHES GETRIEBE\u00d6L &#8211; Aceite de Transmisi\u00f3n Mec\u00e1nica Full Sint\u00e9tico"},"content":{"rendered":"<p><strong>LIQUI MOLY 75W90 GL-5 VOLLSYNTHETISCHES GETRIEBE\u00d6L<\/strong> es un aceite full sint\u00e9tico para transmisiones manual \/ mec\u00e1nicas. Proporciona un comportamiento de fricci\u00f3n de precisi\u00f3n y una excelente resistencia al envejecimiento. Garantiza un funcionamiento perfecto de los grupos incluso en las condiciones de servicio m\u00e1s duras y con grandes oscilaciones de temperatura. Seguridad de lubricaci\u00f3n m\u00e1xima, protecci\u00f3n antidesgaste \u00f3ptima gracias a su amplio rango de viscosidad. Permite cambiar marchas con suavidad y proporciona una estabilidad de marcha m\u00e1xima.<\/p>\n<p>LIQUI MOLY 75W90 GL-5 VOLLSYNTHETISCHES GETRIEBE\u00d6L es recomendable para cajas de cambios manuales y auxiliares sometidos a cargas elevadas, especialmente para sistemas de transmisi\u00f3n modernos y engranajes c\u00f3nicos sin diferencial autoblocante. Cumplir las prescripciones del fabricante del autom\u00f3vil o grupo.<\/p>\n<h5><strong>CARACTER\u00cdSTICAS PRINCIPALES<\/strong><\/h5>\n<ul>\n<li>Marcada capacidad para absorber altas presiones<\/li>\n<li>Excelente protecci\u00f3n contra el desgaste<\/li>\n<li>Excelente estabilidad de la viscosidad<\/li>\n<li>Excelente protecci\u00f3n anticorrosiva<\/li>\n<li>Reduce las fuerzas para cambios de marcha<\/li>\n<li>Reduce los ruidos del cambio<\/li>\n<\/ul>\n<h5><strong>APROBACIONES \/ ESPECIFICACIONES<\/strong><\/h5>\n<h6><strong class=\"d-block mb-2\">Aprobaci\u00f3n<\/strong><\/h6>\n<p class=\"mb-4\">API GL5, MIL-L 2105 C, MIL-L 2105 D<\/p>\n<h5><strong>INFORMACI\u00d3N ADICIONAL<\/strong><\/h5>\n<div class=\"aditional-info-tecnical-lp\"><a href=\"https:\/\/lubrimas.pe\/tienda\/wp-content\/uploads\/sites\/3\/2022\/11\/FICHA-TECNICA-ACEITE-DE-TRANSMISION-MANUAL-MECANICA-75W90-GL5-LIQUIMOLY-LUBRIMASPE-LOS-OLIVOS-LIMA-PERU.pdf\" target=\"_blank\" rel=\"noopener\">FICHA T\u00c9CNICA<\/a><br \/>\n<a href=\"https:\/\/www.liqui-moly.com\/es\/aceite-100-sintetico-para-el-cambio-gl5-sae-75w-90-p000232.html#1414\" target=\"_blank\" rel=\"noopener\">SITIO OFICIAL<\/a><\/div>\n<p>&nbsp;<\/p>\n<blockquote><p><strong>LM1414, LM-1414, LM 1414, <\/strong>LIQUI MOLY, LIQUIMOLY, LIQUI MOLY, ACEITE DE TRANSMISI\u00d3N, CAJA, AUTOM\u00c1TICA<\/p><\/blockquote>\n<div id=\"showMore-product-info-overview-properties\"><\/div>\n","protected":false},"excerpt":{"rendered":"<p>LIQUI MOLY 75W90 GL-5 VOLLSYNTHETISCHES GETRIEBE\u00d6L es un aceite full sint\u00e9tico para transmisiones manual \/ mec\u00e1nicas. Proporciona un comportamiento de fricci\u00f3n de precisi\u00f3n y una excelente resistencia al envejecimiento. Garantiza<\/p>\n","protected":false},"featured_media":12800,"template":"","meta":[],"product_brand":[],"product_cat":[27,28],"product_tag":[31,21,24,25,19],"class_list":{"0":"post-12797","1":"product","2":"type-product","3":"status-publish","4":"has-post-thumbnail","6":"product_cat-aceite-de-caja","7":"product_cat-caja-manual-mecanica","8":"product_tag-80w90","9":"product_tag-automotriz","10":"product_tag-liqui-moly","11":"product_tag-liquimoly","12":"product_tag-lubricantes","13":"pa_engranaje-gl-5","14":"pa_especificaciones-mil-l-2105-c","15":"pa_especificaciones-mil-l-2105-d-2","16":"pa_grado-75w90","17":"pa_marca-liquimoly","18":"pa_ofertas-cyber","20":"first","21":"instock","22":"shipping-taxable","23":"purchasable","24":"product-type-variable","25":"has-default-attributes"},"yoast_head":"<!-- This site is optimized with the Yoast SEO plugin v27.4 - https:\/\/yoast.com\/product\/yoast-seo-wordpress\/ -->\n<title>LIQUI MOLY 75W90 GL-5 VOLLSYNTHETISCHES GETRIEBE\u00d6L - Aceite de Transmisi\u00f3n Mec\u00e1nica Full Sint\u00e9tico | \ud83d\udea8 NUEVO! EN Lubrimas.pe | Tienda Online<\/title>\n<meta name=\"description\" content=\"LIQUI MOLY 75W90 GL-5 VOLLSYNTHETISCHES GETRIEBE\u00d6L es un aceite full sint\u00e9tico para transmisiones manual \/ mec\u00e1nicas. Cumple con API GL-5.\" \/>\n<meta name=\"robots\" content=\"index, follow, max-snippet:-1, max-image-preview:large, max-video-preview:-1\" \/>\n<link rel=\"canonical\" href=\"https:\/\/lubrimas.pe\/tienda\/aceite-de-caja\/liqui-moly-75w90-gl-5-vollsynthetisches-getriebeol-aceite-full-sintetico\/\" \/>\n<meta property=\"og:locale\" content=\"es_ES\" \/>\n<meta property=\"og:type\" content=\"article\" \/>\n<meta property=\"og:title\" content=\"LIQUI MOLY 75W90 GL-5 VOLLSYNTHETISCHES GETRIEBE\u00d6L - Aceite de Transmisi\u00f3n Mec\u00e1nica Full Sint\u00e9tico | \ud83d\udea8 NUEVO! EN Lubrimas.pe | Tienda Online\" \/>\n<meta property=\"og:description\" content=\"LIQUI MOLY 75W90 GL-5 VOLLSYNTHETISCHES GETRIEBE\u00d6L es un aceite full sint\u00e9tico para transmisiones manual \/ mec\u00e1nicas. Cumple con API GL-5.\" \/>\n<meta property=\"og:url\" content=\"https:\/\/lubrimas.pe\/tienda\/aceite-de-caja\/liqui-moly-75w90-gl-5-vollsynthetisches-getriebeol-aceite-full-sintetico\/\" \/>\n<meta property=\"og:site_name\" content=\"Lubrimas.pe | Tienda Online\" \/>\n<meta property=\"article:modified_time\" content=\"2023-08-23T22:06:00+00:00\" \/>\n<meta property=\"og:image\" content=\"https:\/\/lubrimas.pe\/tienda\/wp-content\/uploads\/sites\/3\/2022\/11\/lubrimas_pe-lubrimasperu_com-liqui-moly-mtf-transmision-manual-mecanica-75w90-gl-5-lima-peru-los-olivos.webp.webp\" \/>\n\t<meta property=\"og:image:width\" content=\"850\" \/>\n\t<meta property=\"og:image:height\" content=\"1000\" \/>\n\t<meta property=\"og:image:type\" content=\"image\/webp\" \/>\n<meta name=\"twitter:card\" content=\"summary_large_image\" \/>\n<meta name=\"twitter:label1\" content=\"Tiempo de lectura\" \/>\n\t<meta name=\"twitter:data1\" content=\"1 minuto\" \/>\n<script type=\"application\/ld+json\" class=\"yoast-schema-graph\">{\"@context\":\"https:\\\/\\\/schema.org\",\"@graph\":[{\"@type\":[\"WebPage\",\"ItemPage\"],\"@id\":\"https:\\\/\\\/lubrimas.pe\\\/tienda\\\/aceite-de-caja\\\/liqui-moly-75w90-gl-5-vollsynthetisches-getriebeol-aceite-full-sintetico\\\/\",\"url\":\"https:\\\/\\\/lubrimas.pe\\\/tienda\\\/aceite-de-caja\\\/liqui-moly-75w90-gl-5-vollsynthetisches-getriebeol-aceite-full-sintetico\\\/\",\"name\":\"LIQUI MOLY 75W90 GL-5 VOLLSYNTHETISCHES GETRIEBE\u00d6L - Aceite de Transmisi\u00f3n Mec\u00e1nica Full Sint\u00e9tico | \ud83d\udea8 NUEVO! EN Lubrimas.pe | Tienda Online\",\"isPartOf\":{\"@id\":\"https:\\\/\\\/lubrimas.pe\\\/tienda\\\/#website\"},\"primaryImageOfPage\":{\"@id\":\"https:\\\/\\\/lubrimas.pe\\\/tienda\\\/aceite-de-caja\\\/liqui-moly-75w90-gl-5-vollsynthetisches-getriebeol-aceite-full-sintetico\\\/#primaryimage\"},\"image\":{\"@id\":\"https:\\\/\\\/lubrimas.pe\\\/tienda\\\/aceite-de-caja\\\/liqui-moly-75w90-gl-5-vollsynthetisches-getriebeol-aceite-full-sintetico\\\/#primaryimage\"},\"thumbnailUrl\":\"https:\\\/\\\/lubrimas.pe\\\/tienda\\\/wp-content\\\/uploads\\\/sites\\\/3\\\/2022\\\/11\\\/lubrimas_pe-lubrimasperu_com-liqui-moly-mtf-transmision-manual-mecanica-75w90-gl-5-lima-peru-los-olivos.webp.webp\",\"datePublished\":\"2022-11-07T21:55:00+00:00\",\"dateModified\":\"2023-08-23T22:06:00+00:00\",\"description\":\"LIQUI MOLY 75W90 GL-5 VOLLSYNTHETISCHES GETRIEBE\u00d6L es un aceite full sint\u00e9tico para transmisiones manual \\\/ mec\u00e1nicas. Cumple con API GL-5.\",\"breadcrumb\":{\"@id\":\"https:\\\/\\\/lubrimas.pe\\\/tienda\\\/aceite-de-caja\\\/liqui-moly-75w90-gl-5-vollsynthetisches-getriebeol-aceite-full-sintetico\\\/#breadcrumb\"},\"inLanguage\":\"es\",\"potentialAction\":[{\"@type\":\"ReadAction\",\"target\":[\"https:\\\/\\\/lubrimas.pe\\\/tienda\\\/aceite-de-caja\\\/liqui-moly-75w90-gl-5-vollsynthetisches-getriebeol-aceite-full-sintetico\\\/\"]}]},{\"@type\":\"ImageObject\",\"inLanguage\":\"es\",\"@id\":\"https:\\\/\\\/lubrimas.pe\\\/tienda\\\/aceite-de-caja\\\/liqui-moly-75w90-gl-5-vollsynthetisches-getriebeol-aceite-full-sintetico\\\/#primaryimage\",\"url\":\"https:\\\/\\\/lubrimas.pe\\\/tienda\\\/wp-content\\\/uploads\\\/sites\\\/3\\\/2022\\\/11\\\/lubrimas_pe-lubrimasperu_com-liqui-moly-mtf-transmision-manual-mecanica-75w90-gl-5-lima-peru-los-olivos.webp.webp\",\"contentUrl\":\"https:\\\/\\\/lubrimas.pe\\\/tienda\\\/wp-content\\\/uploads\\\/sites\\\/3\\\/2022\\\/11\\\/lubrimas_pe-lubrimasperu_com-liqui-moly-mtf-transmision-manual-mecanica-75w90-gl-5-lima-peru-los-olivos.webp.webp\",\"width\":850,\"height\":1000},{\"@type\":\"BreadcrumbList\",\"@id\":\"https:\\\/\\\/lubrimas.pe\\\/tienda\\\/aceite-de-caja\\\/liqui-moly-75w90-gl-5-vollsynthetisches-getriebeol-aceite-full-sintetico\\\/#breadcrumb\",\"itemListElement\":[{\"@type\":\"ListItem\",\"position\":1,\"name\":\"Portada\",\"item\":\"https:\\\/\\\/lubrimas.pe\\\/tienda\\\/\"},{\"@type\":\"ListItem\",\"position\":2,\"name\":\"Cat\u00e1logo\",\"item\":\"https:\\\/\\\/lubrimas.pe\\\/tienda\\\/productos\\\/\"},{\"@type\":\"ListItem\",\"position\":3,\"name\":\"LIQUI MOLY 75W90 GL-5 VOLLSYNTHETISCHES GETRIEBE\u00d6L &#8211; Aceite de Transmisi\u00f3n Mec\u00e1nica Full Sint\u00e9tico\"}]},{\"@type\":\"WebSite\",\"@id\":\"https:\\\/\\\/lubrimas.pe\\\/tienda\\\/#website\",\"url\":\"https:\\\/\\\/lubrimas.pe\\\/tienda\\\/\",\"name\":\"Lubrimas.pe | Tienda Online\",\"description\":\"Tus lubricantes favoritos al mejor precio!\",\"publisher\":{\"@id\":\"https:\\\/\\\/lubrimas.pe\\\/tienda\\\/#organization\"},\"potentialAction\":[{\"@type\":\"SearchAction\",\"target\":{\"@type\":\"EntryPoint\",\"urlTemplate\":\"https:\\\/\\\/lubrimas.pe\\\/tienda\\\/?s={search_term_string}\"},\"query-input\":{\"@type\":\"PropertyValueSpecification\",\"valueRequired\":true,\"valueName\":\"search_term_string\"}}],\"inLanguage\":\"es\"},{\"@type\":\"Organization\",\"@id\":\"https:\\\/\\\/lubrimas.pe\\\/tienda\\\/#organization\",\"name\":\"Lubrimas.pe\",\"url\":\"https:\\\/\\\/lubrimas.pe\\\/tienda\\\/\",\"logo\":{\"@type\":\"ImageObject\",\"inLanguage\":\"es\",\"@id\":\"https:\\\/\\\/lubrimas.pe\\\/tienda\\\/#\\\/schema\\\/logo\\\/image\\\/\",\"url\":\"https:\\\/\\\/lubrimas.pe\\\/tienda\\\/wp-content\\\/uploads\\\/sites\\\/3\\\/2022\\\/07\\\/BANNERS-PROMO-CYBER-WOW-LUBRIMASPE-2022-07.webp\",\"contentUrl\":\"https:\\\/\\\/lubrimas.pe\\\/tienda\\\/wp-content\\\/uploads\\\/sites\\\/3\\\/2022\\\/07\\\/BANNERS-PROMO-CYBER-WOW-LUBRIMASPE-2022-07.webp\",\"width\":500,\"height\":752,\"caption\":\"Lubrimas.pe\"},\"image\":{\"@id\":\"https:\\\/\\\/lubrimas.pe\\\/tienda\\\/#\\\/schema\\\/logo\\\/image\\\/\"}}]}<\/script>\n<!-- \/ Yoast SEO plugin. -->","yoast_head_json":{"title":"LIQUI MOLY 75W90 GL-5 VOLLSYNTHETISCHES GETRIEBE\u00d6L - Aceite de Transmisi\u00f3n Mec\u00e1nica Full Sint\u00e9tico | \ud83d\udea8 NUEVO! EN Lubrimas.pe | Tienda Online","description":"LIQUI MOLY 75W90 GL-5 VOLLSYNTHETISCHES GETRIEBE\u00d6L es un aceite full sint\u00e9tico para transmisiones manual \/ mec\u00e1nicas. Cumple con API GL-5.","robots":{"index":"index","follow":"follow","max-snippet":"max-snippet:-1","max-image-preview":"max-image-preview:large","max-video-preview":"max-video-preview:-1"},"canonical":"https:\/\/lubrimas.pe\/tienda\/aceite-de-caja\/liqui-moly-75w90-gl-5-vollsynthetisches-getriebeol-aceite-full-sintetico\/","og_locale":"es_ES","og_type":"article","og_title":"LIQUI MOLY 75W90 GL-5 VOLLSYNTHETISCHES GETRIEBE\u00d6L - Aceite de Transmisi\u00f3n Mec\u00e1nica Full Sint\u00e9tico | \ud83d\udea8 NUEVO! EN Lubrimas.pe | Tienda Online","og_description":"LIQUI MOLY 75W90 GL-5 VOLLSYNTHETISCHES GETRIEBE\u00d6L es un aceite full sint\u00e9tico para transmisiones manual \/ mec\u00e1nicas. Cumple con API GL-5.","og_url":"https:\/\/lubrimas.pe\/tienda\/aceite-de-caja\/liqui-moly-75w90-gl-5-vollsynthetisches-getriebeol-aceite-full-sintetico\/","og_site_name":"Lubrimas.pe | Tienda Online","article_modified_time":"2023-08-23T22:06:00+00:00","og_image":[{"width":850,"height":1000,"url":"https:\/\/lubrimas.pe\/tienda\/wp-content\/uploads\/sites\/3\/2022\/11\/lubrimas_pe-lubrimasperu_com-liqui-moly-mtf-transmision-manual-mecanica-75w90-gl-5-lima-peru-los-olivos.webp.webp","type":"image\/webp"}],"twitter_card":"summary_large_image","twitter_misc":{"Tiempo de lectura":"1 minuto"},"schema":{"@context":"https:\/\/schema.org","@graph":[{"@type":["WebPage","ItemPage"],"@id":"https:\/\/lubrimas.pe\/tienda\/aceite-de-caja\/liqui-moly-75w90-gl-5-vollsynthetisches-getriebeol-aceite-full-sintetico\/","url":"https:\/\/lubrimas.pe\/tienda\/aceite-de-caja\/liqui-moly-75w90-gl-5-vollsynthetisches-getriebeol-aceite-full-sintetico\/","name":"LIQUI MOLY 75W90 GL-5 VOLLSYNTHETISCHES GETRIEBE\u00d6L - Aceite de Transmisi\u00f3n Mec\u00e1nica Full Sint\u00e9tico | \ud83d\udea8 NUEVO! EN Lubrimas.pe | Tienda Online","isPartOf":{"@id":"https:\/\/lubrimas.pe\/tienda\/#website"},"primaryImageOfPage":{"@id":"https:\/\/lubrimas.pe\/tienda\/aceite-de-caja\/liqui-moly-75w90-gl-5-vollsynthetisches-getriebeol-aceite-full-sintetico\/#primaryimage"},"image":{"@id":"https:\/\/lubrimas.pe\/tienda\/aceite-de-caja\/liqui-moly-75w90-gl-5-vollsynthetisches-getriebeol-aceite-full-sintetico\/#primaryimage"},"thumbnailUrl":"https:\/\/lubrimas.pe\/tienda\/wp-content\/uploads\/sites\/3\/2022\/11\/lubrimas_pe-lubrimasperu_com-liqui-moly-mtf-transmision-manual-mecanica-75w90-gl-5-lima-peru-los-olivos.webp.webp","datePublished":"2022-11-07T21:55:00+00:00","dateModified":"2023-08-23T22:06:00+00:00","description":"LIQUI MOLY 75W90 GL-5 VOLLSYNTHETISCHES GETRIEBE\u00d6L es un aceite full sint\u00e9tico para transmisiones manual \/ mec\u00e1nicas. Cumple con API GL-5.","breadcrumb":{"@id":"https:\/\/lubrimas.pe\/tienda\/aceite-de-caja\/liqui-moly-75w90-gl-5-vollsynthetisches-getriebeol-aceite-full-sintetico\/#breadcrumb"},"inLanguage":"es","potentialAction":[{"@type":"ReadAction","target":["https:\/\/lubrimas.pe\/tienda\/aceite-de-caja\/liqui-moly-75w90-gl-5-vollsynthetisches-getriebeol-aceite-full-sintetico\/"]}]},{"@type":"ImageObject","inLanguage":"es","@id":"https:\/\/lubrimas.pe\/tienda\/aceite-de-caja\/liqui-moly-75w90-gl-5-vollsynthetisches-getriebeol-aceite-full-sintetico\/#primaryimage","url":"https:\/\/lubrimas.pe\/tienda\/wp-content\/uploads\/sites\/3\/2022\/11\/lubrimas_pe-lubrimasperu_com-liqui-moly-mtf-transmision-manual-mecanica-75w90-gl-5-lima-peru-los-olivos.webp.webp","contentUrl":"https:\/\/lubrimas.pe\/tienda\/wp-content\/uploads\/sites\/3\/2022\/11\/lubrimas_pe-lubrimasperu_com-liqui-moly-mtf-transmision-manual-mecanica-75w90-gl-5-lima-peru-los-olivos.webp.webp","width":850,"height":1000},{"@type":"BreadcrumbList","@id":"https:\/\/lubrimas.pe\/tienda\/aceite-de-caja\/liqui-moly-75w90-gl-5-vollsynthetisches-getriebeol-aceite-full-sintetico\/#breadcrumb","itemListElement":[{"@type":"ListItem","position":1,"name":"Portada","item":"https:\/\/lubrimas.pe\/tienda\/"},{"@type":"ListItem","position":2,"name":"Cat\u00e1logo","item":"https:\/\/lubrimas.pe\/tienda\/productos\/"},{"@type":"ListItem","position":3,"name":"LIQUI MOLY 75W90 GL-5 VOLLSYNTHETISCHES GETRIEBE\u00d6L &#8211; Aceite de Transmisi\u00f3n Mec\u00e1nica Full Sint\u00e9tico"}]},{"@type":"WebSite","@id":"https:\/\/lubrimas.pe\/tienda\/#website","url":"https:\/\/lubrimas.pe\/tienda\/","name":"Lubrimas.pe | Tienda Online","description":"Tus lubricantes favoritos al mejor precio!","publisher":{"@id":"https:\/\/lubrimas.pe\/tienda\/#organization"},"potentialAction":[{"@type":"SearchAction","target":{"@type":"EntryPoint","urlTemplate":"https:\/\/lubrimas.pe\/tienda\/?s={search_term_string}"},"query-input":{"@type":"PropertyValueSpecification","valueRequired":true,"valueName":"search_term_string"}}],"inLanguage":"es"},{"@type":"Organization","@id":"https:\/\/lubrimas.pe\/tienda\/#organization","name":"Lubrimas.pe","url":"https:\/\/lubrimas.pe\/tienda\/","logo":{"@type":"ImageObject","inLanguage":"es","@id":"https:\/\/lubrimas.pe\/tienda\/#\/schema\/logo\/image\/","url":"https:\/\/lubrimas.pe\/tienda\/wp-content\/uploads\/sites\/3\/2022\/07\/BANNERS-PROMO-CYBER-WOW-LUBRIMASPE-2022-07.webp","contentUrl":"https:\/\/lubrimas.pe\/tienda\/wp-content\/uploads\/sites\/3\/2022\/07\/BANNERS-PROMO-CYBER-WOW-LUBRIMASPE-2022-07.webp","width":500,"height":752,"caption":"Lubrimas.pe"},"image":{"@id":"https:\/\/lubrimas.pe\/tienda\/#\/schema\/logo\/image\/"}}]}},"_links":{"self":[{"href":"https:\/\/lubrimas.pe\/tienda\/wp-json\/wp\/v2\/product\/12797","targetHints":{"allow":["GET"]}}],"collection":[{"href":"https:\/\/lubrimas.pe\/tienda\/wp-json\/wp\/v2\/product"}],"about":[{"href":"https:\/\/lubrimas.pe\/tienda\/wp-json\/wp\/v2\/types\/product"}],"wp:featuredmedia":[{"embeddable":true,"href":"https:\/\/lubrimas.pe\/tienda\/wp-json\/wp\/v2\/media\/12800"}],"wp:attachment":[{"href":"https:\/\/lubrimas.pe\/tienda\/wp-json\/wp\/v2\/media?parent=12797"}],"wp:term":[{"taxonomy":"product_brand","embeddable":true,"href":"https:\/\/lubrimas.pe\/tienda\/wp-json\/wp\/v2\/product_brand?post=12797"},{"taxonomy":"product_cat","embeddable":true,"href":"https:\/\/lubrimas.pe\/tienda\/wp-json\/wp\/v2\/product_cat?post=12797"},{"taxonomy":"product_tag","embeddable":true,"href":"https:\/\/lubrimas.pe\/tienda\/wp-json\/wp\/v2\/product_tag?post=12797"}],"curies":[{"name":"wp","href":"https:\/\/api.w.org\/{rel}","templated":true}]}}