{"id":12815,"date":"2022-11-09T10:40:38","date_gmt":"2022-11-09T15:40:38","guid":{"rendered":"https:\/\/lubrimas.pe\/tienda\/?post_type=product&#038;p=12815"},"modified":"2026-03-17T11:48:41","modified_gmt":"2026-03-17T16:48:41","slug":"mannol-cvt-ns-3-8220-aceite-de-transmision-automatica-cvt","status":"publish","type":"product","link":"https:\/\/lubrimas.pe\/tienda\/aceite-de-caja\/mannol-cvt-ns-3-8220-aceite-de-transmision-automatica-cvt\/","title":{"rendered":"MANNOL CVT NS-3 [8220] &#8211; Aceite de Transmisi\u00f3n Autom\u00e1tica CVT"},"content":{"rendered":"<p><strong>MANNOL CVT NS-3 [8220]<\/strong> es un l\u00edquido de transmisi\u00f3n sint\u00e9tico especial para transmisiones de variaci\u00f3n continua con transmisi\u00f3n de velocidad variable por correa en V CVTF (Fluido de transmisi\u00f3n de variaci\u00f3n continua). Asegura un funcionamiento impecable de una caja de cambios autom\u00e1tica, garantiza un desgaste m\u00ednimo, una vida \u00fatil duradera de la transmisi\u00f3n y econom\u00eda de combustible en todas las condiciones y modos de funcionamiento.<\/p>\n<p>MANOL CVT NS-3 [8220]\u00a0es especialmente desarrollado para el cambio de velocidad variable de \u00faltima generaci\u00f3n JATCO CVT8 (JF016E\/JF017E) utilizado en los veh\u00edculos Nissan: Teana, Pathfinder, Altima, Serena y Suzuki Landy. Es adecuado para engranajes de velocidad variable de veh\u00edculos MITSUBISHI, RENAULT, BMW, etc. de acuerdo con la lista proporcionada anteriormente.<\/p>\n<h5><strong>CARACTER\u00cdSTICAS PRINCIPALES<\/strong><\/h5>\n<ul>\n<li>La base sint\u00e9tica \u00fanica de alta viscosidad de la m\u00e1s alta calidad con un alto \u00edndice de viscosidad constante en combinaci\u00f3n con un paquete de aditivos multifuncionales conserva todas sus propiedades en una amplia gama de temperaturas: asegura buenas propiedades lubricantes a baja (-45 \u00b0 C y menos) temperaturas en invierno y asegura una pel\u00edcula de aceite estable bajo cargas extremas y a altas temperaturas en verano.<\/li>\n<li>La combinaci\u00f3n de aditivos de alta tecnolog\u00eda garantiza una estabilidad superior de las propiedades de fricci\u00f3n de la correa, lo que garantiza un importante ahorro de combustible, un cambio de transmisi\u00f3n suave e ideal y una mayor vida \u00fatil de todos los elementos de transmisi\u00f3n debido a sus excelentes propiedades lubricantes.<\/li>\n<li>Proporciona una excelente compatibilidad con los materiales de sellado, evita que se hinchen, endurezcan y encojan, reduciendo as\u00ed los costos de repuestos y evitando fugas.<\/li>\n<li>Posee una mayor estabilidad termo-oxidativa y qu\u00edmica y resistencia a la degradaci\u00f3n t\u00e9rmica a alta temperatura a lo largo de toda su vida \u00fatil. Permite reducir el lacado, la formaci\u00f3n de lodos, holl\u00edn y otros dep\u00f3sitos de carb\u00f3n, aumentando significativamente el tiempo entre cambios de aceite y asegurando la durabilidad de los componentes de la transmisi\u00f3n, reduciendo as\u00ed los costos de mantenimiento de los equipos.<\/li>\n<li>Debido a la adici\u00f3n de inhibidores especiales, protege eficazmente las piezas met\u00e1licas de las aleaciones ferrosas y no ferrosas de la corrosi\u00f3n tanto cuando est\u00e1n en funcionamiento como cuando no lo est\u00e1n.<\/li>\n<li>Resiste eficazmente la aireaci\u00f3n, la formaci\u00f3n de espuma y la cavitaci\u00f3n, tiene excelentes propiedades refrescantes; Tiene baja p\u00e9rdida por evaporaci\u00f3n.<\/li>\n<li>Evita vibraciones y reduce el ruido.<\/li>\n<\/ul>\n<h5><strong>APROBACIONES \/ ESPECIFICACIONES<\/strong><\/h5>\n<p>BMW 83 22 0 136 376, BMW 83 22 0 429 154, BMW EZL799, BMW EZL799A, BMW ZF CVT V1, Perforadora BMW EZL 799, Perforadora BMW EZL 799A,\u00a0CHRYSLER CVTF+4, VOLKSWAGEN G 052 180, VOLKSWAGEN G 052 516, DAIHATSU AMMIX CVTF-DC, DAIHATSU AMMIX CVT-DFE, DODGE NS-2, FORD CVT23, FORD CFT30,\u00a0FORD MERCON C,\u00a0FORD MOTORCRAFT XT-7-QCFT,\u00a0FORD WSS-M2C933-A, GM SATURNO CVTF I-Verde2, GM SATURN DEX-CVT, HONDA HMMF HCF-2, HONDA HMMF (Sin embrague de arranque), HONDA CVTF, HYUNDAI SP-CVT 1, JEEP NS-2, KIA SP-CVT 1, MAZDA CVTF 3320, MB 236.20, MB CVT28, MINI 83 22 0 136 376, MINI 83 22 0 429 154, MINI EZL799, MINI EZL799A, MINI ZF CVT V1, MINI Perforadora EZL 799, MINI Perforadora EZL 799A, MITSUBISHI DiaQueen CVTF-J1, MITSUBISHI DiaQueen CVTF-J4, MOPAR CVTF+4,\u00a0NISSAN Matic W,\u00a0NISSAN NS-3,\u00a0NISSAN NS-2,\u00a0NISSAN NS-1, AFNOR FRANCIA Aceite Hidr\u00e1ulico Industrial,\u00a0RENAULT ELFMATIC, SUBARU LINEARTRONIC CVTF II, SUBARU LINEARTRONIC CVTF, SUBARU E-CVTF, SUBARU I-CVTF, SUBARU CV-30, SUZUKI CVT L\u00edquido Verde 1, SUZUKI CVT L\u00edquido Verde 2, Fluido SUZUKI CVT NS-2, SUZUKI TC, SUZUKI CVTF 3320, TOYOTA CVT L\u00edquido TC, TOYOTA CVT L\u00edquido FE<\/p>\n<h5><strong>INFORMACI\u00d3N ADICIONAL<\/strong><\/h5>\n<div class=\"aditional-info-tecnical-lp\"><a href=\"https:\/\/lubrimas.pe\/tienda\/wp-content\/uploads\/sites\/3\/2022\/11\/FICHA-TECNICA-ACEITE-DE-TRANSMISION-AUTOMATICA-CVT-CVTF-NISSAN-FULL-SINTETICO-MANNOL-CVT-NS-3-LUBRIMASPE-LOS-OLIVOS-LIMA-PERU.pdf\" target=\"_blank\" rel=\"noopener\">FICHA T\u00c9CNICA<\/a><br \/>\n<a href=\"https:\/\/www.mannol.de\/products\/gear-oils-and-transmission-fluids\/atf-premium-quality-line\/mannol-cvt-ns-3\" target=\"_blank\" rel=\"noopener\">SITIO OFICIAL<\/a><\/div>\n<div><\/div>\n<p>&nbsp;<\/p>\n<blockquote><p>MANNOL, NS-3, NS3, NISSAN, ACEITE, FULL SINT\u00c9TICO, COMPATIBLE DE ALTA CALIDAD<\/p><\/blockquote>\n","protected":false},"excerpt":{"rendered":"<p>MANNOL CVT NS-3 [8220] es un l\u00edquido de transmisi\u00f3n sint\u00e9tico especial para transmisiones de variaci\u00f3n continua con transmisi\u00f3n de velocidad variable por correa en V CVTF (Fluido de transmisi\u00f3n de<\/p>\n","protected":false},"featured_media":13720,"template":"","meta":[],"product_brand":[],"product_cat":[27,32],"product_tag":[],"class_list":{"0":"post-12815","1":"product","2":"type-product","3":"status-publish","4":"has-post-thumbnail","6":"product_cat-aceite-de-caja","7":"product_cat-caja-automatica","8":"pa_especificaciones-bmw-83-22-0-136-376","9":"pa_especificaciones-bmw-83-22-0-429-154","10":"pa_especificaciones-bmw-ezl799","11":"pa_marca-mannol","12":"pa_transmision-atf","13":"pa_transmision-cvt","14":"pa_transmision-ns-3","16":"first","17":"instock","18":"sale","19":"shipping-taxable","20":"purchasable","21":"product-type-variable","22":"has-default-attributes"},"yoast_head":"<!-- This site is optimized with the Yoast SEO plugin v27.5 - https:\/\/yoast.com\/product\/yoast-seo-wordpress\/ -->\n<title>MANNOL CVT NS-3 [8220] | Lubrimas.pe | Tienda Online<\/title>\n<meta name=\"description\" content=\"MANNOL CVT NS-3 [8220] es un l\u00edquido de transmisi\u00f3n sint\u00e9tico especial especialmente desarrollado para NISSAN, SUZUKI, MITSUBISHI, RENAULT, BMW.\" \/>\n<meta name=\"robots\" content=\"index, follow, max-snippet:-1, max-image-preview:large, max-video-preview:-1\" \/>\n<link rel=\"canonical\" href=\"https:\/\/lubrimas.pe\/tienda\/aceite-de-caja\/mannol-cvt-ns-3-8220-aceite-de-transmision-automatica-cvt\/\" \/>\n<meta property=\"og:locale\" content=\"es_ES\" \/>\n<meta property=\"og:type\" content=\"article\" \/>\n<meta property=\"og:title\" content=\"MANNOL CVT NS-3 [8220] | Lubrimas.pe | Tienda Online\" \/>\n<meta property=\"og:description\" content=\"MANNOL CVT NS-3 [8220] es un l\u00edquido de transmisi\u00f3n sint\u00e9tico especial especialmente desarrollado para NISSAN, SUZUKI, MITSUBISHI, RENAULT, BMW.\" \/>\n<meta property=\"og:url\" content=\"https:\/\/lubrimas.pe\/tienda\/aceite-de-caja\/mannol-cvt-ns-3-8220-aceite-de-transmision-automatica-cvt\/\" \/>\n<meta property=\"og:site_name\" content=\"Lubrimas.pe | Tienda Online\" \/>\n<meta property=\"article:modified_time\" content=\"2026-03-17T16:48:41+00:00\" \/>\n<meta property=\"og:image\" content=\"https:\/\/lubrimas.pe\/tienda\/wp-content\/uploads\/sites\/3\/2022\/11\/lubrimaspe-mannol-atf-cvt-nissan-ns3-lata-1l-litro.webp\" \/>\n\t<meta property=\"og:image:width\" content=\"850\" \/>\n\t<meta property=\"og:image:height\" content=\"1000\" \/>\n\t<meta property=\"og:image:type\" content=\"image\/webp\" \/>\n<meta name=\"twitter:card\" content=\"summary_large_image\" \/>\n<meta name=\"twitter:label1\" content=\"Tiempo de lectura\" \/>\n\t<meta name=\"twitter:data1\" content=\"2 minutos\" \/>\n<script type=\"application\/ld+json\" class=\"yoast-schema-graph\">{\"@context\":\"https:\\\/\\\/schema.org\",\"@graph\":[{\"@type\":[\"WebPage\",\"ItemPage\"],\"@id\":\"https:\\\/\\\/lubrimas.pe\\\/tienda\\\/aceite-de-caja\\\/mannol-cvt-ns-3-8220-aceite-de-transmision-automatica-cvt\\\/\",\"url\":\"https:\\\/\\\/lubrimas.pe\\\/tienda\\\/aceite-de-caja\\\/mannol-cvt-ns-3-8220-aceite-de-transmision-automatica-cvt\\\/\",\"name\":\"MANNOL CVT NS-3 [8220] | Lubrimas.pe | Tienda Online\",\"isPartOf\":{\"@id\":\"https:\\\/\\\/lubrimas.pe\\\/tienda\\\/#website\"},\"primaryImageOfPage\":{\"@id\":\"https:\\\/\\\/lubrimas.pe\\\/tienda\\\/aceite-de-caja\\\/mannol-cvt-ns-3-8220-aceite-de-transmision-automatica-cvt\\\/#primaryimage\"},\"image\":{\"@id\":\"https:\\\/\\\/lubrimas.pe\\\/tienda\\\/aceite-de-caja\\\/mannol-cvt-ns-3-8220-aceite-de-transmision-automatica-cvt\\\/#primaryimage\"},\"thumbnailUrl\":\"https:\\\/\\\/lubrimas.pe\\\/tienda\\\/wp-content\\\/uploads\\\/sites\\\/3\\\/2022\\\/11\\\/lubrimaspe-mannol-atf-cvt-nissan-ns3-lata-1l-litro.webp\",\"datePublished\":\"2022-11-09T15:40:38+00:00\",\"dateModified\":\"2026-03-17T16:48:41+00:00\",\"description\":\"MANNOL CVT NS-3 [8220] es un l\u00edquido de transmisi\u00f3n sint\u00e9tico especial especialmente desarrollado para NISSAN, SUZUKI, MITSUBISHI, RENAULT, BMW.\",\"breadcrumb\":{\"@id\":\"https:\\\/\\\/lubrimas.pe\\\/tienda\\\/aceite-de-caja\\\/mannol-cvt-ns-3-8220-aceite-de-transmision-automatica-cvt\\\/#breadcrumb\"},\"inLanguage\":\"es\",\"potentialAction\":[{\"@type\":\"ReadAction\",\"target\":[\"https:\\\/\\\/lubrimas.pe\\\/tienda\\\/aceite-de-caja\\\/mannol-cvt-ns-3-8220-aceite-de-transmision-automatica-cvt\\\/\"]}]},{\"@type\":\"ImageObject\",\"inLanguage\":\"es\",\"@id\":\"https:\\\/\\\/lubrimas.pe\\\/tienda\\\/aceite-de-caja\\\/mannol-cvt-ns-3-8220-aceite-de-transmision-automatica-cvt\\\/#primaryimage\",\"url\":\"https:\\\/\\\/lubrimas.pe\\\/tienda\\\/wp-content\\\/uploads\\\/sites\\\/3\\\/2022\\\/11\\\/lubrimaspe-mannol-atf-cvt-nissan-ns3-lata-1l-litro.webp\",\"contentUrl\":\"https:\\\/\\\/lubrimas.pe\\\/tienda\\\/wp-content\\\/uploads\\\/sites\\\/3\\\/2022\\\/11\\\/lubrimaspe-mannol-atf-cvt-nissan-ns3-lata-1l-litro.webp\",\"width\":850,\"height\":1000},{\"@type\":\"BreadcrumbList\",\"@id\":\"https:\\\/\\\/lubrimas.pe\\\/tienda\\\/aceite-de-caja\\\/mannol-cvt-ns-3-8220-aceite-de-transmision-automatica-cvt\\\/#breadcrumb\",\"itemListElement\":[{\"@type\":\"ListItem\",\"position\":1,\"name\":\"Portada\",\"item\":\"https:\\\/\\\/lubrimas.pe\\\/tienda\\\/\"},{\"@type\":\"ListItem\",\"position\":2,\"name\":\"Cat\u00e1logo\",\"item\":\"https:\\\/\\\/lubrimas.pe\\\/tienda\\\/productos\\\/\"},{\"@type\":\"ListItem\",\"position\":3,\"name\":\"MANNOL CVT NS-3 [8220] &#8211; Aceite de Transmisi\u00f3n Autom\u00e1tica CVT\"}]},{\"@type\":\"WebSite\",\"@id\":\"https:\\\/\\\/lubrimas.pe\\\/tienda\\\/#website\",\"url\":\"https:\\\/\\\/lubrimas.pe\\\/tienda\\\/\",\"name\":\"Lubrimas.pe | Tienda Online\",\"description\":\"Tus lubricantes favoritos al mejor precio!\",\"publisher\":{\"@id\":\"https:\\\/\\\/lubrimas.pe\\\/tienda\\\/#organization\"},\"potentialAction\":[{\"@type\":\"SearchAction\",\"target\":{\"@type\":\"EntryPoint\",\"urlTemplate\":\"https:\\\/\\\/lubrimas.pe\\\/tienda\\\/?s={search_term_string}\"},\"query-input\":{\"@type\":\"PropertyValueSpecification\",\"valueRequired\":true,\"valueName\":\"search_term_string\"}}],\"inLanguage\":\"es\"},{\"@type\":\"Organization\",\"@id\":\"https:\\\/\\\/lubrimas.pe\\\/tienda\\\/#organization\",\"name\":\"Lubrimas.pe\",\"url\":\"https:\\\/\\\/lubrimas.pe\\\/tienda\\\/\",\"logo\":{\"@type\":\"ImageObject\",\"inLanguage\":\"es\",\"@id\":\"https:\\\/\\\/lubrimas.pe\\\/tienda\\\/#\\\/schema\\\/logo\\\/image\\\/\",\"url\":\"https:\\\/\\\/lubrimas.pe\\\/tienda\\\/wp-content\\\/uploads\\\/sites\\\/3\\\/2022\\\/07\\\/BANNERS-PROMO-CYBER-WOW-LUBRIMASPE-2022-07.webp\",\"contentUrl\":\"https:\\\/\\\/lubrimas.pe\\\/tienda\\\/wp-content\\\/uploads\\\/sites\\\/3\\\/2022\\\/07\\\/BANNERS-PROMO-CYBER-WOW-LUBRIMASPE-2022-07.webp\",\"width\":500,\"height\":752,\"caption\":\"Lubrimas.pe\"},\"image\":{\"@id\":\"https:\\\/\\\/lubrimas.pe\\\/tienda\\\/#\\\/schema\\\/logo\\\/image\\\/\"}}]}<\/script>\n<!-- \/ Yoast SEO plugin. -->","yoast_head_json":{"title":"MANNOL CVT NS-3 [8220] | Lubrimas.pe | Tienda Online","description":"MANNOL CVT NS-3 [8220] es un l\u00edquido de transmisi\u00f3n sint\u00e9tico especial especialmente desarrollado para NISSAN, SUZUKI, MITSUBISHI, RENAULT, BMW.","robots":{"index":"index","follow":"follow","max-snippet":"max-snippet:-1","max-image-preview":"max-image-preview:large","max-video-preview":"max-video-preview:-1"},"canonical":"https:\/\/lubrimas.pe\/tienda\/aceite-de-caja\/mannol-cvt-ns-3-8220-aceite-de-transmision-automatica-cvt\/","og_locale":"es_ES","og_type":"article","og_title":"MANNOL CVT NS-3 [8220] | Lubrimas.pe | Tienda Online","og_description":"MANNOL CVT NS-3 [8220] es un l\u00edquido de transmisi\u00f3n sint\u00e9tico especial especialmente desarrollado para NISSAN, SUZUKI, MITSUBISHI, RENAULT, BMW.","og_url":"https:\/\/lubrimas.pe\/tienda\/aceite-de-caja\/mannol-cvt-ns-3-8220-aceite-de-transmision-automatica-cvt\/","og_site_name":"Lubrimas.pe | Tienda Online","article_modified_time":"2026-03-17T16:48:41+00:00","og_image":[{"width":850,"height":1000,"url":"https:\/\/lubrimas.pe\/tienda\/wp-content\/uploads\/sites\/3\/2022\/11\/lubrimaspe-mannol-atf-cvt-nissan-ns3-lata-1l-litro.webp","type":"image\/webp"}],"twitter_card":"summary_large_image","twitter_misc":{"Tiempo de lectura":"2 minutos"},"schema":{"@context":"https:\/\/schema.org","@graph":[{"@type":["WebPage","ItemPage"],"@id":"https:\/\/lubrimas.pe\/tienda\/aceite-de-caja\/mannol-cvt-ns-3-8220-aceite-de-transmision-automatica-cvt\/","url":"https:\/\/lubrimas.pe\/tienda\/aceite-de-caja\/mannol-cvt-ns-3-8220-aceite-de-transmision-automatica-cvt\/","name":"MANNOL CVT NS-3 [8220] | Lubrimas.pe | Tienda Online","isPartOf":{"@id":"https:\/\/lubrimas.pe\/tienda\/#website"},"primaryImageOfPage":{"@id":"https:\/\/lubrimas.pe\/tienda\/aceite-de-caja\/mannol-cvt-ns-3-8220-aceite-de-transmision-automatica-cvt\/#primaryimage"},"image":{"@id":"https:\/\/lubrimas.pe\/tienda\/aceite-de-caja\/mannol-cvt-ns-3-8220-aceite-de-transmision-automatica-cvt\/#primaryimage"},"thumbnailUrl":"https:\/\/lubrimas.pe\/tienda\/wp-content\/uploads\/sites\/3\/2022\/11\/lubrimaspe-mannol-atf-cvt-nissan-ns3-lata-1l-litro.webp","datePublished":"2022-11-09T15:40:38+00:00","dateModified":"2026-03-17T16:48:41+00:00","description":"MANNOL CVT NS-3 [8220] es un l\u00edquido de transmisi\u00f3n sint\u00e9tico especial especialmente desarrollado para NISSAN, SUZUKI, MITSUBISHI, RENAULT, BMW.","breadcrumb":{"@id":"https:\/\/lubrimas.pe\/tienda\/aceite-de-caja\/mannol-cvt-ns-3-8220-aceite-de-transmision-automatica-cvt\/#breadcrumb"},"inLanguage":"es","potentialAction":[{"@type":"ReadAction","target":["https:\/\/lubrimas.pe\/tienda\/aceite-de-caja\/mannol-cvt-ns-3-8220-aceite-de-transmision-automatica-cvt\/"]}]},{"@type":"ImageObject","inLanguage":"es","@id":"https:\/\/lubrimas.pe\/tienda\/aceite-de-caja\/mannol-cvt-ns-3-8220-aceite-de-transmision-automatica-cvt\/#primaryimage","url":"https:\/\/lubrimas.pe\/tienda\/wp-content\/uploads\/sites\/3\/2022\/11\/lubrimaspe-mannol-atf-cvt-nissan-ns3-lata-1l-litro.webp","contentUrl":"https:\/\/lubrimas.pe\/tienda\/wp-content\/uploads\/sites\/3\/2022\/11\/lubrimaspe-mannol-atf-cvt-nissan-ns3-lata-1l-litro.webp","width":850,"height":1000},{"@type":"BreadcrumbList","@id":"https:\/\/lubrimas.pe\/tienda\/aceite-de-caja\/mannol-cvt-ns-3-8220-aceite-de-transmision-automatica-cvt\/#breadcrumb","itemListElement":[{"@type":"ListItem","position":1,"name":"Portada","item":"https:\/\/lubrimas.pe\/tienda\/"},{"@type":"ListItem","position":2,"name":"Cat\u00e1logo","item":"https:\/\/lubrimas.pe\/tienda\/productos\/"},{"@type":"ListItem","position":3,"name":"MANNOL CVT NS-3 [8220] &#8211; Aceite de Transmisi\u00f3n Autom\u00e1tica CVT"}]},{"@type":"WebSite","@id":"https:\/\/lubrimas.pe\/tienda\/#website","url":"https:\/\/lubrimas.pe\/tienda\/","name":"Lubrimas.pe | Tienda Online","description":"Tus lubricantes favoritos al mejor precio!","publisher":{"@id":"https:\/\/lubrimas.pe\/tienda\/#organization"},"potentialAction":[{"@type":"SearchAction","target":{"@type":"EntryPoint","urlTemplate":"https:\/\/lubrimas.pe\/tienda\/?s={search_term_string}"},"query-input":{"@type":"PropertyValueSpecification","valueRequired":true,"valueName":"search_term_string"}}],"inLanguage":"es"},{"@type":"Organization","@id":"https:\/\/lubrimas.pe\/tienda\/#organization","name":"Lubrimas.pe","url":"https:\/\/lubrimas.pe\/tienda\/","logo":{"@type":"ImageObject","inLanguage":"es","@id":"https:\/\/lubrimas.pe\/tienda\/#\/schema\/logo\/image\/","url":"https:\/\/lubrimas.pe\/tienda\/wp-content\/uploads\/sites\/3\/2022\/07\/BANNERS-PROMO-CYBER-WOW-LUBRIMASPE-2022-07.webp","contentUrl":"https:\/\/lubrimas.pe\/tienda\/wp-content\/uploads\/sites\/3\/2022\/07\/BANNERS-PROMO-CYBER-WOW-LUBRIMASPE-2022-07.webp","width":500,"height":752,"caption":"Lubrimas.pe"},"image":{"@id":"https:\/\/lubrimas.pe\/tienda\/#\/schema\/logo\/image\/"}}]}},"_links":{"self":[{"href":"https:\/\/lubrimas.pe\/tienda\/wp-json\/wp\/v2\/product\/12815","targetHints":{"allow":["GET"]}}],"collection":[{"href":"https:\/\/lubrimas.pe\/tienda\/wp-json\/wp\/v2\/product"}],"about":[{"href":"https:\/\/lubrimas.pe\/tienda\/wp-json\/wp\/v2\/types\/product"}],"wp:featuredmedia":[{"embeddable":true,"href":"https:\/\/lubrimas.pe\/tienda\/wp-json\/wp\/v2\/media\/13720"}],"wp:attachment":[{"href":"https:\/\/lubrimas.pe\/tienda\/wp-json\/wp\/v2\/media?parent=12815"}],"wp:term":[{"taxonomy":"product_brand","embeddable":true,"href":"https:\/\/lubrimas.pe\/tienda\/wp-json\/wp\/v2\/product_brand?post=12815"},{"taxonomy":"product_cat","embeddable":true,"href":"https:\/\/lubrimas.pe\/tienda\/wp-json\/wp\/v2\/product_cat?post=12815"},{"taxonomy":"product_tag","embeddable":true,"href":"https:\/\/lubrimas.pe\/tienda\/wp-json\/wp\/v2\/product_tag?post=12815"}],"curies":[{"name":"wp","href":"https:\/\/api.w.org\/{rel}","templated":true}]}}