{"id":12831,"date":"2022-11-11T17:20:12","date_gmt":"2022-11-11T22:20:12","guid":{"rendered":"https:\/\/lubrimas.pe\/tienda\/?post_type=product&#038;p=12831"},"modified":"2025-12-17T17:08:50","modified_gmt":"2025-12-17T22:08:50","slug":"liqui-moly-mos2-leichtlauf-10w40-aceite-de-motor","status":"publish","type":"product","link":"https:\/\/lubrimas.pe\/tienda\/aceite-de-motor\/liqui-moly-mos2-leichtlauf-10w40-aceite-de-motor\/","title":{"rendered":"LIQUI MOLY MOS2 LEICHTLAUF 10W40 &#8211; Aceite de Motor"},"content":{"rendered":"<p><strong>LIQUI MOLY MOS2 LEICHTLAUF 10W40 <\/strong><span class=\"value\">es un aceite de motor antifricci\u00f3n semisint\u00e9tico con un extra de protecci\u00f3n antidesgaste gracias al lubricante s\u00f3lido MoS2. El MoS2 forma una pel\u00edcula lubricante altamente resistente sobre todas las superficies de metal sometidas a fricci\u00f3n y deslizamiento. La rapid\u00edsima lubricaci\u00f3n en el arranque y una fricci\u00f3n m\u00ednima en el servicio de marcha proporcionan una vida del motor extremadamente larga. Garantiza reservas de seguridad m\u00e1ximas en la fase de arranque y calentamiento, en caso de cargas extremas, en el tr\u00e1fico con retenciones, etc. Aumenta la seguridad de funcionamiento gracias a la protecci\u00f3n excelente contra la marcha en seco. Disminuye el consumo de combustible y de aceite. Producto especial desarrollado por la casa LIQUI MOLY.<\/span><\/p>\n<h5><strong>CARACTER\u00cdSTICAS PRINCIPALES<\/strong><\/h5>\n<p>LIQUI MOLY MOS2 LEICHTLAUF 10W40 incluye en su formulaci\u00f3n el aditivo Mos2. Lo que le otorga en conjunto una tonalidad gris al producto.<\/p>\n<ul>\n<li>Excelente limpieza del motor.<\/li>\n<li>Excelente protecci\u00f3n contra el desgaste.<\/li>\n<li>Apto para motores de gasolina y di\u00e9sel, con y sin turbosobrealimentaci\u00f3n (ATL).<\/li>\n<li>Buen comportamiento de arranque en fr\u00edo.<\/li>\n<li>Excelentes propiedades de marcha de emergencia.<\/li>\n<li>Sin efectos perjudiciales para los catalizadores.<\/li>\n<li>R\u00e1pida alimentaci\u00f3n de aceite con temperaturas bajas.<\/li>\n<li>Resistente al envejecimiento, de viscosidad estable.<\/li>\n<\/ul>\n<h5><strong>APROBACIONES \/ ESPECIFICACIONES OEM<\/strong><\/h5>\n<p>ACEA A3, ACEA B4, API SL<\/p>\n<h5><strong>INFORMACI\u00d3N ADICIONAL<\/strong><\/h5>\n<div class=\"aditional-info-tecnical-lp\"><a href=\"https:\/\/pim.liqui-moly.de\/ws\/pi\/article\/2042?language=es\" target=\"_blank\" rel=\"noopener\">FICHA T\u00c9CNICA<\/a><br \/>\n<a href=\"https:\/\/www.liqui-moly.com\/es\/mos2-leichtlauf-10w-40-p000207.html#2626\" target=\"_blank\" rel=\"noopener\">SITIO OFICIAL<\/a><\/div>\n<div id=\"showMore-product-info-overview-properties\"><\/div>\n<div><\/div>\n<p>&nbsp;<\/p>\n<blockquote><p>LM 2184, LM-2184, LM2184, LIQUIMOLY, LIQUI MOLY, ADITIVOS LUBRICANTES ALEMANES, MOS2, MOLYCRAFT, FRICCI\u00d3N, ADITIVO<\/p><\/blockquote>\n","protected":false},"excerpt":{"rendered":"<p>LIQUI MOLY MOS2 LEICHTLAUF 10W40 es un aceite de motor antifricci\u00f3n semisint\u00e9tico con un extra de protecci\u00f3n antidesgaste gracias al lubricante s\u00f3lido MoS2. El MoS2 forma una pel\u00edcula lubricante altamente<\/p>\n","protected":false},"featured_media":12835,"template":"","meta":[],"product_brand":[],"product_cat":[16,22],"product_tag":[23,24,25],"class_list":{"0":"post-12831","1":"product","2":"type-product","3":"status-publish","4":"has-post-thumbnail","6":"product_cat-aceite-de-motor","7":"product_cat-motor-gasolina-gas","8":"product_tag-aditivos-lubricantes-alemanes","9":"product_tag-liqui-moly","10":"product_tag-liquimoly","11":"pa_envio-envio-gratis","12":"pa_especificaciones-acea-a3","13":"pa_especificaciones-acea-a3-b4","14":"pa_especificaciones-acea-b4","15":"pa_grado-10w40","16":"pa_marca-liquimoly","18":"first","19":"instock","20":"shipping-taxable","21":"purchasable","22":"product-type-variable","23":"has-default-attributes"},"yoast_head":"<!-- This site is optimized with the Yoast SEO plugin v27.4 - https:\/\/yoast.com\/product\/yoast-seo-wordpress\/ -->\n<title>LIQUI MOLY MOS2 LEICHTLAUF 10W40 - Aceite de Motor | Lubrimas.pe | Tienda Online<\/title>\n<meta name=\"robots\" content=\"index, follow, max-snippet:-1, max-image-preview:large, max-video-preview:-1\" \/>\n<link rel=\"canonical\" href=\"https:\/\/lubrimas.pe\/tienda\/aceite-de-motor\/liqui-moly-mos2-leichtlauf-10w40-aceite-de-motor\/\" \/>\n<meta property=\"og:locale\" content=\"es_ES\" \/>\n<meta property=\"og:type\" content=\"article\" \/>\n<meta property=\"og:title\" content=\"LIQUI MOLY MOS2 LEICHTLAUF 10W40 - Aceite de Motor | Lubrimas.pe | Tienda Online\" \/>\n<meta property=\"og:description\" content=\"LIQUI MOLY MOS2 LEICHTLAUF 10W40 es un aceite de motor antifricci\u00f3n semisint\u00e9tico con un extra de protecci\u00f3n antidesgaste gracias al lubricante s\u00f3lido MoS2. El MoS2 forma una pel\u00edcula lubricante altamente\" \/>\n<meta property=\"og:url\" content=\"https:\/\/lubrimas.pe\/tienda\/aceite-de-motor\/liqui-moly-mos2-leichtlauf-10w40-aceite-de-motor\/\" \/>\n<meta property=\"og:site_name\" content=\"Lubrimas.pe | Tienda Online\" \/>\n<meta property=\"article:modified_time\" content=\"2025-12-17T22:08:50+00:00\" \/>\n<meta property=\"og:image\" content=\"https:\/\/lubrimas.pe\/tienda\/wp-content\/uploads\/sites\/3\/2022\/11\/lubrimas_pe-lubrimasperu_com-liqui-moly-liquimoly-mos2-leitchlauf-10w40-galon-aleman-5l-galon-aceite-de-motor-lima-peru-los-olivos.webp\" \/>\n\t<meta property=\"og:image:width\" content=\"835\" \/>\n\t<meta property=\"og:image:height\" content=\"1000\" \/>\n\t<meta property=\"og:image:type\" content=\"image\/webp\" \/>\n<meta name=\"twitter:card\" content=\"summary_large_image\" \/>\n<meta name=\"twitter:label1\" content=\"Tiempo de lectura\" \/>\n\t<meta name=\"twitter:data1\" content=\"1 minuto\" \/>\n<script type=\"application\/ld+json\" class=\"yoast-schema-graph\">{\"@context\":\"https:\\\/\\\/schema.org\",\"@graph\":[{\"@type\":[\"WebPage\",\"ItemPage\"],\"@id\":\"https:\\\/\\\/lubrimas.pe\\\/tienda\\\/aceite-de-motor\\\/liqui-moly-mos2-leichtlauf-10w40-aceite-de-motor\\\/\",\"url\":\"https:\\\/\\\/lubrimas.pe\\\/tienda\\\/aceite-de-motor\\\/liqui-moly-mos2-leichtlauf-10w40-aceite-de-motor\\\/\",\"name\":\"LIQUI MOLY MOS2 LEICHTLAUF 10W40 - Aceite de Motor | Lubrimas.pe | Tienda Online\",\"isPartOf\":{\"@id\":\"https:\\\/\\\/lubrimas.pe\\\/tienda\\\/#website\"},\"primaryImageOfPage\":{\"@id\":\"https:\\\/\\\/lubrimas.pe\\\/tienda\\\/aceite-de-motor\\\/liqui-moly-mos2-leichtlauf-10w40-aceite-de-motor\\\/#primaryimage\"},\"image\":{\"@id\":\"https:\\\/\\\/lubrimas.pe\\\/tienda\\\/aceite-de-motor\\\/liqui-moly-mos2-leichtlauf-10w40-aceite-de-motor\\\/#primaryimage\"},\"thumbnailUrl\":\"https:\\\/\\\/lubrimas.pe\\\/tienda\\\/wp-content\\\/uploads\\\/sites\\\/3\\\/2022\\\/11\\\/lubrimas_pe-lubrimasperu_com-liqui-moly-liquimoly-mos2-leitchlauf-10w40-galon-aleman-5l-galon-aceite-de-motor-lima-peru-los-olivos.webp\",\"datePublished\":\"2022-11-11T22:20:12+00:00\",\"dateModified\":\"2025-12-17T22:08:50+00:00\",\"breadcrumb\":{\"@id\":\"https:\\\/\\\/lubrimas.pe\\\/tienda\\\/aceite-de-motor\\\/liqui-moly-mos2-leichtlauf-10w40-aceite-de-motor\\\/#breadcrumb\"},\"inLanguage\":\"es\",\"potentialAction\":[{\"@type\":\"ReadAction\",\"target\":[\"https:\\\/\\\/lubrimas.pe\\\/tienda\\\/aceite-de-motor\\\/liqui-moly-mos2-leichtlauf-10w40-aceite-de-motor\\\/\"]}]},{\"@type\":\"ImageObject\",\"inLanguage\":\"es\",\"@id\":\"https:\\\/\\\/lubrimas.pe\\\/tienda\\\/aceite-de-motor\\\/liqui-moly-mos2-leichtlauf-10w40-aceite-de-motor\\\/#primaryimage\",\"url\":\"https:\\\/\\\/lubrimas.pe\\\/tienda\\\/wp-content\\\/uploads\\\/sites\\\/3\\\/2022\\\/11\\\/lubrimas_pe-lubrimasperu_com-liqui-moly-liquimoly-mos2-leitchlauf-10w40-galon-aleman-5l-galon-aceite-de-motor-lima-peru-los-olivos.webp\",\"contentUrl\":\"https:\\\/\\\/lubrimas.pe\\\/tienda\\\/wp-content\\\/uploads\\\/sites\\\/3\\\/2022\\\/11\\\/lubrimas_pe-lubrimasperu_com-liqui-moly-liquimoly-mos2-leitchlauf-10w40-galon-aleman-5l-galon-aceite-de-motor-lima-peru-los-olivos.webp\",\"width\":835,\"height\":1000},{\"@type\":\"BreadcrumbList\",\"@id\":\"https:\\\/\\\/lubrimas.pe\\\/tienda\\\/aceite-de-motor\\\/liqui-moly-mos2-leichtlauf-10w40-aceite-de-motor\\\/#breadcrumb\",\"itemListElement\":[{\"@type\":\"ListItem\",\"position\":1,\"name\":\"Portada\",\"item\":\"https:\\\/\\\/lubrimas.pe\\\/tienda\\\/\"},{\"@type\":\"ListItem\",\"position\":2,\"name\":\"Cat\u00e1logo\",\"item\":\"https:\\\/\\\/lubrimas.pe\\\/tienda\\\/productos\\\/\"},{\"@type\":\"ListItem\",\"position\":3,\"name\":\"LIQUI MOLY MOS2 LEICHTLAUF 10W40 &#8211; Aceite de Motor\"}]},{\"@type\":\"WebSite\",\"@id\":\"https:\\\/\\\/lubrimas.pe\\\/tienda\\\/#website\",\"url\":\"https:\\\/\\\/lubrimas.pe\\\/tienda\\\/\",\"name\":\"Lubrimas.pe | Tienda Online\",\"description\":\"Tus lubricantes favoritos al mejor precio!\",\"publisher\":{\"@id\":\"https:\\\/\\\/lubrimas.pe\\\/tienda\\\/#organization\"},\"potentialAction\":[{\"@type\":\"SearchAction\",\"target\":{\"@type\":\"EntryPoint\",\"urlTemplate\":\"https:\\\/\\\/lubrimas.pe\\\/tienda\\\/?s={search_term_string}\"},\"query-input\":{\"@type\":\"PropertyValueSpecification\",\"valueRequired\":true,\"valueName\":\"search_term_string\"}}],\"inLanguage\":\"es\"},{\"@type\":\"Organization\",\"@id\":\"https:\\\/\\\/lubrimas.pe\\\/tienda\\\/#organization\",\"name\":\"Lubrimas.pe\",\"url\":\"https:\\\/\\\/lubrimas.pe\\\/tienda\\\/\",\"logo\":{\"@type\":\"ImageObject\",\"inLanguage\":\"es\",\"@id\":\"https:\\\/\\\/lubrimas.pe\\\/tienda\\\/#\\\/schema\\\/logo\\\/image\\\/\",\"url\":\"https:\\\/\\\/lubrimas.pe\\\/tienda\\\/wp-content\\\/uploads\\\/sites\\\/3\\\/2022\\\/07\\\/BANNERS-PROMO-CYBER-WOW-LUBRIMASPE-2022-07.webp\",\"contentUrl\":\"https:\\\/\\\/lubrimas.pe\\\/tienda\\\/wp-content\\\/uploads\\\/sites\\\/3\\\/2022\\\/07\\\/BANNERS-PROMO-CYBER-WOW-LUBRIMASPE-2022-07.webp\",\"width\":500,\"height\":752,\"caption\":\"Lubrimas.pe\"},\"image\":{\"@id\":\"https:\\\/\\\/lubrimas.pe\\\/tienda\\\/#\\\/schema\\\/logo\\\/image\\\/\"}}]}<\/script>\n<!-- \/ Yoast SEO plugin. -->","yoast_head_json":{"title":"LIQUI MOLY MOS2 LEICHTLAUF 10W40 - Aceite de Motor | Lubrimas.pe | Tienda Online","robots":{"index":"index","follow":"follow","max-snippet":"max-snippet:-1","max-image-preview":"max-image-preview:large","max-video-preview":"max-video-preview:-1"},"canonical":"https:\/\/lubrimas.pe\/tienda\/aceite-de-motor\/liqui-moly-mos2-leichtlauf-10w40-aceite-de-motor\/","og_locale":"es_ES","og_type":"article","og_title":"LIQUI MOLY MOS2 LEICHTLAUF 10W40 - Aceite de Motor | Lubrimas.pe | Tienda Online","og_description":"LIQUI MOLY MOS2 LEICHTLAUF 10W40 es un aceite de motor antifricci\u00f3n semisint\u00e9tico con un extra de protecci\u00f3n antidesgaste gracias al lubricante s\u00f3lido MoS2. El MoS2 forma una pel\u00edcula lubricante altamente","og_url":"https:\/\/lubrimas.pe\/tienda\/aceite-de-motor\/liqui-moly-mos2-leichtlauf-10w40-aceite-de-motor\/","og_site_name":"Lubrimas.pe | Tienda Online","article_modified_time":"2025-12-17T22:08:50+00:00","og_image":[{"width":835,"height":1000,"url":"https:\/\/lubrimas.pe\/tienda\/wp-content\/uploads\/sites\/3\/2022\/11\/lubrimas_pe-lubrimasperu_com-liqui-moly-liquimoly-mos2-leitchlauf-10w40-galon-aleman-5l-galon-aceite-de-motor-lima-peru-los-olivos.webp","type":"image\/webp"}],"twitter_card":"summary_large_image","twitter_misc":{"Tiempo de lectura":"1 minuto"},"schema":{"@context":"https:\/\/schema.org","@graph":[{"@type":["WebPage","ItemPage"],"@id":"https:\/\/lubrimas.pe\/tienda\/aceite-de-motor\/liqui-moly-mos2-leichtlauf-10w40-aceite-de-motor\/","url":"https:\/\/lubrimas.pe\/tienda\/aceite-de-motor\/liqui-moly-mos2-leichtlauf-10w40-aceite-de-motor\/","name":"LIQUI MOLY MOS2 LEICHTLAUF 10W40 - Aceite de Motor | Lubrimas.pe | Tienda Online","isPartOf":{"@id":"https:\/\/lubrimas.pe\/tienda\/#website"},"primaryImageOfPage":{"@id":"https:\/\/lubrimas.pe\/tienda\/aceite-de-motor\/liqui-moly-mos2-leichtlauf-10w40-aceite-de-motor\/#primaryimage"},"image":{"@id":"https:\/\/lubrimas.pe\/tienda\/aceite-de-motor\/liqui-moly-mos2-leichtlauf-10w40-aceite-de-motor\/#primaryimage"},"thumbnailUrl":"https:\/\/lubrimas.pe\/tienda\/wp-content\/uploads\/sites\/3\/2022\/11\/lubrimas_pe-lubrimasperu_com-liqui-moly-liquimoly-mos2-leitchlauf-10w40-galon-aleman-5l-galon-aceite-de-motor-lima-peru-los-olivos.webp","datePublished":"2022-11-11T22:20:12+00:00","dateModified":"2025-12-17T22:08:50+00:00","breadcrumb":{"@id":"https:\/\/lubrimas.pe\/tienda\/aceite-de-motor\/liqui-moly-mos2-leichtlauf-10w40-aceite-de-motor\/#breadcrumb"},"inLanguage":"es","potentialAction":[{"@type":"ReadAction","target":["https:\/\/lubrimas.pe\/tienda\/aceite-de-motor\/liqui-moly-mos2-leichtlauf-10w40-aceite-de-motor\/"]}]},{"@type":"ImageObject","inLanguage":"es","@id":"https:\/\/lubrimas.pe\/tienda\/aceite-de-motor\/liqui-moly-mos2-leichtlauf-10w40-aceite-de-motor\/#primaryimage","url":"https:\/\/lubrimas.pe\/tienda\/wp-content\/uploads\/sites\/3\/2022\/11\/lubrimas_pe-lubrimasperu_com-liqui-moly-liquimoly-mos2-leitchlauf-10w40-galon-aleman-5l-galon-aceite-de-motor-lima-peru-los-olivos.webp","contentUrl":"https:\/\/lubrimas.pe\/tienda\/wp-content\/uploads\/sites\/3\/2022\/11\/lubrimas_pe-lubrimasperu_com-liqui-moly-liquimoly-mos2-leitchlauf-10w40-galon-aleman-5l-galon-aceite-de-motor-lima-peru-los-olivos.webp","width":835,"height":1000},{"@type":"BreadcrumbList","@id":"https:\/\/lubrimas.pe\/tienda\/aceite-de-motor\/liqui-moly-mos2-leichtlauf-10w40-aceite-de-motor\/#breadcrumb","itemListElement":[{"@type":"ListItem","position":1,"name":"Portada","item":"https:\/\/lubrimas.pe\/tienda\/"},{"@type":"ListItem","position":2,"name":"Cat\u00e1logo","item":"https:\/\/lubrimas.pe\/tienda\/productos\/"},{"@type":"ListItem","position":3,"name":"LIQUI MOLY MOS2 LEICHTLAUF 10W40 &#8211; Aceite de Motor"}]},{"@type":"WebSite","@id":"https:\/\/lubrimas.pe\/tienda\/#website","url":"https:\/\/lubrimas.pe\/tienda\/","name":"Lubrimas.pe | Tienda Online","description":"Tus lubricantes favoritos al mejor precio!","publisher":{"@id":"https:\/\/lubrimas.pe\/tienda\/#organization"},"potentialAction":[{"@type":"SearchAction","target":{"@type":"EntryPoint","urlTemplate":"https:\/\/lubrimas.pe\/tienda\/?s={search_term_string}"},"query-input":{"@type":"PropertyValueSpecification","valueRequired":true,"valueName":"search_term_string"}}],"inLanguage":"es"},{"@type":"Organization","@id":"https:\/\/lubrimas.pe\/tienda\/#organization","name":"Lubrimas.pe","url":"https:\/\/lubrimas.pe\/tienda\/","logo":{"@type":"ImageObject","inLanguage":"es","@id":"https:\/\/lubrimas.pe\/tienda\/#\/schema\/logo\/image\/","url":"https:\/\/lubrimas.pe\/tienda\/wp-content\/uploads\/sites\/3\/2022\/07\/BANNERS-PROMO-CYBER-WOW-LUBRIMASPE-2022-07.webp","contentUrl":"https:\/\/lubrimas.pe\/tienda\/wp-content\/uploads\/sites\/3\/2022\/07\/BANNERS-PROMO-CYBER-WOW-LUBRIMASPE-2022-07.webp","width":500,"height":752,"caption":"Lubrimas.pe"},"image":{"@id":"https:\/\/lubrimas.pe\/tienda\/#\/schema\/logo\/image\/"}}]}},"_links":{"self":[{"href":"https:\/\/lubrimas.pe\/tienda\/wp-json\/wp\/v2\/product\/12831","targetHints":{"allow":["GET"]}}],"collection":[{"href":"https:\/\/lubrimas.pe\/tienda\/wp-json\/wp\/v2\/product"}],"about":[{"href":"https:\/\/lubrimas.pe\/tienda\/wp-json\/wp\/v2\/types\/product"}],"wp:featuredmedia":[{"embeddable":true,"href":"https:\/\/lubrimas.pe\/tienda\/wp-json\/wp\/v2\/media\/12835"}],"wp:attachment":[{"href":"https:\/\/lubrimas.pe\/tienda\/wp-json\/wp\/v2\/media?parent=12831"}],"wp:term":[{"taxonomy":"product_brand","embeddable":true,"href":"https:\/\/lubrimas.pe\/tienda\/wp-json\/wp\/v2\/product_brand?post=12831"},{"taxonomy":"product_cat","embeddable":true,"href":"https:\/\/lubrimas.pe\/tienda\/wp-json\/wp\/v2\/product_cat?post=12831"},{"taxonomy":"product_tag","embeddable":true,"href":"https:\/\/lubrimas.pe\/tienda\/wp-json\/wp\/v2\/product_tag?post=12831"}],"curies":[{"name":"wp","href":"https:\/\/api.w.org\/{rel}","templated":true}]}}