{"id":12985,"date":"2023-01-23T16:08:27","date_gmt":"2023-01-23T21:08:27","guid":{"rendered":"https:\/\/lubrimas.pe\/tienda\/?post_type=product&#038;p=12985"},"modified":"2026-04-17T11:20:35","modified_gmt":"2026-04-17T16:20:35","slug":"liqui-moly-catalytic-system-clean-aditivo-de-limpieza-para-catalizadores","status":"publish","type":"product","link":"https:\/\/lubrimas.pe\/tienda\/aditivos\/liqui-moly-catalytic-system-clean-aditivo-de-limpieza-para-catalizadores\/","title":{"rendered":"LIQUI MOLY CATALYTIC SYSTEM CLEAN \u2013 Aditivo de limpieza para catalizadores"},"content":{"rendered":"<p><strong>LIQUI MOLY CATALYTIC SYSTEM CLEAN <\/strong>protege el catalizador contra obstrucciones de holl\u00edn. Limpia el sistema de inyecci\u00f3n y la c\u00e1mara de combusti\u00f3n. El mejorador de la combusti\u00f3n act\u00faa de forma directa, lo que tiene como consecuencia una reducci\u00f3n inmediata y mensurable de las emisiones de contaminantes. Los motores limpios consumen menos combustible y presentan menores emisiones de CO2. Evita la corrosi\u00f3n en el sistema de combustible. Probado en turbocompresores y catalizadores.<\/p>\n<h5 class=\"type\"><strong>CARACTER\u00cdSTICAS PRINCIPALES<\/strong><\/h5>\n<ul>\n<li class=\"type\">Asegura una combusti\u00f3n \u00f3ptima<\/li>\n<li class=\"type\">Asegura un menor consumo de combustible<\/li>\n<li class=\"type\">Con efecto de larga duraci\u00f3n<\/li>\n<li class=\"type\">Limpia el sistema de preparaci\u00f3n de la mezcla, as\u00ed como las v\u00e1lvulas de admisi\u00f3n y la c\u00e1mara de combusti\u00f3n<\/li>\n<li class=\"type\">Evita la corrosi\u00f3n en el sistema de combustible<\/li>\n<li class=\"value\">Probado en turbocompresores y catalizadores<\/li>\n<li class=\"value\">Protege el catalizador contra obstrucciones de holl\u00edn<\/li>\n<li class=\"value\">Mejora la combusti\u00f3n<\/li>\n<li class=\"value\">Reducci\u00f3n inmediata y mensurable de las emisiones de contaminantes<\/li>\n<li style=\"list-style-type: none;\">\n<ul>\n<li style=\"list-style-type: none;\">\n<ul>\n<li style=\"list-style-type: none;\"><\/li>\n<\/ul>\n<\/li>\n<\/ul>\n<\/li>\n<\/ul>\n<h5><strong>RECOMENDACIONES DE SU USO<\/strong><\/h5>\n<div>\n<div class=\"d-inline-block fs-9 product attribute description\">\n<p>Apto para todos los motores de gasolina con catalizador. Especialmente apropiado para la protecci\u00f3n preventiva. 300 ml son suficientes para hasta 70 l de combustible. El efecto se mantiene durante 2000 km.<\/p>\n<\/div>\n<div class=\"d-inline-block fs-9 product attribute application mt-2\">\n<p>A\u00f1adir al combustible para la protecci\u00f3n preventiva. 300 ml son suficientes para hasta 70 l de combustible. El momento de la adici\u00f3n es indiferente, ya que se mezcla autom\u00e1ticamente. El efecto se mantiene durante hasta 2.000 km.<\/p>\n<\/div>\n<\/div>\n<h5><strong>INFORMACI\u00d3N ADICIONAL<\/strong><\/h5>\n<div class=\"aditional-info-tecnical-lp\"><a href=\"https:\/\/www.liquimoly.pe\/wp-content\/uploads\/2018\/07\/8931-Catalytic-SystemCleaner-16.0-es.pdf\" target=\"_blank\" rel=\"noopener\">FICHA T\u00c9CNICA<\/a><br \/>\n<a href=\"https:\/\/www.liqui-moly.com\/es\/catalytic-system-clean-p004056.html#7110\" target=\"_blank\" rel=\"noopener\">SITIO OFICIAL<\/a><\/div>\n<p>&nbsp;<\/p>\n<blockquote><p><strong>LM7110, LM-7110, LM 7110, <\/strong>LIQUI MOLY, LIQUIMOLY, LIQUI MOLY, ADITIVO, CATALIZADOR, LIMPIEZA, PURGA<\/p><\/blockquote>\n","protected":false},"excerpt":{"rendered":"<p>LIQUI MOLY CATALYTIC SYSTEM CLEAN protege el catalizador contra obstrucciones de holl\u00edn. Limpia el sistema de inyecci\u00f3n y la c\u00e1mara de combusti\u00f3n. El mejorador de la combusti\u00f3n act\u00faa de forma<\/p>\n","protected":false},"featured_media":12988,"template":"","meta":[],"product_brand":[],"product_cat":[356,152],"product_tag":[],"class_list":{"0":"post-12985","1":"product","2":"type-product","3":"status-publish","4":"has-post-thumbnail","6":"product_cat-limpieza","7":"product_cat-aditivos","8":"pa_marca-liquimoly","10":"first","11":"instock","12":"shipping-taxable","13":"purchasable","14":"product-type-variable","15":"has-default-attributes"},"yoast_head":"<!-- This site is optimized with the Yoast SEO plugin v27.1.1 - https:\/\/yoast.com\/product\/yoast-seo-wordpress\/ -->\n<title>LIQUI MOLY CATALYTIC SYSTEM CLEAN \u2013 Aditivo de limpieza para catalizadores | Lubrimas.pe | Tienda Online<\/title>\n<meta name=\"robots\" content=\"index, follow, max-snippet:-1, max-image-preview:large, max-video-preview:-1\" \/>\n<link rel=\"canonical\" href=\"https:\/\/lubrimas.pe\/tienda\/aditivos\/liqui-moly-catalytic-system-clean-aditivo-de-limpieza-para-catalizadores\/\" \/>\n<meta property=\"og:locale\" content=\"es_ES\" \/>\n<meta property=\"og:type\" content=\"article\" \/>\n<meta property=\"og:title\" content=\"LIQUI MOLY CATALYTIC SYSTEM CLEAN \u2013 Aditivo de limpieza para catalizadores | Lubrimas.pe | Tienda Online\" \/>\n<meta property=\"og:description\" content=\"LIQUI MOLY CATALYTIC SYSTEM CLEAN protege el catalizador contra obstrucciones de holl\u00edn. Limpia el sistema de inyecci\u00f3n y la c\u00e1mara de combusti\u00f3n. El mejorador de la combusti\u00f3n act\u00faa de forma\" \/>\n<meta property=\"og:url\" content=\"https:\/\/lubrimas.pe\/tienda\/aditivos\/liqui-moly-catalytic-system-clean-aditivo-de-limpieza-para-catalizadores\/\" \/>\n<meta property=\"og:site_name\" content=\"Lubrimas.pe | Tienda Online\" \/>\n<meta property=\"article:modified_time\" content=\"2026-04-17T16:20:35+00:00\" \/>\n<meta property=\"og:image\" content=\"https:\/\/lubrimas.pe\/tienda\/wp-content\/uploads\/sites\/3\/2023\/01\/lubrimas_pe-lubrimasperu_com-liqui-moly-aditivo-motor-limpieza-catalizador-catalytic-system-clean-lima-peru-los-olivos.webp\" \/>\n\t<meta property=\"og:image:width\" content=\"850\" \/>\n\t<meta property=\"og:image:height\" content=\"1000\" \/>\n\t<meta property=\"og:image:type\" content=\"image\/webp\" \/>\n<meta name=\"twitter:card\" content=\"summary_large_image\" \/>\n<meta name=\"twitter:label1\" content=\"Tiempo de lectura\" \/>\n\t<meta name=\"twitter:data1\" content=\"1 minuto\" \/>\n<script type=\"application\/ld+json\" class=\"yoast-schema-graph\">{\"@context\":\"https:\/\/schema.org\",\"@graph\":[{\"@type\":[\"WebPage\",\"ItemPage\"],\"@id\":\"https:\/\/lubrimas.pe\/tienda\/aditivos\/liqui-moly-catalytic-system-clean-aditivo-de-limpieza-para-catalizadores\/\",\"url\":\"https:\/\/lubrimas.pe\/tienda\/aditivos\/liqui-moly-catalytic-system-clean-aditivo-de-limpieza-para-catalizadores\/\",\"name\":\"LIQUI MOLY CATALYTIC SYSTEM CLEAN \u2013 Aditivo de limpieza para catalizadores | Lubrimas.pe | Tienda Online\",\"isPartOf\":{\"@id\":\"https:\/\/lubrimas.pe\/tienda\/#website\"},\"primaryImageOfPage\":{\"@id\":\"https:\/\/lubrimas.pe\/tienda\/aditivos\/liqui-moly-catalytic-system-clean-aditivo-de-limpieza-para-catalizadores\/#primaryimage\"},\"image\":{\"@id\":\"https:\/\/lubrimas.pe\/tienda\/aditivos\/liqui-moly-catalytic-system-clean-aditivo-de-limpieza-para-catalizadores\/#primaryimage\"},\"thumbnailUrl\":\"https:\/\/lubrimas.pe\/tienda\/wp-content\/uploads\/sites\/3\/2023\/01\/lubrimas_pe-lubrimasperu_com-liqui-moly-aditivo-motor-limpieza-catalizador-catalytic-system-clean-lima-peru-los-olivos.webp\",\"datePublished\":\"2023-01-23T21:08:27+00:00\",\"dateModified\":\"2026-04-17T16:20:35+00:00\",\"breadcrumb\":{\"@id\":\"https:\/\/lubrimas.pe\/tienda\/aditivos\/liqui-moly-catalytic-system-clean-aditivo-de-limpieza-para-catalizadores\/#breadcrumb\"},\"inLanguage\":\"es\",\"potentialAction\":[{\"@type\":\"ReadAction\",\"target\":[\"https:\/\/lubrimas.pe\/tienda\/aditivos\/liqui-moly-catalytic-system-clean-aditivo-de-limpieza-para-catalizadores\/\"]}]},{\"@type\":\"ImageObject\",\"inLanguage\":\"es\",\"@id\":\"https:\/\/lubrimas.pe\/tienda\/aditivos\/liqui-moly-catalytic-system-clean-aditivo-de-limpieza-para-catalizadores\/#primaryimage\",\"url\":\"https:\/\/lubrimas.pe\/tienda\/wp-content\/uploads\/sites\/3\/2023\/01\/lubrimas_pe-lubrimasperu_com-liqui-moly-aditivo-motor-limpieza-catalizador-catalytic-system-clean-lima-peru-los-olivos.webp\",\"contentUrl\":\"https:\/\/lubrimas.pe\/tienda\/wp-content\/uploads\/sites\/3\/2023\/01\/lubrimas_pe-lubrimasperu_com-liqui-moly-aditivo-motor-limpieza-catalizador-catalytic-system-clean-lima-peru-los-olivos.webp\",\"width\":850,\"height\":1000},{\"@type\":\"BreadcrumbList\",\"@id\":\"https:\/\/lubrimas.pe\/tienda\/aditivos\/liqui-moly-catalytic-system-clean-aditivo-de-limpieza-para-catalizadores\/#breadcrumb\",\"itemListElement\":[{\"@type\":\"ListItem\",\"position\":1,\"name\":\"Portada\",\"item\":\"https:\/\/lubrimas.pe\/tienda\/\"},{\"@type\":\"ListItem\",\"position\":2,\"name\":\"Cat\u00e1logo\",\"item\":\"https:\/\/lubrimas.pe\/tienda\/productos\/\"},{\"@type\":\"ListItem\",\"position\":3,\"name\":\"LIQUI MOLY CATALYTIC SYSTEM CLEAN \u2013 Aditivo de limpieza para catalizadores\"}]},{\"@type\":\"WebSite\",\"@id\":\"https:\/\/lubrimas.pe\/tienda\/#website\",\"url\":\"https:\/\/lubrimas.pe\/tienda\/\",\"name\":\"Lubrimas.pe | Tienda Online\",\"description\":\"Tus lubricantes favoritos al mejor precio!\",\"publisher\":{\"@id\":\"https:\/\/lubrimas.pe\/tienda\/#organization\"},\"potentialAction\":[{\"@type\":\"SearchAction\",\"target\":{\"@type\":\"EntryPoint\",\"urlTemplate\":\"https:\/\/lubrimas.pe\/tienda\/?s={search_term_string}\"},\"query-input\":{\"@type\":\"PropertyValueSpecification\",\"valueRequired\":true,\"valueName\":\"search_term_string\"}}],\"inLanguage\":\"es\"},{\"@type\":\"Organization\",\"@id\":\"https:\/\/lubrimas.pe\/tienda\/#organization\",\"name\":\"Lubrimas.pe\",\"url\":\"https:\/\/lubrimas.pe\/tienda\/\",\"logo\":{\"@type\":\"ImageObject\",\"inLanguage\":\"es\",\"@id\":\"https:\/\/lubrimas.pe\/tienda\/#\/schema\/logo\/image\/\",\"url\":\"https:\/\/lubrimas.pe\/tienda\/wp-content\/uploads\/sites\/3\/2022\/07\/BANNERS-PROMO-CYBER-WOW-LUBRIMASPE-2022-07.webp\",\"contentUrl\":\"https:\/\/lubrimas.pe\/tienda\/wp-content\/uploads\/sites\/3\/2022\/07\/BANNERS-PROMO-CYBER-WOW-LUBRIMASPE-2022-07.webp\",\"width\":500,\"height\":752,\"caption\":\"Lubrimas.pe\"},\"image\":{\"@id\":\"https:\/\/lubrimas.pe\/tienda\/#\/schema\/logo\/image\/\"}}]}<\/script>\n<!-- \/ Yoast SEO plugin. -->","yoast_head_json":{"title":"LIQUI MOLY CATALYTIC SYSTEM CLEAN \u2013 Aditivo de limpieza para catalizadores | Lubrimas.pe | Tienda Online","robots":{"index":"index","follow":"follow","max-snippet":"max-snippet:-1","max-image-preview":"max-image-preview:large","max-video-preview":"max-video-preview:-1"},"canonical":"https:\/\/lubrimas.pe\/tienda\/aditivos\/liqui-moly-catalytic-system-clean-aditivo-de-limpieza-para-catalizadores\/","og_locale":"es_ES","og_type":"article","og_title":"LIQUI MOLY CATALYTIC SYSTEM CLEAN \u2013 Aditivo de limpieza para catalizadores | Lubrimas.pe | Tienda Online","og_description":"LIQUI MOLY CATALYTIC SYSTEM CLEAN protege el catalizador contra obstrucciones de holl\u00edn. Limpia el sistema de inyecci\u00f3n y la c\u00e1mara de combusti\u00f3n. El mejorador de la combusti\u00f3n act\u00faa de forma","og_url":"https:\/\/lubrimas.pe\/tienda\/aditivos\/liqui-moly-catalytic-system-clean-aditivo-de-limpieza-para-catalizadores\/","og_site_name":"Lubrimas.pe | Tienda Online","article_modified_time":"2026-04-17T16:20:35+00:00","og_image":[{"width":850,"height":1000,"url":"https:\/\/lubrimas.pe\/tienda\/wp-content\/uploads\/sites\/3\/2023\/01\/lubrimas_pe-lubrimasperu_com-liqui-moly-aditivo-motor-limpieza-catalizador-catalytic-system-clean-lima-peru-los-olivos.webp","type":"image\/webp"}],"twitter_card":"summary_large_image","twitter_misc":{"Tiempo de lectura":"1 minuto"},"schema":{"@context":"https:\/\/schema.org","@graph":[{"@type":["WebPage","ItemPage"],"@id":"https:\/\/lubrimas.pe\/tienda\/aditivos\/liqui-moly-catalytic-system-clean-aditivo-de-limpieza-para-catalizadores\/","url":"https:\/\/lubrimas.pe\/tienda\/aditivos\/liqui-moly-catalytic-system-clean-aditivo-de-limpieza-para-catalizadores\/","name":"LIQUI MOLY CATALYTIC SYSTEM CLEAN \u2013 Aditivo de limpieza para catalizadores | Lubrimas.pe | Tienda Online","isPartOf":{"@id":"https:\/\/lubrimas.pe\/tienda\/#website"},"primaryImageOfPage":{"@id":"https:\/\/lubrimas.pe\/tienda\/aditivos\/liqui-moly-catalytic-system-clean-aditivo-de-limpieza-para-catalizadores\/#primaryimage"},"image":{"@id":"https:\/\/lubrimas.pe\/tienda\/aditivos\/liqui-moly-catalytic-system-clean-aditivo-de-limpieza-para-catalizadores\/#primaryimage"},"thumbnailUrl":"https:\/\/lubrimas.pe\/tienda\/wp-content\/uploads\/sites\/3\/2023\/01\/lubrimas_pe-lubrimasperu_com-liqui-moly-aditivo-motor-limpieza-catalizador-catalytic-system-clean-lima-peru-los-olivos.webp","datePublished":"2023-01-23T21:08:27+00:00","dateModified":"2026-04-17T16:20:35+00:00","breadcrumb":{"@id":"https:\/\/lubrimas.pe\/tienda\/aditivos\/liqui-moly-catalytic-system-clean-aditivo-de-limpieza-para-catalizadores\/#breadcrumb"},"inLanguage":"es","potentialAction":[{"@type":"ReadAction","target":["https:\/\/lubrimas.pe\/tienda\/aditivos\/liqui-moly-catalytic-system-clean-aditivo-de-limpieza-para-catalizadores\/"]}]},{"@type":"ImageObject","inLanguage":"es","@id":"https:\/\/lubrimas.pe\/tienda\/aditivos\/liqui-moly-catalytic-system-clean-aditivo-de-limpieza-para-catalizadores\/#primaryimage","url":"https:\/\/lubrimas.pe\/tienda\/wp-content\/uploads\/sites\/3\/2023\/01\/lubrimas_pe-lubrimasperu_com-liqui-moly-aditivo-motor-limpieza-catalizador-catalytic-system-clean-lima-peru-los-olivos.webp","contentUrl":"https:\/\/lubrimas.pe\/tienda\/wp-content\/uploads\/sites\/3\/2023\/01\/lubrimas_pe-lubrimasperu_com-liqui-moly-aditivo-motor-limpieza-catalizador-catalytic-system-clean-lima-peru-los-olivos.webp","width":850,"height":1000},{"@type":"BreadcrumbList","@id":"https:\/\/lubrimas.pe\/tienda\/aditivos\/liqui-moly-catalytic-system-clean-aditivo-de-limpieza-para-catalizadores\/#breadcrumb","itemListElement":[{"@type":"ListItem","position":1,"name":"Portada","item":"https:\/\/lubrimas.pe\/tienda\/"},{"@type":"ListItem","position":2,"name":"Cat\u00e1logo","item":"https:\/\/lubrimas.pe\/tienda\/productos\/"},{"@type":"ListItem","position":3,"name":"LIQUI MOLY CATALYTIC SYSTEM CLEAN \u2013 Aditivo de limpieza para catalizadores"}]},{"@type":"WebSite","@id":"https:\/\/lubrimas.pe\/tienda\/#website","url":"https:\/\/lubrimas.pe\/tienda\/","name":"Lubrimas.pe | Tienda Online","description":"Tus lubricantes favoritos al mejor precio!","publisher":{"@id":"https:\/\/lubrimas.pe\/tienda\/#organization"},"potentialAction":[{"@type":"SearchAction","target":{"@type":"EntryPoint","urlTemplate":"https:\/\/lubrimas.pe\/tienda\/?s={search_term_string}"},"query-input":{"@type":"PropertyValueSpecification","valueRequired":true,"valueName":"search_term_string"}}],"inLanguage":"es"},{"@type":"Organization","@id":"https:\/\/lubrimas.pe\/tienda\/#organization","name":"Lubrimas.pe","url":"https:\/\/lubrimas.pe\/tienda\/","logo":{"@type":"ImageObject","inLanguage":"es","@id":"https:\/\/lubrimas.pe\/tienda\/#\/schema\/logo\/image\/","url":"https:\/\/lubrimas.pe\/tienda\/wp-content\/uploads\/sites\/3\/2022\/07\/BANNERS-PROMO-CYBER-WOW-LUBRIMASPE-2022-07.webp","contentUrl":"https:\/\/lubrimas.pe\/tienda\/wp-content\/uploads\/sites\/3\/2022\/07\/BANNERS-PROMO-CYBER-WOW-LUBRIMASPE-2022-07.webp","width":500,"height":752,"caption":"Lubrimas.pe"},"image":{"@id":"https:\/\/lubrimas.pe\/tienda\/#\/schema\/logo\/image\/"}}]}},"_links":{"self":[{"href":"https:\/\/lubrimas.pe\/tienda\/wp-json\/wp\/v2\/product\/12985","targetHints":{"allow":["GET"]}}],"collection":[{"href":"https:\/\/lubrimas.pe\/tienda\/wp-json\/wp\/v2\/product"}],"about":[{"href":"https:\/\/lubrimas.pe\/tienda\/wp-json\/wp\/v2\/types\/product"}],"wp:featuredmedia":[{"embeddable":true,"href":"https:\/\/lubrimas.pe\/tienda\/wp-json\/wp\/v2\/media\/12988"}],"wp:attachment":[{"href":"https:\/\/lubrimas.pe\/tienda\/wp-json\/wp\/v2\/media?parent=12985"}],"wp:term":[{"taxonomy":"product_brand","embeddable":true,"href":"https:\/\/lubrimas.pe\/tienda\/wp-json\/wp\/v2\/product_brand?post=12985"},{"taxonomy":"product_cat","embeddable":true,"href":"https:\/\/lubrimas.pe\/tienda\/wp-json\/wp\/v2\/product_cat?post=12985"},{"taxonomy":"product_tag","embeddable":true,"href":"https:\/\/lubrimas.pe\/tienda\/wp-json\/wp\/v2\/product_tag?post=12985"}],"curies":[{"name":"wp","href":"https:\/\/api.w.org\/{rel}","templated":true}]}}