{"id":13115,"date":"2023-03-31T09:24:48","date_gmt":"2023-03-31T14:24:48","guid":{"rendered":"https:\/\/lubrimas.pe\/tienda\/?post_type=product&#038;p=13115"},"modified":"2024-07-02T10:53:33","modified_gmt":"2024-07-02T15:53:33","slug":"mannol-anticongelante-ag11-g11-longterm-4011-refrigerante-50-50-azul","status":"publish","type":"product","link":"https:\/\/lubrimas.pe\/tienda\/refrigerantes\/mannol-anticongelante-ag11-g11-longterm-4011-refrigerante-50-50-azul\/","title":{"rendered":"MANNOL ANTICONGELANTE AG11 (G11) LONGTERM 4011 &#8211; Refrigerante 50\/50, azul"},"content":{"rendered":"<p><strong>MANNOL ANTICONGELANTE AG11 LONGTERM 4011<\/strong> es un anticongelante listo para usar a base de inhibidores minerales \u2013 IAT (Inorganic Acid Technology) soluci\u00f3n lista para usar (no requiere diluci\u00f3n y protege el sistema de refrigeraci\u00f3n del veh\u00edculo hasta -40 \u00b0\u0421).\u00a0Dise\u00f1ado para uso durante todo el a\u00f1o en cualquier sistema de refrigeraci\u00f3n moderno que contenga componentes de cobre, lat\u00f3n y aluminio para los que se recomienda el uso de un anticongelante a base de etilenglicol.<\/p>\n<h5><strong>CARACTER\u00cdSTICAS PRINCIPALES<\/strong><\/h5>\n<ul>\n<li>Garantiza una protecci\u00f3n fiable de metales y aleaciones (lat\u00f3n, cobre, acero tratado con aleaciones, hierro fundido, aluminio) contra todas las formas de corrosi\u00f3n, as\u00ed como previene la corrosi\u00f3n a alta temperatura de las superficies de aluminio de los motores modernos.<\/li>\n<li>Protege de la formaci\u00f3n de dep\u00f3sitos.<\/li>\n<li>Tiene excelentes propiedades de conductividad t\u00e9rmica y resistencia a la formaci\u00f3n de espuma.<\/li>\n<li>Neutro a insertos y mangueras, compatible con todo tipo de componentes de caucho y pl\u00e1stico de un sistema de refrigeraci\u00f3n.<\/li>\n<li>Ofrece calidades de servicio excepcionales y no contiene nitratos, fosfatos, aminas (la tecnolog\u00eda libre de NAP).<\/li>\n<\/ul>\n<h5><strong>APROBACIONES \/ ESPECIFICACIONES<\/strong><\/h5>\n<p>AFNOR FRANCE NF R15-601, ASTM USA D3306, BSI GB BS 6580:2010, VOLKSWAGEN TL 774 C, BMW GS 94000<br \/>\nCHRYSLER MS-7170, MAN 324 Typ NF, MINI GS 94000, MTU MTL 5048, OPEL GME L1301, VAUXHALL GME L1301<\/p>\n<h5><strong>INFORMACI\u00d3N ADICIONAL<\/strong><\/h5>\n<div class=\"aditional-info-tecnical-lp\"><a href=\"https:\/\/www.mannol.de\/create-pdf\/213\/en\" target=\"_blank\" rel=\"noopener\">FICHA T\u00c9CNICA<\/a><br \/>\n<a href=\"https:\/\/www.mannol.de\/products\/operating-and-service-fluids\/antifreeze-and-coolants\/mannol-antifreeze-ag11-40-c-longterm\" target=\"_blank\" rel=\"noopener\">SITIO OFICIAL<\/a><\/div>\n<p>&nbsp;<\/p>\n<blockquote><p>ANTI-CONGELANTE AG11, G 11, G11, VW, REFRIGERANTE, ANTICONGELANTE, VOLKSWAGEN, TESLA, VW<\/p><\/blockquote>\n","protected":false},"excerpt":{"rendered":"<p>MANNOL ANTICONGELANTE AG11 LONGTERM 4011 es un anticongelante listo para usar a base de inhibidores minerales \u2013 IAT (Inorganic Acid Technology) soluci\u00f3n lista para usar (no requiere diluci\u00f3n y protege<\/p>\n","protected":false},"featured_media":13119,"template":"","meta":[],"product_brand":[],"product_cat":[38],"product_tag":[],"class_list":{"0":"post-13115","1":"product","2":"type-product","3":"status-publish","4":"has-post-thumbnail","6":"product_cat-refrigerantes","7":"pa_concentrado-154","8":"pa_marca-mannol","10":"first","11":"instock","12":"sale","13":"shipping-taxable","14":"purchasable","15":"product-type-variable","16":"has-default-attributes"},"yoast_head":"<!-- This site is optimized with the Yoast SEO plugin v27.1.1 - https:\/\/yoast.com\/product\/yoast-seo-wordpress\/ -->\n<title>MANNOL ANTICONGELANTE AG11 (G11) LONGTERM 4011 - Refrigerante 50\/50, azul | Lubrimas.pe | Tienda Online<\/title>\n<meta name=\"robots\" content=\"index, follow, max-snippet:-1, max-image-preview:large, max-video-preview:-1\" \/>\n<link rel=\"canonical\" href=\"https:\/\/lubrimas.pe\/tienda\/refrigerantes\/mannol-anticongelante-ag11-g11-longterm-4011-refrigerante-50-50-azul\/\" \/>\n<meta property=\"og:locale\" content=\"es_ES\" \/>\n<meta property=\"og:type\" content=\"article\" \/>\n<meta property=\"og:title\" content=\"MANNOL ANTICONGELANTE AG11 (G11) LONGTERM 4011 - Refrigerante 50\/50, azul | Lubrimas.pe | Tienda Online\" \/>\n<meta property=\"og:description\" content=\"MANNOL ANTICONGELANTE AG11 LONGTERM 4011 es un anticongelante listo para usar a base de inhibidores minerales \u2013 IAT (Inorganic Acid Technology) soluci\u00f3n lista para usar (no requiere diluci\u00f3n y protege\" \/>\n<meta property=\"og:url\" content=\"https:\/\/lubrimas.pe\/tienda\/refrigerantes\/mannol-anticongelante-ag11-g11-longterm-4011-refrigerante-50-50-azul\/\" \/>\n<meta property=\"og:site_name\" content=\"Lubrimas.pe | Tienda Online\" \/>\n<meta property=\"article:modified_time\" content=\"2024-07-02T15:53:33+00:00\" \/>\n<meta property=\"og:image\" content=\"https:\/\/lubrimas.pe\/tienda\/wp-content\/uploads\/sites\/3\/2023\/03\/lubrimaspe-lubrimasperu-refrigerante-anticongleante-antifreeze-mannol-4011-ag11-g11-compatible-losolivos-lima-peru.webp.webp\" \/>\n\t<meta property=\"og:image:width\" content=\"850\" \/>\n\t<meta property=\"og:image:height\" content=\"1000\" \/>\n\t<meta property=\"og:image:type\" content=\"image\/webp\" \/>\n<meta name=\"twitter:card\" content=\"summary_large_image\" \/>\n<meta name=\"twitter:label1\" content=\"Tiempo de lectura\" \/>\n\t<meta name=\"twitter:data1\" content=\"2 minutos\" \/>\n<script type=\"application\/ld+json\" class=\"yoast-schema-graph\">{\"@context\":\"https:\/\/schema.org\",\"@graph\":[{\"@type\":[\"WebPage\",\"ItemPage\"],\"@id\":\"https:\/\/lubrimas.pe\/tienda\/refrigerantes\/mannol-anticongelante-ag11-g11-longterm-4011-refrigerante-50-50-azul\/\",\"url\":\"https:\/\/lubrimas.pe\/tienda\/refrigerantes\/mannol-anticongelante-ag11-g11-longterm-4011-refrigerante-50-50-azul\/\",\"name\":\"MANNOL ANTICONGELANTE AG11 (G11) LONGTERM 4011 - Refrigerante 50\/50, azul | Lubrimas.pe | Tienda Online\",\"isPartOf\":{\"@id\":\"https:\/\/lubrimas.pe\/tienda\/#website\"},\"primaryImageOfPage\":{\"@id\":\"https:\/\/lubrimas.pe\/tienda\/refrigerantes\/mannol-anticongelante-ag11-g11-longterm-4011-refrigerante-50-50-azul\/#primaryimage\"},\"image\":{\"@id\":\"https:\/\/lubrimas.pe\/tienda\/refrigerantes\/mannol-anticongelante-ag11-g11-longterm-4011-refrigerante-50-50-azul\/#primaryimage\"},\"thumbnailUrl\":\"https:\/\/lubrimas.pe\/tienda\/wp-content\/uploads\/sites\/3\/2023\/03\/lubrimaspe-lubrimasperu-refrigerante-anticongleante-antifreeze-mannol-4011-ag11-g11-compatible-losolivos-lima-peru.webp.webp\",\"datePublished\":\"2023-03-31T14:24:48+00:00\",\"dateModified\":\"2024-07-02T15:53:33+00:00\",\"breadcrumb\":{\"@id\":\"https:\/\/lubrimas.pe\/tienda\/refrigerantes\/mannol-anticongelante-ag11-g11-longterm-4011-refrigerante-50-50-azul\/#breadcrumb\"},\"inLanguage\":\"es\",\"potentialAction\":[{\"@type\":\"ReadAction\",\"target\":[\"https:\/\/lubrimas.pe\/tienda\/refrigerantes\/mannol-anticongelante-ag11-g11-longterm-4011-refrigerante-50-50-azul\/\"]}]},{\"@type\":\"ImageObject\",\"inLanguage\":\"es\",\"@id\":\"https:\/\/lubrimas.pe\/tienda\/refrigerantes\/mannol-anticongelante-ag11-g11-longterm-4011-refrigerante-50-50-azul\/#primaryimage\",\"url\":\"https:\/\/lubrimas.pe\/tienda\/wp-content\/uploads\/sites\/3\/2023\/03\/lubrimaspe-lubrimasperu-refrigerante-anticongleante-antifreeze-mannol-4011-ag11-g11-compatible-losolivos-lima-peru.webp.webp\",\"contentUrl\":\"https:\/\/lubrimas.pe\/tienda\/wp-content\/uploads\/sites\/3\/2023\/03\/lubrimaspe-lubrimasperu-refrigerante-anticongleante-antifreeze-mannol-4011-ag11-g11-compatible-losolivos-lima-peru.webp.webp\",\"width\":850,\"height\":1000},{\"@type\":\"BreadcrumbList\",\"@id\":\"https:\/\/lubrimas.pe\/tienda\/refrigerantes\/mannol-anticongelante-ag11-g11-longterm-4011-refrigerante-50-50-azul\/#breadcrumb\",\"itemListElement\":[{\"@type\":\"ListItem\",\"position\":1,\"name\":\"Portada\",\"item\":\"https:\/\/lubrimas.pe\/tienda\/\"},{\"@type\":\"ListItem\",\"position\":2,\"name\":\"Cat\u00e1logo\",\"item\":\"https:\/\/lubrimas.pe\/tienda\/productos\/\"},{\"@type\":\"ListItem\",\"position\":3,\"name\":\"MANNOL ANTICONGELANTE AG11 (G11) LONGTERM 4011 &#8211; Refrigerante 50\/50, azul\"}]},{\"@type\":\"WebSite\",\"@id\":\"https:\/\/lubrimas.pe\/tienda\/#website\",\"url\":\"https:\/\/lubrimas.pe\/tienda\/\",\"name\":\"Lubrimas.pe | Tienda Online\",\"description\":\"Tus lubricantes favoritos al mejor precio!\",\"publisher\":{\"@id\":\"https:\/\/lubrimas.pe\/tienda\/#organization\"},\"potentialAction\":[{\"@type\":\"SearchAction\",\"target\":{\"@type\":\"EntryPoint\",\"urlTemplate\":\"https:\/\/lubrimas.pe\/tienda\/?s={search_term_string}\"},\"query-input\":{\"@type\":\"PropertyValueSpecification\",\"valueRequired\":true,\"valueName\":\"search_term_string\"}}],\"inLanguage\":\"es\"},{\"@type\":\"Organization\",\"@id\":\"https:\/\/lubrimas.pe\/tienda\/#organization\",\"name\":\"Lubrimas.pe\",\"url\":\"https:\/\/lubrimas.pe\/tienda\/\",\"logo\":{\"@type\":\"ImageObject\",\"inLanguage\":\"es\",\"@id\":\"https:\/\/lubrimas.pe\/tienda\/#\/schema\/logo\/image\/\",\"url\":\"https:\/\/lubrimas.pe\/tienda\/wp-content\/uploads\/sites\/3\/2022\/07\/BANNERS-PROMO-CYBER-WOW-LUBRIMASPE-2022-07.webp\",\"contentUrl\":\"https:\/\/lubrimas.pe\/tienda\/wp-content\/uploads\/sites\/3\/2022\/07\/BANNERS-PROMO-CYBER-WOW-LUBRIMASPE-2022-07.webp\",\"width\":500,\"height\":752,\"caption\":\"Lubrimas.pe\"},\"image\":{\"@id\":\"https:\/\/lubrimas.pe\/tienda\/#\/schema\/logo\/image\/\"}}]}<\/script>\n<!-- \/ Yoast SEO plugin. -->","yoast_head_json":{"title":"MANNOL ANTICONGELANTE AG11 (G11) LONGTERM 4011 - Refrigerante 50\/50, azul | Lubrimas.pe | Tienda Online","robots":{"index":"index","follow":"follow","max-snippet":"max-snippet:-1","max-image-preview":"max-image-preview:large","max-video-preview":"max-video-preview:-1"},"canonical":"https:\/\/lubrimas.pe\/tienda\/refrigerantes\/mannol-anticongelante-ag11-g11-longterm-4011-refrigerante-50-50-azul\/","og_locale":"es_ES","og_type":"article","og_title":"MANNOL ANTICONGELANTE AG11 (G11) LONGTERM 4011 - Refrigerante 50\/50, azul | Lubrimas.pe | Tienda Online","og_description":"MANNOL ANTICONGELANTE AG11 LONGTERM 4011 es un anticongelante listo para usar a base de inhibidores minerales \u2013 IAT (Inorganic Acid Technology) soluci\u00f3n lista para usar (no requiere diluci\u00f3n y protege","og_url":"https:\/\/lubrimas.pe\/tienda\/refrigerantes\/mannol-anticongelante-ag11-g11-longterm-4011-refrigerante-50-50-azul\/","og_site_name":"Lubrimas.pe | Tienda Online","article_modified_time":"2024-07-02T15:53:33+00:00","og_image":[{"width":850,"height":1000,"url":"https:\/\/lubrimas.pe\/tienda\/wp-content\/uploads\/sites\/3\/2023\/03\/lubrimaspe-lubrimasperu-refrigerante-anticongleante-antifreeze-mannol-4011-ag11-g11-compatible-losolivos-lima-peru.webp.webp","type":"image\/webp"}],"twitter_card":"summary_large_image","twitter_misc":{"Tiempo de lectura":"2 minutos"},"schema":{"@context":"https:\/\/schema.org","@graph":[{"@type":["WebPage","ItemPage"],"@id":"https:\/\/lubrimas.pe\/tienda\/refrigerantes\/mannol-anticongelante-ag11-g11-longterm-4011-refrigerante-50-50-azul\/","url":"https:\/\/lubrimas.pe\/tienda\/refrigerantes\/mannol-anticongelante-ag11-g11-longterm-4011-refrigerante-50-50-azul\/","name":"MANNOL ANTICONGELANTE AG11 (G11) LONGTERM 4011 - Refrigerante 50\/50, azul | Lubrimas.pe | Tienda Online","isPartOf":{"@id":"https:\/\/lubrimas.pe\/tienda\/#website"},"primaryImageOfPage":{"@id":"https:\/\/lubrimas.pe\/tienda\/refrigerantes\/mannol-anticongelante-ag11-g11-longterm-4011-refrigerante-50-50-azul\/#primaryimage"},"image":{"@id":"https:\/\/lubrimas.pe\/tienda\/refrigerantes\/mannol-anticongelante-ag11-g11-longterm-4011-refrigerante-50-50-azul\/#primaryimage"},"thumbnailUrl":"https:\/\/lubrimas.pe\/tienda\/wp-content\/uploads\/sites\/3\/2023\/03\/lubrimaspe-lubrimasperu-refrigerante-anticongleante-antifreeze-mannol-4011-ag11-g11-compatible-losolivos-lima-peru.webp.webp","datePublished":"2023-03-31T14:24:48+00:00","dateModified":"2024-07-02T15:53:33+00:00","breadcrumb":{"@id":"https:\/\/lubrimas.pe\/tienda\/refrigerantes\/mannol-anticongelante-ag11-g11-longterm-4011-refrigerante-50-50-azul\/#breadcrumb"},"inLanguage":"es","potentialAction":[{"@type":"ReadAction","target":["https:\/\/lubrimas.pe\/tienda\/refrigerantes\/mannol-anticongelante-ag11-g11-longterm-4011-refrigerante-50-50-azul\/"]}]},{"@type":"ImageObject","inLanguage":"es","@id":"https:\/\/lubrimas.pe\/tienda\/refrigerantes\/mannol-anticongelante-ag11-g11-longterm-4011-refrigerante-50-50-azul\/#primaryimage","url":"https:\/\/lubrimas.pe\/tienda\/wp-content\/uploads\/sites\/3\/2023\/03\/lubrimaspe-lubrimasperu-refrigerante-anticongleante-antifreeze-mannol-4011-ag11-g11-compatible-losolivos-lima-peru.webp.webp","contentUrl":"https:\/\/lubrimas.pe\/tienda\/wp-content\/uploads\/sites\/3\/2023\/03\/lubrimaspe-lubrimasperu-refrigerante-anticongleante-antifreeze-mannol-4011-ag11-g11-compatible-losolivos-lima-peru.webp.webp","width":850,"height":1000},{"@type":"BreadcrumbList","@id":"https:\/\/lubrimas.pe\/tienda\/refrigerantes\/mannol-anticongelante-ag11-g11-longterm-4011-refrigerante-50-50-azul\/#breadcrumb","itemListElement":[{"@type":"ListItem","position":1,"name":"Portada","item":"https:\/\/lubrimas.pe\/tienda\/"},{"@type":"ListItem","position":2,"name":"Cat\u00e1logo","item":"https:\/\/lubrimas.pe\/tienda\/productos\/"},{"@type":"ListItem","position":3,"name":"MANNOL ANTICONGELANTE AG11 (G11) LONGTERM 4011 &#8211; Refrigerante 50\/50, azul"}]},{"@type":"WebSite","@id":"https:\/\/lubrimas.pe\/tienda\/#website","url":"https:\/\/lubrimas.pe\/tienda\/","name":"Lubrimas.pe | Tienda Online","description":"Tus lubricantes favoritos al mejor precio!","publisher":{"@id":"https:\/\/lubrimas.pe\/tienda\/#organization"},"potentialAction":[{"@type":"SearchAction","target":{"@type":"EntryPoint","urlTemplate":"https:\/\/lubrimas.pe\/tienda\/?s={search_term_string}"},"query-input":{"@type":"PropertyValueSpecification","valueRequired":true,"valueName":"search_term_string"}}],"inLanguage":"es"},{"@type":"Organization","@id":"https:\/\/lubrimas.pe\/tienda\/#organization","name":"Lubrimas.pe","url":"https:\/\/lubrimas.pe\/tienda\/","logo":{"@type":"ImageObject","inLanguage":"es","@id":"https:\/\/lubrimas.pe\/tienda\/#\/schema\/logo\/image\/","url":"https:\/\/lubrimas.pe\/tienda\/wp-content\/uploads\/sites\/3\/2022\/07\/BANNERS-PROMO-CYBER-WOW-LUBRIMASPE-2022-07.webp","contentUrl":"https:\/\/lubrimas.pe\/tienda\/wp-content\/uploads\/sites\/3\/2022\/07\/BANNERS-PROMO-CYBER-WOW-LUBRIMASPE-2022-07.webp","width":500,"height":752,"caption":"Lubrimas.pe"},"image":{"@id":"https:\/\/lubrimas.pe\/tienda\/#\/schema\/logo\/image\/"}}]}},"_links":{"self":[{"href":"https:\/\/lubrimas.pe\/tienda\/wp-json\/wp\/v2\/product\/13115","targetHints":{"allow":["GET"]}}],"collection":[{"href":"https:\/\/lubrimas.pe\/tienda\/wp-json\/wp\/v2\/product"}],"about":[{"href":"https:\/\/lubrimas.pe\/tienda\/wp-json\/wp\/v2\/types\/product"}],"wp:featuredmedia":[{"embeddable":true,"href":"https:\/\/lubrimas.pe\/tienda\/wp-json\/wp\/v2\/media\/13119"}],"wp:attachment":[{"href":"https:\/\/lubrimas.pe\/tienda\/wp-json\/wp\/v2\/media?parent=13115"}],"wp:term":[{"taxonomy":"product_brand","embeddable":true,"href":"https:\/\/lubrimas.pe\/tienda\/wp-json\/wp\/v2\/product_brand?post=13115"},{"taxonomy":"product_cat","embeddable":true,"href":"https:\/\/lubrimas.pe\/tienda\/wp-json\/wp\/v2\/product_cat?post=13115"},{"taxonomy":"product_tag","embeddable":true,"href":"https:\/\/lubrimas.pe\/tienda\/wp-json\/wp\/v2\/product_tag?post=13115"}],"curies":[{"name":"wp","href":"https:\/\/api.w.org\/{rel}","templated":true}]}}