{"id":13120,"date":"2023-03-31T09:41:29","date_gmt":"2023-03-31T14:41:29","guid":{"rendered":"https:\/\/lubrimas.pe\/tienda\/?post_type=product&#038;p=13120"},"modified":"2025-10-27T13:05:07","modified_gmt":"2025-10-27T18:05:07","slug":"mannol-atf-multivehiculo-jws-3309-8218-calidad-premium","status":"publish","type":"product","link":"https:\/\/lubrimas.pe\/tienda\/aceite-de-caja\/mannol-atf-multivehiculo-jws-3309-8218-calidad-premium\/","title":{"rendered":"MANNOL ATF +MULTIVEH\u00cdCULO JWS 3309 8218 &#8211; Calidad Premium"},"content":{"rendered":"<p><strong>MANNOL ATF +MULTIVEH\u00cdCULO JWS 3309 8218<\/strong> es un fluido de transmisi\u00f3n sint\u00e9tico (ATF) de alta viscosidad universal para todas las estaciones para cajas de cambios autom\u00e1ticas.\u00a0Fue desarrollado especialmente para todas las cajas de cambios autom\u00e1ticas modernas (modos manuales o secuenciales, control electr\u00f3nico, etc.) equipados con y sin bloqueo del convertidor hidr\u00e1ulico.\u00a0Tambi\u00e9n es compatible con las cajas de cambios autom\u00e1ticas de vieja generaci\u00f3n, los sistemas de direcci\u00f3n asistida hidr\u00e1ulica, las marchas atr\u00e1s de barcos, las transmisiones hidrost\u00e1ticas, los sistemas hidr\u00e1ulicos\/mec\u00e1nicos en los que se prescriba el uso de fluidos que correspondan a los est\u00e1ndares Dexron (excepto Dexron VI) o Mercon.<br \/>\nAsegura un funcionamiento impecable de una caja de cambios autom\u00e1tica, garantiza un desgaste m\u00ednimo, una vida \u00fatil duradera de las transmisiones y econom\u00eda de combustible.\u00a0Fue desarrollado en base a los requerimientos establecidos por la empresa AISIN WARNER.<\/p>\n<h5><strong>CARACTER\u00cdSTICAS PRINCIPALES<\/strong><\/h5>\n<ul>\n<li>La base sint\u00e9tica de baja viscosidad de la m\u00e1s alta calidad con un alto \u00edndice de viscosidad constante en combinaci\u00f3n con un paquete de aditivos multifuncionales conserva todas sus propiedades en un amplio rango de temperaturas: asegura buenas propiedades lubricantes a bajas temperaturas (-45 \u00b0C) en invierno y asegura una pel\u00edcula de aceite estable bajo cargas extremas y altas temperaturas en verano.<\/li>\n<li>La combinaci\u00f3n de aditivos de alta tecnolog\u00eda garantiza buenas propiedades antifricci\u00f3n para los acoplamientos de engranajes y las propiedades de fricci\u00f3n requeridas para los elementos de fricci\u00f3n, lo que garantiza una importante econom\u00eda de combustible, un cambio de transmisi\u00f3n continuo y suave y una vida \u00fatil prolongada de todos los elementos de transmisi\u00f3n. Garantiza un funcionamiento coordinado y suave del embrague. Evita rozaduras.<\/li>\n<li>Posee una mayor estabilidad termo-oxidativa y qu\u00edmica y resistencia a la degradaci\u00f3n t\u00e9rmica a alta temperatura a lo largo de toda su vida \u00fatil. Permite reducir el lacado, formaci\u00f3n de lodos, holl\u00edn y otros dep\u00f3sitos de carb\u00f3n, aumentando el tiempo entre cambios de aceite y asegurando la durabilidad de los componentes de la transmisi\u00f3n, reduciendo as\u00ed los costos de mantenimiento de los equipos.<\/li>\n<li>Protege las partes met\u00e1licas de las aleaciones ferrosas y no ferrosas (especialmente los radiadores) de la corrosi\u00f3n tanto en funcionamiento como fuera de \u00e9l.<\/li>\n<li>Resiste eficazmente la aireaci\u00f3n y la formaci\u00f3n de espuma.<\/li>\n<li>Asegura una compatibilidad con todos los materiales de sellado, evita que se hinchen, endurezcan y encojan, lo que permite reducir los costos de repuestos y evita fugas. Protege eficazmente los sellos de fluoroelast\u00f3mero de equipos pesados.<\/li>\n<li>Reduce el ruido.<\/li>\n<\/ul>\n<p><em>Recomendado para cajas de cambios autom\u00e1ticas de fabricantes americanos: GM, FORD, CHRYSLER, etc., asi\u00e1ticos: HYUNDAI\/KIA, MITSUBISHI, NISSAN, SSANGYONG, SUBARU, TOYOTA, etc. y europeos: BMW, CITROEN, FIAT, MB,VOLVO , PEUGEOT, RENAULT, etc.<\/em><\/p>\n<h5><strong>APROBACIONES \/ ESPECIFICACIONES<\/strong><\/h5>\n<p>AISIN WARNER JWS 3309, VOLKSWAGEN G 052 025-A2, VOLKSWAGEN G 052 162-A1, VOLKSWAGEN G 052 990-A1, VOLKSWAGEN G 052 990-A2, VOLKSWAGEN G 055 025-A1, VOLKSWAGEN G 055 025-A2, BMW 83 22 0 403 248, BMW 83 22 2 163 514, BMW 83 22 9 407 765 (LA 2634), BMW 83 22 9 407 807, BMW 7045E (Serie 3), BMW ETL-8072B (Serie 5), BMW LT71141 (ZF 5 velocidades), CHRYSLER ATF+3, CHRYSLER ATF+4, DAIHATSU ALUMIX ATF MULTI, FORD Mercon V, FORD Mercon SP, FORD Mercon LV, FORD Mercon ATF Tipo F, FORD XT-8-QMM5 [FRN5], GM Dexron II, GM Dexron II D, GM Dexron II E, GM Dexron III F, GM Dexron III G, GM Dexron III H, HONDA ATF-Z1 (no para CVT), HONDA ATF DW-1, HYUNDAI ATF SP-II, HYUNDAI ATF SP-III, IDEMITSU K17-Jaguar X tipo 2001-2005, INFINITI Matic D, INFINITI Matic J, INFINITI Matic K, JATCO ATF 3100 PL085, KIA ATF-SP-II, KIA ATF-SP-III, MAN 339 F, MAN 339 V1, MAN 339 V2, MAN 339 Z1, MAN 339 Z2, MAZDA ATF M-III, MAZDA ATF MV, MB 236.1, MB 236.2, MB 236.3, MB 236.5, MB 236.6, MB 236.7, MB 236.9, MB 236.10, MB 236.11, MITSUBISHI DIAMANTE SP-II, MITSUBISHI DIAMANTE SP-III, MOPAR AS68RC, NISSAN Matic D, NISSAN Matic J, NISSAN Matic K, PORSCHE JWS 3309, SUBARU ATF-5, SUBARU ATF-HP, SUZUKI 3314, SUZUKI 3317, SUZUKI 2384K, ACEITE ATF SUZUKI, ESPECIAL ACEITE ATF SUZUKI, TOYOTA ATF Tipo T, TOYOTA ATF Tipo T-II, TOYOTA ATF Tipo T-III, TOYOTA ATF Tipo T-IV, LEXUS ATF tipo T, LEXUS ATF Tipo T-II, LEXUS ATF Tipo T-III, LEXUS ATF Tipo T-IV, VOITH 55.6335.XX (G607), VOLVO 97340, VOLVO 97341, ZF TE-ML 03D, ZF TE-ML 04D, ZF TE-ML 11B, ZF TE-ML 14A, ZF TE-ML 14B, ZF TE-ML 16L, ZF TE-ML 17, Otros TEXACO N402 (JATCO FWD) \/ ETL 7045E \/ ETL 8072B \/ MOBIL ATF LT 71141<\/p>\n<h5><strong>INFORMACI\u00d3N ADICIONAL<\/strong><\/h5>\n<div class=\"aditional-info-tecnical-lp\"><a href=\"https:\/\/www.mannol.de\/create-pdf\/272\/en\" target=\"_blank\" rel=\"noopener\">FICHA T\u00c9CNICA<\/a><br \/>\n<a href=\"https:\/\/www.mannol.de\/products\/gear-oils-and-transmission-fluids\/atf-premium-quality-line\/mannol-atf-multivehicle-jws-3309\" target=\"_blank\" rel=\"noopener\">SITIO OFICIAL<\/a><\/div>\n<p>&nbsp;<\/p>\n<blockquote><p>HIDROLINA, FLUIDO, LIQUIDO, PARA, DE, TRANSMISION AUTM\u00c1TICA, CAJA, MULTI ATF<\/p><\/blockquote>\n<p>&nbsp;<\/p>\n","protected":false},"excerpt":{"rendered":"<p>MANNOL ATF +MULTIVEH\u00cdCULO JWS 3309 8218 es un fluido de transmisi\u00f3n sint\u00e9tico (ATF) de alta viscosidad universal para todas las estaciones para cajas de cambios autom\u00e1ticas.\u00a0Fue desarrollado especialmente para todas<\/p>\n","protected":false},"featured_media":13711,"template":"","meta":[],"product_brand":[],"product_cat":[27,32],"product_tag":[],"class_list":{"0":"post-13120","1":"product","2":"type-product","3":"status-publish","4":"has-post-thumbnail","6":"product_cat-aceite-de-caja","7":"product_cat-caja-automatica","8":"pa_marca-mannol","9":"pa_transmision-atf","10":"pa_transmision-multi-atf","12":"first","13":"instock","14":"shipping-taxable","15":"purchasable","16":"product-type-variable","17":"has-default-attributes"},"yoast_head":"<!-- This site is optimized with the Yoast SEO plugin v27.4 - https:\/\/yoast.com\/product\/yoast-seo-wordpress\/ -->\n<title>MANNOL ATF +MULTIVEH\u00cdCULO JWS 3309 8218 - Calidad Premium | Lubrimas.pe | Tienda Online<\/title>\n<meta name=\"robots\" content=\"index, follow, max-snippet:-1, max-image-preview:large, max-video-preview:-1\" \/>\n<link rel=\"canonical\" href=\"https:\/\/lubrimas.pe\/tienda\/aceite-de-caja\/mannol-atf-multivehiculo-jws-3309-8218-calidad-premium\/\" \/>\n<meta property=\"og:locale\" content=\"es_ES\" \/>\n<meta property=\"og:type\" content=\"article\" \/>\n<meta property=\"og:title\" content=\"MANNOL ATF +MULTIVEH\u00cdCULO JWS 3309 8218 - Calidad Premium | Lubrimas.pe | Tienda Online\" \/>\n<meta property=\"og:description\" content=\"MANNOL ATF +MULTIVEH\u00cdCULO JWS 3309 8218 es un fluido de transmisi\u00f3n sint\u00e9tico (ATF) de alta viscosidad universal para todas las estaciones para cajas de cambios autom\u00e1ticas.\u00a0Fue desarrollado especialmente para todas\" \/>\n<meta property=\"og:url\" content=\"https:\/\/lubrimas.pe\/tienda\/aceite-de-caja\/mannol-atf-multivehiculo-jws-3309-8218-calidad-premium\/\" \/>\n<meta property=\"og:site_name\" content=\"Lubrimas.pe | Tienda Online\" \/>\n<meta property=\"article:modified_time\" content=\"2025-10-27T18:05:07+00:00\" \/>\n<meta property=\"og:image\" content=\"https:\/\/lubrimas.pe\/tienda\/wp-content\/uploads\/sites\/3\/2023\/03\/lubrimaspe-multi-atf-premium-atf-8218-jws-339-botella-1l.webp\" \/>\n\t<meta property=\"og:image:width\" content=\"850\" \/>\n\t<meta property=\"og:image:height\" content=\"1000\" \/>\n\t<meta property=\"og:image:type\" content=\"image\/webp\" \/>\n<meta name=\"twitter:card\" content=\"summary_large_image\" \/>\n<meta name=\"twitter:label1\" content=\"Tiempo de lectura\" \/>\n\t<meta name=\"twitter:data1\" content=\"2 minutos\" \/>\n<script type=\"application\/ld+json\" class=\"yoast-schema-graph\">{\"@context\":\"https:\\\/\\\/schema.org\",\"@graph\":[{\"@type\":[\"WebPage\",\"ItemPage\"],\"@id\":\"https:\\\/\\\/lubrimas.pe\\\/tienda\\\/aceite-de-caja\\\/mannol-atf-multivehiculo-jws-3309-8218-calidad-premium\\\/\",\"url\":\"https:\\\/\\\/lubrimas.pe\\\/tienda\\\/aceite-de-caja\\\/mannol-atf-multivehiculo-jws-3309-8218-calidad-premium\\\/\",\"name\":\"MANNOL ATF +MULTIVEH\u00cdCULO JWS 3309 8218 - Calidad Premium | Lubrimas.pe | Tienda Online\",\"isPartOf\":{\"@id\":\"https:\\\/\\\/lubrimas.pe\\\/tienda\\\/#website\"},\"primaryImageOfPage\":{\"@id\":\"https:\\\/\\\/lubrimas.pe\\\/tienda\\\/aceite-de-caja\\\/mannol-atf-multivehiculo-jws-3309-8218-calidad-premium\\\/#primaryimage\"},\"image\":{\"@id\":\"https:\\\/\\\/lubrimas.pe\\\/tienda\\\/aceite-de-caja\\\/mannol-atf-multivehiculo-jws-3309-8218-calidad-premium\\\/#primaryimage\"},\"thumbnailUrl\":\"https:\\\/\\\/lubrimas.pe\\\/tienda\\\/wp-content\\\/uploads\\\/sites\\\/3\\\/2023\\\/03\\\/lubrimaspe-multi-atf-premium-atf-8218-jws-339-botella-1l.webp\",\"datePublished\":\"2023-03-31T14:41:29+00:00\",\"dateModified\":\"2025-10-27T18:05:07+00:00\",\"breadcrumb\":{\"@id\":\"https:\\\/\\\/lubrimas.pe\\\/tienda\\\/aceite-de-caja\\\/mannol-atf-multivehiculo-jws-3309-8218-calidad-premium\\\/#breadcrumb\"},\"inLanguage\":\"es\",\"potentialAction\":[{\"@type\":\"ReadAction\",\"target\":[\"https:\\\/\\\/lubrimas.pe\\\/tienda\\\/aceite-de-caja\\\/mannol-atf-multivehiculo-jws-3309-8218-calidad-premium\\\/\"]}]},{\"@type\":\"ImageObject\",\"inLanguage\":\"es\",\"@id\":\"https:\\\/\\\/lubrimas.pe\\\/tienda\\\/aceite-de-caja\\\/mannol-atf-multivehiculo-jws-3309-8218-calidad-premium\\\/#primaryimage\",\"url\":\"https:\\\/\\\/lubrimas.pe\\\/tienda\\\/wp-content\\\/uploads\\\/sites\\\/3\\\/2023\\\/03\\\/lubrimaspe-multi-atf-premium-atf-8218-jws-339-botella-1l.webp\",\"contentUrl\":\"https:\\\/\\\/lubrimas.pe\\\/tienda\\\/wp-content\\\/uploads\\\/sites\\\/3\\\/2023\\\/03\\\/lubrimaspe-multi-atf-premium-atf-8218-jws-339-botella-1l.webp\",\"width\":850,\"height\":1000},{\"@type\":\"BreadcrumbList\",\"@id\":\"https:\\\/\\\/lubrimas.pe\\\/tienda\\\/aceite-de-caja\\\/mannol-atf-multivehiculo-jws-3309-8218-calidad-premium\\\/#breadcrumb\",\"itemListElement\":[{\"@type\":\"ListItem\",\"position\":1,\"name\":\"Portada\",\"item\":\"https:\\\/\\\/lubrimas.pe\\\/tienda\\\/\"},{\"@type\":\"ListItem\",\"position\":2,\"name\":\"Cat\u00e1logo\",\"item\":\"https:\\\/\\\/lubrimas.pe\\\/tienda\\\/productos\\\/\"},{\"@type\":\"ListItem\",\"position\":3,\"name\":\"MANNOL ATF +MULTIVEH\u00cdCULO JWS 3309 8218 &#8211; Calidad Premium\"}]},{\"@type\":\"WebSite\",\"@id\":\"https:\\\/\\\/lubrimas.pe\\\/tienda\\\/#website\",\"url\":\"https:\\\/\\\/lubrimas.pe\\\/tienda\\\/\",\"name\":\"Lubrimas.pe | Tienda Online\",\"description\":\"Tus lubricantes favoritos al mejor precio!\",\"publisher\":{\"@id\":\"https:\\\/\\\/lubrimas.pe\\\/tienda\\\/#organization\"},\"potentialAction\":[{\"@type\":\"SearchAction\",\"target\":{\"@type\":\"EntryPoint\",\"urlTemplate\":\"https:\\\/\\\/lubrimas.pe\\\/tienda\\\/?s={search_term_string}\"},\"query-input\":{\"@type\":\"PropertyValueSpecification\",\"valueRequired\":true,\"valueName\":\"search_term_string\"}}],\"inLanguage\":\"es\"},{\"@type\":\"Organization\",\"@id\":\"https:\\\/\\\/lubrimas.pe\\\/tienda\\\/#organization\",\"name\":\"Lubrimas.pe\",\"url\":\"https:\\\/\\\/lubrimas.pe\\\/tienda\\\/\",\"logo\":{\"@type\":\"ImageObject\",\"inLanguage\":\"es\",\"@id\":\"https:\\\/\\\/lubrimas.pe\\\/tienda\\\/#\\\/schema\\\/logo\\\/image\\\/\",\"url\":\"https:\\\/\\\/lubrimas.pe\\\/tienda\\\/wp-content\\\/uploads\\\/sites\\\/3\\\/2022\\\/07\\\/BANNERS-PROMO-CYBER-WOW-LUBRIMASPE-2022-07.webp\",\"contentUrl\":\"https:\\\/\\\/lubrimas.pe\\\/tienda\\\/wp-content\\\/uploads\\\/sites\\\/3\\\/2022\\\/07\\\/BANNERS-PROMO-CYBER-WOW-LUBRIMASPE-2022-07.webp\",\"width\":500,\"height\":752,\"caption\":\"Lubrimas.pe\"},\"image\":{\"@id\":\"https:\\\/\\\/lubrimas.pe\\\/tienda\\\/#\\\/schema\\\/logo\\\/image\\\/\"}}]}<\/script>\n<!-- \/ Yoast SEO plugin. -->","yoast_head_json":{"title":"MANNOL ATF +MULTIVEH\u00cdCULO JWS 3309 8218 - Calidad Premium | Lubrimas.pe | Tienda Online","robots":{"index":"index","follow":"follow","max-snippet":"max-snippet:-1","max-image-preview":"max-image-preview:large","max-video-preview":"max-video-preview:-1"},"canonical":"https:\/\/lubrimas.pe\/tienda\/aceite-de-caja\/mannol-atf-multivehiculo-jws-3309-8218-calidad-premium\/","og_locale":"es_ES","og_type":"article","og_title":"MANNOL ATF +MULTIVEH\u00cdCULO JWS 3309 8218 - Calidad Premium | Lubrimas.pe | Tienda Online","og_description":"MANNOL ATF +MULTIVEH\u00cdCULO JWS 3309 8218 es un fluido de transmisi\u00f3n sint\u00e9tico (ATF) de alta viscosidad universal para todas las estaciones para cajas de cambios autom\u00e1ticas.\u00a0Fue desarrollado especialmente para todas","og_url":"https:\/\/lubrimas.pe\/tienda\/aceite-de-caja\/mannol-atf-multivehiculo-jws-3309-8218-calidad-premium\/","og_site_name":"Lubrimas.pe | Tienda Online","article_modified_time":"2025-10-27T18:05:07+00:00","og_image":[{"width":850,"height":1000,"url":"https:\/\/lubrimas.pe\/tienda\/wp-content\/uploads\/sites\/3\/2023\/03\/lubrimaspe-multi-atf-premium-atf-8218-jws-339-botella-1l.webp","type":"image\/webp"}],"twitter_card":"summary_large_image","twitter_misc":{"Tiempo de lectura":"2 minutos"},"schema":{"@context":"https:\/\/schema.org","@graph":[{"@type":["WebPage","ItemPage"],"@id":"https:\/\/lubrimas.pe\/tienda\/aceite-de-caja\/mannol-atf-multivehiculo-jws-3309-8218-calidad-premium\/","url":"https:\/\/lubrimas.pe\/tienda\/aceite-de-caja\/mannol-atf-multivehiculo-jws-3309-8218-calidad-premium\/","name":"MANNOL ATF +MULTIVEH\u00cdCULO JWS 3309 8218 - Calidad Premium | Lubrimas.pe | Tienda Online","isPartOf":{"@id":"https:\/\/lubrimas.pe\/tienda\/#website"},"primaryImageOfPage":{"@id":"https:\/\/lubrimas.pe\/tienda\/aceite-de-caja\/mannol-atf-multivehiculo-jws-3309-8218-calidad-premium\/#primaryimage"},"image":{"@id":"https:\/\/lubrimas.pe\/tienda\/aceite-de-caja\/mannol-atf-multivehiculo-jws-3309-8218-calidad-premium\/#primaryimage"},"thumbnailUrl":"https:\/\/lubrimas.pe\/tienda\/wp-content\/uploads\/sites\/3\/2023\/03\/lubrimaspe-multi-atf-premium-atf-8218-jws-339-botella-1l.webp","datePublished":"2023-03-31T14:41:29+00:00","dateModified":"2025-10-27T18:05:07+00:00","breadcrumb":{"@id":"https:\/\/lubrimas.pe\/tienda\/aceite-de-caja\/mannol-atf-multivehiculo-jws-3309-8218-calidad-premium\/#breadcrumb"},"inLanguage":"es","potentialAction":[{"@type":"ReadAction","target":["https:\/\/lubrimas.pe\/tienda\/aceite-de-caja\/mannol-atf-multivehiculo-jws-3309-8218-calidad-premium\/"]}]},{"@type":"ImageObject","inLanguage":"es","@id":"https:\/\/lubrimas.pe\/tienda\/aceite-de-caja\/mannol-atf-multivehiculo-jws-3309-8218-calidad-premium\/#primaryimage","url":"https:\/\/lubrimas.pe\/tienda\/wp-content\/uploads\/sites\/3\/2023\/03\/lubrimaspe-multi-atf-premium-atf-8218-jws-339-botella-1l.webp","contentUrl":"https:\/\/lubrimas.pe\/tienda\/wp-content\/uploads\/sites\/3\/2023\/03\/lubrimaspe-multi-atf-premium-atf-8218-jws-339-botella-1l.webp","width":850,"height":1000},{"@type":"BreadcrumbList","@id":"https:\/\/lubrimas.pe\/tienda\/aceite-de-caja\/mannol-atf-multivehiculo-jws-3309-8218-calidad-premium\/#breadcrumb","itemListElement":[{"@type":"ListItem","position":1,"name":"Portada","item":"https:\/\/lubrimas.pe\/tienda\/"},{"@type":"ListItem","position":2,"name":"Cat\u00e1logo","item":"https:\/\/lubrimas.pe\/tienda\/productos\/"},{"@type":"ListItem","position":3,"name":"MANNOL ATF +MULTIVEH\u00cdCULO JWS 3309 8218 &#8211; Calidad Premium"}]},{"@type":"WebSite","@id":"https:\/\/lubrimas.pe\/tienda\/#website","url":"https:\/\/lubrimas.pe\/tienda\/","name":"Lubrimas.pe | Tienda Online","description":"Tus lubricantes favoritos al mejor precio!","publisher":{"@id":"https:\/\/lubrimas.pe\/tienda\/#organization"},"potentialAction":[{"@type":"SearchAction","target":{"@type":"EntryPoint","urlTemplate":"https:\/\/lubrimas.pe\/tienda\/?s={search_term_string}"},"query-input":{"@type":"PropertyValueSpecification","valueRequired":true,"valueName":"search_term_string"}}],"inLanguage":"es"},{"@type":"Organization","@id":"https:\/\/lubrimas.pe\/tienda\/#organization","name":"Lubrimas.pe","url":"https:\/\/lubrimas.pe\/tienda\/","logo":{"@type":"ImageObject","inLanguage":"es","@id":"https:\/\/lubrimas.pe\/tienda\/#\/schema\/logo\/image\/","url":"https:\/\/lubrimas.pe\/tienda\/wp-content\/uploads\/sites\/3\/2022\/07\/BANNERS-PROMO-CYBER-WOW-LUBRIMASPE-2022-07.webp","contentUrl":"https:\/\/lubrimas.pe\/tienda\/wp-content\/uploads\/sites\/3\/2022\/07\/BANNERS-PROMO-CYBER-WOW-LUBRIMASPE-2022-07.webp","width":500,"height":752,"caption":"Lubrimas.pe"},"image":{"@id":"https:\/\/lubrimas.pe\/tienda\/#\/schema\/logo\/image\/"}}]}},"_links":{"self":[{"href":"https:\/\/lubrimas.pe\/tienda\/wp-json\/wp\/v2\/product\/13120","targetHints":{"allow":["GET"]}}],"collection":[{"href":"https:\/\/lubrimas.pe\/tienda\/wp-json\/wp\/v2\/product"}],"about":[{"href":"https:\/\/lubrimas.pe\/tienda\/wp-json\/wp\/v2\/types\/product"}],"wp:featuredmedia":[{"embeddable":true,"href":"https:\/\/lubrimas.pe\/tienda\/wp-json\/wp\/v2\/media\/13711"}],"wp:attachment":[{"href":"https:\/\/lubrimas.pe\/tienda\/wp-json\/wp\/v2\/media?parent=13120"}],"wp:term":[{"taxonomy":"product_brand","embeddable":true,"href":"https:\/\/lubrimas.pe\/tienda\/wp-json\/wp\/v2\/product_brand?post=13120"},{"taxonomy":"product_cat","embeddable":true,"href":"https:\/\/lubrimas.pe\/tienda\/wp-json\/wp\/v2\/product_cat?post=13120"},{"taxonomy":"product_tag","embeddable":true,"href":"https:\/\/lubrimas.pe\/tienda\/wp-json\/wp\/v2\/product_tag?post=13120"}],"curies":[{"name":"wp","href":"https:\/\/api.w.org\/{rel}","templated":true}]}}