{"id":13190,"date":"2023-05-15T12:52:21","date_gmt":"2023-05-15T17:52:21","guid":{"rendered":"https:\/\/lubrimas.pe\/tienda\/?post_type=product&#038;p=13190"},"modified":"2025-10-23T14:34:22","modified_gmt":"2025-10-23T19:34:22","slug":"motul-multi-hf-fluido-hidraulico-multifuncional","status":"publish","type":"product","link":"https:\/\/lubrimas.pe\/tienda\/aditivos\/motul-multi-hf-fluido-hidraulico-multifuncional\/","title":{"rendered":"MOTUL MULTI HF &#8211; Fluido hidr\u00e1ulico multifuncional"},"content":{"rendered":"<p><strong>MOTUL MULTI HF<\/strong> es un fluido hidr\u00e1ulico multifuncional de altas prestaciones, de bases sint\u00e9ticas, especialmente dise\u00f1ado para circuitos hidr\u00e1ulicos de direcciones asistidas, amortiguadores o techos descapotables, en veh\u00edculos autom\u00f3viles de \u00faltima generaci\u00f3n.<\/p>\n<p>Particularmente adaptado a los fabricantes Europeos: GRUPO VAG (Volkswagen, Seat, Audi, Skoda), PORSCHE, BMW, CITR\u00d6EN, MERCEDES BENZ, MINI, PEUGEOT, VOLVO, SAAB, como Americanos: FORD, GENERAL MOTORS-OPEL. No utilizar en cajas de velocidades.<\/p>\n<h5><strong>Caracter\u00edsticas Principales\u00a0<\/strong><\/h5>\n<p>MOTUL MULTI HF es un producto de altas prestaciones con una formulaci\u00f3n exclusiva que:<\/p>\n<ul>\n<li>Protege las bombas hidr\u00e1ulicas de fuertes cargas.<\/li>\n<li>Prolonga la vida \u00fatil de los sistemas, protegiendo materiales sensibles como los elast\u00f3meros (juntas y retenes).<\/li>\n<li>Proporciona confort y reducci\u00f3n de ruido gracias a sus excelentes propiedades en frio.<\/li>\n<li>Garantiza un mantenimiento extendido, manteniendo las propiedades anti-desgaste, anti-espumante y anti-corrosi\u00f3n.<\/li>\n<\/ul>\n<h5><strong>APROBACIONES Y ESPECIFICACIONES COMPATIBLES<\/strong><\/h5>\n<p>BMW 54 34 0 392 235, BMW 54 34 0 394 395, BMW 54 34 7 117 733, SEAT G 002 000, SKODA G 002 000, SKODA TL 52 146, SEAT TL 52 146, VW TL 52 146, SKODA G 004 000, SEAT G 004 000, SEAT G 004 012, SKODA G 004 012, VW G 004 012, CHRYSLER 68088485AA, CHRYSLER MS 11655, DODGE MS 11655, JEEP MS 11655, CITRO\u00cbN 9735-EJ, LAND ROVER LR003401, LAND ROVER COLD CLIMATE PAS FLUID LRN2261, GENERAL MOTORS B 040 2012, GENERAL MOTORS B 040 0070, HYUNDAI 00232-19017, HYUNDAI PSF-4, KIA 00232-19017, KIA PSF-4, PEUGEOT 9735-EJ, SAAB 93160548, VOLVO 1273 36, VOLVO 30741424, CITRO\u00cbN 9979-A1, CITRO\u00cbN 9735-EJ, CITRO\u00cbN PSA S71 2710, LEXUS PSA S71 2710, TOYOTA PSA S71 2710, LEXUS PSF NEW-W, TOYOTA PSF NEW-W, PEUGEOT PSA S71 2710, MINI 54 34 0 392 235, MINI 54 34 0 394 395, MINI 54 34 7 117 733, OPEL GM 1940 715, OPEL VAUXHALL GM 1940766, OPEL B 040 0070, OPEL B 040 2012, DS (CAPSA) 99 7969, PEUGEOT 99 7969, PSA GROUPE 99 7969, AUDI G 002 000, VW G 002 000, AUDI G 00 4000, VW G 004 000, AUDI TL 52 146, VW TL 52 146, BENTLEY TH 5000, BENTLEY RH 5000, MINI 81 22 9 407 758, BMW 81 22 9 407 758, BMW 82 11 1 468 041, MINI 82 11 1 468 041, BMW 82 11 0 148 132, MINI 82 11 0 148 132, BMW 83 29 0 429 576, MINI 83 29 0 429 576, CHRYSLER 05127381AB, MOPAR PARTS MS 11655, CHRYSLER MS 10838, CHRYSLER MS 5931, CITRO\u00cbN 99 7969, CITRO\u00cbN TOTAL FLUIDE DA, DS (CAPSA) TOTAL FLUIDE DA, PEUGEOT TOTAL FLUIDE DA, PSA GROUPE TOTAL FLUIDE DA, CITRO\u00cbN TOTAL FLUIDE LDS, DS (CAPSA) TOTAL FLUIDE LDS, PEUGEOT TOTAL FLUIDE LDS, PSA GROUPE TOTAL FLUIDE LDS, FENDT X 902 011 622, FIAT TUTELA GI\/R, PETRONAS LUBRICANTS TUTELA GI\/R, SELENIA TUTELA GI\/R, FIAT 9.55550-SA1, FORD WSS-M2C204-A, GENERAL MOTORS GM 1940715, GENERAL MOTORS GM 1940766, GENERAL MOTORS B 040 0070, MAN M 3289 (3623\/93), MERCEDES-BENZ MB 345.0, MERCEDES-BENZ Q 1 32 0001, MERCEDES-BENZ 001 989 24 03 10, MERCEDES-BENZ 001 989 24 03 12, CITRO\u00cbN H 50126, DS (CAPSA) H 50126, PEUGEOT H 50126, PSA GROUPE H 50126, CITRO\u00cbN 9979 A4, DS (CAPSA) 9979 A4, PEUGEOT 9979 A4, PSA GROUPE 9979 A4, CITRO\u00cbN 9730 A5, DS (CAPSA) 9730 A5, PEUGEOT 9730 A5, PSA GROUPE 9730 A5, PORSCHE 000 043 203 33, PORSCHE 000 043 206 56, SAAB 3032 380, VOLVO 1161529, ZF ZF ZF TE-ML 02K, CASTROL CHF, AGIP CHF, TEXACO PSF 9109, CHEVRON PSF 9109, FUCHS FUCHS TITAN ZH 4300 B, FUCHS FUCHS TITAN ZH 3044, IGOL BLOCK DA, PENTOSIN CHF 11S, PENTOSIN CHF 202, PETRONAS LUBRICANTS TUTELA CS SPEED, SELENIA TUTELA CS SPEED, TOTAL FLUIDE DA, TOTAL FLUIDE LDS, UNIL-OPAL LDA<\/p>\n<h5><strong>Recomendaciones<\/strong><\/h5>\n<ul>\n<li>Puede ser mezclado con aceites hidr\u00e1ulicos del mismo tipo.<\/li>\n<li>No utilizar como aceite de transmisiones manuales o autom\u00e1ticas.<\/li>\n<li>Intervalo de Cambio: Seg\u00fan recomendaci\u00f3n del fabricante y adaptado a su propia utilizaci\u00f3n<\/li>\n<\/ul>\n<h5><strong>INFORMACI\u00d3N ADICIONAL<\/strong><\/h5>\n<div class=\"aditional-info-tecnical-lp\"><a href=\"https:\/\/azupim01.motul.com\/media\/motulData\/DO\/base\/MULTI_HF_es_ES_motul_20210331.pdf\" target=\"_blank\" rel=\"noopener\">FICHA T\u00c9CNICA<\/a><br \/>\n<a href=\"https:\/\/www.motul.com\/es\/es\/products\/multi-hf\" target=\"_blank\" rel=\"noopener\">SITIO OFICIAL<\/a><\/div>\n","protected":false},"excerpt":{"rendered":"<p>MOTUL MULTI HF es un fluido hidr\u00e1ulico multifuncional de altas prestaciones, de bases sint\u00e9ticas, especialmente dise\u00f1ado para circuitos hidr\u00e1ulicos de direcciones asistidas, amortiguadores o techos descapotables, en veh\u00edculos autom\u00f3viles de<\/p>\n","protected":false},"featured_media":13192,"template":"","meta":[],"product_brand":[],"product_cat":[152],"product_tag":[],"class_list":{"0":"post-13190","1":"product","2":"type-product","3":"status-publish","4":"has-post-thumbnail","6":"product_cat-aditivos","7":"pa_marca-motul","9":"first","10":"instock","11":"shipping-taxable","12":"purchasable","13":"product-type-variable","14":"has-default-attributes"},"yoast_head":"<!-- This site is optimized with the Yoast SEO plugin v27.4 - https:\/\/yoast.com\/product\/yoast-seo-wordpress\/ -->\n<title>MOTUL MULTI HF - Fluido hidr\u00e1ulico multifuncional | Lubrimas.pe | Tienda Online<\/title>\n<meta name=\"robots\" content=\"index, follow, max-snippet:-1, max-image-preview:large, max-video-preview:-1\" \/>\n<link rel=\"canonical\" href=\"https:\/\/lubrimas.pe\/tienda\/aditivos\/motul-multi-hf-fluido-hidraulico-multifuncional\/\" \/>\n<meta property=\"og:locale\" content=\"es_ES\" \/>\n<meta property=\"og:type\" content=\"article\" \/>\n<meta property=\"og:title\" content=\"MOTUL MULTI HF - Fluido hidr\u00e1ulico multifuncional | Lubrimas.pe | Tienda Online\" \/>\n<meta property=\"og:description\" content=\"MOTUL MULTI HF es un fluido hidr\u00e1ulico multifuncional de altas prestaciones, de bases sint\u00e9ticas, especialmente dise\u00f1ado para circuitos hidr\u00e1ulicos de direcciones asistidas, amortiguadores o techos descapotables, en veh\u00edculos autom\u00f3viles de\" \/>\n<meta property=\"og:url\" content=\"https:\/\/lubrimas.pe\/tienda\/aditivos\/motul-multi-hf-fluido-hidraulico-multifuncional\/\" \/>\n<meta property=\"og:site_name\" content=\"Lubrimas.pe | Tienda Online\" \/>\n<meta property=\"article:modified_time\" content=\"2025-10-23T19:34:22+00:00\" \/>\n<meta property=\"og:image\" content=\"https:\/\/lubrimas.pe\/tienda\/wp-content\/uploads\/sites\/3\/2023\/05\/lubrimaspe-lubrimasperu-fluido-direccion-hidraulica-motul-multi-hf-quarto-peru-delivery-express-1lt-losolivos-lima-peru.webp\" \/>\n\t<meta property=\"og:image:width\" content=\"850\" \/>\n\t<meta property=\"og:image:height\" content=\"1000\" \/>\n\t<meta property=\"og:image:type\" content=\"image\/webp\" \/>\n<meta name=\"twitter:card\" content=\"summary_large_image\" \/>\n<meta name=\"twitter:label1\" content=\"Tiempo de lectura\" \/>\n\t<meta name=\"twitter:data1\" content=\"2 minutos\" \/>\n<script type=\"application\/ld+json\" class=\"yoast-schema-graph\">{\"@context\":\"https:\\\/\\\/schema.org\",\"@graph\":[{\"@type\":[\"WebPage\",\"ItemPage\"],\"@id\":\"https:\\\/\\\/lubrimas.pe\\\/tienda\\\/aditivos\\\/motul-multi-hf-fluido-hidraulico-multifuncional\\\/\",\"url\":\"https:\\\/\\\/lubrimas.pe\\\/tienda\\\/aditivos\\\/motul-multi-hf-fluido-hidraulico-multifuncional\\\/\",\"name\":\"MOTUL MULTI HF - Fluido hidr\u00e1ulico multifuncional | Lubrimas.pe | Tienda Online\",\"isPartOf\":{\"@id\":\"https:\\\/\\\/lubrimas.pe\\\/tienda\\\/#website\"},\"primaryImageOfPage\":{\"@id\":\"https:\\\/\\\/lubrimas.pe\\\/tienda\\\/aditivos\\\/motul-multi-hf-fluido-hidraulico-multifuncional\\\/#primaryimage\"},\"image\":{\"@id\":\"https:\\\/\\\/lubrimas.pe\\\/tienda\\\/aditivos\\\/motul-multi-hf-fluido-hidraulico-multifuncional\\\/#primaryimage\"},\"thumbnailUrl\":\"https:\\\/\\\/lubrimas.pe\\\/tienda\\\/wp-content\\\/uploads\\\/sites\\\/3\\\/2023\\\/05\\\/lubrimaspe-lubrimasperu-fluido-direccion-hidraulica-motul-multi-hf-quarto-peru-delivery-express-1lt-losolivos-lima-peru.webp\",\"datePublished\":\"2023-05-15T17:52:21+00:00\",\"dateModified\":\"2025-10-23T19:34:22+00:00\",\"breadcrumb\":{\"@id\":\"https:\\\/\\\/lubrimas.pe\\\/tienda\\\/aditivos\\\/motul-multi-hf-fluido-hidraulico-multifuncional\\\/#breadcrumb\"},\"inLanguage\":\"es\",\"potentialAction\":[{\"@type\":\"ReadAction\",\"target\":[\"https:\\\/\\\/lubrimas.pe\\\/tienda\\\/aditivos\\\/motul-multi-hf-fluido-hidraulico-multifuncional\\\/\"]}]},{\"@type\":\"ImageObject\",\"inLanguage\":\"es\",\"@id\":\"https:\\\/\\\/lubrimas.pe\\\/tienda\\\/aditivos\\\/motul-multi-hf-fluido-hidraulico-multifuncional\\\/#primaryimage\",\"url\":\"https:\\\/\\\/lubrimas.pe\\\/tienda\\\/wp-content\\\/uploads\\\/sites\\\/3\\\/2023\\\/05\\\/lubrimaspe-lubrimasperu-fluido-direccion-hidraulica-motul-multi-hf-quarto-peru-delivery-express-1lt-losolivos-lima-peru.webp\",\"contentUrl\":\"https:\\\/\\\/lubrimas.pe\\\/tienda\\\/wp-content\\\/uploads\\\/sites\\\/3\\\/2023\\\/05\\\/lubrimaspe-lubrimasperu-fluido-direccion-hidraulica-motul-multi-hf-quarto-peru-delivery-express-1lt-losolivos-lima-peru.webp\",\"width\":850,\"height\":1000},{\"@type\":\"BreadcrumbList\",\"@id\":\"https:\\\/\\\/lubrimas.pe\\\/tienda\\\/aditivos\\\/motul-multi-hf-fluido-hidraulico-multifuncional\\\/#breadcrumb\",\"itemListElement\":[{\"@type\":\"ListItem\",\"position\":1,\"name\":\"Portada\",\"item\":\"https:\\\/\\\/lubrimas.pe\\\/tienda\\\/\"},{\"@type\":\"ListItem\",\"position\":2,\"name\":\"Cat\u00e1logo\",\"item\":\"https:\\\/\\\/lubrimas.pe\\\/tienda\\\/productos\\\/\"},{\"@type\":\"ListItem\",\"position\":3,\"name\":\"MOTUL MULTI HF &#8211; Fluido hidr\u00e1ulico multifuncional\"}]},{\"@type\":\"WebSite\",\"@id\":\"https:\\\/\\\/lubrimas.pe\\\/tienda\\\/#website\",\"url\":\"https:\\\/\\\/lubrimas.pe\\\/tienda\\\/\",\"name\":\"Lubrimas.pe | Tienda Online\",\"description\":\"Tus lubricantes favoritos al mejor precio!\",\"publisher\":{\"@id\":\"https:\\\/\\\/lubrimas.pe\\\/tienda\\\/#organization\"},\"potentialAction\":[{\"@type\":\"SearchAction\",\"target\":{\"@type\":\"EntryPoint\",\"urlTemplate\":\"https:\\\/\\\/lubrimas.pe\\\/tienda\\\/?s={search_term_string}\"},\"query-input\":{\"@type\":\"PropertyValueSpecification\",\"valueRequired\":true,\"valueName\":\"search_term_string\"}}],\"inLanguage\":\"es\"},{\"@type\":\"Organization\",\"@id\":\"https:\\\/\\\/lubrimas.pe\\\/tienda\\\/#organization\",\"name\":\"Lubrimas.pe\",\"url\":\"https:\\\/\\\/lubrimas.pe\\\/tienda\\\/\",\"logo\":{\"@type\":\"ImageObject\",\"inLanguage\":\"es\",\"@id\":\"https:\\\/\\\/lubrimas.pe\\\/tienda\\\/#\\\/schema\\\/logo\\\/image\\\/\",\"url\":\"https:\\\/\\\/lubrimas.pe\\\/tienda\\\/wp-content\\\/uploads\\\/sites\\\/3\\\/2022\\\/07\\\/BANNERS-PROMO-CYBER-WOW-LUBRIMASPE-2022-07.webp\",\"contentUrl\":\"https:\\\/\\\/lubrimas.pe\\\/tienda\\\/wp-content\\\/uploads\\\/sites\\\/3\\\/2022\\\/07\\\/BANNERS-PROMO-CYBER-WOW-LUBRIMASPE-2022-07.webp\",\"width\":500,\"height\":752,\"caption\":\"Lubrimas.pe\"},\"image\":{\"@id\":\"https:\\\/\\\/lubrimas.pe\\\/tienda\\\/#\\\/schema\\\/logo\\\/image\\\/\"}}]}<\/script>\n<!-- \/ Yoast SEO plugin. -->","yoast_head_json":{"title":"MOTUL MULTI HF - Fluido hidr\u00e1ulico multifuncional | Lubrimas.pe | Tienda Online","robots":{"index":"index","follow":"follow","max-snippet":"max-snippet:-1","max-image-preview":"max-image-preview:large","max-video-preview":"max-video-preview:-1"},"canonical":"https:\/\/lubrimas.pe\/tienda\/aditivos\/motul-multi-hf-fluido-hidraulico-multifuncional\/","og_locale":"es_ES","og_type":"article","og_title":"MOTUL MULTI HF - Fluido hidr\u00e1ulico multifuncional | Lubrimas.pe | Tienda Online","og_description":"MOTUL MULTI HF es un fluido hidr\u00e1ulico multifuncional de altas prestaciones, de bases sint\u00e9ticas, especialmente dise\u00f1ado para circuitos hidr\u00e1ulicos de direcciones asistidas, amortiguadores o techos descapotables, en veh\u00edculos autom\u00f3viles de","og_url":"https:\/\/lubrimas.pe\/tienda\/aditivos\/motul-multi-hf-fluido-hidraulico-multifuncional\/","og_site_name":"Lubrimas.pe | Tienda Online","article_modified_time":"2025-10-23T19:34:22+00:00","og_image":[{"width":850,"height":1000,"url":"https:\/\/lubrimas.pe\/tienda\/wp-content\/uploads\/sites\/3\/2023\/05\/lubrimaspe-lubrimasperu-fluido-direccion-hidraulica-motul-multi-hf-quarto-peru-delivery-express-1lt-losolivos-lima-peru.webp","type":"image\/webp"}],"twitter_card":"summary_large_image","twitter_misc":{"Tiempo de lectura":"2 minutos"},"schema":{"@context":"https:\/\/schema.org","@graph":[{"@type":["WebPage","ItemPage"],"@id":"https:\/\/lubrimas.pe\/tienda\/aditivos\/motul-multi-hf-fluido-hidraulico-multifuncional\/","url":"https:\/\/lubrimas.pe\/tienda\/aditivos\/motul-multi-hf-fluido-hidraulico-multifuncional\/","name":"MOTUL MULTI HF - Fluido hidr\u00e1ulico multifuncional | Lubrimas.pe | Tienda Online","isPartOf":{"@id":"https:\/\/lubrimas.pe\/tienda\/#website"},"primaryImageOfPage":{"@id":"https:\/\/lubrimas.pe\/tienda\/aditivos\/motul-multi-hf-fluido-hidraulico-multifuncional\/#primaryimage"},"image":{"@id":"https:\/\/lubrimas.pe\/tienda\/aditivos\/motul-multi-hf-fluido-hidraulico-multifuncional\/#primaryimage"},"thumbnailUrl":"https:\/\/lubrimas.pe\/tienda\/wp-content\/uploads\/sites\/3\/2023\/05\/lubrimaspe-lubrimasperu-fluido-direccion-hidraulica-motul-multi-hf-quarto-peru-delivery-express-1lt-losolivos-lima-peru.webp","datePublished":"2023-05-15T17:52:21+00:00","dateModified":"2025-10-23T19:34:22+00:00","breadcrumb":{"@id":"https:\/\/lubrimas.pe\/tienda\/aditivos\/motul-multi-hf-fluido-hidraulico-multifuncional\/#breadcrumb"},"inLanguage":"es","potentialAction":[{"@type":"ReadAction","target":["https:\/\/lubrimas.pe\/tienda\/aditivos\/motul-multi-hf-fluido-hidraulico-multifuncional\/"]}]},{"@type":"ImageObject","inLanguage":"es","@id":"https:\/\/lubrimas.pe\/tienda\/aditivos\/motul-multi-hf-fluido-hidraulico-multifuncional\/#primaryimage","url":"https:\/\/lubrimas.pe\/tienda\/wp-content\/uploads\/sites\/3\/2023\/05\/lubrimaspe-lubrimasperu-fluido-direccion-hidraulica-motul-multi-hf-quarto-peru-delivery-express-1lt-losolivos-lima-peru.webp","contentUrl":"https:\/\/lubrimas.pe\/tienda\/wp-content\/uploads\/sites\/3\/2023\/05\/lubrimaspe-lubrimasperu-fluido-direccion-hidraulica-motul-multi-hf-quarto-peru-delivery-express-1lt-losolivos-lima-peru.webp","width":850,"height":1000},{"@type":"BreadcrumbList","@id":"https:\/\/lubrimas.pe\/tienda\/aditivos\/motul-multi-hf-fluido-hidraulico-multifuncional\/#breadcrumb","itemListElement":[{"@type":"ListItem","position":1,"name":"Portada","item":"https:\/\/lubrimas.pe\/tienda\/"},{"@type":"ListItem","position":2,"name":"Cat\u00e1logo","item":"https:\/\/lubrimas.pe\/tienda\/productos\/"},{"@type":"ListItem","position":3,"name":"MOTUL MULTI HF &#8211; Fluido hidr\u00e1ulico multifuncional"}]},{"@type":"WebSite","@id":"https:\/\/lubrimas.pe\/tienda\/#website","url":"https:\/\/lubrimas.pe\/tienda\/","name":"Lubrimas.pe | Tienda Online","description":"Tus lubricantes favoritos al mejor precio!","publisher":{"@id":"https:\/\/lubrimas.pe\/tienda\/#organization"},"potentialAction":[{"@type":"SearchAction","target":{"@type":"EntryPoint","urlTemplate":"https:\/\/lubrimas.pe\/tienda\/?s={search_term_string}"},"query-input":{"@type":"PropertyValueSpecification","valueRequired":true,"valueName":"search_term_string"}}],"inLanguage":"es"},{"@type":"Organization","@id":"https:\/\/lubrimas.pe\/tienda\/#organization","name":"Lubrimas.pe","url":"https:\/\/lubrimas.pe\/tienda\/","logo":{"@type":"ImageObject","inLanguage":"es","@id":"https:\/\/lubrimas.pe\/tienda\/#\/schema\/logo\/image\/","url":"https:\/\/lubrimas.pe\/tienda\/wp-content\/uploads\/sites\/3\/2022\/07\/BANNERS-PROMO-CYBER-WOW-LUBRIMASPE-2022-07.webp","contentUrl":"https:\/\/lubrimas.pe\/tienda\/wp-content\/uploads\/sites\/3\/2022\/07\/BANNERS-PROMO-CYBER-WOW-LUBRIMASPE-2022-07.webp","width":500,"height":752,"caption":"Lubrimas.pe"},"image":{"@id":"https:\/\/lubrimas.pe\/tienda\/#\/schema\/logo\/image\/"}}]}},"_links":{"self":[{"href":"https:\/\/lubrimas.pe\/tienda\/wp-json\/wp\/v2\/product\/13190","targetHints":{"allow":["GET"]}}],"collection":[{"href":"https:\/\/lubrimas.pe\/tienda\/wp-json\/wp\/v2\/product"}],"about":[{"href":"https:\/\/lubrimas.pe\/tienda\/wp-json\/wp\/v2\/types\/product"}],"wp:featuredmedia":[{"embeddable":true,"href":"https:\/\/lubrimas.pe\/tienda\/wp-json\/wp\/v2\/media\/13192"}],"wp:attachment":[{"href":"https:\/\/lubrimas.pe\/tienda\/wp-json\/wp\/v2\/media?parent=13190"}],"wp:term":[{"taxonomy":"product_brand","embeddable":true,"href":"https:\/\/lubrimas.pe\/tienda\/wp-json\/wp\/v2\/product_brand?post=13190"},{"taxonomy":"product_cat","embeddable":true,"href":"https:\/\/lubrimas.pe\/tienda\/wp-json\/wp\/v2\/product_cat?post=13190"},{"taxonomy":"product_tag","embeddable":true,"href":"https:\/\/lubrimas.pe\/tienda\/wp-json\/wp\/v2\/product_tag?post=13190"}],"curies":[{"name":"wp","href":"https:\/\/api.w.org\/{rel}","templated":true}]}}