{"id":13253,"date":"2023-06-21T13:32:15","date_gmt":"2023-06-21T18:32:15","guid":{"rendered":"https:\/\/lubrimas.pe\/tienda\/?post_type=product&#038;p=13253"},"modified":"2025-11-03T13:04:56","modified_gmt":"2025-11-03T18:04:56","slug":"liqui-moly-brake-fluid-dot-4-liquido-para-frenos","status":"publish","type":"product","link":"https:\/\/lubrimas.pe\/tienda\/aditivos\/liqui-moly-brake-fluid-dot-4-liquido-para-frenos\/","title":{"rendered":"LIQUI MOLY BRAKE FLUID DOT 4 &#8211; L\u00edquido para frenos"},"content":{"rendered":"<p><strong>LIQUI MOLY BRAKE FLUID DOT 4 <\/strong>es un l<span class=\"value\">\u00edquido de frenos sint\u00e9tico a base de glicol-\u00e9ter, alquilopoliglicoles y \u00e9steres de \u00e9ter glic\u00f3lico. Contiene inhibidores que impiden la corrosi\u00f3n de componentes de freno met\u00e1licos y reduce la oxidaci\u00f3n a temperaturas elevadas. Esto impide que se formen productos de descomposici\u00f3n con \u00e1cido. Ha sido desarrollado especialmente para prolongar la vida \u00fatil de los componentes en los sistemas hidr\u00e1ulicos de frenos y de embrague de veh\u00edculos. Dispone de unos puntos de ebullici\u00f3n en h\u00famedo y en seco elevados. As\u00ed, incluso tras humedecerse ligeramente, se garantiza un frenado seguro con una larga vida \u00fatil. Los detergentes especiales para humedad sirven para proteger contra la formaci\u00f3n de burbujas de vapor.<\/span><\/p>\n<div class=\"d-inline-block fs-9 product attribute mt-2\"><span class=\"value\">Ideal para todo tipo de sistemas de frenos de disco y de tambor, as\u00ed como para los embragues de autom\u00f3viles que requieren un l\u00edquido de frenos sint\u00e9tico. El l\u00edquido de frenos tambi\u00e9n es ideal para los sistemas de frenos ABS.<\/span><\/div>\n<h5 class=\"d-inline-block fs-9 product attribute mt-2\"><strong>APLICACI\u00d3N<\/strong><\/h5>\n<p>El l\u00edquido de frenos Liqui Moly DOT 4 se puede utilizar en todos los aparatos de purga de l\u00edquido de frenos convencionales. El l\u00edquido de frenos Liqui Moly DOT 4 se puede mezclar y es compatible con todos los l\u00edquidos de frenos sint\u00e9ticos de alta calidad. No obstante, la vida \u00fatil \u00f3ptima solamente se garantiza en el uso sin mezclar. Se recomienda cambiar el l\u00edquido de frenos seg\u00fan las prescripciones del fabricante del veh\u00edculo.<\/p>\n<h5><strong>APROBACIONES \/ ESPECIFICACIONES OEM<\/strong><\/h5>\n<p>FMVSS 116 DOT 3, FMVSS 116 DOT 4, ISO 4925 Class 3, ISO 4925 Class 4, SAE J 1703, SAE J 1704<\/p>\n<h5><strong>INFORMACI\u00d3N ADICIONAL<\/strong><\/h5>\n<div class=\"aditional-info-tecnical-lp\"><a href=\"https:\/\/pim.liqui-moly.de\/ws\/pi\/article\/3085?language=es\" target=\"_blank\" rel=\"noopener\">FICHA T\u00c9CNICA<\/a><br \/>\n<a href=\"https:\/\/www.liqui-moly.com\/es\/liquido-para-frenos-dot-4-p003357.html#tab-label-approvalsandspecifications-title\" target=\"_blank\" rel=\"noopener\">SITIO OFICIAL<\/a><\/div>\n<p>&nbsp;<\/p>\n<blockquote><p>LM 3085, LM-3085, LM3085, LIQUIMOLY, LIQUI MOLY, LIQUIDO, DE, PARA, FRENO<\/p><\/blockquote>\n","protected":false},"excerpt":{"rendered":"<p>LIQUI MOLY BRAKE FLUID DOT 4 es un l\u00edquido de frenos sint\u00e9tico a base de glicol-\u00e9ter, alquilopoliglicoles y \u00e9steres de \u00e9ter glic\u00f3lico. Contiene inhibidores que impiden la corrosi\u00f3n de componentes<\/p>\n","protected":false},"featured_media":14866,"template":"","meta":[],"product_brand":[],"product_cat":[152,407],"product_tag":[23,24,25],"class_list":{"0":"post-13253","1":"product","2":"type-product","3":"status-publish","4":"has-post-thumbnail","6":"product_cat-aditivos","7":"product_cat-frenos","8":"product_tag-aditivos-lubricantes-alemanes","9":"product_tag-liqui-moly","10":"product_tag-liquimoly","11":"pa_especificaciones-dot-4","12":"pa_marca-liquimoly","14":"first","15":"instock","16":"shipping-taxable","17":"purchasable","18":"product-type-variable","19":"has-default-attributes"},"yoast_head":"<!-- This site is optimized with the Yoast SEO plugin v27.1.1 - https:\/\/yoast.com\/product\/yoast-seo-wordpress\/ -->\n<title>LIQUI MOLY BRAKE FLUID DOT 4 - L\u00edquido para frenos | Lubrimas.pe | Tienda Online<\/title>\n<meta name=\"robots\" content=\"index, follow, max-snippet:-1, max-image-preview:large, max-video-preview:-1\" \/>\n<link rel=\"canonical\" href=\"https:\/\/lubrimas.pe\/tienda\/aditivos\/liqui-moly-brake-fluid-dot-4-liquido-para-frenos\/\" \/>\n<meta property=\"og:locale\" content=\"es_ES\" \/>\n<meta property=\"og:type\" content=\"article\" \/>\n<meta property=\"og:title\" content=\"LIQUI MOLY BRAKE FLUID DOT 4 - L\u00edquido para frenos | Lubrimas.pe | Tienda Online\" \/>\n<meta property=\"og:description\" content=\"LIQUI MOLY BRAKE FLUID DOT 4 es un l\u00edquido de frenos sint\u00e9tico a base de glicol-\u00e9ter, alquilopoliglicoles y \u00e9steres de \u00e9ter glic\u00f3lico. Contiene inhibidores que impiden la corrosi\u00f3n de componentes\" \/>\n<meta property=\"og:url\" content=\"https:\/\/lubrimas.pe\/tienda\/aditivos\/liqui-moly-brake-fluid-dot-4-liquido-para-frenos\/\" \/>\n<meta property=\"og:site_name\" content=\"Lubrimas.pe | Tienda Online\" \/>\n<meta property=\"article:modified_time\" content=\"2025-11-03T18:04:56+00:00\" \/>\n<meta property=\"og:image\" content=\"https:\/\/lubrimas.pe\/tienda\/wp-content\/uploads\/sites\/3\/2023\/06\/liqui-moly-dot4.webp\" \/>\n\t<meta property=\"og:image:width\" content=\"850\" \/>\n\t<meta property=\"og:image:height\" content=\"1000\" \/>\n\t<meta property=\"og:image:type\" content=\"image\/webp\" \/>\n<meta name=\"twitter:card\" content=\"summary_large_image\" \/>\n<meta name=\"twitter:label1\" content=\"Tiempo de lectura\" \/>\n\t<meta name=\"twitter:data1\" content=\"1 minuto\" \/>\n<script type=\"application\/ld+json\" class=\"yoast-schema-graph\">{\"@context\":\"https:\/\/schema.org\",\"@graph\":[{\"@type\":[\"WebPage\",\"ItemPage\"],\"@id\":\"https:\/\/lubrimas.pe\/tienda\/aditivos\/liqui-moly-brake-fluid-dot-4-liquido-para-frenos\/\",\"url\":\"https:\/\/lubrimas.pe\/tienda\/aditivos\/liqui-moly-brake-fluid-dot-4-liquido-para-frenos\/\",\"name\":\"LIQUI MOLY BRAKE FLUID DOT 4 - L\u00edquido para frenos | Lubrimas.pe | Tienda Online\",\"isPartOf\":{\"@id\":\"https:\/\/lubrimas.pe\/tienda\/#website\"},\"primaryImageOfPage\":{\"@id\":\"https:\/\/lubrimas.pe\/tienda\/aditivos\/liqui-moly-brake-fluid-dot-4-liquido-para-frenos\/#primaryimage\"},\"image\":{\"@id\":\"https:\/\/lubrimas.pe\/tienda\/aditivos\/liqui-moly-brake-fluid-dot-4-liquido-para-frenos\/#primaryimage\"},\"thumbnailUrl\":\"https:\/\/lubrimas.pe\/tienda\/wp-content\/uploads\/sites\/3\/2023\/06\/liqui-moly-dot4.webp\",\"datePublished\":\"2023-06-21T18:32:15+00:00\",\"dateModified\":\"2025-11-03T18:04:56+00:00\",\"breadcrumb\":{\"@id\":\"https:\/\/lubrimas.pe\/tienda\/aditivos\/liqui-moly-brake-fluid-dot-4-liquido-para-frenos\/#breadcrumb\"},\"inLanguage\":\"es\",\"potentialAction\":[{\"@type\":\"ReadAction\",\"target\":[\"https:\/\/lubrimas.pe\/tienda\/aditivos\/liqui-moly-brake-fluid-dot-4-liquido-para-frenos\/\"]}]},{\"@type\":\"ImageObject\",\"inLanguage\":\"es\",\"@id\":\"https:\/\/lubrimas.pe\/tienda\/aditivos\/liqui-moly-brake-fluid-dot-4-liquido-para-frenos\/#primaryimage\",\"url\":\"https:\/\/lubrimas.pe\/tienda\/wp-content\/uploads\/sites\/3\/2023\/06\/liqui-moly-dot4.webp\",\"contentUrl\":\"https:\/\/lubrimas.pe\/tienda\/wp-content\/uploads\/sites\/3\/2023\/06\/liqui-moly-dot4.webp\",\"width\":850,\"height\":1000},{\"@type\":\"BreadcrumbList\",\"@id\":\"https:\/\/lubrimas.pe\/tienda\/aditivos\/liqui-moly-brake-fluid-dot-4-liquido-para-frenos\/#breadcrumb\",\"itemListElement\":[{\"@type\":\"ListItem\",\"position\":1,\"name\":\"Portada\",\"item\":\"https:\/\/lubrimas.pe\/tienda\/\"},{\"@type\":\"ListItem\",\"position\":2,\"name\":\"Cat\u00e1logo\",\"item\":\"https:\/\/lubrimas.pe\/tienda\/productos\/\"},{\"@type\":\"ListItem\",\"position\":3,\"name\":\"LIQUI MOLY BRAKE FLUID DOT 4 &#8211; L\u00edquido para frenos\"}]},{\"@type\":\"WebSite\",\"@id\":\"https:\/\/lubrimas.pe\/tienda\/#website\",\"url\":\"https:\/\/lubrimas.pe\/tienda\/\",\"name\":\"Lubrimas.pe | Tienda Online\",\"description\":\"Tus lubricantes favoritos al mejor precio!\",\"publisher\":{\"@id\":\"https:\/\/lubrimas.pe\/tienda\/#organization\"},\"potentialAction\":[{\"@type\":\"SearchAction\",\"target\":{\"@type\":\"EntryPoint\",\"urlTemplate\":\"https:\/\/lubrimas.pe\/tienda\/?s={search_term_string}\"},\"query-input\":{\"@type\":\"PropertyValueSpecification\",\"valueRequired\":true,\"valueName\":\"search_term_string\"}}],\"inLanguage\":\"es\"},{\"@type\":\"Organization\",\"@id\":\"https:\/\/lubrimas.pe\/tienda\/#organization\",\"name\":\"Lubrimas.pe\",\"url\":\"https:\/\/lubrimas.pe\/tienda\/\",\"logo\":{\"@type\":\"ImageObject\",\"inLanguage\":\"es\",\"@id\":\"https:\/\/lubrimas.pe\/tienda\/#\/schema\/logo\/image\/\",\"url\":\"https:\/\/lubrimas.pe\/tienda\/wp-content\/uploads\/sites\/3\/2022\/07\/BANNERS-PROMO-CYBER-WOW-LUBRIMASPE-2022-07.webp\",\"contentUrl\":\"https:\/\/lubrimas.pe\/tienda\/wp-content\/uploads\/sites\/3\/2022\/07\/BANNERS-PROMO-CYBER-WOW-LUBRIMASPE-2022-07.webp\",\"width\":500,\"height\":752,\"caption\":\"Lubrimas.pe\"},\"image\":{\"@id\":\"https:\/\/lubrimas.pe\/tienda\/#\/schema\/logo\/image\/\"}}]}<\/script>\n<!-- \/ Yoast SEO plugin. -->","yoast_head_json":{"title":"LIQUI MOLY BRAKE FLUID DOT 4 - L\u00edquido para frenos | Lubrimas.pe | Tienda Online","robots":{"index":"index","follow":"follow","max-snippet":"max-snippet:-1","max-image-preview":"max-image-preview:large","max-video-preview":"max-video-preview:-1"},"canonical":"https:\/\/lubrimas.pe\/tienda\/aditivos\/liqui-moly-brake-fluid-dot-4-liquido-para-frenos\/","og_locale":"es_ES","og_type":"article","og_title":"LIQUI MOLY BRAKE FLUID DOT 4 - L\u00edquido para frenos | Lubrimas.pe | Tienda Online","og_description":"LIQUI MOLY BRAKE FLUID DOT 4 es un l\u00edquido de frenos sint\u00e9tico a base de glicol-\u00e9ter, alquilopoliglicoles y \u00e9steres de \u00e9ter glic\u00f3lico. Contiene inhibidores que impiden la corrosi\u00f3n de componentes","og_url":"https:\/\/lubrimas.pe\/tienda\/aditivos\/liqui-moly-brake-fluid-dot-4-liquido-para-frenos\/","og_site_name":"Lubrimas.pe | Tienda Online","article_modified_time":"2025-11-03T18:04:56+00:00","og_image":[{"width":850,"height":1000,"url":"https:\/\/lubrimas.pe\/tienda\/wp-content\/uploads\/sites\/3\/2023\/06\/liqui-moly-dot4.webp","type":"image\/webp"}],"twitter_card":"summary_large_image","twitter_misc":{"Tiempo de lectura":"1 minuto"},"schema":{"@context":"https:\/\/schema.org","@graph":[{"@type":["WebPage","ItemPage"],"@id":"https:\/\/lubrimas.pe\/tienda\/aditivos\/liqui-moly-brake-fluid-dot-4-liquido-para-frenos\/","url":"https:\/\/lubrimas.pe\/tienda\/aditivos\/liqui-moly-brake-fluid-dot-4-liquido-para-frenos\/","name":"LIQUI MOLY BRAKE FLUID DOT 4 - L\u00edquido para frenos | Lubrimas.pe | Tienda Online","isPartOf":{"@id":"https:\/\/lubrimas.pe\/tienda\/#website"},"primaryImageOfPage":{"@id":"https:\/\/lubrimas.pe\/tienda\/aditivos\/liqui-moly-brake-fluid-dot-4-liquido-para-frenos\/#primaryimage"},"image":{"@id":"https:\/\/lubrimas.pe\/tienda\/aditivos\/liqui-moly-brake-fluid-dot-4-liquido-para-frenos\/#primaryimage"},"thumbnailUrl":"https:\/\/lubrimas.pe\/tienda\/wp-content\/uploads\/sites\/3\/2023\/06\/liqui-moly-dot4.webp","datePublished":"2023-06-21T18:32:15+00:00","dateModified":"2025-11-03T18:04:56+00:00","breadcrumb":{"@id":"https:\/\/lubrimas.pe\/tienda\/aditivos\/liqui-moly-brake-fluid-dot-4-liquido-para-frenos\/#breadcrumb"},"inLanguage":"es","potentialAction":[{"@type":"ReadAction","target":["https:\/\/lubrimas.pe\/tienda\/aditivos\/liqui-moly-brake-fluid-dot-4-liquido-para-frenos\/"]}]},{"@type":"ImageObject","inLanguage":"es","@id":"https:\/\/lubrimas.pe\/tienda\/aditivos\/liqui-moly-brake-fluid-dot-4-liquido-para-frenos\/#primaryimage","url":"https:\/\/lubrimas.pe\/tienda\/wp-content\/uploads\/sites\/3\/2023\/06\/liqui-moly-dot4.webp","contentUrl":"https:\/\/lubrimas.pe\/tienda\/wp-content\/uploads\/sites\/3\/2023\/06\/liqui-moly-dot4.webp","width":850,"height":1000},{"@type":"BreadcrumbList","@id":"https:\/\/lubrimas.pe\/tienda\/aditivos\/liqui-moly-brake-fluid-dot-4-liquido-para-frenos\/#breadcrumb","itemListElement":[{"@type":"ListItem","position":1,"name":"Portada","item":"https:\/\/lubrimas.pe\/tienda\/"},{"@type":"ListItem","position":2,"name":"Cat\u00e1logo","item":"https:\/\/lubrimas.pe\/tienda\/productos\/"},{"@type":"ListItem","position":3,"name":"LIQUI MOLY BRAKE FLUID DOT 4 &#8211; L\u00edquido para frenos"}]},{"@type":"WebSite","@id":"https:\/\/lubrimas.pe\/tienda\/#website","url":"https:\/\/lubrimas.pe\/tienda\/","name":"Lubrimas.pe | Tienda Online","description":"Tus lubricantes favoritos al mejor precio!","publisher":{"@id":"https:\/\/lubrimas.pe\/tienda\/#organization"},"potentialAction":[{"@type":"SearchAction","target":{"@type":"EntryPoint","urlTemplate":"https:\/\/lubrimas.pe\/tienda\/?s={search_term_string}"},"query-input":{"@type":"PropertyValueSpecification","valueRequired":true,"valueName":"search_term_string"}}],"inLanguage":"es"},{"@type":"Organization","@id":"https:\/\/lubrimas.pe\/tienda\/#organization","name":"Lubrimas.pe","url":"https:\/\/lubrimas.pe\/tienda\/","logo":{"@type":"ImageObject","inLanguage":"es","@id":"https:\/\/lubrimas.pe\/tienda\/#\/schema\/logo\/image\/","url":"https:\/\/lubrimas.pe\/tienda\/wp-content\/uploads\/sites\/3\/2022\/07\/BANNERS-PROMO-CYBER-WOW-LUBRIMASPE-2022-07.webp","contentUrl":"https:\/\/lubrimas.pe\/tienda\/wp-content\/uploads\/sites\/3\/2022\/07\/BANNERS-PROMO-CYBER-WOW-LUBRIMASPE-2022-07.webp","width":500,"height":752,"caption":"Lubrimas.pe"},"image":{"@id":"https:\/\/lubrimas.pe\/tienda\/#\/schema\/logo\/image\/"}}]}},"_links":{"self":[{"href":"https:\/\/lubrimas.pe\/tienda\/wp-json\/wp\/v2\/product\/13253","targetHints":{"allow":["GET"]}}],"collection":[{"href":"https:\/\/lubrimas.pe\/tienda\/wp-json\/wp\/v2\/product"}],"about":[{"href":"https:\/\/lubrimas.pe\/tienda\/wp-json\/wp\/v2\/types\/product"}],"wp:featuredmedia":[{"embeddable":true,"href":"https:\/\/lubrimas.pe\/tienda\/wp-json\/wp\/v2\/media\/14866"}],"wp:attachment":[{"href":"https:\/\/lubrimas.pe\/tienda\/wp-json\/wp\/v2\/media?parent=13253"}],"wp:term":[{"taxonomy":"product_brand","embeddable":true,"href":"https:\/\/lubrimas.pe\/tienda\/wp-json\/wp\/v2\/product_brand?post=13253"},{"taxonomy":"product_cat","embeddable":true,"href":"https:\/\/lubrimas.pe\/tienda\/wp-json\/wp\/v2\/product_cat?post=13253"},{"taxonomy":"product_tag","embeddable":true,"href":"https:\/\/lubrimas.pe\/tienda\/wp-json\/wp\/v2\/product_tag?post=13253"}],"curies":[{"name":"wp","href":"https:\/\/api.w.org\/{rel}","templated":true}]}}