{"id":13274,"date":"2023-06-22T14:55:50","date_gmt":"2023-06-22T19:55:50","guid":{"rendered":"https:\/\/lubrimas.pe\/tienda\/?post_type=product&#038;p=13274"},"modified":"2025-08-18T12:36:58","modified_gmt":"2025-08-18T17:36:58","slug":"mobil-super-10w40-semi-sintetico-aceite-de-motor","status":"publish","type":"product","link":"https:\/\/lubrimas.pe\/tienda\/aceite-de-motor\/mobil-super-10w40-semi-sintetico-aceite-de-motor\/","title":{"rendered":"MOBIL SUPER 10W40 SEMI SINT\u00c9TICO &#8211; Aceite de Motor"},"content":{"rendered":"<div class=\"container-wrapper\">\n<p><strong>MOBIL SUPER 10W40 SEMI SINT\u00c9TICO (Antes MOBIL SUPER 2000 10W40)<\/strong> es un aceite semisint\u00e9tico que proporciona una larga vida \u00fatil del motor y protecci\u00f3n contra los lodos y el desgaste.<\/p>\n<div class=\"container-wrapper\">\n<p>Mobil Super Semi Sintetico 10W40 ha sido plenamente comprobado en la industria de manera que usted puede tener la plena confianza de que obtendr\u00e1 el desempe\u00f1o que desea de su veh\u00edculo.<\/p>\n<h5><strong>Propiedades y beneficios<\/strong><\/h5>\n<ul>\n<li>Mejor prevenci\u00f3n de formaci\u00f3n de lodos.<\/li>\n<li>Excelente limpieza del motor.<\/li>\n<li>Excelente protecci\u00f3n a altas temperaturas.<\/li>\n<li>Excelente protecci\u00f3n contra el desgaste.<\/li>\n<li>Buen desempe\u00f1o en los arranques en fr\u00edo<\/li>\n<\/ul>\n<\/div>\n<h5><strong>Aplicaciones<\/strong><\/h5>\n<p>Mobil Super\u2122 Semisintetico 10W-40 est\u00e1 formulado para brindarle la confianza de que su motor est\u00e1 recibiendo una protecci\u00f3n que va mucho m\u00e1s all\u00e1 de la que los aceites convencionales pueden proporcionar. ExxonMobil lo recomienda si ocasionalmente experimenta condiciones de conducci\u00f3n exigentes:<\/p>\n<ul>\n<li>\u00a0Tecnolog\u00edas de motores m\u00e1s viejas.<\/li>\n<li>Motores de gasolina y di\u00e9sel sin filtros de part\u00edculas di\u00e9sel (DPF).<\/li>\n<li>Veh\u00edculos de pasajeros, camionetas deportivas, camiones ligeros y furgonetas.<\/li>\n<li>Conducci\u00f3n de crucero en carretera y conducci\u00f3n con paradas y arranques en la ciudad.<\/li>\n<li>Condiciones operacionales normales a ocasionalmente severas<\/li>\n<\/ul>\n<h5 class=\"container-wrapper\"><strong style=\"color: #1f1f1f; font-size: 1.41575em;\">Especificaciones y aprobaciones\u00a0<\/strong><\/h5>\n<div class=\"table-responsive\">\n<table class=\"table table-striped\">\n<tbody>\n<tr>\n<td>\n<div class=\"table-responsive\">\n<table class=\"table table-striped\">\n<tbody>\n<tr>\n<td><strong>Este producto cuenta con las siguientes aprobaciones:<\/strong><\/td>\n<\/tr>\n<\/tbody>\n<\/table>\n<\/div>\n<\/td>\n<\/tr>\n<tr>\n<td>VW<strong>\u00a0<\/strong>501 01<\/td>\n<\/tr>\n<tr>\n<td>VW<strong>\u00a0<\/strong>505 00<\/td>\n<\/tr>\n<\/tbody>\n<\/table>\n<div class=\"table-responsive\">\n<table class=\"table table-striped\">\n<tbody>\n<tr>\n<td><strong>Este producto est\u00e1 recomendado para utilizarse en aplicaciones que requieren:<\/strong><\/td>\n<\/tr>\n<tr>\n<td>API CF<\/td>\n<\/tr>\n<\/tbody>\n<\/table>\n<\/div>\n<div class=\"table-responsive\">\n<table class=\"table table-striped\">\n<tbody>\n<tr>\n<td><strong>Este producto cumple o excede los requisitos de:<\/strong><\/td>\n<\/tr>\n<tr>\n<td>API SN PLUS<\/td>\n<\/tr>\n<tr>\n<td>API SN<\/td>\n<\/tr>\n<tr>\n<td>API SM<\/td>\n<\/tr>\n<tr>\n<td>API SL<\/td>\n<\/tr>\n<tr>\n<td>API SJ<\/td>\n<\/tr>\n<tr>\n<td>ACEA A3\/B3<\/td>\n<\/tr>\n<\/tbody>\n<\/table>\n<\/div>\n<\/div>\n<div class=\"table-responsive\"><\/div>\n<\/div>\n","protected":false},"excerpt":{"rendered":"<p>MOBIL SUPER 10W40 SEMI SINT\u00c9TICO (Antes MOBIL SUPER 2000 10W40) es un aceite semisint\u00e9tico que proporciona una larga vida \u00fatil del motor y protecci\u00f3n contra los lodos y el desgaste.<\/p>\n","protected":false},"featured_media":13276,"template":"","meta":[],"product_brand":[],"product_cat":[16,22],"product_tag":[],"class_list":{"0":"post-13274","1":"product","2":"type-product","3":"status-publish","4":"has-post-thumbnail","6":"product_cat-aceite-de-motor","7":"product_cat-motor-gasolina-gas","8":"pa_grado-10w40","9":"pa_marca-mobil","10":"pa_ofertas-cyber","12":"first","13":"outofstock","14":"shipping-taxable","15":"purchasable","16":"product-type-variable","17":"has-default-attributes"},"yoast_head":"<!-- This site is optimized with the Yoast SEO plugin v27.1.1 - https:\/\/yoast.com\/product\/yoast-seo-wordpress\/ -->\n<title>MOBIL SUPER 10W40 SEMI SINT\u00c9TICO - Aceite de Motor | Lubrimas.pe | Tienda Online<\/title>\n<meta name=\"robots\" content=\"index, follow, max-snippet:-1, max-image-preview:large, max-video-preview:-1\" \/>\n<link rel=\"canonical\" href=\"https:\/\/lubrimas.pe\/tienda\/aceite-de-motor\/mobil-super-10w40-semi-sintetico-aceite-de-motor\/\" \/>\n<meta property=\"og:locale\" content=\"es_ES\" \/>\n<meta property=\"og:type\" content=\"article\" \/>\n<meta property=\"og:title\" content=\"MOBIL SUPER 10W40 SEMI SINT\u00c9TICO - Aceite de Motor | Lubrimas.pe | Tienda Online\" \/>\n<meta property=\"og:description\" content=\"MOBIL SUPER 10W40 SEMI SINT\u00c9TICO (Antes MOBIL SUPER 2000 10W40) es un aceite semisint\u00e9tico que proporciona una larga vida \u00fatil del motor y protecci\u00f3n contra los lodos y el desgaste.\" \/>\n<meta property=\"og:url\" content=\"https:\/\/lubrimas.pe\/tienda\/aceite-de-motor\/mobil-super-10w40-semi-sintetico-aceite-de-motor\/\" \/>\n<meta property=\"og:site_name\" content=\"Lubrimas.pe | Tienda Online\" \/>\n<meta property=\"article:modified_time\" content=\"2025-08-18T17:36:58+00:00\" \/>\n<meta property=\"og:image\" content=\"https:\/\/lubrimas.pe\/tienda\/wp-content\/uploads\/sites\/3\/2023\/06\/lubrimaspe-lubrimasperu-aceite-mobil-super-10w40-multigrado-semi-sintetico-mobil-super-2000-synthetic-blend-galon-4l-losolivos-lima-peru.webp.webp\" \/>\n\t<meta property=\"og:image:width\" content=\"850\" \/>\n\t<meta property=\"og:image:height\" content=\"1000\" \/>\n\t<meta property=\"og:image:type\" content=\"image\/webp\" \/>\n<meta name=\"twitter:card\" content=\"summary_large_image\" \/>\n<meta name=\"twitter:label1\" content=\"Tiempo de lectura\" \/>\n\t<meta name=\"twitter:data1\" content=\"2 minutos\" \/>\n<script type=\"application\/ld+json\" class=\"yoast-schema-graph\">{\"@context\":\"https:\/\/schema.org\",\"@graph\":[{\"@type\":[\"WebPage\",\"ItemPage\"],\"@id\":\"https:\/\/lubrimas.pe\/tienda\/aceite-de-motor\/mobil-super-10w40-semi-sintetico-aceite-de-motor\/\",\"url\":\"https:\/\/lubrimas.pe\/tienda\/aceite-de-motor\/mobil-super-10w40-semi-sintetico-aceite-de-motor\/\",\"name\":\"MOBIL SUPER 10W40 SEMI SINT\u00c9TICO - Aceite de Motor | Lubrimas.pe | Tienda Online\",\"isPartOf\":{\"@id\":\"https:\/\/lubrimas.pe\/tienda\/#website\"},\"primaryImageOfPage\":{\"@id\":\"https:\/\/lubrimas.pe\/tienda\/aceite-de-motor\/mobil-super-10w40-semi-sintetico-aceite-de-motor\/#primaryimage\"},\"image\":{\"@id\":\"https:\/\/lubrimas.pe\/tienda\/aceite-de-motor\/mobil-super-10w40-semi-sintetico-aceite-de-motor\/#primaryimage\"},\"thumbnailUrl\":\"https:\/\/lubrimas.pe\/tienda\/wp-content\/uploads\/sites\/3\/2023\/06\/lubrimaspe-lubrimasperu-aceite-mobil-super-10w40-multigrado-semi-sintetico-mobil-super-2000-synthetic-blend-galon-4l-losolivos-lima-peru.webp.webp\",\"datePublished\":\"2023-06-22T19:55:50+00:00\",\"dateModified\":\"2025-08-18T17:36:58+00:00\",\"breadcrumb\":{\"@id\":\"https:\/\/lubrimas.pe\/tienda\/aceite-de-motor\/mobil-super-10w40-semi-sintetico-aceite-de-motor\/#breadcrumb\"},\"inLanguage\":\"es\",\"potentialAction\":[{\"@type\":\"ReadAction\",\"target\":[\"https:\/\/lubrimas.pe\/tienda\/aceite-de-motor\/mobil-super-10w40-semi-sintetico-aceite-de-motor\/\"]}]},{\"@type\":\"ImageObject\",\"inLanguage\":\"es\",\"@id\":\"https:\/\/lubrimas.pe\/tienda\/aceite-de-motor\/mobil-super-10w40-semi-sintetico-aceite-de-motor\/#primaryimage\",\"url\":\"https:\/\/lubrimas.pe\/tienda\/wp-content\/uploads\/sites\/3\/2023\/06\/lubrimaspe-lubrimasperu-aceite-mobil-super-10w40-multigrado-semi-sintetico-mobil-super-2000-synthetic-blend-galon-4l-losolivos-lima-peru.webp.webp\",\"contentUrl\":\"https:\/\/lubrimas.pe\/tienda\/wp-content\/uploads\/sites\/3\/2023\/06\/lubrimaspe-lubrimasperu-aceite-mobil-super-10w40-multigrado-semi-sintetico-mobil-super-2000-synthetic-blend-galon-4l-losolivos-lima-peru.webp.webp\",\"width\":850,\"height\":1000},{\"@type\":\"BreadcrumbList\",\"@id\":\"https:\/\/lubrimas.pe\/tienda\/aceite-de-motor\/mobil-super-10w40-semi-sintetico-aceite-de-motor\/#breadcrumb\",\"itemListElement\":[{\"@type\":\"ListItem\",\"position\":1,\"name\":\"Portada\",\"item\":\"https:\/\/lubrimas.pe\/tienda\/\"},{\"@type\":\"ListItem\",\"position\":2,\"name\":\"Cat\u00e1logo\",\"item\":\"https:\/\/lubrimas.pe\/tienda\/productos\/\"},{\"@type\":\"ListItem\",\"position\":3,\"name\":\"MOBIL SUPER 10W40 SEMI SINT\u00c9TICO &#8211; Aceite de Motor\"}]},{\"@type\":\"WebSite\",\"@id\":\"https:\/\/lubrimas.pe\/tienda\/#website\",\"url\":\"https:\/\/lubrimas.pe\/tienda\/\",\"name\":\"Lubrimas.pe | Tienda Online\",\"description\":\"Tus lubricantes favoritos al mejor precio!\",\"publisher\":{\"@id\":\"https:\/\/lubrimas.pe\/tienda\/#organization\"},\"potentialAction\":[{\"@type\":\"SearchAction\",\"target\":{\"@type\":\"EntryPoint\",\"urlTemplate\":\"https:\/\/lubrimas.pe\/tienda\/?s={search_term_string}\"},\"query-input\":{\"@type\":\"PropertyValueSpecification\",\"valueRequired\":true,\"valueName\":\"search_term_string\"}}],\"inLanguage\":\"es\"},{\"@type\":\"Organization\",\"@id\":\"https:\/\/lubrimas.pe\/tienda\/#organization\",\"name\":\"Lubrimas.pe\",\"url\":\"https:\/\/lubrimas.pe\/tienda\/\",\"logo\":{\"@type\":\"ImageObject\",\"inLanguage\":\"es\",\"@id\":\"https:\/\/lubrimas.pe\/tienda\/#\/schema\/logo\/image\/\",\"url\":\"https:\/\/lubrimas.pe\/tienda\/wp-content\/uploads\/sites\/3\/2022\/07\/BANNERS-PROMO-CYBER-WOW-LUBRIMASPE-2022-07.webp\",\"contentUrl\":\"https:\/\/lubrimas.pe\/tienda\/wp-content\/uploads\/sites\/3\/2022\/07\/BANNERS-PROMO-CYBER-WOW-LUBRIMASPE-2022-07.webp\",\"width\":500,\"height\":752,\"caption\":\"Lubrimas.pe\"},\"image\":{\"@id\":\"https:\/\/lubrimas.pe\/tienda\/#\/schema\/logo\/image\/\"}}]}<\/script>\n<!-- \/ Yoast SEO plugin. -->","yoast_head_json":{"title":"MOBIL SUPER 10W40 SEMI SINT\u00c9TICO - Aceite de Motor | Lubrimas.pe | Tienda Online","robots":{"index":"index","follow":"follow","max-snippet":"max-snippet:-1","max-image-preview":"max-image-preview:large","max-video-preview":"max-video-preview:-1"},"canonical":"https:\/\/lubrimas.pe\/tienda\/aceite-de-motor\/mobil-super-10w40-semi-sintetico-aceite-de-motor\/","og_locale":"es_ES","og_type":"article","og_title":"MOBIL SUPER 10W40 SEMI SINT\u00c9TICO - Aceite de Motor | Lubrimas.pe | Tienda Online","og_description":"MOBIL SUPER 10W40 SEMI SINT\u00c9TICO (Antes MOBIL SUPER 2000 10W40) es un aceite semisint\u00e9tico que proporciona una larga vida \u00fatil del motor y protecci\u00f3n contra los lodos y el desgaste.","og_url":"https:\/\/lubrimas.pe\/tienda\/aceite-de-motor\/mobil-super-10w40-semi-sintetico-aceite-de-motor\/","og_site_name":"Lubrimas.pe | Tienda Online","article_modified_time":"2025-08-18T17:36:58+00:00","og_image":[{"width":850,"height":1000,"url":"https:\/\/lubrimas.pe\/tienda\/wp-content\/uploads\/sites\/3\/2023\/06\/lubrimaspe-lubrimasperu-aceite-mobil-super-10w40-multigrado-semi-sintetico-mobil-super-2000-synthetic-blend-galon-4l-losolivos-lima-peru.webp.webp","type":"image\/webp"}],"twitter_card":"summary_large_image","twitter_misc":{"Tiempo de lectura":"2 minutos"},"schema":{"@context":"https:\/\/schema.org","@graph":[{"@type":["WebPage","ItemPage"],"@id":"https:\/\/lubrimas.pe\/tienda\/aceite-de-motor\/mobil-super-10w40-semi-sintetico-aceite-de-motor\/","url":"https:\/\/lubrimas.pe\/tienda\/aceite-de-motor\/mobil-super-10w40-semi-sintetico-aceite-de-motor\/","name":"MOBIL SUPER 10W40 SEMI SINT\u00c9TICO - Aceite de Motor | Lubrimas.pe | Tienda Online","isPartOf":{"@id":"https:\/\/lubrimas.pe\/tienda\/#website"},"primaryImageOfPage":{"@id":"https:\/\/lubrimas.pe\/tienda\/aceite-de-motor\/mobil-super-10w40-semi-sintetico-aceite-de-motor\/#primaryimage"},"image":{"@id":"https:\/\/lubrimas.pe\/tienda\/aceite-de-motor\/mobil-super-10w40-semi-sintetico-aceite-de-motor\/#primaryimage"},"thumbnailUrl":"https:\/\/lubrimas.pe\/tienda\/wp-content\/uploads\/sites\/3\/2023\/06\/lubrimaspe-lubrimasperu-aceite-mobil-super-10w40-multigrado-semi-sintetico-mobil-super-2000-synthetic-blend-galon-4l-losolivos-lima-peru.webp.webp","datePublished":"2023-06-22T19:55:50+00:00","dateModified":"2025-08-18T17:36:58+00:00","breadcrumb":{"@id":"https:\/\/lubrimas.pe\/tienda\/aceite-de-motor\/mobil-super-10w40-semi-sintetico-aceite-de-motor\/#breadcrumb"},"inLanguage":"es","potentialAction":[{"@type":"ReadAction","target":["https:\/\/lubrimas.pe\/tienda\/aceite-de-motor\/mobil-super-10w40-semi-sintetico-aceite-de-motor\/"]}]},{"@type":"ImageObject","inLanguage":"es","@id":"https:\/\/lubrimas.pe\/tienda\/aceite-de-motor\/mobil-super-10w40-semi-sintetico-aceite-de-motor\/#primaryimage","url":"https:\/\/lubrimas.pe\/tienda\/wp-content\/uploads\/sites\/3\/2023\/06\/lubrimaspe-lubrimasperu-aceite-mobil-super-10w40-multigrado-semi-sintetico-mobil-super-2000-synthetic-blend-galon-4l-losolivos-lima-peru.webp.webp","contentUrl":"https:\/\/lubrimas.pe\/tienda\/wp-content\/uploads\/sites\/3\/2023\/06\/lubrimaspe-lubrimasperu-aceite-mobil-super-10w40-multigrado-semi-sintetico-mobil-super-2000-synthetic-blend-galon-4l-losolivos-lima-peru.webp.webp","width":850,"height":1000},{"@type":"BreadcrumbList","@id":"https:\/\/lubrimas.pe\/tienda\/aceite-de-motor\/mobil-super-10w40-semi-sintetico-aceite-de-motor\/#breadcrumb","itemListElement":[{"@type":"ListItem","position":1,"name":"Portada","item":"https:\/\/lubrimas.pe\/tienda\/"},{"@type":"ListItem","position":2,"name":"Cat\u00e1logo","item":"https:\/\/lubrimas.pe\/tienda\/productos\/"},{"@type":"ListItem","position":3,"name":"MOBIL SUPER 10W40 SEMI SINT\u00c9TICO &#8211; Aceite de Motor"}]},{"@type":"WebSite","@id":"https:\/\/lubrimas.pe\/tienda\/#website","url":"https:\/\/lubrimas.pe\/tienda\/","name":"Lubrimas.pe | Tienda Online","description":"Tus lubricantes favoritos al mejor precio!","publisher":{"@id":"https:\/\/lubrimas.pe\/tienda\/#organization"},"potentialAction":[{"@type":"SearchAction","target":{"@type":"EntryPoint","urlTemplate":"https:\/\/lubrimas.pe\/tienda\/?s={search_term_string}"},"query-input":{"@type":"PropertyValueSpecification","valueRequired":true,"valueName":"search_term_string"}}],"inLanguage":"es"},{"@type":"Organization","@id":"https:\/\/lubrimas.pe\/tienda\/#organization","name":"Lubrimas.pe","url":"https:\/\/lubrimas.pe\/tienda\/","logo":{"@type":"ImageObject","inLanguage":"es","@id":"https:\/\/lubrimas.pe\/tienda\/#\/schema\/logo\/image\/","url":"https:\/\/lubrimas.pe\/tienda\/wp-content\/uploads\/sites\/3\/2022\/07\/BANNERS-PROMO-CYBER-WOW-LUBRIMASPE-2022-07.webp","contentUrl":"https:\/\/lubrimas.pe\/tienda\/wp-content\/uploads\/sites\/3\/2022\/07\/BANNERS-PROMO-CYBER-WOW-LUBRIMASPE-2022-07.webp","width":500,"height":752,"caption":"Lubrimas.pe"},"image":{"@id":"https:\/\/lubrimas.pe\/tienda\/#\/schema\/logo\/image\/"}}]}},"_links":{"self":[{"href":"https:\/\/lubrimas.pe\/tienda\/wp-json\/wp\/v2\/product\/13274","targetHints":{"allow":["GET"]}}],"collection":[{"href":"https:\/\/lubrimas.pe\/tienda\/wp-json\/wp\/v2\/product"}],"about":[{"href":"https:\/\/lubrimas.pe\/tienda\/wp-json\/wp\/v2\/types\/product"}],"wp:featuredmedia":[{"embeddable":true,"href":"https:\/\/lubrimas.pe\/tienda\/wp-json\/wp\/v2\/media\/13276"}],"wp:attachment":[{"href":"https:\/\/lubrimas.pe\/tienda\/wp-json\/wp\/v2\/media?parent=13274"}],"wp:term":[{"taxonomy":"product_brand","embeddable":true,"href":"https:\/\/lubrimas.pe\/tienda\/wp-json\/wp\/v2\/product_brand?post=13274"},{"taxonomy":"product_cat","embeddable":true,"href":"https:\/\/lubrimas.pe\/tienda\/wp-json\/wp\/v2\/product_cat?post=13274"},{"taxonomy":"product_tag","embeddable":true,"href":"https:\/\/lubrimas.pe\/tienda\/wp-json\/wp\/v2\/product_tag?post=13274"}],"curies":[{"name":"wp","href":"https:\/\/api.w.org\/{rel}","templated":true}]}}