{"id":13347,"date":"2023-07-17T15:12:16","date_gmt":"2023-07-17T20:12:16","guid":{"rendered":"https:\/\/lubrimas.pe\/tienda\/?post_type=product&#038;p=13347"},"modified":"2025-08-18T13:00:24","modified_gmt":"2025-08-18T18:00:24","slug":"energy-one-legend-20w50-api-sp-aceite-de-motor-semi-sintetico","status":"publish","type":"product","link":"https:\/\/lubrimas.pe\/tienda\/aceite-de-motor\/energy-one-legend-20w50-api-sp-aceite-de-motor-semi-sintetico\/","title":{"rendered":"ENERGY ONE LEGEND 20W50 API SP &#8211; Aceite de motor semi-sint\u00e9tico"},"content":{"rendered":"<div class=\"container-wrapper\">\n<p><strong><span class=\"text_logo\">ENERGY ONE LEGEND 20W50 API SP <\/span><\/strong>es un aceite formulado con aditivos de avanzada tecnolog\u00eda que protegen su motor bajo las condiciones m\u00e1s severas de operaci\u00f3n.<\/p>\n<div class=\"product_detail2 fir_detail\">\n<h5 class=\"subTit\">Caracter\u00edsticas<\/h5>\n<ul>\n<li>Ofrecer un control m\u00e1s estricto contra la formaci\u00f3n de dep\u00f3sitos y barnices.<\/li>\n<li>Proveer excelente protecci\u00f3n antidesgaste que puede alargar la vida \u00fatil de su motor.<\/li>\n<li>Ayudar a proteger motores durante condiciones de manejo de constantes arranques y paradas.<\/li>\n<\/ul>\n<\/div>\n<div class=\"product_detail2\"><\/div>\n<\/div>\n","protected":false},"excerpt":{"rendered":"<p>ENERGY ONE LEGEND 20W50 API SP es un aceite formulado con aditivos de avanzada tecnolog\u00eda que protegen su motor bajo las condiciones m\u00e1s severas de operaci\u00f3n. Caracter\u00edsticas Ofrecer un control<\/p>\n","protected":false},"featured_media":13350,"template":"","meta":[],"product_brand":[],"product_cat":[16,22],"product_tag":[],"class_list":{"0":"post-13347","1":"product","2":"type-product","3":"status-publish","4":"has-post-thumbnail","6":"product_cat-aceite-de-motor","7":"product_cat-motor-gasolina-gas","8":"pa_grado-20w50","9":"pa_marca-energy-one","11":"first","12":"outofstock","13":"sale","14":"shipping-taxable","15":"purchasable","16":"product-type-variable","17":"has-default-attributes"},"yoast_head":"<!-- This site is optimized with the Yoast SEO plugin v27.4 - https:\/\/yoast.com\/product\/yoast-seo-wordpress\/ -->\n<title>ENERGY ONE LEGEND 20W50 API SP - Aceite de motor semi-sint\u00e9tico | Lubrimas.pe | Tienda Online<\/title>\n<meta name=\"robots\" content=\"index, follow, max-snippet:-1, max-image-preview:large, max-video-preview:-1\" \/>\n<link rel=\"canonical\" href=\"https:\/\/lubrimas.pe\/tienda\/aceite-de-motor\/energy-one-legend-20w50-api-sp-aceite-de-motor-semi-sintetico\/\" \/>\n<meta property=\"og:locale\" content=\"es_ES\" \/>\n<meta property=\"og:type\" content=\"article\" \/>\n<meta property=\"og:title\" content=\"ENERGY ONE LEGEND 20W50 API SP - Aceite de motor semi-sint\u00e9tico | Lubrimas.pe | Tienda Online\" \/>\n<meta property=\"og:description\" content=\"ENERGY ONE LEGEND 20W50 API SP es un aceite formulado con aditivos de avanzada tecnolog\u00eda que protegen su motor bajo las condiciones m\u00e1s severas de operaci\u00f3n. Caracter\u00edsticas Ofrecer un control\" \/>\n<meta property=\"og:url\" content=\"https:\/\/lubrimas.pe\/tienda\/aceite-de-motor\/energy-one-legend-20w50-api-sp-aceite-de-motor-semi-sintetico\/\" \/>\n<meta property=\"og:site_name\" content=\"Lubrimas.pe | Tienda Online\" \/>\n<meta property=\"article:modified_time\" content=\"2025-08-18T18:00:24+00:00\" \/>\n<meta property=\"og:image\" content=\"https:\/\/lubrimas.pe\/tienda\/wp-content\/uploads\/sites\/3\/2023\/07\/lubrimaspe-lubrimasperu-energy-one-legend-20w50-aceite-de-motor-gasolina-gas-galon-4-litros-4l-losolivos-lima-peru.webp\" \/>\n\t<meta property=\"og:image:width\" content=\"850\" \/>\n\t<meta property=\"og:image:height\" content=\"1000\" \/>\n\t<meta property=\"og:image:type\" content=\"image\/webp\" \/>\n<meta name=\"twitter:card\" content=\"summary_large_image\" \/>\n<meta name=\"twitter:label1\" content=\"Tiempo de lectura\" \/>\n\t<meta name=\"twitter:data1\" content=\"1 minuto\" \/>\n<script type=\"application\/ld+json\" class=\"yoast-schema-graph\">{\"@context\":\"https:\\\/\\\/schema.org\",\"@graph\":[{\"@type\":[\"WebPage\",\"ItemPage\"],\"@id\":\"https:\\\/\\\/lubrimas.pe\\\/tienda\\\/aceite-de-motor\\\/energy-one-legend-20w50-api-sp-aceite-de-motor-semi-sintetico\\\/\",\"url\":\"https:\\\/\\\/lubrimas.pe\\\/tienda\\\/aceite-de-motor\\\/energy-one-legend-20w50-api-sp-aceite-de-motor-semi-sintetico\\\/\",\"name\":\"ENERGY ONE LEGEND 20W50 API SP - Aceite de motor semi-sint\u00e9tico | Lubrimas.pe | Tienda Online\",\"isPartOf\":{\"@id\":\"https:\\\/\\\/lubrimas.pe\\\/tienda\\\/#website\"},\"primaryImageOfPage\":{\"@id\":\"https:\\\/\\\/lubrimas.pe\\\/tienda\\\/aceite-de-motor\\\/energy-one-legend-20w50-api-sp-aceite-de-motor-semi-sintetico\\\/#primaryimage\"},\"image\":{\"@id\":\"https:\\\/\\\/lubrimas.pe\\\/tienda\\\/aceite-de-motor\\\/energy-one-legend-20w50-api-sp-aceite-de-motor-semi-sintetico\\\/#primaryimage\"},\"thumbnailUrl\":\"https:\\\/\\\/lubrimas.pe\\\/tienda\\\/wp-content\\\/uploads\\\/sites\\\/3\\\/2023\\\/07\\\/lubrimaspe-lubrimasperu-energy-one-legend-20w50-aceite-de-motor-gasolina-gas-galon-4-litros-4l-losolivos-lima-peru.webp\",\"datePublished\":\"2023-07-17T20:12:16+00:00\",\"dateModified\":\"2025-08-18T18:00:24+00:00\",\"breadcrumb\":{\"@id\":\"https:\\\/\\\/lubrimas.pe\\\/tienda\\\/aceite-de-motor\\\/energy-one-legend-20w50-api-sp-aceite-de-motor-semi-sintetico\\\/#breadcrumb\"},\"inLanguage\":\"es\",\"potentialAction\":[{\"@type\":\"ReadAction\",\"target\":[\"https:\\\/\\\/lubrimas.pe\\\/tienda\\\/aceite-de-motor\\\/energy-one-legend-20w50-api-sp-aceite-de-motor-semi-sintetico\\\/\"]}]},{\"@type\":\"ImageObject\",\"inLanguage\":\"es\",\"@id\":\"https:\\\/\\\/lubrimas.pe\\\/tienda\\\/aceite-de-motor\\\/energy-one-legend-20w50-api-sp-aceite-de-motor-semi-sintetico\\\/#primaryimage\",\"url\":\"https:\\\/\\\/lubrimas.pe\\\/tienda\\\/wp-content\\\/uploads\\\/sites\\\/3\\\/2023\\\/07\\\/lubrimaspe-lubrimasperu-energy-one-legend-20w50-aceite-de-motor-gasolina-gas-galon-4-litros-4l-losolivos-lima-peru.webp\",\"contentUrl\":\"https:\\\/\\\/lubrimas.pe\\\/tienda\\\/wp-content\\\/uploads\\\/sites\\\/3\\\/2023\\\/07\\\/lubrimaspe-lubrimasperu-energy-one-legend-20w50-aceite-de-motor-gasolina-gas-galon-4-litros-4l-losolivos-lima-peru.webp\",\"width\":850,\"height\":1000},{\"@type\":\"BreadcrumbList\",\"@id\":\"https:\\\/\\\/lubrimas.pe\\\/tienda\\\/aceite-de-motor\\\/energy-one-legend-20w50-api-sp-aceite-de-motor-semi-sintetico\\\/#breadcrumb\",\"itemListElement\":[{\"@type\":\"ListItem\",\"position\":1,\"name\":\"Portada\",\"item\":\"https:\\\/\\\/lubrimas.pe\\\/tienda\\\/\"},{\"@type\":\"ListItem\",\"position\":2,\"name\":\"Cat\u00e1logo\",\"item\":\"https:\\\/\\\/lubrimas.pe\\\/tienda\\\/productos\\\/\"},{\"@type\":\"ListItem\",\"position\":3,\"name\":\"ENERGY ONE LEGEND 20W50 API SP &#8211; Aceite de motor semi-sint\u00e9tico\"}]},{\"@type\":\"WebSite\",\"@id\":\"https:\\\/\\\/lubrimas.pe\\\/tienda\\\/#website\",\"url\":\"https:\\\/\\\/lubrimas.pe\\\/tienda\\\/\",\"name\":\"Lubrimas.pe | Tienda Online\",\"description\":\"Tus lubricantes favoritos al mejor precio!\",\"publisher\":{\"@id\":\"https:\\\/\\\/lubrimas.pe\\\/tienda\\\/#organization\"},\"potentialAction\":[{\"@type\":\"SearchAction\",\"target\":{\"@type\":\"EntryPoint\",\"urlTemplate\":\"https:\\\/\\\/lubrimas.pe\\\/tienda\\\/?s={search_term_string}\"},\"query-input\":{\"@type\":\"PropertyValueSpecification\",\"valueRequired\":true,\"valueName\":\"search_term_string\"}}],\"inLanguage\":\"es\"},{\"@type\":\"Organization\",\"@id\":\"https:\\\/\\\/lubrimas.pe\\\/tienda\\\/#organization\",\"name\":\"Lubrimas.pe\",\"url\":\"https:\\\/\\\/lubrimas.pe\\\/tienda\\\/\",\"logo\":{\"@type\":\"ImageObject\",\"inLanguage\":\"es\",\"@id\":\"https:\\\/\\\/lubrimas.pe\\\/tienda\\\/#\\\/schema\\\/logo\\\/image\\\/\",\"url\":\"https:\\\/\\\/lubrimas.pe\\\/tienda\\\/wp-content\\\/uploads\\\/sites\\\/3\\\/2022\\\/07\\\/BANNERS-PROMO-CYBER-WOW-LUBRIMASPE-2022-07.webp\",\"contentUrl\":\"https:\\\/\\\/lubrimas.pe\\\/tienda\\\/wp-content\\\/uploads\\\/sites\\\/3\\\/2022\\\/07\\\/BANNERS-PROMO-CYBER-WOW-LUBRIMASPE-2022-07.webp\",\"width\":500,\"height\":752,\"caption\":\"Lubrimas.pe\"},\"image\":{\"@id\":\"https:\\\/\\\/lubrimas.pe\\\/tienda\\\/#\\\/schema\\\/logo\\\/image\\\/\"}}]}<\/script>\n<!-- \/ Yoast SEO plugin. -->","yoast_head_json":{"title":"ENERGY ONE LEGEND 20W50 API SP - Aceite de motor semi-sint\u00e9tico | Lubrimas.pe | Tienda Online","robots":{"index":"index","follow":"follow","max-snippet":"max-snippet:-1","max-image-preview":"max-image-preview:large","max-video-preview":"max-video-preview:-1"},"canonical":"https:\/\/lubrimas.pe\/tienda\/aceite-de-motor\/energy-one-legend-20w50-api-sp-aceite-de-motor-semi-sintetico\/","og_locale":"es_ES","og_type":"article","og_title":"ENERGY ONE LEGEND 20W50 API SP - Aceite de motor semi-sint\u00e9tico | Lubrimas.pe | Tienda Online","og_description":"ENERGY ONE LEGEND 20W50 API SP es un aceite formulado con aditivos de avanzada tecnolog\u00eda que protegen su motor bajo las condiciones m\u00e1s severas de operaci\u00f3n. Caracter\u00edsticas Ofrecer un control","og_url":"https:\/\/lubrimas.pe\/tienda\/aceite-de-motor\/energy-one-legend-20w50-api-sp-aceite-de-motor-semi-sintetico\/","og_site_name":"Lubrimas.pe | Tienda Online","article_modified_time":"2025-08-18T18:00:24+00:00","og_image":[{"width":850,"height":1000,"url":"https:\/\/lubrimas.pe\/tienda\/wp-content\/uploads\/sites\/3\/2023\/07\/lubrimaspe-lubrimasperu-energy-one-legend-20w50-aceite-de-motor-gasolina-gas-galon-4-litros-4l-losolivos-lima-peru.webp","type":"image\/webp"}],"twitter_card":"summary_large_image","twitter_misc":{"Tiempo de lectura":"1 minuto"},"schema":{"@context":"https:\/\/schema.org","@graph":[{"@type":["WebPage","ItemPage"],"@id":"https:\/\/lubrimas.pe\/tienda\/aceite-de-motor\/energy-one-legend-20w50-api-sp-aceite-de-motor-semi-sintetico\/","url":"https:\/\/lubrimas.pe\/tienda\/aceite-de-motor\/energy-one-legend-20w50-api-sp-aceite-de-motor-semi-sintetico\/","name":"ENERGY ONE LEGEND 20W50 API SP - Aceite de motor semi-sint\u00e9tico | Lubrimas.pe | Tienda Online","isPartOf":{"@id":"https:\/\/lubrimas.pe\/tienda\/#website"},"primaryImageOfPage":{"@id":"https:\/\/lubrimas.pe\/tienda\/aceite-de-motor\/energy-one-legend-20w50-api-sp-aceite-de-motor-semi-sintetico\/#primaryimage"},"image":{"@id":"https:\/\/lubrimas.pe\/tienda\/aceite-de-motor\/energy-one-legend-20w50-api-sp-aceite-de-motor-semi-sintetico\/#primaryimage"},"thumbnailUrl":"https:\/\/lubrimas.pe\/tienda\/wp-content\/uploads\/sites\/3\/2023\/07\/lubrimaspe-lubrimasperu-energy-one-legend-20w50-aceite-de-motor-gasolina-gas-galon-4-litros-4l-losolivos-lima-peru.webp","datePublished":"2023-07-17T20:12:16+00:00","dateModified":"2025-08-18T18:00:24+00:00","breadcrumb":{"@id":"https:\/\/lubrimas.pe\/tienda\/aceite-de-motor\/energy-one-legend-20w50-api-sp-aceite-de-motor-semi-sintetico\/#breadcrumb"},"inLanguage":"es","potentialAction":[{"@type":"ReadAction","target":["https:\/\/lubrimas.pe\/tienda\/aceite-de-motor\/energy-one-legend-20w50-api-sp-aceite-de-motor-semi-sintetico\/"]}]},{"@type":"ImageObject","inLanguage":"es","@id":"https:\/\/lubrimas.pe\/tienda\/aceite-de-motor\/energy-one-legend-20w50-api-sp-aceite-de-motor-semi-sintetico\/#primaryimage","url":"https:\/\/lubrimas.pe\/tienda\/wp-content\/uploads\/sites\/3\/2023\/07\/lubrimaspe-lubrimasperu-energy-one-legend-20w50-aceite-de-motor-gasolina-gas-galon-4-litros-4l-losolivos-lima-peru.webp","contentUrl":"https:\/\/lubrimas.pe\/tienda\/wp-content\/uploads\/sites\/3\/2023\/07\/lubrimaspe-lubrimasperu-energy-one-legend-20w50-aceite-de-motor-gasolina-gas-galon-4-litros-4l-losolivos-lima-peru.webp","width":850,"height":1000},{"@type":"BreadcrumbList","@id":"https:\/\/lubrimas.pe\/tienda\/aceite-de-motor\/energy-one-legend-20w50-api-sp-aceite-de-motor-semi-sintetico\/#breadcrumb","itemListElement":[{"@type":"ListItem","position":1,"name":"Portada","item":"https:\/\/lubrimas.pe\/tienda\/"},{"@type":"ListItem","position":2,"name":"Cat\u00e1logo","item":"https:\/\/lubrimas.pe\/tienda\/productos\/"},{"@type":"ListItem","position":3,"name":"ENERGY ONE LEGEND 20W50 API SP &#8211; Aceite de motor semi-sint\u00e9tico"}]},{"@type":"WebSite","@id":"https:\/\/lubrimas.pe\/tienda\/#website","url":"https:\/\/lubrimas.pe\/tienda\/","name":"Lubrimas.pe | Tienda Online","description":"Tus lubricantes favoritos al mejor precio!","publisher":{"@id":"https:\/\/lubrimas.pe\/tienda\/#organization"},"potentialAction":[{"@type":"SearchAction","target":{"@type":"EntryPoint","urlTemplate":"https:\/\/lubrimas.pe\/tienda\/?s={search_term_string}"},"query-input":{"@type":"PropertyValueSpecification","valueRequired":true,"valueName":"search_term_string"}}],"inLanguage":"es"},{"@type":"Organization","@id":"https:\/\/lubrimas.pe\/tienda\/#organization","name":"Lubrimas.pe","url":"https:\/\/lubrimas.pe\/tienda\/","logo":{"@type":"ImageObject","inLanguage":"es","@id":"https:\/\/lubrimas.pe\/tienda\/#\/schema\/logo\/image\/","url":"https:\/\/lubrimas.pe\/tienda\/wp-content\/uploads\/sites\/3\/2022\/07\/BANNERS-PROMO-CYBER-WOW-LUBRIMASPE-2022-07.webp","contentUrl":"https:\/\/lubrimas.pe\/tienda\/wp-content\/uploads\/sites\/3\/2022\/07\/BANNERS-PROMO-CYBER-WOW-LUBRIMASPE-2022-07.webp","width":500,"height":752,"caption":"Lubrimas.pe"},"image":{"@id":"https:\/\/lubrimas.pe\/tienda\/#\/schema\/logo\/image\/"}}]}},"_links":{"self":[{"href":"https:\/\/lubrimas.pe\/tienda\/wp-json\/wp\/v2\/product\/13347","targetHints":{"allow":["GET"]}}],"collection":[{"href":"https:\/\/lubrimas.pe\/tienda\/wp-json\/wp\/v2\/product"}],"about":[{"href":"https:\/\/lubrimas.pe\/tienda\/wp-json\/wp\/v2\/types\/product"}],"wp:featuredmedia":[{"embeddable":true,"href":"https:\/\/lubrimas.pe\/tienda\/wp-json\/wp\/v2\/media\/13350"}],"wp:attachment":[{"href":"https:\/\/lubrimas.pe\/tienda\/wp-json\/wp\/v2\/media?parent=13347"}],"wp:term":[{"taxonomy":"product_brand","embeddable":true,"href":"https:\/\/lubrimas.pe\/tienda\/wp-json\/wp\/v2\/product_brand?post=13347"},{"taxonomy":"product_cat","embeddable":true,"href":"https:\/\/lubrimas.pe\/tienda\/wp-json\/wp\/v2\/product_cat?post=13347"},{"taxonomy":"product_tag","embeddable":true,"href":"https:\/\/lubrimas.pe\/tienda\/wp-json\/wp\/v2\/product_tag?post=13347"}],"curies":[{"name":"wp","href":"https:\/\/api.w.org\/{rel}","templated":true}]}}