{"id":13394,"date":"2023-08-01T15:50:21","date_gmt":"2023-08-01T20:50:21","guid":{"rendered":"https:\/\/lubrimas.pe\/tienda\/?post_type=product&#038;p=13394"},"modified":"2024-04-20T15:14:07","modified_gmt":"2024-04-20T20:14:07","slug":"mobil-1-0w20-advanced-fuel-economy-dexos-1-aceite-de-motor-full-sintetico","status":"publish","type":"product","link":"https:\/\/lubrimas.pe\/tienda\/aceite-de-motor\/mobil-1-0w20-advanced-fuel-economy-dexos-1-aceite-de-motor-full-sintetico\/","title":{"rendered":"MOBIL 1 0W20 ADVANCED FUEL ECONOMY DEXOS 1 &#8211; Aceite de Motor Full Sint\u00e9tico"},"content":{"rendered":"<div class=\"container-wrapper\">\n<p><strong>MOBIL 1 0W20 ADVANCED FUEL ECONOMY<\/strong> \u00a0ayuda a mejorar la econom\u00eda de combustible* y a prolongar la vida \u00fatil del motor en veh\u00edculos de todas las edades. Utiliza la emblem\u00e1tica &#8220;f\u00f3rmula de triple acci\u00f3n&#8221; de Mobil 1 para ofrecer un rendimiento, una protecci\u00f3n y una limpieza extraordinarios a su veh\u00edculo. Los componentes especiales en el aceite sint\u00e9tico reducen la fricci\u00f3n y ayudan a prevenir los dep\u00f3sitos y la acumulaci\u00f3n de lodo para mantener las piezas cr\u00edticas del motor limpias y protegidas hasta 10.000 millas entre cambios de aceite.<\/p>\n<h5><strong>APLICACIONES<\/strong><\/h5>\n<p>MOBIL 1 0W20 ADVANCED FUEL ECONOMY est\u00e1 recomendado para aplicaciones SAE 0W-20 y 5W-20 en todo tipo de veh\u00edculo moderno, incluyendo motores de gasolina y di\u00e9sel de alto rendimiento turboalimentados y sobrealimentados con multiv\u00e1lvulas y con inyecci\u00f3n de combustible usados en autom\u00f3viles de pasajeros, veh\u00edculos deportivos utilitarios (SUV), y furgonetas y camiones ligeros.<\/p>\n<\/div>\n<div class=\"container-wrapper\">\n<div class=\"info-especificaciones\">\n<div class=\"info-especificaciones-col\">\n<div class=\"container-grid\">\n<div class=\"col-grid\">\n<h5><strong>APROBACIONES \/ ESPECIFICACIONES OEM<\/strong><\/h5>\n<p><strong>GM dexos1 &#8211; Gen 3\u00a0<\/strong><\/p>\n<p>Este producto est\u00e1 recomendado para utilizarse en aplicaciones que requieren:<\/p>\n<p>Ford WSS-M2C947-A, Ford WSS-M2C947-B1, GM 6094M<\/p>\n<p>Este producto cumple o excede los requisitos de:<\/p>\n<p>Chrysler MS-6395, FORD WSS-M2C962-A1, API SJ, API SL, API SM, API SN, API SN PLUS, CONSERVACI\u00d3N DE RECURSOS API SN PLUS, API SN Conservador de recursos, API SP, API SP Conservador de recursos, ILSAC GF-6A<\/p>\n<h5><strong>INFORMACI\u00d3N ADICIONAL<\/strong><\/h5>\n<div class=\"aditional-info-tecnical-lp\"><a href=\"https:\/\/www.mobil.com\/es-ec\/passenger-vehicle-lube\/pds\/na-us-mobil-1-0w-20\" target=\"_blank\" rel=\"noopener\">FICHA T\u00c9CNICA<\/a><br \/>\n<a href=\"https:\/\/www.mobil.com\/es-ec\/passenger-vehicle-lube\/pds\/na-us-mobil-1-0w-20\" target=\"_blank\" rel=\"noopener\">SITIO OFICIAL<\/a><\/div>\n<\/div>\n<\/div>\n<\/div>\n<\/div>\n<\/div>\n","protected":false},"excerpt":{"rendered":"<p>MOBIL 1 0W20 ADVANCED FUEL ECONOMY \u00a0ayuda a mejorar la econom\u00eda de combustible* y a prolongar la vida \u00fatil del motor en veh\u00edculos de todas las edades. Utiliza la emblem\u00e1tica<\/p>\n","protected":false},"featured_media":13393,"template":"","meta":[],"product_brand":[],"product_cat":[16,22],"product_tag":[],"class_list":{"0":"post-13394","1":"product","2":"type-product","3":"status-publish","4":"has-post-thumbnail","6":"product_cat-aceite-de-motor","7":"product_cat-motor-gasolina-gas","8":"pa_grado-0w20","9":"pa_grado-5w20","10":"pa_marca-mobil-1","11":"pa_ofertas-cyber","13":"first","14":"outofstock","15":"sale","16":"shipping-taxable","17":"purchasable","18":"product-type-variable","19":"has-default-attributes"},"yoast_head":"<!-- This site is optimized with the Yoast SEO plugin v27.5 - https:\/\/yoast.com\/product\/yoast-seo-wordpress\/ -->\n<title>MOBIL 1 0W20 ADVANCED FUEL ECONOMY DEXOS 1 - Aceite de Motor Full Sint\u00e9tico | Lubrimas.pe | Tienda Online<\/title>\n<meta name=\"robots\" content=\"index, follow, max-snippet:-1, max-image-preview:large, max-video-preview:-1\" \/>\n<link rel=\"canonical\" href=\"https:\/\/lubrimas.pe\/tienda\/aceite-de-motor\/mobil-1-0w20-advanced-fuel-economy-dexos-1-aceite-de-motor-full-sintetico\/\" \/>\n<meta property=\"og:locale\" content=\"es_ES\" \/>\n<meta property=\"og:type\" content=\"article\" \/>\n<meta property=\"og:title\" content=\"MOBIL 1 0W20 ADVANCED FUEL ECONOMY DEXOS 1 - Aceite de Motor Full Sint\u00e9tico | Lubrimas.pe | Tienda Online\" \/>\n<meta property=\"og:description\" content=\"MOBIL 1 0W20 ADVANCED FUEL ECONOMY \u00a0ayuda a mejorar la econom\u00eda de combustible* y a prolongar la vida \u00fatil del motor en veh\u00edculos de todas las edades. Utiliza la emblem\u00e1tica\" \/>\n<meta property=\"og:url\" content=\"https:\/\/lubrimas.pe\/tienda\/aceite-de-motor\/mobil-1-0w20-advanced-fuel-economy-dexos-1-aceite-de-motor-full-sintetico\/\" \/>\n<meta property=\"og:site_name\" content=\"Lubrimas.pe | Tienda Online\" \/>\n<meta property=\"article:modified_time\" content=\"2024-04-20T20:14:07+00:00\" \/>\n<meta property=\"og:image\" content=\"https:\/\/lubrimas.pe\/tienda\/wp-content\/uploads\/sites\/3\/2023\/08\/lubrimasperu-aceite-de-moto-mobil-0w20-advanced-full-sintetico-dexos-1-botella-quarto-litro-losolivos-lima-peru.jpg\" \/>\n\t<meta property=\"og:image:width\" content=\"850\" \/>\n\t<meta property=\"og:image:height\" content=\"1000\" \/>\n\t<meta property=\"og:image:type\" content=\"image\/jpeg\" \/>\n<meta name=\"twitter:card\" content=\"summary_large_image\" \/>\n<meta name=\"twitter:label1\" content=\"Tiempo de lectura\" \/>\n\t<meta name=\"twitter:data1\" content=\"1 minuto\" \/>\n<script type=\"application\/ld+json\" class=\"yoast-schema-graph\">{\"@context\":\"https:\\\/\\\/schema.org\",\"@graph\":[{\"@type\":[\"WebPage\",\"ItemPage\"],\"@id\":\"https:\\\/\\\/lubrimas.pe\\\/tienda\\\/aceite-de-motor\\\/mobil-1-0w20-advanced-fuel-economy-dexos-1-aceite-de-motor-full-sintetico\\\/\",\"url\":\"https:\\\/\\\/lubrimas.pe\\\/tienda\\\/aceite-de-motor\\\/mobil-1-0w20-advanced-fuel-economy-dexos-1-aceite-de-motor-full-sintetico\\\/\",\"name\":\"MOBIL 1 0W20 ADVANCED FUEL ECONOMY DEXOS 1 - Aceite de Motor Full Sint\u00e9tico | Lubrimas.pe | Tienda Online\",\"isPartOf\":{\"@id\":\"https:\\\/\\\/lubrimas.pe\\\/tienda\\\/#website\"},\"primaryImageOfPage\":{\"@id\":\"https:\\\/\\\/lubrimas.pe\\\/tienda\\\/aceite-de-motor\\\/mobil-1-0w20-advanced-fuel-economy-dexos-1-aceite-de-motor-full-sintetico\\\/#primaryimage\"},\"image\":{\"@id\":\"https:\\\/\\\/lubrimas.pe\\\/tienda\\\/aceite-de-motor\\\/mobil-1-0w20-advanced-fuel-economy-dexos-1-aceite-de-motor-full-sintetico\\\/#primaryimage\"},\"thumbnailUrl\":\"https:\\\/\\\/lubrimas.pe\\\/tienda\\\/wp-content\\\/uploads\\\/sites\\\/3\\\/2023\\\/08\\\/lubrimasperu-aceite-de-moto-mobil-0w20-advanced-full-sintetico-dexos-1-botella-quarto-litro-losolivos-lima-peru.jpg\",\"datePublished\":\"2023-08-01T20:50:21+00:00\",\"dateModified\":\"2024-04-20T20:14:07+00:00\",\"breadcrumb\":{\"@id\":\"https:\\\/\\\/lubrimas.pe\\\/tienda\\\/aceite-de-motor\\\/mobil-1-0w20-advanced-fuel-economy-dexos-1-aceite-de-motor-full-sintetico\\\/#breadcrumb\"},\"inLanguage\":\"es\",\"potentialAction\":[{\"@type\":\"ReadAction\",\"target\":[\"https:\\\/\\\/lubrimas.pe\\\/tienda\\\/aceite-de-motor\\\/mobil-1-0w20-advanced-fuel-economy-dexos-1-aceite-de-motor-full-sintetico\\\/\"]}]},{\"@type\":\"ImageObject\",\"inLanguage\":\"es\",\"@id\":\"https:\\\/\\\/lubrimas.pe\\\/tienda\\\/aceite-de-motor\\\/mobil-1-0w20-advanced-fuel-economy-dexos-1-aceite-de-motor-full-sintetico\\\/#primaryimage\",\"url\":\"https:\\\/\\\/lubrimas.pe\\\/tienda\\\/wp-content\\\/uploads\\\/sites\\\/3\\\/2023\\\/08\\\/lubrimasperu-aceite-de-moto-mobil-0w20-advanced-full-sintetico-dexos-1-botella-quarto-litro-losolivos-lima-peru.jpg\",\"contentUrl\":\"https:\\\/\\\/lubrimas.pe\\\/tienda\\\/wp-content\\\/uploads\\\/sites\\\/3\\\/2023\\\/08\\\/lubrimasperu-aceite-de-moto-mobil-0w20-advanced-full-sintetico-dexos-1-botella-quarto-litro-losolivos-lima-peru.jpg\",\"width\":850,\"height\":1000},{\"@type\":\"BreadcrumbList\",\"@id\":\"https:\\\/\\\/lubrimas.pe\\\/tienda\\\/aceite-de-motor\\\/mobil-1-0w20-advanced-fuel-economy-dexos-1-aceite-de-motor-full-sintetico\\\/#breadcrumb\",\"itemListElement\":[{\"@type\":\"ListItem\",\"position\":1,\"name\":\"Portada\",\"item\":\"https:\\\/\\\/lubrimas.pe\\\/tienda\\\/\"},{\"@type\":\"ListItem\",\"position\":2,\"name\":\"Cat\u00e1logo\",\"item\":\"https:\\\/\\\/lubrimas.pe\\\/tienda\\\/productos\\\/\"},{\"@type\":\"ListItem\",\"position\":3,\"name\":\"MOBIL 1 0W20 ADVANCED FUEL ECONOMY DEXOS 1 &#8211; Aceite de Motor Full Sint\u00e9tico\"}]},{\"@type\":\"WebSite\",\"@id\":\"https:\\\/\\\/lubrimas.pe\\\/tienda\\\/#website\",\"url\":\"https:\\\/\\\/lubrimas.pe\\\/tienda\\\/\",\"name\":\"Lubrimas.pe | Tienda Online\",\"description\":\"Tus lubricantes favoritos al mejor precio!\",\"publisher\":{\"@id\":\"https:\\\/\\\/lubrimas.pe\\\/tienda\\\/#organization\"},\"potentialAction\":[{\"@type\":\"SearchAction\",\"target\":{\"@type\":\"EntryPoint\",\"urlTemplate\":\"https:\\\/\\\/lubrimas.pe\\\/tienda\\\/?s={search_term_string}\"},\"query-input\":{\"@type\":\"PropertyValueSpecification\",\"valueRequired\":true,\"valueName\":\"search_term_string\"}}],\"inLanguage\":\"es\"},{\"@type\":\"Organization\",\"@id\":\"https:\\\/\\\/lubrimas.pe\\\/tienda\\\/#organization\",\"name\":\"Lubrimas.pe\",\"url\":\"https:\\\/\\\/lubrimas.pe\\\/tienda\\\/\",\"logo\":{\"@type\":\"ImageObject\",\"inLanguage\":\"es\",\"@id\":\"https:\\\/\\\/lubrimas.pe\\\/tienda\\\/#\\\/schema\\\/logo\\\/image\\\/\",\"url\":\"https:\\\/\\\/lubrimas.pe\\\/tienda\\\/wp-content\\\/uploads\\\/sites\\\/3\\\/2022\\\/07\\\/BANNERS-PROMO-CYBER-WOW-LUBRIMASPE-2022-07.webp\",\"contentUrl\":\"https:\\\/\\\/lubrimas.pe\\\/tienda\\\/wp-content\\\/uploads\\\/sites\\\/3\\\/2022\\\/07\\\/BANNERS-PROMO-CYBER-WOW-LUBRIMASPE-2022-07.webp\",\"width\":500,\"height\":752,\"caption\":\"Lubrimas.pe\"},\"image\":{\"@id\":\"https:\\\/\\\/lubrimas.pe\\\/tienda\\\/#\\\/schema\\\/logo\\\/image\\\/\"}}]}<\/script>\n<!-- \/ Yoast SEO plugin. -->","yoast_head_json":{"title":"MOBIL 1 0W20 ADVANCED FUEL ECONOMY DEXOS 1 - Aceite de Motor Full Sint\u00e9tico | Lubrimas.pe | Tienda Online","robots":{"index":"index","follow":"follow","max-snippet":"max-snippet:-1","max-image-preview":"max-image-preview:large","max-video-preview":"max-video-preview:-1"},"canonical":"https:\/\/lubrimas.pe\/tienda\/aceite-de-motor\/mobil-1-0w20-advanced-fuel-economy-dexos-1-aceite-de-motor-full-sintetico\/","og_locale":"es_ES","og_type":"article","og_title":"MOBIL 1 0W20 ADVANCED FUEL ECONOMY DEXOS 1 - Aceite de Motor Full Sint\u00e9tico | Lubrimas.pe | Tienda Online","og_description":"MOBIL 1 0W20 ADVANCED FUEL ECONOMY \u00a0ayuda a mejorar la econom\u00eda de combustible* y a prolongar la vida \u00fatil del motor en veh\u00edculos de todas las edades. Utiliza la emblem\u00e1tica","og_url":"https:\/\/lubrimas.pe\/tienda\/aceite-de-motor\/mobil-1-0w20-advanced-fuel-economy-dexos-1-aceite-de-motor-full-sintetico\/","og_site_name":"Lubrimas.pe | Tienda Online","article_modified_time":"2024-04-20T20:14:07+00:00","og_image":[{"width":850,"height":1000,"url":"https:\/\/lubrimas.pe\/tienda\/wp-content\/uploads\/sites\/3\/2023\/08\/lubrimasperu-aceite-de-moto-mobil-0w20-advanced-full-sintetico-dexos-1-botella-quarto-litro-losolivos-lima-peru.jpg","type":"image\/jpeg"}],"twitter_card":"summary_large_image","twitter_misc":{"Tiempo de lectura":"1 minuto"},"schema":{"@context":"https:\/\/schema.org","@graph":[{"@type":["WebPage","ItemPage"],"@id":"https:\/\/lubrimas.pe\/tienda\/aceite-de-motor\/mobil-1-0w20-advanced-fuel-economy-dexos-1-aceite-de-motor-full-sintetico\/","url":"https:\/\/lubrimas.pe\/tienda\/aceite-de-motor\/mobil-1-0w20-advanced-fuel-economy-dexos-1-aceite-de-motor-full-sintetico\/","name":"MOBIL 1 0W20 ADVANCED FUEL ECONOMY DEXOS 1 - Aceite de Motor Full Sint\u00e9tico | Lubrimas.pe | Tienda Online","isPartOf":{"@id":"https:\/\/lubrimas.pe\/tienda\/#website"},"primaryImageOfPage":{"@id":"https:\/\/lubrimas.pe\/tienda\/aceite-de-motor\/mobil-1-0w20-advanced-fuel-economy-dexos-1-aceite-de-motor-full-sintetico\/#primaryimage"},"image":{"@id":"https:\/\/lubrimas.pe\/tienda\/aceite-de-motor\/mobil-1-0w20-advanced-fuel-economy-dexos-1-aceite-de-motor-full-sintetico\/#primaryimage"},"thumbnailUrl":"https:\/\/lubrimas.pe\/tienda\/wp-content\/uploads\/sites\/3\/2023\/08\/lubrimasperu-aceite-de-moto-mobil-0w20-advanced-full-sintetico-dexos-1-botella-quarto-litro-losolivos-lima-peru.jpg","datePublished":"2023-08-01T20:50:21+00:00","dateModified":"2024-04-20T20:14:07+00:00","breadcrumb":{"@id":"https:\/\/lubrimas.pe\/tienda\/aceite-de-motor\/mobil-1-0w20-advanced-fuel-economy-dexos-1-aceite-de-motor-full-sintetico\/#breadcrumb"},"inLanguage":"es","potentialAction":[{"@type":"ReadAction","target":["https:\/\/lubrimas.pe\/tienda\/aceite-de-motor\/mobil-1-0w20-advanced-fuel-economy-dexos-1-aceite-de-motor-full-sintetico\/"]}]},{"@type":"ImageObject","inLanguage":"es","@id":"https:\/\/lubrimas.pe\/tienda\/aceite-de-motor\/mobil-1-0w20-advanced-fuel-economy-dexos-1-aceite-de-motor-full-sintetico\/#primaryimage","url":"https:\/\/lubrimas.pe\/tienda\/wp-content\/uploads\/sites\/3\/2023\/08\/lubrimasperu-aceite-de-moto-mobil-0w20-advanced-full-sintetico-dexos-1-botella-quarto-litro-losolivos-lima-peru.jpg","contentUrl":"https:\/\/lubrimas.pe\/tienda\/wp-content\/uploads\/sites\/3\/2023\/08\/lubrimasperu-aceite-de-moto-mobil-0w20-advanced-full-sintetico-dexos-1-botella-quarto-litro-losolivos-lima-peru.jpg","width":850,"height":1000},{"@type":"BreadcrumbList","@id":"https:\/\/lubrimas.pe\/tienda\/aceite-de-motor\/mobil-1-0w20-advanced-fuel-economy-dexos-1-aceite-de-motor-full-sintetico\/#breadcrumb","itemListElement":[{"@type":"ListItem","position":1,"name":"Portada","item":"https:\/\/lubrimas.pe\/tienda\/"},{"@type":"ListItem","position":2,"name":"Cat\u00e1logo","item":"https:\/\/lubrimas.pe\/tienda\/productos\/"},{"@type":"ListItem","position":3,"name":"MOBIL 1 0W20 ADVANCED FUEL ECONOMY DEXOS 1 &#8211; Aceite de Motor Full Sint\u00e9tico"}]},{"@type":"WebSite","@id":"https:\/\/lubrimas.pe\/tienda\/#website","url":"https:\/\/lubrimas.pe\/tienda\/","name":"Lubrimas.pe | Tienda Online","description":"Tus lubricantes favoritos al mejor precio!","publisher":{"@id":"https:\/\/lubrimas.pe\/tienda\/#organization"},"potentialAction":[{"@type":"SearchAction","target":{"@type":"EntryPoint","urlTemplate":"https:\/\/lubrimas.pe\/tienda\/?s={search_term_string}"},"query-input":{"@type":"PropertyValueSpecification","valueRequired":true,"valueName":"search_term_string"}}],"inLanguage":"es"},{"@type":"Organization","@id":"https:\/\/lubrimas.pe\/tienda\/#organization","name":"Lubrimas.pe","url":"https:\/\/lubrimas.pe\/tienda\/","logo":{"@type":"ImageObject","inLanguage":"es","@id":"https:\/\/lubrimas.pe\/tienda\/#\/schema\/logo\/image\/","url":"https:\/\/lubrimas.pe\/tienda\/wp-content\/uploads\/sites\/3\/2022\/07\/BANNERS-PROMO-CYBER-WOW-LUBRIMASPE-2022-07.webp","contentUrl":"https:\/\/lubrimas.pe\/tienda\/wp-content\/uploads\/sites\/3\/2022\/07\/BANNERS-PROMO-CYBER-WOW-LUBRIMASPE-2022-07.webp","width":500,"height":752,"caption":"Lubrimas.pe"},"image":{"@id":"https:\/\/lubrimas.pe\/tienda\/#\/schema\/logo\/image\/"}}]}},"_links":{"self":[{"href":"https:\/\/lubrimas.pe\/tienda\/wp-json\/wp\/v2\/product\/13394","targetHints":{"allow":["GET"]}}],"collection":[{"href":"https:\/\/lubrimas.pe\/tienda\/wp-json\/wp\/v2\/product"}],"about":[{"href":"https:\/\/lubrimas.pe\/tienda\/wp-json\/wp\/v2\/types\/product"}],"wp:featuredmedia":[{"embeddable":true,"href":"https:\/\/lubrimas.pe\/tienda\/wp-json\/wp\/v2\/media\/13393"}],"wp:attachment":[{"href":"https:\/\/lubrimas.pe\/tienda\/wp-json\/wp\/v2\/media?parent=13394"}],"wp:term":[{"taxonomy":"product_brand","embeddable":true,"href":"https:\/\/lubrimas.pe\/tienda\/wp-json\/wp\/v2\/product_brand?post=13394"},{"taxonomy":"product_cat","embeddable":true,"href":"https:\/\/lubrimas.pe\/tienda\/wp-json\/wp\/v2\/product_cat?post=13394"},{"taxonomy":"product_tag","embeddable":true,"href":"https:\/\/lubrimas.pe\/tienda\/wp-json\/wp\/v2\/product_tag?post=13394"}],"curies":[{"name":"wp","href":"https:\/\/api.w.org\/{rel}","templated":true}]}}