{"id":13396,"date":"2023-08-01T16:35:52","date_gmt":"2023-08-01T21:35:52","guid":{"rendered":"https:\/\/lubrimas.pe\/tienda\/?post_type=product&#038;p=13396"},"modified":"2025-12-03T10:41:04","modified_gmt":"2025-12-03T15:41:04","slug":"mannol-9943-motor-life-extender-aditivo-estabilizador-de-presion","status":"publish","type":"product","link":"https:\/\/lubrimas.pe\/tienda\/aditivos\/mannol-9943-motor-life-extender-aditivo-estabilizador-de-presion\/","title":{"rendered":"MANNOL 9943 MOTOR LIFE EXTENDER &#8211; Aditivo estabilizador de presi\u00f3n"},"content":{"rendered":"<p><strong>MANNOL 9943 MOTOR LIFE EXTENDER<\/strong> es un innovador protector de motor multifuncional al estabilizar la presi\u00f3n en el sistema de lubricaci\u00f3n: un aditivo para aceites de motor a base de \u00e9steres sint\u00e9ticos (aceites del Grupo V). Es un producto complejo: estabilizador de la viscosidad que protege el aceite de la licuefacci\u00f3n, sellador del sistema de lubricaci\u00f3n del motor y modificador de fricci\u00f3n.\u00a0Es adecuado para todo tipo de motores de cuatro tiempos &#8211; motores diesel y gasolina y todo tipo de aceites &#8211; sint\u00e9ticos, semisint\u00e9ticos, minerales, incluidos los que contienen \u00e9steres.<\/p>\n<h5><strong>CARACTER\u00cdSTICAS PRINCIPALES<\/strong><\/h5>\n<ul>\n<li>Sustituye la p\u00e9rdida de viscosidad cinem\u00e1tica (a 100 \u00b0C) durante el funcionamiento (especialmente con frecuentes arranques en fr\u00edo) sin reducir las propiedades a baja temperatura.<\/li>\n<li>Aumenta el \u00edndice de viscosidad.<\/li>\n<li>Reduce la p\u00e9rdida de compresi\u00f3n del cilindro al mejorar el sello din\u00e1mico entre el pist\u00f3n y el cilindro, lo que reduce el consumo de operaci\u00f3n al evitar que el aceite ingrese a la c\u00e1mara de combusti\u00f3n.<\/li>\n<li>Elimina las microfugas causadas por el desgaste mec\u00e1nico de las partes separadas del motor al agregar modificadores que bloquean estas fugas.<\/li>\n<li>Penetra en juntas desgastadas y juntas de goma, devuelve su volumen y elasticidad anteriores, evitando la fuga de aceite a trav\u00e9s de ellas.<\/li>\n<li>Contiene paquete de aditivos API SN\/CG-4.<\/li>\n<li>Aumenta el espesor de la pel\u00edcula de aceite.<\/li>\n<li>Reduce la volatilidad del aceite, lo que tambi\u00e9n reduce el consumo operativo y prolonga la vida \u00fatil del aceite.<\/li>\n<li>Incrementa la estabilidad termo-oxidativa, lo que aumenta su resistencia al envejecimiento ya la degradaci\u00f3n, por lo que se pueden prolongar los intervalos de cambio de aceite.<\/li>\n<li>Mejora las propiedades a baja temperatura, lo que facilita enormemente los arranques en fr\u00edo y reduce el desgaste del arranque del motor.<\/li>\n<li>Mejora las propiedades detergentes y dispersantes, evita dep\u00f3sitos de lacas, resinas y lodos, lo que aumenta la vida \u00fatil del motor y del aceite.<\/li>\n<\/ul>\n<p>Las mol\u00e9culas de \u00e9ster que se encuentran en el aditivo se magnetizan en las superficies met\u00e1licas debido a su distinta polaridad y crean una pel\u00edcula de aceite densa y muy fuerte, que tiene:<\/p>\n<ul>\n<li>La mayor capacidad de carga que permite que el motor funcione bajo cargas mayores sin consecuencias negativas.<\/li>\n<li>Propiedades antidesgaste y antifricci\u00f3n insuperables que aumentan significativamente la durabilidad del motor y ahorran combustible.<\/li>\n<li>Propiedades anticorrosivas y antioxidantes.<\/li>\n<\/ul>\n<p>Compatible con todos los materiales.<br \/>\nCompatible con todo tipo de sistemas de postratamiento de gases de escape.<br \/>\nContiene colorante fluorescente para la detecci\u00f3n de fugas.<\/p>\n<h5><strong>RECOMENDACIONES<\/strong><\/h5>\n<p>Aplicaci\u00f3n: A\u00f1adir al aceite en una proporci\u00f3n de 100 ml por 1 L de aceite.<br \/>\nRecomendado para uso regular.<\/p>\n<h5><strong>INFORMACI\u00d3N ADICIONAL<\/strong><\/h5>\n<div class=\"aditional-info-tecnical-lp\"><a href=\"https:\/\/www.mannol.de\/create-pdf\/535\/en\" target=\"_blank\" rel=\"noopener\">FICHA T\u00c9CNICA<\/a><br \/>\n<a href=\"https:\/\/www.mannol.de\/products\/additives\/ester-additives\/mannol-motor-life-extender\" target=\"_blank\" rel=\"noopener\">SITIO OFICIAL<\/a><\/div>\n<div><\/div>\n<p>&nbsp;<\/p>\n<blockquote><p>MANNOL, ADITIVO, MOTOR, ESTER<\/p><\/blockquote>\n","protected":false},"excerpt":{"rendered":"<p>MANNOL 9943 MOTOR LIFE EXTENDER es un innovador protector de motor multifuncional al estabilizar la presi\u00f3n en el sistema de lubricaci\u00f3n: un aditivo para aceites de motor a base de<\/p>\n","protected":false},"featured_media":13398,"template":"","meta":[],"product_brand":[],"product_cat":[16,152],"product_tag":[],"class_list":{"0":"post-13396","1":"product","2":"type-product","3":"status-publish","4":"has-post-thumbnail","6":"product_cat-aceite-de-motor","7":"product_cat-aditivos","8":"pa_marca-mannol","10":"first","11":"outofstock","12":"shipping-taxable","13":"purchasable","14":"product-type-variable","15":"has-default-attributes"},"yoast_head":"<!-- This site is optimized with the Yoast SEO plugin v27.5 - https:\/\/yoast.com\/product\/yoast-seo-wordpress\/ -->\n<title>MANNOL 9943 MOTOR LIFE EXTENDER - Aditivo estabilizador de presi\u00f3n | Lubrimas.pe | Tienda Online<\/title>\n<meta name=\"robots\" content=\"index, follow, max-snippet:-1, max-image-preview:large, max-video-preview:-1\" \/>\n<link rel=\"canonical\" href=\"https:\/\/lubrimas.pe\/tienda\/aditivos\/mannol-9943-motor-life-extender-aditivo-estabilizador-de-presion\/\" \/>\n<meta property=\"og:locale\" content=\"es_ES\" \/>\n<meta property=\"og:type\" content=\"article\" \/>\n<meta property=\"og:title\" content=\"MANNOL 9943 MOTOR LIFE EXTENDER - Aditivo estabilizador de presi\u00f3n | Lubrimas.pe | Tienda Online\" \/>\n<meta property=\"og:description\" content=\"MANNOL 9943 MOTOR LIFE EXTENDER es un innovador protector de motor multifuncional al estabilizar la presi\u00f3n en el sistema de lubricaci\u00f3n: un aditivo para aceites de motor a base de\" \/>\n<meta property=\"og:url\" content=\"https:\/\/lubrimas.pe\/tienda\/aditivos\/mannol-9943-motor-life-extender-aditivo-estabilizador-de-presion\/\" \/>\n<meta property=\"og:site_name\" content=\"Lubrimas.pe | Tienda Online\" \/>\n<meta property=\"article:modified_time\" content=\"2025-12-03T15:41:04+00:00\" \/>\n<meta property=\"og:image\" content=\"https:\/\/lubrimas.pe\/tienda\/wp-content\/uploads\/sites\/3\/2023\/08\/lubrimaspe-lubrimasperu-aditivo-estabilizador-de-presion-motor-life-extender-9943-mannol-450ml-frasco-botella-losolivos-lima-peru.webp.webp\" \/>\n\t<meta property=\"og:image:width\" content=\"850\" \/>\n\t<meta property=\"og:image:height\" content=\"1000\" \/>\n\t<meta property=\"og:image:type\" content=\"image\/webp\" \/>\n<meta name=\"twitter:card\" content=\"summary_large_image\" \/>\n<meta name=\"twitter:label1\" content=\"Tiempo de lectura\" \/>\n\t<meta name=\"twitter:data1\" content=\"2 minutos\" \/>\n<script type=\"application\/ld+json\" class=\"yoast-schema-graph\">{\"@context\":\"https:\\\/\\\/schema.org\",\"@graph\":[{\"@type\":[\"WebPage\",\"ItemPage\"],\"@id\":\"https:\\\/\\\/lubrimas.pe\\\/tienda\\\/aditivos\\\/mannol-9943-motor-life-extender-aditivo-estabilizador-de-presion\\\/\",\"url\":\"https:\\\/\\\/lubrimas.pe\\\/tienda\\\/aditivos\\\/mannol-9943-motor-life-extender-aditivo-estabilizador-de-presion\\\/\",\"name\":\"MANNOL 9943 MOTOR LIFE EXTENDER - Aditivo estabilizador de presi\u00f3n | Lubrimas.pe | Tienda Online\",\"isPartOf\":{\"@id\":\"https:\\\/\\\/lubrimas.pe\\\/tienda\\\/#website\"},\"primaryImageOfPage\":{\"@id\":\"https:\\\/\\\/lubrimas.pe\\\/tienda\\\/aditivos\\\/mannol-9943-motor-life-extender-aditivo-estabilizador-de-presion\\\/#primaryimage\"},\"image\":{\"@id\":\"https:\\\/\\\/lubrimas.pe\\\/tienda\\\/aditivos\\\/mannol-9943-motor-life-extender-aditivo-estabilizador-de-presion\\\/#primaryimage\"},\"thumbnailUrl\":\"https:\\\/\\\/lubrimas.pe\\\/tienda\\\/wp-content\\\/uploads\\\/sites\\\/3\\\/2023\\\/08\\\/lubrimaspe-lubrimasperu-aditivo-estabilizador-de-presion-motor-life-extender-9943-mannol-450ml-frasco-botella-losolivos-lima-peru.webp.webp\",\"datePublished\":\"2023-08-01T21:35:52+00:00\",\"dateModified\":\"2025-12-03T15:41:04+00:00\",\"breadcrumb\":{\"@id\":\"https:\\\/\\\/lubrimas.pe\\\/tienda\\\/aditivos\\\/mannol-9943-motor-life-extender-aditivo-estabilizador-de-presion\\\/#breadcrumb\"},\"inLanguage\":\"es\",\"potentialAction\":[{\"@type\":\"ReadAction\",\"target\":[\"https:\\\/\\\/lubrimas.pe\\\/tienda\\\/aditivos\\\/mannol-9943-motor-life-extender-aditivo-estabilizador-de-presion\\\/\"]}]},{\"@type\":\"ImageObject\",\"inLanguage\":\"es\",\"@id\":\"https:\\\/\\\/lubrimas.pe\\\/tienda\\\/aditivos\\\/mannol-9943-motor-life-extender-aditivo-estabilizador-de-presion\\\/#primaryimage\",\"url\":\"https:\\\/\\\/lubrimas.pe\\\/tienda\\\/wp-content\\\/uploads\\\/sites\\\/3\\\/2023\\\/08\\\/lubrimaspe-lubrimasperu-aditivo-estabilizador-de-presion-motor-life-extender-9943-mannol-450ml-frasco-botella-losolivos-lima-peru.webp.webp\",\"contentUrl\":\"https:\\\/\\\/lubrimas.pe\\\/tienda\\\/wp-content\\\/uploads\\\/sites\\\/3\\\/2023\\\/08\\\/lubrimaspe-lubrimasperu-aditivo-estabilizador-de-presion-motor-life-extender-9943-mannol-450ml-frasco-botella-losolivos-lima-peru.webp.webp\",\"width\":850,\"height\":1000},{\"@type\":\"BreadcrumbList\",\"@id\":\"https:\\\/\\\/lubrimas.pe\\\/tienda\\\/aditivos\\\/mannol-9943-motor-life-extender-aditivo-estabilizador-de-presion\\\/#breadcrumb\",\"itemListElement\":[{\"@type\":\"ListItem\",\"position\":1,\"name\":\"Portada\",\"item\":\"https:\\\/\\\/lubrimas.pe\\\/tienda\\\/\"},{\"@type\":\"ListItem\",\"position\":2,\"name\":\"Cat\u00e1logo\",\"item\":\"https:\\\/\\\/lubrimas.pe\\\/tienda\\\/productos\\\/\"},{\"@type\":\"ListItem\",\"position\":3,\"name\":\"MANNOL 9943 MOTOR LIFE EXTENDER &#8211; Aditivo estabilizador de presi\u00f3n\"}]},{\"@type\":\"WebSite\",\"@id\":\"https:\\\/\\\/lubrimas.pe\\\/tienda\\\/#website\",\"url\":\"https:\\\/\\\/lubrimas.pe\\\/tienda\\\/\",\"name\":\"Lubrimas.pe | Tienda Online\",\"description\":\"Tus lubricantes favoritos al mejor precio!\",\"publisher\":{\"@id\":\"https:\\\/\\\/lubrimas.pe\\\/tienda\\\/#organization\"},\"potentialAction\":[{\"@type\":\"SearchAction\",\"target\":{\"@type\":\"EntryPoint\",\"urlTemplate\":\"https:\\\/\\\/lubrimas.pe\\\/tienda\\\/?s={search_term_string}\"},\"query-input\":{\"@type\":\"PropertyValueSpecification\",\"valueRequired\":true,\"valueName\":\"search_term_string\"}}],\"inLanguage\":\"es\"},{\"@type\":\"Organization\",\"@id\":\"https:\\\/\\\/lubrimas.pe\\\/tienda\\\/#organization\",\"name\":\"Lubrimas.pe\",\"url\":\"https:\\\/\\\/lubrimas.pe\\\/tienda\\\/\",\"logo\":{\"@type\":\"ImageObject\",\"inLanguage\":\"es\",\"@id\":\"https:\\\/\\\/lubrimas.pe\\\/tienda\\\/#\\\/schema\\\/logo\\\/image\\\/\",\"url\":\"https:\\\/\\\/lubrimas.pe\\\/tienda\\\/wp-content\\\/uploads\\\/sites\\\/3\\\/2022\\\/07\\\/BANNERS-PROMO-CYBER-WOW-LUBRIMASPE-2022-07.webp\",\"contentUrl\":\"https:\\\/\\\/lubrimas.pe\\\/tienda\\\/wp-content\\\/uploads\\\/sites\\\/3\\\/2022\\\/07\\\/BANNERS-PROMO-CYBER-WOW-LUBRIMASPE-2022-07.webp\",\"width\":500,\"height\":752,\"caption\":\"Lubrimas.pe\"},\"image\":{\"@id\":\"https:\\\/\\\/lubrimas.pe\\\/tienda\\\/#\\\/schema\\\/logo\\\/image\\\/\"}}]}<\/script>\n<!-- \/ Yoast SEO plugin. -->","yoast_head_json":{"title":"MANNOL 9943 MOTOR LIFE EXTENDER - Aditivo estabilizador de presi\u00f3n | Lubrimas.pe | Tienda Online","robots":{"index":"index","follow":"follow","max-snippet":"max-snippet:-1","max-image-preview":"max-image-preview:large","max-video-preview":"max-video-preview:-1"},"canonical":"https:\/\/lubrimas.pe\/tienda\/aditivos\/mannol-9943-motor-life-extender-aditivo-estabilizador-de-presion\/","og_locale":"es_ES","og_type":"article","og_title":"MANNOL 9943 MOTOR LIFE EXTENDER - Aditivo estabilizador de presi\u00f3n | Lubrimas.pe | Tienda Online","og_description":"MANNOL 9943 MOTOR LIFE EXTENDER es un innovador protector de motor multifuncional al estabilizar la presi\u00f3n en el sistema de lubricaci\u00f3n: un aditivo para aceites de motor a base de","og_url":"https:\/\/lubrimas.pe\/tienda\/aditivos\/mannol-9943-motor-life-extender-aditivo-estabilizador-de-presion\/","og_site_name":"Lubrimas.pe | Tienda Online","article_modified_time":"2025-12-03T15:41:04+00:00","og_image":[{"width":850,"height":1000,"url":"https:\/\/lubrimas.pe\/tienda\/wp-content\/uploads\/sites\/3\/2023\/08\/lubrimaspe-lubrimasperu-aditivo-estabilizador-de-presion-motor-life-extender-9943-mannol-450ml-frasco-botella-losolivos-lima-peru.webp.webp","type":"image\/webp"}],"twitter_card":"summary_large_image","twitter_misc":{"Tiempo de lectura":"2 minutos"},"schema":{"@context":"https:\/\/schema.org","@graph":[{"@type":["WebPage","ItemPage"],"@id":"https:\/\/lubrimas.pe\/tienda\/aditivos\/mannol-9943-motor-life-extender-aditivo-estabilizador-de-presion\/","url":"https:\/\/lubrimas.pe\/tienda\/aditivos\/mannol-9943-motor-life-extender-aditivo-estabilizador-de-presion\/","name":"MANNOL 9943 MOTOR LIFE EXTENDER - Aditivo estabilizador de presi\u00f3n | Lubrimas.pe | Tienda Online","isPartOf":{"@id":"https:\/\/lubrimas.pe\/tienda\/#website"},"primaryImageOfPage":{"@id":"https:\/\/lubrimas.pe\/tienda\/aditivos\/mannol-9943-motor-life-extender-aditivo-estabilizador-de-presion\/#primaryimage"},"image":{"@id":"https:\/\/lubrimas.pe\/tienda\/aditivos\/mannol-9943-motor-life-extender-aditivo-estabilizador-de-presion\/#primaryimage"},"thumbnailUrl":"https:\/\/lubrimas.pe\/tienda\/wp-content\/uploads\/sites\/3\/2023\/08\/lubrimaspe-lubrimasperu-aditivo-estabilizador-de-presion-motor-life-extender-9943-mannol-450ml-frasco-botella-losolivos-lima-peru.webp.webp","datePublished":"2023-08-01T21:35:52+00:00","dateModified":"2025-12-03T15:41:04+00:00","breadcrumb":{"@id":"https:\/\/lubrimas.pe\/tienda\/aditivos\/mannol-9943-motor-life-extender-aditivo-estabilizador-de-presion\/#breadcrumb"},"inLanguage":"es","potentialAction":[{"@type":"ReadAction","target":["https:\/\/lubrimas.pe\/tienda\/aditivos\/mannol-9943-motor-life-extender-aditivo-estabilizador-de-presion\/"]}]},{"@type":"ImageObject","inLanguage":"es","@id":"https:\/\/lubrimas.pe\/tienda\/aditivos\/mannol-9943-motor-life-extender-aditivo-estabilizador-de-presion\/#primaryimage","url":"https:\/\/lubrimas.pe\/tienda\/wp-content\/uploads\/sites\/3\/2023\/08\/lubrimaspe-lubrimasperu-aditivo-estabilizador-de-presion-motor-life-extender-9943-mannol-450ml-frasco-botella-losolivos-lima-peru.webp.webp","contentUrl":"https:\/\/lubrimas.pe\/tienda\/wp-content\/uploads\/sites\/3\/2023\/08\/lubrimaspe-lubrimasperu-aditivo-estabilizador-de-presion-motor-life-extender-9943-mannol-450ml-frasco-botella-losolivos-lima-peru.webp.webp","width":850,"height":1000},{"@type":"BreadcrumbList","@id":"https:\/\/lubrimas.pe\/tienda\/aditivos\/mannol-9943-motor-life-extender-aditivo-estabilizador-de-presion\/#breadcrumb","itemListElement":[{"@type":"ListItem","position":1,"name":"Portada","item":"https:\/\/lubrimas.pe\/tienda\/"},{"@type":"ListItem","position":2,"name":"Cat\u00e1logo","item":"https:\/\/lubrimas.pe\/tienda\/productos\/"},{"@type":"ListItem","position":3,"name":"MANNOL 9943 MOTOR LIFE EXTENDER &#8211; Aditivo estabilizador de presi\u00f3n"}]},{"@type":"WebSite","@id":"https:\/\/lubrimas.pe\/tienda\/#website","url":"https:\/\/lubrimas.pe\/tienda\/","name":"Lubrimas.pe | Tienda Online","description":"Tus lubricantes favoritos al mejor precio!","publisher":{"@id":"https:\/\/lubrimas.pe\/tienda\/#organization"},"potentialAction":[{"@type":"SearchAction","target":{"@type":"EntryPoint","urlTemplate":"https:\/\/lubrimas.pe\/tienda\/?s={search_term_string}"},"query-input":{"@type":"PropertyValueSpecification","valueRequired":true,"valueName":"search_term_string"}}],"inLanguage":"es"},{"@type":"Organization","@id":"https:\/\/lubrimas.pe\/tienda\/#organization","name":"Lubrimas.pe","url":"https:\/\/lubrimas.pe\/tienda\/","logo":{"@type":"ImageObject","inLanguage":"es","@id":"https:\/\/lubrimas.pe\/tienda\/#\/schema\/logo\/image\/","url":"https:\/\/lubrimas.pe\/tienda\/wp-content\/uploads\/sites\/3\/2022\/07\/BANNERS-PROMO-CYBER-WOW-LUBRIMASPE-2022-07.webp","contentUrl":"https:\/\/lubrimas.pe\/tienda\/wp-content\/uploads\/sites\/3\/2022\/07\/BANNERS-PROMO-CYBER-WOW-LUBRIMASPE-2022-07.webp","width":500,"height":752,"caption":"Lubrimas.pe"},"image":{"@id":"https:\/\/lubrimas.pe\/tienda\/#\/schema\/logo\/image\/"}}]}},"_links":{"self":[{"href":"https:\/\/lubrimas.pe\/tienda\/wp-json\/wp\/v2\/product\/13396","targetHints":{"allow":["GET"]}}],"collection":[{"href":"https:\/\/lubrimas.pe\/tienda\/wp-json\/wp\/v2\/product"}],"about":[{"href":"https:\/\/lubrimas.pe\/tienda\/wp-json\/wp\/v2\/types\/product"}],"wp:featuredmedia":[{"embeddable":true,"href":"https:\/\/lubrimas.pe\/tienda\/wp-json\/wp\/v2\/media\/13398"}],"wp:attachment":[{"href":"https:\/\/lubrimas.pe\/tienda\/wp-json\/wp\/v2\/media?parent=13396"}],"wp:term":[{"taxonomy":"product_brand","embeddable":true,"href":"https:\/\/lubrimas.pe\/tienda\/wp-json\/wp\/v2\/product_brand?post=13396"},{"taxonomy":"product_cat","embeddable":true,"href":"https:\/\/lubrimas.pe\/tienda\/wp-json\/wp\/v2\/product_cat?post=13396"},{"taxonomy":"product_tag","embeddable":true,"href":"https:\/\/lubrimas.pe\/tienda\/wp-json\/wp\/v2\/product_tag?post=13396"}],"curies":[{"name":"wp","href":"https:\/\/api.w.org\/{rel}","templated":true}]}}