{"id":13400,"date":"2023-08-01T16:58:40","date_gmt":"2023-08-01T21:58:40","guid":{"rendered":"https:\/\/lubrimas.pe\/tienda\/?post_type=product&#038;p=13400"},"modified":"2023-08-02T09:18:20","modified_gmt":"2023-08-02T14:18:20","slug":"mannol-9903-getriebeol-additiv-aditivo-reductor-de-friccion","status":"publish","type":"product","link":"https:\/\/lubrimas.pe\/tienda\/aditivos\/mannol-9903-getriebeol-additiv-aditivo-reductor-de-friccion\/","title":{"rendered":"MANNOL 9903 GETRIEBEOL ADDITIV &#8211; Aditivo reductor de fricci\u00f3n"},"content":{"rendered":"<p><strong>MANNOL 9903 GETRIEBEOL ADDITIV <\/strong>es un aditivo de aceite de transmisi\u00f3n manual para reducir la fricci\u00f3n y el desgaste. Compatible con cualquier tipo de aceite de transmisi\u00f3n (tanto mineral como sint\u00e9tico). Adecuado para transmisiones manuales, ejes traseros, cajas de transferencia y sistemas de direcci\u00f3n manual con c\u00e1rter de aceite. Se recomienda su uso a altas temperaturas de funcionamiento y cuando los mecanismos de transmisi\u00f3n est\u00e9n sujetos a un desgaste considerable.<\/p>\n<h5><strong>CARACTER\u00cdSTICAS PRINCIPALES<\/strong><\/h5>\n<p>Modifica la estructura superficial de las superficies de fricci\u00f3n, reduciendo el coeficiente de fricci\u00f3n y su desgaste;<br \/>\n&#8211; Neutro a los sellos y juntas de aceite;<br \/>\n&#8211; No afecta las propiedades de fricci\u00f3n de los elementos de fricci\u00f3n;<br \/>\n&#8211; Reduce el nivel de ruido de la transmisi\u00f3n manual;<br \/>\n&#8211; Reduce el calentamiento de las unidades y las temperaturas m\u00e1ximas;<br \/>\n&#8211; Proporciona cambios de marcha suaves y sin sacudidas, incluso en cajas de cambios muy desgastadas.<\/p>\n<p>Aplicaci\u00f3n: A\u00f1adir al aceite de transmisi\u00f3n: se mezcla de forma independiente durante el funcionamiento.\u00a0Dosis: Una botella de 100 ml por cada 4 L de aceite.<\/p>\n<h5><strong>INFORMACI\u00d3N ADICIONAL<\/strong><\/h5>\n<div class=\"aditional-info-tecnical-lp\"><a href=\"https:\/\/www.mannol.de\/create-pdf\/788\/en\" target=\"_blank\" rel=\"noopener\">FICHA T\u00c9CNICA<\/a><br \/>\n<a href=\"https:\/\/www.mannol.de\/products\/additives\/fuel-additives\/mannol-getriebeoel-additiv-manual1\" target=\"_blank\" rel=\"noopener\">SITIO OFICIAL<\/a><\/div>\n<div><\/div>\n<p>&nbsp;<\/p>\n<blockquote><p>MANNOL, ADITIVO, TRANSMISION MANUAL, MECANICA<\/p><\/blockquote>\n","protected":false},"excerpt":{"rendered":"<p>MANNOL 9903 GETRIEBEOL ADDITIV es un aditivo de aceite de transmisi\u00f3n manual para reducir la fricci\u00f3n y el desgaste. Compatible con cualquier tipo de aceite de transmisi\u00f3n (tanto mineral como<\/p>\n","protected":false},"featured_media":13402,"template":"","meta":[],"product_brand":[],"product_cat":[28,152],"product_tag":[],"class_list":{"0":"post-13400","1":"product","2":"type-product","3":"status-publish","4":"has-post-thumbnail","6":"product_cat-caja-manual-mecanica","7":"product_cat-aditivos","8":"pa_marca-mannol","10":"first","11":"instock","12":"shipping-taxable","13":"purchasable","14":"product-type-variable","15":"has-default-attributes"},"yoast_head":"<!-- This site is optimized with the Yoast SEO plugin v27.1.1 - https:\/\/yoast.com\/product\/yoast-seo-wordpress\/ -->\n<title>MANNOL 9903 GETRIEBEOL ADDITIV - Aditivo reductor de fricci\u00f3n | Lubrimas.pe | Tienda Online<\/title>\n<meta name=\"robots\" content=\"index, follow, max-snippet:-1, max-image-preview:large, max-video-preview:-1\" \/>\n<link rel=\"canonical\" href=\"https:\/\/lubrimas.pe\/tienda\/aditivos\/mannol-9903-getriebeol-additiv-aditivo-reductor-de-friccion\/\" \/>\n<meta property=\"og:locale\" content=\"es_ES\" \/>\n<meta property=\"og:type\" content=\"article\" \/>\n<meta property=\"og:title\" content=\"MANNOL 9903 GETRIEBEOL ADDITIV - Aditivo reductor de fricci\u00f3n | Lubrimas.pe | Tienda Online\" \/>\n<meta property=\"og:description\" content=\"MANNOL 9903 GETRIEBEOL ADDITIV es un aditivo de aceite de transmisi\u00f3n manual para reducir la fricci\u00f3n y el desgaste. Compatible con cualquier tipo de aceite de transmisi\u00f3n (tanto mineral como\" \/>\n<meta property=\"og:url\" content=\"https:\/\/lubrimas.pe\/tienda\/aditivos\/mannol-9903-getriebeol-additiv-aditivo-reductor-de-friccion\/\" \/>\n<meta property=\"og:site_name\" content=\"Lubrimas.pe | Tienda Online\" \/>\n<meta property=\"article:modified_time\" content=\"2023-08-02T14:18:20+00:00\" \/>\n<meta property=\"og:image\" content=\"https:\/\/lubrimas.pe\/tienda\/wp-content\/uploads\/sites\/3\/2023\/08\/lubrimaspe-lubrimasperu-aditivo-para-transmision-manual-mecanica-ml-frasco-botella-losolivos-lima-peru.webp.png\" \/>\n\t<meta property=\"og:image:width\" content=\"850\" \/>\n\t<meta property=\"og:image:height\" content=\"1000\" \/>\n\t<meta property=\"og:image:type\" content=\"image\/png\" \/>\n<meta name=\"twitter:card\" content=\"summary_large_image\" \/>\n<meta name=\"twitter:label1\" content=\"Tiempo de lectura\" \/>\n\t<meta name=\"twitter:data1\" content=\"2 minutos\" \/>\n<script type=\"application\/ld+json\" class=\"yoast-schema-graph\">{\"@context\":\"https:\/\/schema.org\",\"@graph\":[{\"@type\":[\"WebPage\",\"ItemPage\"],\"@id\":\"https:\/\/lubrimas.pe\/tienda\/aditivos\/mannol-9903-getriebeol-additiv-aditivo-reductor-de-friccion\/\",\"url\":\"https:\/\/lubrimas.pe\/tienda\/aditivos\/mannol-9903-getriebeol-additiv-aditivo-reductor-de-friccion\/\",\"name\":\"MANNOL 9903 GETRIEBEOL ADDITIV - Aditivo reductor de fricci\u00f3n | Lubrimas.pe | Tienda Online\",\"isPartOf\":{\"@id\":\"https:\/\/lubrimas.pe\/tienda\/#website\"},\"primaryImageOfPage\":{\"@id\":\"https:\/\/lubrimas.pe\/tienda\/aditivos\/mannol-9903-getriebeol-additiv-aditivo-reductor-de-friccion\/#primaryimage\"},\"image\":{\"@id\":\"https:\/\/lubrimas.pe\/tienda\/aditivos\/mannol-9903-getriebeol-additiv-aditivo-reductor-de-friccion\/#primaryimage\"},\"thumbnailUrl\":\"https:\/\/lubrimas.pe\/tienda\/wp-content\/uploads\/sites\/3\/2023\/08\/lubrimaspe-lubrimasperu-aditivo-para-transmision-manual-mecanica-ml-frasco-botella-losolivos-lima-peru.webp.png\",\"datePublished\":\"2023-08-01T21:58:40+00:00\",\"dateModified\":\"2023-08-02T14:18:20+00:00\",\"breadcrumb\":{\"@id\":\"https:\/\/lubrimas.pe\/tienda\/aditivos\/mannol-9903-getriebeol-additiv-aditivo-reductor-de-friccion\/#breadcrumb\"},\"inLanguage\":\"es\",\"potentialAction\":[{\"@type\":\"ReadAction\",\"target\":[\"https:\/\/lubrimas.pe\/tienda\/aditivos\/mannol-9903-getriebeol-additiv-aditivo-reductor-de-friccion\/\"]}]},{\"@type\":\"ImageObject\",\"inLanguage\":\"es\",\"@id\":\"https:\/\/lubrimas.pe\/tienda\/aditivos\/mannol-9903-getriebeol-additiv-aditivo-reductor-de-friccion\/#primaryimage\",\"url\":\"https:\/\/lubrimas.pe\/tienda\/wp-content\/uploads\/sites\/3\/2023\/08\/lubrimaspe-lubrimasperu-aditivo-para-transmision-manual-mecanica-ml-frasco-botella-losolivos-lima-peru.webp.png\",\"contentUrl\":\"https:\/\/lubrimas.pe\/tienda\/wp-content\/uploads\/sites\/3\/2023\/08\/lubrimaspe-lubrimasperu-aditivo-para-transmision-manual-mecanica-ml-frasco-botella-losolivos-lima-peru.webp.png\",\"width\":850,\"height\":1000},{\"@type\":\"BreadcrumbList\",\"@id\":\"https:\/\/lubrimas.pe\/tienda\/aditivos\/mannol-9903-getriebeol-additiv-aditivo-reductor-de-friccion\/#breadcrumb\",\"itemListElement\":[{\"@type\":\"ListItem\",\"position\":1,\"name\":\"Portada\",\"item\":\"https:\/\/lubrimas.pe\/tienda\/\"},{\"@type\":\"ListItem\",\"position\":2,\"name\":\"Cat\u00e1logo\",\"item\":\"https:\/\/lubrimas.pe\/tienda\/productos\/\"},{\"@type\":\"ListItem\",\"position\":3,\"name\":\"MANNOL 9903 GETRIEBEOL ADDITIV &#8211; Aditivo reductor de fricci\u00f3n\"}]},{\"@type\":\"WebSite\",\"@id\":\"https:\/\/lubrimas.pe\/tienda\/#website\",\"url\":\"https:\/\/lubrimas.pe\/tienda\/\",\"name\":\"Lubrimas.pe | Tienda Online\",\"description\":\"Tus lubricantes favoritos al mejor precio!\",\"publisher\":{\"@id\":\"https:\/\/lubrimas.pe\/tienda\/#organization\"},\"potentialAction\":[{\"@type\":\"SearchAction\",\"target\":{\"@type\":\"EntryPoint\",\"urlTemplate\":\"https:\/\/lubrimas.pe\/tienda\/?s={search_term_string}\"},\"query-input\":{\"@type\":\"PropertyValueSpecification\",\"valueRequired\":true,\"valueName\":\"search_term_string\"}}],\"inLanguage\":\"es\"},{\"@type\":\"Organization\",\"@id\":\"https:\/\/lubrimas.pe\/tienda\/#organization\",\"name\":\"Lubrimas.pe\",\"url\":\"https:\/\/lubrimas.pe\/tienda\/\",\"logo\":{\"@type\":\"ImageObject\",\"inLanguage\":\"es\",\"@id\":\"https:\/\/lubrimas.pe\/tienda\/#\/schema\/logo\/image\/\",\"url\":\"https:\/\/lubrimas.pe\/tienda\/wp-content\/uploads\/sites\/3\/2022\/07\/BANNERS-PROMO-CYBER-WOW-LUBRIMASPE-2022-07.webp\",\"contentUrl\":\"https:\/\/lubrimas.pe\/tienda\/wp-content\/uploads\/sites\/3\/2022\/07\/BANNERS-PROMO-CYBER-WOW-LUBRIMASPE-2022-07.webp\",\"width\":500,\"height\":752,\"caption\":\"Lubrimas.pe\"},\"image\":{\"@id\":\"https:\/\/lubrimas.pe\/tienda\/#\/schema\/logo\/image\/\"}}]}<\/script>\n<!-- \/ Yoast SEO plugin. -->","yoast_head_json":{"title":"MANNOL 9903 GETRIEBEOL ADDITIV - Aditivo reductor de fricci\u00f3n | Lubrimas.pe | Tienda Online","robots":{"index":"index","follow":"follow","max-snippet":"max-snippet:-1","max-image-preview":"max-image-preview:large","max-video-preview":"max-video-preview:-1"},"canonical":"https:\/\/lubrimas.pe\/tienda\/aditivos\/mannol-9903-getriebeol-additiv-aditivo-reductor-de-friccion\/","og_locale":"es_ES","og_type":"article","og_title":"MANNOL 9903 GETRIEBEOL ADDITIV - Aditivo reductor de fricci\u00f3n | Lubrimas.pe | Tienda Online","og_description":"MANNOL 9903 GETRIEBEOL ADDITIV es un aditivo de aceite de transmisi\u00f3n manual para reducir la fricci\u00f3n y el desgaste. Compatible con cualquier tipo de aceite de transmisi\u00f3n (tanto mineral como","og_url":"https:\/\/lubrimas.pe\/tienda\/aditivos\/mannol-9903-getriebeol-additiv-aditivo-reductor-de-friccion\/","og_site_name":"Lubrimas.pe | Tienda Online","article_modified_time":"2023-08-02T14:18:20+00:00","og_image":[{"width":850,"height":1000,"url":"https:\/\/lubrimas.pe\/tienda\/wp-content\/uploads\/sites\/3\/2023\/08\/lubrimaspe-lubrimasperu-aditivo-para-transmision-manual-mecanica-ml-frasco-botella-losolivos-lima-peru.webp.png","type":"image\/png"}],"twitter_card":"summary_large_image","twitter_misc":{"Tiempo de lectura":"2 minutos"},"schema":{"@context":"https:\/\/schema.org","@graph":[{"@type":["WebPage","ItemPage"],"@id":"https:\/\/lubrimas.pe\/tienda\/aditivos\/mannol-9903-getriebeol-additiv-aditivo-reductor-de-friccion\/","url":"https:\/\/lubrimas.pe\/tienda\/aditivos\/mannol-9903-getriebeol-additiv-aditivo-reductor-de-friccion\/","name":"MANNOL 9903 GETRIEBEOL ADDITIV - Aditivo reductor de fricci\u00f3n | Lubrimas.pe | Tienda Online","isPartOf":{"@id":"https:\/\/lubrimas.pe\/tienda\/#website"},"primaryImageOfPage":{"@id":"https:\/\/lubrimas.pe\/tienda\/aditivos\/mannol-9903-getriebeol-additiv-aditivo-reductor-de-friccion\/#primaryimage"},"image":{"@id":"https:\/\/lubrimas.pe\/tienda\/aditivos\/mannol-9903-getriebeol-additiv-aditivo-reductor-de-friccion\/#primaryimage"},"thumbnailUrl":"https:\/\/lubrimas.pe\/tienda\/wp-content\/uploads\/sites\/3\/2023\/08\/lubrimaspe-lubrimasperu-aditivo-para-transmision-manual-mecanica-ml-frasco-botella-losolivos-lima-peru.webp.png","datePublished":"2023-08-01T21:58:40+00:00","dateModified":"2023-08-02T14:18:20+00:00","breadcrumb":{"@id":"https:\/\/lubrimas.pe\/tienda\/aditivos\/mannol-9903-getriebeol-additiv-aditivo-reductor-de-friccion\/#breadcrumb"},"inLanguage":"es","potentialAction":[{"@type":"ReadAction","target":["https:\/\/lubrimas.pe\/tienda\/aditivos\/mannol-9903-getriebeol-additiv-aditivo-reductor-de-friccion\/"]}]},{"@type":"ImageObject","inLanguage":"es","@id":"https:\/\/lubrimas.pe\/tienda\/aditivos\/mannol-9903-getriebeol-additiv-aditivo-reductor-de-friccion\/#primaryimage","url":"https:\/\/lubrimas.pe\/tienda\/wp-content\/uploads\/sites\/3\/2023\/08\/lubrimaspe-lubrimasperu-aditivo-para-transmision-manual-mecanica-ml-frasco-botella-losolivos-lima-peru.webp.png","contentUrl":"https:\/\/lubrimas.pe\/tienda\/wp-content\/uploads\/sites\/3\/2023\/08\/lubrimaspe-lubrimasperu-aditivo-para-transmision-manual-mecanica-ml-frasco-botella-losolivos-lima-peru.webp.png","width":850,"height":1000},{"@type":"BreadcrumbList","@id":"https:\/\/lubrimas.pe\/tienda\/aditivos\/mannol-9903-getriebeol-additiv-aditivo-reductor-de-friccion\/#breadcrumb","itemListElement":[{"@type":"ListItem","position":1,"name":"Portada","item":"https:\/\/lubrimas.pe\/tienda\/"},{"@type":"ListItem","position":2,"name":"Cat\u00e1logo","item":"https:\/\/lubrimas.pe\/tienda\/productos\/"},{"@type":"ListItem","position":3,"name":"MANNOL 9903 GETRIEBEOL ADDITIV &#8211; Aditivo reductor de fricci\u00f3n"}]},{"@type":"WebSite","@id":"https:\/\/lubrimas.pe\/tienda\/#website","url":"https:\/\/lubrimas.pe\/tienda\/","name":"Lubrimas.pe | Tienda Online","description":"Tus lubricantes favoritos al mejor precio!","publisher":{"@id":"https:\/\/lubrimas.pe\/tienda\/#organization"},"potentialAction":[{"@type":"SearchAction","target":{"@type":"EntryPoint","urlTemplate":"https:\/\/lubrimas.pe\/tienda\/?s={search_term_string}"},"query-input":{"@type":"PropertyValueSpecification","valueRequired":true,"valueName":"search_term_string"}}],"inLanguage":"es"},{"@type":"Organization","@id":"https:\/\/lubrimas.pe\/tienda\/#organization","name":"Lubrimas.pe","url":"https:\/\/lubrimas.pe\/tienda\/","logo":{"@type":"ImageObject","inLanguage":"es","@id":"https:\/\/lubrimas.pe\/tienda\/#\/schema\/logo\/image\/","url":"https:\/\/lubrimas.pe\/tienda\/wp-content\/uploads\/sites\/3\/2022\/07\/BANNERS-PROMO-CYBER-WOW-LUBRIMASPE-2022-07.webp","contentUrl":"https:\/\/lubrimas.pe\/tienda\/wp-content\/uploads\/sites\/3\/2022\/07\/BANNERS-PROMO-CYBER-WOW-LUBRIMASPE-2022-07.webp","width":500,"height":752,"caption":"Lubrimas.pe"},"image":{"@id":"https:\/\/lubrimas.pe\/tienda\/#\/schema\/logo\/image\/"}}]}},"_links":{"self":[{"href":"https:\/\/lubrimas.pe\/tienda\/wp-json\/wp\/v2\/product\/13400","targetHints":{"allow":["GET"]}}],"collection":[{"href":"https:\/\/lubrimas.pe\/tienda\/wp-json\/wp\/v2\/product"}],"about":[{"href":"https:\/\/lubrimas.pe\/tienda\/wp-json\/wp\/v2\/types\/product"}],"wp:featuredmedia":[{"embeddable":true,"href":"https:\/\/lubrimas.pe\/tienda\/wp-json\/wp\/v2\/media\/13402"}],"wp:attachment":[{"href":"https:\/\/lubrimas.pe\/tienda\/wp-json\/wp\/v2\/media?parent=13400"}],"wp:term":[{"taxonomy":"product_brand","embeddable":true,"href":"https:\/\/lubrimas.pe\/tienda\/wp-json\/wp\/v2\/product_brand?post=13400"},{"taxonomy":"product_cat","embeddable":true,"href":"https:\/\/lubrimas.pe\/tienda\/wp-json\/wp\/v2\/product_cat?post=13400"},{"taxonomy":"product_tag","embeddable":true,"href":"https:\/\/lubrimas.pe\/tienda\/wp-json\/wp\/v2\/product_tag?post=13400"}],"curies":[{"name":"wp","href":"https:\/\/api.w.org\/{rel}","templated":true}]}}