{"id":13445,"date":"2023-08-14T17:08:22","date_gmt":"2023-08-14T22:08:22","guid":{"rendered":"https:\/\/lubrimas.pe\/tienda\/?post_type=product&#038;p=13445"},"modified":"2024-04-06T13:35:16","modified_gmt":"2024-04-06T18:35:16","slug":"mopar-maxpro-5w20-aceite-de-motor-original-jeep-dodge","status":"publish","type":"product","link":"https:\/\/lubrimas.pe\/tienda\/aceite-de-motor\/mopar-maxpro-5w20-aceite-de-motor-original-jeep-dodge\/","title":{"rendered":"MOPAR MAXPRO 5W20 &#8211; Aceite de Motor Original Jeep \/ Dodge"},"content":{"rendered":"<p><strong>MOPAR MAXPRO 5W20 <\/strong>dise\u00f1ado como aceite de motor de mezcla sint\u00e9tico para proporcionar altos niveles de durabilidad, protecci\u00f3n de motores y sistemas de emisiones, una mayor protecci\u00f3n contra el preencendido de baja velocidad (LSPI), el desgaste de la cadena de sincronizaci\u00f3n (kit de distribuci\u00f3n) y adem\u00e1s reducir el consumo de combustible en una amplia gama de veh\u00edculos.<\/p>\n<p>Los aceites de motor <strong>MOPAR MAXPRO 5W20<\/strong><strong>\u00a0<\/strong>cumplen y superan el est\u00e1ndar de rendimiento, ILSAC GF-5, ILSAC GF-6A, API-SP, API SN PLUS, MS-6395, que se desarrollaron para proporcionar una mejor econom\u00eda de combustible, compatibilidad con sistemas, emisiones y protecci\u00f3n del veh\u00edculo. Aprobado para \u201cChrysler Material Standard\u201d MS-6395, este aceite de motor fue validado a trav\u00e9s de pruebas de flota de servicio severo para proteger los motores Chrysler \/ FIAT. Chrysler solo recomienda aceites con certificaci\u00f3n API y que cumplan con MS-6395.<\/p>\n<p>MOPAR MAXPRO 5W30 \u00a0proporciona a los conductores de Jeep, Dodge, Ram y Chrysler los repuestos y accesorios originales \/ <strong>genuinos,<\/strong> necesarios para mantener sus autos, camionetas y SUV en condiciones completamente nuevas, como reci\u00e9n salidos del concesionario.<\/p>\n<h5><strong>APROBACIONES \/ ESPECIFICACIONES<\/strong><\/h5>\n<p>API SP, ILSAC GF-5, ILSAC GF-6, ILSAC GF-6A<\/p>\n<h5><strong>INFORMACI\u00d3N ADICIONAL<\/strong><\/h5>\n<div class=\"aditional-info-tecnical-lp\"><a href=\"https:\/\/www.jeep.pe\/mopar\/\" target=\"_blank\" rel=\"noopener\">FICHA T\u00c9CNICA<\/a><br \/>\n<a href=\"https:\/\/www.mopar.com\/en-us.html\" target=\"_blank\" rel=\"noopener\">SITIO OFICIAL<\/a><\/div>\n","protected":false},"excerpt":{"rendered":"<p>MOPAR MAXPRO 5W20 dise\u00f1ado como aceite de motor de mezcla sint\u00e9tico para proporcionar altos niveles de durabilidad, protecci\u00f3n de motores y sistemas de emisiones, una mayor protecci\u00f3n contra el preencendido<\/p>\n","protected":false},"featured_media":13449,"template":"","meta":[],"product_brand":[],"product_cat":[16,22],"product_tag":[],"class_list":{"0":"post-13445","1":"product","2":"type-product","3":"status-publish","4":"has-post-thumbnail","6":"product_cat-aceite-de-motor","7":"product_cat-motor-gasolina-gas","8":"pa_especificaciones-ilsac-gf-5","9":"pa_especificaciones-ilsac-gf-6","10":"pa_especificaciones-ilsac-gf-6a","11":"pa_grado-5w20","12":"pa_marca-mopar","14":"first","15":"instock","16":"shipping-taxable","17":"purchasable","18":"product-type-variable","19":"has-default-attributes"},"yoast_head":"<!-- This site is optimized with the Yoast SEO plugin v27.4 - https:\/\/yoast.com\/product\/yoast-seo-wordpress\/ -->\n<title>MOPAR MAXPRO 5W20 - Aceite de Motor Original Jeep \/ Dodge | Lubrimas.pe | Tienda Online<\/title>\n<meta name=\"robots\" content=\"index, follow, max-snippet:-1, max-image-preview:large, max-video-preview:-1\" \/>\n<link rel=\"canonical\" href=\"https:\/\/lubrimas.pe\/tienda\/aceite-de-motor\/mopar-maxpro-5w20-aceite-de-motor-original-jeep-dodge\/\" \/>\n<meta property=\"og:locale\" content=\"es_ES\" \/>\n<meta property=\"og:type\" content=\"article\" \/>\n<meta property=\"og:title\" content=\"MOPAR MAXPRO 5W20 - Aceite de Motor Original Jeep \/ Dodge | Lubrimas.pe | Tienda Online\" \/>\n<meta property=\"og:description\" content=\"MOPAR MAXPRO 5W20 dise\u00f1ado como aceite de motor de mezcla sint\u00e9tico para proporcionar altos niveles de durabilidad, protecci\u00f3n de motores y sistemas de emisiones, una mayor protecci\u00f3n contra el preencendido\" \/>\n<meta property=\"og:url\" content=\"https:\/\/lubrimas.pe\/tienda\/aceite-de-motor\/mopar-maxpro-5w20-aceite-de-motor-original-jeep-dodge\/\" \/>\n<meta property=\"og:site_name\" content=\"Lubrimas.pe | Tienda Online\" \/>\n<meta property=\"article:modified_time\" content=\"2024-04-06T18:35:16+00:00\" \/>\n<meta property=\"og:image\" content=\"https:\/\/lubrimas.pe\/tienda\/wp-content\/uploads\/sites\/3\/2023\/08\/lubrimas_pe-lubrimasperu-aceite-de-motor-original-mopar-maxpro-5w20-botella-946ml-losolivos-lima-peru.webp\" \/>\n\t<meta property=\"og:image:width\" content=\"850\" \/>\n\t<meta property=\"og:image:height\" content=\"1000\" \/>\n\t<meta property=\"og:image:type\" content=\"image\/webp\" \/>\n<meta name=\"twitter:card\" content=\"summary_large_image\" \/>\n<meta name=\"twitter:label1\" content=\"Tiempo de lectura\" \/>\n\t<meta name=\"twitter:data1\" content=\"1 minuto\" \/>\n<script type=\"application\/ld+json\" class=\"yoast-schema-graph\">{\"@context\":\"https:\\\/\\\/schema.org\",\"@graph\":[{\"@type\":[\"WebPage\",\"ItemPage\"],\"@id\":\"https:\\\/\\\/lubrimas.pe\\\/tienda\\\/aceite-de-motor\\\/mopar-maxpro-5w20-aceite-de-motor-original-jeep-dodge\\\/\",\"url\":\"https:\\\/\\\/lubrimas.pe\\\/tienda\\\/aceite-de-motor\\\/mopar-maxpro-5w20-aceite-de-motor-original-jeep-dodge\\\/\",\"name\":\"MOPAR MAXPRO 5W20 - Aceite de Motor Original Jeep \\\/ Dodge | Lubrimas.pe | Tienda Online\",\"isPartOf\":{\"@id\":\"https:\\\/\\\/lubrimas.pe\\\/tienda\\\/#website\"},\"primaryImageOfPage\":{\"@id\":\"https:\\\/\\\/lubrimas.pe\\\/tienda\\\/aceite-de-motor\\\/mopar-maxpro-5w20-aceite-de-motor-original-jeep-dodge\\\/#primaryimage\"},\"image\":{\"@id\":\"https:\\\/\\\/lubrimas.pe\\\/tienda\\\/aceite-de-motor\\\/mopar-maxpro-5w20-aceite-de-motor-original-jeep-dodge\\\/#primaryimage\"},\"thumbnailUrl\":\"https:\\\/\\\/lubrimas.pe\\\/tienda\\\/wp-content\\\/uploads\\\/sites\\\/3\\\/2023\\\/08\\\/lubrimas_pe-lubrimasperu-aceite-de-motor-original-mopar-maxpro-5w20-botella-946ml-losolivos-lima-peru.webp\",\"datePublished\":\"2023-08-14T22:08:22+00:00\",\"dateModified\":\"2024-04-06T18:35:16+00:00\",\"breadcrumb\":{\"@id\":\"https:\\\/\\\/lubrimas.pe\\\/tienda\\\/aceite-de-motor\\\/mopar-maxpro-5w20-aceite-de-motor-original-jeep-dodge\\\/#breadcrumb\"},\"inLanguage\":\"es\",\"potentialAction\":[{\"@type\":\"ReadAction\",\"target\":[\"https:\\\/\\\/lubrimas.pe\\\/tienda\\\/aceite-de-motor\\\/mopar-maxpro-5w20-aceite-de-motor-original-jeep-dodge\\\/\"]}]},{\"@type\":\"ImageObject\",\"inLanguage\":\"es\",\"@id\":\"https:\\\/\\\/lubrimas.pe\\\/tienda\\\/aceite-de-motor\\\/mopar-maxpro-5w20-aceite-de-motor-original-jeep-dodge\\\/#primaryimage\",\"url\":\"https:\\\/\\\/lubrimas.pe\\\/tienda\\\/wp-content\\\/uploads\\\/sites\\\/3\\\/2023\\\/08\\\/lubrimas_pe-lubrimasperu-aceite-de-motor-original-mopar-maxpro-5w20-botella-946ml-losolivos-lima-peru.webp\",\"contentUrl\":\"https:\\\/\\\/lubrimas.pe\\\/tienda\\\/wp-content\\\/uploads\\\/sites\\\/3\\\/2023\\\/08\\\/lubrimas_pe-lubrimasperu-aceite-de-motor-original-mopar-maxpro-5w20-botella-946ml-losolivos-lima-peru.webp\",\"width\":850,\"height\":1000},{\"@type\":\"BreadcrumbList\",\"@id\":\"https:\\\/\\\/lubrimas.pe\\\/tienda\\\/aceite-de-motor\\\/mopar-maxpro-5w20-aceite-de-motor-original-jeep-dodge\\\/#breadcrumb\",\"itemListElement\":[{\"@type\":\"ListItem\",\"position\":1,\"name\":\"Portada\",\"item\":\"https:\\\/\\\/lubrimas.pe\\\/tienda\\\/\"},{\"@type\":\"ListItem\",\"position\":2,\"name\":\"Cat\u00e1logo\",\"item\":\"https:\\\/\\\/lubrimas.pe\\\/tienda\\\/productos\\\/\"},{\"@type\":\"ListItem\",\"position\":3,\"name\":\"MOPAR MAXPRO 5W20 &#8211; Aceite de Motor Original Jeep \\\/ Dodge\"}]},{\"@type\":\"WebSite\",\"@id\":\"https:\\\/\\\/lubrimas.pe\\\/tienda\\\/#website\",\"url\":\"https:\\\/\\\/lubrimas.pe\\\/tienda\\\/\",\"name\":\"Lubrimas.pe | Tienda Online\",\"description\":\"Tus lubricantes favoritos al mejor precio!\",\"publisher\":{\"@id\":\"https:\\\/\\\/lubrimas.pe\\\/tienda\\\/#organization\"},\"potentialAction\":[{\"@type\":\"SearchAction\",\"target\":{\"@type\":\"EntryPoint\",\"urlTemplate\":\"https:\\\/\\\/lubrimas.pe\\\/tienda\\\/?s={search_term_string}\"},\"query-input\":{\"@type\":\"PropertyValueSpecification\",\"valueRequired\":true,\"valueName\":\"search_term_string\"}}],\"inLanguage\":\"es\"},{\"@type\":\"Organization\",\"@id\":\"https:\\\/\\\/lubrimas.pe\\\/tienda\\\/#organization\",\"name\":\"Lubrimas.pe\",\"url\":\"https:\\\/\\\/lubrimas.pe\\\/tienda\\\/\",\"logo\":{\"@type\":\"ImageObject\",\"inLanguage\":\"es\",\"@id\":\"https:\\\/\\\/lubrimas.pe\\\/tienda\\\/#\\\/schema\\\/logo\\\/image\\\/\",\"url\":\"https:\\\/\\\/lubrimas.pe\\\/tienda\\\/wp-content\\\/uploads\\\/sites\\\/3\\\/2022\\\/07\\\/BANNERS-PROMO-CYBER-WOW-LUBRIMASPE-2022-07.webp\",\"contentUrl\":\"https:\\\/\\\/lubrimas.pe\\\/tienda\\\/wp-content\\\/uploads\\\/sites\\\/3\\\/2022\\\/07\\\/BANNERS-PROMO-CYBER-WOW-LUBRIMASPE-2022-07.webp\",\"width\":500,\"height\":752,\"caption\":\"Lubrimas.pe\"},\"image\":{\"@id\":\"https:\\\/\\\/lubrimas.pe\\\/tienda\\\/#\\\/schema\\\/logo\\\/image\\\/\"}}]}<\/script>\n<!-- \/ Yoast SEO plugin. -->","yoast_head_json":{"title":"MOPAR MAXPRO 5W20 - Aceite de Motor Original Jeep \/ Dodge | Lubrimas.pe | Tienda Online","robots":{"index":"index","follow":"follow","max-snippet":"max-snippet:-1","max-image-preview":"max-image-preview:large","max-video-preview":"max-video-preview:-1"},"canonical":"https:\/\/lubrimas.pe\/tienda\/aceite-de-motor\/mopar-maxpro-5w20-aceite-de-motor-original-jeep-dodge\/","og_locale":"es_ES","og_type":"article","og_title":"MOPAR MAXPRO 5W20 - Aceite de Motor Original Jeep \/ Dodge | Lubrimas.pe | Tienda Online","og_description":"MOPAR MAXPRO 5W20 dise\u00f1ado como aceite de motor de mezcla sint\u00e9tico para proporcionar altos niveles de durabilidad, protecci\u00f3n de motores y sistemas de emisiones, una mayor protecci\u00f3n contra el preencendido","og_url":"https:\/\/lubrimas.pe\/tienda\/aceite-de-motor\/mopar-maxpro-5w20-aceite-de-motor-original-jeep-dodge\/","og_site_name":"Lubrimas.pe | Tienda Online","article_modified_time":"2024-04-06T18:35:16+00:00","og_image":[{"width":850,"height":1000,"url":"https:\/\/lubrimas.pe\/tienda\/wp-content\/uploads\/sites\/3\/2023\/08\/lubrimas_pe-lubrimasperu-aceite-de-motor-original-mopar-maxpro-5w20-botella-946ml-losolivos-lima-peru.webp","type":"image\/webp"}],"twitter_card":"summary_large_image","twitter_misc":{"Tiempo de lectura":"1 minuto"},"schema":{"@context":"https:\/\/schema.org","@graph":[{"@type":["WebPage","ItemPage"],"@id":"https:\/\/lubrimas.pe\/tienda\/aceite-de-motor\/mopar-maxpro-5w20-aceite-de-motor-original-jeep-dodge\/","url":"https:\/\/lubrimas.pe\/tienda\/aceite-de-motor\/mopar-maxpro-5w20-aceite-de-motor-original-jeep-dodge\/","name":"MOPAR MAXPRO 5W20 - Aceite de Motor Original Jeep \/ Dodge | Lubrimas.pe | Tienda Online","isPartOf":{"@id":"https:\/\/lubrimas.pe\/tienda\/#website"},"primaryImageOfPage":{"@id":"https:\/\/lubrimas.pe\/tienda\/aceite-de-motor\/mopar-maxpro-5w20-aceite-de-motor-original-jeep-dodge\/#primaryimage"},"image":{"@id":"https:\/\/lubrimas.pe\/tienda\/aceite-de-motor\/mopar-maxpro-5w20-aceite-de-motor-original-jeep-dodge\/#primaryimage"},"thumbnailUrl":"https:\/\/lubrimas.pe\/tienda\/wp-content\/uploads\/sites\/3\/2023\/08\/lubrimas_pe-lubrimasperu-aceite-de-motor-original-mopar-maxpro-5w20-botella-946ml-losolivos-lima-peru.webp","datePublished":"2023-08-14T22:08:22+00:00","dateModified":"2024-04-06T18:35:16+00:00","breadcrumb":{"@id":"https:\/\/lubrimas.pe\/tienda\/aceite-de-motor\/mopar-maxpro-5w20-aceite-de-motor-original-jeep-dodge\/#breadcrumb"},"inLanguage":"es","potentialAction":[{"@type":"ReadAction","target":["https:\/\/lubrimas.pe\/tienda\/aceite-de-motor\/mopar-maxpro-5w20-aceite-de-motor-original-jeep-dodge\/"]}]},{"@type":"ImageObject","inLanguage":"es","@id":"https:\/\/lubrimas.pe\/tienda\/aceite-de-motor\/mopar-maxpro-5w20-aceite-de-motor-original-jeep-dodge\/#primaryimage","url":"https:\/\/lubrimas.pe\/tienda\/wp-content\/uploads\/sites\/3\/2023\/08\/lubrimas_pe-lubrimasperu-aceite-de-motor-original-mopar-maxpro-5w20-botella-946ml-losolivos-lima-peru.webp","contentUrl":"https:\/\/lubrimas.pe\/tienda\/wp-content\/uploads\/sites\/3\/2023\/08\/lubrimas_pe-lubrimasperu-aceite-de-motor-original-mopar-maxpro-5w20-botella-946ml-losolivos-lima-peru.webp","width":850,"height":1000},{"@type":"BreadcrumbList","@id":"https:\/\/lubrimas.pe\/tienda\/aceite-de-motor\/mopar-maxpro-5w20-aceite-de-motor-original-jeep-dodge\/#breadcrumb","itemListElement":[{"@type":"ListItem","position":1,"name":"Portada","item":"https:\/\/lubrimas.pe\/tienda\/"},{"@type":"ListItem","position":2,"name":"Cat\u00e1logo","item":"https:\/\/lubrimas.pe\/tienda\/productos\/"},{"@type":"ListItem","position":3,"name":"MOPAR MAXPRO 5W20 &#8211; Aceite de Motor Original Jeep \/ Dodge"}]},{"@type":"WebSite","@id":"https:\/\/lubrimas.pe\/tienda\/#website","url":"https:\/\/lubrimas.pe\/tienda\/","name":"Lubrimas.pe | Tienda Online","description":"Tus lubricantes favoritos al mejor precio!","publisher":{"@id":"https:\/\/lubrimas.pe\/tienda\/#organization"},"potentialAction":[{"@type":"SearchAction","target":{"@type":"EntryPoint","urlTemplate":"https:\/\/lubrimas.pe\/tienda\/?s={search_term_string}"},"query-input":{"@type":"PropertyValueSpecification","valueRequired":true,"valueName":"search_term_string"}}],"inLanguage":"es"},{"@type":"Organization","@id":"https:\/\/lubrimas.pe\/tienda\/#organization","name":"Lubrimas.pe","url":"https:\/\/lubrimas.pe\/tienda\/","logo":{"@type":"ImageObject","inLanguage":"es","@id":"https:\/\/lubrimas.pe\/tienda\/#\/schema\/logo\/image\/","url":"https:\/\/lubrimas.pe\/tienda\/wp-content\/uploads\/sites\/3\/2022\/07\/BANNERS-PROMO-CYBER-WOW-LUBRIMASPE-2022-07.webp","contentUrl":"https:\/\/lubrimas.pe\/tienda\/wp-content\/uploads\/sites\/3\/2022\/07\/BANNERS-PROMO-CYBER-WOW-LUBRIMASPE-2022-07.webp","width":500,"height":752,"caption":"Lubrimas.pe"},"image":{"@id":"https:\/\/lubrimas.pe\/tienda\/#\/schema\/logo\/image\/"}}]}},"_links":{"self":[{"href":"https:\/\/lubrimas.pe\/tienda\/wp-json\/wp\/v2\/product\/13445","targetHints":{"allow":["GET"]}}],"collection":[{"href":"https:\/\/lubrimas.pe\/tienda\/wp-json\/wp\/v2\/product"}],"about":[{"href":"https:\/\/lubrimas.pe\/tienda\/wp-json\/wp\/v2\/types\/product"}],"wp:featuredmedia":[{"embeddable":true,"href":"https:\/\/lubrimas.pe\/tienda\/wp-json\/wp\/v2\/media\/13449"}],"wp:attachment":[{"href":"https:\/\/lubrimas.pe\/tienda\/wp-json\/wp\/v2\/media?parent=13445"}],"wp:term":[{"taxonomy":"product_brand","embeddable":true,"href":"https:\/\/lubrimas.pe\/tienda\/wp-json\/wp\/v2\/product_brand?post=13445"},{"taxonomy":"product_cat","embeddable":true,"href":"https:\/\/lubrimas.pe\/tienda\/wp-json\/wp\/v2\/product_cat?post=13445"},{"taxonomy":"product_tag","embeddable":true,"href":"https:\/\/lubrimas.pe\/tienda\/wp-json\/wp\/v2\/product_tag?post=13445"}],"curies":[{"name":"wp","href":"https:\/\/api.w.org\/{rel}","templated":true}]}}