{"id":13501,"date":"2023-09-19T15:36:05","date_gmt":"2023-09-19T20:36:05","guid":{"rendered":"https:\/\/lubrimas.pe\/tienda\/?post_type=product&#038;p=13501"},"modified":"2026-04-24T13:26:44","modified_gmt":"2026-04-24T18:26:44","slug":"liqui-moly-viscoplus-for-oil-aditivo-elevador-de-viscosidad","status":"publish","type":"product","link":"https:\/\/lubrimas.pe\/tienda\/aditivos\/liqui-moly-viscoplus-for-oil-aditivo-elevador-de-viscosidad\/","title":{"rendered":"LIQUI MOLY VISCOPLUS FOR OIL \u2013 Aditivo Elevador de Viscosidad"},"content":{"rendered":"<p>El <strong>LIQUI MOLY VISCOPLUS FOR OIL <\/strong>es un aditivo de alto rendimiento dise\u00f1ado para mejorar la estabilidad del aceite del motor, reducir el consumo de aceite y optimizar la compresi\u00f3n. Su f\u00f3rmula act\u00faa reforzando la pel\u00edcula lubricante, lo que ayuda a disminuir el desgaste interno, reducir ruidos del motor y mantener una presi\u00f3n de aceite adecuada en todas las condiciones de uso.<\/p>\n<h5 class=\"type\"><strong>CARACTER\u00cdSTICAS PRINCIPALES<\/strong><\/h5>\n<ul>\n<li data-start=\"628\" data-end=\"659\">Reduce el consumo de aceite<\/li>\n<li data-start=\"660\" data-end=\"694\">Mejora la compresi\u00f3n del motor<\/li>\n<li data-start=\"695\" data-end=\"729\">Disminuye ruidos y vibraciones<\/li>\n<li data-start=\"730\" data-end=\"769\">Estabiliza la viscosidad del aceite<\/li>\n<li data-start=\"770\" data-end=\"805\">Mantiene una lubricaci\u00f3n \u00f3ptima<\/li>\n<li data-start=\"806\" data-end=\"846\">Reduce el desgaste interno del motor<\/li>\n<\/ul>\n<h5><strong>APLICACIONES<\/strong><\/h5>\n<p data-start=\"871\" data-end=\"1010\">Apropiado para todos los aceites de motor de uso corriente en motores de gasolina y di\u00e9sel con y sin filtro de part\u00edculas di\u00e9sel (DPF). Sometido a prueba en turbocompresores y catalizadores. No es apto para motocicletas con embrague en ba\u00f1o de aceite.<\/p>\n<h5><strong>RECOMENDACIONES DE SU USO<\/strong><\/h5>\n<div>\n<div class=\"d-inline-block fs-9 product attribute description\">\n<p>El contenido del envase (300 ml) es suficiente para 5L de aceite de motor. Tras a\u00f1adir al aceite de motor, poner el motor en marcha para calentarlo. Se puede a\u00f1adir en cualquier momento.<\/p>\n<\/div>\n<\/div>\n<h5><strong>INFORMACI\u00d3N ADICIONAL<\/strong><\/h5>\n<div class=\"aditional-info-tecnical-lp\"><a href=\"https:\/\/pim.liqui-moly.de\/ws\/pi\/article\/2502?language=es\" target=\"_blank\" rel=\"noopener\">FICHA T\u00c9CNICA<\/a><br \/>\n<a href=\"https:\/\/www.liqui-moly.com\/es\/viscoplus-for-oil-p000006.html#2502\" target=\"_blank\" rel=\"noopener\">SITIO OFICIAL<\/a><\/div>\n<p>&nbsp;<\/p>\n<blockquote><p><strong>LM2502, LM-2502, LM 2502, <\/strong>LIQUI MOLY, LIQUIMOLY, LIQUI MOLY, ADITIVO, ELEVADOR, VISCOSIDAD<\/p><\/blockquote>\n","protected":false},"excerpt":{"rendered":"<p>El LIQUI MOLY VISCOPLUS FOR OIL es un aditivo de alto rendimiento dise\u00f1ado para mejorar la estabilidad del aceite del motor, reducir el consumo de aceite y optimizar la compresi\u00f3n.<\/p>\n","protected":false},"featured_media":13503,"template":"","meta":[],"product_brand":[],"product_cat":[152],"product_tag":[],"class_list":{"0":"post-13501","1":"product","2":"type-product","3":"status-publish","4":"has-post-thumbnail","6":"product_cat-aditivos","7":"pa_marca-liquimoly","9":"first","10":"instock","11":"shipping-taxable","12":"purchasable","13":"product-type-variable","14":"has-default-attributes"},"yoast_head":"<!-- This site is optimized with the Yoast SEO plugin v27.4 - https:\/\/yoast.com\/product\/yoast-seo-wordpress\/ -->\n<title>LIQUI MOLY VISCOPLUS FOR OIL \u2013 Aditivo Elevador de Viscosidad | Lubrimas.pe | Tienda Online<\/title>\n<meta name=\"description\" content=\"Liqui Moly Viscoplus for Oil mejora la viscosidad del aceite, reduce el consumo y protege el motor contra el desgaste. Ideal para motores con alto kilometraje.\" \/>\n<meta name=\"robots\" content=\"index, follow, max-snippet:-1, max-image-preview:large, max-video-preview:-1\" \/>\n<link rel=\"canonical\" href=\"https:\/\/lubrimas.pe\/tienda\/aditivos\/liqui-moly-viscoplus-for-oil-aditivo-elevador-de-viscosidad\/\" \/>\n<meta property=\"og:locale\" content=\"es_ES\" \/>\n<meta property=\"og:type\" content=\"article\" \/>\n<meta property=\"og:title\" content=\"LIQUI MOLY VISCOPLUS FOR OIL \u2013 Aditivo Elevador de Viscosidad | Lubrimas.pe | Tienda Online\" \/>\n<meta property=\"og:description\" content=\"Liqui Moly Viscoplus for Oil mejora la viscosidad del aceite, reduce el consumo y protege el motor contra el desgaste. Ideal para motores con alto kilometraje.\" \/>\n<meta property=\"og:url\" content=\"https:\/\/lubrimas.pe\/tienda\/aditivos\/liqui-moly-viscoplus-for-oil-aditivo-elevador-de-viscosidad\/\" \/>\n<meta property=\"og:site_name\" content=\"Lubrimas.pe | Tienda Online\" \/>\n<meta property=\"article:modified_time\" content=\"2026-04-24T18:26:44+00:00\" \/>\n<meta property=\"og:image\" content=\"https:\/\/lubrimas.pe\/tienda\/wp-content\/uploads\/sites\/3\/2023\/09\/lubrimas_pe-lubrimasperu_com-liqui-moly-aditivo-elevador-de-viscocidad-liqui-moly-viscoplus-300ml-lima-peru-los-olivos.webp\" \/>\n\t<meta property=\"og:image:width\" content=\"850\" \/>\n\t<meta property=\"og:image:height\" content=\"1000\" \/>\n\t<meta property=\"og:image:type\" content=\"image\/webp\" \/>\n<meta name=\"twitter:card\" content=\"summary_large_image\" \/>\n<meta name=\"twitter:label1\" content=\"Tiempo de lectura\" \/>\n\t<meta name=\"twitter:data1\" content=\"1 minuto\" \/>\n<script type=\"application\/ld+json\" class=\"yoast-schema-graph\">{\"@context\":\"https:\\\/\\\/schema.org\",\"@graph\":[{\"@type\":[\"WebPage\",\"ItemPage\"],\"@id\":\"https:\\\/\\\/lubrimas.pe\\\/tienda\\\/aditivos\\\/liqui-moly-viscoplus-for-oil-aditivo-elevador-de-viscosidad\\\/\",\"url\":\"https:\\\/\\\/lubrimas.pe\\\/tienda\\\/aditivos\\\/liqui-moly-viscoplus-for-oil-aditivo-elevador-de-viscosidad\\\/\",\"name\":\"LIQUI MOLY VISCOPLUS FOR OIL \u2013 Aditivo Elevador de Viscosidad | Lubrimas.pe | Tienda Online\",\"isPartOf\":{\"@id\":\"https:\\\/\\\/lubrimas.pe\\\/tienda\\\/#website\"},\"primaryImageOfPage\":{\"@id\":\"https:\\\/\\\/lubrimas.pe\\\/tienda\\\/aditivos\\\/liqui-moly-viscoplus-for-oil-aditivo-elevador-de-viscosidad\\\/#primaryimage\"},\"image\":{\"@id\":\"https:\\\/\\\/lubrimas.pe\\\/tienda\\\/aditivos\\\/liqui-moly-viscoplus-for-oil-aditivo-elevador-de-viscosidad\\\/#primaryimage\"},\"thumbnailUrl\":\"https:\\\/\\\/lubrimas.pe\\\/tienda\\\/wp-content\\\/uploads\\\/sites\\\/3\\\/2023\\\/09\\\/lubrimas_pe-lubrimasperu_com-liqui-moly-aditivo-elevador-de-viscocidad-liqui-moly-viscoplus-300ml-lima-peru-los-olivos.webp\",\"datePublished\":\"2023-09-19T20:36:05+00:00\",\"dateModified\":\"2026-04-24T18:26:44+00:00\",\"description\":\"Liqui Moly Viscoplus for Oil mejora la viscosidad del aceite, reduce el consumo y protege el motor contra el desgaste. Ideal para motores con alto kilometraje.\",\"breadcrumb\":{\"@id\":\"https:\\\/\\\/lubrimas.pe\\\/tienda\\\/aditivos\\\/liqui-moly-viscoplus-for-oil-aditivo-elevador-de-viscosidad\\\/#breadcrumb\"},\"inLanguage\":\"es\",\"potentialAction\":[{\"@type\":\"ReadAction\",\"target\":[\"https:\\\/\\\/lubrimas.pe\\\/tienda\\\/aditivos\\\/liqui-moly-viscoplus-for-oil-aditivo-elevador-de-viscosidad\\\/\"]}]},{\"@type\":\"ImageObject\",\"inLanguage\":\"es\",\"@id\":\"https:\\\/\\\/lubrimas.pe\\\/tienda\\\/aditivos\\\/liqui-moly-viscoplus-for-oil-aditivo-elevador-de-viscosidad\\\/#primaryimage\",\"url\":\"https:\\\/\\\/lubrimas.pe\\\/tienda\\\/wp-content\\\/uploads\\\/sites\\\/3\\\/2023\\\/09\\\/lubrimas_pe-lubrimasperu_com-liqui-moly-aditivo-elevador-de-viscocidad-liqui-moly-viscoplus-300ml-lima-peru-los-olivos.webp\",\"contentUrl\":\"https:\\\/\\\/lubrimas.pe\\\/tienda\\\/wp-content\\\/uploads\\\/sites\\\/3\\\/2023\\\/09\\\/lubrimas_pe-lubrimasperu_com-liqui-moly-aditivo-elevador-de-viscocidad-liqui-moly-viscoplus-300ml-lima-peru-los-olivos.webp\",\"width\":850,\"height\":1000},{\"@type\":\"BreadcrumbList\",\"@id\":\"https:\\\/\\\/lubrimas.pe\\\/tienda\\\/aditivos\\\/liqui-moly-viscoplus-for-oil-aditivo-elevador-de-viscosidad\\\/#breadcrumb\",\"itemListElement\":[{\"@type\":\"ListItem\",\"position\":1,\"name\":\"Portada\",\"item\":\"https:\\\/\\\/lubrimas.pe\\\/tienda\\\/\"},{\"@type\":\"ListItem\",\"position\":2,\"name\":\"Cat\u00e1logo\",\"item\":\"https:\\\/\\\/lubrimas.pe\\\/tienda\\\/productos\\\/\"},{\"@type\":\"ListItem\",\"position\":3,\"name\":\"LIQUI MOLY VISCOPLUS FOR OIL \u2013 Aditivo Elevador de Viscosidad\"}]},{\"@type\":\"WebSite\",\"@id\":\"https:\\\/\\\/lubrimas.pe\\\/tienda\\\/#website\",\"url\":\"https:\\\/\\\/lubrimas.pe\\\/tienda\\\/\",\"name\":\"Lubrimas.pe | Tienda Online\",\"description\":\"Tus lubricantes favoritos al mejor precio!\",\"publisher\":{\"@id\":\"https:\\\/\\\/lubrimas.pe\\\/tienda\\\/#organization\"},\"potentialAction\":[{\"@type\":\"SearchAction\",\"target\":{\"@type\":\"EntryPoint\",\"urlTemplate\":\"https:\\\/\\\/lubrimas.pe\\\/tienda\\\/?s={search_term_string}\"},\"query-input\":{\"@type\":\"PropertyValueSpecification\",\"valueRequired\":true,\"valueName\":\"search_term_string\"}}],\"inLanguage\":\"es\"},{\"@type\":\"Organization\",\"@id\":\"https:\\\/\\\/lubrimas.pe\\\/tienda\\\/#organization\",\"name\":\"Lubrimas.pe\",\"url\":\"https:\\\/\\\/lubrimas.pe\\\/tienda\\\/\",\"logo\":{\"@type\":\"ImageObject\",\"inLanguage\":\"es\",\"@id\":\"https:\\\/\\\/lubrimas.pe\\\/tienda\\\/#\\\/schema\\\/logo\\\/image\\\/\",\"url\":\"https:\\\/\\\/lubrimas.pe\\\/tienda\\\/wp-content\\\/uploads\\\/sites\\\/3\\\/2022\\\/07\\\/BANNERS-PROMO-CYBER-WOW-LUBRIMASPE-2022-07.webp\",\"contentUrl\":\"https:\\\/\\\/lubrimas.pe\\\/tienda\\\/wp-content\\\/uploads\\\/sites\\\/3\\\/2022\\\/07\\\/BANNERS-PROMO-CYBER-WOW-LUBRIMASPE-2022-07.webp\",\"width\":500,\"height\":752,\"caption\":\"Lubrimas.pe\"},\"image\":{\"@id\":\"https:\\\/\\\/lubrimas.pe\\\/tienda\\\/#\\\/schema\\\/logo\\\/image\\\/\"}}]}<\/script>\n<!-- \/ Yoast SEO plugin. -->","yoast_head_json":{"title":"LIQUI MOLY VISCOPLUS FOR OIL \u2013 Aditivo Elevador de Viscosidad | Lubrimas.pe | Tienda Online","description":"Liqui Moly Viscoplus for Oil mejora la viscosidad del aceite, reduce el consumo y protege el motor contra el desgaste. Ideal para motores con alto kilometraje.","robots":{"index":"index","follow":"follow","max-snippet":"max-snippet:-1","max-image-preview":"max-image-preview:large","max-video-preview":"max-video-preview:-1"},"canonical":"https:\/\/lubrimas.pe\/tienda\/aditivos\/liqui-moly-viscoplus-for-oil-aditivo-elevador-de-viscosidad\/","og_locale":"es_ES","og_type":"article","og_title":"LIQUI MOLY VISCOPLUS FOR OIL \u2013 Aditivo Elevador de Viscosidad | Lubrimas.pe | Tienda Online","og_description":"Liqui Moly Viscoplus for Oil mejora la viscosidad del aceite, reduce el consumo y protege el motor contra el desgaste. Ideal para motores con alto kilometraje.","og_url":"https:\/\/lubrimas.pe\/tienda\/aditivos\/liqui-moly-viscoplus-for-oil-aditivo-elevador-de-viscosidad\/","og_site_name":"Lubrimas.pe | Tienda Online","article_modified_time":"2026-04-24T18:26:44+00:00","og_image":[{"width":850,"height":1000,"url":"https:\/\/lubrimas.pe\/tienda\/wp-content\/uploads\/sites\/3\/2023\/09\/lubrimas_pe-lubrimasperu_com-liqui-moly-aditivo-elevador-de-viscocidad-liqui-moly-viscoplus-300ml-lima-peru-los-olivos.webp","type":"image\/webp"}],"twitter_card":"summary_large_image","twitter_misc":{"Tiempo de lectura":"1 minuto"},"schema":{"@context":"https:\/\/schema.org","@graph":[{"@type":["WebPage","ItemPage"],"@id":"https:\/\/lubrimas.pe\/tienda\/aditivos\/liqui-moly-viscoplus-for-oil-aditivo-elevador-de-viscosidad\/","url":"https:\/\/lubrimas.pe\/tienda\/aditivos\/liqui-moly-viscoplus-for-oil-aditivo-elevador-de-viscosidad\/","name":"LIQUI MOLY VISCOPLUS FOR OIL \u2013 Aditivo Elevador de Viscosidad | Lubrimas.pe | Tienda Online","isPartOf":{"@id":"https:\/\/lubrimas.pe\/tienda\/#website"},"primaryImageOfPage":{"@id":"https:\/\/lubrimas.pe\/tienda\/aditivos\/liqui-moly-viscoplus-for-oil-aditivo-elevador-de-viscosidad\/#primaryimage"},"image":{"@id":"https:\/\/lubrimas.pe\/tienda\/aditivos\/liqui-moly-viscoplus-for-oil-aditivo-elevador-de-viscosidad\/#primaryimage"},"thumbnailUrl":"https:\/\/lubrimas.pe\/tienda\/wp-content\/uploads\/sites\/3\/2023\/09\/lubrimas_pe-lubrimasperu_com-liqui-moly-aditivo-elevador-de-viscocidad-liqui-moly-viscoplus-300ml-lima-peru-los-olivos.webp","datePublished":"2023-09-19T20:36:05+00:00","dateModified":"2026-04-24T18:26:44+00:00","description":"Liqui Moly Viscoplus for Oil mejora la viscosidad del aceite, reduce el consumo y protege el motor contra el desgaste. Ideal para motores con alto kilometraje.","breadcrumb":{"@id":"https:\/\/lubrimas.pe\/tienda\/aditivos\/liqui-moly-viscoplus-for-oil-aditivo-elevador-de-viscosidad\/#breadcrumb"},"inLanguage":"es","potentialAction":[{"@type":"ReadAction","target":["https:\/\/lubrimas.pe\/tienda\/aditivos\/liqui-moly-viscoplus-for-oil-aditivo-elevador-de-viscosidad\/"]}]},{"@type":"ImageObject","inLanguage":"es","@id":"https:\/\/lubrimas.pe\/tienda\/aditivos\/liqui-moly-viscoplus-for-oil-aditivo-elevador-de-viscosidad\/#primaryimage","url":"https:\/\/lubrimas.pe\/tienda\/wp-content\/uploads\/sites\/3\/2023\/09\/lubrimas_pe-lubrimasperu_com-liqui-moly-aditivo-elevador-de-viscocidad-liqui-moly-viscoplus-300ml-lima-peru-los-olivos.webp","contentUrl":"https:\/\/lubrimas.pe\/tienda\/wp-content\/uploads\/sites\/3\/2023\/09\/lubrimas_pe-lubrimasperu_com-liqui-moly-aditivo-elevador-de-viscocidad-liqui-moly-viscoplus-300ml-lima-peru-los-olivos.webp","width":850,"height":1000},{"@type":"BreadcrumbList","@id":"https:\/\/lubrimas.pe\/tienda\/aditivos\/liqui-moly-viscoplus-for-oil-aditivo-elevador-de-viscosidad\/#breadcrumb","itemListElement":[{"@type":"ListItem","position":1,"name":"Portada","item":"https:\/\/lubrimas.pe\/tienda\/"},{"@type":"ListItem","position":2,"name":"Cat\u00e1logo","item":"https:\/\/lubrimas.pe\/tienda\/productos\/"},{"@type":"ListItem","position":3,"name":"LIQUI MOLY VISCOPLUS FOR OIL \u2013 Aditivo Elevador de Viscosidad"}]},{"@type":"WebSite","@id":"https:\/\/lubrimas.pe\/tienda\/#website","url":"https:\/\/lubrimas.pe\/tienda\/","name":"Lubrimas.pe | Tienda Online","description":"Tus lubricantes favoritos al mejor precio!","publisher":{"@id":"https:\/\/lubrimas.pe\/tienda\/#organization"},"potentialAction":[{"@type":"SearchAction","target":{"@type":"EntryPoint","urlTemplate":"https:\/\/lubrimas.pe\/tienda\/?s={search_term_string}"},"query-input":{"@type":"PropertyValueSpecification","valueRequired":true,"valueName":"search_term_string"}}],"inLanguage":"es"},{"@type":"Organization","@id":"https:\/\/lubrimas.pe\/tienda\/#organization","name":"Lubrimas.pe","url":"https:\/\/lubrimas.pe\/tienda\/","logo":{"@type":"ImageObject","inLanguage":"es","@id":"https:\/\/lubrimas.pe\/tienda\/#\/schema\/logo\/image\/","url":"https:\/\/lubrimas.pe\/tienda\/wp-content\/uploads\/sites\/3\/2022\/07\/BANNERS-PROMO-CYBER-WOW-LUBRIMASPE-2022-07.webp","contentUrl":"https:\/\/lubrimas.pe\/tienda\/wp-content\/uploads\/sites\/3\/2022\/07\/BANNERS-PROMO-CYBER-WOW-LUBRIMASPE-2022-07.webp","width":500,"height":752,"caption":"Lubrimas.pe"},"image":{"@id":"https:\/\/lubrimas.pe\/tienda\/#\/schema\/logo\/image\/"}}]}},"_links":{"self":[{"href":"https:\/\/lubrimas.pe\/tienda\/wp-json\/wp\/v2\/product\/13501","targetHints":{"allow":["GET"]}}],"collection":[{"href":"https:\/\/lubrimas.pe\/tienda\/wp-json\/wp\/v2\/product"}],"about":[{"href":"https:\/\/lubrimas.pe\/tienda\/wp-json\/wp\/v2\/types\/product"}],"wp:featuredmedia":[{"embeddable":true,"href":"https:\/\/lubrimas.pe\/tienda\/wp-json\/wp\/v2\/media\/13503"}],"wp:attachment":[{"href":"https:\/\/lubrimas.pe\/tienda\/wp-json\/wp\/v2\/media?parent=13501"}],"wp:term":[{"taxonomy":"product_brand","embeddable":true,"href":"https:\/\/lubrimas.pe\/tienda\/wp-json\/wp\/v2\/product_brand?post=13501"},{"taxonomy":"product_cat","embeddable":true,"href":"https:\/\/lubrimas.pe\/tienda\/wp-json\/wp\/v2\/product_cat?post=13501"},{"taxonomy":"product_tag","embeddable":true,"href":"https:\/\/lubrimas.pe\/tienda\/wp-json\/wp\/v2\/product_tag?post=13501"}],"curies":[{"name":"wp","href":"https:\/\/api.w.org\/{rel}","templated":true}]}}