{"id":13555,"date":"2023-10-27T09:35:52","date_gmt":"2023-10-27T14:35:52","guid":{"rendered":"https:\/\/lubrimas.pe\/tienda\/?post_type=product&#038;p=13555"},"modified":"2025-08-18T12:34:33","modified_gmt":"2025-08-18T17:34:33","slug":"motul-tekma-norma-20w50-aceite-mineral","status":"publish","type":"product","link":"https:\/\/lubrimas.pe\/tienda\/aceite-de-motor\/motul-tekma-norma-20w50-aceite-mineral\/","title":{"rendered":"MOTUL TEKMA NORMA+ 20W50 &#8211; Aceite mineral"},"content":{"rendered":"<p><strong>MOTUL TEKMA NORMA+ 20W50<\/strong> es un lubricante para todo tipo de motores di\u00e9sel atmosf\u00e9ricos o turboalimentados, que funcionan en climas c\u00e1lidos, para los que el fabricante exige las recomendaciones API CD, CE, CF, CF-4, CCMC D-4.<\/p>\n<p><strong>MOTUL TEKMA NORMA+ 20W50 <\/strong>est\u00e1 dise\u00f1adas para todos los motores di\u00e9sel, atmosf\u00e9ricos o turboalimentados, utilizados en climas c\u00e1lidos, para los que sus fabricantes recomienden API CD, CE, CF, CF-4, CCMC D-4: camiones, bulldozers, maquinaria de construcci\u00f3n, generadores, autobuses, maquinaria agr\u00edcola, motores marinos, etc. Recomendado especialmente para motores antiguos con gran kilometraje y tendencia a consumir aceite. Tambi\u00e9n es apto para sistemas hidr\u00e1ulicos, convertidores de par y transmisiones cuando los fabricantes recomiendan un aceite de motor.<\/p>\n<h5><strong>RECOMENDACIONES<\/strong><\/h5>\n<ul>\n<li>Garantiza durabilidad y protecci\u00f3n del motor por la reducci\u00f3n de los dep\u00f3sitos en las ranuras del pist\u00f3n.<\/li>\n<li>Alto nivel dispersante: reduce el holl\u00edn acumulado y el riesgo de obstrucci\u00f3n del filtro de aceite.<\/li>\n<li>Altas propiedades anti-desgaste: excelente protecci\u00f3n frente al pulido de di\u00e1metros interiores.<\/li>\n<li>Minimiza el consumo de aceite.<\/li>\n<li>Nivel superior de detergencia: control de dep\u00f3sitos en las ranuras del pist\u00f3n y limpieza del mismo.<\/li>\n<li>Anti-oxidaci\u00f3n, anti-corrosi\u00f3n, anti-\u00f3xido, anti-espumaci\u00f3n.<\/li>\n<\/ul>\n<h5><strong>APROBACIONES \/ ESPECIFICACIONES OEM<\/strong><\/h5>\n<p><strong>MOTUL TEKMA NORMA+ 20W50<\/strong> Cumple con las siguientes especificaciones: API &#8211; CF-4 \/ CF \/ CE, CD \/ SF,\u00a0CCMC &#8211; D-4<\/p>\n<p><strong>MOTUL TEKMA NORMA+ 20W50<\/strong> Cumple y excede la mayor\u00eda de las especificaciones OEM: MERCEDES-BENZ &#8211; MB 228.1<\/p>\n<h5><strong>INFORMACI\u00d3N ADICIONAL<\/strong><\/h5>\n<div class=\"aditional-info-tecnical-lp\"><a href=\"https:\/\/azupim01.motul.com\/media\/motulData\/DO\/base\/TEK_NORMA_20W50_es_ES_motul_20210331.pdf\" target=\"_blank\" rel=\"noopener\">FICHA T\u00c9CNICA<\/a><br \/>\n<a href=\"https:\/\/www.motul.com\/co\/es\/products\/tekma-norma-20w50\" target=\"_blank\" rel=\"noopener\">SITIO OFICIAL<\/a><\/div>\n<div><\/div>\n<div><\/div>\n","protected":false},"excerpt":{"rendered":"<p>MOTUL TEKMA NORMA+ 20W50 es un lubricante para todo tipo de motores di\u00e9sel atmosf\u00e9ricos o turboalimentados, que funcionan en climas c\u00e1lidos, para los que el fabricante exige las recomendaciones API<\/p>\n","protected":false},"featured_media":13558,"template":"","meta":[],"product_brand":[],"product_cat":[16,22],"product_tag":[],"class_list":{"0":"post-13555","1":"product","2":"type-product","3":"status-publish","4":"has-post-thumbnail","6":"product_cat-aceite-de-motor","7":"product_cat-motor-gasolina-gas","8":"pa_grado-5w30","9":"pa_marca-motul","11":"first","12":"outofstock","13":"shipping-taxable","14":"purchasable","15":"product-type-variable","16":"has-default-attributes"},"yoast_head":"<!-- This site is optimized with the Yoast SEO plugin v27.4 - https:\/\/yoast.com\/product\/yoast-seo-wordpress\/ -->\n<title>MOTUL TEKMA NORMA+ 20W50 - Aceite mineral | Lubrimas.pe | Tienda Online<\/title>\n<meta name=\"robots\" content=\"index, follow, max-snippet:-1, max-image-preview:large, max-video-preview:-1\" \/>\n<link rel=\"canonical\" href=\"https:\/\/lubrimas.pe\/tienda\/aceite-de-motor\/motul-tekma-norma-20w50-aceite-mineral\/\" \/>\n<meta property=\"og:locale\" content=\"es_ES\" \/>\n<meta property=\"og:type\" content=\"article\" \/>\n<meta property=\"og:title\" content=\"MOTUL TEKMA NORMA+ 20W50 - Aceite mineral | Lubrimas.pe | Tienda Online\" \/>\n<meta property=\"og:description\" content=\"MOTUL TEKMA NORMA+ 20W50 es un lubricante para todo tipo de motores di\u00e9sel atmosf\u00e9ricos o turboalimentados, que funcionan en climas c\u00e1lidos, para los que el fabricante exige las recomendaciones API\" \/>\n<meta property=\"og:url\" content=\"https:\/\/lubrimas.pe\/tienda\/aceite-de-motor\/motul-tekma-norma-20w50-aceite-mineral\/\" \/>\n<meta property=\"og:site_name\" content=\"Lubrimas.pe | Tienda Online\" \/>\n<meta property=\"article:modified_time\" content=\"2025-08-18T17:34:33+00:00\" \/>\n<meta property=\"og:image\" content=\"https:\/\/lubrimas.pe\/tienda\/wp-content\/uploads\/sites\/3\/2023\/10\/Lubrimasperu-aceite-motul-tekma-norma-20w50-galon-5-litros-lima-peru.webp\" \/>\n\t<meta property=\"og:image:width\" content=\"850\" \/>\n\t<meta property=\"og:image:height\" content=\"1000\" \/>\n\t<meta property=\"og:image:type\" content=\"image\/webp\" \/>\n<meta name=\"twitter:card\" content=\"summary_large_image\" \/>\n<meta name=\"twitter:label1\" content=\"Tiempo de lectura\" \/>\n\t<meta name=\"twitter:data1\" content=\"1 minuto\" \/>\n<script type=\"application\/ld+json\" class=\"yoast-schema-graph\">{\"@context\":\"https:\\\/\\\/schema.org\",\"@graph\":[{\"@type\":[\"WebPage\",\"ItemPage\"],\"@id\":\"https:\\\/\\\/lubrimas.pe\\\/tienda\\\/aceite-de-motor\\\/motul-tekma-norma-20w50-aceite-mineral\\\/\",\"url\":\"https:\\\/\\\/lubrimas.pe\\\/tienda\\\/aceite-de-motor\\\/motul-tekma-norma-20w50-aceite-mineral\\\/\",\"name\":\"MOTUL TEKMA NORMA+ 20W50 - Aceite mineral | Lubrimas.pe | Tienda Online\",\"isPartOf\":{\"@id\":\"https:\\\/\\\/lubrimas.pe\\\/tienda\\\/#website\"},\"primaryImageOfPage\":{\"@id\":\"https:\\\/\\\/lubrimas.pe\\\/tienda\\\/aceite-de-motor\\\/motul-tekma-norma-20w50-aceite-mineral\\\/#primaryimage\"},\"image\":{\"@id\":\"https:\\\/\\\/lubrimas.pe\\\/tienda\\\/aceite-de-motor\\\/motul-tekma-norma-20w50-aceite-mineral\\\/#primaryimage\"},\"thumbnailUrl\":\"https:\\\/\\\/lubrimas.pe\\\/tienda\\\/wp-content\\\/uploads\\\/sites\\\/3\\\/2023\\\/10\\\/Lubrimasperu-aceite-motul-tekma-norma-20w50-galon-5-litros-lima-peru.webp\",\"datePublished\":\"2023-10-27T14:35:52+00:00\",\"dateModified\":\"2025-08-18T17:34:33+00:00\",\"breadcrumb\":{\"@id\":\"https:\\\/\\\/lubrimas.pe\\\/tienda\\\/aceite-de-motor\\\/motul-tekma-norma-20w50-aceite-mineral\\\/#breadcrumb\"},\"inLanguage\":\"es\",\"potentialAction\":[{\"@type\":\"ReadAction\",\"target\":[\"https:\\\/\\\/lubrimas.pe\\\/tienda\\\/aceite-de-motor\\\/motul-tekma-norma-20w50-aceite-mineral\\\/\"]}]},{\"@type\":\"ImageObject\",\"inLanguage\":\"es\",\"@id\":\"https:\\\/\\\/lubrimas.pe\\\/tienda\\\/aceite-de-motor\\\/motul-tekma-norma-20w50-aceite-mineral\\\/#primaryimage\",\"url\":\"https:\\\/\\\/lubrimas.pe\\\/tienda\\\/wp-content\\\/uploads\\\/sites\\\/3\\\/2023\\\/10\\\/Lubrimasperu-aceite-motul-tekma-norma-20w50-galon-5-litros-lima-peru.webp\",\"contentUrl\":\"https:\\\/\\\/lubrimas.pe\\\/tienda\\\/wp-content\\\/uploads\\\/sites\\\/3\\\/2023\\\/10\\\/Lubrimasperu-aceite-motul-tekma-norma-20w50-galon-5-litros-lima-peru.webp\",\"width\":850,\"height\":1000},{\"@type\":\"BreadcrumbList\",\"@id\":\"https:\\\/\\\/lubrimas.pe\\\/tienda\\\/aceite-de-motor\\\/motul-tekma-norma-20w50-aceite-mineral\\\/#breadcrumb\",\"itemListElement\":[{\"@type\":\"ListItem\",\"position\":1,\"name\":\"Portada\",\"item\":\"https:\\\/\\\/lubrimas.pe\\\/tienda\\\/\"},{\"@type\":\"ListItem\",\"position\":2,\"name\":\"Cat\u00e1logo\",\"item\":\"https:\\\/\\\/lubrimas.pe\\\/tienda\\\/productos\\\/\"},{\"@type\":\"ListItem\",\"position\":3,\"name\":\"MOTUL TEKMA NORMA+ 20W50 &#8211; Aceite mineral\"}]},{\"@type\":\"WebSite\",\"@id\":\"https:\\\/\\\/lubrimas.pe\\\/tienda\\\/#website\",\"url\":\"https:\\\/\\\/lubrimas.pe\\\/tienda\\\/\",\"name\":\"Lubrimas.pe | Tienda Online\",\"description\":\"Tus lubricantes favoritos al mejor precio!\",\"publisher\":{\"@id\":\"https:\\\/\\\/lubrimas.pe\\\/tienda\\\/#organization\"},\"potentialAction\":[{\"@type\":\"SearchAction\",\"target\":{\"@type\":\"EntryPoint\",\"urlTemplate\":\"https:\\\/\\\/lubrimas.pe\\\/tienda\\\/?s={search_term_string}\"},\"query-input\":{\"@type\":\"PropertyValueSpecification\",\"valueRequired\":true,\"valueName\":\"search_term_string\"}}],\"inLanguage\":\"es\"},{\"@type\":\"Organization\",\"@id\":\"https:\\\/\\\/lubrimas.pe\\\/tienda\\\/#organization\",\"name\":\"Lubrimas.pe\",\"url\":\"https:\\\/\\\/lubrimas.pe\\\/tienda\\\/\",\"logo\":{\"@type\":\"ImageObject\",\"inLanguage\":\"es\",\"@id\":\"https:\\\/\\\/lubrimas.pe\\\/tienda\\\/#\\\/schema\\\/logo\\\/image\\\/\",\"url\":\"https:\\\/\\\/lubrimas.pe\\\/tienda\\\/wp-content\\\/uploads\\\/sites\\\/3\\\/2022\\\/07\\\/BANNERS-PROMO-CYBER-WOW-LUBRIMASPE-2022-07.webp\",\"contentUrl\":\"https:\\\/\\\/lubrimas.pe\\\/tienda\\\/wp-content\\\/uploads\\\/sites\\\/3\\\/2022\\\/07\\\/BANNERS-PROMO-CYBER-WOW-LUBRIMASPE-2022-07.webp\",\"width\":500,\"height\":752,\"caption\":\"Lubrimas.pe\"},\"image\":{\"@id\":\"https:\\\/\\\/lubrimas.pe\\\/tienda\\\/#\\\/schema\\\/logo\\\/image\\\/\"}}]}<\/script>\n<!-- \/ Yoast SEO plugin. -->","yoast_head_json":{"title":"MOTUL TEKMA NORMA+ 20W50 - Aceite mineral | Lubrimas.pe | Tienda Online","robots":{"index":"index","follow":"follow","max-snippet":"max-snippet:-1","max-image-preview":"max-image-preview:large","max-video-preview":"max-video-preview:-1"},"canonical":"https:\/\/lubrimas.pe\/tienda\/aceite-de-motor\/motul-tekma-norma-20w50-aceite-mineral\/","og_locale":"es_ES","og_type":"article","og_title":"MOTUL TEKMA NORMA+ 20W50 - Aceite mineral | Lubrimas.pe | Tienda Online","og_description":"MOTUL TEKMA NORMA+ 20W50 es un lubricante para todo tipo de motores di\u00e9sel atmosf\u00e9ricos o turboalimentados, que funcionan en climas c\u00e1lidos, para los que el fabricante exige las recomendaciones API","og_url":"https:\/\/lubrimas.pe\/tienda\/aceite-de-motor\/motul-tekma-norma-20w50-aceite-mineral\/","og_site_name":"Lubrimas.pe | Tienda Online","article_modified_time":"2025-08-18T17:34:33+00:00","og_image":[{"width":850,"height":1000,"url":"https:\/\/lubrimas.pe\/tienda\/wp-content\/uploads\/sites\/3\/2023\/10\/Lubrimasperu-aceite-motul-tekma-norma-20w50-galon-5-litros-lima-peru.webp","type":"image\/webp"}],"twitter_card":"summary_large_image","twitter_misc":{"Tiempo de lectura":"1 minuto"},"schema":{"@context":"https:\/\/schema.org","@graph":[{"@type":["WebPage","ItemPage"],"@id":"https:\/\/lubrimas.pe\/tienda\/aceite-de-motor\/motul-tekma-norma-20w50-aceite-mineral\/","url":"https:\/\/lubrimas.pe\/tienda\/aceite-de-motor\/motul-tekma-norma-20w50-aceite-mineral\/","name":"MOTUL TEKMA NORMA+ 20W50 - Aceite mineral | Lubrimas.pe | Tienda Online","isPartOf":{"@id":"https:\/\/lubrimas.pe\/tienda\/#website"},"primaryImageOfPage":{"@id":"https:\/\/lubrimas.pe\/tienda\/aceite-de-motor\/motul-tekma-norma-20w50-aceite-mineral\/#primaryimage"},"image":{"@id":"https:\/\/lubrimas.pe\/tienda\/aceite-de-motor\/motul-tekma-norma-20w50-aceite-mineral\/#primaryimage"},"thumbnailUrl":"https:\/\/lubrimas.pe\/tienda\/wp-content\/uploads\/sites\/3\/2023\/10\/Lubrimasperu-aceite-motul-tekma-norma-20w50-galon-5-litros-lima-peru.webp","datePublished":"2023-10-27T14:35:52+00:00","dateModified":"2025-08-18T17:34:33+00:00","breadcrumb":{"@id":"https:\/\/lubrimas.pe\/tienda\/aceite-de-motor\/motul-tekma-norma-20w50-aceite-mineral\/#breadcrumb"},"inLanguage":"es","potentialAction":[{"@type":"ReadAction","target":["https:\/\/lubrimas.pe\/tienda\/aceite-de-motor\/motul-tekma-norma-20w50-aceite-mineral\/"]}]},{"@type":"ImageObject","inLanguage":"es","@id":"https:\/\/lubrimas.pe\/tienda\/aceite-de-motor\/motul-tekma-norma-20w50-aceite-mineral\/#primaryimage","url":"https:\/\/lubrimas.pe\/tienda\/wp-content\/uploads\/sites\/3\/2023\/10\/Lubrimasperu-aceite-motul-tekma-norma-20w50-galon-5-litros-lima-peru.webp","contentUrl":"https:\/\/lubrimas.pe\/tienda\/wp-content\/uploads\/sites\/3\/2023\/10\/Lubrimasperu-aceite-motul-tekma-norma-20w50-galon-5-litros-lima-peru.webp","width":850,"height":1000},{"@type":"BreadcrumbList","@id":"https:\/\/lubrimas.pe\/tienda\/aceite-de-motor\/motul-tekma-norma-20w50-aceite-mineral\/#breadcrumb","itemListElement":[{"@type":"ListItem","position":1,"name":"Portada","item":"https:\/\/lubrimas.pe\/tienda\/"},{"@type":"ListItem","position":2,"name":"Cat\u00e1logo","item":"https:\/\/lubrimas.pe\/tienda\/productos\/"},{"@type":"ListItem","position":3,"name":"MOTUL TEKMA NORMA+ 20W50 &#8211; Aceite mineral"}]},{"@type":"WebSite","@id":"https:\/\/lubrimas.pe\/tienda\/#website","url":"https:\/\/lubrimas.pe\/tienda\/","name":"Lubrimas.pe | Tienda Online","description":"Tus lubricantes favoritos al mejor precio!","publisher":{"@id":"https:\/\/lubrimas.pe\/tienda\/#organization"},"potentialAction":[{"@type":"SearchAction","target":{"@type":"EntryPoint","urlTemplate":"https:\/\/lubrimas.pe\/tienda\/?s={search_term_string}"},"query-input":{"@type":"PropertyValueSpecification","valueRequired":true,"valueName":"search_term_string"}}],"inLanguage":"es"},{"@type":"Organization","@id":"https:\/\/lubrimas.pe\/tienda\/#organization","name":"Lubrimas.pe","url":"https:\/\/lubrimas.pe\/tienda\/","logo":{"@type":"ImageObject","inLanguage":"es","@id":"https:\/\/lubrimas.pe\/tienda\/#\/schema\/logo\/image\/","url":"https:\/\/lubrimas.pe\/tienda\/wp-content\/uploads\/sites\/3\/2022\/07\/BANNERS-PROMO-CYBER-WOW-LUBRIMASPE-2022-07.webp","contentUrl":"https:\/\/lubrimas.pe\/tienda\/wp-content\/uploads\/sites\/3\/2022\/07\/BANNERS-PROMO-CYBER-WOW-LUBRIMASPE-2022-07.webp","width":500,"height":752,"caption":"Lubrimas.pe"},"image":{"@id":"https:\/\/lubrimas.pe\/tienda\/#\/schema\/logo\/image\/"}}]}},"_links":{"self":[{"href":"https:\/\/lubrimas.pe\/tienda\/wp-json\/wp\/v2\/product\/13555","targetHints":{"allow":["GET"]}}],"collection":[{"href":"https:\/\/lubrimas.pe\/tienda\/wp-json\/wp\/v2\/product"}],"about":[{"href":"https:\/\/lubrimas.pe\/tienda\/wp-json\/wp\/v2\/types\/product"}],"wp:featuredmedia":[{"embeddable":true,"href":"https:\/\/lubrimas.pe\/tienda\/wp-json\/wp\/v2\/media\/13558"}],"wp:attachment":[{"href":"https:\/\/lubrimas.pe\/tienda\/wp-json\/wp\/v2\/media?parent=13555"}],"wp:term":[{"taxonomy":"product_brand","embeddable":true,"href":"https:\/\/lubrimas.pe\/tienda\/wp-json\/wp\/v2\/product_brand?post=13555"},{"taxonomy":"product_cat","embeddable":true,"href":"https:\/\/lubrimas.pe\/tienda\/wp-json\/wp\/v2\/product_cat?post=13555"},{"taxonomy":"product_tag","embeddable":true,"href":"https:\/\/lubrimas.pe\/tienda\/wp-json\/wp\/v2\/product_tag?post=13555"}],"curies":[{"name":"wp","href":"https:\/\/api.w.org\/{rel}","templated":true}]}}