{"id":13748,"date":"2024-01-20T09:57:54","date_gmt":"2024-01-20T14:57:54","guid":{"rendered":"https:\/\/lubrimas.pe\/tienda\/?post_type=product&#038;p=13748"},"modified":"2025-08-18T14:08:35","modified_gmt":"2025-08-18T19:08:35","slug":"mannol-motor-flush-9900","status":"publish","type":"product","link":"https:\/\/lubrimas.pe\/tienda\/aceite-de-caja\/mannol-motor-flush-9900\/","title":{"rendered":"MANNOL Motor Flush 9900"},"content":{"rendered":"<p><strong>\u00bfNECESITA UN LAVADO DE MOTOR?\u00a0LIMPIADOR DE LAVADO DE MOTORES MANNOL 9900 300 ML.<\/strong><\/p>\n<p class=\"allg_beschreibung\">MANNOL Lavado del motor 10 min.\u00a0Es un limpiador especial para la eliminaci\u00f3n de residuos, suciedad, barro y productos de desgaste de los componentes del motor.\u00a0Limpia el sistema de aceite y los filtros de aceite de las bombas de aceite.\u00a0Durante la limpieza, garantiza una lubricaci\u00f3n fiable que evita el desgaste de los componentes del motor.\u00a0Con la ayuda del aditivo especial Detergente-Dispersante, garantiza una eliminaci\u00f3n altamente eficaz y segura de los residuos de combusti\u00f3n.\u00a0Este producto es miscible con todos los aceites sint\u00e9ticos y minerales y puede utilizarse en todos los motores Otto y Diesel con o sin catalizador, con o sin turbocompresor.<\/p>\n<p>El contenido de una lata es suficiente para hasta 6 litros de aceite.\u00a0Agregue Motor Flush al aceite del motor a temperatura de funcionamiento antes de cambiar el aceite.\u00a0Despu\u00e9s de a\u00f1adir, dejar el motor en ralent\u00ed durante aprox.\u00a010 minutos.\u00a0Luego cambie el aceite y el filtro.\u00a0Motor Flush es compatible con todos los aceites de motor disponibles comercialmente.\u00a0No apto para motocicletas con embragues h\u00famedos.<\/p>\n<p><strong>Datos t\u00e9cnicos y descripci\u00f3n:<\/strong><\/p>\n<ul class=\"technische_daten\">\n<li>Cantidad de llenado de aceite suficiente de hasta 6 litros.<\/li>\n<li>A\u00f1adir antes del cambio de aceite.<\/li>\n<li>Compatible con todos los aceites de motor disponibles comercialmente.<\/li>\n<li>Limpia el sistema de aceite y las redes de filtrado de las bombas de aceite.\u00a0Durante el proceso de lavado, proporciona una lubricaci\u00f3n confiable, evitando el desgaste de las piezas del motor.\u00a0Gracias a la composici\u00f3n \u00fanica de los aditivos dispersantes de detergentes, garantiza una eliminaci\u00f3n altamente eficaz y segura de los dep\u00f3sitos de carb\u00f3n, incluso en la cabeza del pist\u00f3n.<\/li>\n<li>Elimina contaminantes tanto solubles en aceite como no solubles en aceite;<\/li>\n<li>La limpieza es suave para todas las piezas y componentes del motor y no los da\u00f1a.<\/li>\n<li>Neutral respecto a los sellos utilizados.<\/li>\n<li>Es miscible con todo tipo de aceites de motor (minerales, sint\u00e9ticos, etc.) y puede utilizarse para lavar todos los motores de gasolina y di\u00e9sel con o sin turbocompresor, con o sin sistema de limpieza de gases de escape.<\/li>\n<li>Totalmente retirado del sistema, junto con el aceite viejo.<\/li>\n<li>N\u00famero de fabricante: 9900.<\/li>\n<li>Fabricante: MANNOL.<\/li>\n<li>Cantidad de entrega: 300 ml.<\/li>\n<li>Contenido de entrega: 1 pieza de 300 ml es como se muestra en la imagen del producto.<\/li>\n<\/ul>\n","protected":false},"excerpt":{"rendered":"<p>\u00bfNECESITA UN LAVADO DE MOTOR?\u00a0LIMPIADOR DE LAVADO DE MOTORES MANNOL 9900 300 ML. MANNOL Lavado del motor 10 min.\u00a0Es un limpiador especial para la eliminaci\u00f3n de residuos, suciedad, barro y<\/p>\n","protected":false},"featured_media":13742,"template":"","meta":[],"product_brand":[],"product_cat":[27,32],"product_tag":[],"class_list":{"0":"post-13748","1":"product","2":"type-product","3":"status-publish","4":"has-post-thumbnail","6":"product_cat-aceite-de-caja","7":"product_cat-caja-automatica","8":"pa_engranaje-gl-4","9":"pa_engranaje-gl-5","10":"pa_marca-mannol","12":"first","13":"outofstock","14":"sale","15":"shipping-taxable","16":"purchasable","17":"product-type-variable","18":"has-default-attributes"},"yoast_head":"<!-- This site is optimized with the Yoast SEO plugin v27.4 - https:\/\/yoast.com\/product\/yoast-seo-wordpress\/ -->\n<title>MANNOL Motor Flush 9900 | Lubrimas.pe | Tienda Online<\/title>\n<meta name=\"robots\" content=\"index, follow, max-snippet:-1, max-image-preview:large, max-video-preview:-1\" \/>\n<link rel=\"canonical\" href=\"https:\/\/lubrimas.pe\/tienda\/aceite-de-caja\/mannol-motor-flush-9900\/\" \/>\n<meta property=\"og:locale\" content=\"es_ES\" \/>\n<meta property=\"og:type\" content=\"article\" \/>\n<meta property=\"og:title\" content=\"MANNOL Motor Flush 9900 | Lubrimas.pe | Tienda Online\" \/>\n<meta property=\"og:description\" content=\"\u00bfNECESITA UN LAVADO DE MOTOR?\u00a0LIMPIADOR DE LAVADO DE MOTORES MANNOL 9900 300 ML. MANNOL Lavado del motor 10 min.\u00a0Es un limpiador especial para la eliminaci\u00f3n de residuos, suciedad, barro y\" \/>\n<meta property=\"og:url\" content=\"https:\/\/lubrimas.pe\/tienda\/aceite-de-caja\/mannol-motor-flush-9900\/\" \/>\n<meta property=\"og:site_name\" content=\"Lubrimas.pe | Tienda Online\" \/>\n<meta property=\"article:modified_time\" content=\"2025-08-18T19:08:35+00:00\" \/>\n<meta property=\"og:image\" content=\"https:\/\/lubrimas.pe\/tienda\/wp-content\/uploads\/sites\/3\/2024\/01\/lubrimaspe-mannol-motor-flush-9900-300ml.webp\" \/>\n\t<meta property=\"og:image:width\" content=\"850\" \/>\n\t<meta property=\"og:image:height\" content=\"1000\" \/>\n\t<meta property=\"og:image:type\" content=\"image\/webp\" \/>\n<meta name=\"twitter:card\" content=\"summary_large_image\" \/>\n<meta name=\"twitter:label1\" content=\"Tiempo de lectura\" \/>\n\t<meta name=\"twitter:data1\" content=\"1 minuto\" \/>\n<script type=\"application\/ld+json\" class=\"yoast-schema-graph\">{\"@context\":\"https:\\\/\\\/schema.org\",\"@graph\":[{\"@type\":[\"WebPage\",\"ItemPage\"],\"@id\":\"https:\\\/\\\/lubrimas.pe\\\/tienda\\\/aceite-de-caja\\\/mannol-motor-flush-9900\\\/\",\"url\":\"https:\\\/\\\/lubrimas.pe\\\/tienda\\\/aceite-de-caja\\\/mannol-motor-flush-9900\\\/\",\"name\":\"MANNOL Motor Flush 9900 | Lubrimas.pe | Tienda Online\",\"isPartOf\":{\"@id\":\"https:\\\/\\\/lubrimas.pe\\\/tienda\\\/#website\"},\"primaryImageOfPage\":{\"@id\":\"https:\\\/\\\/lubrimas.pe\\\/tienda\\\/aceite-de-caja\\\/mannol-motor-flush-9900\\\/#primaryimage\"},\"image\":{\"@id\":\"https:\\\/\\\/lubrimas.pe\\\/tienda\\\/aceite-de-caja\\\/mannol-motor-flush-9900\\\/#primaryimage\"},\"thumbnailUrl\":\"https:\\\/\\\/lubrimas.pe\\\/tienda\\\/wp-content\\\/uploads\\\/sites\\\/3\\\/2024\\\/01\\\/lubrimaspe-mannol-motor-flush-9900-300ml.webp\",\"datePublished\":\"2024-01-20T14:57:54+00:00\",\"dateModified\":\"2025-08-18T19:08:35+00:00\",\"breadcrumb\":{\"@id\":\"https:\\\/\\\/lubrimas.pe\\\/tienda\\\/aceite-de-caja\\\/mannol-motor-flush-9900\\\/#breadcrumb\"},\"inLanguage\":\"es\",\"potentialAction\":[{\"@type\":\"ReadAction\",\"target\":[\"https:\\\/\\\/lubrimas.pe\\\/tienda\\\/aceite-de-caja\\\/mannol-motor-flush-9900\\\/\"]}]},{\"@type\":\"ImageObject\",\"inLanguage\":\"es\",\"@id\":\"https:\\\/\\\/lubrimas.pe\\\/tienda\\\/aceite-de-caja\\\/mannol-motor-flush-9900\\\/#primaryimage\",\"url\":\"https:\\\/\\\/lubrimas.pe\\\/tienda\\\/wp-content\\\/uploads\\\/sites\\\/3\\\/2024\\\/01\\\/lubrimaspe-mannol-motor-flush-9900-300ml.webp\",\"contentUrl\":\"https:\\\/\\\/lubrimas.pe\\\/tienda\\\/wp-content\\\/uploads\\\/sites\\\/3\\\/2024\\\/01\\\/lubrimaspe-mannol-motor-flush-9900-300ml.webp\",\"width\":850,\"height\":1000},{\"@type\":\"BreadcrumbList\",\"@id\":\"https:\\\/\\\/lubrimas.pe\\\/tienda\\\/aceite-de-caja\\\/mannol-motor-flush-9900\\\/#breadcrumb\",\"itemListElement\":[{\"@type\":\"ListItem\",\"position\":1,\"name\":\"Portada\",\"item\":\"https:\\\/\\\/lubrimas.pe\\\/tienda\\\/\"},{\"@type\":\"ListItem\",\"position\":2,\"name\":\"Cat\u00e1logo\",\"item\":\"https:\\\/\\\/lubrimas.pe\\\/tienda\\\/productos\\\/\"},{\"@type\":\"ListItem\",\"position\":3,\"name\":\"MANNOL Motor Flush 9900\"}]},{\"@type\":\"WebSite\",\"@id\":\"https:\\\/\\\/lubrimas.pe\\\/tienda\\\/#website\",\"url\":\"https:\\\/\\\/lubrimas.pe\\\/tienda\\\/\",\"name\":\"Lubrimas.pe | Tienda Online\",\"description\":\"Tus lubricantes favoritos al mejor precio!\",\"publisher\":{\"@id\":\"https:\\\/\\\/lubrimas.pe\\\/tienda\\\/#organization\"},\"potentialAction\":[{\"@type\":\"SearchAction\",\"target\":{\"@type\":\"EntryPoint\",\"urlTemplate\":\"https:\\\/\\\/lubrimas.pe\\\/tienda\\\/?s={search_term_string}\"},\"query-input\":{\"@type\":\"PropertyValueSpecification\",\"valueRequired\":true,\"valueName\":\"search_term_string\"}}],\"inLanguage\":\"es\"},{\"@type\":\"Organization\",\"@id\":\"https:\\\/\\\/lubrimas.pe\\\/tienda\\\/#organization\",\"name\":\"Lubrimas.pe\",\"url\":\"https:\\\/\\\/lubrimas.pe\\\/tienda\\\/\",\"logo\":{\"@type\":\"ImageObject\",\"inLanguage\":\"es\",\"@id\":\"https:\\\/\\\/lubrimas.pe\\\/tienda\\\/#\\\/schema\\\/logo\\\/image\\\/\",\"url\":\"https:\\\/\\\/lubrimas.pe\\\/tienda\\\/wp-content\\\/uploads\\\/sites\\\/3\\\/2022\\\/07\\\/BANNERS-PROMO-CYBER-WOW-LUBRIMASPE-2022-07.webp\",\"contentUrl\":\"https:\\\/\\\/lubrimas.pe\\\/tienda\\\/wp-content\\\/uploads\\\/sites\\\/3\\\/2022\\\/07\\\/BANNERS-PROMO-CYBER-WOW-LUBRIMASPE-2022-07.webp\",\"width\":500,\"height\":752,\"caption\":\"Lubrimas.pe\"},\"image\":{\"@id\":\"https:\\\/\\\/lubrimas.pe\\\/tienda\\\/#\\\/schema\\\/logo\\\/image\\\/\"}}]}<\/script>\n<!-- \/ Yoast SEO plugin. -->","yoast_head_json":{"title":"MANNOL Motor Flush 9900 | Lubrimas.pe | Tienda Online","robots":{"index":"index","follow":"follow","max-snippet":"max-snippet:-1","max-image-preview":"max-image-preview:large","max-video-preview":"max-video-preview:-1"},"canonical":"https:\/\/lubrimas.pe\/tienda\/aceite-de-caja\/mannol-motor-flush-9900\/","og_locale":"es_ES","og_type":"article","og_title":"MANNOL Motor Flush 9900 | Lubrimas.pe | Tienda Online","og_description":"\u00bfNECESITA UN LAVADO DE MOTOR?\u00a0LIMPIADOR DE LAVADO DE MOTORES MANNOL 9900 300 ML. MANNOL Lavado del motor 10 min.\u00a0Es un limpiador especial para la eliminaci\u00f3n de residuos, suciedad, barro y","og_url":"https:\/\/lubrimas.pe\/tienda\/aceite-de-caja\/mannol-motor-flush-9900\/","og_site_name":"Lubrimas.pe | Tienda Online","article_modified_time":"2025-08-18T19:08:35+00:00","og_image":[{"width":850,"height":1000,"url":"https:\/\/lubrimas.pe\/tienda\/wp-content\/uploads\/sites\/3\/2024\/01\/lubrimaspe-mannol-motor-flush-9900-300ml.webp","type":"image\/webp"}],"twitter_card":"summary_large_image","twitter_misc":{"Tiempo de lectura":"1 minuto"},"schema":{"@context":"https:\/\/schema.org","@graph":[{"@type":["WebPage","ItemPage"],"@id":"https:\/\/lubrimas.pe\/tienda\/aceite-de-caja\/mannol-motor-flush-9900\/","url":"https:\/\/lubrimas.pe\/tienda\/aceite-de-caja\/mannol-motor-flush-9900\/","name":"MANNOL Motor Flush 9900 | Lubrimas.pe | Tienda Online","isPartOf":{"@id":"https:\/\/lubrimas.pe\/tienda\/#website"},"primaryImageOfPage":{"@id":"https:\/\/lubrimas.pe\/tienda\/aceite-de-caja\/mannol-motor-flush-9900\/#primaryimage"},"image":{"@id":"https:\/\/lubrimas.pe\/tienda\/aceite-de-caja\/mannol-motor-flush-9900\/#primaryimage"},"thumbnailUrl":"https:\/\/lubrimas.pe\/tienda\/wp-content\/uploads\/sites\/3\/2024\/01\/lubrimaspe-mannol-motor-flush-9900-300ml.webp","datePublished":"2024-01-20T14:57:54+00:00","dateModified":"2025-08-18T19:08:35+00:00","breadcrumb":{"@id":"https:\/\/lubrimas.pe\/tienda\/aceite-de-caja\/mannol-motor-flush-9900\/#breadcrumb"},"inLanguage":"es","potentialAction":[{"@type":"ReadAction","target":["https:\/\/lubrimas.pe\/tienda\/aceite-de-caja\/mannol-motor-flush-9900\/"]}]},{"@type":"ImageObject","inLanguage":"es","@id":"https:\/\/lubrimas.pe\/tienda\/aceite-de-caja\/mannol-motor-flush-9900\/#primaryimage","url":"https:\/\/lubrimas.pe\/tienda\/wp-content\/uploads\/sites\/3\/2024\/01\/lubrimaspe-mannol-motor-flush-9900-300ml.webp","contentUrl":"https:\/\/lubrimas.pe\/tienda\/wp-content\/uploads\/sites\/3\/2024\/01\/lubrimaspe-mannol-motor-flush-9900-300ml.webp","width":850,"height":1000},{"@type":"BreadcrumbList","@id":"https:\/\/lubrimas.pe\/tienda\/aceite-de-caja\/mannol-motor-flush-9900\/#breadcrumb","itemListElement":[{"@type":"ListItem","position":1,"name":"Portada","item":"https:\/\/lubrimas.pe\/tienda\/"},{"@type":"ListItem","position":2,"name":"Cat\u00e1logo","item":"https:\/\/lubrimas.pe\/tienda\/productos\/"},{"@type":"ListItem","position":3,"name":"MANNOL Motor Flush 9900"}]},{"@type":"WebSite","@id":"https:\/\/lubrimas.pe\/tienda\/#website","url":"https:\/\/lubrimas.pe\/tienda\/","name":"Lubrimas.pe | Tienda Online","description":"Tus lubricantes favoritos al mejor precio!","publisher":{"@id":"https:\/\/lubrimas.pe\/tienda\/#organization"},"potentialAction":[{"@type":"SearchAction","target":{"@type":"EntryPoint","urlTemplate":"https:\/\/lubrimas.pe\/tienda\/?s={search_term_string}"},"query-input":{"@type":"PropertyValueSpecification","valueRequired":true,"valueName":"search_term_string"}}],"inLanguage":"es"},{"@type":"Organization","@id":"https:\/\/lubrimas.pe\/tienda\/#organization","name":"Lubrimas.pe","url":"https:\/\/lubrimas.pe\/tienda\/","logo":{"@type":"ImageObject","inLanguage":"es","@id":"https:\/\/lubrimas.pe\/tienda\/#\/schema\/logo\/image\/","url":"https:\/\/lubrimas.pe\/tienda\/wp-content\/uploads\/sites\/3\/2022\/07\/BANNERS-PROMO-CYBER-WOW-LUBRIMASPE-2022-07.webp","contentUrl":"https:\/\/lubrimas.pe\/tienda\/wp-content\/uploads\/sites\/3\/2022\/07\/BANNERS-PROMO-CYBER-WOW-LUBRIMASPE-2022-07.webp","width":500,"height":752,"caption":"Lubrimas.pe"},"image":{"@id":"https:\/\/lubrimas.pe\/tienda\/#\/schema\/logo\/image\/"}}]}},"_links":{"self":[{"href":"https:\/\/lubrimas.pe\/tienda\/wp-json\/wp\/v2\/product\/13748","targetHints":{"allow":["GET"]}}],"collection":[{"href":"https:\/\/lubrimas.pe\/tienda\/wp-json\/wp\/v2\/product"}],"about":[{"href":"https:\/\/lubrimas.pe\/tienda\/wp-json\/wp\/v2\/types\/product"}],"wp:featuredmedia":[{"embeddable":true,"href":"https:\/\/lubrimas.pe\/tienda\/wp-json\/wp\/v2\/media\/13742"}],"wp:attachment":[{"href":"https:\/\/lubrimas.pe\/tienda\/wp-json\/wp\/v2\/media?parent=13748"}],"wp:term":[{"taxonomy":"product_brand","embeddable":true,"href":"https:\/\/lubrimas.pe\/tienda\/wp-json\/wp\/v2\/product_brand?post=13748"},{"taxonomy":"product_cat","embeddable":true,"href":"https:\/\/lubrimas.pe\/tienda\/wp-json\/wp\/v2\/product_cat?post=13748"},{"taxonomy":"product_tag","embeddable":true,"href":"https:\/\/lubrimas.pe\/tienda\/wp-json\/wp\/v2\/product_tag?post=13748"}],"curies":[{"name":"wp","href":"https:\/\/api.w.org\/{rel}","templated":true}]}}