{"id":14255,"date":"2024-11-28T16:22:28","date_gmt":"2024-11-28T21:22:28","guid":{"rendered":"https:\/\/lubrimas.pe\/tienda\/?post_type=product&#038;p=14255"},"modified":"2024-11-30T10:07:47","modified_gmt":"2024-11-30T15:07:47","slug":"motul-8100-5w40-x-clean-gen2-aceite-full-sintetico","status":"publish","type":"product","link":"https:\/\/lubrimas.pe\/tienda\/aceite-de-motor\/motul-8100-5w40-x-clean-gen2-aceite-full-sintetico\/","title":{"rendered":"MOTUL 8100 5W40 X-CLEAN GEN2 &#8211; Aceite Full Sint\u00e9tico"},"content":{"rendered":"<p><strong>MOTUL 8100 5W40 X-CLEAN GEN2<\/strong> es un lubricante de altas prestaciones 100% sint\u00e9tico, aprobado por numerosos fabricantes de autom\u00f3viles. Especialmente dise\u00f1ado para los veh\u00edculos de \u00faltima generaci\u00f3n, equipados con motores Gasolina y turbo Di\u00e9sel inyecci\u00f3n directa que respondan a normas anticontaminantes EURO 4, 5 o 6, exigiendo un lubricante ACEA C3, es decir alto HTHS (&gt;3.5 mPa.s) y &#8220;MID SAPS&#8221;, de medio contenido en ceniza sulfatada (\u22640.8%), fosforo (\u22650.07 x \u2264 0.09 %) y azufre (\u2264 0.3%).Compatible con sistemas de post tratamiento y filtros de part\u00edculas (FAP).Antes de su utilizaci\u00f3n, siempre consultar el manual de mantenimiento del veh\u00edculo.<\/p>\n<ul>\n<li class=\"columns small-6 medium-3\"><strong>VISCOSIDAD:<\/strong> 5W-40<\/li>\n<li class=\"columns small-6 medium-3\"><strong>NORMATIVAS ACEA:<\/strong> ACEA C3<\/li>\n<li class=\"columns small-6 medium-3\"><strong>NORMATIVAS API:<\/strong> API SERVICE SP<\/li>\n<li class=\"columns small-6 medium-3\"><strong>HOMOLOGACIONES OEM:<\/strong>BMW LL-04, MERCEDES-BENZ MB-Approval 226.5, MERCEDES-BENZ MB-Approval 229.52, RENAULT RN0710 &#8211; RN0700<\/li>\n<li class=\"columns small-6 medium-3\"><strong>OEM PERFORMANCES:<\/strong>OV 040 1547 &#8211; G40, OV 040 1547 &#8211; D40<\/li>\n<\/ul>\n<blockquote><p>Recomendado para: HONDA, MITSUBISHI, NISSAN, SUZUKI, SSANGYONG, HYUNDAI, KIA<\/p><\/blockquote>\n<h5><strong>INFORMACI\u00d3N ADICIONAL<\/strong><\/h5>\n<div class=\"aditional-info-tecnical-lp\"><a href=\"https:\/\/azupim01.motul.com\/media\/motulData\/DO\/base\/8100_x-clean_g2_5w40_es_es_motul_20200121.pdf\" target=\"_blank\" rel=\"noopener\">FICHA T\u00c9CNICA<\/a><br \/>\n<a href=\"https:\/\/www.motul.com\/es-ES\/products\/17702?product=MOTUL+8100+X-CLEAN+GEN2+5W-40\" target=\"_blank\" rel=\"noopener\">SITIO OFICIAL<\/a><\/div>\n<p>&nbsp;<\/p>\n<blockquote>\n<div>XCLEAN, X-CLEAN, X CLEAN, EX CLIN<\/div>\n<\/blockquote>\n","protected":false},"excerpt":{"rendered":"<p>MOTUL 8100 5W40 X-CLEAN GEN2 es un lubricante de altas prestaciones 100% sint\u00e9tico, aprobado por numerosos fabricantes de autom\u00f3viles. Especialmente dise\u00f1ado para los veh\u00edculos de \u00faltima generaci\u00f3n, equipados con motores<\/p>\n","protected":false},"featured_media":14257,"template":"","meta":[],"product_brand":[],"product_cat":[16,22],"product_tag":[],"class_list":{"0":"post-14255","1":"product","2":"type-product","3":"status-publish","4":"has-post-thumbnail","6":"product_cat-aceite-de-motor","7":"product_cat-motor-gasolina-gas","8":"pa_grado-5w40","9":"pa_marca-motul","11":"first","12":"instock","13":"shipping-taxable","14":"purchasable","15":"product-type-variable","16":"has-default-attributes"},"yoast_head":"<!-- This site is optimized with the Yoast SEO plugin v27.4 - https:\/\/yoast.com\/product\/yoast-seo-wordpress\/ -->\n<title>MOTUL 8100 5W40 X-CLEAN GEN2 - Aceite Full Sint\u00e9tico | Lubrimas.pe | Tienda Online<\/title>\n<meta name=\"robots\" content=\"index, follow, max-snippet:-1, max-image-preview:large, max-video-preview:-1\" \/>\n<link rel=\"canonical\" href=\"https:\/\/lubrimas.pe\/tienda\/aceite-de-motor\/motul-8100-5w40-x-clean-gen2-aceite-full-sintetico\/\" \/>\n<meta property=\"og:locale\" content=\"es_ES\" \/>\n<meta property=\"og:type\" content=\"article\" \/>\n<meta property=\"og:title\" content=\"MOTUL 8100 5W40 X-CLEAN GEN2 - Aceite Full Sint\u00e9tico | Lubrimas.pe | Tienda Online\" \/>\n<meta property=\"og:description\" content=\"MOTUL 8100 5W40 X-CLEAN GEN2 es un lubricante de altas prestaciones 100% sint\u00e9tico, aprobado por numerosos fabricantes de autom\u00f3viles. Especialmente dise\u00f1ado para los veh\u00edculos de \u00faltima generaci\u00f3n, equipados con motores\" \/>\n<meta property=\"og:url\" content=\"https:\/\/lubrimas.pe\/tienda\/aceite-de-motor\/motul-8100-5w40-x-clean-gen2-aceite-full-sintetico\/\" \/>\n<meta property=\"og:site_name\" content=\"Lubrimas.pe | Tienda Online\" \/>\n<meta property=\"article:modified_time\" content=\"2024-11-30T15:07:47+00:00\" \/>\n<meta property=\"og:image\" content=\"https:\/\/lubrimas.pe\/tienda\/wp-content\/uploads\/sites\/3\/2024\/11\/lubrimaspe-lubrimasperu-aceite-de-motor-motul-z-clean-gen-2-5w40-c3-api-sp-galon-5l-litros-losolivos-lima-peru.webp\" \/>\n\t<meta property=\"og:image:width\" content=\"850\" \/>\n\t<meta property=\"og:image:height\" content=\"1000\" \/>\n\t<meta property=\"og:image:type\" content=\"image\/webp\" \/>\n<meta name=\"twitter:card\" content=\"summary_large_image\" \/>\n<meta name=\"twitter:label1\" content=\"Tiempo de lectura\" \/>\n\t<meta name=\"twitter:data1\" content=\"1 minuto\" \/>\n<script type=\"application\/ld+json\" class=\"yoast-schema-graph\">{\"@context\":\"https:\\\/\\\/schema.org\",\"@graph\":[{\"@type\":[\"WebPage\",\"ItemPage\"],\"@id\":\"https:\\\/\\\/lubrimas.pe\\\/tienda\\\/aceite-de-motor\\\/motul-8100-5w40-x-clean-gen2-aceite-full-sintetico\\\/\",\"url\":\"https:\\\/\\\/lubrimas.pe\\\/tienda\\\/aceite-de-motor\\\/motul-8100-5w40-x-clean-gen2-aceite-full-sintetico\\\/\",\"name\":\"MOTUL 8100 5W40 X-CLEAN GEN2 - Aceite Full Sint\u00e9tico | Lubrimas.pe | Tienda Online\",\"isPartOf\":{\"@id\":\"https:\\\/\\\/lubrimas.pe\\\/tienda\\\/#website\"},\"primaryImageOfPage\":{\"@id\":\"https:\\\/\\\/lubrimas.pe\\\/tienda\\\/aceite-de-motor\\\/motul-8100-5w40-x-clean-gen2-aceite-full-sintetico\\\/#primaryimage\"},\"image\":{\"@id\":\"https:\\\/\\\/lubrimas.pe\\\/tienda\\\/aceite-de-motor\\\/motul-8100-5w40-x-clean-gen2-aceite-full-sintetico\\\/#primaryimage\"},\"thumbnailUrl\":\"https:\\\/\\\/lubrimas.pe\\\/tienda\\\/wp-content\\\/uploads\\\/sites\\\/3\\\/2024\\\/11\\\/lubrimaspe-lubrimasperu-aceite-de-motor-motul-z-clean-gen-2-5w40-c3-api-sp-galon-5l-litros-losolivos-lima-peru.webp\",\"datePublished\":\"2024-11-28T21:22:28+00:00\",\"dateModified\":\"2024-11-30T15:07:47+00:00\",\"breadcrumb\":{\"@id\":\"https:\\\/\\\/lubrimas.pe\\\/tienda\\\/aceite-de-motor\\\/motul-8100-5w40-x-clean-gen2-aceite-full-sintetico\\\/#breadcrumb\"},\"inLanguage\":\"es\",\"potentialAction\":[{\"@type\":\"ReadAction\",\"target\":[\"https:\\\/\\\/lubrimas.pe\\\/tienda\\\/aceite-de-motor\\\/motul-8100-5w40-x-clean-gen2-aceite-full-sintetico\\\/\"]}]},{\"@type\":\"ImageObject\",\"inLanguage\":\"es\",\"@id\":\"https:\\\/\\\/lubrimas.pe\\\/tienda\\\/aceite-de-motor\\\/motul-8100-5w40-x-clean-gen2-aceite-full-sintetico\\\/#primaryimage\",\"url\":\"https:\\\/\\\/lubrimas.pe\\\/tienda\\\/wp-content\\\/uploads\\\/sites\\\/3\\\/2024\\\/11\\\/lubrimaspe-lubrimasperu-aceite-de-motor-motul-z-clean-gen-2-5w40-c3-api-sp-galon-5l-litros-losolivos-lima-peru.webp\",\"contentUrl\":\"https:\\\/\\\/lubrimas.pe\\\/tienda\\\/wp-content\\\/uploads\\\/sites\\\/3\\\/2024\\\/11\\\/lubrimaspe-lubrimasperu-aceite-de-motor-motul-z-clean-gen-2-5w40-c3-api-sp-galon-5l-litros-losolivos-lima-peru.webp\",\"width\":850,\"height\":1000},{\"@type\":\"BreadcrumbList\",\"@id\":\"https:\\\/\\\/lubrimas.pe\\\/tienda\\\/aceite-de-motor\\\/motul-8100-5w40-x-clean-gen2-aceite-full-sintetico\\\/#breadcrumb\",\"itemListElement\":[{\"@type\":\"ListItem\",\"position\":1,\"name\":\"Portada\",\"item\":\"https:\\\/\\\/lubrimas.pe\\\/tienda\\\/\"},{\"@type\":\"ListItem\",\"position\":2,\"name\":\"Cat\u00e1logo\",\"item\":\"https:\\\/\\\/lubrimas.pe\\\/tienda\\\/productos\\\/\"},{\"@type\":\"ListItem\",\"position\":3,\"name\":\"MOTUL 8100 5W40 X-CLEAN GEN2 &#8211; Aceite Full Sint\u00e9tico\"}]},{\"@type\":\"WebSite\",\"@id\":\"https:\\\/\\\/lubrimas.pe\\\/tienda\\\/#website\",\"url\":\"https:\\\/\\\/lubrimas.pe\\\/tienda\\\/\",\"name\":\"Lubrimas.pe | Tienda Online\",\"description\":\"Tus lubricantes favoritos al mejor precio!\",\"publisher\":{\"@id\":\"https:\\\/\\\/lubrimas.pe\\\/tienda\\\/#organization\"},\"potentialAction\":[{\"@type\":\"SearchAction\",\"target\":{\"@type\":\"EntryPoint\",\"urlTemplate\":\"https:\\\/\\\/lubrimas.pe\\\/tienda\\\/?s={search_term_string}\"},\"query-input\":{\"@type\":\"PropertyValueSpecification\",\"valueRequired\":true,\"valueName\":\"search_term_string\"}}],\"inLanguage\":\"es\"},{\"@type\":\"Organization\",\"@id\":\"https:\\\/\\\/lubrimas.pe\\\/tienda\\\/#organization\",\"name\":\"Lubrimas.pe\",\"url\":\"https:\\\/\\\/lubrimas.pe\\\/tienda\\\/\",\"logo\":{\"@type\":\"ImageObject\",\"inLanguage\":\"es\",\"@id\":\"https:\\\/\\\/lubrimas.pe\\\/tienda\\\/#\\\/schema\\\/logo\\\/image\\\/\",\"url\":\"https:\\\/\\\/lubrimas.pe\\\/tienda\\\/wp-content\\\/uploads\\\/sites\\\/3\\\/2022\\\/07\\\/BANNERS-PROMO-CYBER-WOW-LUBRIMASPE-2022-07.webp\",\"contentUrl\":\"https:\\\/\\\/lubrimas.pe\\\/tienda\\\/wp-content\\\/uploads\\\/sites\\\/3\\\/2022\\\/07\\\/BANNERS-PROMO-CYBER-WOW-LUBRIMASPE-2022-07.webp\",\"width\":500,\"height\":752,\"caption\":\"Lubrimas.pe\"},\"image\":{\"@id\":\"https:\\\/\\\/lubrimas.pe\\\/tienda\\\/#\\\/schema\\\/logo\\\/image\\\/\"}}]}<\/script>\n<!-- \/ Yoast SEO plugin. -->","yoast_head_json":{"title":"MOTUL 8100 5W40 X-CLEAN GEN2 - Aceite Full Sint\u00e9tico | Lubrimas.pe | Tienda Online","robots":{"index":"index","follow":"follow","max-snippet":"max-snippet:-1","max-image-preview":"max-image-preview:large","max-video-preview":"max-video-preview:-1"},"canonical":"https:\/\/lubrimas.pe\/tienda\/aceite-de-motor\/motul-8100-5w40-x-clean-gen2-aceite-full-sintetico\/","og_locale":"es_ES","og_type":"article","og_title":"MOTUL 8100 5W40 X-CLEAN GEN2 - Aceite Full Sint\u00e9tico | Lubrimas.pe | Tienda Online","og_description":"MOTUL 8100 5W40 X-CLEAN GEN2 es un lubricante de altas prestaciones 100% sint\u00e9tico, aprobado por numerosos fabricantes de autom\u00f3viles. Especialmente dise\u00f1ado para los veh\u00edculos de \u00faltima generaci\u00f3n, equipados con motores","og_url":"https:\/\/lubrimas.pe\/tienda\/aceite-de-motor\/motul-8100-5w40-x-clean-gen2-aceite-full-sintetico\/","og_site_name":"Lubrimas.pe | Tienda Online","article_modified_time":"2024-11-30T15:07:47+00:00","og_image":[{"width":850,"height":1000,"url":"https:\/\/lubrimas.pe\/tienda\/wp-content\/uploads\/sites\/3\/2024\/11\/lubrimaspe-lubrimasperu-aceite-de-motor-motul-z-clean-gen-2-5w40-c3-api-sp-galon-5l-litros-losolivos-lima-peru.webp","type":"image\/webp"}],"twitter_card":"summary_large_image","twitter_misc":{"Tiempo de lectura":"1 minuto"},"schema":{"@context":"https:\/\/schema.org","@graph":[{"@type":["WebPage","ItemPage"],"@id":"https:\/\/lubrimas.pe\/tienda\/aceite-de-motor\/motul-8100-5w40-x-clean-gen2-aceite-full-sintetico\/","url":"https:\/\/lubrimas.pe\/tienda\/aceite-de-motor\/motul-8100-5w40-x-clean-gen2-aceite-full-sintetico\/","name":"MOTUL 8100 5W40 X-CLEAN GEN2 - Aceite Full Sint\u00e9tico | Lubrimas.pe | Tienda Online","isPartOf":{"@id":"https:\/\/lubrimas.pe\/tienda\/#website"},"primaryImageOfPage":{"@id":"https:\/\/lubrimas.pe\/tienda\/aceite-de-motor\/motul-8100-5w40-x-clean-gen2-aceite-full-sintetico\/#primaryimage"},"image":{"@id":"https:\/\/lubrimas.pe\/tienda\/aceite-de-motor\/motul-8100-5w40-x-clean-gen2-aceite-full-sintetico\/#primaryimage"},"thumbnailUrl":"https:\/\/lubrimas.pe\/tienda\/wp-content\/uploads\/sites\/3\/2024\/11\/lubrimaspe-lubrimasperu-aceite-de-motor-motul-z-clean-gen-2-5w40-c3-api-sp-galon-5l-litros-losolivos-lima-peru.webp","datePublished":"2024-11-28T21:22:28+00:00","dateModified":"2024-11-30T15:07:47+00:00","breadcrumb":{"@id":"https:\/\/lubrimas.pe\/tienda\/aceite-de-motor\/motul-8100-5w40-x-clean-gen2-aceite-full-sintetico\/#breadcrumb"},"inLanguage":"es","potentialAction":[{"@type":"ReadAction","target":["https:\/\/lubrimas.pe\/tienda\/aceite-de-motor\/motul-8100-5w40-x-clean-gen2-aceite-full-sintetico\/"]}]},{"@type":"ImageObject","inLanguage":"es","@id":"https:\/\/lubrimas.pe\/tienda\/aceite-de-motor\/motul-8100-5w40-x-clean-gen2-aceite-full-sintetico\/#primaryimage","url":"https:\/\/lubrimas.pe\/tienda\/wp-content\/uploads\/sites\/3\/2024\/11\/lubrimaspe-lubrimasperu-aceite-de-motor-motul-z-clean-gen-2-5w40-c3-api-sp-galon-5l-litros-losolivos-lima-peru.webp","contentUrl":"https:\/\/lubrimas.pe\/tienda\/wp-content\/uploads\/sites\/3\/2024\/11\/lubrimaspe-lubrimasperu-aceite-de-motor-motul-z-clean-gen-2-5w40-c3-api-sp-galon-5l-litros-losolivos-lima-peru.webp","width":850,"height":1000},{"@type":"BreadcrumbList","@id":"https:\/\/lubrimas.pe\/tienda\/aceite-de-motor\/motul-8100-5w40-x-clean-gen2-aceite-full-sintetico\/#breadcrumb","itemListElement":[{"@type":"ListItem","position":1,"name":"Portada","item":"https:\/\/lubrimas.pe\/tienda\/"},{"@type":"ListItem","position":2,"name":"Cat\u00e1logo","item":"https:\/\/lubrimas.pe\/tienda\/productos\/"},{"@type":"ListItem","position":3,"name":"MOTUL 8100 5W40 X-CLEAN GEN2 &#8211; Aceite Full Sint\u00e9tico"}]},{"@type":"WebSite","@id":"https:\/\/lubrimas.pe\/tienda\/#website","url":"https:\/\/lubrimas.pe\/tienda\/","name":"Lubrimas.pe | Tienda Online","description":"Tus lubricantes favoritos al mejor precio!","publisher":{"@id":"https:\/\/lubrimas.pe\/tienda\/#organization"},"potentialAction":[{"@type":"SearchAction","target":{"@type":"EntryPoint","urlTemplate":"https:\/\/lubrimas.pe\/tienda\/?s={search_term_string}"},"query-input":{"@type":"PropertyValueSpecification","valueRequired":true,"valueName":"search_term_string"}}],"inLanguage":"es"},{"@type":"Organization","@id":"https:\/\/lubrimas.pe\/tienda\/#organization","name":"Lubrimas.pe","url":"https:\/\/lubrimas.pe\/tienda\/","logo":{"@type":"ImageObject","inLanguage":"es","@id":"https:\/\/lubrimas.pe\/tienda\/#\/schema\/logo\/image\/","url":"https:\/\/lubrimas.pe\/tienda\/wp-content\/uploads\/sites\/3\/2022\/07\/BANNERS-PROMO-CYBER-WOW-LUBRIMASPE-2022-07.webp","contentUrl":"https:\/\/lubrimas.pe\/tienda\/wp-content\/uploads\/sites\/3\/2022\/07\/BANNERS-PROMO-CYBER-WOW-LUBRIMASPE-2022-07.webp","width":500,"height":752,"caption":"Lubrimas.pe"},"image":{"@id":"https:\/\/lubrimas.pe\/tienda\/#\/schema\/logo\/image\/"}}]}},"_links":{"self":[{"href":"https:\/\/lubrimas.pe\/tienda\/wp-json\/wp\/v2\/product\/14255","targetHints":{"allow":["GET"]}}],"collection":[{"href":"https:\/\/lubrimas.pe\/tienda\/wp-json\/wp\/v2\/product"}],"about":[{"href":"https:\/\/lubrimas.pe\/tienda\/wp-json\/wp\/v2\/types\/product"}],"wp:featuredmedia":[{"embeddable":true,"href":"https:\/\/lubrimas.pe\/tienda\/wp-json\/wp\/v2\/media\/14257"}],"wp:attachment":[{"href":"https:\/\/lubrimas.pe\/tienda\/wp-json\/wp\/v2\/media?parent=14255"}],"wp:term":[{"taxonomy":"product_brand","embeddable":true,"href":"https:\/\/lubrimas.pe\/tienda\/wp-json\/wp\/v2\/product_brand?post=14255"},{"taxonomy":"product_cat","embeddable":true,"href":"https:\/\/lubrimas.pe\/tienda\/wp-json\/wp\/v2\/product_cat?post=14255"},{"taxonomy":"product_tag","embeddable":true,"href":"https:\/\/lubrimas.pe\/tienda\/wp-json\/wp\/v2\/product_tag?post=14255"}],"curies":[{"name":"wp","href":"https:\/\/api.w.org\/{rel}","templated":true}]}}