{"id":14279,"date":"2024-11-29T13:55:21","date_gmt":"2024-11-29T18:55:21","guid":{"rendered":"https:\/\/lubrimas.pe\/tienda\/?post_type=product&#038;p=14279"},"modified":"2026-03-14T11:16:53","modified_gmt":"2026-03-14T16:16:53","slug":"refrigerante-liqui-moly-kuhlerfrostschutz-kfs-12-anti-congelante","status":"publish","type":"product","link":"https:\/\/lubrimas.pe\/tienda\/refrigerantes\/refrigerante-liqui-moly-kuhlerfrostschutz-kfs-12-anti-congelante\/","title":{"rendered":"REFRIGERANTE LIQUI MOLY Coolant Ready Mix RAF 12+ | Listo para usar"},"content":{"rendered":"<div class=\"std\">\n<div class=\"std\">\n<div class=\"std\">\n<p><strong> LIQUI MOLY REFRIGERANTE Coolant Ready Mix RAF 12+<\/strong> es una mezcla lista para usar a base de etilenglicol. Combinaci\u00f3n de agentes activos con paquete de inhibidores OAT especialmente desarrollado para los modernos motores de aluminio de alto rendimiento. No contiene aminas, boratos, nitritos, fosfatos ni silicatos y ofrece una excelente protecci\u00f3n contra la congelaci\u00f3n, la corrosi\u00f3n y el sobrecalentamiento. Asegura el funcionamiento del veh\u00edculo durante todo el a\u00f1o.<\/p>\n<p><strong>LIQUI MOLY REFRIGERANTE Coolant Ready Mix RAF 12+ <\/strong>es apto para todos los sistemas de refrigeraci\u00f3n y motores, especialmente motores de aluminio de alto rendimiento de turismos, veh\u00edculos industriales, motocicletas, autobuses y maquinaria agr\u00edcola, as\u00ed como para motores y unidades estacionarios que requieran una protecci\u00f3n del sistema refrigerante de esta calidad. Especialmente adecuado para motores de \u00faltima generaci\u00f3n.<\/p>\n<h5><strong>APLICACI\u00d3N \/ RECOMENDACIONES DE USO<\/strong><\/h5>\n<p>Limpiar el sistema de refrigeraci\u00f3n con el <strong><a href=\"http:\/\/automas.pe\/aditivos\/liqui-moly-kuler-reiniger-liquido-de-limpieza-de-radiador\/\">LIMPIADOR DE RADIADOR DE LIQUI MOLY (LM2506)<\/a><\/strong>. A continuaci\u00f3n, vaciar y enjuagar con suficiente agua. Llenar con anticongelante KFS 12+ y agua seg\u00fan la tabla de mezclas y las prescripciones del fabricante. Para ello recomendamos agua destilada. En funci\u00f3n de la dureza y la calidad del agua, tambi\u00e9n es posible diluirlo con agua del grifo. Eliminaci\u00f3n en conformidad con las normas locales. Intervalos de cambio seg\u00fan las prescripciones del fabricante. Almacenar \u00fanicamente en estado sin diluir. Se puede mezclar con refrigerantes a base de etilenglicol.<\/p>\n<h5><strong>APLICACION<\/strong><\/h5>\n<p>Limpiar el sistema de refrigeraci\u00f3n con limpiador para el radiador de LIQUI MOLY (n\u00b0 de art. 3320). A continuaci\u00f3n, vaciar, enjuagar con agua abundante y llenar con Coolant Ready Mix RAF\u00a012+. Eliminaci\u00f3n en conformidad con las normas locales. Intervalos de cambio seg\u00fan las prescripciones del fabricante. El Coolant Ready Mix RAF\u00a012+ puede mezclarse y es compatible con anticongelantes para radiadores sin silicatos para la calidad de denominaci\u00f3n VW G12+ de la norma VW TL 774-D\/F (anticongelante para radiadores KFS 12+ de LIQUI MOLY) y con anticongelantes originales con silicatos conforme a la norma VW TL 774-C (anticongelante para radiadores KFS 11 de LIQUI MOLY y Coolant Ready Mix RAF 11 de LIQUI MOLY).<\/p>\n<h5><strong>APROBACIONES \/ REOCMENDACIONES<\/strong><\/h5>\n<p><strong class=\"d-block mb-2\">LIQUI MOLY recomienda este producto para los veh\u00edculos o grupos que deben cumplir con los n.\u00b0 de piezas de repuesto originales o las especificaciones que se indiquen a continuaci\u00f3n<\/strong><\/p>\n<p>ADE, Aston Martin, Behr, Bergen Engines 2.13.01, CASE New Holland MAT 3624, Caterpillar \/ MAK, Caterpillar GCM34, Caterpillar MWM 0199-99-2091\/12, Chevrolet, Claas, Cummins CES 14439, Cummins CES 14603, Cummins IS series u N14, DAF74002, Detroit DFS93K217, Deutz DQC CB-14, Fendt, Fiat 9.55523, Ford WSS-M97 B44-D, Foton Q-FPT 2313005-2013, Great Wall, Hitachi, Irisbus Karosa, Isuzu, Jaguar \/ Land Rover STJLR.651.5003, Jaguar CMR 8229, Jenbacher TA 1000-2000, John Deere JDM H5, Kobelco, Komatsu 07.892 (2009), Lancia 9.55523, Land Rover, Leyland Trucks DW03245403, Liebherr MD1-36-130, Mack 014 GS 17009, MAN B&amp;G A\/S, MAN B&amp;W AG D36 5600, MAN Diesel &amp; Turbo SE, Mazda MEZ MN 121 D, Mitsubishi Heavy Industry (MHI), MTU MTL 5048, Opel\/GM GMW 3420, Proton, Renault Trucks 41-01-001\/&#8211;S Type D, Renault-Nissan Renault RNUR 41-01-001\/&#8211;S Type D, Saab B040 1065, Santana Motors, Saturn, Suzuki, Tedom, Thermo King, Valtra, Van Hool, Vauxhall GMW 3420, Volvo Construction, Volvo Penta, Volvo Trucks, W\u00e4rtsila 32-9011, W\u00e4rtsila SAMC Diesel DLP799861, Waukesha, Yanmar<\/p>\n<h5><strong>INFORMACI\u00d3N ADICIONAL<\/strong><\/h5>\n<div class=\"aditional-info-tecnical-lp\"><a href=\"https:\/\/pim.liqui-moly.de\/ws\/pi\/article\/6924?language=es\" target=\"_blank\" rel=\"noopener\">FICHA T\u00c9CNICA<\/a><br \/>\n<a href=\"https:\/\/www.liqui-moly.com\/es\/coolant-ready-mix-raf-12-p001123.html#tab-label-description-title\" target=\"_blank\" rel=\"noopener\">SITIO OFICIAL<\/a><\/div>\n<p>&nbsp;<\/p>\n<blockquote><p><strong>LM<a title=\"8810\" href=\"https:\/\/www.liqui-moly.com\/es\/coolant-ready-mix-raf-12-p001123.html#8810\" data-variant-link=\"\">8810<\/a>, LM-<a title=\"8810\" href=\"https:\/\/www.liqui-moly.com\/es\/coolant-ready-mix-raf-12-p001123.html#8810\" data-variant-link=\"\">8810<\/a>, LM <a title=\"8810\" href=\"https:\/\/www.liqui-moly.com\/es\/coolant-ready-mix-raf-12-p001123.html#8810\" data-variant-link=\"\">8810<\/a>, <\/strong>LIQUI MOLY ANTI-CONGELANTE KFS 12+, KFS12, VW, LIQUIMOLY, LIQUI MOLY, REFRIGERANTE PARA VW, VOLKSWAGEN, ANTICONGELANTE, VOLKSWAGEN, VW, REFRIGERANTE G12<\/p><\/blockquote>\n<\/div>\n<p><!--more--><\/p>\n<\/div>\n<\/div>\n","protected":false},"excerpt":{"rendered":"<p>LIQUI MOLY REFRIGERANTE Coolant Ready Mix RAF 12+ es una mezcla lista para usar a base de etilenglicol. Combinaci\u00f3n de agentes activos con paquete de inhibidores OAT especialmente desarrollado para<\/p>\n","protected":false},"featured_media":14278,"template":"","meta":[],"product_brand":[],"product_cat":[38],"product_tag":[24,25],"class_list":{"0":"post-14279","1":"product","2":"type-product","3":"status-publish","4":"has-post-thumbnail","6":"product_cat-refrigerantes","7":"product_tag-liqui-moly","8":"product_tag-liquimoly","9":"pa_concentrado-159","10":"pa_especificaciones-32-9011","11":"pa_especificaciones-41-01-001-s-type-d","12":"pa_especificaciones-audi-tl-774-d-g12","13":"pa_especificaciones-audi-tl-774-f-g12","14":"pa_especificaciones-bergen-engines-2-13-01","15":"pa_especificaciones-case-new-holland-mat-3624","16":"pa_especificaciones-caterpillar-gcm34","17":"pa_especificaciones-caterpillar-mwm-0199-99-2091-12","18":"pa_especificaciones-ces-14439","19":"pa_especificaciones-ces-14603","20":"pa_especificaciones-cummins-eng-std-ces14439","21":"pa_especificaciones-cummins-is-series-u-n14","22":"pa_especificaciones-daf74002","23":"pa_especificaciones-detroit-dfs93k217","24":"pa_especificaciones-deutz-dqc-cb-14","25":"pa_especificaciones-dlp799861","26":"pa_especificaciones-dw03245403","27":"pa_especificaciones-fiat-9-55523","28":"pa_especificaciones-ford-wss-m97-b44-d","29":"pa_especificaciones-ford-wss-m97b44-d","30":"pa_especificaciones-foton-q-fpt-2313005-2013","31":"pa_especificaciones-gmw-3420","32":"pa_especificaciones-jaguar-cmr-8229","33":"pa_especificaciones-jdm-h5","34":"pa_especificaciones-jenbacher-ta-1000-2000","35":"pa_especificaciones-komatsu-07-892-2009","36":"pa_especificaciones-lancia-9-55523","37":"pa_especificaciones-mack-014-gs-17009","38":"pa_especificaciones-man-324-typ-snf","39":"pa_especificaciones-man-bg-a-s","40":"pa_especificaciones-mb-325-3","41":"pa_especificaciones-md1-36-130","42":"pa_especificaciones-saab-b040-1065","43":"pa_especificaciones-stjlr-651-5003","44":"pa_marca-liquimoly","45":"pa_ofertas-cyber","47":"first","48":"instock","49":"shipping-taxable","50":"purchasable","51":"product-type-variable","52":"has-default-attributes"},"yoast_head":"<!-- This site is optimized with the Yoast SEO plugin v27.4 - https:\/\/yoast.com\/product\/yoast-seo-wordpress\/ -->\n<title>REFRIGERANTE LIQUI MOLY Coolant Ready Mix RAF 12+ | Listo para usar | Lubrimas.pe | Tienda Online<\/title>\n<meta name=\"robots\" content=\"index, follow, max-snippet:-1, max-image-preview:large, max-video-preview:-1\" \/>\n<link rel=\"canonical\" href=\"https:\/\/lubrimas.pe\/tienda\/refrigerantes\/refrigerante-liqui-moly-kuhlerfrostschutz-kfs-12-anti-congelante\/\" \/>\n<meta property=\"og:locale\" content=\"es_ES\" \/>\n<meta property=\"og:type\" content=\"article\" \/>\n<meta property=\"og:title\" content=\"REFRIGERANTE LIQUI MOLY Coolant Ready Mix RAF 12+ | Listo para usar | Lubrimas.pe | Tienda Online\" \/>\n<meta property=\"og:description\" content=\"LIQUI MOLY REFRIGERANTE Coolant Ready Mix RAF 12+ es una mezcla lista para usar a base de etilenglicol. Combinaci\u00f3n de agentes activos con paquete de inhibidores OAT especialmente desarrollado para\" \/>\n<meta property=\"og:url\" content=\"https:\/\/lubrimas.pe\/tienda\/refrigerantes\/refrigerante-liqui-moly-kuhlerfrostschutz-kfs-12-anti-congelante\/\" \/>\n<meta property=\"og:site_name\" content=\"Lubrimas.pe | Tienda Online\" \/>\n<meta property=\"article:modified_time\" content=\"2026-03-14T16:16:53+00:00\" \/>\n<meta property=\"og:image\" content=\"https:\/\/lubrimas.pe\/tienda\/wp-content\/uploads\/sites\/3\/2022\/01\/lubrimaspe_lubrimaspe_lubrimasperu-refrigerante-listo-para-usar-liquimoly-liqui-moly-raf-12-plus-galon-5l-losolivos-lima-peru.webp\" \/>\n\t<meta property=\"og:image:width\" content=\"850\" \/>\n\t<meta property=\"og:image:height\" content=\"1000\" \/>\n\t<meta property=\"og:image:type\" content=\"image\/webp\" \/>\n<meta name=\"twitter:card\" content=\"summary_large_image\" \/>\n<meta name=\"twitter:label1\" content=\"Tiempo de lectura\" \/>\n\t<meta name=\"twitter:data1\" content=\"1 minuto\" \/>\n<script type=\"application\/ld+json\" class=\"yoast-schema-graph\">{\"@context\":\"https:\\\/\\\/schema.org\",\"@graph\":[{\"@type\":[\"WebPage\",\"ItemPage\"],\"@id\":\"https:\\\/\\\/lubrimas.pe\\\/tienda\\\/refrigerantes\\\/refrigerante-liqui-moly-kuhlerfrostschutz-kfs-12-anti-congelante\\\/\",\"url\":\"https:\\\/\\\/lubrimas.pe\\\/tienda\\\/refrigerantes\\\/refrigerante-liqui-moly-kuhlerfrostschutz-kfs-12-anti-congelante\\\/\",\"name\":\"REFRIGERANTE LIQUI MOLY Coolant Ready Mix RAF 12+ | Listo para usar | Lubrimas.pe | Tienda Online\",\"isPartOf\":{\"@id\":\"https:\\\/\\\/lubrimas.pe\\\/tienda\\\/#website\"},\"primaryImageOfPage\":{\"@id\":\"https:\\\/\\\/lubrimas.pe\\\/tienda\\\/refrigerantes\\\/refrigerante-liqui-moly-kuhlerfrostschutz-kfs-12-anti-congelante\\\/#primaryimage\"},\"image\":{\"@id\":\"https:\\\/\\\/lubrimas.pe\\\/tienda\\\/refrigerantes\\\/refrigerante-liqui-moly-kuhlerfrostschutz-kfs-12-anti-congelante\\\/#primaryimage\"},\"thumbnailUrl\":\"https:\\\/\\\/lubrimas.pe\\\/tienda\\\/wp-content\\\/uploads\\\/sites\\\/3\\\/2022\\\/01\\\/lubrimaspe_lubrimaspe_lubrimasperu-refrigerante-listo-para-usar-liquimoly-liqui-moly-raf-12-plus-galon-5l-losolivos-lima-peru.webp\",\"datePublished\":\"2024-11-29T18:55:21+00:00\",\"dateModified\":\"2026-03-14T16:16:53+00:00\",\"breadcrumb\":{\"@id\":\"https:\\\/\\\/lubrimas.pe\\\/tienda\\\/refrigerantes\\\/refrigerante-liqui-moly-kuhlerfrostschutz-kfs-12-anti-congelante\\\/#breadcrumb\"},\"inLanguage\":\"es\",\"potentialAction\":[{\"@type\":\"ReadAction\",\"target\":[\"https:\\\/\\\/lubrimas.pe\\\/tienda\\\/refrigerantes\\\/refrigerante-liqui-moly-kuhlerfrostschutz-kfs-12-anti-congelante\\\/\"]}]},{\"@type\":\"ImageObject\",\"inLanguage\":\"es\",\"@id\":\"https:\\\/\\\/lubrimas.pe\\\/tienda\\\/refrigerantes\\\/refrigerante-liqui-moly-kuhlerfrostschutz-kfs-12-anti-congelante\\\/#primaryimage\",\"url\":\"https:\\\/\\\/lubrimas.pe\\\/tienda\\\/wp-content\\\/uploads\\\/sites\\\/3\\\/2022\\\/01\\\/lubrimaspe_lubrimaspe_lubrimasperu-refrigerante-listo-para-usar-liquimoly-liqui-moly-raf-12-plus-galon-5l-losolivos-lima-peru.webp\",\"contentUrl\":\"https:\\\/\\\/lubrimas.pe\\\/tienda\\\/wp-content\\\/uploads\\\/sites\\\/3\\\/2022\\\/01\\\/lubrimaspe_lubrimaspe_lubrimasperu-refrigerante-listo-para-usar-liquimoly-liqui-moly-raf-12-plus-galon-5l-losolivos-lima-peru.webp\",\"width\":850,\"height\":1000},{\"@type\":\"BreadcrumbList\",\"@id\":\"https:\\\/\\\/lubrimas.pe\\\/tienda\\\/refrigerantes\\\/refrigerante-liqui-moly-kuhlerfrostschutz-kfs-12-anti-congelante\\\/#breadcrumb\",\"itemListElement\":[{\"@type\":\"ListItem\",\"position\":1,\"name\":\"Portada\",\"item\":\"https:\\\/\\\/lubrimas.pe\\\/tienda\\\/\"},{\"@type\":\"ListItem\",\"position\":2,\"name\":\"Cat\u00e1logo\",\"item\":\"https:\\\/\\\/lubrimas.pe\\\/tienda\\\/productos\\\/\"},{\"@type\":\"ListItem\",\"position\":3,\"name\":\"REFRIGERANTE LIQUI MOLY Coolant Ready Mix RAF 12+ | Listo para usar\"}]},{\"@type\":\"WebSite\",\"@id\":\"https:\\\/\\\/lubrimas.pe\\\/tienda\\\/#website\",\"url\":\"https:\\\/\\\/lubrimas.pe\\\/tienda\\\/\",\"name\":\"Lubrimas.pe | Tienda Online\",\"description\":\"Tus lubricantes favoritos al mejor precio!\",\"publisher\":{\"@id\":\"https:\\\/\\\/lubrimas.pe\\\/tienda\\\/#organization\"},\"potentialAction\":[{\"@type\":\"SearchAction\",\"target\":{\"@type\":\"EntryPoint\",\"urlTemplate\":\"https:\\\/\\\/lubrimas.pe\\\/tienda\\\/?s={search_term_string}\"},\"query-input\":{\"@type\":\"PropertyValueSpecification\",\"valueRequired\":true,\"valueName\":\"search_term_string\"}}],\"inLanguage\":\"es\"},{\"@type\":\"Organization\",\"@id\":\"https:\\\/\\\/lubrimas.pe\\\/tienda\\\/#organization\",\"name\":\"Lubrimas.pe\",\"url\":\"https:\\\/\\\/lubrimas.pe\\\/tienda\\\/\",\"logo\":{\"@type\":\"ImageObject\",\"inLanguage\":\"es\",\"@id\":\"https:\\\/\\\/lubrimas.pe\\\/tienda\\\/#\\\/schema\\\/logo\\\/image\\\/\",\"url\":\"https:\\\/\\\/lubrimas.pe\\\/tienda\\\/wp-content\\\/uploads\\\/sites\\\/3\\\/2022\\\/07\\\/BANNERS-PROMO-CYBER-WOW-LUBRIMASPE-2022-07.webp\",\"contentUrl\":\"https:\\\/\\\/lubrimas.pe\\\/tienda\\\/wp-content\\\/uploads\\\/sites\\\/3\\\/2022\\\/07\\\/BANNERS-PROMO-CYBER-WOW-LUBRIMASPE-2022-07.webp\",\"width\":500,\"height\":752,\"caption\":\"Lubrimas.pe\"},\"image\":{\"@id\":\"https:\\\/\\\/lubrimas.pe\\\/tienda\\\/#\\\/schema\\\/logo\\\/image\\\/\"}}]}<\/script>\n<!-- \/ Yoast SEO plugin. -->","yoast_head_json":{"title":"REFRIGERANTE LIQUI MOLY Coolant Ready Mix RAF 12+ | Listo para usar | Lubrimas.pe | Tienda Online","robots":{"index":"index","follow":"follow","max-snippet":"max-snippet:-1","max-image-preview":"max-image-preview:large","max-video-preview":"max-video-preview:-1"},"canonical":"https:\/\/lubrimas.pe\/tienda\/refrigerantes\/refrigerante-liqui-moly-kuhlerfrostschutz-kfs-12-anti-congelante\/","og_locale":"es_ES","og_type":"article","og_title":"REFRIGERANTE LIQUI MOLY Coolant Ready Mix RAF 12+ | Listo para usar | Lubrimas.pe | Tienda Online","og_description":"LIQUI MOLY REFRIGERANTE Coolant Ready Mix RAF 12+ es una mezcla lista para usar a base de etilenglicol. Combinaci\u00f3n de agentes activos con paquete de inhibidores OAT especialmente desarrollado para","og_url":"https:\/\/lubrimas.pe\/tienda\/refrigerantes\/refrigerante-liqui-moly-kuhlerfrostschutz-kfs-12-anti-congelante\/","og_site_name":"Lubrimas.pe | Tienda Online","article_modified_time":"2026-03-14T16:16:53+00:00","og_image":[{"width":850,"height":1000,"url":"https:\/\/lubrimas.pe\/tienda\/wp-content\/uploads\/sites\/3\/2022\/01\/lubrimaspe_lubrimaspe_lubrimasperu-refrigerante-listo-para-usar-liquimoly-liqui-moly-raf-12-plus-galon-5l-losolivos-lima-peru.webp","type":"image\/webp"}],"twitter_card":"summary_large_image","twitter_misc":{"Tiempo de lectura":"1 minuto"},"schema":{"@context":"https:\/\/schema.org","@graph":[{"@type":["WebPage","ItemPage"],"@id":"https:\/\/lubrimas.pe\/tienda\/refrigerantes\/refrigerante-liqui-moly-kuhlerfrostschutz-kfs-12-anti-congelante\/","url":"https:\/\/lubrimas.pe\/tienda\/refrigerantes\/refrigerante-liqui-moly-kuhlerfrostschutz-kfs-12-anti-congelante\/","name":"REFRIGERANTE LIQUI MOLY Coolant Ready Mix RAF 12+ | Listo para usar | Lubrimas.pe | Tienda Online","isPartOf":{"@id":"https:\/\/lubrimas.pe\/tienda\/#website"},"primaryImageOfPage":{"@id":"https:\/\/lubrimas.pe\/tienda\/refrigerantes\/refrigerante-liqui-moly-kuhlerfrostschutz-kfs-12-anti-congelante\/#primaryimage"},"image":{"@id":"https:\/\/lubrimas.pe\/tienda\/refrigerantes\/refrigerante-liqui-moly-kuhlerfrostschutz-kfs-12-anti-congelante\/#primaryimage"},"thumbnailUrl":"https:\/\/lubrimas.pe\/tienda\/wp-content\/uploads\/sites\/3\/2022\/01\/lubrimaspe_lubrimaspe_lubrimasperu-refrigerante-listo-para-usar-liquimoly-liqui-moly-raf-12-plus-galon-5l-losolivos-lima-peru.webp","datePublished":"2024-11-29T18:55:21+00:00","dateModified":"2026-03-14T16:16:53+00:00","breadcrumb":{"@id":"https:\/\/lubrimas.pe\/tienda\/refrigerantes\/refrigerante-liqui-moly-kuhlerfrostschutz-kfs-12-anti-congelante\/#breadcrumb"},"inLanguage":"es","potentialAction":[{"@type":"ReadAction","target":["https:\/\/lubrimas.pe\/tienda\/refrigerantes\/refrigerante-liqui-moly-kuhlerfrostschutz-kfs-12-anti-congelante\/"]}]},{"@type":"ImageObject","inLanguage":"es","@id":"https:\/\/lubrimas.pe\/tienda\/refrigerantes\/refrigerante-liqui-moly-kuhlerfrostschutz-kfs-12-anti-congelante\/#primaryimage","url":"https:\/\/lubrimas.pe\/tienda\/wp-content\/uploads\/sites\/3\/2022\/01\/lubrimaspe_lubrimaspe_lubrimasperu-refrigerante-listo-para-usar-liquimoly-liqui-moly-raf-12-plus-galon-5l-losolivos-lima-peru.webp","contentUrl":"https:\/\/lubrimas.pe\/tienda\/wp-content\/uploads\/sites\/3\/2022\/01\/lubrimaspe_lubrimaspe_lubrimasperu-refrigerante-listo-para-usar-liquimoly-liqui-moly-raf-12-plus-galon-5l-losolivos-lima-peru.webp","width":850,"height":1000},{"@type":"BreadcrumbList","@id":"https:\/\/lubrimas.pe\/tienda\/refrigerantes\/refrigerante-liqui-moly-kuhlerfrostschutz-kfs-12-anti-congelante\/#breadcrumb","itemListElement":[{"@type":"ListItem","position":1,"name":"Portada","item":"https:\/\/lubrimas.pe\/tienda\/"},{"@type":"ListItem","position":2,"name":"Cat\u00e1logo","item":"https:\/\/lubrimas.pe\/tienda\/productos\/"},{"@type":"ListItem","position":3,"name":"REFRIGERANTE LIQUI MOLY Coolant Ready Mix RAF 12+ | Listo para usar"}]},{"@type":"WebSite","@id":"https:\/\/lubrimas.pe\/tienda\/#website","url":"https:\/\/lubrimas.pe\/tienda\/","name":"Lubrimas.pe | Tienda Online","description":"Tus lubricantes favoritos al mejor precio!","publisher":{"@id":"https:\/\/lubrimas.pe\/tienda\/#organization"},"potentialAction":[{"@type":"SearchAction","target":{"@type":"EntryPoint","urlTemplate":"https:\/\/lubrimas.pe\/tienda\/?s={search_term_string}"},"query-input":{"@type":"PropertyValueSpecification","valueRequired":true,"valueName":"search_term_string"}}],"inLanguage":"es"},{"@type":"Organization","@id":"https:\/\/lubrimas.pe\/tienda\/#organization","name":"Lubrimas.pe","url":"https:\/\/lubrimas.pe\/tienda\/","logo":{"@type":"ImageObject","inLanguage":"es","@id":"https:\/\/lubrimas.pe\/tienda\/#\/schema\/logo\/image\/","url":"https:\/\/lubrimas.pe\/tienda\/wp-content\/uploads\/sites\/3\/2022\/07\/BANNERS-PROMO-CYBER-WOW-LUBRIMASPE-2022-07.webp","contentUrl":"https:\/\/lubrimas.pe\/tienda\/wp-content\/uploads\/sites\/3\/2022\/07\/BANNERS-PROMO-CYBER-WOW-LUBRIMASPE-2022-07.webp","width":500,"height":752,"caption":"Lubrimas.pe"},"image":{"@id":"https:\/\/lubrimas.pe\/tienda\/#\/schema\/logo\/image\/"}}]}},"_links":{"self":[{"href":"https:\/\/lubrimas.pe\/tienda\/wp-json\/wp\/v2\/product\/14279","targetHints":{"allow":["GET"]}}],"collection":[{"href":"https:\/\/lubrimas.pe\/tienda\/wp-json\/wp\/v2\/product"}],"about":[{"href":"https:\/\/lubrimas.pe\/tienda\/wp-json\/wp\/v2\/types\/product"}],"wp:featuredmedia":[{"embeddable":true,"href":"https:\/\/lubrimas.pe\/tienda\/wp-json\/wp\/v2\/media\/14278"}],"wp:attachment":[{"href":"https:\/\/lubrimas.pe\/tienda\/wp-json\/wp\/v2\/media?parent=14279"}],"wp:term":[{"taxonomy":"product_brand","embeddable":true,"href":"https:\/\/lubrimas.pe\/tienda\/wp-json\/wp\/v2\/product_brand?post=14279"},{"taxonomy":"product_cat","embeddable":true,"href":"https:\/\/lubrimas.pe\/tienda\/wp-json\/wp\/v2\/product_cat?post=14279"},{"taxonomy":"product_tag","embeddable":true,"href":"https:\/\/lubrimas.pe\/tienda\/wp-json\/wp\/v2\/product_tag?post=14279"}],"curies":[{"name":"wp","href":"https:\/\/api.w.org\/{rel}","templated":true}]}}