{"id":14298,"date":"2024-12-04T09:38:16","date_gmt":"2024-12-04T14:38:16","guid":{"rendered":"https:\/\/lubrimas.pe\/tienda\/?post_type=product&#038;p=14298"},"modified":"2025-12-26T17:52:10","modified_gmt":"2025-12-26T22:52:10","slug":"mannol-ceramic-5w30-7720-aceite-de-motor","status":"publish","type":"product","link":"https:\/\/lubrimas.pe\/tienda\/aceite-de-motor\/mannol-ceramic-5w30-7720-aceite-de-motor\/","title":{"rendered":"MANNOL CERAMIC 5W30 [7720] &#8211; Aceite de Motor"},"content":{"rendered":"<p><strong>MANNOL CERAMIC 5W30 [7720]<\/strong> es un aceite de motor premium totalmente sint\u00e9tico, innovador y \u00fanico, con propiedades especiales anti-rayaduras gracias a la adici\u00f3n de \u00e9steres sint\u00e9ticos y nitruro de boro hexagonal h-BN (grafito blanco). Adecuado para todo tipo de motores de autom\u00f3viles, di\u00e9sel y gasolina, que tengan un sistema de lubricaci\u00f3n.<\/p>\n<p>Las mol\u00e9culas de \u00e9ter se &#8220;magnetizan&#8221; sobre las superficies met\u00e1licas gracias a su intensa polaridad y crean una pel\u00edcula de aceite densa y muy fuerte, mientras que las micropart\u00edculas cer\u00e1micas suavizan las irregularidades en las superficies de fricci\u00f3n y disipan eficazmente el calor. Esto evita el contacto directo entre las superficies met\u00e1licas y el desgaste de las piezas individuales, incluso en las condiciones de funcionamiento m\u00e1s extremas. La fricci\u00f3n seca se elimina durante los arranques en fr\u00edo (especialmente a temperaturas extremadamente bajas) y la falta de aceite, minimizando as\u00ed el desgaste del motor al arrancar.<\/p>\n<h5><strong>CARACTER\u00cdSTICAS PRINCIPALES<\/strong><\/h5>\n<ul>\n<li>Alta eficiencia de combustible gracias a \u00f3ptimas propiedades antifricci\u00f3n.<\/li>\n<li>Debido a sus excelentes propiedades detergentes-dispersantes y a la m\u00e1s alta estabilidad termo-oxidativa, combate eficazmente todo tipo de dep\u00f3sitos y mantiene limpias las partes separadas del motor durante todo el intervalo de cambio.<\/li>\n<li>La presencia de componentes \u00e9ster y cer\u00e1micos en combinaci\u00f3n con caracter\u00edsticas \u00f3ptimas de viscosidad-temperatura asegura la m\u00e1s alta resistencia de la pel\u00edcula de aceite, proporcionando excelentes propiedades antidesgaste que, combinadas con una excelente bombeabilidad, aumentan significativamente la vida del motor incluso en las condiciones de operaci\u00f3n m\u00e1s severas.<\/li>\n<li>Compatible con filtros de part\u00edculas y los filtros de aceite m\u00e1s finos (filtraci\u00f3n fina): el tama\u00f1o de las part\u00edculas h-BN (no m\u00e1s de 0,5 \u00b5m) asegura su libre paso a trav\u00e9s de cualquier filtro y excluye la sedimentaci\u00f3n. Por esta raz\u00f3n, el aceite es compatible con todos los sistemas de neutralizaci\u00f3n de gases de escape.<\/li>\n<li>Compatible con convertidores catal\u00edticos, todo tipo de turbocompresores y todos los sistemas de inyecci\u00f3n, incluido Common Rail.<\/li>\n<li>Previene el encendido prematuro (LSPI).<\/li>\n<li>Utilizado en motores Long Life y convencionales.<\/li>\n<\/ul>\n<p>Dise\u00f1ado para motores de una amplia gama de turismos, todoterrenos ligeros, furgonetas y camiones ligeros de fabricantes europeos y de otros pa\u00edses donde se requiere un nivel de rendimiento ACEA C3. Producto ideal para veh\u00edculos tuneados y altamente potenciados.<\/p>\n<h5><strong>ESPECIFICACIONES<\/strong><\/h5>\n<h5>SAE 5W-30, API SN Plus, ACEA C3<\/h5>\n<h5><strong>APROBACIONES \/ ESPECIFICACIONES<\/strong><\/h5>\n<h5>ACEA C2, VOLKSWAGEN 505 01, VOLKSWAGEN 505 00, BMW LL-04, MB 229.51, MB 229.52, MB 229.31, GM dexos2, PORSCHE C30, CHRYSLER MS-11106, FIAT 9.55535-S3, RENAULT RN17, PSA B71 2290, TOYOTA 08880-83388, TOYOTA 08880-83389, IVECO 18-1811 CLASSE SC1<\/h5>\n<h5><strong>INFORMACI\u00d3N ADICIONAL<\/strong><\/h5>\n<div class=\"aditional-info-tecnical-lp\"><a href=\"https:\/\/www.mannol.de\/create-pdf\/861\/en\" target=\"_blank\" rel=\"noopener\">FICHA T\u00c9CNICA<\/a><br \/>\n<a href=\"https:\/\/www.mannol.de\/products\/motor-oils-for-cars-and-transporters\/mannol-ceramic-5w-30\" target=\"_blank\" rel=\"noopener\">SITIO OFICIAL<\/a><\/div>\n<div><\/div>\n<p>&nbsp;<\/p>\n<blockquote><p>MANNOL, ACEITE, FULL SINT\u00c9TICO, COMPATIBLE DE ALTA CALIDAD<\/p><\/blockquote>\n","protected":false},"excerpt":{"rendered":"<p>MANNOL CERAMIC 5W30 [7720] es un aceite de motor premium totalmente sint\u00e9tico, innovador y \u00fanico, con propiedades especiales anti-rayaduras gracias a la adici\u00f3n de \u00e9steres sint\u00e9ticos y nitruro de boro<\/p>\n","protected":false},"featured_media":14300,"template":"","meta":[],"product_brand":[],"product_cat":[16,22],"product_tag":[],"class_list":{"0":"post-14298","1":"product","2":"type-product","3":"status-publish","4":"has-post-thumbnail","6":"product_cat-aceite-de-motor","7":"product_cat-motor-gasolina-gas","8":"pa_calidad-full-sintetico","9":"pa_envio-envio-gratis","10":"pa_grado-5w30","11":"pa_marca-mannol","13":"first","14":"instock","15":"shipping-taxable","16":"purchasable","17":"product-type-variable","18":"has-default-attributes"},"yoast_head":"<!-- This site is optimized with the Yoast SEO plugin v27.4 - https:\/\/yoast.com\/product\/yoast-seo-wordpress\/ -->\n<title>MANNOL CERAMIC 5W30 [7720] - Aceite de Motor | Lubrimas.pe | Tienda Online<\/title>\n<meta name=\"robots\" content=\"index, follow, max-snippet:-1, max-image-preview:large, max-video-preview:-1\" \/>\n<link rel=\"canonical\" href=\"https:\/\/lubrimas.pe\/tienda\/aceite-de-motor\/mannol-ceramic-5w30-7720-aceite-de-motor\/\" \/>\n<meta property=\"og:locale\" content=\"es_ES\" \/>\n<meta property=\"og:type\" content=\"article\" \/>\n<meta property=\"og:title\" content=\"MANNOL CERAMIC 5W30 [7720] - Aceite de Motor | Lubrimas.pe | Tienda Online\" \/>\n<meta property=\"og:description\" content=\"MANNOL CERAMIC 5W30 [7720] es un aceite de motor premium totalmente sint\u00e9tico, innovador y \u00fanico, con propiedades especiales anti-rayaduras gracias a la adici\u00f3n de \u00e9steres sint\u00e9ticos y nitruro de boro\" \/>\n<meta property=\"og:url\" content=\"https:\/\/lubrimas.pe\/tienda\/aceite-de-motor\/mannol-ceramic-5w30-7720-aceite-de-motor\/\" \/>\n<meta property=\"og:site_name\" content=\"Lubrimas.pe | Tienda Online\" \/>\n<meta property=\"article:modified_time\" content=\"2025-12-26T22:52:10+00:00\" \/>\n<meta property=\"og:image\" content=\"https:\/\/lubrimas.pe\/tienda\/wp-content\/uploads\/sites\/3\/2024\/12\/lubrimaspe_lubrimaspe_lubrimasperu-aceite-de-motor-mannolceramic-7720-5w30-full-sintetico-losolivos-lima-peru-1.webp\" \/>\n\t<meta property=\"og:image:width\" content=\"850\" \/>\n\t<meta property=\"og:image:height\" content=\"1000\" \/>\n\t<meta property=\"og:image:type\" content=\"image\/webp\" \/>\n<meta name=\"twitter:card\" content=\"summary_large_image\" \/>\n<meta name=\"twitter:label1\" content=\"Tiempo de lectura\" \/>\n\t<meta name=\"twitter:data1\" content=\"2 minutos\" \/>\n<script type=\"application\/ld+json\" class=\"yoast-schema-graph\">{\"@context\":\"https:\\\/\\\/schema.org\",\"@graph\":[{\"@type\":[\"WebPage\",\"ItemPage\"],\"@id\":\"https:\\\/\\\/lubrimas.pe\\\/tienda\\\/aceite-de-motor\\\/mannol-ceramic-5w30-7720-aceite-de-motor\\\/\",\"url\":\"https:\\\/\\\/lubrimas.pe\\\/tienda\\\/aceite-de-motor\\\/mannol-ceramic-5w30-7720-aceite-de-motor\\\/\",\"name\":\"MANNOL CERAMIC 5W30 [7720] - Aceite de Motor | Lubrimas.pe | Tienda Online\",\"isPartOf\":{\"@id\":\"https:\\\/\\\/lubrimas.pe\\\/tienda\\\/#website\"},\"primaryImageOfPage\":{\"@id\":\"https:\\\/\\\/lubrimas.pe\\\/tienda\\\/aceite-de-motor\\\/mannol-ceramic-5w30-7720-aceite-de-motor\\\/#primaryimage\"},\"image\":{\"@id\":\"https:\\\/\\\/lubrimas.pe\\\/tienda\\\/aceite-de-motor\\\/mannol-ceramic-5w30-7720-aceite-de-motor\\\/#primaryimage\"},\"thumbnailUrl\":\"https:\\\/\\\/lubrimas.pe\\\/tienda\\\/wp-content\\\/uploads\\\/sites\\\/3\\\/2024\\\/12\\\/lubrimaspe_lubrimaspe_lubrimasperu-aceite-de-motor-mannolceramic-7720-5w30-full-sintetico-losolivos-lima-peru-1.webp\",\"datePublished\":\"2024-12-04T14:38:16+00:00\",\"dateModified\":\"2025-12-26T22:52:10+00:00\",\"breadcrumb\":{\"@id\":\"https:\\\/\\\/lubrimas.pe\\\/tienda\\\/aceite-de-motor\\\/mannol-ceramic-5w30-7720-aceite-de-motor\\\/#breadcrumb\"},\"inLanguage\":\"es\",\"potentialAction\":[{\"@type\":\"ReadAction\",\"target\":[\"https:\\\/\\\/lubrimas.pe\\\/tienda\\\/aceite-de-motor\\\/mannol-ceramic-5w30-7720-aceite-de-motor\\\/\"]}]},{\"@type\":\"ImageObject\",\"inLanguage\":\"es\",\"@id\":\"https:\\\/\\\/lubrimas.pe\\\/tienda\\\/aceite-de-motor\\\/mannol-ceramic-5w30-7720-aceite-de-motor\\\/#primaryimage\",\"url\":\"https:\\\/\\\/lubrimas.pe\\\/tienda\\\/wp-content\\\/uploads\\\/sites\\\/3\\\/2024\\\/12\\\/lubrimaspe_lubrimaspe_lubrimasperu-aceite-de-motor-mannolceramic-7720-5w30-full-sintetico-losolivos-lima-peru-1.webp\",\"contentUrl\":\"https:\\\/\\\/lubrimas.pe\\\/tienda\\\/wp-content\\\/uploads\\\/sites\\\/3\\\/2024\\\/12\\\/lubrimaspe_lubrimaspe_lubrimasperu-aceite-de-motor-mannolceramic-7720-5w30-full-sintetico-losolivos-lima-peru-1.webp\",\"width\":850,\"height\":1000},{\"@type\":\"BreadcrumbList\",\"@id\":\"https:\\\/\\\/lubrimas.pe\\\/tienda\\\/aceite-de-motor\\\/mannol-ceramic-5w30-7720-aceite-de-motor\\\/#breadcrumb\",\"itemListElement\":[{\"@type\":\"ListItem\",\"position\":1,\"name\":\"Portada\",\"item\":\"https:\\\/\\\/lubrimas.pe\\\/tienda\\\/\"},{\"@type\":\"ListItem\",\"position\":2,\"name\":\"Cat\u00e1logo\",\"item\":\"https:\\\/\\\/lubrimas.pe\\\/tienda\\\/productos\\\/\"},{\"@type\":\"ListItem\",\"position\":3,\"name\":\"MANNOL CERAMIC 5W30 [7720] &#8211; Aceite de Motor\"}]},{\"@type\":\"WebSite\",\"@id\":\"https:\\\/\\\/lubrimas.pe\\\/tienda\\\/#website\",\"url\":\"https:\\\/\\\/lubrimas.pe\\\/tienda\\\/\",\"name\":\"Lubrimas.pe | Tienda Online\",\"description\":\"Tus lubricantes favoritos al mejor precio!\",\"publisher\":{\"@id\":\"https:\\\/\\\/lubrimas.pe\\\/tienda\\\/#organization\"},\"potentialAction\":[{\"@type\":\"SearchAction\",\"target\":{\"@type\":\"EntryPoint\",\"urlTemplate\":\"https:\\\/\\\/lubrimas.pe\\\/tienda\\\/?s={search_term_string}\"},\"query-input\":{\"@type\":\"PropertyValueSpecification\",\"valueRequired\":true,\"valueName\":\"search_term_string\"}}],\"inLanguage\":\"es\"},{\"@type\":\"Organization\",\"@id\":\"https:\\\/\\\/lubrimas.pe\\\/tienda\\\/#organization\",\"name\":\"Lubrimas.pe\",\"url\":\"https:\\\/\\\/lubrimas.pe\\\/tienda\\\/\",\"logo\":{\"@type\":\"ImageObject\",\"inLanguage\":\"es\",\"@id\":\"https:\\\/\\\/lubrimas.pe\\\/tienda\\\/#\\\/schema\\\/logo\\\/image\\\/\",\"url\":\"https:\\\/\\\/lubrimas.pe\\\/tienda\\\/wp-content\\\/uploads\\\/sites\\\/3\\\/2022\\\/07\\\/BANNERS-PROMO-CYBER-WOW-LUBRIMASPE-2022-07.webp\",\"contentUrl\":\"https:\\\/\\\/lubrimas.pe\\\/tienda\\\/wp-content\\\/uploads\\\/sites\\\/3\\\/2022\\\/07\\\/BANNERS-PROMO-CYBER-WOW-LUBRIMASPE-2022-07.webp\",\"width\":500,\"height\":752,\"caption\":\"Lubrimas.pe\"},\"image\":{\"@id\":\"https:\\\/\\\/lubrimas.pe\\\/tienda\\\/#\\\/schema\\\/logo\\\/image\\\/\"}}]}<\/script>\n<!-- \/ Yoast SEO plugin. -->","yoast_head_json":{"title":"MANNOL CERAMIC 5W30 [7720] - Aceite de Motor | Lubrimas.pe | Tienda Online","robots":{"index":"index","follow":"follow","max-snippet":"max-snippet:-1","max-image-preview":"max-image-preview:large","max-video-preview":"max-video-preview:-1"},"canonical":"https:\/\/lubrimas.pe\/tienda\/aceite-de-motor\/mannol-ceramic-5w30-7720-aceite-de-motor\/","og_locale":"es_ES","og_type":"article","og_title":"MANNOL CERAMIC 5W30 [7720] - Aceite de Motor | Lubrimas.pe | Tienda Online","og_description":"MANNOL CERAMIC 5W30 [7720] es un aceite de motor premium totalmente sint\u00e9tico, innovador y \u00fanico, con propiedades especiales anti-rayaduras gracias a la adici\u00f3n de \u00e9steres sint\u00e9ticos y nitruro de boro","og_url":"https:\/\/lubrimas.pe\/tienda\/aceite-de-motor\/mannol-ceramic-5w30-7720-aceite-de-motor\/","og_site_name":"Lubrimas.pe | Tienda Online","article_modified_time":"2025-12-26T22:52:10+00:00","og_image":[{"width":850,"height":1000,"url":"https:\/\/lubrimas.pe\/tienda\/wp-content\/uploads\/sites\/3\/2024\/12\/lubrimaspe_lubrimaspe_lubrimasperu-aceite-de-motor-mannolceramic-7720-5w30-full-sintetico-losolivos-lima-peru-1.webp","type":"image\/webp"}],"twitter_card":"summary_large_image","twitter_misc":{"Tiempo de lectura":"2 minutos"},"schema":{"@context":"https:\/\/schema.org","@graph":[{"@type":["WebPage","ItemPage"],"@id":"https:\/\/lubrimas.pe\/tienda\/aceite-de-motor\/mannol-ceramic-5w30-7720-aceite-de-motor\/","url":"https:\/\/lubrimas.pe\/tienda\/aceite-de-motor\/mannol-ceramic-5w30-7720-aceite-de-motor\/","name":"MANNOL CERAMIC 5W30 [7720] - Aceite de Motor | Lubrimas.pe | Tienda Online","isPartOf":{"@id":"https:\/\/lubrimas.pe\/tienda\/#website"},"primaryImageOfPage":{"@id":"https:\/\/lubrimas.pe\/tienda\/aceite-de-motor\/mannol-ceramic-5w30-7720-aceite-de-motor\/#primaryimage"},"image":{"@id":"https:\/\/lubrimas.pe\/tienda\/aceite-de-motor\/mannol-ceramic-5w30-7720-aceite-de-motor\/#primaryimage"},"thumbnailUrl":"https:\/\/lubrimas.pe\/tienda\/wp-content\/uploads\/sites\/3\/2024\/12\/lubrimaspe_lubrimaspe_lubrimasperu-aceite-de-motor-mannolceramic-7720-5w30-full-sintetico-losolivos-lima-peru-1.webp","datePublished":"2024-12-04T14:38:16+00:00","dateModified":"2025-12-26T22:52:10+00:00","breadcrumb":{"@id":"https:\/\/lubrimas.pe\/tienda\/aceite-de-motor\/mannol-ceramic-5w30-7720-aceite-de-motor\/#breadcrumb"},"inLanguage":"es","potentialAction":[{"@type":"ReadAction","target":["https:\/\/lubrimas.pe\/tienda\/aceite-de-motor\/mannol-ceramic-5w30-7720-aceite-de-motor\/"]}]},{"@type":"ImageObject","inLanguage":"es","@id":"https:\/\/lubrimas.pe\/tienda\/aceite-de-motor\/mannol-ceramic-5w30-7720-aceite-de-motor\/#primaryimage","url":"https:\/\/lubrimas.pe\/tienda\/wp-content\/uploads\/sites\/3\/2024\/12\/lubrimaspe_lubrimaspe_lubrimasperu-aceite-de-motor-mannolceramic-7720-5w30-full-sintetico-losolivos-lima-peru-1.webp","contentUrl":"https:\/\/lubrimas.pe\/tienda\/wp-content\/uploads\/sites\/3\/2024\/12\/lubrimaspe_lubrimaspe_lubrimasperu-aceite-de-motor-mannolceramic-7720-5w30-full-sintetico-losolivos-lima-peru-1.webp","width":850,"height":1000},{"@type":"BreadcrumbList","@id":"https:\/\/lubrimas.pe\/tienda\/aceite-de-motor\/mannol-ceramic-5w30-7720-aceite-de-motor\/#breadcrumb","itemListElement":[{"@type":"ListItem","position":1,"name":"Portada","item":"https:\/\/lubrimas.pe\/tienda\/"},{"@type":"ListItem","position":2,"name":"Cat\u00e1logo","item":"https:\/\/lubrimas.pe\/tienda\/productos\/"},{"@type":"ListItem","position":3,"name":"MANNOL CERAMIC 5W30 [7720] &#8211; Aceite de Motor"}]},{"@type":"WebSite","@id":"https:\/\/lubrimas.pe\/tienda\/#website","url":"https:\/\/lubrimas.pe\/tienda\/","name":"Lubrimas.pe | Tienda Online","description":"Tus lubricantes favoritos al mejor precio!","publisher":{"@id":"https:\/\/lubrimas.pe\/tienda\/#organization"},"potentialAction":[{"@type":"SearchAction","target":{"@type":"EntryPoint","urlTemplate":"https:\/\/lubrimas.pe\/tienda\/?s={search_term_string}"},"query-input":{"@type":"PropertyValueSpecification","valueRequired":true,"valueName":"search_term_string"}}],"inLanguage":"es"},{"@type":"Organization","@id":"https:\/\/lubrimas.pe\/tienda\/#organization","name":"Lubrimas.pe","url":"https:\/\/lubrimas.pe\/tienda\/","logo":{"@type":"ImageObject","inLanguage":"es","@id":"https:\/\/lubrimas.pe\/tienda\/#\/schema\/logo\/image\/","url":"https:\/\/lubrimas.pe\/tienda\/wp-content\/uploads\/sites\/3\/2022\/07\/BANNERS-PROMO-CYBER-WOW-LUBRIMASPE-2022-07.webp","contentUrl":"https:\/\/lubrimas.pe\/tienda\/wp-content\/uploads\/sites\/3\/2022\/07\/BANNERS-PROMO-CYBER-WOW-LUBRIMASPE-2022-07.webp","width":500,"height":752,"caption":"Lubrimas.pe"},"image":{"@id":"https:\/\/lubrimas.pe\/tienda\/#\/schema\/logo\/image\/"}}]}},"_links":{"self":[{"href":"https:\/\/lubrimas.pe\/tienda\/wp-json\/wp\/v2\/product\/14298","targetHints":{"allow":["GET"]}}],"collection":[{"href":"https:\/\/lubrimas.pe\/tienda\/wp-json\/wp\/v2\/product"}],"about":[{"href":"https:\/\/lubrimas.pe\/tienda\/wp-json\/wp\/v2\/types\/product"}],"wp:featuredmedia":[{"embeddable":true,"href":"https:\/\/lubrimas.pe\/tienda\/wp-json\/wp\/v2\/media\/14300"}],"wp:attachment":[{"href":"https:\/\/lubrimas.pe\/tienda\/wp-json\/wp\/v2\/media?parent=14298"}],"wp:term":[{"taxonomy":"product_brand","embeddable":true,"href":"https:\/\/lubrimas.pe\/tienda\/wp-json\/wp\/v2\/product_brand?post=14298"},{"taxonomy":"product_cat","embeddable":true,"href":"https:\/\/lubrimas.pe\/tienda\/wp-json\/wp\/v2\/product_cat?post=14298"},{"taxonomy":"product_tag","embeddable":true,"href":"https:\/\/lubrimas.pe\/tienda\/wp-json\/wp\/v2\/product_tag?post=14298"}],"curies":[{"name":"wp","href":"https:\/\/api.w.org\/{rel}","templated":true}]}}