{"id":14876,"date":"2025-11-14T12:36:12","date_gmt":"2025-11-14T17:36:12","guid":{"rendered":"https:\/\/lubrimas.pe\/tienda\/?post_type=product&#038;p=14876"},"modified":"2026-04-24T12:32:40","modified_gmt":"2026-04-24T17:32:40","slug":"liqui-moly-molygen-new-generation-10w30-aceite-de-motor","status":"publish","type":"product","link":"https:\/\/lubrimas.pe\/tienda\/aceite-de-motor\/liqui-moly-molygen-new-generation-10w30-aceite-de-motor\/","title":{"rendered":"LIQUI MOLY MOLYGEN NEW GENERATION 10W30 &#8211; Aceite de Motor"},"content":{"rendered":"<p><strong>LIQUI MOLY MOLYGEN NEW GENERATION 10W30 <\/strong>es un aceite de tecnolog\u00eda sint\u00e9tica de alto rendimiento, adecuado para uso durante todo el a\u00f1o. Su f\u00f3rmula combina aceites b\u00e1sicos no convencionales con tecnolog\u00eda avanzada de aditivos y Molygen, ofreciendo baja viscosidad, alta resistencia al cizallamiento y protecci\u00f3n superior contra el desgaste. Previene la formaci\u00f3n de dep\u00f3sitos, reduce la fricci\u00f3n y el consumo de combustible, y alarga la vida \u00fatil del motor.<\/p>\n<p>Id\u00f3neo para modernos motores de gasolina asi\u00e1ticos y americanos con tecnolog\u00eda multiv\u00e1lvulas, turbocompresi\u00f3n y con y sin refrigeraci\u00f3n del aire de<br \/>\nsobrealimentaci\u00f3n. Para proteger el motor y mantener su valor en caso de intervalos de cambio de aceite prolongados y altas exigencias al motor.<\/p>\n<h5 class=\"type\"><strong>CARACTER\u00cdSTICAS PRINCIPALES<\/strong><\/h5>\n<ul>\n<li>Excelente protecci\u00f3n contra el desgaste<\/li>\n<li>Reduce la fricci\u00f3n y el desgaste<\/li>\n<li>Funcionamiento suave del motor<\/li>\n<li>Probado en turbocompresores y catalizadores<\/li>\n<li>Excelente limpieza del motor<\/li>\n<li>Excelente resistencia al cizallamiento<\/li>\n<\/ul>\n<h5><strong>APROBACIONES\u00a0<\/strong><\/h5>\n<p>API SQ, ILSAC GF-7A<\/p>\n<h5><strong>ESPECIFICACIONES OEM<\/strong><\/h5>\n<p>Chrysler MS-6395, Daihatsu, Fiat 9.55535-CR1, Ford, GM, GM 6094 M, Honda, Hyundai, Isuzu, Kia, Mazda, Mitsubishi, Nissan, Subaru, Suzuki, Toyota<\/p>\n<h5><strong>INFORMACI\u00d3N ADICIONAL<\/strong><\/h5>\n<div class=\"aditional-info-tecnical-lp\"><a href=\"https:\/\/lubrimas.pe\/tienda\/wp-content\/uploads\/sites\/3\/2025\/11\/LubriMas-Ficha-Tecnica-Liqui-Moly-Molygen-New-Generation-10W30.pdf\" target=\"_blank\" rel=\"noopener\">FICHA T\u00c9CNICA<\/a><br \/>\n<a href=\"https:\/\/www.liqui-moly.com\/es\/molygen-new-generation-10w-30-p003599.html?srsltid=AfmBOorzYtvWlsXoQ5yacPm3aGKBUfQP6KX3XXYTU2r0BveaqjTR0fd5#tab-label-approvalsandspecifications-title\" target=\"_blank\" rel=\"noopener\">SITIO OFICIAL<\/a><\/div>\n<p>&nbsp;<\/p>\n<blockquote><p>LM 20797, LM-20797, LM202797, LIQUIMOLY, LIQUI MOLY, ADITIVOS LUBRICANTES ALEMANES<\/p><\/blockquote>\n","protected":false},"excerpt":{"rendered":"<p>LIQUI MOLY MOLYGEN NEW GENERATION 10W30 es un aceite de tecnolog\u00eda sint\u00e9tica de alto rendimiento, adecuado para uso durante todo el a\u00f1o. Su f\u00f3rmula combina aceites b\u00e1sicos no convencionales con<\/p>\n","protected":false},"featured_media":14880,"template":"","meta":[],"product_brand":[],"product_cat":[16,22],"product_tag":[],"class_list":{"0":"post-14876","1":"product","2":"type-product","3":"status-publish","4":"has-post-thumbnail","6":"product_cat-aceite-de-motor","7":"product_cat-motor-gasolina-gas","8":"pa_calidad-sintetico-tecnologia-sintetica","9":"pa_envio-envio-gratis","10":"pa_especificaciones-ilsac-gf-7a","11":"pa_grado-10w30","12":"pa_marca-liquimoly","14":"first","15":"instock","16":"shipping-taxable","17":"purchasable","18":"product-type-variable","19":"has-default-attributes"},"yoast_head":"<!-- This site is optimized with the Yoast SEO plugin v27.4 - https:\/\/yoast.com\/product\/yoast-seo-wordpress\/ -->\n<title>LIQUI MOLY MOLYGEN NEW GENERATION 10W30 - Aceite de Motor | Lubrimas.pe | Tienda Online<\/title>\n<meta name=\"description\" content=\"Aceite Liqui Moly Molygen 10W30 brinda estabilidad t\u00e9rmica y protecci\u00f3n en uso urbano. Ideal para motores exigidos. Disponible para compra online en Per\u00fa.\" \/>\n<meta name=\"robots\" content=\"index, follow, max-snippet:-1, max-image-preview:large, max-video-preview:-1\" \/>\n<link rel=\"canonical\" href=\"https:\/\/lubrimas.pe\/tienda\/aceite-de-motor\/liqui-moly-molygen-new-generation-10w30-aceite-de-motor\/\" \/>\n<meta property=\"og:locale\" content=\"es_ES\" \/>\n<meta property=\"og:type\" content=\"article\" \/>\n<meta property=\"og:title\" content=\"LIQUI MOLY MOLYGEN NEW GENERATION 10W30 - Aceite de Motor | Lubrimas.pe | Tienda Online\" \/>\n<meta property=\"og:description\" content=\"Aceite Liqui Moly Molygen 10W30 brinda estabilidad t\u00e9rmica y protecci\u00f3n en uso urbano. Ideal para motores exigidos. Disponible para compra online en Per\u00fa.\" \/>\n<meta property=\"og:url\" content=\"https:\/\/lubrimas.pe\/tienda\/aceite-de-motor\/liqui-moly-molygen-new-generation-10w30-aceite-de-motor\/\" \/>\n<meta property=\"og:site_name\" content=\"Lubrimas.pe | Tienda Online\" \/>\n<meta property=\"article:modified_time\" content=\"2026-04-24T17:32:40+00:00\" \/>\n<meta property=\"og:image\" content=\"https:\/\/lubrimas.pe\/tienda\/wp-content\/uploads\/sites\/3\/2025\/11\/molygen-10w30.webp\" \/>\n\t<meta property=\"og:image:width\" content=\"850\" \/>\n\t<meta property=\"og:image:height\" content=\"1000\" \/>\n\t<meta property=\"og:image:type\" content=\"image\/webp\" \/>\n<meta name=\"twitter:card\" content=\"summary_large_image\" \/>\n<meta name=\"twitter:label1\" content=\"Tiempo de lectura\" \/>\n\t<meta name=\"twitter:data1\" content=\"1 minuto\" \/>\n<script type=\"application\/ld+json\" class=\"yoast-schema-graph\">{\"@context\":\"https:\\\/\\\/schema.org\",\"@graph\":[{\"@type\":[\"WebPage\",\"ItemPage\"],\"@id\":\"https:\\\/\\\/lubrimas.pe\\\/tienda\\\/aceite-de-motor\\\/liqui-moly-molygen-new-generation-10w30-aceite-de-motor\\\/\",\"url\":\"https:\\\/\\\/lubrimas.pe\\\/tienda\\\/aceite-de-motor\\\/liqui-moly-molygen-new-generation-10w30-aceite-de-motor\\\/\",\"name\":\"LIQUI MOLY MOLYGEN NEW GENERATION 10W30 - Aceite de Motor | Lubrimas.pe | Tienda Online\",\"isPartOf\":{\"@id\":\"https:\\\/\\\/lubrimas.pe\\\/tienda\\\/#website\"},\"primaryImageOfPage\":{\"@id\":\"https:\\\/\\\/lubrimas.pe\\\/tienda\\\/aceite-de-motor\\\/liqui-moly-molygen-new-generation-10w30-aceite-de-motor\\\/#primaryimage\"},\"image\":{\"@id\":\"https:\\\/\\\/lubrimas.pe\\\/tienda\\\/aceite-de-motor\\\/liqui-moly-molygen-new-generation-10w30-aceite-de-motor\\\/#primaryimage\"},\"thumbnailUrl\":\"https:\\\/\\\/lubrimas.pe\\\/tienda\\\/wp-content\\\/uploads\\\/sites\\\/3\\\/2025\\\/11\\\/molygen-10w30.webp\",\"datePublished\":\"2025-11-14T17:36:12+00:00\",\"dateModified\":\"2026-04-24T17:32:40+00:00\",\"description\":\"Aceite Liqui Moly Molygen 10W30 brinda estabilidad t\u00e9rmica y protecci\u00f3n en uso urbano. Ideal para motores exigidos. Disponible para compra online en Per\u00fa.\",\"breadcrumb\":{\"@id\":\"https:\\\/\\\/lubrimas.pe\\\/tienda\\\/aceite-de-motor\\\/liqui-moly-molygen-new-generation-10w30-aceite-de-motor\\\/#breadcrumb\"},\"inLanguage\":\"es\",\"potentialAction\":[{\"@type\":\"ReadAction\",\"target\":[\"https:\\\/\\\/lubrimas.pe\\\/tienda\\\/aceite-de-motor\\\/liqui-moly-molygen-new-generation-10w30-aceite-de-motor\\\/\"]}]},{\"@type\":\"ImageObject\",\"inLanguage\":\"es\",\"@id\":\"https:\\\/\\\/lubrimas.pe\\\/tienda\\\/aceite-de-motor\\\/liqui-moly-molygen-new-generation-10w30-aceite-de-motor\\\/#primaryimage\",\"url\":\"https:\\\/\\\/lubrimas.pe\\\/tienda\\\/wp-content\\\/uploads\\\/sites\\\/3\\\/2025\\\/11\\\/molygen-10w30.webp\",\"contentUrl\":\"https:\\\/\\\/lubrimas.pe\\\/tienda\\\/wp-content\\\/uploads\\\/sites\\\/3\\\/2025\\\/11\\\/molygen-10w30.webp\",\"width\":850,\"height\":1000},{\"@type\":\"BreadcrumbList\",\"@id\":\"https:\\\/\\\/lubrimas.pe\\\/tienda\\\/aceite-de-motor\\\/liqui-moly-molygen-new-generation-10w30-aceite-de-motor\\\/#breadcrumb\",\"itemListElement\":[{\"@type\":\"ListItem\",\"position\":1,\"name\":\"Portada\",\"item\":\"https:\\\/\\\/lubrimas.pe\\\/tienda\\\/\"},{\"@type\":\"ListItem\",\"position\":2,\"name\":\"Cat\u00e1logo\",\"item\":\"https:\\\/\\\/lubrimas.pe\\\/tienda\\\/productos\\\/\"},{\"@type\":\"ListItem\",\"position\":3,\"name\":\"LIQUI MOLY MOLYGEN NEW GENERATION 10W30 &#8211; Aceite de Motor\"}]},{\"@type\":\"WebSite\",\"@id\":\"https:\\\/\\\/lubrimas.pe\\\/tienda\\\/#website\",\"url\":\"https:\\\/\\\/lubrimas.pe\\\/tienda\\\/\",\"name\":\"Lubrimas.pe | Tienda Online\",\"description\":\"Tus lubricantes favoritos al mejor precio!\",\"publisher\":{\"@id\":\"https:\\\/\\\/lubrimas.pe\\\/tienda\\\/#organization\"},\"potentialAction\":[{\"@type\":\"SearchAction\",\"target\":{\"@type\":\"EntryPoint\",\"urlTemplate\":\"https:\\\/\\\/lubrimas.pe\\\/tienda\\\/?s={search_term_string}\"},\"query-input\":{\"@type\":\"PropertyValueSpecification\",\"valueRequired\":true,\"valueName\":\"search_term_string\"}}],\"inLanguage\":\"es\"},{\"@type\":\"Organization\",\"@id\":\"https:\\\/\\\/lubrimas.pe\\\/tienda\\\/#organization\",\"name\":\"Lubrimas.pe\",\"url\":\"https:\\\/\\\/lubrimas.pe\\\/tienda\\\/\",\"logo\":{\"@type\":\"ImageObject\",\"inLanguage\":\"es\",\"@id\":\"https:\\\/\\\/lubrimas.pe\\\/tienda\\\/#\\\/schema\\\/logo\\\/image\\\/\",\"url\":\"https:\\\/\\\/lubrimas.pe\\\/tienda\\\/wp-content\\\/uploads\\\/sites\\\/3\\\/2022\\\/07\\\/BANNERS-PROMO-CYBER-WOW-LUBRIMASPE-2022-07.webp\",\"contentUrl\":\"https:\\\/\\\/lubrimas.pe\\\/tienda\\\/wp-content\\\/uploads\\\/sites\\\/3\\\/2022\\\/07\\\/BANNERS-PROMO-CYBER-WOW-LUBRIMASPE-2022-07.webp\",\"width\":500,\"height\":752,\"caption\":\"Lubrimas.pe\"},\"image\":{\"@id\":\"https:\\\/\\\/lubrimas.pe\\\/tienda\\\/#\\\/schema\\\/logo\\\/image\\\/\"}}]}<\/script>\n<!-- \/ Yoast SEO plugin. -->","yoast_head_json":{"title":"LIQUI MOLY MOLYGEN NEW GENERATION 10W30 - Aceite de Motor | Lubrimas.pe | Tienda Online","description":"Aceite Liqui Moly Molygen 10W30 brinda estabilidad t\u00e9rmica y protecci\u00f3n en uso urbano. Ideal para motores exigidos. Disponible para compra online en Per\u00fa.","robots":{"index":"index","follow":"follow","max-snippet":"max-snippet:-1","max-image-preview":"max-image-preview:large","max-video-preview":"max-video-preview:-1"},"canonical":"https:\/\/lubrimas.pe\/tienda\/aceite-de-motor\/liqui-moly-molygen-new-generation-10w30-aceite-de-motor\/","og_locale":"es_ES","og_type":"article","og_title":"LIQUI MOLY MOLYGEN NEW GENERATION 10W30 - Aceite de Motor | Lubrimas.pe | Tienda Online","og_description":"Aceite Liqui Moly Molygen 10W30 brinda estabilidad t\u00e9rmica y protecci\u00f3n en uso urbano. Ideal para motores exigidos. Disponible para compra online en Per\u00fa.","og_url":"https:\/\/lubrimas.pe\/tienda\/aceite-de-motor\/liqui-moly-molygen-new-generation-10w30-aceite-de-motor\/","og_site_name":"Lubrimas.pe | Tienda Online","article_modified_time":"2026-04-24T17:32:40+00:00","og_image":[{"width":850,"height":1000,"url":"https:\/\/lubrimas.pe\/tienda\/wp-content\/uploads\/sites\/3\/2025\/11\/molygen-10w30.webp","type":"image\/webp"}],"twitter_card":"summary_large_image","twitter_misc":{"Tiempo de lectura":"1 minuto"},"schema":{"@context":"https:\/\/schema.org","@graph":[{"@type":["WebPage","ItemPage"],"@id":"https:\/\/lubrimas.pe\/tienda\/aceite-de-motor\/liqui-moly-molygen-new-generation-10w30-aceite-de-motor\/","url":"https:\/\/lubrimas.pe\/tienda\/aceite-de-motor\/liqui-moly-molygen-new-generation-10w30-aceite-de-motor\/","name":"LIQUI MOLY MOLYGEN NEW GENERATION 10W30 - Aceite de Motor | Lubrimas.pe | Tienda Online","isPartOf":{"@id":"https:\/\/lubrimas.pe\/tienda\/#website"},"primaryImageOfPage":{"@id":"https:\/\/lubrimas.pe\/tienda\/aceite-de-motor\/liqui-moly-molygen-new-generation-10w30-aceite-de-motor\/#primaryimage"},"image":{"@id":"https:\/\/lubrimas.pe\/tienda\/aceite-de-motor\/liqui-moly-molygen-new-generation-10w30-aceite-de-motor\/#primaryimage"},"thumbnailUrl":"https:\/\/lubrimas.pe\/tienda\/wp-content\/uploads\/sites\/3\/2025\/11\/molygen-10w30.webp","datePublished":"2025-11-14T17:36:12+00:00","dateModified":"2026-04-24T17:32:40+00:00","description":"Aceite Liqui Moly Molygen 10W30 brinda estabilidad t\u00e9rmica y protecci\u00f3n en uso urbano. Ideal para motores exigidos. Disponible para compra online en Per\u00fa.","breadcrumb":{"@id":"https:\/\/lubrimas.pe\/tienda\/aceite-de-motor\/liqui-moly-molygen-new-generation-10w30-aceite-de-motor\/#breadcrumb"},"inLanguage":"es","potentialAction":[{"@type":"ReadAction","target":["https:\/\/lubrimas.pe\/tienda\/aceite-de-motor\/liqui-moly-molygen-new-generation-10w30-aceite-de-motor\/"]}]},{"@type":"ImageObject","inLanguage":"es","@id":"https:\/\/lubrimas.pe\/tienda\/aceite-de-motor\/liqui-moly-molygen-new-generation-10w30-aceite-de-motor\/#primaryimage","url":"https:\/\/lubrimas.pe\/tienda\/wp-content\/uploads\/sites\/3\/2025\/11\/molygen-10w30.webp","contentUrl":"https:\/\/lubrimas.pe\/tienda\/wp-content\/uploads\/sites\/3\/2025\/11\/molygen-10w30.webp","width":850,"height":1000},{"@type":"BreadcrumbList","@id":"https:\/\/lubrimas.pe\/tienda\/aceite-de-motor\/liqui-moly-molygen-new-generation-10w30-aceite-de-motor\/#breadcrumb","itemListElement":[{"@type":"ListItem","position":1,"name":"Portada","item":"https:\/\/lubrimas.pe\/tienda\/"},{"@type":"ListItem","position":2,"name":"Cat\u00e1logo","item":"https:\/\/lubrimas.pe\/tienda\/productos\/"},{"@type":"ListItem","position":3,"name":"LIQUI MOLY MOLYGEN NEW GENERATION 10W30 &#8211; Aceite de Motor"}]},{"@type":"WebSite","@id":"https:\/\/lubrimas.pe\/tienda\/#website","url":"https:\/\/lubrimas.pe\/tienda\/","name":"Lubrimas.pe | Tienda Online","description":"Tus lubricantes favoritos al mejor precio!","publisher":{"@id":"https:\/\/lubrimas.pe\/tienda\/#organization"},"potentialAction":[{"@type":"SearchAction","target":{"@type":"EntryPoint","urlTemplate":"https:\/\/lubrimas.pe\/tienda\/?s={search_term_string}"},"query-input":{"@type":"PropertyValueSpecification","valueRequired":true,"valueName":"search_term_string"}}],"inLanguage":"es"},{"@type":"Organization","@id":"https:\/\/lubrimas.pe\/tienda\/#organization","name":"Lubrimas.pe","url":"https:\/\/lubrimas.pe\/tienda\/","logo":{"@type":"ImageObject","inLanguage":"es","@id":"https:\/\/lubrimas.pe\/tienda\/#\/schema\/logo\/image\/","url":"https:\/\/lubrimas.pe\/tienda\/wp-content\/uploads\/sites\/3\/2022\/07\/BANNERS-PROMO-CYBER-WOW-LUBRIMASPE-2022-07.webp","contentUrl":"https:\/\/lubrimas.pe\/tienda\/wp-content\/uploads\/sites\/3\/2022\/07\/BANNERS-PROMO-CYBER-WOW-LUBRIMASPE-2022-07.webp","width":500,"height":752,"caption":"Lubrimas.pe"},"image":{"@id":"https:\/\/lubrimas.pe\/tienda\/#\/schema\/logo\/image\/"}}]}},"_links":{"self":[{"href":"https:\/\/lubrimas.pe\/tienda\/wp-json\/wp\/v2\/product\/14876","targetHints":{"allow":["GET"]}}],"collection":[{"href":"https:\/\/lubrimas.pe\/tienda\/wp-json\/wp\/v2\/product"}],"about":[{"href":"https:\/\/lubrimas.pe\/tienda\/wp-json\/wp\/v2\/types\/product"}],"wp:featuredmedia":[{"embeddable":true,"href":"https:\/\/lubrimas.pe\/tienda\/wp-json\/wp\/v2\/media\/14880"}],"wp:attachment":[{"href":"https:\/\/lubrimas.pe\/tienda\/wp-json\/wp\/v2\/media?parent=14876"}],"wp:term":[{"taxonomy":"product_brand","embeddable":true,"href":"https:\/\/lubrimas.pe\/tienda\/wp-json\/wp\/v2\/product_brand?post=14876"},{"taxonomy":"product_cat","embeddable":true,"href":"https:\/\/lubrimas.pe\/tienda\/wp-json\/wp\/v2\/product_cat?post=14876"},{"taxonomy":"product_tag","embeddable":true,"href":"https:\/\/lubrimas.pe\/tienda\/wp-json\/wp\/v2\/product_tag?post=14876"}],"curies":[{"name":"wp","href":"https:\/\/api.w.org\/{rel}","templated":true}]}}