{"id":14882,"date":"2025-11-14T14:08:47","date_gmt":"2025-11-14T19:08:47","guid":{"rendered":"https:\/\/lubrimas.pe\/tienda\/?post_type=product&#038;p=14882"},"modified":"2026-04-24T12:26:04","modified_gmt":"2026-04-24T17:26:04","slug":"liqui-moly-molygen-new-generation-10w40-aceite-de-motor","status":"publish","type":"product","link":"https:\/\/lubrimas.pe\/tienda\/aceite-de-motor\/liqui-moly-molygen-new-generation-10w40-aceite-de-motor\/","title":{"rendered":"LIQUI MOLY MOLYGEN NEW GENERATION 10W40 &#8211; Aceite de Motor"},"content":{"rendered":"<p><strong>LIQUI MOLY MOLYGEN NEW GENERATION 10W40 <\/strong>es un aceite antifricci\u00f3n de alto rendimiento para motores para utilizar durante todo el a\u00f1o. La combinaci\u00f3n de aceites b\u00e1sicos no convencionales con la tecnolog\u00eda de aditivos m\u00e1s avanzada, as\u00ed como con el aditivo especial Molygen, garantiza un aceite de motor de baja viscosidad y alta resistencia al cizallamiento que evita de forma segura que se formen dep\u00f3sitos, disminuye la p\u00e9rdida de potencia del motor por rozamiento y proporciona una protecci\u00f3n \u00f3ptima contra el desgaste. Ello reduce el consumo de combustible a la vez que prolonga la vida \u00fatil del motor.<\/p>\n<p>Id\u00f3neo para modernos motores de gasolina, de turismos di\u00e9sel y motores con y sin turbocompresor. Para proteger el motor y mantener su valor en caso de intervalos de cambio de aceite prolongados y altos requerimientos.<\/p>\n<h5 class=\"type\"><strong>CARACTER\u00cdSTICAS PRINCIPALES<\/strong><\/h5>\n<ul>\n<li>R\u00e1pida alimentaci\u00f3n de aceite con temperaturas bajas<\/li>\n<li>Excelente limpieza del motor<\/li>\n<li>Ahorra combustible y reduce las emisiones de contaminantes<\/li>\n<li>\u00d3ptima resistencia al envejecimiento<\/li>\n<li>Alta estabilidad de cizallamiento<\/li>\n<li>Se puede mezclar con los aceites para motores usuales en el comercio<\/li>\n<li>Excelente protecci\u00f3n contra el desgaste<\/li>\n<li>Reduce la fricci\u00f3n y el desgaste<\/li>\n<li>Probado en turbocompresores y catalizadores<\/li>\n<li>Excelente comportamiento t\u00e9rmico con altas y bajas temperaturas<\/li>\n<\/ul>\n<h5><strong>APROBACIONES\u00a0<\/strong><\/h5>\n<p>ACEA A3, ACEA B4, API SN<\/p>\n<h5><strong>ESPECIFICACIONES OEM<\/strong><\/h5>\n<p>ACEA A3, ACEA B4, API SN, Fiat 9.55535-G2, GWM, HAVAL, MB 229.3, Peugeot Citroen (PSA) B71 2300, Renault RN 0700, Renault RN 0710, VW 501 01, VW 505 00, Wuling<\/p>\n<h5><strong>INFORMACI\u00d3N ADICIONAL<\/strong><\/h5>\n<div class=\"aditional-info-tecnical-lp\"><a href=\"https:\/\/lubrimas.pe\/tienda\/wp-content\/uploads\/sites\/3\/2025\/11\/LubriMas-Ficha-Tecnica-Liqui-Moly-Molygen-New-Generation-10W40.pdf\" target=\"_blank\" rel=\"noopener\">FICHA T\u00c9CNICA<\/a><br \/>\n<a href=\"https:\/\/www.liqui-moly.com\/es\/molygen-new-generation-10w-40-p001759.html?srsltid=AfmBOop_ZQCgwsDMrAa4LI8asVYFgqweV_Gv_g38xCqB7K5JzjmPKsoh#8538\" target=\"_blank\" rel=\"noopener\">SITIO OFICIAL<\/a><\/div>\n<p>&nbsp;<\/p>\n","protected":false},"excerpt":{"rendered":"<p>LIQUI MOLY MOLYGEN NEW GENERATION 10W40 es un aceite antifricci\u00f3n de alto rendimiento para motores para utilizar durante todo el a\u00f1o. La combinaci\u00f3n de aceites b\u00e1sicos no convencionales con la<\/p>\n","protected":false},"featured_media":14881,"template":"","meta":[],"product_brand":[],"product_cat":[16,22],"product_tag":[],"class_list":{"0":"post-14882","1":"product","2":"type-product","3":"status-publish","4":"has-post-thumbnail","6":"product_cat-aceite-de-motor","7":"product_cat-motor-gasolina-gas","8":"pa_calidad-sintetico-tecnologia-sintetica","9":"pa_envio-envio-gratis","10":"pa_especificaciones-acea-a3","11":"pa_especificaciones-acea-b4","12":"pa_grado-10w40","13":"pa_marca-liquimoly","15":"first","16":"instock","17":"shipping-taxable","18":"purchasable","19":"product-type-variable","20":"has-default-attributes"},"yoast_head":"<!-- This site is optimized with the Yoast SEO plugin v27.4 - https:\/\/yoast.com\/product\/yoast-seo-wordpress\/ -->\n<title>LIQUI MOLY MOLYGEN NEW GENERATION 10W40 - Aceite de Motor | Lubrimas.pe | Tienda Online<\/title>\n<meta name=\"description\" content=\"Aceite Liqui Moly Molygen 10W40. Ideal para motores con mayor kilometraje, brinda protecci\u00f3n y estabilidad en uso diario. Compra online en Per\u00fa.\" \/>\n<meta name=\"robots\" content=\"index, follow, max-snippet:-1, max-image-preview:large, max-video-preview:-1\" \/>\n<link rel=\"canonical\" href=\"https:\/\/lubrimas.pe\/tienda\/aceite-de-motor\/liqui-moly-molygen-new-generation-10w40-aceite-de-motor\/\" \/>\n<meta property=\"og:locale\" content=\"es_ES\" \/>\n<meta property=\"og:type\" content=\"article\" \/>\n<meta property=\"og:title\" content=\"LIQUI MOLY MOLYGEN NEW GENERATION 10W40 - Aceite de Motor | Lubrimas.pe | Tienda Online\" \/>\n<meta property=\"og:description\" content=\"Aceite Liqui Moly Molygen 10W40. Ideal para motores con mayor kilometraje, brinda protecci\u00f3n y estabilidad en uso diario. Compra online en Per\u00fa.\" \/>\n<meta property=\"og:url\" content=\"https:\/\/lubrimas.pe\/tienda\/aceite-de-motor\/liqui-moly-molygen-new-generation-10w40-aceite-de-motor\/\" \/>\n<meta property=\"og:site_name\" content=\"Lubrimas.pe | Tienda Online\" \/>\n<meta property=\"article:modified_time\" content=\"2026-04-24T17:26:04+00:00\" \/>\n<meta property=\"og:image\" content=\"https:\/\/lubrimas.pe\/tienda\/wp-content\/uploads\/sites\/3\/2025\/11\/molygen-10w40.webp\" \/>\n\t<meta property=\"og:image:width\" content=\"850\" \/>\n\t<meta property=\"og:image:height\" content=\"1000\" \/>\n\t<meta property=\"og:image:type\" content=\"image\/webp\" \/>\n<meta name=\"twitter:card\" content=\"summary_large_image\" \/>\n<meta name=\"twitter:label1\" content=\"Tiempo de lectura\" \/>\n\t<meta name=\"twitter:data1\" content=\"1 minuto\" \/>\n<script type=\"application\/ld+json\" class=\"yoast-schema-graph\">{\"@context\":\"https:\\\/\\\/schema.org\",\"@graph\":[{\"@type\":[\"WebPage\",\"ItemPage\"],\"@id\":\"https:\\\/\\\/lubrimas.pe\\\/tienda\\\/aceite-de-motor\\\/liqui-moly-molygen-new-generation-10w40-aceite-de-motor\\\/\",\"url\":\"https:\\\/\\\/lubrimas.pe\\\/tienda\\\/aceite-de-motor\\\/liqui-moly-molygen-new-generation-10w40-aceite-de-motor\\\/\",\"name\":\"LIQUI MOLY MOLYGEN NEW GENERATION 10W40 - Aceite de Motor | Lubrimas.pe | Tienda Online\",\"isPartOf\":{\"@id\":\"https:\\\/\\\/lubrimas.pe\\\/tienda\\\/#website\"},\"primaryImageOfPage\":{\"@id\":\"https:\\\/\\\/lubrimas.pe\\\/tienda\\\/aceite-de-motor\\\/liqui-moly-molygen-new-generation-10w40-aceite-de-motor\\\/#primaryimage\"},\"image\":{\"@id\":\"https:\\\/\\\/lubrimas.pe\\\/tienda\\\/aceite-de-motor\\\/liqui-moly-molygen-new-generation-10w40-aceite-de-motor\\\/#primaryimage\"},\"thumbnailUrl\":\"https:\\\/\\\/lubrimas.pe\\\/tienda\\\/wp-content\\\/uploads\\\/sites\\\/3\\\/2025\\\/11\\\/molygen-10w40.webp\",\"datePublished\":\"2025-11-14T19:08:47+00:00\",\"dateModified\":\"2026-04-24T17:26:04+00:00\",\"description\":\"Aceite Liqui Moly Molygen 10W40. Ideal para motores con mayor kilometraje, brinda protecci\u00f3n y estabilidad en uso diario. Compra online en Per\u00fa.\",\"breadcrumb\":{\"@id\":\"https:\\\/\\\/lubrimas.pe\\\/tienda\\\/aceite-de-motor\\\/liqui-moly-molygen-new-generation-10w40-aceite-de-motor\\\/#breadcrumb\"},\"inLanguage\":\"es\",\"potentialAction\":[{\"@type\":\"ReadAction\",\"target\":[\"https:\\\/\\\/lubrimas.pe\\\/tienda\\\/aceite-de-motor\\\/liqui-moly-molygen-new-generation-10w40-aceite-de-motor\\\/\"]}]},{\"@type\":\"ImageObject\",\"inLanguage\":\"es\",\"@id\":\"https:\\\/\\\/lubrimas.pe\\\/tienda\\\/aceite-de-motor\\\/liqui-moly-molygen-new-generation-10w40-aceite-de-motor\\\/#primaryimage\",\"url\":\"https:\\\/\\\/lubrimas.pe\\\/tienda\\\/wp-content\\\/uploads\\\/sites\\\/3\\\/2025\\\/11\\\/molygen-10w40.webp\",\"contentUrl\":\"https:\\\/\\\/lubrimas.pe\\\/tienda\\\/wp-content\\\/uploads\\\/sites\\\/3\\\/2025\\\/11\\\/molygen-10w40.webp\",\"width\":850,\"height\":1000},{\"@type\":\"BreadcrumbList\",\"@id\":\"https:\\\/\\\/lubrimas.pe\\\/tienda\\\/aceite-de-motor\\\/liqui-moly-molygen-new-generation-10w40-aceite-de-motor\\\/#breadcrumb\",\"itemListElement\":[{\"@type\":\"ListItem\",\"position\":1,\"name\":\"Portada\",\"item\":\"https:\\\/\\\/lubrimas.pe\\\/tienda\\\/\"},{\"@type\":\"ListItem\",\"position\":2,\"name\":\"Cat\u00e1logo\",\"item\":\"https:\\\/\\\/lubrimas.pe\\\/tienda\\\/productos\\\/\"},{\"@type\":\"ListItem\",\"position\":3,\"name\":\"LIQUI MOLY MOLYGEN NEW GENERATION 10W40 &#8211; Aceite de Motor\"}]},{\"@type\":\"WebSite\",\"@id\":\"https:\\\/\\\/lubrimas.pe\\\/tienda\\\/#website\",\"url\":\"https:\\\/\\\/lubrimas.pe\\\/tienda\\\/\",\"name\":\"Lubrimas.pe | Tienda Online\",\"description\":\"Tus lubricantes favoritos al mejor precio!\",\"publisher\":{\"@id\":\"https:\\\/\\\/lubrimas.pe\\\/tienda\\\/#organization\"},\"potentialAction\":[{\"@type\":\"SearchAction\",\"target\":{\"@type\":\"EntryPoint\",\"urlTemplate\":\"https:\\\/\\\/lubrimas.pe\\\/tienda\\\/?s={search_term_string}\"},\"query-input\":{\"@type\":\"PropertyValueSpecification\",\"valueRequired\":true,\"valueName\":\"search_term_string\"}}],\"inLanguage\":\"es\"},{\"@type\":\"Organization\",\"@id\":\"https:\\\/\\\/lubrimas.pe\\\/tienda\\\/#organization\",\"name\":\"Lubrimas.pe\",\"url\":\"https:\\\/\\\/lubrimas.pe\\\/tienda\\\/\",\"logo\":{\"@type\":\"ImageObject\",\"inLanguage\":\"es\",\"@id\":\"https:\\\/\\\/lubrimas.pe\\\/tienda\\\/#\\\/schema\\\/logo\\\/image\\\/\",\"url\":\"https:\\\/\\\/lubrimas.pe\\\/tienda\\\/wp-content\\\/uploads\\\/sites\\\/3\\\/2022\\\/07\\\/BANNERS-PROMO-CYBER-WOW-LUBRIMASPE-2022-07.webp\",\"contentUrl\":\"https:\\\/\\\/lubrimas.pe\\\/tienda\\\/wp-content\\\/uploads\\\/sites\\\/3\\\/2022\\\/07\\\/BANNERS-PROMO-CYBER-WOW-LUBRIMASPE-2022-07.webp\",\"width\":500,\"height\":752,\"caption\":\"Lubrimas.pe\"},\"image\":{\"@id\":\"https:\\\/\\\/lubrimas.pe\\\/tienda\\\/#\\\/schema\\\/logo\\\/image\\\/\"}}]}<\/script>\n<!-- \/ Yoast SEO plugin. -->","yoast_head_json":{"title":"LIQUI MOLY MOLYGEN NEW GENERATION 10W40 - Aceite de Motor | Lubrimas.pe | Tienda Online","description":"Aceite Liqui Moly Molygen 10W40. Ideal para motores con mayor kilometraje, brinda protecci\u00f3n y estabilidad en uso diario. Compra online en Per\u00fa.","robots":{"index":"index","follow":"follow","max-snippet":"max-snippet:-1","max-image-preview":"max-image-preview:large","max-video-preview":"max-video-preview:-1"},"canonical":"https:\/\/lubrimas.pe\/tienda\/aceite-de-motor\/liqui-moly-molygen-new-generation-10w40-aceite-de-motor\/","og_locale":"es_ES","og_type":"article","og_title":"LIQUI MOLY MOLYGEN NEW GENERATION 10W40 - Aceite de Motor | Lubrimas.pe | Tienda Online","og_description":"Aceite Liqui Moly Molygen 10W40. Ideal para motores con mayor kilometraje, brinda protecci\u00f3n y estabilidad en uso diario. Compra online en Per\u00fa.","og_url":"https:\/\/lubrimas.pe\/tienda\/aceite-de-motor\/liqui-moly-molygen-new-generation-10w40-aceite-de-motor\/","og_site_name":"Lubrimas.pe | Tienda Online","article_modified_time":"2026-04-24T17:26:04+00:00","og_image":[{"width":850,"height":1000,"url":"https:\/\/lubrimas.pe\/tienda\/wp-content\/uploads\/sites\/3\/2025\/11\/molygen-10w40.webp","type":"image\/webp"}],"twitter_card":"summary_large_image","twitter_misc":{"Tiempo de lectura":"1 minuto"},"schema":{"@context":"https:\/\/schema.org","@graph":[{"@type":["WebPage","ItemPage"],"@id":"https:\/\/lubrimas.pe\/tienda\/aceite-de-motor\/liqui-moly-molygen-new-generation-10w40-aceite-de-motor\/","url":"https:\/\/lubrimas.pe\/tienda\/aceite-de-motor\/liqui-moly-molygen-new-generation-10w40-aceite-de-motor\/","name":"LIQUI MOLY MOLYGEN NEW GENERATION 10W40 - Aceite de Motor | Lubrimas.pe | Tienda Online","isPartOf":{"@id":"https:\/\/lubrimas.pe\/tienda\/#website"},"primaryImageOfPage":{"@id":"https:\/\/lubrimas.pe\/tienda\/aceite-de-motor\/liqui-moly-molygen-new-generation-10w40-aceite-de-motor\/#primaryimage"},"image":{"@id":"https:\/\/lubrimas.pe\/tienda\/aceite-de-motor\/liqui-moly-molygen-new-generation-10w40-aceite-de-motor\/#primaryimage"},"thumbnailUrl":"https:\/\/lubrimas.pe\/tienda\/wp-content\/uploads\/sites\/3\/2025\/11\/molygen-10w40.webp","datePublished":"2025-11-14T19:08:47+00:00","dateModified":"2026-04-24T17:26:04+00:00","description":"Aceite Liqui Moly Molygen 10W40. Ideal para motores con mayor kilometraje, brinda protecci\u00f3n y estabilidad en uso diario. Compra online en Per\u00fa.","breadcrumb":{"@id":"https:\/\/lubrimas.pe\/tienda\/aceite-de-motor\/liqui-moly-molygen-new-generation-10w40-aceite-de-motor\/#breadcrumb"},"inLanguage":"es","potentialAction":[{"@type":"ReadAction","target":["https:\/\/lubrimas.pe\/tienda\/aceite-de-motor\/liqui-moly-molygen-new-generation-10w40-aceite-de-motor\/"]}]},{"@type":"ImageObject","inLanguage":"es","@id":"https:\/\/lubrimas.pe\/tienda\/aceite-de-motor\/liqui-moly-molygen-new-generation-10w40-aceite-de-motor\/#primaryimage","url":"https:\/\/lubrimas.pe\/tienda\/wp-content\/uploads\/sites\/3\/2025\/11\/molygen-10w40.webp","contentUrl":"https:\/\/lubrimas.pe\/tienda\/wp-content\/uploads\/sites\/3\/2025\/11\/molygen-10w40.webp","width":850,"height":1000},{"@type":"BreadcrumbList","@id":"https:\/\/lubrimas.pe\/tienda\/aceite-de-motor\/liqui-moly-molygen-new-generation-10w40-aceite-de-motor\/#breadcrumb","itemListElement":[{"@type":"ListItem","position":1,"name":"Portada","item":"https:\/\/lubrimas.pe\/tienda\/"},{"@type":"ListItem","position":2,"name":"Cat\u00e1logo","item":"https:\/\/lubrimas.pe\/tienda\/productos\/"},{"@type":"ListItem","position":3,"name":"LIQUI MOLY MOLYGEN NEW GENERATION 10W40 &#8211; Aceite de Motor"}]},{"@type":"WebSite","@id":"https:\/\/lubrimas.pe\/tienda\/#website","url":"https:\/\/lubrimas.pe\/tienda\/","name":"Lubrimas.pe | Tienda Online","description":"Tus lubricantes favoritos al mejor precio!","publisher":{"@id":"https:\/\/lubrimas.pe\/tienda\/#organization"},"potentialAction":[{"@type":"SearchAction","target":{"@type":"EntryPoint","urlTemplate":"https:\/\/lubrimas.pe\/tienda\/?s={search_term_string}"},"query-input":{"@type":"PropertyValueSpecification","valueRequired":true,"valueName":"search_term_string"}}],"inLanguage":"es"},{"@type":"Organization","@id":"https:\/\/lubrimas.pe\/tienda\/#organization","name":"Lubrimas.pe","url":"https:\/\/lubrimas.pe\/tienda\/","logo":{"@type":"ImageObject","inLanguage":"es","@id":"https:\/\/lubrimas.pe\/tienda\/#\/schema\/logo\/image\/","url":"https:\/\/lubrimas.pe\/tienda\/wp-content\/uploads\/sites\/3\/2022\/07\/BANNERS-PROMO-CYBER-WOW-LUBRIMASPE-2022-07.webp","contentUrl":"https:\/\/lubrimas.pe\/tienda\/wp-content\/uploads\/sites\/3\/2022\/07\/BANNERS-PROMO-CYBER-WOW-LUBRIMASPE-2022-07.webp","width":500,"height":752,"caption":"Lubrimas.pe"},"image":{"@id":"https:\/\/lubrimas.pe\/tienda\/#\/schema\/logo\/image\/"}}]}},"_links":{"self":[{"href":"https:\/\/lubrimas.pe\/tienda\/wp-json\/wp\/v2\/product\/14882","targetHints":{"allow":["GET"]}}],"collection":[{"href":"https:\/\/lubrimas.pe\/tienda\/wp-json\/wp\/v2\/product"}],"about":[{"href":"https:\/\/lubrimas.pe\/tienda\/wp-json\/wp\/v2\/types\/product"}],"wp:featuredmedia":[{"embeddable":true,"href":"https:\/\/lubrimas.pe\/tienda\/wp-json\/wp\/v2\/media\/14881"}],"wp:attachment":[{"href":"https:\/\/lubrimas.pe\/tienda\/wp-json\/wp\/v2\/media?parent=14882"}],"wp:term":[{"taxonomy":"product_brand","embeddable":true,"href":"https:\/\/lubrimas.pe\/tienda\/wp-json\/wp\/v2\/product_brand?post=14882"},{"taxonomy":"product_cat","embeddable":true,"href":"https:\/\/lubrimas.pe\/tienda\/wp-json\/wp\/v2\/product_cat?post=14882"},{"taxonomy":"product_tag","embeddable":true,"href":"https:\/\/lubrimas.pe\/tienda\/wp-json\/wp\/v2\/product_tag?post=14882"}],"curies":[{"name":"wp","href":"https:\/\/api.w.org\/{rel}","templated":true}]}}