{"id":14884,"date":"2025-11-14T14:15:02","date_gmt":"2025-11-14T19:15:02","guid":{"rendered":"https:\/\/lubrimas.pe\/tienda\/?post_type=product&#038;p=14884"},"modified":"2026-04-24T12:25:49","modified_gmt":"2026-04-24T17:25:49","slug":"liqui-moly-molygen-new-generation-5w40-aceite-de-motor","status":"publish","type":"product","link":"https:\/\/lubrimas.pe\/tienda\/aceite-de-motor\/liqui-moly-molygen-new-generation-5w40-aceite-de-motor\/","title":{"rendered":"LIQUI MOLY MOLYGEN NEW GENERATION 5W40 &#8211; Aceite de Motor"},"content":{"rendered":"<p><strong>LIQUI MOLY MOLYGEN NEW GENERATION 5W40 <\/strong>es un aceite antifricci\u00f3n de alta tecnolog\u00eda con baja viscosidad y alta estabilidad al cizallamiento. Combinado con tecnolog\u00eda de aditivos innovadora y el aditivo especial Molygen. Evita con seguridad la formaci\u00f3n de dep\u00f3sitos, reduce la p\u00e9rdida de potencia del motor por rozamiento y protege de forma \u00f3ptima contra el desgaste. De esta forma se reduce el consumo de combustible y se prolonga la vida \u00fatil del motor.<\/p>\n<p>Id\u00f3neo para modernos motores de gasolina y di\u00e9sel con y sin turbocompresor. Para proteger el motor y mantener su valor en caso de intervalos de cambio de aceite prolongados y cargas elevadas.<\/p>\n<h5 class=\"type\"><strong>CARACTER\u00cdSTICAS PRINCIPALES<\/strong><\/h5>\n<ul>\n<li>\u00a0Excelente limpieza del motor<\/li>\n<li>Excelente comportamiento t\u00e9rmico con altas y bajas temperaturas<\/li>\n<li>Reduce la fricci\u00f3n y el desgaste<\/li>\n<li>\u00d3ptima resistencia al envejecimiento<\/li>\n<li>Excelente protecci\u00f3n contra el desgaste<\/li>\n<li>Se puede mezclar con los aceites para motores usuales en el comercio<\/li>\n<li>Excelente seguridad de lubricaci\u00f3n<\/li>\n<li>Alta estabilidad de cizallamiento<\/li>\n<li>Probado en turbocompresores y catalizadores<\/li>\n<li>R\u00e1pida alimentaci\u00f3n de aceite con temperaturas bajas<\/li>\n<\/ul>\n<h5><strong>APROBACIONES\u00a0<\/strong><\/h5>\n<p>ACEA A3, ACEA B4, API SN<\/p>\n<h5><strong>ESPECIFICACIONES OEM<\/strong><\/h5>\n<p>ACEA A3 \u2022 ACEA B4 \u2022 API SN \u2022 BMW Longlife-01 (up to 2018) \u2022 Fiat 9.55535-H2 \u2022 Fiat 9.55535-N2 \u2022 Fiat 9.55535-Z2 \u2022 GWM \u2022 HAVAL \u2022 MB 229.5 \u2022 Opel GM-LLB-025 \u2022 Porsche A40 \u2022 Renault RN 0700 \u2022 Renault RN 0710 \u2022 VW 502 00 \u2022 VW 505 00<\/p>\n<h5><strong>INFORMACI\u00d3N ADICIONAL<\/strong><\/h5>\n<p><a href=\"https:\/\/lubrimas.pe\/tienda\/wp-content\/uploads\/sites\/3\/2025\/11\/LubriMas-Ficha-Tecnica-Liqui-Moly-Molygen-New-Generation-5W40.pdf\" target=\"_blank\" rel=\"noopener\">FICHA T\u00c9CNICA<\/a><\/p>\n<div class=\"aditional-info-tecnical-lp\"><a href=\"https:\/\/www.liqui-moly.com\/es\/molygen-new-generation-5w-40-p001758.html?srsltid=AfmBOorAs_eS9ueMGsgPfshd_8eLDeSyupyn6_R0HfuWdOupLbNbE9O9#8578\" target=\"_blank\" rel=\"noopener\">SITIO OFICIAL<\/a><\/div>\n<p>&nbsp;<\/p>\n","protected":false},"excerpt":{"rendered":"<p>LIQUI MOLY MOLYGEN NEW GENERATION 5W40 es un aceite antifricci\u00f3n de alta tecnolog\u00eda con baja viscosidad y alta estabilidad al cizallamiento. Combinado con tecnolog\u00eda de aditivos innovadora y el aditivo<\/p>\n","protected":false},"featured_media":15273,"template":"","meta":[],"product_brand":[],"product_cat":[16,22],"product_tag":[],"class_list":{"0":"post-14884","1":"product","2":"type-product","3":"status-publish","4":"has-post-thumbnail","6":"product_cat-aceite-de-motor","7":"product_cat-motor-gasolina-gas","8":"pa_calidad-sintetico-tecnologia-sintetica","9":"pa_envio-envio-gratis","10":"pa_especificaciones-acea-a3","11":"pa_especificaciones-acea-b4","12":"pa_grado-5w40","13":"pa_marca-liquimoly","15":"first","16":"instock","17":"shipping-taxable","18":"purchasable","19":"product-type-variable","20":"has-default-attributes"},"yoast_head":"<!-- This site is optimized with the Yoast SEO plugin v27.4 - https:\/\/yoast.com\/product\/yoast-seo-wordpress\/ -->\n<title>LIQUI MOLY MOLYGEN NEW GENERATION 5W40 - Aceite de Motor | Lubrimas.pe | Tienda Online<\/title>\n<meta name=\"description\" content=\"El Liqui Moly Molygen 5W-40 incorpora tecnolog\u00eda avanzada que reduce la fricci\u00f3n interna del motor, mejorando su rendimiento y prolongando su vida \u00fatil.\" \/>\n<meta name=\"robots\" content=\"index, follow, max-snippet:-1, max-image-preview:large, max-video-preview:-1\" \/>\n<link rel=\"canonical\" href=\"https:\/\/lubrimas.pe\/tienda\/aceite-de-motor\/liqui-moly-molygen-new-generation-5w40-aceite-de-motor\/\" \/>\n<meta property=\"og:locale\" content=\"es_ES\" \/>\n<meta property=\"og:type\" content=\"article\" \/>\n<meta property=\"og:title\" content=\"LIQUI MOLY MOLYGEN NEW GENERATION 5W40 - Aceite de Motor | Lubrimas.pe | Tienda Online\" \/>\n<meta property=\"og:description\" content=\"El Liqui Moly Molygen 5W-40 incorpora tecnolog\u00eda avanzada que reduce la fricci\u00f3n interna del motor, mejorando su rendimiento y prolongando su vida \u00fatil.\" \/>\n<meta property=\"og:url\" content=\"https:\/\/lubrimas.pe\/tienda\/aceite-de-motor\/liqui-moly-molygen-new-generation-5w40-aceite-de-motor\/\" \/>\n<meta property=\"og:site_name\" content=\"Lubrimas.pe | Tienda Online\" \/>\n<meta property=\"article:modified_time\" content=\"2026-04-24T17:25:49+00:00\" \/>\n<meta property=\"og:image\" content=\"https:\/\/lubrimas.pe\/tienda\/wp-content\/uploads\/sites\/3\/2025\/11\/liqui-moly-5w40-molygen.webp\" \/>\n\t<meta property=\"og:image:width\" content=\"1771\" \/>\n\t<meta property=\"og:image:height\" content=\"2083\" \/>\n\t<meta property=\"og:image:type\" content=\"image\/webp\" \/>\n<meta name=\"twitter:card\" content=\"summary_large_image\" \/>\n<meta name=\"twitter:label1\" content=\"Tiempo de lectura\" \/>\n\t<meta name=\"twitter:data1\" content=\"1 minuto\" \/>\n<script type=\"application\/ld+json\" class=\"yoast-schema-graph\">{\"@context\":\"https:\\\/\\\/schema.org\",\"@graph\":[{\"@type\":[\"WebPage\",\"ItemPage\"],\"@id\":\"https:\\\/\\\/lubrimas.pe\\\/tienda\\\/aceite-de-motor\\\/liqui-moly-molygen-new-generation-5w40-aceite-de-motor\\\/\",\"url\":\"https:\\\/\\\/lubrimas.pe\\\/tienda\\\/aceite-de-motor\\\/liqui-moly-molygen-new-generation-5w40-aceite-de-motor\\\/\",\"name\":\"LIQUI MOLY MOLYGEN NEW GENERATION 5W40 - Aceite de Motor | Lubrimas.pe | Tienda Online\",\"isPartOf\":{\"@id\":\"https:\\\/\\\/lubrimas.pe\\\/tienda\\\/#website\"},\"primaryImageOfPage\":{\"@id\":\"https:\\\/\\\/lubrimas.pe\\\/tienda\\\/aceite-de-motor\\\/liqui-moly-molygen-new-generation-5w40-aceite-de-motor\\\/#primaryimage\"},\"image\":{\"@id\":\"https:\\\/\\\/lubrimas.pe\\\/tienda\\\/aceite-de-motor\\\/liqui-moly-molygen-new-generation-5w40-aceite-de-motor\\\/#primaryimage\"},\"thumbnailUrl\":\"https:\\\/\\\/lubrimas.pe\\\/tienda\\\/wp-content\\\/uploads\\\/sites\\\/3\\\/2025\\\/11\\\/liqui-moly-5w40-molygen.webp\",\"datePublished\":\"2025-11-14T19:15:02+00:00\",\"dateModified\":\"2026-04-24T17:25:49+00:00\",\"description\":\"El Liqui Moly Molygen 5W-40 incorpora tecnolog\u00eda avanzada que reduce la fricci\u00f3n interna del motor, mejorando su rendimiento y prolongando su vida \u00fatil.\",\"breadcrumb\":{\"@id\":\"https:\\\/\\\/lubrimas.pe\\\/tienda\\\/aceite-de-motor\\\/liqui-moly-molygen-new-generation-5w40-aceite-de-motor\\\/#breadcrumb\"},\"inLanguage\":\"es\",\"potentialAction\":[{\"@type\":\"ReadAction\",\"target\":[\"https:\\\/\\\/lubrimas.pe\\\/tienda\\\/aceite-de-motor\\\/liqui-moly-molygen-new-generation-5w40-aceite-de-motor\\\/\"]}]},{\"@type\":\"ImageObject\",\"inLanguage\":\"es\",\"@id\":\"https:\\\/\\\/lubrimas.pe\\\/tienda\\\/aceite-de-motor\\\/liqui-moly-molygen-new-generation-5w40-aceite-de-motor\\\/#primaryimage\",\"url\":\"https:\\\/\\\/lubrimas.pe\\\/tienda\\\/wp-content\\\/uploads\\\/sites\\\/3\\\/2025\\\/11\\\/liqui-moly-5w40-molygen.webp\",\"contentUrl\":\"https:\\\/\\\/lubrimas.pe\\\/tienda\\\/wp-content\\\/uploads\\\/sites\\\/3\\\/2025\\\/11\\\/liqui-moly-5w40-molygen.webp\",\"width\":1771,\"height\":2083},{\"@type\":\"BreadcrumbList\",\"@id\":\"https:\\\/\\\/lubrimas.pe\\\/tienda\\\/aceite-de-motor\\\/liqui-moly-molygen-new-generation-5w40-aceite-de-motor\\\/#breadcrumb\",\"itemListElement\":[{\"@type\":\"ListItem\",\"position\":1,\"name\":\"Portada\",\"item\":\"https:\\\/\\\/lubrimas.pe\\\/tienda\\\/\"},{\"@type\":\"ListItem\",\"position\":2,\"name\":\"Cat\u00e1logo\",\"item\":\"https:\\\/\\\/lubrimas.pe\\\/tienda\\\/productos\\\/\"},{\"@type\":\"ListItem\",\"position\":3,\"name\":\"LIQUI MOLY MOLYGEN NEW GENERATION 5W40 &#8211; Aceite de Motor\"}]},{\"@type\":\"WebSite\",\"@id\":\"https:\\\/\\\/lubrimas.pe\\\/tienda\\\/#website\",\"url\":\"https:\\\/\\\/lubrimas.pe\\\/tienda\\\/\",\"name\":\"Lubrimas.pe | Tienda Online\",\"description\":\"Tus lubricantes favoritos al mejor precio!\",\"publisher\":{\"@id\":\"https:\\\/\\\/lubrimas.pe\\\/tienda\\\/#organization\"},\"potentialAction\":[{\"@type\":\"SearchAction\",\"target\":{\"@type\":\"EntryPoint\",\"urlTemplate\":\"https:\\\/\\\/lubrimas.pe\\\/tienda\\\/?s={search_term_string}\"},\"query-input\":{\"@type\":\"PropertyValueSpecification\",\"valueRequired\":true,\"valueName\":\"search_term_string\"}}],\"inLanguage\":\"es\"},{\"@type\":\"Organization\",\"@id\":\"https:\\\/\\\/lubrimas.pe\\\/tienda\\\/#organization\",\"name\":\"Lubrimas.pe\",\"url\":\"https:\\\/\\\/lubrimas.pe\\\/tienda\\\/\",\"logo\":{\"@type\":\"ImageObject\",\"inLanguage\":\"es\",\"@id\":\"https:\\\/\\\/lubrimas.pe\\\/tienda\\\/#\\\/schema\\\/logo\\\/image\\\/\",\"url\":\"https:\\\/\\\/lubrimas.pe\\\/tienda\\\/wp-content\\\/uploads\\\/sites\\\/3\\\/2022\\\/07\\\/BANNERS-PROMO-CYBER-WOW-LUBRIMASPE-2022-07.webp\",\"contentUrl\":\"https:\\\/\\\/lubrimas.pe\\\/tienda\\\/wp-content\\\/uploads\\\/sites\\\/3\\\/2022\\\/07\\\/BANNERS-PROMO-CYBER-WOW-LUBRIMASPE-2022-07.webp\",\"width\":500,\"height\":752,\"caption\":\"Lubrimas.pe\"},\"image\":{\"@id\":\"https:\\\/\\\/lubrimas.pe\\\/tienda\\\/#\\\/schema\\\/logo\\\/image\\\/\"}}]}<\/script>\n<!-- \/ Yoast SEO plugin. -->","yoast_head_json":{"title":"LIQUI MOLY MOLYGEN NEW GENERATION 5W40 - Aceite de Motor | Lubrimas.pe | Tienda Online","description":"El Liqui Moly Molygen 5W-40 incorpora tecnolog\u00eda avanzada que reduce la fricci\u00f3n interna del motor, mejorando su rendimiento y prolongando su vida \u00fatil.","robots":{"index":"index","follow":"follow","max-snippet":"max-snippet:-1","max-image-preview":"max-image-preview:large","max-video-preview":"max-video-preview:-1"},"canonical":"https:\/\/lubrimas.pe\/tienda\/aceite-de-motor\/liqui-moly-molygen-new-generation-5w40-aceite-de-motor\/","og_locale":"es_ES","og_type":"article","og_title":"LIQUI MOLY MOLYGEN NEW GENERATION 5W40 - Aceite de Motor | Lubrimas.pe | Tienda Online","og_description":"El Liqui Moly Molygen 5W-40 incorpora tecnolog\u00eda avanzada que reduce la fricci\u00f3n interna del motor, mejorando su rendimiento y prolongando su vida \u00fatil.","og_url":"https:\/\/lubrimas.pe\/tienda\/aceite-de-motor\/liqui-moly-molygen-new-generation-5w40-aceite-de-motor\/","og_site_name":"Lubrimas.pe | Tienda Online","article_modified_time":"2026-04-24T17:25:49+00:00","og_image":[{"width":1771,"height":2083,"url":"https:\/\/lubrimas.pe\/tienda\/wp-content\/uploads\/sites\/3\/2025\/11\/liqui-moly-5w40-molygen.webp","type":"image\/webp"}],"twitter_card":"summary_large_image","twitter_misc":{"Tiempo de lectura":"1 minuto"},"schema":{"@context":"https:\/\/schema.org","@graph":[{"@type":["WebPage","ItemPage"],"@id":"https:\/\/lubrimas.pe\/tienda\/aceite-de-motor\/liqui-moly-molygen-new-generation-5w40-aceite-de-motor\/","url":"https:\/\/lubrimas.pe\/tienda\/aceite-de-motor\/liqui-moly-molygen-new-generation-5w40-aceite-de-motor\/","name":"LIQUI MOLY MOLYGEN NEW GENERATION 5W40 - Aceite de Motor | Lubrimas.pe | Tienda Online","isPartOf":{"@id":"https:\/\/lubrimas.pe\/tienda\/#website"},"primaryImageOfPage":{"@id":"https:\/\/lubrimas.pe\/tienda\/aceite-de-motor\/liqui-moly-molygen-new-generation-5w40-aceite-de-motor\/#primaryimage"},"image":{"@id":"https:\/\/lubrimas.pe\/tienda\/aceite-de-motor\/liqui-moly-molygen-new-generation-5w40-aceite-de-motor\/#primaryimage"},"thumbnailUrl":"https:\/\/lubrimas.pe\/tienda\/wp-content\/uploads\/sites\/3\/2025\/11\/liqui-moly-5w40-molygen.webp","datePublished":"2025-11-14T19:15:02+00:00","dateModified":"2026-04-24T17:25:49+00:00","description":"El Liqui Moly Molygen 5W-40 incorpora tecnolog\u00eda avanzada que reduce la fricci\u00f3n interna del motor, mejorando su rendimiento y prolongando su vida \u00fatil.","breadcrumb":{"@id":"https:\/\/lubrimas.pe\/tienda\/aceite-de-motor\/liqui-moly-molygen-new-generation-5w40-aceite-de-motor\/#breadcrumb"},"inLanguage":"es","potentialAction":[{"@type":"ReadAction","target":["https:\/\/lubrimas.pe\/tienda\/aceite-de-motor\/liqui-moly-molygen-new-generation-5w40-aceite-de-motor\/"]}]},{"@type":"ImageObject","inLanguage":"es","@id":"https:\/\/lubrimas.pe\/tienda\/aceite-de-motor\/liqui-moly-molygen-new-generation-5w40-aceite-de-motor\/#primaryimage","url":"https:\/\/lubrimas.pe\/tienda\/wp-content\/uploads\/sites\/3\/2025\/11\/liqui-moly-5w40-molygen.webp","contentUrl":"https:\/\/lubrimas.pe\/tienda\/wp-content\/uploads\/sites\/3\/2025\/11\/liqui-moly-5w40-molygen.webp","width":1771,"height":2083},{"@type":"BreadcrumbList","@id":"https:\/\/lubrimas.pe\/tienda\/aceite-de-motor\/liqui-moly-molygen-new-generation-5w40-aceite-de-motor\/#breadcrumb","itemListElement":[{"@type":"ListItem","position":1,"name":"Portada","item":"https:\/\/lubrimas.pe\/tienda\/"},{"@type":"ListItem","position":2,"name":"Cat\u00e1logo","item":"https:\/\/lubrimas.pe\/tienda\/productos\/"},{"@type":"ListItem","position":3,"name":"LIQUI MOLY MOLYGEN NEW GENERATION 5W40 &#8211; Aceite de Motor"}]},{"@type":"WebSite","@id":"https:\/\/lubrimas.pe\/tienda\/#website","url":"https:\/\/lubrimas.pe\/tienda\/","name":"Lubrimas.pe | Tienda Online","description":"Tus lubricantes favoritos al mejor precio!","publisher":{"@id":"https:\/\/lubrimas.pe\/tienda\/#organization"},"potentialAction":[{"@type":"SearchAction","target":{"@type":"EntryPoint","urlTemplate":"https:\/\/lubrimas.pe\/tienda\/?s={search_term_string}"},"query-input":{"@type":"PropertyValueSpecification","valueRequired":true,"valueName":"search_term_string"}}],"inLanguage":"es"},{"@type":"Organization","@id":"https:\/\/lubrimas.pe\/tienda\/#organization","name":"Lubrimas.pe","url":"https:\/\/lubrimas.pe\/tienda\/","logo":{"@type":"ImageObject","inLanguage":"es","@id":"https:\/\/lubrimas.pe\/tienda\/#\/schema\/logo\/image\/","url":"https:\/\/lubrimas.pe\/tienda\/wp-content\/uploads\/sites\/3\/2022\/07\/BANNERS-PROMO-CYBER-WOW-LUBRIMASPE-2022-07.webp","contentUrl":"https:\/\/lubrimas.pe\/tienda\/wp-content\/uploads\/sites\/3\/2022\/07\/BANNERS-PROMO-CYBER-WOW-LUBRIMASPE-2022-07.webp","width":500,"height":752,"caption":"Lubrimas.pe"},"image":{"@id":"https:\/\/lubrimas.pe\/tienda\/#\/schema\/logo\/image\/"}}]}},"_links":{"self":[{"href":"https:\/\/lubrimas.pe\/tienda\/wp-json\/wp\/v2\/product\/14884","targetHints":{"allow":["GET"]}}],"collection":[{"href":"https:\/\/lubrimas.pe\/tienda\/wp-json\/wp\/v2\/product"}],"about":[{"href":"https:\/\/lubrimas.pe\/tienda\/wp-json\/wp\/v2\/types\/product"}],"wp:featuredmedia":[{"embeddable":true,"href":"https:\/\/lubrimas.pe\/tienda\/wp-json\/wp\/v2\/media\/15273"}],"wp:attachment":[{"href":"https:\/\/lubrimas.pe\/tienda\/wp-json\/wp\/v2\/media?parent=14884"}],"wp:term":[{"taxonomy":"product_brand","embeddable":true,"href":"https:\/\/lubrimas.pe\/tienda\/wp-json\/wp\/v2\/product_brand?post=14884"},{"taxonomy":"product_cat","embeddable":true,"href":"https:\/\/lubrimas.pe\/tienda\/wp-json\/wp\/v2\/product_cat?post=14884"},{"taxonomy":"product_tag","embeddable":true,"href":"https:\/\/lubrimas.pe\/tienda\/wp-json\/wp\/v2\/product_tag?post=14884"}],"curies":[{"name":"wp","href":"https:\/\/api.w.org\/{rel}","templated":true}]}}