{"id":15013,"date":"2025-12-10T11:34:15","date_gmt":"2025-12-10T16:34:15","guid":{"rendered":"https:\/\/lubrimas.pe\/tienda\/?post_type=product&#038;p=15013"},"modified":"2025-12-10T12:00:38","modified_gmt":"2025-12-10T17:00:38","slug":"motul-gear-power-fe-75w-aceite-de-transmision-sintetico","status":"publish","type":"product","link":"https:\/\/lubrimas.pe\/tienda\/aceite-de-caja\/motul-gear-power-fe-75w-aceite-de-transmision-sintetico\/","title":{"rendered":"MOTUL GEAR POWER FE 75W &#8211; Aceite de Transmisi\u00f3n Sint\u00e9tico"},"content":{"rendered":"<p><strong>Motul GEAR POWER FE 75W<\/strong> es un lubricante 100% sint\u00e9tico para cajas de cambios manuales, diferenciales, cajas de transferencia y ejes, especialmente dise\u00f1ado como aceite \u201cFuel Economy (FE)\u201d de baja viscosidad SAE 75W.<br data-start=\"537\" data-end=\"540\" \/>Su formulaci\u00f3n con aditivos de \u201cExtreme Pressure (EP)\u201d protege contra el desgaste incluso bajo cargas altas, al mismo tiempo que su baja viscosidad mejora la fluidez, facilita cambios suaves \u2014incluso en fr\u00edo\u2014 y ayuda a ahorrar energ\u00eda.<br data-start=\"813\" data-end=\"816\" \/>Est\u00e1 recomendado para transmisiones manuales modernas, sincronizadas o no, cajas de cambios, ejes, transfer cases o ejes hipoides sin diferencial de deslizamiento limitado, usados en condiciones de carga pesada, cambios frecuentes o altas velocidades.<\/p>\n<h5>BENEFICIOS<\/h5>\n<ul>\n<li>Muy alto poder lubricante para reducir la fricci\u00f3n.<\/li>\n<li>Muy buena resistencia de la pel\u00edcula de aceite bajo cargas elevadas y altas temperaturas, reduciendo el ruido de funcionamiento.<\/li>\n<li>Muy fluido a baja temperatura permitiendo una operaci\u00f3n de cambio de velocidades muy f\u00e1cil en fr\u00edo.<\/li>\n<li>Cambios de velocidades m\u00e1s \u00e1giles para un mayor ahorro energ\u00e9tico.<\/li>\n<li>Compatible con todo tipo de juntas y materiales utilizados en las cajas de cambios manuales.<\/li>\n<li>Anti- Corrosi\u00f3n, Antiespumante.<\/li>\n<\/ul>\n<h5><strong>INFORMACI\u00d3N ADICIONAL<\/strong><\/h5>\n<div class=\"aditional-info-tecnical-lp\"><a href=\"https:\/\/lubrimas.pe\/tienda\/wp-content\/uploads\/sites\/3\/2025\/12\/lubrimas-ficha-tecnica-gear_power_fe_75w_es_co_motul_34782_20250206.pdf\" target=\"_blank\" rel=\"noopener\">FICHA T\u00c9CNICA<\/a><\/div>\n<p>&nbsp;<\/p>\n","protected":false},"excerpt":{"rendered":"<p>Motul GEAR POWER FE 75W es un lubricante 100% sint\u00e9tico para cajas de cambios manuales, diferenciales, cajas de transferencia y ejes, especialmente dise\u00f1ado como aceite \u201cFuel Economy (FE)\u201d de baja<\/p>\n","protected":false},"featured_media":15015,"template":"","meta":[],"product_brand":[],"product_cat":[27,28],"product_tag":[],"class_list":{"0":"post-15013","1":"product","2":"type-product","3":"status-publish","4":"has-post-thumbnail","6":"product_cat-aceite-de-caja","7":"product_cat-caja-manual-mecanica","8":"pa_engranaje-gl-4","9":"pa_grado-75w","10":"pa_marca-motul","12":"first","13":"instock","14":"shipping-taxable","15":"purchasable","16":"product-type-variable","17":"has-default-attributes"},"yoast_head":"<!-- This site is optimized with the Yoast SEO plugin v27.5 - https:\/\/yoast.com\/product\/yoast-seo-wordpress\/ -->\n<title>MOTUL GEAR POWER FE 75W - Aceite de Transmisi\u00f3n Sint\u00e9tico | Lubrimas.pe | Tienda Online<\/title>\n<meta name=\"robots\" content=\"index, follow, max-snippet:-1, max-image-preview:large, max-video-preview:-1\" \/>\n<link rel=\"canonical\" href=\"https:\/\/lubrimas.pe\/tienda\/aceite-de-caja\/motul-gear-power-fe-75w-aceite-de-transmision-sintetico\/\" \/>\n<meta property=\"og:locale\" content=\"es_ES\" \/>\n<meta property=\"og:type\" content=\"article\" \/>\n<meta property=\"og:title\" content=\"MOTUL GEAR POWER FE 75W - Aceite de Transmisi\u00f3n Sint\u00e9tico | Lubrimas.pe | Tienda Online\" \/>\n<meta property=\"og:description\" content=\"Motul GEAR POWER FE 75W es un lubricante 100% sint\u00e9tico para cajas de cambios manuales, diferenciales, cajas de transferencia y ejes, especialmente dise\u00f1ado como aceite \u201cFuel Economy (FE)\u201d de baja\" \/>\n<meta property=\"og:url\" content=\"https:\/\/lubrimas.pe\/tienda\/aceite-de-caja\/motul-gear-power-fe-75w-aceite-de-transmision-sintetico\/\" \/>\n<meta property=\"og:site_name\" content=\"Lubrimas.pe | Tienda Online\" \/>\n<meta property=\"article:modified_time\" content=\"2025-12-10T17:00:38+00:00\" \/>\n<meta property=\"og:image\" content=\"https:\/\/lubrimas.pe\/tienda\/wp-content\/uploads\/sites\/3\/2025\/12\/motul-gear-power-fe-75w.webp\" \/>\n\t<meta property=\"og:image:width\" content=\"850\" \/>\n\t<meta property=\"og:image:height\" content=\"1000\" \/>\n\t<meta property=\"og:image:type\" content=\"image\/webp\" \/>\n<meta name=\"twitter:card\" content=\"summary_large_image\" \/>\n<meta name=\"twitter:label1\" content=\"Tiempo de lectura\" \/>\n\t<meta name=\"twitter:data1\" content=\"1 minuto\" \/>\n<script type=\"application\/ld+json\" class=\"yoast-schema-graph\">{\"@context\":\"https:\\\/\\\/schema.org\",\"@graph\":[{\"@type\":[\"WebPage\",\"ItemPage\"],\"@id\":\"https:\\\/\\\/lubrimas.pe\\\/tienda\\\/aceite-de-caja\\\/motul-gear-power-fe-75w-aceite-de-transmision-sintetico\\\/\",\"url\":\"https:\\\/\\\/lubrimas.pe\\\/tienda\\\/aceite-de-caja\\\/motul-gear-power-fe-75w-aceite-de-transmision-sintetico\\\/\",\"name\":\"MOTUL GEAR POWER FE 75W - Aceite de Transmisi\u00f3n Sint\u00e9tico | Lubrimas.pe | Tienda Online\",\"isPartOf\":{\"@id\":\"https:\\\/\\\/lubrimas.pe\\\/tienda\\\/#website\"},\"primaryImageOfPage\":{\"@id\":\"https:\\\/\\\/lubrimas.pe\\\/tienda\\\/aceite-de-caja\\\/motul-gear-power-fe-75w-aceite-de-transmision-sintetico\\\/#primaryimage\"},\"image\":{\"@id\":\"https:\\\/\\\/lubrimas.pe\\\/tienda\\\/aceite-de-caja\\\/motul-gear-power-fe-75w-aceite-de-transmision-sintetico\\\/#primaryimage\"},\"thumbnailUrl\":\"https:\\\/\\\/lubrimas.pe\\\/tienda\\\/wp-content\\\/uploads\\\/sites\\\/3\\\/2025\\\/12\\\/motul-gear-power-fe-75w.webp\",\"datePublished\":\"2025-12-10T16:34:15+00:00\",\"dateModified\":\"2025-12-10T17:00:38+00:00\",\"breadcrumb\":{\"@id\":\"https:\\\/\\\/lubrimas.pe\\\/tienda\\\/aceite-de-caja\\\/motul-gear-power-fe-75w-aceite-de-transmision-sintetico\\\/#breadcrumb\"},\"inLanguage\":\"es\",\"potentialAction\":[{\"@type\":\"ReadAction\",\"target\":[\"https:\\\/\\\/lubrimas.pe\\\/tienda\\\/aceite-de-caja\\\/motul-gear-power-fe-75w-aceite-de-transmision-sintetico\\\/\"]}]},{\"@type\":\"ImageObject\",\"inLanguage\":\"es\",\"@id\":\"https:\\\/\\\/lubrimas.pe\\\/tienda\\\/aceite-de-caja\\\/motul-gear-power-fe-75w-aceite-de-transmision-sintetico\\\/#primaryimage\",\"url\":\"https:\\\/\\\/lubrimas.pe\\\/tienda\\\/wp-content\\\/uploads\\\/sites\\\/3\\\/2025\\\/12\\\/motul-gear-power-fe-75w.webp\",\"contentUrl\":\"https:\\\/\\\/lubrimas.pe\\\/tienda\\\/wp-content\\\/uploads\\\/sites\\\/3\\\/2025\\\/12\\\/motul-gear-power-fe-75w.webp\",\"width\":850,\"height\":1000},{\"@type\":\"BreadcrumbList\",\"@id\":\"https:\\\/\\\/lubrimas.pe\\\/tienda\\\/aceite-de-caja\\\/motul-gear-power-fe-75w-aceite-de-transmision-sintetico\\\/#breadcrumb\",\"itemListElement\":[{\"@type\":\"ListItem\",\"position\":1,\"name\":\"Portada\",\"item\":\"https:\\\/\\\/lubrimas.pe\\\/tienda\\\/\"},{\"@type\":\"ListItem\",\"position\":2,\"name\":\"Cat\u00e1logo\",\"item\":\"https:\\\/\\\/lubrimas.pe\\\/tienda\\\/productos\\\/\"},{\"@type\":\"ListItem\",\"position\":3,\"name\":\"MOTUL GEAR POWER FE 75W &#8211; Aceite de Transmisi\u00f3n Sint\u00e9tico\"}]},{\"@type\":\"WebSite\",\"@id\":\"https:\\\/\\\/lubrimas.pe\\\/tienda\\\/#website\",\"url\":\"https:\\\/\\\/lubrimas.pe\\\/tienda\\\/\",\"name\":\"Lubrimas.pe | Tienda Online\",\"description\":\"Tus lubricantes favoritos al mejor precio!\",\"publisher\":{\"@id\":\"https:\\\/\\\/lubrimas.pe\\\/tienda\\\/#organization\"},\"potentialAction\":[{\"@type\":\"SearchAction\",\"target\":{\"@type\":\"EntryPoint\",\"urlTemplate\":\"https:\\\/\\\/lubrimas.pe\\\/tienda\\\/?s={search_term_string}\"},\"query-input\":{\"@type\":\"PropertyValueSpecification\",\"valueRequired\":true,\"valueName\":\"search_term_string\"}}],\"inLanguage\":\"es\"},{\"@type\":\"Organization\",\"@id\":\"https:\\\/\\\/lubrimas.pe\\\/tienda\\\/#organization\",\"name\":\"Lubrimas.pe\",\"url\":\"https:\\\/\\\/lubrimas.pe\\\/tienda\\\/\",\"logo\":{\"@type\":\"ImageObject\",\"inLanguage\":\"es\",\"@id\":\"https:\\\/\\\/lubrimas.pe\\\/tienda\\\/#\\\/schema\\\/logo\\\/image\\\/\",\"url\":\"https:\\\/\\\/lubrimas.pe\\\/tienda\\\/wp-content\\\/uploads\\\/sites\\\/3\\\/2022\\\/07\\\/BANNERS-PROMO-CYBER-WOW-LUBRIMASPE-2022-07.webp\",\"contentUrl\":\"https:\\\/\\\/lubrimas.pe\\\/tienda\\\/wp-content\\\/uploads\\\/sites\\\/3\\\/2022\\\/07\\\/BANNERS-PROMO-CYBER-WOW-LUBRIMASPE-2022-07.webp\",\"width\":500,\"height\":752,\"caption\":\"Lubrimas.pe\"},\"image\":{\"@id\":\"https:\\\/\\\/lubrimas.pe\\\/tienda\\\/#\\\/schema\\\/logo\\\/image\\\/\"}}]}<\/script>\n<!-- \/ Yoast SEO plugin. -->","yoast_head_json":{"title":"MOTUL GEAR POWER FE 75W - Aceite de Transmisi\u00f3n Sint\u00e9tico | Lubrimas.pe | Tienda Online","robots":{"index":"index","follow":"follow","max-snippet":"max-snippet:-1","max-image-preview":"max-image-preview:large","max-video-preview":"max-video-preview:-1"},"canonical":"https:\/\/lubrimas.pe\/tienda\/aceite-de-caja\/motul-gear-power-fe-75w-aceite-de-transmision-sintetico\/","og_locale":"es_ES","og_type":"article","og_title":"MOTUL GEAR POWER FE 75W - Aceite de Transmisi\u00f3n Sint\u00e9tico | Lubrimas.pe | Tienda Online","og_description":"Motul GEAR POWER FE 75W es un lubricante 100% sint\u00e9tico para cajas de cambios manuales, diferenciales, cajas de transferencia y ejes, especialmente dise\u00f1ado como aceite \u201cFuel Economy (FE)\u201d de baja","og_url":"https:\/\/lubrimas.pe\/tienda\/aceite-de-caja\/motul-gear-power-fe-75w-aceite-de-transmision-sintetico\/","og_site_name":"Lubrimas.pe | Tienda Online","article_modified_time":"2025-12-10T17:00:38+00:00","og_image":[{"width":850,"height":1000,"url":"https:\/\/lubrimas.pe\/tienda\/wp-content\/uploads\/sites\/3\/2025\/12\/motul-gear-power-fe-75w.webp","type":"image\/webp"}],"twitter_card":"summary_large_image","twitter_misc":{"Tiempo de lectura":"1 minuto"},"schema":{"@context":"https:\/\/schema.org","@graph":[{"@type":["WebPage","ItemPage"],"@id":"https:\/\/lubrimas.pe\/tienda\/aceite-de-caja\/motul-gear-power-fe-75w-aceite-de-transmision-sintetico\/","url":"https:\/\/lubrimas.pe\/tienda\/aceite-de-caja\/motul-gear-power-fe-75w-aceite-de-transmision-sintetico\/","name":"MOTUL GEAR POWER FE 75W - Aceite de Transmisi\u00f3n Sint\u00e9tico | Lubrimas.pe | Tienda Online","isPartOf":{"@id":"https:\/\/lubrimas.pe\/tienda\/#website"},"primaryImageOfPage":{"@id":"https:\/\/lubrimas.pe\/tienda\/aceite-de-caja\/motul-gear-power-fe-75w-aceite-de-transmision-sintetico\/#primaryimage"},"image":{"@id":"https:\/\/lubrimas.pe\/tienda\/aceite-de-caja\/motul-gear-power-fe-75w-aceite-de-transmision-sintetico\/#primaryimage"},"thumbnailUrl":"https:\/\/lubrimas.pe\/tienda\/wp-content\/uploads\/sites\/3\/2025\/12\/motul-gear-power-fe-75w.webp","datePublished":"2025-12-10T16:34:15+00:00","dateModified":"2025-12-10T17:00:38+00:00","breadcrumb":{"@id":"https:\/\/lubrimas.pe\/tienda\/aceite-de-caja\/motul-gear-power-fe-75w-aceite-de-transmision-sintetico\/#breadcrumb"},"inLanguage":"es","potentialAction":[{"@type":"ReadAction","target":["https:\/\/lubrimas.pe\/tienda\/aceite-de-caja\/motul-gear-power-fe-75w-aceite-de-transmision-sintetico\/"]}]},{"@type":"ImageObject","inLanguage":"es","@id":"https:\/\/lubrimas.pe\/tienda\/aceite-de-caja\/motul-gear-power-fe-75w-aceite-de-transmision-sintetico\/#primaryimage","url":"https:\/\/lubrimas.pe\/tienda\/wp-content\/uploads\/sites\/3\/2025\/12\/motul-gear-power-fe-75w.webp","contentUrl":"https:\/\/lubrimas.pe\/tienda\/wp-content\/uploads\/sites\/3\/2025\/12\/motul-gear-power-fe-75w.webp","width":850,"height":1000},{"@type":"BreadcrumbList","@id":"https:\/\/lubrimas.pe\/tienda\/aceite-de-caja\/motul-gear-power-fe-75w-aceite-de-transmision-sintetico\/#breadcrumb","itemListElement":[{"@type":"ListItem","position":1,"name":"Portada","item":"https:\/\/lubrimas.pe\/tienda\/"},{"@type":"ListItem","position":2,"name":"Cat\u00e1logo","item":"https:\/\/lubrimas.pe\/tienda\/productos\/"},{"@type":"ListItem","position":3,"name":"MOTUL GEAR POWER FE 75W &#8211; Aceite de Transmisi\u00f3n Sint\u00e9tico"}]},{"@type":"WebSite","@id":"https:\/\/lubrimas.pe\/tienda\/#website","url":"https:\/\/lubrimas.pe\/tienda\/","name":"Lubrimas.pe | Tienda Online","description":"Tus lubricantes favoritos al mejor precio!","publisher":{"@id":"https:\/\/lubrimas.pe\/tienda\/#organization"},"potentialAction":[{"@type":"SearchAction","target":{"@type":"EntryPoint","urlTemplate":"https:\/\/lubrimas.pe\/tienda\/?s={search_term_string}"},"query-input":{"@type":"PropertyValueSpecification","valueRequired":true,"valueName":"search_term_string"}}],"inLanguage":"es"},{"@type":"Organization","@id":"https:\/\/lubrimas.pe\/tienda\/#organization","name":"Lubrimas.pe","url":"https:\/\/lubrimas.pe\/tienda\/","logo":{"@type":"ImageObject","inLanguage":"es","@id":"https:\/\/lubrimas.pe\/tienda\/#\/schema\/logo\/image\/","url":"https:\/\/lubrimas.pe\/tienda\/wp-content\/uploads\/sites\/3\/2022\/07\/BANNERS-PROMO-CYBER-WOW-LUBRIMASPE-2022-07.webp","contentUrl":"https:\/\/lubrimas.pe\/tienda\/wp-content\/uploads\/sites\/3\/2022\/07\/BANNERS-PROMO-CYBER-WOW-LUBRIMASPE-2022-07.webp","width":500,"height":752,"caption":"Lubrimas.pe"},"image":{"@id":"https:\/\/lubrimas.pe\/tienda\/#\/schema\/logo\/image\/"}}]}},"_links":{"self":[{"href":"https:\/\/lubrimas.pe\/tienda\/wp-json\/wp\/v2\/product\/15013","targetHints":{"allow":["GET"]}}],"collection":[{"href":"https:\/\/lubrimas.pe\/tienda\/wp-json\/wp\/v2\/product"}],"about":[{"href":"https:\/\/lubrimas.pe\/tienda\/wp-json\/wp\/v2\/types\/product"}],"wp:featuredmedia":[{"embeddable":true,"href":"https:\/\/lubrimas.pe\/tienda\/wp-json\/wp\/v2\/media\/15015"}],"wp:attachment":[{"href":"https:\/\/lubrimas.pe\/tienda\/wp-json\/wp\/v2\/media?parent=15013"}],"wp:term":[{"taxonomy":"product_brand","embeddable":true,"href":"https:\/\/lubrimas.pe\/tienda\/wp-json\/wp\/v2\/product_brand?post=15013"},{"taxonomy":"product_cat","embeddable":true,"href":"https:\/\/lubrimas.pe\/tienda\/wp-json\/wp\/v2\/product_cat?post=15013"},{"taxonomy":"product_tag","embeddable":true,"href":"https:\/\/lubrimas.pe\/tienda\/wp-json\/wp\/v2\/product_tag?post=15013"}],"curies":[{"name":"wp","href":"https:\/\/api.w.org\/{rel}","templated":true}]}}