{"id":15037,"date":"2025-12-17T10:18:33","date_gmt":"2025-12-17T15:18:33","guid":{"rendered":"https:\/\/lubrimas.pe\/tienda\/?post_type=product&#038;p=15037"},"modified":"2026-02-06T16:45:11","modified_gmt":"2026-02-06T21:45:11","slug":"valvoline-zerex-red-50-50-refrigerante-para-vehiculos-asiaticos","status":"publish","type":"product","link":"https:\/\/lubrimas.pe\/tienda\/refrigerantes\/valvoline-zerex-red-50-50-refrigerante-para-vehiculos-asiaticos\/","title":{"rendered":"VALVOLINE ZEREX RED 50\/50 &#8211; Refrigerante para veh\u00edculos asi\u00e1ticos"},"content":{"rendered":"<p><strong data-start=\"1076\" data-end=\"1106\">Valvoline Zerex 50\/50 Rojo<\/strong> es un refrigerante\/anticongelante lista para usar (premezclado 50\/50) desarrollado para ofrecer protecci\u00f3n confiable contra el congelamiento, sobrecalentamiento y corrosi\u00f3n en sistemas de enfriamiento de motores de combusti\u00f3n interna. Su f\u00f3rmula org\u00e1nica mejorada (OAT\/HOAT dependiendo de la regi\u00f3n) proporciona una protecci\u00f3n t\u00e9rmica equilibrada que ayuda a mantener una temperatura estable de operaci\u00f3n del motor y prolonga la vida \u00fatil del sistema de enfriamiento.<\/p>\n<h5 class=\"secondary--text text--darken-1 text-condensed text-uppercase font-weight-bold\"><strong>ESPECIFICACIONES<\/strong><\/h5>\n<ul>\n<li>PROTECCI\u00d3N INSUPERABLE CONTRA EL CONGELAMIENTO Y RENDIMIENTO ANTIEBULLICI\u00d3N que supera los est\u00e1ndares de la industria<\/li>\n<li>LOS ADITIVOS DE FOSFATO PROTEGEN CONTRA LA CORROSI\u00d3N, EL SARRO Y EL \u00d3XIDO, al tiempo que resguardan todos los metales del sistema de refrigeraci\u00f3n (incluido el aluminio)<\/li>\n<li>LOS ADITIVOS DE ALTA CALIDAD PROTEGEN CONTRA FUGAS y no da\u00f1an juntas, mangueras, pl\u00e1sticos ni el acabado original del veh\u00edculo<\/li>\n<li>LA F\u00d3RMULA ROJA PREMEZCLADA EST\u00c1 LISTA PARA SU USO en una proporci\u00f3n 50\/50 con agua desionizada para proteger todos los componentes modernos del motor contra el congelamiento en invierno (-34 \u00b0F) y la ebullici\u00f3n en verano (265 \u00b0F)<\/li>\n<li>LA GARANT\u00cdA DE 5 A\u00d1OS\/150 000 MILLAS protege contra aver\u00edas del motor causadas por congelamiento o ebullici\u00f3n<\/li>\n<li>PRUEBAS EN LOTE EN EL LABORATORIO Y PRUEBAS EN FLOTA EN EL MUNDO REAL para ayudar a los propietarios de autom\u00f3viles y camiones a lograr un rendimiento \u00f3ptimo y maximizar la vida \u00fatil del motor<\/li>\n<\/ul>\n<h5><strong>INFORMACI\u00d3N ADICIONAL<\/strong><\/h5>\n<div class=\"aditional-info-tecnical-lp\"><a href=\"https:\/\/lubrimas.pe\/tienda\/wp-content\/uploads\/sites\/3\/2025\/12\/MX_Val_ZXAsianRed_AFC_ES.pdf\" target=\"_blank\" rel=\"noopener\">FICHA T\u00c9CNICA<\/a><br \/>\n<a href=\"https:\/\/www.valvolineglobal.com\/es-la\/zerex-asian-red-vehicle-antifreeze-coolant\/\" target=\"_blank\" rel=\"noopener\">SITIO OFICIAL<\/a><\/div>\n<div id=\"showMore-product-info-overview-properties\"><\/div>\n","protected":false},"excerpt":{"rendered":"<p>Valvoline Zerex 50\/50 Rojo es un refrigerante\/anticongelante lista para usar (premezclado 50\/50) desarrollado para ofrecer protecci\u00f3n confiable contra el congelamiento, sobrecalentamiento y corrosi\u00f3n en sistemas de enfriamiento de motores de<\/p>\n","protected":false},"featured_media":15040,"template":"","meta":[],"product_brand":[],"product_cat":[38],"product_tag":[],"class_list":{"0":"post-15037","1":"product","2":"type-product","3":"status-publish","4":"has-post-thumbnail","6":"product_cat-refrigerantes","7":"pa_concentrado-154","8":"pa_marca-valvoline","10":"first","11":"outofstock","12":"shipping-taxable","13":"purchasable","14":"product-type-variable","15":"has-default-attributes"},"yoast_head":"<!-- This site is optimized with the Yoast SEO plugin v27.4 - https:\/\/yoast.com\/product\/yoast-seo-wordpress\/ -->\n<title>Valvoline Zerex 50\/50 Rojo | Refrigerante Anticongelante | Lubrimas.pe | Tienda Online<\/title>\n<meta name=\"description\" content=\"Valvoline Zerex 50\/50 Rojo es refrigerante\/anticongelante premix para protecci\u00f3n contra congelamiento y sobrecalentamiento.\" \/>\n<meta name=\"robots\" content=\"index, follow, max-snippet:-1, max-image-preview:large, max-video-preview:-1\" \/>\n<link rel=\"canonical\" href=\"https:\/\/lubrimas.pe\/tienda\/refrigerantes\/valvoline-zerex-red-50-50-refrigerante-para-vehiculos-asiaticos\/\" \/>\n<meta property=\"og:locale\" content=\"es_ES\" \/>\n<meta property=\"og:type\" content=\"article\" \/>\n<meta property=\"og:title\" content=\"Valvoline Zerex 50\/50 Rojo | Refrigerante Anticongelante | Lubrimas.pe | Tienda Online\" \/>\n<meta property=\"og:description\" content=\"Valvoline Zerex 50\/50 Rojo es refrigerante\/anticongelante premix para protecci\u00f3n contra congelamiento y sobrecalentamiento.\" \/>\n<meta property=\"og:url\" content=\"https:\/\/lubrimas.pe\/tienda\/refrigerantes\/valvoline-zerex-red-50-50-refrigerante-para-vehiculos-asiaticos\/\" \/>\n<meta property=\"og:site_name\" content=\"Lubrimas.pe | Tienda Online\" \/>\n<meta property=\"article:modified_time\" content=\"2026-02-06T21:45:11+00:00\" \/>\n<meta property=\"og:image\" content=\"https:\/\/lubrimas.pe\/tienda\/wp-content\/uploads\/sites\/3\/2025\/12\/valvoline-zerex-50-50-rojo-asian-vehicle.jpg\" \/>\n\t<meta property=\"og:image:width\" content=\"850\" \/>\n\t<meta property=\"og:image:height\" content=\"1000\" \/>\n\t<meta property=\"og:image:type\" content=\"image\/jpeg\" \/>\n<meta name=\"twitter:card\" content=\"summary_large_image\" \/>\n<meta name=\"twitter:label1\" content=\"Tiempo de lectura\" \/>\n\t<meta name=\"twitter:data1\" content=\"1 minuto\" \/>\n<script type=\"application\/ld+json\" class=\"yoast-schema-graph\">{\"@context\":\"https:\\\/\\\/schema.org\",\"@graph\":[{\"@type\":[\"WebPage\",\"ItemPage\"],\"@id\":\"https:\\\/\\\/lubrimas.pe\\\/tienda\\\/refrigerantes\\\/valvoline-zerex-red-50-50-refrigerante-para-vehiculos-asiaticos\\\/\",\"url\":\"https:\\\/\\\/lubrimas.pe\\\/tienda\\\/refrigerantes\\\/valvoline-zerex-red-50-50-refrigerante-para-vehiculos-asiaticos\\\/\",\"name\":\"Valvoline Zerex 50\\\/50 Rojo | Refrigerante Anticongelante | Lubrimas.pe | Tienda Online\",\"isPartOf\":{\"@id\":\"https:\\\/\\\/lubrimas.pe\\\/tienda\\\/#website\"},\"primaryImageOfPage\":{\"@id\":\"https:\\\/\\\/lubrimas.pe\\\/tienda\\\/refrigerantes\\\/valvoline-zerex-red-50-50-refrigerante-para-vehiculos-asiaticos\\\/#primaryimage\"},\"image\":{\"@id\":\"https:\\\/\\\/lubrimas.pe\\\/tienda\\\/refrigerantes\\\/valvoline-zerex-red-50-50-refrigerante-para-vehiculos-asiaticos\\\/#primaryimage\"},\"thumbnailUrl\":\"https:\\\/\\\/lubrimas.pe\\\/tienda\\\/wp-content\\\/uploads\\\/sites\\\/3\\\/2025\\\/12\\\/valvoline-zerex-50-50-rojo-asian-vehicle.jpg\",\"datePublished\":\"2025-12-17T15:18:33+00:00\",\"dateModified\":\"2026-02-06T21:45:11+00:00\",\"description\":\"Valvoline Zerex 50\\\/50 Rojo es refrigerante\\\/anticongelante premix para protecci\u00f3n contra congelamiento y sobrecalentamiento.\",\"breadcrumb\":{\"@id\":\"https:\\\/\\\/lubrimas.pe\\\/tienda\\\/refrigerantes\\\/valvoline-zerex-red-50-50-refrigerante-para-vehiculos-asiaticos\\\/#breadcrumb\"},\"inLanguage\":\"es\",\"potentialAction\":[{\"@type\":\"ReadAction\",\"target\":[\"https:\\\/\\\/lubrimas.pe\\\/tienda\\\/refrigerantes\\\/valvoline-zerex-red-50-50-refrigerante-para-vehiculos-asiaticos\\\/\"]}]},{\"@type\":\"ImageObject\",\"inLanguage\":\"es\",\"@id\":\"https:\\\/\\\/lubrimas.pe\\\/tienda\\\/refrigerantes\\\/valvoline-zerex-red-50-50-refrigerante-para-vehiculos-asiaticos\\\/#primaryimage\",\"url\":\"https:\\\/\\\/lubrimas.pe\\\/tienda\\\/wp-content\\\/uploads\\\/sites\\\/3\\\/2025\\\/12\\\/valvoline-zerex-50-50-rojo-asian-vehicle.jpg\",\"contentUrl\":\"https:\\\/\\\/lubrimas.pe\\\/tienda\\\/wp-content\\\/uploads\\\/sites\\\/3\\\/2025\\\/12\\\/valvoline-zerex-50-50-rojo-asian-vehicle.jpg\",\"width\":850,\"height\":1000},{\"@type\":\"BreadcrumbList\",\"@id\":\"https:\\\/\\\/lubrimas.pe\\\/tienda\\\/refrigerantes\\\/valvoline-zerex-red-50-50-refrigerante-para-vehiculos-asiaticos\\\/#breadcrumb\",\"itemListElement\":[{\"@type\":\"ListItem\",\"position\":1,\"name\":\"Portada\",\"item\":\"https:\\\/\\\/lubrimas.pe\\\/tienda\\\/\"},{\"@type\":\"ListItem\",\"position\":2,\"name\":\"Cat\u00e1logo\",\"item\":\"https:\\\/\\\/lubrimas.pe\\\/tienda\\\/productos\\\/\"},{\"@type\":\"ListItem\",\"position\":3,\"name\":\"VALVOLINE ZEREX RED 50\\\/50 &#8211; Refrigerante para veh\u00edculos asi\u00e1ticos\"}]},{\"@type\":\"WebSite\",\"@id\":\"https:\\\/\\\/lubrimas.pe\\\/tienda\\\/#website\",\"url\":\"https:\\\/\\\/lubrimas.pe\\\/tienda\\\/\",\"name\":\"Lubrimas.pe | Tienda Online\",\"description\":\"Tus lubricantes favoritos al mejor precio!\",\"publisher\":{\"@id\":\"https:\\\/\\\/lubrimas.pe\\\/tienda\\\/#organization\"},\"potentialAction\":[{\"@type\":\"SearchAction\",\"target\":{\"@type\":\"EntryPoint\",\"urlTemplate\":\"https:\\\/\\\/lubrimas.pe\\\/tienda\\\/?s={search_term_string}\"},\"query-input\":{\"@type\":\"PropertyValueSpecification\",\"valueRequired\":true,\"valueName\":\"search_term_string\"}}],\"inLanguage\":\"es\"},{\"@type\":\"Organization\",\"@id\":\"https:\\\/\\\/lubrimas.pe\\\/tienda\\\/#organization\",\"name\":\"Lubrimas.pe\",\"url\":\"https:\\\/\\\/lubrimas.pe\\\/tienda\\\/\",\"logo\":{\"@type\":\"ImageObject\",\"inLanguage\":\"es\",\"@id\":\"https:\\\/\\\/lubrimas.pe\\\/tienda\\\/#\\\/schema\\\/logo\\\/image\\\/\",\"url\":\"https:\\\/\\\/lubrimas.pe\\\/tienda\\\/wp-content\\\/uploads\\\/sites\\\/3\\\/2022\\\/07\\\/BANNERS-PROMO-CYBER-WOW-LUBRIMASPE-2022-07.webp\",\"contentUrl\":\"https:\\\/\\\/lubrimas.pe\\\/tienda\\\/wp-content\\\/uploads\\\/sites\\\/3\\\/2022\\\/07\\\/BANNERS-PROMO-CYBER-WOW-LUBRIMASPE-2022-07.webp\",\"width\":500,\"height\":752,\"caption\":\"Lubrimas.pe\"},\"image\":{\"@id\":\"https:\\\/\\\/lubrimas.pe\\\/tienda\\\/#\\\/schema\\\/logo\\\/image\\\/\"}}]}<\/script>\n<!-- \/ Yoast SEO plugin. -->","yoast_head_json":{"title":"Valvoline Zerex 50\/50 Rojo | Refrigerante Anticongelante | Lubrimas.pe | Tienda Online","description":"Valvoline Zerex 50\/50 Rojo es refrigerante\/anticongelante premix para protecci\u00f3n contra congelamiento y sobrecalentamiento.","robots":{"index":"index","follow":"follow","max-snippet":"max-snippet:-1","max-image-preview":"max-image-preview:large","max-video-preview":"max-video-preview:-1"},"canonical":"https:\/\/lubrimas.pe\/tienda\/refrigerantes\/valvoline-zerex-red-50-50-refrigerante-para-vehiculos-asiaticos\/","og_locale":"es_ES","og_type":"article","og_title":"Valvoline Zerex 50\/50 Rojo | Refrigerante Anticongelante | Lubrimas.pe | Tienda Online","og_description":"Valvoline Zerex 50\/50 Rojo es refrigerante\/anticongelante premix para protecci\u00f3n contra congelamiento y sobrecalentamiento.","og_url":"https:\/\/lubrimas.pe\/tienda\/refrigerantes\/valvoline-zerex-red-50-50-refrigerante-para-vehiculos-asiaticos\/","og_site_name":"Lubrimas.pe | Tienda Online","article_modified_time":"2026-02-06T21:45:11+00:00","og_image":[{"width":850,"height":1000,"url":"https:\/\/lubrimas.pe\/tienda\/wp-content\/uploads\/sites\/3\/2025\/12\/valvoline-zerex-50-50-rojo-asian-vehicle.jpg","type":"image\/jpeg"}],"twitter_card":"summary_large_image","twitter_misc":{"Tiempo de lectura":"1 minuto"},"schema":{"@context":"https:\/\/schema.org","@graph":[{"@type":["WebPage","ItemPage"],"@id":"https:\/\/lubrimas.pe\/tienda\/refrigerantes\/valvoline-zerex-red-50-50-refrigerante-para-vehiculos-asiaticos\/","url":"https:\/\/lubrimas.pe\/tienda\/refrigerantes\/valvoline-zerex-red-50-50-refrigerante-para-vehiculos-asiaticos\/","name":"Valvoline Zerex 50\/50 Rojo | Refrigerante Anticongelante | Lubrimas.pe | Tienda Online","isPartOf":{"@id":"https:\/\/lubrimas.pe\/tienda\/#website"},"primaryImageOfPage":{"@id":"https:\/\/lubrimas.pe\/tienda\/refrigerantes\/valvoline-zerex-red-50-50-refrigerante-para-vehiculos-asiaticos\/#primaryimage"},"image":{"@id":"https:\/\/lubrimas.pe\/tienda\/refrigerantes\/valvoline-zerex-red-50-50-refrigerante-para-vehiculos-asiaticos\/#primaryimage"},"thumbnailUrl":"https:\/\/lubrimas.pe\/tienda\/wp-content\/uploads\/sites\/3\/2025\/12\/valvoline-zerex-50-50-rojo-asian-vehicle.jpg","datePublished":"2025-12-17T15:18:33+00:00","dateModified":"2026-02-06T21:45:11+00:00","description":"Valvoline Zerex 50\/50 Rojo es refrigerante\/anticongelante premix para protecci\u00f3n contra congelamiento y sobrecalentamiento.","breadcrumb":{"@id":"https:\/\/lubrimas.pe\/tienda\/refrigerantes\/valvoline-zerex-red-50-50-refrigerante-para-vehiculos-asiaticos\/#breadcrumb"},"inLanguage":"es","potentialAction":[{"@type":"ReadAction","target":["https:\/\/lubrimas.pe\/tienda\/refrigerantes\/valvoline-zerex-red-50-50-refrigerante-para-vehiculos-asiaticos\/"]}]},{"@type":"ImageObject","inLanguage":"es","@id":"https:\/\/lubrimas.pe\/tienda\/refrigerantes\/valvoline-zerex-red-50-50-refrigerante-para-vehiculos-asiaticos\/#primaryimage","url":"https:\/\/lubrimas.pe\/tienda\/wp-content\/uploads\/sites\/3\/2025\/12\/valvoline-zerex-50-50-rojo-asian-vehicle.jpg","contentUrl":"https:\/\/lubrimas.pe\/tienda\/wp-content\/uploads\/sites\/3\/2025\/12\/valvoline-zerex-50-50-rojo-asian-vehicle.jpg","width":850,"height":1000},{"@type":"BreadcrumbList","@id":"https:\/\/lubrimas.pe\/tienda\/refrigerantes\/valvoline-zerex-red-50-50-refrigerante-para-vehiculos-asiaticos\/#breadcrumb","itemListElement":[{"@type":"ListItem","position":1,"name":"Portada","item":"https:\/\/lubrimas.pe\/tienda\/"},{"@type":"ListItem","position":2,"name":"Cat\u00e1logo","item":"https:\/\/lubrimas.pe\/tienda\/productos\/"},{"@type":"ListItem","position":3,"name":"VALVOLINE ZEREX RED 50\/50 &#8211; Refrigerante para veh\u00edculos asi\u00e1ticos"}]},{"@type":"WebSite","@id":"https:\/\/lubrimas.pe\/tienda\/#website","url":"https:\/\/lubrimas.pe\/tienda\/","name":"Lubrimas.pe | Tienda Online","description":"Tus lubricantes favoritos al mejor precio!","publisher":{"@id":"https:\/\/lubrimas.pe\/tienda\/#organization"},"potentialAction":[{"@type":"SearchAction","target":{"@type":"EntryPoint","urlTemplate":"https:\/\/lubrimas.pe\/tienda\/?s={search_term_string}"},"query-input":{"@type":"PropertyValueSpecification","valueRequired":true,"valueName":"search_term_string"}}],"inLanguage":"es"},{"@type":"Organization","@id":"https:\/\/lubrimas.pe\/tienda\/#organization","name":"Lubrimas.pe","url":"https:\/\/lubrimas.pe\/tienda\/","logo":{"@type":"ImageObject","inLanguage":"es","@id":"https:\/\/lubrimas.pe\/tienda\/#\/schema\/logo\/image\/","url":"https:\/\/lubrimas.pe\/tienda\/wp-content\/uploads\/sites\/3\/2022\/07\/BANNERS-PROMO-CYBER-WOW-LUBRIMASPE-2022-07.webp","contentUrl":"https:\/\/lubrimas.pe\/tienda\/wp-content\/uploads\/sites\/3\/2022\/07\/BANNERS-PROMO-CYBER-WOW-LUBRIMASPE-2022-07.webp","width":500,"height":752,"caption":"Lubrimas.pe"},"image":{"@id":"https:\/\/lubrimas.pe\/tienda\/#\/schema\/logo\/image\/"}}]}},"_links":{"self":[{"href":"https:\/\/lubrimas.pe\/tienda\/wp-json\/wp\/v2\/product\/15037","targetHints":{"allow":["GET"]}}],"collection":[{"href":"https:\/\/lubrimas.pe\/tienda\/wp-json\/wp\/v2\/product"}],"about":[{"href":"https:\/\/lubrimas.pe\/tienda\/wp-json\/wp\/v2\/types\/product"}],"wp:featuredmedia":[{"embeddable":true,"href":"https:\/\/lubrimas.pe\/tienda\/wp-json\/wp\/v2\/media\/15040"}],"wp:attachment":[{"href":"https:\/\/lubrimas.pe\/tienda\/wp-json\/wp\/v2\/media?parent=15037"}],"wp:term":[{"taxonomy":"product_brand","embeddable":true,"href":"https:\/\/lubrimas.pe\/tienda\/wp-json\/wp\/v2\/product_brand?post=15037"},{"taxonomy":"product_cat","embeddable":true,"href":"https:\/\/lubrimas.pe\/tienda\/wp-json\/wp\/v2\/product_cat?post=15037"},{"taxonomy":"product_tag","embeddable":true,"href":"https:\/\/lubrimas.pe\/tienda\/wp-json\/wp\/v2\/product_tag?post=15037"}],"curies":[{"name":"wp","href":"https:\/\/api.w.org\/{rel}","templated":true}]}}