{"id":15044,"date":"2025-12-17T10:21:03","date_gmt":"2025-12-17T15:21:03","guid":{"rendered":"https:\/\/lubrimas.pe\/tienda\/?post_type=product&#038;p=15044"},"modified":"2026-02-06T16:44:54","modified_gmt":"2026-02-06T21:44:54","slug":"valvoline-zerex-original-green-50-50-refrigerante-listo-para-usar","status":"publish","type":"product","link":"https:\/\/lubrimas.pe\/tienda\/refrigerantes\/valvoline-zerex-original-green-50-50-refrigerante-listo-para-usar\/","title":{"rendered":"VALVOLINE ZEREX ORIGINAL GREEN 50\/50 &#8211; Refrigerante listo para usar"},"content":{"rendered":"<p><strong data-start=\"1076\" data-end=\"1106\">Valvoline Zerex<\/strong>\u00a0<strong>Original Green<\/strong> es una f\u00f3rmula universal a base de etilenglicol adecuada para autom\u00f3viles de pasajeros, camiones livianos y veh\u00edculos de servicio pesado. La f\u00f3rmula est\u00e1 dise\u00f1ada para motores de gasolina y di\u00e9sel, y cuenta con una vida \u00fatil de hasta cinco a\u00f1os o 160,000 km. Su f\u00f3rmula patentada* baja en silicatos protege todos los metales del sistema de refrigeraci\u00f3n contra la corrosi\u00f3n, incluido el aluminio. Los datos de las pruebas ASTM mostrados en esta hoja reflejan un paquete de inhibici\u00f3n a la corrosi\u00f3n de alto rendimiento.<\/p>\n<h5 class=\"secondary--text text--darken-1 text-condensed text-uppercase font-weight-bold\"><strong>ESPECIFICACIONES<\/strong><\/h5>\n<p>El anticongelante \/ refrigerante Valvoline \u2122 ZEREX \u2122 Original Green proporciona protecci\u00f3n superior al sistema de refrigeraci\u00f3n.<\/p>\n<ul>\n<li>Qu\u00edmica de bajo silicato patentada para aplicaciones de trabajo pesado con el uso de SCA.<\/li>\n<li>Paquete inhibidor de corrosi\u00f3n patentado proporciona protecci\u00f3n contra el \u00f3xido y la corrosi\u00f3n<\/li>\n<li>Ayuda a prevenir la calentamiento y congelamiento<\/li>\n<li>Su uso en veh\u00edculos que especifican refrigerante tradicional verde<\/li>\n<\/ul>\n<h5><strong>INFORMACI\u00d3N ADICIONAL<\/strong><\/h5>\n<p><a href=\"https:\/\/www.valvolineglobal.com\/es-pe\/zerex-original-green\/\" target=\"_blank\" rel=\"noopener\">SITIO OFICIAL<\/a><\/p>\n<div id=\"showMore-product-info-overview-properties\"><\/div>\n","protected":false},"excerpt":{"rendered":"<p>Valvoline Zerex\u00a0Original Green es una f\u00f3rmula universal a base de etilenglicol adecuada para autom\u00f3viles de pasajeros, camiones livianos y veh\u00edculos de servicio pesado. La f\u00f3rmula est\u00e1 dise\u00f1ada para motores de<\/p>\n","protected":false},"featured_media":15039,"template":"","meta":[],"product_brand":[],"product_cat":[38],"product_tag":[],"class_list":{"0":"post-15044","1":"product","2":"type-product","3":"status-publish","4":"has-post-thumbnail","6":"product_cat-refrigerantes","7":"pa_concentrado-154","8":"pa_marca-valvoline","10":"first","11":"outofstock","12":"shipping-taxable","13":"purchasable","14":"product-type-variable","15":"has-default-attributes"},"yoast_head":"<!-- This site is optimized with the Yoast SEO plugin v27.4 - https:\/\/yoast.com\/product\/yoast-seo-wordpress\/ -->\n<title>Valvoline Zerex 50\/50 Rojo | Refrigerante Anticongelante | Lubrimas.pe | Tienda Online<\/title>\n<meta name=\"description\" content=\"Valvoline Zerex 50\/50 Rojo es refrigerante\/anticongelante premix para protecci\u00f3n contra congelamiento y sobrecalentamiento.\" \/>\n<meta name=\"robots\" content=\"index, follow, max-snippet:-1, max-image-preview:large, max-video-preview:-1\" \/>\n<link rel=\"canonical\" href=\"https:\/\/lubrimas.pe\/tienda\/refrigerantes\/valvoline-zerex-original-green-50-50-refrigerante-listo-para-usar\/\" \/>\n<meta property=\"og:locale\" content=\"es_ES\" \/>\n<meta property=\"og:type\" content=\"article\" \/>\n<meta property=\"og:title\" content=\"Valvoline Zerex 50\/50 Rojo | Refrigerante Anticongelante | Lubrimas.pe | Tienda Online\" \/>\n<meta property=\"og:description\" content=\"Valvoline Zerex 50\/50 Rojo es refrigerante\/anticongelante premix para protecci\u00f3n contra congelamiento y sobrecalentamiento.\" \/>\n<meta property=\"og:url\" content=\"https:\/\/lubrimas.pe\/tienda\/refrigerantes\/valvoline-zerex-original-green-50-50-refrigerante-listo-para-usar\/\" \/>\n<meta property=\"og:site_name\" content=\"Lubrimas.pe | Tienda Online\" \/>\n<meta property=\"article:modified_time\" content=\"2026-02-06T21:44:54+00:00\" \/>\n<meta property=\"og:image\" content=\"https:\/\/lubrimas.pe\/tienda\/wp-content\/uploads\/sites\/3\/2025\/12\/valvoline-zerex-50-50-verde-original-green.jpg\" \/>\n\t<meta property=\"og:image:width\" content=\"850\" \/>\n\t<meta property=\"og:image:height\" content=\"1000\" \/>\n\t<meta property=\"og:image:type\" content=\"image\/jpeg\" \/>\n<meta name=\"twitter:card\" content=\"summary_large_image\" \/>\n<meta name=\"twitter:label1\" content=\"Tiempo de lectura\" \/>\n\t<meta name=\"twitter:data1\" content=\"1 minuto\" \/>\n<script type=\"application\/ld+json\" class=\"yoast-schema-graph\">{\"@context\":\"https:\\\/\\\/schema.org\",\"@graph\":[{\"@type\":[\"WebPage\",\"ItemPage\"],\"@id\":\"https:\\\/\\\/lubrimas.pe\\\/tienda\\\/refrigerantes\\\/valvoline-zerex-original-green-50-50-refrigerante-listo-para-usar\\\/\",\"url\":\"https:\\\/\\\/lubrimas.pe\\\/tienda\\\/refrigerantes\\\/valvoline-zerex-original-green-50-50-refrigerante-listo-para-usar\\\/\",\"name\":\"Valvoline Zerex 50\\\/50 Rojo | Refrigerante Anticongelante | Lubrimas.pe | Tienda Online\",\"isPartOf\":{\"@id\":\"https:\\\/\\\/lubrimas.pe\\\/tienda\\\/#website\"},\"primaryImageOfPage\":{\"@id\":\"https:\\\/\\\/lubrimas.pe\\\/tienda\\\/refrigerantes\\\/valvoline-zerex-original-green-50-50-refrigerante-listo-para-usar\\\/#primaryimage\"},\"image\":{\"@id\":\"https:\\\/\\\/lubrimas.pe\\\/tienda\\\/refrigerantes\\\/valvoline-zerex-original-green-50-50-refrigerante-listo-para-usar\\\/#primaryimage\"},\"thumbnailUrl\":\"https:\\\/\\\/lubrimas.pe\\\/tienda\\\/wp-content\\\/uploads\\\/sites\\\/3\\\/2025\\\/12\\\/valvoline-zerex-50-50-verde-original-green.jpg\",\"datePublished\":\"2025-12-17T15:21:03+00:00\",\"dateModified\":\"2026-02-06T21:44:54+00:00\",\"description\":\"Valvoline Zerex 50\\\/50 Rojo es refrigerante\\\/anticongelante premix para protecci\u00f3n contra congelamiento y sobrecalentamiento.\",\"breadcrumb\":{\"@id\":\"https:\\\/\\\/lubrimas.pe\\\/tienda\\\/refrigerantes\\\/valvoline-zerex-original-green-50-50-refrigerante-listo-para-usar\\\/#breadcrumb\"},\"inLanguage\":\"es\",\"potentialAction\":[{\"@type\":\"ReadAction\",\"target\":[\"https:\\\/\\\/lubrimas.pe\\\/tienda\\\/refrigerantes\\\/valvoline-zerex-original-green-50-50-refrigerante-listo-para-usar\\\/\"]}]},{\"@type\":\"ImageObject\",\"inLanguage\":\"es\",\"@id\":\"https:\\\/\\\/lubrimas.pe\\\/tienda\\\/refrigerantes\\\/valvoline-zerex-original-green-50-50-refrigerante-listo-para-usar\\\/#primaryimage\",\"url\":\"https:\\\/\\\/lubrimas.pe\\\/tienda\\\/wp-content\\\/uploads\\\/sites\\\/3\\\/2025\\\/12\\\/valvoline-zerex-50-50-verde-original-green.jpg\",\"contentUrl\":\"https:\\\/\\\/lubrimas.pe\\\/tienda\\\/wp-content\\\/uploads\\\/sites\\\/3\\\/2025\\\/12\\\/valvoline-zerex-50-50-verde-original-green.jpg\",\"width\":850,\"height\":1000},{\"@type\":\"BreadcrumbList\",\"@id\":\"https:\\\/\\\/lubrimas.pe\\\/tienda\\\/refrigerantes\\\/valvoline-zerex-original-green-50-50-refrigerante-listo-para-usar\\\/#breadcrumb\",\"itemListElement\":[{\"@type\":\"ListItem\",\"position\":1,\"name\":\"Portada\",\"item\":\"https:\\\/\\\/lubrimas.pe\\\/tienda\\\/\"},{\"@type\":\"ListItem\",\"position\":2,\"name\":\"Cat\u00e1logo\",\"item\":\"https:\\\/\\\/lubrimas.pe\\\/tienda\\\/productos\\\/\"},{\"@type\":\"ListItem\",\"position\":3,\"name\":\"VALVOLINE ZEREX ORIGINAL GREEN 50\\\/50 &#8211; Refrigerante listo para usar\"}]},{\"@type\":\"WebSite\",\"@id\":\"https:\\\/\\\/lubrimas.pe\\\/tienda\\\/#website\",\"url\":\"https:\\\/\\\/lubrimas.pe\\\/tienda\\\/\",\"name\":\"Lubrimas.pe | Tienda Online\",\"description\":\"Tus lubricantes favoritos al mejor precio!\",\"publisher\":{\"@id\":\"https:\\\/\\\/lubrimas.pe\\\/tienda\\\/#organization\"},\"potentialAction\":[{\"@type\":\"SearchAction\",\"target\":{\"@type\":\"EntryPoint\",\"urlTemplate\":\"https:\\\/\\\/lubrimas.pe\\\/tienda\\\/?s={search_term_string}\"},\"query-input\":{\"@type\":\"PropertyValueSpecification\",\"valueRequired\":true,\"valueName\":\"search_term_string\"}}],\"inLanguage\":\"es\"},{\"@type\":\"Organization\",\"@id\":\"https:\\\/\\\/lubrimas.pe\\\/tienda\\\/#organization\",\"name\":\"Lubrimas.pe\",\"url\":\"https:\\\/\\\/lubrimas.pe\\\/tienda\\\/\",\"logo\":{\"@type\":\"ImageObject\",\"inLanguage\":\"es\",\"@id\":\"https:\\\/\\\/lubrimas.pe\\\/tienda\\\/#\\\/schema\\\/logo\\\/image\\\/\",\"url\":\"https:\\\/\\\/lubrimas.pe\\\/tienda\\\/wp-content\\\/uploads\\\/sites\\\/3\\\/2022\\\/07\\\/BANNERS-PROMO-CYBER-WOW-LUBRIMASPE-2022-07.webp\",\"contentUrl\":\"https:\\\/\\\/lubrimas.pe\\\/tienda\\\/wp-content\\\/uploads\\\/sites\\\/3\\\/2022\\\/07\\\/BANNERS-PROMO-CYBER-WOW-LUBRIMASPE-2022-07.webp\",\"width\":500,\"height\":752,\"caption\":\"Lubrimas.pe\"},\"image\":{\"@id\":\"https:\\\/\\\/lubrimas.pe\\\/tienda\\\/#\\\/schema\\\/logo\\\/image\\\/\"}}]}<\/script>\n<!-- \/ Yoast SEO plugin. -->","yoast_head_json":{"title":"Valvoline Zerex 50\/50 Rojo | Refrigerante Anticongelante | Lubrimas.pe | Tienda Online","description":"Valvoline Zerex 50\/50 Rojo es refrigerante\/anticongelante premix para protecci\u00f3n contra congelamiento y sobrecalentamiento.","robots":{"index":"index","follow":"follow","max-snippet":"max-snippet:-1","max-image-preview":"max-image-preview:large","max-video-preview":"max-video-preview:-1"},"canonical":"https:\/\/lubrimas.pe\/tienda\/refrigerantes\/valvoline-zerex-original-green-50-50-refrigerante-listo-para-usar\/","og_locale":"es_ES","og_type":"article","og_title":"Valvoline Zerex 50\/50 Rojo | Refrigerante Anticongelante | Lubrimas.pe | Tienda Online","og_description":"Valvoline Zerex 50\/50 Rojo es refrigerante\/anticongelante premix para protecci\u00f3n contra congelamiento y sobrecalentamiento.","og_url":"https:\/\/lubrimas.pe\/tienda\/refrigerantes\/valvoline-zerex-original-green-50-50-refrigerante-listo-para-usar\/","og_site_name":"Lubrimas.pe | Tienda Online","article_modified_time":"2026-02-06T21:44:54+00:00","og_image":[{"width":850,"height":1000,"url":"https:\/\/lubrimas.pe\/tienda\/wp-content\/uploads\/sites\/3\/2025\/12\/valvoline-zerex-50-50-verde-original-green.jpg","type":"image\/jpeg"}],"twitter_card":"summary_large_image","twitter_misc":{"Tiempo de lectura":"1 minuto"},"schema":{"@context":"https:\/\/schema.org","@graph":[{"@type":["WebPage","ItemPage"],"@id":"https:\/\/lubrimas.pe\/tienda\/refrigerantes\/valvoline-zerex-original-green-50-50-refrigerante-listo-para-usar\/","url":"https:\/\/lubrimas.pe\/tienda\/refrigerantes\/valvoline-zerex-original-green-50-50-refrigerante-listo-para-usar\/","name":"Valvoline Zerex 50\/50 Rojo | Refrigerante Anticongelante | Lubrimas.pe | Tienda Online","isPartOf":{"@id":"https:\/\/lubrimas.pe\/tienda\/#website"},"primaryImageOfPage":{"@id":"https:\/\/lubrimas.pe\/tienda\/refrigerantes\/valvoline-zerex-original-green-50-50-refrigerante-listo-para-usar\/#primaryimage"},"image":{"@id":"https:\/\/lubrimas.pe\/tienda\/refrigerantes\/valvoline-zerex-original-green-50-50-refrigerante-listo-para-usar\/#primaryimage"},"thumbnailUrl":"https:\/\/lubrimas.pe\/tienda\/wp-content\/uploads\/sites\/3\/2025\/12\/valvoline-zerex-50-50-verde-original-green.jpg","datePublished":"2025-12-17T15:21:03+00:00","dateModified":"2026-02-06T21:44:54+00:00","description":"Valvoline Zerex 50\/50 Rojo es refrigerante\/anticongelante premix para protecci\u00f3n contra congelamiento y sobrecalentamiento.","breadcrumb":{"@id":"https:\/\/lubrimas.pe\/tienda\/refrigerantes\/valvoline-zerex-original-green-50-50-refrigerante-listo-para-usar\/#breadcrumb"},"inLanguage":"es","potentialAction":[{"@type":"ReadAction","target":["https:\/\/lubrimas.pe\/tienda\/refrigerantes\/valvoline-zerex-original-green-50-50-refrigerante-listo-para-usar\/"]}]},{"@type":"ImageObject","inLanguage":"es","@id":"https:\/\/lubrimas.pe\/tienda\/refrigerantes\/valvoline-zerex-original-green-50-50-refrigerante-listo-para-usar\/#primaryimage","url":"https:\/\/lubrimas.pe\/tienda\/wp-content\/uploads\/sites\/3\/2025\/12\/valvoline-zerex-50-50-verde-original-green.jpg","contentUrl":"https:\/\/lubrimas.pe\/tienda\/wp-content\/uploads\/sites\/3\/2025\/12\/valvoline-zerex-50-50-verde-original-green.jpg","width":850,"height":1000},{"@type":"BreadcrumbList","@id":"https:\/\/lubrimas.pe\/tienda\/refrigerantes\/valvoline-zerex-original-green-50-50-refrigerante-listo-para-usar\/#breadcrumb","itemListElement":[{"@type":"ListItem","position":1,"name":"Portada","item":"https:\/\/lubrimas.pe\/tienda\/"},{"@type":"ListItem","position":2,"name":"Cat\u00e1logo","item":"https:\/\/lubrimas.pe\/tienda\/productos\/"},{"@type":"ListItem","position":3,"name":"VALVOLINE ZEREX ORIGINAL GREEN 50\/50 &#8211; Refrigerante listo para usar"}]},{"@type":"WebSite","@id":"https:\/\/lubrimas.pe\/tienda\/#website","url":"https:\/\/lubrimas.pe\/tienda\/","name":"Lubrimas.pe | Tienda Online","description":"Tus lubricantes favoritos al mejor precio!","publisher":{"@id":"https:\/\/lubrimas.pe\/tienda\/#organization"},"potentialAction":[{"@type":"SearchAction","target":{"@type":"EntryPoint","urlTemplate":"https:\/\/lubrimas.pe\/tienda\/?s={search_term_string}"},"query-input":{"@type":"PropertyValueSpecification","valueRequired":true,"valueName":"search_term_string"}}],"inLanguage":"es"},{"@type":"Organization","@id":"https:\/\/lubrimas.pe\/tienda\/#organization","name":"Lubrimas.pe","url":"https:\/\/lubrimas.pe\/tienda\/","logo":{"@type":"ImageObject","inLanguage":"es","@id":"https:\/\/lubrimas.pe\/tienda\/#\/schema\/logo\/image\/","url":"https:\/\/lubrimas.pe\/tienda\/wp-content\/uploads\/sites\/3\/2022\/07\/BANNERS-PROMO-CYBER-WOW-LUBRIMASPE-2022-07.webp","contentUrl":"https:\/\/lubrimas.pe\/tienda\/wp-content\/uploads\/sites\/3\/2022\/07\/BANNERS-PROMO-CYBER-WOW-LUBRIMASPE-2022-07.webp","width":500,"height":752,"caption":"Lubrimas.pe"},"image":{"@id":"https:\/\/lubrimas.pe\/tienda\/#\/schema\/logo\/image\/"}}]}},"_links":{"self":[{"href":"https:\/\/lubrimas.pe\/tienda\/wp-json\/wp\/v2\/product\/15044","targetHints":{"allow":["GET"]}}],"collection":[{"href":"https:\/\/lubrimas.pe\/tienda\/wp-json\/wp\/v2\/product"}],"about":[{"href":"https:\/\/lubrimas.pe\/tienda\/wp-json\/wp\/v2\/types\/product"}],"wp:featuredmedia":[{"embeddable":true,"href":"https:\/\/lubrimas.pe\/tienda\/wp-json\/wp\/v2\/media\/15039"}],"wp:attachment":[{"href":"https:\/\/lubrimas.pe\/tienda\/wp-json\/wp\/v2\/media?parent=15044"}],"wp:term":[{"taxonomy":"product_brand","embeddable":true,"href":"https:\/\/lubrimas.pe\/tienda\/wp-json\/wp\/v2\/product_brand?post=15044"},{"taxonomy":"product_cat","embeddable":true,"href":"https:\/\/lubrimas.pe\/tienda\/wp-json\/wp\/v2\/product_cat?post=15044"},{"taxonomy":"product_tag","embeddable":true,"href":"https:\/\/lubrimas.pe\/tienda\/wp-json\/wp\/v2\/product_tag?post=15044"}],"curies":[{"name":"wp","href":"https:\/\/api.w.org\/{rel}","templated":true}]}}