{"id":15083,"date":"2025-12-17T17:28:28","date_gmt":"2025-12-17T22:28:28","guid":{"rendered":"https:\/\/lubrimas.pe\/tienda\/?post_type=product&#038;p=15083"},"modified":"2026-04-16T18:57:23","modified_gmt":"2026-04-16T23:57:23","slug":"castrol-edge-professional-ec-0w20","status":"publish","type":"product","link":"https:\/\/lubrimas.pe\/tienda\/motor-gasolina-gas\/castrol-edge-professional-ec-0w20\/","title":{"rendered":"CASTROL EDGE PROFESSIONAL 0W20 EC  \u2013 Aceite Sint\u00e9tico para Motor"},"content":{"rendered":"<p><strong>Castrol EDGE Professional EC 0W-20<\/strong> es un aceite 100% sint\u00e9tico de alto rendimiento dise\u00f1ado para motores modernos de gasolina y di\u00e9sel que exigen la m\u00e1xima protecci\u00f3n contra desgaste, presi\u00f3n extrema y degradaci\u00f3n t\u00e9rmica. Formulado con la tecnolog\u00eda Fluid Strength\u2122, este aceite refuerza la pel\u00edcula lubricante para reducir el contacto metal-metal incluso bajo alta presi\u00f3n, lo cual mejora la eficiencia del motor y su durabilidad.<\/p>\n<h5><strong>APLICACI\u00d3N<\/strong><\/h5>\n<p>Castrol EDGE Professional EC 0W-20 es apto para veh\u00edculos de gasolina, di\u00e9sel e h\u00edbridos y est\u00e1 dise\u00f1ado para cumplir las \u00faltimas especificaciones exigidas por los motores modernos en los que el fabricante del veh\u00edculo recomienda un lubricante ACEA C5 0W-20.<br \/>\nCastrol EDGE Professional EC 0W-20 est\u00e1 aprobado para su uso en veh\u00edculos Jaguar Land Rover que requieran un lubricante de motor Jaguar Land Rover especificaci\u00f3n STJLR.03.5006, STJLR.51.5122 0W-20.<\/p>\n<h5><strong>INFORMACI\u00d3N ADICIONAL<\/strong><\/h5>\n<div class=\"aditional-info-tecnical-lp\"><a href=\"https:\/\/lubrimas.pe\/tienda\/wp-content\/uploads\/sites\/3\/2025\/12\/LUBRIMAS-FICHA-TECNICA-CASTROL-EDGE-0W20-PROFESIONAL-EC.pdf\" target=\"_blank\" rel=\"noopener\">FICHA T\u00c9CNICA<\/a><\/div>\n","protected":false},"excerpt":{"rendered":"<p>Castrol EDGE Professional EC 0W-20 es un aceite 100% sint\u00e9tico de alto rendimiento dise\u00f1ado para motores modernos de gasolina y di\u00e9sel que exigen la m\u00e1xima protecci\u00f3n contra desgaste, presi\u00f3n extrema<\/p>\n","protected":false},"featured_media":15292,"template":"","meta":[],"product_brand":[],"product_cat":[16,22],"product_tag":[],"class_list":{"0":"post-15083","1":"product","2":"type-product","3":"status-publish","4":"has-post-thumbnail","6":"product_cat-aceite-de-motor","7":"product_cat-motor-gasolina-gas","8":"pa_grado-0w20","9":"pa_marca-castrol","11":"first","12":"instock","13":"shipping-taxable","14":"purchasable","15":"product-type-variable","16":"has-default-attributes"},"yoast_head":"<!-- This site is optimized with the Yoast SEO plugin v27.5 - https:\/\/yoast.com\/product\/yoast-seo-wordpress\/ -->\n<title>CASTROL EDGE PROFESSIONAL 0W20 EC \u2013 Aceite Sint\u00e9tico para Motor | Lubrimas.pe | Tienda Online<\/title>\n<meta name=\"description\" content=\"Castrol EDGE Professional EC 0W-20 sint\u00e9tico ofrece m\u00e1xima protecci\u00f3n y rendimiento para motores modernos. Menor fricci\u00f3n y mayor eficiencia.\" \/>\n<meta name=\"robots\" content=\"index, follow, max-snippet:-1, max-image-preview:large, max-video-preview:-1\" \/>\n<link rel=\"canonical\" href=\"https:\/\/lubrimas.pe\/tienda\/motor-gasolina-gas\/castrol-edge-professional-ec-0w20\/\" \/>\n<meta property=\"og:locale\" content=\"es_ES\" \/>\n<meta property=\"og:type\" content=\"article\" \/>\n<meta property=\"og:title\" content=\"CASTROL EDGE PROFESSIONAL 0W20 EC \u2013 Aceite Sint\u00e9tico para Motor | Lubrimas.pe | Tienda Online\" \/>\n<meta property=\"og:description\" content=\"Castrol EDGE Professional EC 0W-20 sint\u00e9tico ofrece m\u00e1xima protecci\u00f3n y rendimiento para motores modernos. Menor fricci\u00f3n y mayor eficiencia.\" \/>\n<meta property=\"og:url\" content=\"https:\/\/lubrimas.pe\/tienda\/motor-gasolina-gas\/castrol-edge-professional-ec-0w20\/\" \/>\n<meta property=\"og:site_name\" content=\"Lubrimas.pe | Tienda Online\" \/>\n<meta property=\"article:modified_time\" content=\"2026-04-16T23:57:23+00:00\" \/>\n<meta property=\"og:image\" content=\"https:\/\/lubrimas.pe\/tienda\/wp-content\/uploads\/sites\/3\/2025\/12\/lubrimas_pe_lubrimasperu_cambio-aceite-original-castrol-edge_0w-20-1l-litro-professional-full-sintetico-losolivos-lima-peru-1.webp\" \/>\n\t<meta property=\"og:image:width\" content=\"1500\" \/>\n\t<meta property=\"og:image:height\" content=\"1875\" \/>\n\t<meta property=\"og:image:type\" content=\"image\/webp\" \/>\n<meta name=\"twitter:card\" content=\"summary_large_image\" \/>\n<meta name=\"twitter:label1\" content=\"Tiempo de lectura\" \/>\n\t<meta name=\"twitter:data1\" content=\"1 minuto\" \/>\n<script type=\"application\/ld+json\" class=\"yoast-schema-graph\">{\"@context\":\"https:\\\/\\\/schema.org\",\"@graph\":[{\"@type\":[\"WebPage\",\"ItemPage\"],\"@id\":\"https:\\\/\\\/lubrimas.pe\\\/tienda\\\/motor-gasolina-gas\\\/castrol-edge-professional-ec-0w20\\\/\",\"url\":\"https:\\\/\\\/lubrimas.pe\\\/tienda\\\/motor-gasolina-gas\\\/castrol-edge-professional-ec-0w20\\\/\",\"name\":\"CASTROL EDGE PROFESSIONAL 0W20 EC \u2013 Aceite Sint\u00e9tico para Motor | Lubrimas.pe | Tienda Online\",\"isPartOf\":{\"@id\":\"https:\\\/\\\/lubrimas.pe\\\/tienda\\\/#website\"},\"primaryImageOfPage\":{\"@id\":\"https:\\\/\\\/lubrimas.pe\\\/tienda\\\/motor-gasolina-gas\\\/castrol-edge-professional-ec-0w20\\\/#primaryimage\"},\"image\":{\"@id\":\"https:\\\/\\\/lubrimas.pe\\\/tienda\\\/motor-gasolina-gas\\\/castrol-edge-professional-ec-0w20\\\/#primaryimage\"},\"thumbnailUrl\":\"https:\\\/\\\/lubrimas.pe\\\/tienda\\\/wp-content\\\/uploads\\\/sites\\\/3\\\/2025\\\/12\\\/lubrimas_pe_lubrimasperu_cambio-aceite-original-castrol-edge_0w-20-1l-litro-professional-full-sintetico-losolivos-lima-peru-1.webp\",\"datePublished\":\"2025-12-17T22:28:28+00:00\",\"dateModified\":\"2026-04-16T23:57:23+00:00\",\"description\":\"Castrol EDGE Professional EC 0W-20 sint\u00e9tico ofrece m\u00e1xima protecci\u00f3n y rendimiento para motores modernos. Menor fricci\u00f3n y mayor eficiencia.\",\"breadcrumb\":{\"@id\":\"https:\\\/\\\/lubrimas.pe\\\/tienda\\\/motor-gasolina-gas\\\/castrol-edge-professional-ec-0w20\\\/#breadcrumb\"},\"inLanguage\":\"es\",\"potentialAction\":[{\"@type\":\"ReadAction\",\"target\":[\"https:\\\/\\\/lubrimas.pe\\\/tienda\\\/motor-gasolina-gas\\\/castrol-edge-professional-ec-0w20\\\/\"]}]},{\"@type\":\"ImageObject\",\"inLanguage\":\"es\",\"@id\":\"https:\\\/\\\/lubrimas.pe\\\/tienda\\\/motor-gasolina-gas\\\/castrol-edge-professional-ec-0w20\\\/#primaryimage\",\"url\":\"https:\\\/\\\/lubrimas.pe\\\/tienda\\\/wp-content\\\/uploads\\\/sites\\\/3\\\/2025\\\/12\\\/lubrimas_pe_lubrimasperu_cambio-aceite-original-castrol-edge_0w-20-1l-litro-professional-full-sintetico-losolivos-lima-peru-1.webp\",\"contentUrl\":\"https:\\\/\\\/lubrimas.pe\\\/tienda\\\/wp-content\\\/uploads\\\/sites\\\/3\\\/2025\\\/12\\\/lubrimas_pe_lubrimasperu_cambio-aceite-original-castrol-edge_0w-20-1l-litro-professional-full-sintetico-losolivos-lima-peru-1.webp\",\"width\":1500,\"height\":1875},{\"@type\":\"BreadcrumbList\",\"@id\":\"https:\\\/\\\/lubrimas.pe\\\/tienda\\\/motor-gasolina-gas\\\/castrol-edge-professional-ec-0w20\\\/#breadcrumb\",\"itemListElement\":[{\"@type\":\"ListItem\",\"position\":1,\"name\":\"Portada\",\"item\":\"https:\\\/\\\/lubrimas.pe\\\/tienda\\\/\"},{\"@type\":\"ListItem\",\"position\":2,\"name\":\"Cat\u00e1logo\",\"item\":\"https:\\\/\\\/lubrimas.pe\\\/tienda\\\/productos\\\/\"},{\"@type\":\"ListItem\",\"position\":3,\"name\":\"CASTROL EDGE PROFESSIONAL 0W20 EC \u2013 Aceite Sint\u00e9tico para Motor\"}]},{\"@type\":\"WebSite\",\"@id\":\"https:\\\/\\\/lubrimas.pe\\\/tienda\\\/#website\",\"url\":\"https:\\\/\\\/lubrimas.pe\\\/tienda\\\/\",\"name\":\"Lubrimas.pe | Tienda Online\",\"description\":\"Tus lubricantes favoritos al mejor precio!\",\"publisher\":{\"@id\":\"https:\\\/\\\/lubrimas.pe\\\/tienda\\\/#organization\"},\"potentialAction\":[{\"@type\":\"SearchAction\",\"target\":{\"@type\":\"EntryPoint\",\"urlTemplate\":\"https:\\\/\\\/lubrimas.pe\\\/tienda\\\/?s={search_term_string}\"},\"query-input\":{\"@type\":\"PropertyValueSpecification\",\"valueRequired\":true,\"valueName\":\"search_term_string\"}}],\"inLanguage\":\"es\"},{\"@type\":\"Organization\",\"@id\":\"https:\\\/\\\/lubrimas.pe\\\/tienda\\\/#organization\",\"name\":\"Lubrimas.pe\",\"url\":\"https:\\\/\\\/lubrimas.pe\\\/tienda\\\/\",\"logo\":{\"@type\":\"ImageObject\",\"inLanguage\":\"es\",\"@id\":\"https:\\\/\\\/lubrimas.pe\\\/tienda\\\/#\\\/schema\\\/logo\\\/image\\\/\",\"url\":\"https:\\\/\\\/lubrimas.pe\\\/tienda\\\/wp-content\\\/uploads\\\/sites\\\/3\\\/2022\\\/07\\\/BANNERS-PROMO-CYBER-WOW-LUBRIMASPE-2022-07.webp\",\"contentUrl\":\"https:\\\/\\\/lubrimas.pe\\\/tienda\\\/wp-content\\\/uploads\\\/sites\\\/3\\\/2022\\\/07\\\/BANNERS-PROMO-CYBER-WOW-LUBRIMASPE-2022-07.webp\",\"width\":500,\"height\":752,\"caption\":\"Lubrimas.pe\"},\"image\":{\"@id\":\"https:\\\/\\\/lubrimas.pe\\\/tienda\\\/#\\\/schema\\\/logo\\\/image\\\/\"}}]}<\/script>\n<!-- \/ Yoast SEO plugin. -->","yoast_head_json":{"title":"CASTROL EDGE PROFESSIONAL 0W20 EC \u2013 Aceite Sint\u00e9tico para Motor | Lubrimas.pe | Tienda Online","description":"Castrol EDGE Professional EC 0W-20 sint\u00e9tico ofrece m\u00e1xima protecci\u00f3n y rendimiento para motores modernos. Menor fricci\u00f3n y mayor eficiencia.","robots":{"index":"index","follow":"follow","max-snippet":"max-snippet:-1","max-image-preview":"max-image-preview:large","max-video-preview":"max-video-preview:-1"},"canonical":"https:\/\/lubrimas.pe\/tienda\/motor-gasolina-gas\/castrol-edge-professional-ec-0w20\/","og_locale":"es_ES","og_type":"article","og_title":"CASTROL EDGE PROFESSIONAL 0W20 EC \u2013 Aceite Sint\u00e9tico para Motor | Lubrimas.pe | Tienda Online","og_description":"Castrol EDGE Professional EC 0W-20 sint\u00e9tico ofrece m\u00e1xima protecci\u00f3n y rendimiento para motores modernos. Menor fricci\u00f3n y mayor eficiencia.","og_url":"https:\/\/lubrimas.pe\/tienda\/motor-gasolina-gas\/castrol-edge-professional-ec-0w20\/","og_site_name":"Lubrimas.pe | Tienda Online","article_modified_time":"2026-04-16T23:57:23+00:00","og_image":[{"width":1500,"height":1875,"url":"https:\/\/lubrimas.pe\/tienda\/wp-content\/uploads\/sites\/3\/2025\/12\/lubrimas_pe_lubrimasperu_cambio-aceite-original-castrol-edge_0w-20-1l-litro-professional-full-sintetico-losolivos-lima-peru-1.webp","type":"image\/webp"}],"twitter_card":"summary_large_image","twitter_misc":{"Tiempo de lectura":"1 minuto"},"schema":{"@context":"https:\/\/schema.org","@graph":[{"@type":["WebPage","ItemPage"],"@id":"https:\/\/lubrimas.pe\/tienda\/motor-gasolina-gas\/castrol-edge-professional-ec-0w20\/","url":"https:\/\/lubrimas.pe\/tienda\/motor-gasolina-gas\/castrol-edge-professional-ec-0w20\/","name":"CASTROL EDGE PROFESSIONAL 0W20 EC \u2013 Aceite Sint\u00e9tico para Motor | Lubrimas.pe | Tienda Online","isPartOf":{"@id":"https:\/\/lubrimas.pe\/tienda\/#website"},"primaryImageOfPage":{"@id":"https:\/\/lubrimas.pe\/tienda\/motor-gasolina-gas\/castrol-edge-professional-ec-0w20\/#primaryimage"},"image":{"@id":"https:\/\/lubrimas.pe\/tienda\/motor-gasolina-gas\/castrol-edge-professional-ec-0w20\/#primaryimage"},"thumbnailUrl":"https:\/\/lubrimas.pe\/tienda\/wp-content\/uploads\/sites\/3\/2025\/12\/lubrimas_pe_lubrimasperu_cambio-aceite-original-castrol-edge_0w-20-1l-litro-professional-full-sintetico-losolivos-lima-peru-1.webp","datePublished":"2025-12-17T22:28:28+00:00","dateModified":"2026-04-16T23:57:23+00:00","description":"Castrol EDGE Professional EC 0W-20 sint\u00e9tico ofrece m\u00e1xima protecci\u00f3n y rendimiento para motores modernos. Menor fricci\u00f3n y mayor eficiencia.","breadcrumb":{"@id":"https:\/\/lubrimas.pe\/tienda\/motor-gasolina-gas\/castrol-edge-professional-ec-0w20\/#breadcrumb"},"inLanguage":"es","potentialAction":[{"@type":"ReadAction","target":["https:\/\/lubrimas.pe\/tienda\/motor-gasolina-gas\/castrol-edge-professional-ec-0w20\/"]}]},{"@type":"ImageObject","inLanguage":"es","@id":"https:\/\/lubrimas.pe\/tienda\/motor-gasolina-gas\/castrol-edge-professional-ec-0w20\/#primaryimage","url":"https:\/\/lubrimas.pe\/tienda\/wp-content\/uploads\/sites\/3\/2025\/12\/lubrimas_pe_lubrimasperu_cambio-aceite-original-castrol-edge_0w-20-1l-litro-professional-full-sintetico-losolivos-lima-peru-1.webp","contentUrl":"https:\/\/lubrimas.pe\/tienda\/wp-content\/uploads\/sites\/3\/2025\/12\/lubrimas_pe_lubrimasperu_cambio-aceite-original-castrol-edge_0w-20-1l-litro-professional-full-sintetico-losolivos-lima-peru-1.webp","width":1500,"height":1875},{"@type":"BreadcrumbList","@id":"https:\/\/lubrimas.pe\/tienda\/motor-gasolina-gas\/castrol-edge-professional-ec-0w20\/#breadcrumb","itemListElement":[{"@type":"ListItem","position":1,"name":"Portada","item":"https:\/\/lubrimas.pe\/tienda\/"},{"@type":"ListItem","position":2,"name":"Cat\u00e1logo","item":"https:\/\/lubrimas.pe\/tienda\/productos\/"},{"@type":"ListItem","position":3,"name":"CASTROL EDGE PROFESSIONAL 0W20 EC \u2013 Aceite Sint\u00e9tico para Motor"}]},{"@type":"WebSite","@id":"https:\/\/lubrimas.pe\/tienda\/#website","url":"https:\/\/lubrimas.pe\/tienda\/","name":"Lubrimas.pe | Tienda Online","description":"Tus lubricantes favoritos al mejor precio!","publisher":{"@id":"https:\/\/lubrimas.pe\/tienda\/#organization"},"potentialAction":[{"@type":"SearchAction","target":{"@type":"EntryPoint","urlTemplate":"https:\/\/lubrimas.pe\/tienda\/?s={search_term_string}"},"query-input":{"@type":"PropertyValueSpecification","valueRequired":true,"valueName":"search_term_string"}}],"inLanguage":"es"},{"@type":"Organization","@id":"https:\/\/lubrimas.pe\/tienda\/#organization","name":"Lubrimas.pe","url":"https:\/\/lubrimas.pe\/tienda\/","logo":{"@type":"ImageObject","inLanguage":"es","@id":"https:\/\/lubrimas.pe\/tienda\/#\/schema\/logo\/image\/","url":"https:\/\/lubrimas.pe\/tienda\/wp-content\/uploads\/sites\/3\/2022\/07\/BANNERS-PROMO-CYBER-WOW-LUBRIMASPE-2022-07.webp","contentUrl":"https:\/\/lubrimas.pe\/tienda\/wp-content\/uploads\/sites\/3\/2022\/07\/BANNERS-PROMO-CYBER-WOW-LUBRIMASPE-2022-07.webp","width":500,"height":752,"caption":"Lubrimas.pe"},"image":{"@id":"https:\/\/lubrimas.pe\/tienda\/#\/schema\/logo\/image\/"}}]}},"_links":{"self":[{"href":"https:\/\/lubrimas.pe\/tienda\/wp-json\/wp\/v2\/product\/15083","targetHints":{"allow":["GET"]}}],"collection":[{"href":"https:\/\/lubrimas.pe\/tienda\/wp-json\/wp\/v2\/product"}],"about":[{"href":"https:\/\/lubrimas.pe\/tienda\/wp-json\/wp\/v2\/types\/product"}],"wp:featuredmedia":[{"embeddable":true,"href":"https:\/\/lubrimas.pe\/tienda\/wp-json\/wp\/v2\/media\/15292"}],"wp:attachment":[{"href":"https:\/\/lubrimas.pe\/tienda\/wp-json\/wp\/v2\/media?parent=15083"}],"wp:term":[{"taxonomy":"product_brand","embeddable":true,"href":"https:\/\/lubrimas.pe\/tienda\/wp-json\/wp\/v2\/product_brand?post=15083"},{"taxonomy":"product_cat","embeddable":true,"href":"https:\/\/lubrimas.pe\/tienda\/wp-json\/wp\/v2\/product_cat?post=15083"},{"taxonomy":"product_tag","embeddable":true,"href":"https:\/\/lubrimas.pe\/tienda\/wp-json\/wp\/v2\/product_tag?post=15083"}],"curies":[{"name":"wp","href":"https:\/\/api.w.org\/{rel}","templated":true}]}}