{"id":15101,"date":"2025-12-19T15:59:55","date_gmt":"2025-12-19T20:59:55","guid":{"rendered":"https:\/\/lubrimas.pe\/tienda\/?post_type=product&#038;p=15101"},"modified":"2026-04-24T12:00:54","modified_gmt":"2026-04-24T17:00:54","slug":"liqui-moly-molygen-new-generation-5w30-dpf-aceite-de-motor","status":"publish","type":"product","link":"https:\/\/lubrimas.pe\/tienda\/aceite-de-motor\/liqui-moly-molygen-new-generation-5w30-dpf-aceite-de-motor\/","title":{"rendered":"LIQUI MOLY MOLYGEN NEW GENERATION 5W30 DPF &#8211; Aceite de Motor"},"content":{"rendered":"<p><strong>LIQUI MOLY MOLYGEN NEW GENERATION 5W30 DPF<\/strong>\u00a0es un aceite 100% sint\u00e9tico de alto rendimiento especialmente formulado para motores di\u00e9sel modernos equipados con DPF (filtro de part\u00edculas di\u00e9sel) y sistemas de post-tratamiento de emisiones. Su avanzada tecnolog\u00eda Molygen reduce la fricci\u00f3n interna, mejora la eficiencia de combustible y ayuda a mantener una limpieza superior del motor y el sistema de emisiones.<\/p>\n<p>La f\u00f3rmula Molygen est\u00e1 especialmente dise\u00f1ada para preservar la vida \u00fatil del DPF, reduciendo la formaci\u00f3n de holl\u00edn y dep\u00f3sitos da\u00f1inos, y manteniendo un funcionamiento m\u00e1s eficiente del sistema de pos-tratamiento, lo que ayuda a cumplir con las normativas de emisiones m\u00e1s exigentes.<\/p>\n<h5 class=\"type\"><strong>CARACTER\u00cdSTICAS PRINCIPALES<\/strong><\/h5>\n<ul class=\"check-list\">\n<li style=\"list-style-type: none;\">\n<ul class=\"check-list\">\n<li class=\"value\">\u00a0funcionamiento suave del motor<\/li>\n<li class=\"value\">excelente protecci\u00f3n contra el desgaste<\/li>\n<li class=\"value\">excelente seguridad de lubricaci\u00f3n<\/li>\n<li class=\"value\">alta estabilidad de cizallamiento<\/li>\n<li class=\"value\">garantiza una larga vida \u00fatil del motor<\/li>\n<li class=\"value\">disminuye el consumo de combustible<\/li>\n<li class=\"value\">excelente limpieza del motor<\/li>\n<li class=\"value\">r\u00e1pida alimentaci\u00f3n de aceite con temperaturas bajas<\/li>\n<li class=\"value\">\u00f3ptima resistencia al envejecimiento<\/li>\n<li class=\"value\">presi\u00f3n de aceite \u00f3ptima bajo todas las condiciones de servicio<\/li>\n<li class=\"value\">especialmente apto para veh\u00edculos con filtro de part\u00edculas di\u00e9sel<\/li>\n<li class=\"value\">probado en turbocompresores y catalizadores<\/li>\n<li class=\"value\">se puede mezclar con los aceites para motores usuales en el comercio<\/li>\n<\/ul>\n<\/li>\n<\/ul>\n<blockquote><p>Se han de cumplir las instrucciones de uso de los fabricantes de autom\u00f3viles y de motores. Apto para mezclar con todos los aceites del motor de uso corriente. La eficacia completa solamente se garantiza en el uso sin mezclar.<\/p><\/blockquote>\n<h5><strong>APROBACIONES\u00a0<\/strong><\/h5>\n<p>ACEA C2, ACEA C3, API SN<\/p>\n<h5><strong>ESPECIFICACIONES OEM<\/strong><\/h5>\n<p>BMW Longlife-04 (up to 2018), Fiat 9.55535-S3, Ford WSS-M2C 917-A, GM dexos2, GWM, HAVAL, Hyundai, Kia, MB 229.31, MB 229.51, MB 229.52, Opel GM-LL-A-025, Opel GM-LL-B-025, VW 505 00, VW 505 01, Wuling<\/p>\n<h5><strong>INFORMACI\u00d3N ADICIONAL<\/strong><\/h5>\n<div class=\"aditional-info-tecnical-lp\"><a href=\"https:\/\/lubrimas.pe\/tienda\/wp-content\/uploads\/sites\/3\/2025\/12\/LubriMas-Ficha-Tecnica-Liqui-Moly-Molygen-New-Generation-5W30-DPF.pdf\" target=\"_blank\" rel=\"noopener\">FICHA T\u00c9CNICA<\/a><br \/>\n<a href=\"https:\/\/www.liqui-moly.com\/es\/molygen-new-generation-5w-30-dpf-p004283.html?srsltid=AfmBOopcDZk3fVfBKi7U5KrVjqk5YaCOnDWEIIT9nTH6iYuWoldu6dQL#21224\" target=\"_blank\" rel=\"noopener\">SITIO OFICIAL<\/a><\/div>\n<p>&nbsp;<\/p>\n<blockquote><p>LM 21225, LM-21225, LM21225, LIQUIMOLY, LIQUI MOLY, ADITIVOS LUBRICANTES ALEMANES<\/p><\/blockquote>\n","protected":false},"excerpt":{"rendered":"<p>LIQUI MOLY MOLYGEN NEW GENERATION 5W30 DPF\u00a0es un aceite 100% sint\u00e9tico de alto rendimiento especialmente formulado para motores di\u00e9sel modernos equipados con DPF (filtro de part\u00edculas di\u00e9sel) y sistemas de<\/p>\n","protected":false},"featured_media":15104,"template":"","meta":[],"product_brand":[],"product_cat":[16,26,22],"product_tag":[],"class_list":{"0":"post-15101","1":"product","2":"type-product","3":"status-publish","4":"has-post-thumbnail","6":"product_cat-aceite-de-motor","7":"product_cat-motor-diesel","8":"product_cat-motor-gasolina-gas","9":"pa_especificaciones-acea-c2","10":"pa_especificaciones-acea-c3","11":"pa_especificaciones-bmw-longlife-04","12":"pa_especificaciones-fiat-9-55535-s3","13":"pa_especificaciones-ford-wss-m2c-917-a","14":"pa_especificaciones-gm-dexos-2","15":"pa_especificaciones-vw-505-00","16":"pa_grado-5w30","17":"pa_marca-liquimoly","19":"first","20":"instock","21":"shipping-taxable","22":"purchasable","23":"product-type-variable","24":"has-default-attributes"},"yoast_head":"<!-- This site is optimized with the Yoast SEO plugin v27.4 - https:\/\/yoast.com\/product\/yoast-seo-wordpress\/ -->\n<title>LIQUI MOLY MOLYGEN NEW GENERATION 5W30 DPF - Aceite de Motor | Lubrimas.pe | Tienda Online<\/title>\n<meta name=\"description\" content=\"Aceite Liqui Moly Molygen 5W30 DPF sint\u00e9tico para motores di\u00e9sel. Protege el sistema DPF y mejora el rendimiento. Compra online con env\u00edo a Per\u00fa.\" \/>\n<meta name=\"robots\" content=\"index, follow, max-snippet:-1, max-image-preview:large, max-video-preview:-1\" \/>\n<link rel=\"canonical\" href=\"https:\/\/lubrimas.pe\/tienda\/aceite-de-motor\/liqui-moly-molygen-new-generation-5w30-dpf-aceite-de-motor\/\" \/>\n<meta property=\"og:locale\" content=\"es_ES\" \/>\n<meta property=\"og:type\" content=\"article\" \/>\n<meta property=\"og:title\" content=\"LIQUI MOLY MOLYGEN NEW GENERATION 5W30 DPF - Aceite de Motor | Lubrimas.pe | Tienda Online\" \/>\n<meta property=\"og:description\" content=\"Aceite Liqui Moly Molygen 5W30 DPF sint\u00e9tico para motores di\u00e9sel. Protege el sistema DPF y mejora el rendimiento. Compra online con env\u00edo a Per\u00fa.\" \/>\n<meta property=\"og:url\" content=\"https:\/\/lubrimas.pe\/tienda\/aceite-de-motor\/liqui-moly-molygen-new-generation-5w30-dpf-aceite-de-motor\/\" \/>\n<meta property=\"og:site_name\" content=\"Lubrimas.pe | Tienda Online\" \/>\n<meta property=\"article:modified_time\" content=\"2026-04-24T17:00:54+00:00\" \/>\n<meta property=\"og:image\" content=\"https:\/\/lubrimas.pe\/tienda\/wp-content\/uploads\/sites\/3\/2025\/12\/liqui-moly-molygen-5w30-dpf.webp\" \/>\n\t<meta property=\"og:image:width\" content=\"1771\" \/>\n\t<meta property=\"og:image:height\" content=\"2083\" \/>\n\t<meta property=\"og:image:type\" content=\"image\/webp\" \/>\n<meta name=\"twitter:card\" content=\"summary_large_image\" \/>\n<meta name=\"twitter:label1\" content=\"Tiempo de lectura\" \/>\n\t<meta name=\"twitter:data1\" content=\"2 minutos\" \/>\n<script type=\"application\/ld+json\" class=\"yoast-schema-graph\">{\"@context\":\"https:\\\/\\\/schema.org\",\"@graph\":[{\"@type\":[\"WebPage\",\"ItemPage\"],\"@id\":\"https:\\\/\\\/lubrimas.pe\\\/tienda\\\/aceite-de-motor\\\/liqui-moly-molygen-new-generation-5w30-dpf-aceite-de-motor\\\/\",\"url\":\"https:\\\/\\\/lubrimas.pe\\\/tienda\\\/aceite-de-motor\\\/liqui-moly-molygen-new-generation-5w30-dpf-aceite-de-motor\\\/\",\"name\":\"LIQUI MOLY MOLYGEN NEW GENERATION 5W30 DPF - Aceite de Motor | Lubrimas.pe | Tienda Online\",\"isPartOf\":{\"@id\":\"https:\\\/\\\/lubrimas.pe\\\/tienda\\\/#website\"},\"primaryImageOfPage\":{\"@id\":\"https:\\\/\\\/lubrimas.pe\\\/tienda\\\/aceite-de-motor\\\/liqui-moly-molygen-new-generation-5w30-dpf-aceite-de-motor\\\/#primaryimage\"},\"image\":{\"@id\":\"https:\\\/\\\/lubrimas.pe\\\/tienda\\\/aceite-de-motor\\\/liqui-moly-molygen-new-generation-5w30-dpf-aceite-de-motor\\\/#primaryimage\"},\"thumbnailUrl\":\"https:\\\/\\\/lubrimas.pe\\\/tienda\\\/wp-content\\\/uploads\\\/sites\\\/3\\\/2025\\\/12\\\/liqui-moly-molygen-5w30-dpf.webp\",\"datePublished\":\"2025-12-19T20:59:55+00:00\",\"dateModified\":\"2026-04-24T17:00:54+00:00\",\"description\":\"Aceite Liqui Moly Molygen 5W30 DPF sint\u00e9tico para motores di\u00e9sel. Protege el sistema DPF y mejora el rendimiento. Compra online con env\u00edo a Per\u00fa.\",\"breadcrumb\":{\"@id\":\"https:\\\/\\\/lubrimas.pe\\\/tienda\\\/aceite-de-motor\\\/liqui-moly-molygen-new-generation-5w30-dpf-aceite-de-motor\\\/#breadcrumb\"},\"inLanguage\":\"es\",\"potentialAction\":[{\"@type\":\"ReadAction\",\"target\":[\"https:\\\/\\\/lubrimas.pe\\\/tienda\\\/aceite-de-motor\\\/liqui-moly-molygen-new-generation-5w30-dpf-aceite-de-motor\\\/\"]}]},{\"@type\":\"ImageObject\",\"inLanguage\":\"es\",\"@id\":\"https:\\\/\\\/lubrimas.pe\\\/tienda\\\/aceite-de-motor\\\/liqui-moly-molygen-new-generation-5w30-dpf-aceite-de-motor\\\/#primaryimage\",\"url\":\"https:\\\/\\\/lubrimas.pe\\\/tienda\\\/wp-content\\\/uploads\\\/sites\\\/3\\\/2025\\\/12\\\/liqui-moly-molygen-5w30-dpf.webp\",\"contentUrl\":\"https:\\\/\\\/lubrimas.pe\\\/tienda\\\/wp-content\\\/uploads\\\/sites\\\/3\\\/2025\\\/12\\\/liqui-moly-molygen-5w30-dpf.webp\",\"width\":1771,\"height\":2083},{\"@type\":\"BreadcrumbList\",\"@id\":\"https:\\\/\\\/lubrimas.pe\\\/tienda\\\/aceite-de-motor\\\/liqui-moly-molygen-new-generation-5w30-dpf-aceite-de-motor\\\/#breadcrumb\",\"itemListElement\":[{\"@type\":\"ListItem\",\"position\":1,\"name\":\"Portada\",\"item\":\"https:\\\/\\\/lubrimas.pe\\\/tienda\\\/\"},{\"@type\":\"ListItem\",\"position\":2,\"name\":\"Cat\u00e1logo\",\"item\":\"https:\\\/\\\/lubrimas.pe\\\/tienda\\\/productos\\\/\"},{\"@type\":\"ListItem\",\"position\":3,\"name\":\"LIQUI MOLY MOLYGEN NEW GENERATION 5W30 DPF &#8211; Aceite de Motor\"}]},{\"@type\":\"WebSite\",\"@id\":\"https:\\\/\\\/lubrimas.pe\\\/tienda\\\/#website\",\"url\":\"https:\\\/\\\/lubrimas.pe\\\/tienda\\\/\",\"name\":\"Lubrimas.pe | Tienda Online\",\"description\":\"Tus lubricantes favoritos al mejor precio!\",\"publisher\":{\"@id\":\"https:\\\/\\\/lubrimas.pe\\\/tienda\\\/#organization\"},\"potentialAction\":[{\"@type\":\"SearchAction\",\"target\":{\"@type\":\"EntryPoint\",\"urlTemplate\":\"https:\\\/\\\/lubrimas.pe\\\/tienda\\\/?s={search_term_string}\"},\"query-input\":{\"@type\":\"PropertyValueSpecification\",\"valueRequired\":true,\"valueName\":\"search_term_string\"}}],\"inLanguage\":\"es\"},{\"@type\":\"Organization\",\"@id\":\"https:\\\/\\\/lubrimas.pe\\\/tienda\\\/#organization\",\"name\":\"Lubrimas.pe\",\"url\":\"https:\\\/\\\/lubrimas.pe\\\/tienda\\\/\",\"logo\":{\"@type\":\"ImageObject\",\"inLanguage\":\"es\",\"@id\":\"https:\\\/\\\/lubrimas.pe\\\/tienda\\\/#\\\/schema\\\/logo\\\/image\\\/\",\"url\":\"https:\\\/\\\/lubrimas.pe\\\/tienda\\\/wp-content\\\/uploads\\\/sites\\\/3\\\/2022\\\/07\\\/BANNERS-PROMO-CYBER-WOW-LUBRIMASPE-2022-07.webp\",\"contentUrl\":\"https:\\\/\\\/lubrimas.pe\\\/tienda\\\/wp-content\\\/uploads\\\/sites\\\/3\\\/2022\\\/07\\\/BANNERS-PROMO-CYBER-WOW-LUBRIMASPE-2022-07.webp\",\"width\":500,\"height\":752,\"caption\":\"Lubrimas.pe\"},\"image\":{\"@id\":\"https:\\\/\\\/lubrimas.pe\\\/tienda\\\/#\\\/schema\\\/logo\\\/image\\\/\"}}]}<\/script>\n<!-- \/ Yoast SEO plugin. -->","yoast_head_json":{"title":"LIQUI MOLY MOLYGEN NEW GENERATION 5W30 DPF - Aceite de Motor | Lubrimas.pe | Tienda Online","description":"Aceite Liqui Moly Molygen 5W30 DPF sint\u00e9tico para motores di\u00e9sel. Protege el sistema DPF y mejora el rendimiento. Compra online con env\u00edo a Per\u00fa.","robots":{"index":"index","follow":"follow","max-snippet":"max-snippet:-1","max-image-preview":"max-image-preview:large","max-video-preview":"max-video-preview:-1"},"canonical":"https:\/\/lubrimas.pe\/tienda\/aceite-de-motor\/liqui-moly-molygen-new-generation-5w30-dpf-aceite-de-motor\/","og_locale":"es_ES","og_type":"article","og_title":"LIQUI MOLY MOLYGEN NEW GENERATION 5W30 DPF - Aceite de Motor | Lubrimas.pe | Tienda Online","og_description":"Aceite Liqui Moly Molygen 5W30 DPF sint\u00e9tico para motores di\u00e9sel. Protege el sistema DPF y mejora el rendimiento. Compra online con env\u00edo a Per\u00fa.","og_url":"https:\/\/lubrimas.pe\/tienda\/aceite-de-motor\/liqui-moly-molygen-new-generation-5w30-dpf-aceite-de-motor\/","og_site_name":"Lubrimas.pe | Tienda Online","article_modified_time":"2026-04-24T17:00:54+00:00","og_image":[{"width":1771,"height":2083,"url":"https:\/\/lubrimas.pe\/tienda\/wp-content\/uploads\/sites\/3\/2025\/12\/liqui-moly-molygen-5w30-dpf.webp","type":"image\/webp"}],"twitter_card":"summary_large_image","twitter_misc":{"Tiempo de lectura":"2 minutos"},"schema":{"@context":"https:\/\/schema.org","@graph":[{"@type":["WebPage","ItemPage"],"@id":"https:\/\/lubrimas.pe\/tienda\/aceite-de-motor\/liqui-moly-molygen-new-generation-5w30-dpf-aceite-de-motor\/","url":"https:\/\/lubrimas.pe\/tienda\/aceite-de-motor\/liqui-moly-molygen-new-generation-5w30-dpf-aceite-de-motor\/","name":"LIQUI MOLY MOLYGEN NEW GENERATION 5W30 DPF - Aceite de Motor | Lubrimas.pe | Tienda Online","isPartOf":{"@id":"https:\/\/lubrimas.pe\/tienda\/#website"},"primaryImageOfPage":{"@id":"https:\/\/lubrimas.pe\/tienda\/aceite-de-motor\/liqui-moly-molygen-new-generation-5w30-dpf-aceite-de-motor\/#primaryimage"},"image":{"@id":"https:\/\/lubrimas.pe\/tienda\/aceite-de-motor\/liqui-moly-molygen-new-generation-5w30-dpf-aceite-de-motor\/#primaryimage"},"thumbnailUrl":"https:\/\/lubrimas.pe\/tienda\/wp-content\/uploads\/sites\/3\/2025\/12\/liqui-moly-molygen-5w30-dpf.webp","datePublished":"2025-12-19T20:59:55+00:00","dateModified":"2026-04-24T17:00:54+00:00","description":"Aceite Liqui Moly Molygen 5W30 DPF sint\u00e9tico para motores di\u00e9sel. Protege el sistema DPF y mejora el rendimiento. Compra online con env\u00edo a Per\u00fa.","breadcrumb":{"@id":"https:\/\/lubrimas.pe\/tienda\/aceite-de-motor\/liqui-moly-molygen-new-generation-5w30-dpf-aceite-de-motor\/#breadcrumb"},"inLanguage":"es","potentialAction":[{"@type":"ReadAction","target":["https:\/\/lubrimas.pe\/tienda\/aceite-de-motor\/liqui-moly-molygen-new-generation-5w30-dpf-aceite-de-motor\/"]}]},{"@type":"ImageObject","inLanguage":"es","@id":"https:\/\/lubrimas.pe\/tienda\/aceite-de-motor\/liqui-moly-molygen-new-generation-5w30-dpf-aceite-de-motor\/#primaryimage","url":"https:\/\/lubrimas.pe\/tienda\/wp-content\/uploads\/sites\/3\/2025\/12\/liqui-moly-molygen-5w30-dpf.webp","contentUrl":"https:\/\/lubrimas.pe\/tienda\/wp-content\/uploads\/sites\/3\/2025\/12\/liqui-moly-molygen-5w30-dpf.webp","width":1771,"height":2083},{"@type":"BreadcrumbList","@id":"https:\/\/lubrimas.pe\/tienda\/aceite-de-motor\/liqui-moly-molygen-new-generation-5w30-dpf-aceite-de-motor\/#breadcrumb","itemListElement":[{"@type":"ListItem","position":1,"name":"Portada","item":"https:\/\/lubrimas.pe\/tienda\/"},{"@type":"ListItem","position":2,"name":"Cat\u00e1logo","item":"https:\/\/lubrimas.pe\/tienda\/productos\/"},{"@type":"ListItem","position":3,"name":"LIQUI MOLY MOLYGEN NEW GENERATION 5W30 DPF &#8211; Aceite de Motor"}]},{"@type":"WebSite","@id":"https:\/\/lubrimas.pe\/tienda\/#website","url":"https:\/\/lubrimas.pe\/tienda\/","name":"Lubrimas.pe | Tienda Online","description":"Tus lubricantes favoritos al mejor precio!","publisher":{"@id":"https:\/\/lubrimas.pe\/tienda\/#organization"},"potentialAction":[{"@type":"SearchAction","target":{"@type":"EntryPoint","urlTemplate":"https:\/\/lubrimas.pe\/tienda\/?s={search_term_string}"},"query-input":{"@type":"PropertyValueSpecification","valueRequired":true,"valueName":"search_term_string"}}],"inLanguage":"es"},{"@type":"Organization","@id":"https:\/\/lubrimas.pe\/tienda\/#organization","name":"Lubrimas.pe","url":"https:\/\/lubrimas.pe\/tienda\/","logo":{"@type":"ImageObject","inLanguage":"es","@id":"https:\/\/lubrimas.pe\/tienda\/#\/schema\/logo\/image\/","url":"https:\/\/lubrimas.pe\/tienda\/wp-content\/uploads\/sites\/3\/2022\/07\/BANNERS-PROMO-CYBER-WOW-LUBRIMASPE-2022-07.webp","contentUrl":"https:\/\/lubrimas.pe\/tienda\/wp-content\/uploads\/sites\/3\/2022\/07\/BANNERS-PROMO-CYBER-WOW-LUBRIMASPE-2022-07.webp","width":500,"height":752,"caption":"Lubrimas.pe"},"image":{"@id":"https:\/\/lubrimas.pe\/tienda\/#\/schema\/logo\/image\/"}}]}},"_links":{"self":[{"href":"https:\/\/lubrimas.pe\/tienda\/wp-json\/wp\/v2\/product\/15101","targetHints":{"allow":["GET"]}}],"collection":[{"href":"https:\/\/lubrimas.pe\/tienda\/wp-json\/wp\/v2\/product"}],"about":[{"href":"https:\/\/lubrimas.pe\/tienda\/wp-json\/wp\/v2\/types\/product"}],"wp:featuredmedia":[{"embeddable":true,"href":"https:\/\/lubrimas.pe\/tienda\/wp-json\/wp\/v2\/media\/15104"}],"wp:attachment":[{"href":"https:\/\/lubrimas.pe\/tienda\/wp-json\/wp\/v2\/media?parent=15101"}],"wp:term":[{"taxonomy":"product_brand","embeddable":true,"href":"https:\/\/lubrimas.pe\/tienda\/wp-json\/wp\/v2\/product_brand?post=15101"},{"taxonomy":"product_cat","embeddable":true,"href":"https:\/\/lubrimas.pe\/tienda\/wp-json\/wp\/v2\/product_cat?post=15101"},{"taxonomy":"product_tag","embeddable":true,"href":"https:\/\/lubrimas.pe\/tienda\/wp-json\/wp\/v2\/product_tag?post=15101"}],"curies":[{"name":"wp","href":"https:\/\/api.w.org\/{rel}","templated":true}]}}