{"id":15124,"date":"2025-12-23T10:13:21","date_gmt":"2025-12-23T15:13:21","guid":{"rendered":"https:\/\/lubrimas.pe\/tienda\/?post_type=product&#038;p=15124"},"modified":"2025-12-23T10:39:30","modified_gmt":"2025-12-23T15:39:30","slug":"castrol-edge-0w-30-aceite-sintetico-para-motor","status":"publish","type":"product","link":"https:\/\/lubrimas.pe\/tienda\/motor-gasolina-gas\/castrol-edge-0w-30-aceite-sintetico-para-motor\/","title":{"rendered":"Castrol EDGE 0W-30 \u2013 Aceite Sint\u00e9tico para Motor"},"content":{"rendered":"<p><strong data-start=\"1025\" data-end=\"1047\">Castrol EDGE 0W-30<\/strong> es un aceite 100% sint\u00e9tico de alto rendimiento, desarrollado con la avanzada tecnolog\u00eda Fluid TITANIUM, que transforma la estructura del aceite para proporcionar una pel\u00edcula lubricante m\u00e1s fuerte y resistente incluso bajo presiones extremas. Esto permite reducir el contacto metal-metal en el motor, disminuir la fricci\u00f3n interna y optimizar la eficiencia del combustible.<\/p>\n<h5><strong>VENTAJAS<\/strong><\/h5>\n<p>Castrol EDGE 0W-30 con Fluid TITANIUM es la elecci\u00f3n correcta para conductores que exigen el m\u00e1ximo rendimiento del motor de los sofisticados veh\u00edculos actuales que requieren un elevado nivel de protecci\u00f3n y lubricantes de alto rendimiento.<\/p>\n<ul>\n<li>Se transforma hasta convertirse en el m\u00e1s resistente a m\u00e1xima presi\u00f3n para proteger el motor<\/li>\n<li>Reduce la fricci\u00f3n que reduce la potencia en todas las velocidades y condiciones del motor<\/li>\n<li>Sometido a las pruebas m\u00e1s exigentes para verificar su rendimiento<\/li>\n<li>Recomendado por fabricantes de veh\u00edculos l\u00edderes del mercado<\/li>\n<li>Protege el motor durante el intervalo completo entre cambios de aceite, incluso bajo presiones extremas<\/li>\n<li>Ofrece un alto nivel de eficiencia en el consumo de combustible y de rendimiento a baja temperatura<\/li>\n<\/ul>\n<h5><strong>APROBACIONES\u00a0<\/strong><\/h5>\n<p><span dir=\"auto\">ACEA C3, <\/span><span dir=\"auto\">API SP<\/span><\/p>\n<h5><strong>ESPECIFICACIONES OEM<\/strong><\/h5>\n<p><span dir=\"auto\">BMW Longlife-04, <\/span><span dir=\"auto\">BMW Longlife-19FE, <\/span><span dir=\"auto\">Aprobaci\u00f3n MB 226.5\/229.31\/229.51, <\/span><span dir=\"auto\">Opel OV 040 1547 &#8211; D30, <\/span><span dir=\"auto\">Opel OV 040 1547 &#8211; G30, <\/span><span dir=\"auto\">Renault RN 0700 \/ RN 0710<\/span><\/p>\n<h5><strong>INFORMACI\u00d3N ADICIONAL<\/strong><\/h5>\n<div class=\"aditional-info-tecnical-lp\"><a href=\"https:\/\/lubrimas.pe\/tienda\/wp-content\/uploads\/sites\/3\/2025\/12\/LUBRIMAS-FICHA-TECNICA-CASTROL-EDGE-0W30.pdf\" target=\"_blank\" rel=\"noopener\">FICHA T\u00c9CNICA<\/a><br \/>\n<a href=\"https:\/\/www.castrol.com\/es_es\/spain\/home\/products\/our-brands\/automotive\/castrol-edge-oils\/castrol-edge.html#tab_0w-30\" target=\"_blank\" rel=\"noopener\">SITIO OFICIAL<\/a><\/div>\n<h5><\/h5>\n","protected":false},"excerpt":{"rendered":"<p>Castrol EDGE 0W-30 es un aceite 100% sint\u00e9tico de alto rendimiento, desarrollado con la avanzada tecnolog\u00eda Fluid TITANIUM, que transforma la estructura del aceite para proporcionar una pel\u00edcula lubricante m\u00e1s<\/p>\n","protected":false},"featured_media":15126,"template":"","meta":[],"product_brand":[],"product_cat":[16,22],"product_tag":[],"class_list":{"0":"post-15124","1":"product","2":"type-product","3":"status-publish","4":"has-post-thumbnail","6":"product_cat-aceite-de-motor","7":"product_cat-motor-gasolina-gas","8":"pa_grado-0w30","9":"pa_marca-castrol","11":"first","12":"instock","13":"shipping-taxable","14":"purchasable","15":"product-type-variable"},"yoast_head":"<!-- This site is optimized with the Yoast SEO plugin v27.4 - https:\/\/yoast.com\/product\/yoast-seo-wordpress\/ -->\n<title>Castrol EDGE 0W-30 \u2013 Aceite Sint\u00e9tico para Motor | Lubrimas.pe | Tienda Online<\/title>\n<meta name=\"description\" content=\"Castrol EDGE 0W-30 sint\u00e9tico premium ofrece m\u00e1xima protecci\u00f3n, menor fricci\u00f3n y excelente limpieza interna del motor. Rendimiento superior\" \/>\n<meta name=\"robots\" content=\"index, follow, max-snippet:-1, max-image-preview:large, max-video-preview:-1\" \/>\n<link rel=\"canonical\" href=\"https:\/\/lubrimas.pe\/tienda\/motor-gasolina-gas\/castrol-edge-0w-30-aceite-sintetico-para-motor\/\" \/>\n<meta property=\"og:locale\" content=\"es_ES\" \/>\n<meta property=\"og:type\" content=\"article\" \/>\n<meta property=\"og:title\" content=\"Castrol EDGE 0W-30 \u2013 Aceite Sint\u00e9tico para Motor | Lubrimas.pe | Tienda Online\" \/>\n<meta property=\"og:description\" content=\"Castrol EDGE 0W-30 sint\u00e9tico premium ofrece m\u00e1xima protecci\u00f3n, menor fricci\u00f3n y excelente limpieza interna del motor. Rendimiento superior\" \/>\n<meta property=\"og:url\" content=\"https:\/\/lubrimas.pe\/tienda\/motor-gasolina-gas\/castrol-edge-0w-30-aceite-sintetico-para-motor\/\" \/>\n<meta property=\"og:site_name\" content=\"Lubrimas.pe | Tienda Online\" \/>\n<meta property=\"article:modified_time\" content=\"2025-12-23T15:39:30+00:00\" \/>\n<meta property=\"og:image\" content=\"https:\/\/lubrimas.pe\/tienda\/wp-content\/uploads\/sites\/3\/2025\/12\/catrol-edge-0w30-litro.webp\" \/>\n\t<meta property=\"og:image:width\" content=\"1771\" \/>\n\t<meta property=\"og:image:height\" content=\"2083\" \/>\n\t<meta property=\"og:image:type\" content=\"image\/webp\" \/>\n<meta name=\"twitter:card\" content=\"summary_large_image\" \/>\n<meta name=\"twitter:label1\" content=\"Tiempo de lectura\" \/>\n\t<meta name=\"twitter:data1\" content=\"1 minuto\" \/>\n<script type=\"application\/ld+json\" class=\"yoast-schema-graph\">{\"@context\":\"https:\\\/\\\/schema.org\",\"@graph\":[{\"@type\":[\"WebPage\",\"ItemPage\"],\"@id\":\"https:\\\/\\\/lubrimas.pe\\\/tienda\\\/motor-gasolina-gas\\\/castrol-edge-0w-30-aceite-sintetico-para-motor\\\/\",\"url\":\"https:\\\/\\\/lubrimas.pe\\\/tienda\\\/motor-gasolina-gas\\\/castrol-edge-0w-30-aceite-sintetico-para-motor\\\/\",\"name\":\"Castrol EDGE 0W-30 \u2013 Aceite Sint\u00e9tico para Motor | Lubrimas.pe | Tienda Online\",\"isPartOf\":{\"@id\":\"https:\\\/\\\/lubrimas.pe\\\/tienda\\\/#website\"},\"primaryImageOfPage\":{\"@id\":\"https:\\\/\\\/lubrimas.pe\\\/tienda\\\/motor-gasolina-gas\\\/castrol-edge-0w-30-aceite-sintetico-para-motor\\\/#primaryimage\"},\"image\":{\"@id\":\"https:\\\/\\\/lubrimas.pe\\\/tienda\\\/motor-gasolina-gas\\\/castrol-edge-0w-30-aceite-sintetico-para-motor\\\/#primaryimage\"},\"thumbnailUrl\":\"https:\\\/\\\/lubrimas.pe\\\/tienda\\\/wp-content\\\/uploads\\\/sites\\\/3\\\/2025\\\/12\\\/catrol-edge-0w30-litro.webp\",\"datePublished\":\"2025-12-23T15:13:21+00:00\",\"dateModified\":\"2025-12-23T15:39:30+00:00\",\"description\":\"Castrol EDGE 0W-30 sint\u00e9tico premium ofrece m\u00e1xima protecci\u00f3n, menor fricci\u00f3n y excelente limpieza interna del motor. Rendimiento superior\",\"breadcrumb\":{\"@id\":\"https:\\\/\\\/lubrimas.pe\\\/tienda\\\/motor-gasolina-gas\\\/castrol-edge-0w-30-aceite-sintetico-para-motor\\\/#breadcrumb\"},\"inLanguage\":\"es\",\"potentialAction\":[{\"@type\":\"ReadAction\",\"target\":[\"https:\\\/\\\/lubrimas.pe\\\/tienda\\\/motor-gasolina-gas\\\/castrol-edge-0w-30-aceite-sintetico-para-motor\\\/\"]}]},{\"@type\":\"ImageObject\",\"inLanguage\":\"es\",\"@id\":\"https:\\\/\\\/lubrimas.pe\\\/tienda\\\/motor-gasolina-gas\\\/castrol-edge-0w-30-aceite-sintetico-para-motor\\\/#primaryimage\",\"url\":\"https:\\\/\\\/lubrimas.pe\\\/tienda\\\/wp-content\\\/uploads\\\/sites\\\/3\\\/2025\\\/12\\\/catrol-edge-0w30-litro.webp\",\"contentUrl\":\"https:\\\/\\\/lubrimas.pe\\\/tienda\\\/wp-content\\\/uploads\\\/sites\\\/3\\\/2025\\\/12\\\/catrol-edge-0w30-litro.webp\",\"width\":1771,\"height\":2083},{\"@type\":\"BreadcrumbList\",\"@id\":\"https:\\\/\\\/lubrimas.pe\\\/tienda\\\/motor-gasolina-gas\\\/castrol-edge-0w-30-aceite-sintetico-para-motor\\\/#breadcrumb\",\"itemListElement\":[{\"@type\":\"ListItem\",\"position\":1,\"name\":\"Portada\",\"item\":\"https:\\\/\\\/lubrimas.pe\\\/tienda\\\/\"},{\"@type\":\"ListItem\",\"position\":2,\"name\":\"Cat\u00e1logo\",\"item\":\"https:\\\/\\\/lubrimas.pe\\\/tienda\\\/productos\\\/\"},{\"@type\":\"ListItem\",\"position\":3,\"name\":\"Castrol EDGE 0W-30 \u2013 Aceite Sint\u00e9tico para Motor\"}]},{\"@type\":\"WebSite\",\"@id\":\"https:\\\/\\\/lubrimas.pe\\\/tienda\\\/#website\",\"url\":\"https:\\\/\\\/lubrimas.pe\\\/tienda\\\/\",\"name\":\"Lubrimas.pe | Tienda Online\",\"description\":\"Tus lubricantes favoritos al mejor precio!\",\"publisher\":{\"@id\":\"https:\\\/\\\/lubrimas.pe\\\/tienda\\\/#organization\"},\"potentialAction\":[{\"@type\":\"SearchAction\",\"target\":{\"@type\":\"EntryPoint\",\"urlTemplate\":\"https:\\\/\\\/lubrimas.pe\\\/tienda\\\/?s={search_term_string}\"},\"query-input\":{\"@type\":\"PropertyValueSpecification\",\"valueRequired\":true,\"valueName\":\"search_term_string\"}}],\"inLanguage\":\"es\"},{\"@type\":\"Organization\",\"@id\":\"https:\\\/\\\/lubrimas.pe\\\/tienda\\\/#organization\",\"name\":\"Lubrimas.pe\",\"url\":\"https:\\\/\\\/lubrimas.pe\\\/tienda\\\/\",\"logo\":{\"@type\":\"ImageObject\",\"inLanguage\":\"es\",\"@id\":\"https:\\\/\\\/lubrimas.pe\\\/tienda\\\/#\\\/schema\\\/logo\\\/image\\\/\",\"url\":\"https:\\\/\\\/lubrimas.pe\\\/tienda\\\/wp-content\\\/uploads\\\/sites\\\/3\\\/2022\\\/07\\\/BANNERS-PROMO-CYBER-WOW-LUBRIMASPE-2022-07.webp\",\"contentUrl\":\"https:\\\/\\\/lubrimas.pe\\\/tienda\\\/wp-content\\\/uploads\\\/sites\\\/3\\\/2022\\\/07\\\/BANNERS-PROMO-CYBER-WOW-LUBRIMASPE-2022-07.webp\",\"width\":500,\"height\":752,\"caption\":\"Lubrimas.pe\"},\"image\":{\"@id\":\"https:\\\/\\\/lubrimas.pe\\\/tienda\\\/#\\\/schema\\\/logo\\\/image\\\/\"}}]}<\/script>\n<!-- \/ Yoast SEO plugin. -->","yoast_head_json":{"title":"Castrol EDGE 0W-30 \u2013 Aceite Sint\u00e9tico para Motor | Lubrimas.pe | Tienda Online","description":"Castrol EDGE 0W-30 sint\u00e9tico premium ofrece m\u00e1xima protecci\u00f3n, menor fricci\u00f3n y excelente limpieza interna del motor. Rendimiento superior","robots":{"index":"index","follow":"follow","max-snippet":"max-snippet:-1","max-image-preview":"max-image-preview:large","max-video-preview":"max-video-preview:-1"},"canonical":"https:\/\/lubrimas.pe\/tienda\/motor-gasolina-gas\/castrol-edge-0w-30-aceite-sintetico-para-motor\/","og_locale":"es_ES","og_type":"article","og_title":"Castrol EDGE 0W-30 \u2013 Aceite Sint\u00e9tico para Motor | Lubrimas.pe | Tienda Online","og_description":"Castrol EDGE 0W-30 sint\u00e9tico premium ofrece m\u00e1xima protecci\u00f3n, menor fricci\u00f3n y excelente limpieza interna del motor. Rendimiento superior","og_url":"https:\/\/lubrimas.pe\/tienda\/motor-gasolina-gas\/castrol-edge-0w-30-aceite-sintetico-para-motor\/","og_site_name":"Lubrimas.pe | Tienda Online","article_modified_time":"2025-12-23T15:39:30+00:00","og_image":[{"width":1771,"height":2083,"url":"https:\/\/lubrimas.pe\/tienda\/wp-content\/uploads\/sites\/3\/2025\/12\/catrol-edge-0w30-litro.webp","type":"image\/webp"}],"twitter_card":"summary_large_image","twitter_misc":{"Tiempo de lectura":"1 minuto"},"schema":{"@context":"https:\/\/schema.org","@graph":[{"@type":["WebPage","ItemPage"],"@id":"https:\/\/lubrimas.pe\/tienda\/motor-gasolina-gas\/castrol-edge-0w-30-aceite-sintetico-para-motor\/","url":"https:\/\/lubrimas.pe\/tienda\/motor-gasolina-gas\/castrol-edge-0w-30-aceite-sintetico-para-motor\/","name":"Castrol EDGE 0W-30 \u2013 Aceite Sint\u00e9tico para Motor | Lubrimas.pe | Tienda Online","isPartOf":{"@id":"https:\/\/lubrimas.pe\/tienda\/#website"},"primaryImageOfPage":{"@id":"https:\/\/lubrimas.pe\/tienda\/motor-gasolina-gas\/castrol-edge-0w-30-aceite-sintetico-para-motor\/#primaryimage"},"image":{"@id":"https:\/\/lubrimas.pe\/tienda\/motor-gasolina-gas\/castrol-edge-0w-30-aceite-sintetico-para-motor\/#primaryimage"},"thumbnailUrl":"https:\/\/lubrimas.pe\/tienda\/wp-content\/uploads\/sites\/3\/2025\/12\/catrol-edge-0w30-litro.webp","datePublished":"2025-12-23T15:13:21+00:00","dateModified":"2025-12-23T15:39:30+00:00","description":"Castrol EDGE 0W-30 sint\u00e9tico premium ofrece m\u00e1xima protecci\u00f3n, menor fricci\u00f3n y excelente limpieza interna del motor. Rendimiento superior","breadcrumb":{"@id":"https:\/\/lubrimas.pe\/tienda\/motor-gasolina-gas\/castrol-edge-0w-30-aceite-sintetico-para-motor\/#breadcrumb"},"inLanguage":"es","potentialAction":[{"@type":"ReadAction","target":["https:\/\/lubrimas.pe\/tienda\/motor-gasolina-gas\/castrol-edge-0w-30-aceite-sintetico-para-motor\/"]}]},{"@type":"ImageObject","inLanguage":"es","@id":"https:\/\/lubrimas.pe\/tienda\/motor-gasolina-gas\/castrol-edge-0w-30-aceite-sintetico-para-motor\/#primaryimage","url":"https:\/\/lubrimas.pe\/tienda\/wp-content\/uploads\/sites\/3\/2025\/12\/catrol-edge-0w30-litro.webp","contentUrl":"https:\/\/lubrimas.pe\/tienda\/wp-content\/uploads\/sites\/3\/2025\/12\/catrol-edge-0w30-litro.webp","width":1771,"height":2083},{"@type":"BreadcrumbList","@id":"https:\/\/lubrimas.pe\/tienda\/motor-gasolina-gas\/castrol-edge-0w-30-aceite-sintetico-para-motor\/#breadcrumb","itemListElement":[{"@type":"ListItem","position":1,"name":"Portada","item":"https:\/\/lubrimas.pe\/tienda\/"},{"@type":"ListItem","position":2,"name":"Cat\u00e1logo","item":"https:\/\/lubrimas.pe\/tienda\/productos\/"},{"@type":"ListItem","position":3,"name":"Castrol EDGE 0W-30 \u2013 Aceite Sint\u00e9tico para Motor"}]},{"@type":"WebSite","@id":"https:\/\/lubrimas.pe\/tienda\/#website","url":"https:\/\/lubrimas.pe\/tienda\/","name":"Lubrimas.pe | Tienda Online","description":"Tus lubricantes favoritos al mejor precio!","publisher":{"@id":"https:\/\/lubrimas.pe\/tienda\/#organization"},"potentialAction":[{"@type":"SearchAction","target":{"@type":"EntryPoint","urlTemplate":"https:\/\/lubrimas.pe\/tienda\/?s={search_term_string}"},"query-input":{"@type":"PropertyValueSpecification","valueRequired":true,"valueName":"search_term_string"}}],"inLanguage":"es"},{"@type":"Organization","@id":"https:\/\/lubrimas.pe\/tienda\/#organization","name":"Lubrimas.pe","url":"https:\/\/lubrimas.pe\/tienda\/","logo":{"@type":"ImageObject","inLanguage":"es","@id":"https:\/\/lubrimas.pe\/tienda\/#\/schema\/logo\/image\/","url":"https:\/\/lubrimas.pe\/tienda\/wp-content\/uploads\/sites\/3\/2022\/07\/BANNERS-PROMO-CYBER-WOW-LUBRIMASPE-2022-07.webp","contentUrl":"https:\/\/lubrimas.pe\/tienda\/wp-content\/uploads\/sites\/3\/2022\/07\/BANNERS-PROMO-CYBER-WOW-LUBRIMASPE-2022-07.webp","width":500,"height":752,"caption":"Lubrimas.pe"},"image":{"@id":"https:\/\/lubrimas.pe\/tienda\/#\/schema\/logo\/image\/"}}]}},"_links":{"self":[{"href":"https:\/\/lubrimas.pe\/tienda\/wp-json\/wp\/v2\/product\/15124","targetHints":{"allow":["GET"]}}],"collection":[{"href":"https:\/\/lubrimas.pe\/tienda\/wp-json\/wp\/v2\/product"}],"about":[{"href":"https:\/\/lubrimas.pe\/tienda\/wp-json\/wp\/v2\/types\/product"}],"wp:featuredmedia":[{"embeddable":true,"href":"https:\/\/lubrimas.pe\/tienda\/wp-json\/wp\/v2\/media\/15126"}],"wp:attachment":[{"href":"https:\/\/lubrimas.pe\/tienda\/wp-json\/wp\/v2\/media?parent=15124"}],"wp:term":[{"taxonomy":"product_brand","embeddable":true,"href":"https:\/\/lubrimas.pe\/tienda\/wp-json\/wp\/v2\/product_brand?post=15124"},{"taxonomy":"product_cat","embeddable":true,"href":"https:\/\/lubrimas.pe\/tienda\/wp-json\/wp\/v2\/product_cat?post=15124"},{"taxonomy":"product_tag","embeddable":true,"href":"https:\/\/lubrimas.pe\/tienda\/wp-json\/wp\/v2\/product_tag?post=15124"}],"curies":[{"name":"wp","href":"https:\/\/api.w.org\/{rel}","templated":true}]}}