{"id":15131,"date":"2025-12-23T13:28:35","date_gmt":"2025-12-23T18:28:35","guid":{"rendered":"https:\/\/lubrimas.pe\/tienda\/?post_type=product&#038;p=15131"},"modified":"2025-12-23T13:39:21","modified_gmt":"2025-12-23T18:39:21","slug":"prestone-max-asian-vehicles-50-50-azul-antifreeze-coolant","status":"publish","type":"product","link":"https:\/\/lubrimas.pe\/tienda\/refrigerantes\/prestone-max-asian-vehicles-50-50-azul-antifreeze-coolant\/","title":{"rendered":"PRESTONE EUROPEAN VEHICLES 50\/50 \u2013 VERDE AZULADO | ANTIFREEZE + COOLANT"},"content":{"rendered":"<div><strong>PRESTONE MAX ASIAN VEHICLES 50\/50 &#8211; VERDE AZULADO<\/strong> es un anticongelante + coolant formulado especialmente para proporcionar protecci\u00f3n completa al sistema de enfriamiento de veh\u00edculos europeos, pero tambi\u00e9n apto para una amplia gama de autom\u00f3viles modernos. Su formulaci\u00f3n premezclada 50\/50 significa que viene lista para usar, sin necesidad de diluirla, ofreciendo protecci\u00f3n inmediata.<\/p>\n<p data-start=\"1955\" data-end=\"2302\">Prestone European Vehicles 50\/50 est\u00e1 dise\u00f1ado para empates seguros con sistemas de enfriamiento que requieren una mezcla anticongelante de base etilenglicol, con inhibidores de corrosi\u00f3n adaptados a las exigencias de motores europeos, garantizando una transici\u00f3n suave desde los productos OEM sin mezclar con agua manualmente.<\/p>\n<\/div>\n<ul class=\"az_i_b\">\n<li>Garant\u00eda de protecci\u00f3n superior durante 5 a\u00f1os\/150.000 millas (240.000 km), f\u00f3rmula larga duraci\u00f3n.<\/li>\n<li>Incluye el paquete de protecci\u00f3n Prestone\u00ae que cumple con los est\u00e1ndares de protecci\u00f3n contra la corrosi\u00f3n, el \u00f3xido y el sarro en el sistema de refrigeraci\u00f3n.<\/li>\n<li>F\u00f3rmula lista para usar. Perfecto para recargar peque\u00f1os vol\u00famenes o para drenar y rellenar completamente el sistema de refrigeraci\u00f3n<\/li>\n<\/ul>\n<h5>APLICACIONES<\/h5>\n<p>F\u00f3rmula \u00f3ptima para todos los veh\u00edculos BMW\u00ae; todos los veh\u00edculos Mini\u00ae; todos los veh\u00edculos Volvo\u00ae; Mercedes\u00ae antes de 2014; Volkswagen\u00ae antes de 1997; Audi\u00ae antes de 1997; Jaguar\u00ae antes de 1999, Porsche\u00ae antes de 1996. Esta tecnolog\u00eda regula la temperatura del motor, evita la congelaci\u00f3n y protege el motor contra la corrosi\u00f3n.<\/p>\n","protected":false},"excerpt":{"rendered":"<p>PRESTONE MAX ASIAN VEHICLES 50\/50 &#8211; VERDE AZULADO es un anticongelante + coolant formulado especialmente para proporcionar protecci\u00f3n completa al sistema de enfriamiento de veh\u00edculos europeos, pero tambi\u00e9n apto para<\/p>\n","protected":false},"featured_media":15133,"template":"","meta":[],"product_brand":[],"product_cat":[38],"product_tag":[],"class_list":{"0":"post-15131","1":"product","2":"type-product","3":"status-publish","4":"has-post-thumbnail","6":"product_cat-refrigerantes","7":"pa_marca-prestone","9":"first","10":"instock","11":"shipping-taxable","12":"purchasable","13":"product-type-variable","14":"has-default-attributes"},"yoast_head":"<!-- This site is optimized with the Yoast SEO plugin v27.4 - https:\/\/yoast.com\/product\/yoast-seo-wordpress\/ -->\n<title>PRESTONE EUROPEAN VEHICLES 50\/50 \u2013 VERDE AZULADO | ANTIFREEZE + COOLANT | Lubrimas.pe | Tienda Online<\/title>\n<meta name=\"robots\" content=\"index, follow, max-snippet:-1, max-image-preview:large, max-video-preview:-1\" \/>\n<link rel=\"canonical\" href=\"https:\/\/lubrimas.pe\/tienda\/refrigerantes\/prestone-max-asian-vehicles-50-50-azul-antifreeze-coolant\/\" \/>\n<meta property=\"og:locale\" content=\"es_ES\" \/>\n<meta property=\"og:type\" content=\"article\" \/>\n<meta property=\"og:title\" content=\"PRESTONE EUROPEAN VEHICLES 50\/50 \u2013 VERDE AZULADO | ANTIFREEZE + COOLANT | Lubrimas.pe | Tienda Online\" \/>\n<meta property=\"og:description\" content=\"PRESTONE MAX ASIAN VEHICLES 50\/50 &#8211; VERDE AZULADO es un anticongelante + coolant formulado especialmente para proporcionar protecci\u00f3n completa al sistema de enfriamiento de veh\u00edculos europeos, pero tambi\u00e9n apto para\" \/>\n<meta property=\"og:url\" content=\"https:\/\/lubrimas.pe\/tienda\/refrigerantes\/prestone-max-asian-vehicles-50-50-azul-antifreeze-coolant\/\" \/>\n<meta property=\"og:site_name\" content=\"Lubrimas.pe | Tienda Online\" \/>\n<meta property=\"article:modified_time\" content=\"2025-12-23T18:39:21+00:00\" \/>\n<meta property=\"og:image\" content=\"https:\/\/lubrimas.pe\/tienda\/wp-content\/uploads\/sites\/3\/2025\/12\/PRESTONE-EUROPEAN-VEHICLES-50-50-VERDE-AZULADO.webp\" \/>\n\t<meta property=\"og:image:width\" content=\"1771\" \/>\n\t<meta property=\"og:image:height\" content=\"2083\" \/>\n\t<meta property=\"og:image:type\" content=\"image\/webp\" \/>\n<meta name=\"twitter:card\" content=\"summary_large_image\" \/>\n<meta name=\"twitter:label1\" content=\"Tiempo de lectura\" \/>\n\t<meta name=\"twitter:data1\" content=\"1 minuto\" \/>\n<script type=\"application\/ld+json\" class=\"yoast-schema-graph\">{\"@context\":\"https:\\\/\\\/schema.org\",\"@graph\":[{\"@type\":[\"WebPage\",\"ItemPage\"],\"@id\":\"https:\\\/\\\/lubrimas.pe\\\/tienda\\\/refrigerantes\\\/prestone-max-asian-vehicles-50-50-azul-antifreeze-coolant\\\/\",\"url\":\"https:\\\/\\\/lubrimas.pe\\\/tienda\\\/refrigerantes\\\/prestone-max-asian-vehicles-50-50-azul-antifreeze-coolant\\\/\",\"name\":\"PRESTONE EUROPEAN VEHICLES 50\\\/50 \u2013 VERDE AZULADO | ANTIFREEZE + COOLANT | Lubrimas.pe | Tienda Online\",\"isPartOf\":{\"@id\":\"https:\\\/\\\/lubrimas.pe\\\/tienda\\\/#website\"},\"primaryImageOfPage\":{\"@id\":\"https:\\\/\\\/lubrimas.pe\\\/tienda\\\/refrigerantes\\\/prestone-max-asian-vehicles-50-50-azul-antifreeze-coolant\\\/#primaryimage\"},\"image\":{\"@id\":\"https:\\\/\\\/lubrimas.pe\\\/tienda\\\/refrigerantes\\\/prestone-max-asian-vehicles-50-50-azul-antifreeze-coolant\\\/#primaryimage\"},\"thumbnailUrl\":\"https:\\\/\\\/lubrimas.pe\\\/tienda\\\/wp-content\\\/uploads\\\/sites\\\/3\\\/2025\\\/12\\\/PRESTONE-EUROPEAN-VEHICLES-50-50-VERDE-AZULADO.webp\",\"datePublished\":\"2025-12-23T18:28:35+00:00\",\"dateModified\":\"2025-12-23T18:39:21+00:00\",\"breadcrumb\":{\"@id\":\"https:\\\/\\\/lubrimas.pe\\\/tienda\\\/refrigerantes\\\/prestone-max-asian-vehicles-50-50-azul-antifreeze-coolant\\\/#breadcrumb\"},\"inLanguage\":\"es\",\"potentialAction\":[{\"@type\":\"ReadAction\",\"target\":[\"https:\\\/\\\/lubrimas.pe\\\/tienda\\\/refrigerantes\\\/prestone-max-asian-vehicles-50-50-azul-antifreeze-coolant\\\/\"]}]},{\"@type\":\"ImageObject\",\"inLanguage\":\"es\",\"@id\":\"https:\\\/\\\/lubrimas.pe\\\/tienda\\\/refrigerantes\\\/prestone-max-asian-vehicles-50-50-azul-antifreeze-coolant\\\/#primaryimage\",\"url\":\"https:\\\/\\\/lubrimas.pe\\\/tienda\\\/wp-content\\\/uploads\\\/sites\\\/3\\\/2025\\\/12\\\/PRESTONE-EUROPEAN-VEHICLES-50-50-VERDE-AZULADO.webp\",\"contentUrl\":\"https:\\\/\\\/lubrimas.pe\\\/tienda\\\/wp-content\\\/uploads\\\/sites\\\/3\\\/2025\\\/12\\\/PRESTONE-EUROPEAN-VEHICLES-50-50-VERDE-AZULADO.webp\",\"width\":1771,\"height\":2083},{\"@type\":\"BreadcrumbList\",\"@id\":\"https:\\\/\\\/lubrimas.pe\\\/tienda\\\/refrigerantes\\\/prestone-max-asian-vehicles-50-50-azul-antifreeze-coolant\\\/#breadcrumb\",\"itemListElement\":[{\"@type\":\"ListItem\",\"position\":1,\"name\":\"Portada\",\"item\":\"https:\\\/\\\/lubrimas.pe\\\/tienda\\\/\"},{\"@type\":\"ListItem\",\"position\":2,\"name\":\"Cat\u00e1logo\",\"item\":\"https:\\\/\\\/lubrimas.pe\\\/tienda\\\/productos\\\/\"},{\"@type\":\"ListItem\",\"position\":3,\"name\":\"PRESTONE EUROPEAN VEHICLES 50\\\/50 \u2013 VERDE AZULADO | ANTIFREEZE + COOLANT\"}]},{\"@type\":\"WebSite\",\"@id\":\"https:\\\/\\\/lubrimas.pe\\\/tienda\\\/#website\",\"url\":\"https:\\\/\\\/lubrimas.pe\\\/tienda\\\/\",\"name\":\"Lubrimas.pe | Tienda Online\",\"description\":\"Tus lubricantes favoritos al mejor precio!\",\"publisher\":{\"@id\":\"https:\\\/\\\/lubrimas.pe\\\/tienda\\\/#organization\"},\"potentialAction\":[{\"@type\":\"SearchAction\",\"target\":{\"@type\":\"EntryPoint\",\"urlTemplate\":\"https:\\\/\\\/lubrimas.pe\\\/tienda\\\/?s={search_term_string}\"},\"query-input\":{\"@type\":\"PropertyValueSpecification\",\"valueRequired\":true,\"valueName\":\"search_term_string\"}}],\"inLanguage\":\"es\"},{\"@type\":\"Organization\",\"@id\":\"https:\\\/\\\/lubrimas.pe\\\/tienda\\\/#organization\",\"name\":\"Lubrimas.pe\",\"url\":\"https:\\\/\\\/lubrimas.pe\\\/tienda\\\/\",\"logo\":{\"@type\":\"ImageObject\",\"inLanguage\":\"es\",\"@id\":\"https:\\\/\\\/lubrimas.pe\\\/tienda\\\/#\\\/schema\\\/logo\\\/image\\\/\",\"url\":\"https:\\\/\\\/lubrimas.pe\\\/tienda\\\/wp-content\\\/uploads\\\/sites\\\/3\\\/2022\\\/07\\\/BANNERS-PROMO-CYBER-WOW-LUBRIMASPE-2022-07.webp\",\"contentUrl\":\"https:\\\/\\\/lubrimas.pe\\\/tienda\\\/wp-content\\\/uploads\\\/sites\\\/3\\\/2022\\\/07\\\/BANNERS-PROMO-CYBER-WOW-LUBRIMASPE-2022-07.webp\",\"width\":500,\"height\":752,\"caption\":\"Lubrimas.pe\"},\"image\":{\"@id\":\"https:\\\/\\\/lubrimas.pe\\\/tienda\\\/#\\\/schema\\\/logo\\\/image\\\/\"}}]}<\/script>\n<!-- \/ Yoast SEO plugin. -->","yoast_head_json":{"title":"PRESTONE EUROPEAN VEHICLES 50\/50 \u2013 VERDE AZULADO | ANTIFREEZE + COOLANT | Lubrimas.pe | Tienda Online","robots":{"index":"index","follow":"follow","max-snippet":"max-snippet:-1","max-image-preview":"max-image-preview:large","max-video-preview":"max-video-preview:-1"},"canonical":"https:\/\/lubrimas.pe\/tienda\/refrigerantes\/prestone-max-asian-vehicles-50-50-azul-antifreeze-coolant\/","og_locale":"es_ES","og_type":"article","og_title":"PRESTONE EUROPEAN VEHICLES 50\/50 \u2013 VERDE AZULADO | ANTIFREEZE + COOLANT | Lubrimas.pe | Tienda Online","og_description":"PRESTONE MAX ASIAN VEHICLES 50\/50 &#8211; VERDE AZULADO es un anticongelante + coolant formulado especialmente para proporcionar protecci\u00f3n completa al sistema de enfriamiento de veh\u00edculos europeos, pero tambi\u00e9n apto para","og_url":"https:\/\/lubrimas.pe\/tienda\/refrigerantes\/prestone-max-asian-vehicles-50-50-azul-antifreeze-coolant\/","og_site_name":"Lubrimas.pe | Tienda Online","article_modified_time":"2025-12-23T18:39:21+00:00","og_image":[{"width":1771,"height":2083,"url":"https:\/\/lubrimas.pe\/tienda\/wp-content\/uploads\/sites\/3\/2025\/12\/PRESTONE-EUROPEAN-VEHICLES-50-50-VERDE-AZULADO.webp","type":"image\/webp"}],"twitter_card":"summary_large_image","twitter_misc":{"Tiempo de lectura":"1 minuto"},"schema":{"@context":"https:\/\/schema.org","@graph":[{"@type":["WebPage","ItemPage"],"@id":"https:\/\/lubrimas.pe\/tienda\/refrigerantes\/prestone-max-asian-vehicles-50-50-azul-antifreeze-coolant\/","url":"https:\/\/lubrimas.pe\/tienda\/refrigerantes\/prestone-max-asian-vehicles-50-50-azul-antifreeze-coolant\/","name":"PRESTONE EUROPEAN VEHICLES 50\/50 \u2013 VERDE AZULADO | ANTIFREEZE + COOLANT | Lubrimas.pe | Tienda Online","isPartOf":{"@id":"https:\/\/lubrimas.pe\/tienda\/#website"},"primaryImageOfPage":{"@id":"https:\/\/lubrimas.pe\/tienda\/refrigerantes\/prestone-max-asian-vehicles-50-50-azul-antifreeze-coolant\/#primaryimage"},"image":{"@id":"https:\/\/lubrimas.pe\/tienda\/refrigerantes\/prestone-max-asian-vehicles-50-50-azul-antifreeze-coolant\/#primaryimage"},"thumbnailUrl":"https:\/\/lubrimas.pe\/tienda\/wp-content\/uploads\/sites\/3\/2025\/12\/PRESTONE-EUROPEAN-VEHICLES-50-50-VERDE-AZULADO.webp","datePublished":"2025-12-23T18:28:35+00:00","dateModified":"2025-12-23T18:39:21+00:00","breadcrumb":{"@id":"https:\/\/lubrimas.pe\/tienda\/refrigerantes\/prestone-max-asian-vehicles-50-50-azul-antifreeze-coolant\/#breadcrumb"},"inLanguage":"es","potentialAction":[{"@type":"ReadAction","target":["https:\/\/lubrimas.pe\/tienda\/refrigerantes\/prestone-max-asian-vehicles-50-50-azul-antifreeze-coolant\/"]}]},{"@type":"ImageObject","inLanguage":"es","@id":"https:\/\/lubrimas.pe\/tienda\/refrigerantes\/prestone-max-asian-vehicles-50-50-azul-antifreeze-coolant\/#primaryimage","url":"https:\/\/lubrimas.pe\/tienda\/wp-content\/uploads\/sites\/3\/2025\/12\/PRESTONE-EUROPEAN-VEHICLES-50-50-VERDE-AZULADO.webp","contentUrl":"https:\/\/lubrimas.pe\/tienda\/wp-content\/uploads\/sites\/3\/2025\/12\/PRESTONE-EUROPEAN-VEHICLES-50-50-VERDE-AZULADO.webp","width":1771,"height":2083},{"@type":"BreadcrumbList","@id":"https:\/\/lubrimas.pe\/tienda\/refrigerantes\/prestone-max-asian-vehicles-50-50-azul-antifreeze-coolant\/#breadcrumb","itemListElement":[{"@type":"ListItem","position":1,"name":"Portada","item":"https:\/\/lubrimas.pe\/tienda\/"},{"@type":"ListItem","position":2,"name":"Cat\u00e1logo","item":"https:\/\/lubrimas.pe\/tienda\/productos\/"},{"@type":"ListItem","position":3,"name":"PRESTONE EUROPEAN VEHICLES 50\/50 \u2013 VERDE AZULADO | ANTIFREEZE + COOLANT"}]},{"@type":"WebSite","@id":"https:\/\/lubrimas.pe\/tienda\/#website","url":"https:\/\/lubrimas.pe\/tienda\/","name":"Lubrimas.pe | Tienda Online","description":"Tus lubricantes favoritos al mejor precio!","publisher":{"@id":"https:\/\/lubrimas.pe\/tienda\/#organization"},"potentialAction":[{"@type":"SearchAction","target":{"@type":"EntryPoint","urlTemplate":"https:\/\/lubrimas.pe\/tienda\/?s={search_term_string}"},"query-input":{"@type":"PropertyValueSpecification","valueRequired":true,"valueName":"search_term_string"}}],"inLanguage":"es"},{"@type":"Organization","@id":"https:\/\/lubrimas.pe\/tienda\/#organization","name":"Lubrimas.pe","url":"https:\/\/lubrimas.pe\/tienda\/","logo":{"@type":"ImageObject","inLanguage":"es","@id":"https:\/\/lubrimas.pe\/tienda\/#\/schema\/logo\/image\/","url":"https:\/\/lubrimas.pe\/tienda\/wp-content\/uploads\/sites\/3\/2022\/07\/BANNERS-PROMO-CYBER-WOW-LUBRIMASPE-2022-07.webp","contentUrl":"https:\/\/lubrimas.pe\/tienda\/wp-content\/uploads\/sites\/3\/2022\/07\/BANNERS-PROMO-CYBER-WOW-LUBRIMASPE-2022-07.webp","width":500,"height":752,"caption":"Lubrimas.pe"},"image":{"@id":"https:\/\/lubrimas.pe\/tienda\/#\/schema\/logo\/image\/"}}]}},"_links":{"self":[{"href":"https:\/\/lubrimas.pe\/tienda\/wp-json\/wp\/v2\/product\/15131","targetHints":{"allow":["GET"]}}],"collection":[{"href":"https:\/\/lubrimas.pe\/tienda\/wp-json\/wp\/v2\/product"}],"about":[{"href":"https:\/\/lubrimas.pe\/tienda\/wp-json\/wp\/v2\/types\/product"}],"wp:featuredmedia":[{"embeddable":true,"href":"https:\/\/lubrimas.pe\/tienda\/wp-json\/wp\/v2\/media\/15133"}],"wp:attachment":[{"href":"https:\/\/lubrimas.pe\/tienda\/wp-json\/wp\/v2\/media?parent=15131"}],"wp:term":[{"taxonomy":"product_brand","embeddable":true,"href":"https:\/\/lubrimas.pe\/tienda\/wp-json\/wp\/v2\/product_brand?post=15131"},{"taxonomy":"product_cat","embeddable":true,"href":"https:\/\/lubrimas.pe\/tienda\/wp-json\/wp\/v2\/product_cat?post=15131"},{"taxonomy":"product_tag","embeddable":true,"href":"https:\/\/lubrimas.pe\/tienda\/wp-json\/wp\/v2\/product_tag?post=15131"}],"curies":[{"name":"wp","href":"https:\/\/api.w.org\/{rel}","templated":true}]}}