{"id":15134,"date":"2025-12-23T15:07:41","date_gmt":"2025-12-23T20:07:41","guid":{"rendered":"https:\/\/lubrimas.pe\/tienda\/?post_type=product&#038;p=15134"},"modified":"2026-03-31T15:50:01","modified_gmt":"2026-03-31T20:50:01","slug":"liqui-moly-valve-clean-limpiador-de-valvulas","status":"publish","type":"product","link":"https:\/\/lubrimas.pe\/tienda\/aditivos\/liqui-moly-valve-clean-limpiador-de-valvulas\/","title":{"rendered":"LIQUI MOLY VALVE CLEAN &#8211; Limpiador de V\u00e1lvulas"},"content":{"rendered":"<div class=\"d-inline-block fs-9 product attribute mt-2\"><strong data-start=\"1041\" data-end=\"1067\">Liqui Moly Valve Clean<\/strong> es un limpiador altamente eficaz para v\u00e1lvulas de admisi\u00f3n, puerto de admisi\u00f3n, c\u00e1mara de combusti\u00f3n e inyectores. Su f\u00f3rmula especial disuelve y elimina dep\u00f3sitos de carb\u00f3n, lodos, resinas y dep\u00f3sitos endurecidos que se forman con el tiempo debido a la combusti\u00f3n incompleta, etanol, biocombustibles y contaminaci\u00f3n del aire.<\/div>\n<div><\/div>\n<h5 class=\"type\"><strong>PROPIEDADES<\/strong><\/h5>\n<ul>\n<li>Buena protecci\u00f3n anticorrosiva<\/li>\n<li>Probado en turbocompresores y catalizadores<\/li>\n<li>Combusti\u00f3n sin cenizas<\/li>\n<li>Reduce las incrustaciones<\/li>\n<\/ul>\n<h5><strong>RECOMENDACIONES DE SU USO<\/strong><\/h5>\n<div>\n<div class=\"d-inline-block fs-9 product attribute description\">\n<p>Para todos los motores de gasolina (carburadores y motores con inyecci\u00f3n en el colector de admisi\u00f3n). Adici\u00f3n al combustible en cada repostaje. El contenido del envase es suficiente para hasta 75 l de combustible.<\/p>\n<\/div>\n<\/div>\n<h5><strong>INFORMACI\u00d3N ADICIONAL<\/strong><\/h5>\n<div class=\"aditional-info-tecnical-lp\"><a href=\"https:\/\/pim.liqui-moly.de\/pdf\/es_ES\/liqui\/47\/P000041\" target=\"_blank\" rel=\"noopener\">FICHA T\u00c9CNICA<\/a><br \/>\n<a href=\"https:\/\/www.liqui-moly.com\/es\/limpiador-para-valvulas-p000041.html?srsltid=AfmBOooZ1qh-NmW0IA82CDQ1Ykxzi0X8QTyLW6puqMNwygHGg0Nl6MMR#1014\" target=\"_blank\" rel=\"noopener\">SITIO OFICIAL<\/a><\/div>\n<p>&nbsp;<\/p>\n","protected":false},"excerpt":{"rendered":"<p>Liqui Moly Valve Clean es un limpiador altamente eficaz para v\u00e1lvulas de admisi\u00f3n, puerto de admisi\u00f3n, c\u00e1mara de combusti\u00f3n e inyectores. Su f\u00f3rmula especial disuelve y elimina dep\u00f3sitos de carb\u00f3n,<\/p>\n","protected":false},"featured_media":15136,"template":"","meta":[],"product_brand":[],"product_cat":[356,152],"product_tag":[],"class_list":{"0":"post-15134","1":"product","2":"type-product","3":"status-publish","4":"has-post-thumbnail","6":"product_cat-limpieza","7":"product_cat-aditivos","8":"pa_marca-liquimoly","10":"first","11":"outofstock","12":"shipping-taxable","13":"purchasable","14":"product-type-variable","15":"has-default-attributes"},"yoast_head":"<!-- This site is optimized with the Yoast SEO plugin v27.1.1 - https:\/\/yoast.com\/product\/yoast-seo-wordpress\/ -->\n<title>LIQUI MOLY VALVE CLEAN - Limpiador de V\u00e1lvulas | Lubrimas.pe | Tienda Online<\/title>\n<meta name=\"robots\" content=\"index, follow, max-snippet:-1, max-image-preview:large, max-video-preview:-1\" \/>\n<link rel=\"canonical\" href=\"https:\/\/lubrimas.pe\/tienda\/aditivos\/liqui-moly-valve-clean-limpiador-de-valvulas\/\" \/>\n<meta property=\"og:locale\" content=\"es_ES\" \/>\n<meta property=\"og:type\" content=\"article\" \/>\n<meta property=\"og:title\" content=\"LIQUI MOLY VALVE CLEAN - Limpiador de V\u00e1lvulas | Lubrimas.pe | Tienda Online\" \/>\n<meta property=\"og:description\" content=\"Liqui Moly Valve Clean es un limpiador altamente eficaz para v\u00e1lvulas de admisi\u00f3n, puerto de admisi\u00f3n, c\u00e1mara de combusti\u00f3n e inyectores. Su f\u00f3rmula especial disuelve y elimina dep\u00f3sitos de carb\u00f3n,\" \/>\n<meta property=\"og:url\" content=\"https:\/\/lubrimas.pe\/tienda\/aditivos\/liqui-moly-valve-clean-limpiador-de-valvulas\/\" \/>\n<meta property=\"og:site_name\" content=\"Lubrimas.pe | Tienda Online\" \/>\n<meta property=\"article:modified_time\" content=\"2026-03-31T20:50:01+00:00\" \/>\n<meta property=\"og:image\" content=\"https:\/\/lubrimas.pe\/tienda\/wp-content\/uploads\/sites\/3\/2025\/12\/LIQUI-MOLY-VALVE-CLEAN.webp\" \/>\n\t<meta property=\"og:image:width\" content=\"1771\" \/>\n\t<meta property=\"og:image:height\" content=\"2083\" \/>\n\t<meta property=\"og:image:type\" content=\"image\/webp\" \/>\n<meta name=\"twitter:card\" content=\"summary_large_image\" \/>\n<meta name=\"twitter:label1\" content=\"Tiempo de lectura\" \/>\n\t<meta name=\"twitter:data1\" content=\"1 minuto\" \/>\n<script type=\"application\/ld+json\" class=\"yoast-schema-graph\">{\"@context\":\"https:\/\/schema.org\",\"@graph\":[{\"@type\":[\"WebPage\",\"ItemPage\"],\"@id\":\"https:\/\/lubrimas.pe\/tienda\/aditivos\/liqui-moly-valve-clean-limpiador-de-valvulas\/\",\"url\":\"https:\/\/lubrimas.pe\/tienda\/aditivos\/liqui-moly-valve-clean-limpiador-de-valvulas\/\",\"name\":\"LIQUI MOLY VALVE CLEAN - Limpiador de V\u00e1lvulas | Lubrimas.pe | Tienda Online\",\"isPartOf\":{\"@id\":\"https:\/\/lubrimas.pe\/tienda\/#website\"},\"primaryImageOfPage\":{\"@id\":\"https:\/\/lubrimas.pe\/tienda\/aditivos\/liqui-moly-valve-clean-limpiador-de-valvulas\/#primaryimage\"},\"image\":{\"@id\":\"https:\/\/lubrimas.pe\/tienda\/aditivos\/liqui-moly-valve-clean-limpiador-de-valvulas\/#primaryimage\"},\"thumbnailUrl\":\"https:\/\/lubrimas.pe\/tienda\/wp-content\/uploads\/sites\/3\/2025\/12\/LIQUI-MOLY-VALVE-CLEAN.webp\",\"datePublished\":\"2025-12-23T20:07:41+00:00\",\"dateModified\":\"2026-03-31T20:50:01+00:00\",\"breadcrumb\":{\"@id\":\"https:\/\/lubrimas.pe\/tienda\/aditivos\/liqui-moly-valve-clean-limpiador-de-valvulas\/#breadcrumb\"},\"inLanguage\":\"es\",\"potentialAction\":[{\"@type\":\"ReadAction\",\"target\":[\"https:\/\/lubrimas.pe\/tienda\/aditivos\/liqui-moly-valve-clean-limpiador-de-valvulas\/\"]}]},{\"@type\":\"ImageObject\",\"inLanguage\":\"es\",\"@id\":\"https:\/\/lubrimas.pe\/tienda\/aditivos\/liqui-moly-valve-clean-limpiador-de-valvulas\/#primaryimage\",\"url\":\"https:\/\/lubrimas.pe\/tienda\/wp-content\/uploads\/sites\/3\/2025\/12\/LIQUI-MOLY-VALVE-CLEAN.webp\",\"contentUrl\":\"https:\/\/lubrimas.pe\/tienda\/wp-content\/uploads\/sites\/3\/2025\/12\/LIQUI-MOLY-VALVE-CLEAN.webp\",\"width\":1771,\"height\":2083},{\"@type\":\"BreadcrumbList\",\"@id\":\"https:\/\/lubrimas.pe\/tienda\/aditivos\/liqui-moly-valve-clean-limpiador-de-valvulas\/#breadcrumb\",\"itemListElement\":[{\"@type\":\"ListItem\",\"position\":1,\"name\":\"Portada\",\"item\":\"https:\/\/lubrimas.pe\/tienda\/\"},{\"@type\":\"ListItem\",\"position\":2,\"name\":\"Cat\u00e1logo\",\"item\":\"https:\/\/lubrimas.pe\/tienda\/productos\/\"},{\"@type\":\"ListItem\",\"position\":3,\"name\":\"LIQUI MOLY VALVE CLEAN &#8211; Limpiador de V\u00e1lvulas\"}]},{\"@type\":\"WebSite\",\"@id\":\"https:\/\/lubrimas.pe\/tienda\/#website\",\"url\":\"https:\/\/lubrimas.pe\/tienda\/\",\"name\":\"Lubrimas.pe | Tienda Online\",\"description\":\"Tus lubricantes favoritos al mejor precio!\",\"publisher\":{\"@id\":\"https:\/\/lubrimas.pe\/tienda\/#organization\"},\"potentialAction\":[{\"@type\":\"SearchAction\",\"target\":{\"@type\":\"EntryPoint\",\"urlTemplate\":\"https:\/\/lubrimas.pe\/tienda\/?s={search_term_string}\"},\"query-input\":{\"@type\":\"PropertyValueSpecification\",\"valueRequired\":true,\"valueName\":\"search_term_string\"}}],\"inLanguage\":\"es\"},{\"@type\":\"Organization\",\"@id\":\"https:\/\/lubrimas.pe\/tienda\/#organization\",\"name\":\"Lubrimas.pe\",\"url\":\"https:\/\/lubrimas.pe\/tienda\/\",\"logo\":{\"@type\":\"ImageObject\",\"inLanguage\":\"es\",\"@id\":\"https:\/\/lubrimas.pe\/tienda\/#\/schema\/logo\/image\/\",\"url\":\"https:\/\/lubrimas.pe\/tienda\/wp-content\/uploads\/sites\/3\/2022\/07\/BANNERS-PROMO-CYBER-WOW-LUBRIMASPE-2022-07.webp\",\"contentUrl\":\"https:\/\/lubrimas.pe\/tienda\/wp-content\/uploads\/sites\/3\/2022\/07\/BANNERS-PROMO-CYBER-WOW-LUBRIMASPE-2022-07.webp\",\"width\":500,\"height\":752,\"caption\":\"Lubrimas.pe\"},\"image\":{\"@id\":\"https:\/\/lubrimas.pe\/tienda\/#\/schema\/logo\/image\/\"}}]}<\/script>\n<!-- \/ Yoast SEO plugin. -->","yoast_head_json":{"title":"LIQUI MOLY VALVE CLEAN - Limpiador de V\u00e1lvulas | Lubrimas.pe | Tienda Online","robots":{"index":"index","follow":"follow","max-snippet":"max-snippet:-1","max-image-preview":"max-image-preview:large","max-video-preview":"max-video-preview:-1"},"canonical":"https:\/\/lubrimas.pe\/tienda\/aditivos\/liqui-moly-valve-clean-limpiador-de-valvulas\/","og_locale":"es_ES","og_type":"article","og_title":"LIQUI MOLY VALVE CLEAN - Limpiador de V\u00e1lvulas | Lubrimas.pe | Tienda Online","og_description":"Liqui Moly Valve Clean es un limpiador altamente eficaz para v\u00e1lvulas de admisi\u00f3n, puerto de admisi\u00f3n, c\u00e1mara de combusti\u00f3n e inyectores. Su f\u00f3rmula especial disuelve y elimina dep\u00f3sitos de carb\u00f3n,","og_url":"https:\/\/lubrimas.pe\/tienda\/aditivos\/liqui-moly-valve-clean-limpiador-de-valvulas\/","og_site_name":"Lubrimas.pe | Tienda Online","article_modified_time":"2026-03-31T20:50:01+00:00","og_image":[{"width":1771,"height":2083,"url":"https:\/\/lubrimas.pe\/tienda\/wp-content\/uploads\/sites\/3\/2025\/12\/LIQUI-MOLY-VALVE-CLEAN.webp","type":"image\/webp"}],"twitter_card":"summary_large_image","twitter_misc":{"Tiempo de lectura":"1 minuto"},"schema":{"@context":"https:\/\/schema.org","@graph":[{"@type":["WebPage","ItemPage"],"@id":"https:\/\/lubrimas.pe\/tienda\/aditivos\/liqui-moly-valve-clean-limpiador-de-valvulas\/","url":"https:\/\/lubrimas.pe\/tienda\/aditivos\/liqui-moly-valve-clean-limpiador-de-valvulas\/","name":"LIQUI MOLY VALVE CLEAN - Limpiador de V\u00e1lvulas | Lubrimas.pe | Tienda Online","isPartOf":{"@id":"https:\/\/lubrimas.pe\/tienda\/#website"},"primaryImageOfPage":{"@id":"https:\/\/lubrimas.pe\/tienda\/aditivos\/liqui-moly-valve-clean-limpiador-de-valvulas\/#primaryimage"},"image":{"@id":"https:\/\/lubrimas.pe\/tienda\/aditivos\/liqui-moly-valve-clean-limpiador-de-valvulas\/#primaryimage"},"thumbnailUrl":"https:\/\/lubrimas.pe\/tienda\/wp-content\/uploads\/sites\/3\/2025\/12\/LIQUI-MOLY-VALVE-CLEAN.webp","datePublished":"2025-12-23T20:07:41+00:00","dateModified":"2026-03-31T20:50:01+00:00","breadcrumb":{"@id":"https:\/\/lubrimas.pe\/tienda\/aditivos\/liqui-moly-valve-clean-limpiador-de-valvulas\/#breadcrumb"},"inLanguage":"es","potentialAction":[{"@type":"ReadAction","target":["https:\/\/lubrimas.pe\/tienda\/aditivos\/liqui-moly-valve-clean-limpiador-de-valvulas\/"]}]},{"@type":"ImageObject","inLanguage":"es","@id":"https:\/\/lubrimas.pe\/tienda\/aditivos\/liqui-moly-valve-clean-limpiador-de-valvulas\/#primaryimage","url":"https:\/\/lubrimas.pe\/tienda\/wp-content\/uploads\/sites\/3\/2025\/12\/LIQUI-MOLY-VALVE-CLEAN.webp","contentUrl":"https:\/\/lubrimas.pe\/tienda\/wp-content\/uploads\/sites\/3\/2025\/12\/LIQUI-MOLY-VALVE-CLEAN.webp","width":1771,"height":2083},{"@type":"BreadcrumbList","@id":"https:\/\/lubrimas.pe\/tienda\/aditivos\/liqui-moly-valve-clean-limpiador-de-valvulas\/#breadcrumb","itemListElement":[{"@type":"ListItem","position":1,"name":"Portada","item":"https:\/\/lubrimas.pe\/tienda\/"},{"@type":"ListItem","position":2,"name":"Cat\u00e1logo","item":"https:\/\/lubrimas.pe\/tienda\/productos\/"},{"@type":"ListItem","position":3,"name":"LIQUI MOLY VALVE CLEAN &#8211; Limpiador de V\u00e1lvulas"}]},{"@type":"WebSite","@id":"https:\/\/lubrimas.pe\/tienda\/#website","url":"https:\/\/lubrimas.pe\/tienda\/","name":"Lubrimas.pe | Tienda Online","description":"Tus lubricantes favoritos al mejor precio!","publisher":{"@id":"https:\/\/lubrimas.pe\/tienda\/#organization"},"potentialAction":[{"@type":"SearchAction","target":{"@type":"EntryPoint","urlTemplate":"https:\/\/lubrimas.pe\/tienda\/?s={search_term_string}"},"query-input":{"@type":"PropertyValueSpecification","valueRequired":true,"valueName":"search_term_string"}}],"inLanguage":"es"},{"@type":"Organization","@id":"https:\/\/lubrimas.pe\/tienda\/#organization","name":"Lubrimas.pe","url":"https:\/\/lubrimas.pe\/tienda\/","logo":{"@type":"ImageObject","inLanguage":"es","@id":"https:\/\/lubrimas.pe\/tienda\/#\/schema\/logo\/image\/","url":"https:\/\/lubrimas.pe\/tienda\/wp-content\/uploads\/sites\/3\/2022\/07\/BANNERS-PROMO-CYBER-WOW-LUBRIMASPE-2022-07.webp","contentUrl":"https:\/\/lubrimas.pe\/tienda\/wp-content\/uploads\/sites\/3\/2022\/07\/BANNERS-PROMO-CYBER-WOW-LUBRIMASPE-2022-07.webp","width":500,"height":752,"caption":"Lubrimas.pe"},"image":{"@id":"https:\/\/lubrimas.pe\/tienda\/#\/schema\/logo\/image\/"}}]}},"_links":{"self":[{"href":"https:\/\/lubrimas.pe\/tienda\/wp-json\/wp\/v2\/product\/15134","targetHints":{"allow":["GET"]}}],"collection":[{"href":"https:\/\/lubrimas.pe\/tienda\/wp-json\/wp\/v2\/product"}],"about":[{"href":"https:\/\/lubrimas.pe\/tienda\/wp-json\/wp\/v2\/types\/product"}],"wp:featuredmedia":[{"embeddable":true,"href":"https:\/\/lubrimas.pe\/tienda\/wp-json\/wp\/v2\/media\/15136"}],"wp:attachment":[{"href":"https:\/\/lubrimas.pe\/tienda\/wp-json\/wp\/v2\/media?parent=15134"}],"wp:term":[{"taxonomy":"product_brand","embeddable":true,"href":"https:\/\/lubrimas.pe\/tienda\/wp-json\/wp\/v2\/product_brand?post=15134"},{"taxonomy":"product_cat","embeddable":true,"href":"https:\/\/lubrimas.pe\/tienda\/wp-json\/wp\/v2\/product_cat?post=15134"},{"taxonomy":"product_tag","embeddable":true,"href":"https:\/\/lubrimas.pe\/tienda\/wp-json\/wp\/v2\/product_tag?post=15134"}],"curies":[{"name":"wp","href":"https:\/\/api.w.org\/{rel}","templated":true}]}}