{"id":15138,"date":"2025-12-23T15:22:09","date_gmt":"2025-12-23T20:22:09","guid":{"rendered":"https:\/\/lubrimas.pe\/tienda\/?post_type=product&#038;p=15138"},"modified":"2025-12-23T15:28:32","modified_gmt":"2025-12-23T20:28:32","slug":"liqui-moly-hydro-stossel-additiv-aditivo-para-buzos-hidraulicos","status":"publish","type":"product","link":"https:\/\/lubrimas.pe\/tienda\/aditivos\/liqui-moly-hydro-stossel-additiv-aditivo-para-buzos-hidraulicos\/","title":{"rendered":"LIQUI MOLY HYDRO ST\u00d6SSEL ADDITIV \/ Aditivo para buzos hidr\u00e1ulicos"},"content":{"rendered":"<div class=\"d-inline-block fs-9 product attribute mt-2\"><strong data-start=\"1103\" data-end=\"1139\">Liqui Moly Hydro St\u00f6ssel Additiv<\/strong> es un aditivo especializado formulado para limpiar, lubricar y proteger buzos hidr\u00e1ulicos \/ taqu\u00e9s hidr\u00e1ulicos del motor. Con el paso del tiempo, estos componentes pueden acumular dep\u00f3sitos, suciedad o desgaste que generan ruidos, golpeteos o un funcionamiento irregular del tren de v\u00e1lvulas. Este aditivo act\u00faa directamente sobre esos dep\u00f3sitos, ayudando a restaurar el movimiento suave y silencioso de los buzos hidr\u00e1ulicos sin necesidad de desmontar piezas.<\/div>\n<div><\/div>\n<h5 class=\"type\"><strong>PROPIEDADES<\/strong><\/h5>\n<ul>\n<li>aten\u00faa los ruidos del taqu\u00e9 hidr\u00e1ulico<\/li>\n<li>limpia los orificios de v\u00e1lvulas<\/li>\n<li>mejora las propiedades lubricantes del aceite<\/li>\n<li>probado en turbocompresores y catalizadores<\/li>\n<\/ul>\n<h5><strong>RECOMENDACIONES DE SU USO<\/strong><\/h5>\n<p>Para todos los motores de gasolina y di\u00e9sel. Apto para mezclar con todos los aceites del motor de uso corriente.<\/p>\n<div>\n<div class=\"d-inline-block fs-9 product attribute description\">\n<p>Un envase de 300 ml de Aditivo hidro pi\u00f1\u00f3n de LIQUI MOLY es suficiente para hasta 6 litros de aceite de motor. Se puede a\u00f1adir en cualquier momento. Despu\u00e9s de a\u00f1adir el producto, poner en marcha el veh\u00edculo hasta que se caliente el motor. Para garantizar<br \/>\nbuenos resultados a largo plazo, se debe volver a utilizar Aditivo hidro pi\u00f1\u00f3n de LIQUI MOLY en cada cambio de aceite<\/p>\n<\/div>\n<\/div>\n<h5><strong>INFORMACI\u00d3N ADICIONAL<\/strong><\/h5>\n<div class=\"aditional-info-tecnical-lp\"><a href=\"https:\/\/www.liquimoly.pe\/wp-content\/uploads\/2018\/07\/1009-Hydro-Stoessel-AdditivAditivohidropinon-27.0-es.pdf\" target=\"_blank\" rel=\"noopener\">FICHA T\u00c9CNICA<\/a><br \/>\n<a href=\"https:\/\/www.liquimoly.pe\/productos\/hydro-stossel-additiv\/\" target=\"_blank\" rel=\"noopener\">SITIO OFICIAL<\/a><\/div>\n<p>&nbsp;<\/p>\n","protected":false},"excerpt":{"rendered":"<p>Liqui Moly Hydro St\u00f6ssel Additiv es un aditivo especializado formulado para limpiar, lubricar y proteger buzos hidr\u00e1ulicos \/ taqu\u00e9s hidr\u00e1ulicos del motor. Con el paso del tiempo, estos componentes pueden<\/p>\n","protected":false},"featured_media":15137,"template":"","meta":[],"product_brand":[],"product_cat":[356,152],"product_tag":[],"class_list":{"0":"post-15138","1":"product","2":"type-product","3":"status-publish","4":"has-post-thumbnail","6":"product_cat-limpieza","7":"product_cat-aditivos","8":"pa_marca-liquimoly","10":"first","11":"instock","12":"shipping-taxable","13":"purchasable","14":"product-type-variable"},"yoast_head":"<!-- This site is optimized with the Yoast SEO plugin v27.1.1 - https:\/\/yoast.com\/product\/yoast-seo-wordpress\/ -->\n<title>LIQUI MOLY HYDRO ST\u00d6SSEL ADDITIV \/ Aditivo para buzos hidr\u00e1ulicos | Lubrimas.pe | Tienda Online<\/title>\n<meta name=\"robots\" content=\"index, follow, max-snippet:-1, max-image-preview:large, max-video-preview:-1\" \/>\n<link rel=\"canonical\" href=\"https:\/\/lubrimas.pe\/tienda\/aditivos\/liqui-moly-hydro-stossel-additiv-aditivo-para-buzos-hidraulicos\/\" \/>\n<meta property=\"og:locale\" content=\"es_ES\" \/>\n<meta property=\"og:type\" content=\"article\" \/>\n<meta property=\"og:title\" content=\"LIQUI MOLY HYDRO ST\u00d6SSEL ADDITIV \/ Aditivo para buzos hidr\u00e1ulicos | Lubrimas.pe | Tienda Online\" \/>\n<meta property=\"og:description\" content=\"Liqui Moly Hydro St\u00f6ssel Additiv es un aditivo especializado formulado para limpiar, lubricar y proteger buzos hidr\u00e1ulicos \/ taqu\u00e9s hidr\u00e1ulicos del motor. Con el paso del tiempo, estos componentes pueden\" \/>\n<meta property=\"og:url\" content=\"https:\/\/lubrimas.pe\/tienda\/aditivos\/liqui-moly-hydro-stossel-additiv-aditivo-para-buzos-hidraulicos\/\" \/>\n<meta property=\"og:site_name\" content=\"Lubrimas.pe | Tienda Online\" \/>\n<meta property=\"article:modified_time\" content=\"2025-12-23T20:28:32+00:00\" \/>\n<meta property=\"og:image\" content=\"https:\/\/lubrimas.pe\/tienda\/wp-content\/uploads\/sites\/3\/2025\/12\/LIQUI-MOLY-HYDRO-STOSSEL-ADDITIV.webp\" \/>\n\t<meta property=\"og:image:width\" content=\"1771\" \/>\n\t<meta property=\"og:image:height\" content=\"2083\" \/>\n\t<meta property=\"og:image:type\" content=\"image\/webp\" \/>\n<meta name=\"twitter:card\" content=\"summary_large_image\" \/>\n<meta name=\"twitter:label1\" content=\"Tiempo de lectura\" \/>\n\t<meta name=\"twitter:data1\" content=\"1 minuto\" \/>\n<script type=\"application\/ld+json\" class=\"yoast-schema-graph\">{\"@context\":\"https:\/\/schema.org\",\"@graph\":[{\"@type\":[\"WebPage\",\"ItemPage\"],\"@id\":\"https:\/\/lubrimas.pe\/tienda\/aditivos\/liqui-moly-hydro-stossel-additiv-aditivo-para-buzos-hidraulicos\/\",\"url\":\"https:\/\/lubrimas.pe\/tienda\/aditivos\/liqui-moly-hydro-stossel-additiv-aditivo-para-buzos-hidraulicos\/\",\"name\":\"LIQUI MOLY HYDRO ST\u00d6SSEL ADDITIV \/ Aditivo para buzos hidr\u00e1ulicos | Lubrimas.pe | Tienda Online\",\"isPartOf\":{\"@id\":\"https:\/\/lubrimas.pe\/tienda\/#website\"},\"primaryImageOfPage\":{\"@id\":\"https:\/\/lubrimas.pe\/tienda\/aditivos\/liqui-moly-hydro-stossel-additiv-aditivo-para-buzos-hidraulicos\/#primaryimage\"},\"image\":{\"@id\":\"https:\/\/lubrimas.pe\/tienda\/aditivos\/liqui-moly-hydro-stossel-additiv-aditivo-para-buzos-hidraulicos\/#primaryimage\"},\"thumbnailUrl\":\"https:\/\/lubrimas.pe\/tienda\/wp-content\/uploads\/sites\/3\/2025\/12\/LIQUI-MOLY-HYDRO-STOSSEL-ADDITIV.webp\",\"datePublished\":\"2025-12-23T20:22:09+00:00\",\"dateModified\":\"2025-12-23T20:28:32+00:00\",\"breadcrumb\":{\"@id\":\"https:\/\/lubrimas.pe\/tienda\/aditivos\/liqui-moly-hydro-stossel-additiv-aditivo-para-buzos-hidraulicos\/#breadcrumb\"},\"inLanguage\":\"es\",\"potentialAction\":[{\"@type\":\"ReadAction\",\"target\":[\"https:\/\/lubrimas.pe\/tienda\/aditivos\/liqui-moly-hydro-stossel-additiv-aditivo-para-buzos-hidraulicos\/\"]}]},{\"@type\":\"ImageObject\",\"inLanguage\":\"es\",\"@id\":\"https:\/\/lubrimas.pe\/tienda\/aditivos\/liqui-moly-hydro-stossel-additiv-aditivo-para-buzos-hidraulicos\/#primaryimage\",\"url\":\"https:\/\/lubrimas.pe\/tienda\/wp-content\/uploads\/sites\/3\/2025\/12\/LIQUI-MOLY-HYDRO-STOSSEL-ADDITIV.webp\",\"contentUrl\":\"https:\/\/lubrimas.pe\/tienda\/wp-content\/uploads\/sites\/3\/2025\/12\/LIQUI-MOLY-HYDRO-STOSSEL-ADDITIV.webp\",\"width\":1771,\"height\":2083},{\"@type\":\"BreadcrumbList\",\"@id\":\"https:\/\/lubrimas.pe\/tienda\/aditivos\/liqui-moly-hydro-stossel-additiv-aditivo-para-buzos-hidraulicos\/#breadcrumb\",\"itemListElement\":[{\"@type\":\"ListItem\",\"position\":1,\"name\":\"Portada\",\"item\":\"https:\/\/lubrimas.pe\/tienda\/\"},{\"@type\":\"ListItem\",\"position\":2,\"name\":\"Cat\u00e1logo\",\"item\":\"https:\/\/lubrimas.pe\/tienda\/productos\/\"},{\"@type\":\"ListItem\",\"position\":3,\"name\":\"LIQUI MOLY HYDRO ST\u00d6SSEL ADDITIV \/ Aditivo para buzos hidr\u00e1ulicos\"}]},{\"@type\":\"WebSite\",\"@id\":\"https:\/\/lubrimas.pe\/tienda\/#website\",\"url\":\"https:\/\/lubrimas.pe\/tienda\/\",\"name\":\"Lubrimas.pe | Tienda Online\",\"description\":\"Tus lubricantes favoritos al mejor precio!\",\"publisher\":{\"@id\":\"https:\/\/lubrimas.pe\/tienda\/#organization\"},\"potentialAction\":[{\"@type\":\"SearchAction\",\"target\":{\"@type\":\"EntryPoint\",\"urlTemplate\":\"https:\/\/lubrimas.pe\/tienda\/?s={search_term_string}\"},\"query-input\":{\"@type\":\"PropertyValueSpecification\",\"valueRequired\":true,\"valueName\":\"search_term_string\"}}],\"inLanguage\":\"es\"},{\"@type\":\"Organization\",\"@id\":\"https:\/\/lubrimas.pe\/tienda\/#organization\",\"name\":\"Lubrimas.pe\",\"url\":\"https:\/\/lubrimas.pe\/tienda\/\",\"logo\":{\"@type\":\"ImageObject\",\"inLanguage\":\"es\",\"@id\":\"https:\/\/lubrimas.pe\/tienda\/#\/schema\/logo\/image\/\",\"url\":\"https:\/\/lubrimas.pe\/tienda\/wp-content\/uploads\/sites\/3\/2022\/07\/BANNERS-PROMO-CYBER-WOW-LUBRIMASPE-2022-07.webp\",\"contentUrl\":\"https:\/\/lubrimas.pe\/tienda\/wp-content\/uploads\/sites\/3\/2022\/07\/BANNERS-PROMO-CYBER-WOW-LUBRIMASPE-2022-07.webp\",\"width\":500,\"height\":752,\"caption\":\"Lubrimas.pe\"},\"image\":{\"@id\":\"https:\/\/lubrimas.pe\/tienda\/#\/schema\/logo\/image\/\"}}]}<\/script>\n<!-- \/ Yoast SEO plugin. -->","yoast_head_json":{"title":"LIQUI MOLY HYDRO ST\u00d6SSEL ADDITIV \/ Aditivo para buzos hidr\u00e1ulicos | Lubrimas.pe | Tienda Online","robots":{"index":"index","follow":"follow","max-snippet":"max-snippet:-1","max-image-preview":"max-image-preview:large","max-video-preview":"max-video-preview:-1"},"canonical":"https:\/\/lubrimas.pe\/tienda\/aditivos\/liqui-moly-hydro-stossel-additiv-aditivo-para-buzos-hidraulicos\/","og_locale":"es_ES","og_type":"article","og_title":"LIQUI MOLY HYDRO ST\u00d6SSEL ADDITIV \/ Aditivo para buzos hidr\u00e1ulicos | Lubrimas.pe | Tienda Online","og_description":"Liqui Moly Hydro St\u00f6ssel Additiv es un aditivo especializado formulado para limpiar, lubricar y proteger buzos hidr\u00e1ulicos \/ taqu\u00e9s hidr\u00e1ulicos del motor. Con el paso del tiempo, estos componentes pueden","og_url":"https:\/\/lubrimas.pe\/tienda\/aditivos\/liqui-moly-hydro-stossel-additiv-aditivo-para-buzos-hidraulicos\/","og_site_name":"Lubrimas.pe | Tienda Online","article_modified_time":"2025-12-23T20:28:32+00:00","og_image":[{"width":1771,"height":2083,"url":"https:\/\/lubrimas.pe\/tienda\/wp-content\/uploads\/sites\/3\/2025\/12\/LIQUI-MOLY-HYDRO-STOSSEL-ADDITIV.webp","type":"image\/webp"}],"twitter_card":"summary_large_image","twitter_misc":{"Tiempo de lectura":"1 minuto"},"schema":{"@context":"https:\/\/schema.org","@graph":[{"@type":["WebPage","ItemPage"],"@id":"https:\/\/lubrimas.pe\/tienda\/aditivos\/liqui-moly-hydro-stossel-additiv-aditivo-para-buzos-hidraulicos\/","url":"https:\/\/lubrimas.pe\/tienda\/aditivos\/liqui-moly-hydro-stossel-additiv-aditivo-para-buzos-hidraulicos\/","name":"LIQUI MOLY HYDRO ST\u00d6SSEL ADDITIV \/ Aditivo para buzos hidr\u00e1ulicos | Lubrimas.pe | Tienda Online","isPartOf":{"@id":"https:\/\/lubrimas.pe\/tienda\/#website"},"primaryImageOfPage":{"@id":"https:\/\/lubrimas.pe\/tienda\/aditivos\/liqui-moly-hydro-stossel-additiv-aditivo-para-buzos-hidraulicos\/#primaryimage"},"image":{"@id":"https:\/\/lubrimas.pe\/tienda\/aditivos\/liqui-moly-hydro-stossel-additiv-aditivo-para-buzos-hidraulicos\/#primaryimage"},"thumbnailUrl":"https:\/\/lubrimas.pe\/tienda\/wp-content\/uploads\/sites\/3\/2025\/12\/LIQUI-MOLY-HYDRO-STOSSEL-ADDITIV.webp","datePublished":"2025-12-23T20:22:09+00:00","dateModified":"2025-12-23T20:28:32+00:00","breadcrumb":{"@id":"https:\/\/lubrimas.pe\/tienda\/aditivos\/liqui-moly-hydro-stossel-additiv-aditivo-para-buzos-hidraulicos\/#breadcrumb"},"inLanguage":"es","potentialAction":[{"@type":"ReadAction","target":["https:\/\/lubrimas.pe\/tienda\/aditivos\/liqui-moly-hydro-stossel-additiv-aditivo-para-buzos-hidraulicos\/"]}]},{"@type":"ImageObject","inLanguage":"es","@id":"https:\/\/lubrimas.pe\/tienda\/aditivos\/liqui-moly-hydro-stossel-additiv-aditivo-para-buzos-hidraulicos\/#primaryimage","url":"https:\/\/lubrimas.pe\/tienda\/wp-content\/uploads\/sites\/3\/2025\/12\/LIQUI-MOLY-HYDRO-STOSSEL-ADDITIV.webp","contentUrl":"https:\/\/lubrimas.pe\/tienda\/wp-content\/uploads\/sites\/3\/2025\/12\/LIQUI-MOLY-HYDRO-STOSSEL-ADDITIV.webp","width":1771,"height":2083},{"@type":"BreadcrumbList","@id":"https:\/\/lubrimas.pe\/tienda\/aditivos\/liqui-moly-hydro-stossel-additiv-aditivo-para-buzos-hidraulicos\/#breadcrumb","itemListElement":[{"@type":"ListItem","position":1,"name":"Portada","item":"https:\/\/lubrimas.pe\/tienda\/"},{"@type":"ListItem","position":2,"name":"Cat\u00e1logo","item":"https:\/\/lubrimas.pe\/tienda\/productos\/"},{"@type":"ListItem","position":3,"name":"LIQUI MOLY HYDRO ST\u00d6SSEL ADDITIV \/ Aditivo para buzos hidr\u00e1ulicos"}]},{"@type":"WebSite","@id":"https:\/\/lubrimas.pe\/tienda\/#website","url":"https:\/\/lubrimas.pe\/tienda\/","name":"Lubrimas.pe | Tienda Online","description":"Tus lubricantes favoritos al mejor precio!","publisher":{"@id":"https:\/\/lubrimas.pe\/tienda\/#organization"},"potentialAction":[{"@type":"SearchAction","target":{"@type":"EntryPoint","urlTemplate":"https:\/\/lubrimas.pe\/tienda\/?s={search_term_string}"},"query-input":{"@type":"PropertyValueSpecification","valueRequired":true,"valueName":"search_term_string"}}],"inLanguage":"es"},{"@type":"Organization","@id":"https:\/\/lubrimas.pe\/tienda\/#organization","name":"Lubrimas.pe","url":"https:\/\/lubrimas.pe\/tienda\/","logo":{"@type":"ImageObject","inLanguage":"es","@id":"https:\/\/lubrimas.pe\/tienda\/#\/schema\/logo\/image\/","url":"https:\/\/lubrimas.pe\/tienda\/wp-content\/uploads\/sites\/3\/2022\/07\/BANNERS-PROMO-CYBER-WOW-LUBRIMASPE-2022-07.webp","contentUrl":"https:\/\/lubrimas.pe\/tienda\/wp-content\/uploads\/sites\/3\/2022\/07\/BANNERS-PROMO-CYBER-WOW-LUBRIMASPE-2022-07.webp","width":500,"height":752,"caption":"Lubrimas.pe"},"image":{"@id":"https:\/\/lubrimas.pe\/tienda\/#\/schema\/logo\/image\/"}}]}},"_links":{"self":[{"href":"https:\/\/lubrimas.pe\/tienda\/wp-json\/wp\/v2\/product\/15138","targetHints":{"allow":["GET"]}}],"collection":[{"href":"https:\/\/lubrimas.pe\/tienda\/wp-json\/wp\/v2\/product"}],"about":[{"href":"https:\/\/lubrimas.pe\/tienda\/wp-json\/wp\/v2\/types\/product"}],"wp:featuredmedia":[{"embeddable":true,"href":"https:\/\/lubrimas.pe\/tienda\/wp-json\/wp\/v2\/media\/15137"}],"wp:attachment":[{"href":"https:\/\/lubrimas.pe\/tienda\/wp-json\/wp\/v2\/media?parent=15138"}],"wp:term":[{"taxonomy":"product_brand","embeddable":true,"href":"https:\/\/lubrimas.pe\/tienda\/wp-json\/wp\/v2\/product_brand?post=15138"},{"taxonomy":"product_cat","embeddable":true,"href":"https:\/\/lubrimas.pe\/tienda\/wp-json\/wp\/v2\/product_cat?post=15138"},{"taxonomy":"product_tag","embeddable":true,"href":"https:\/\/lubrimas.pe\/tienda\/wp-json\/wp\/v2\/product_tag?post=15138"}],"curies":[{"name":"wp","href":"https:\/\/api.w.org\/{rel}","templated":true}]}}