{"id":15165,"date":"2026-01-06T16:21:17","date_gmt":"2026-01-06T21:21:17","guid":{"rendered":"https:\/\/lubrimas.pe\/tienda\/?post_type=product&#038;p=15165"},"modified":"2026-01-06T16:21:17","modified_gmt":"2026-01-06T21:21:17","slug":"valvoline-atf-mercon-v","status":"publish","type":"product","link":"https:\/\/lubrimas.pe\/tienda\/aceite-de-caja\/valvoline-atf-mercon-v\/","title":{"rendered":"VALVOLINE ATF MERCON V"},"content":{"rendered":"<p>Valvoline Mercon V ATF es el fluido para transmisi\u00f3n autom\u00e1tica convencional, dise\u00f1ado exclusivamente para prolongar la vida \u00fatil de las transmisiones autom\u00e1ticas en veh\u00edculos que especifican todas las aplicaciones Mercon V y Mercon adicionales. Formulado con aceites base premium y tecnolog\u00eda avanzada de aditivos, su fluidez reactiva a bajas temperaturas es beneficiosa tanto para transmisiones y transejes controlados electr\u00f3nicamente como hidr\u00e1ulicamente.<\/p>\n<h5>BENEFICIOS<\/h5>\n<p>Proporciona cambios suaves y consistentes, excelente protecci\u00f3n contra el desgaste y resistencia a las vibraciones, y resiste el espesamiento y las aver\u00edas a altas temperaturas. La forma en que una transmisi\u00f3n autom\u00e1tica cambia y se adapta al tr\u00e1fico y la conducci\u00f3n en constante cambio presenta sus propios desaf\u00edos.<\/p>\n<div class=\"QcsUad BDJ8fb BLojaf sMVRZe hCXDsb wneUed\">\n<div class=\"usGWQd\">\n<div class=\"KkbLmb\">\n<h5 dir=\"ltr\">CARACTER\u00cdSTICAS<\/h5>\n<div class=\"lRu31\" dir=\"ltr\"><span class=\"HwtZe\" lang=\"es\"><span class=\"jCAhz ChMk0b\"><span class=\"ryNqvb\">Cumple con las exigentes exigencias de la mayor\u00eda de las transmisiones autom\u00e1ticas. Garantiza cambios suaves y maximiza la potencia de la transmisi\u00f3n con protecci\u00f3n antivibraci\u00f3n mejorada. Mejora la durabilidad y reduce la formaci\u00f3n de espuma y la oxidaci\u00f3n gracias a su avanzada tecnolog\u00eda antidesgaste y una mezcla premium de aceites base. Proporciona un mejor flujo de aceite tanto a bajas como a altas temperaturas. Apto para Ford Mercon V y Mercon, Dexron-II y Dexron-III, Caterpillar TO-2, Allison C-4 y algunas aplicaciones de fluido de direcci\u00f3n asistida.<\/span><\/span><span class=\"jCAhz ChMk0b\"><span class=\"ryNqvb\"> Fabricado y formulado en Estados Unidos para maximizar la vida \u00fatil de su transmisi\u00f3n y mejorar su rendimiento.<\/span><\/span><\/span><\/div>\n<div dir=\"ltr\"><\/div>\n<\/div>\n<\/div>\n<\/div>\n<h5>APLICACIONES<\/h5>\n<p>Es adecuado para la mayor\u00eda de los autom\u00f3viles de pasajeros y camionetas ligeras Ford, Lincoln y Mercury (excepto aquellos que especifican fluidos Mercon SP, Mercon LV, Mercon ULV o Tipo F), as\u00ed como para la mayor\u00eda de los veh\u00edculos GM anteriores a 2006 y muchos importados.<\/p>\n<p>Se recomiendan espec\u00edficamente las siguientes aplicaciones: Ford Mercon V y Mercon; Dexron-II y Dexron-III; Caterpillar TO-2; Allison C-4; y algunas aplicaciones de fluido de direcci\u00f3n asistida. Mercon V tambi\u00e9n es retrocompatible con Mercon y puede utilizarse en aplicaciones Mercon. Para los numerosos turnos y kil\u00f3metros que le quedan por delante, conf\u00ede su transmisi\u00f3n a Valvoline, la marca l\u00edder en fluidos para transmisiones autom\u00e1ticas.<\/p>\n","protected":false},"excerpt":{"rendered":"<p>Valvoline Mercon V ATF es el fluido para transmisi\u00f3n autom\u00e1tica convencional, dise\u00f1ado exclusivamente para prolongar la vida \u00fatil de las transmisiones autom\u00e1ticas en veh\u00edculos que especifican todas las aplicaciones Mercon<\/p>\n","protected":false},"featured_media":15166,"template":"","meta":[],"product_brand":[],"product_cat":[27,32],"product_tag":[],"class_list":{"0":"post-15165","1":"product","2":"type-product","3":"status-publish","4":"has-post-thumbnail","6":"product_cat-aceite-de-caja","7":"product_cat-caja-automatica","8":"pa_marca-valvoline","10":"first","11":"instock","12":"shipping-taxable","13":"purchasable","14":"product-type-variable"},"yoast_head":"<!-- This site is optimized with the Yoast SEO plugin v27.1.1 - https:\/\/yoast.com\/product\/yoast-seo-wordpress\/ -->\n<title>VALVOLINE ATF MERCON V | Lubrimas.pe | Tienda Online<\/title>\n<meta name=\"description\" content=\"Valvoline ATF Mercon V: fluido ATF para transmisiones autom\u00e1ticas MERCON V. Mejora cambios, protege contra desgaste y alta temperatura.\" \/>\n<meta name=\"robots\" content=\"index, follow, max-snippet:-1, max-image-preview:large, max-video-preview:-1\" \/>\n<link rel=\"canonical\" href=\"https:\/\/lubrimas.pe\/tienda\/aceite-de-caja\/valvoline-atf-mercon-v\/\" \/>\n<meta property=\"og:locale\" content=\"es_ES\" \/>\n<meta property=\"og:type\" content=\"article\" \/>\n<meta property=\"og:title\" content=\"VALVOLINE ATF MERCON V | Lubrimas.pe | Tienda Online\" \/>\n<meta property=\"og:description\" content=\"Valvoline ATF Mercon V: fluido ATF para transmisiones autom\u00e1ticas MERCON V. Mejora cambios, protege contra desgaste y alta temperatura.\" \/>\n<meta property=\"og:url\" content=\"https:\/\/lubrimas.pe\/tienda\/aceite-de-caja\/valvoline-atf-mercon-v\/\" \/>\n<meta property=\"og:site_name\" content=\"Lubrimas.pe | Tienda Online\" \/>\n<meta property=\"og:image\" content=\"https:\/\/lubrimas.pe\/tienda\/wp-content\/uploads\/sites\/3\/2026\/01\/VALVOLINE-ATF-MERCON-V.jpg\" \/>\n\t<meta property=\"og:image:width\" content=\"1771\" \/>\n\t<meta property=\"og:image:height\" content=\"2083\" \/>\n\t<meta property=\"og:image:type\" content=\"image\/jpeg\" \/>\n<meta name=\"twitter:card\" content=\"summary_large_image\" \/>\n<meta name=\"twitter:label1\" content=\"Tiempo de lectura\" \/>\n\t<meta name=\"twitter:data1\" content=\"2 minutos\" \/>\n<script type=\"application\/ld+json\" class=\"yoast-schema-graph\">{\"@context\":\"https:\/\/schema.org\",\"@graph\":[{\"@type\":[\"WebPage\",\"ItemPage\"],\"@id\":\"https:\/\/lubrimas.pe\/tienda\/aceite-de-caja\/valvoline-atf-mercon-v\/\",\"url\":\"https:\/\/lubrimas.pe\/tienda\/aceite-de-caja\/valvoline-atf-mercon-v\/\",\"name\":\"VALVOLINE ATF MERCON V | Lubrimas.pe | Tienda Online\",\"isPartOf\":{\"@id\":\"https:\/\/lubrimas.pe\/tienda\/#website\"},\"primaryImageOfPage\":{\"@id\":\"https:\/\/lubrimas.pe\/tienda\/aceite-de-caja\/valvoline-atf-mercon-v\/#primaryimage\"},\"image\":{\"@id\":\"https:\/\/lubrimas.pe\/tienda\/aceite-de-caja\/valvoline-atf-mercon-v\/#primaryimage\"},\"thumbnailUrl\":\"https:\/\/lubrimas.pe\/tienda\/wp-content\/uploads\/sites\/3\/2026\/01\/VALVOLINE-ATF-MERCON-V.jpg\",\"datePublished\":\"2026-01-06T21:21:17+00:00\",\"description\":\"Valvoline ATF Mercon V: fluido ATF para transmisiones autom\u00e1ticas MERCON V. Mejora cambios, protege contra desgaste y alta temperatura.\",\"breadcrumb\":{\"@id\":\"https:\/\/lubrimas.pe\/tienda\/aceite-de-caja\/valvoline-atf-mercon-v\/#breadcrumb\"},\"inLanguage\":\"es\",\"potentialAction\":[{\"@type\":\"ReadAction\",\"target\":[\"https:\/\/lubrimas.pe\/tienda\/aceite-de-caja\/valvoline-atf-mercon-v\/\"]}]},{\"@type\":\"ImageObject\",\"inLanguage\":\"es\",\"@id\":\"https:\/\/lubrimas.pe\/tienda\/aceite-de-caja\/valvoline-atf-mercon-v\/#primaryimage\",\"url\":\"https:\/\/lubrimas.pe\/tienda\/wp-content\/uploads\/sites\/3\/2026\/01\/VALVOLINE-ATF-MERCON-V.jpg\",\"contentUrl\":\"https:\/\/lubrimas.pe\/tienda\/wp-content\/uploads\/sites\/3\/2026\/01\/VALVOLINE-ATF-MERCON-V.jpg\",\"width\":1771,\"height\":2083},{\"@type\":\"BreadcrumbList\",\"@id\":\"https:\/\/lubrimas.pe\/tienda\/aceite-de-caja\/valvoline-atf-mercon-v\/#breadcrumb\",\"itemListElement\":[{\"@type\":\"ListItem\",\"position\":1,\"name\":\"Portada\",\"item\":\"https:\/\/lubrimas.pe\/tienda\/\"},{\"@type\":\"ListItem\",\"position\":2,\"name\":\"Cat\u00e1logo\",\"item\":\"https:\/\/lubrimas.pe\/tienda\/productos\/\"},{\"@type\":\"ListItem\",\"position\":3,\"name\":\"VALVOLINE ATF MERCON V\"}]},{\"@type\":\"WebSite\",\"@id\":\"https:\/\/lubrimas.pe\/tienda\/#website\",\"url\":\"https:\/\/lubrimas.pe\/tienda\/\",\"name\":\"Lubrimas.pe | Tienda Online\",\"description\":\"Tus lubricantes favoritos al mejor precio!\",\"publisher\":{\"@id\":\"https:\/\/lubrimas.pe\/tienda\/#organization\"},\"potentialAction\":[{\"@type\":\"SearchAction\",\"target\":{\"@type\":\"EntryPoint\",\"urlTemplate\":\"https:\/\/lubrimas.pe\/tienda\/?s={search_term_string}\"},\"query-input\":{\"@type\":\"PropertyValueSpecification\",\"valueRequired\":true,\"valueName\":\"search_term_string\"}}],\"inLanguage\":\"es\"},{\"@type\":\"Organization\",\"@id\":\"https:\/\/lubrimas.pe\/tienda\/#organization\",\"name\":\"Lubrimas.pe\",\"url\":\"https:\/\/lubrimas.pe\/tienda\/\",\"logo\":{\"@type\":\"ImageObject\",\"inLanguage\":\"es\",\"@id\":\"https:\/\/lubrimas.pe\/tienda\/#\/schema\/logo\/image\/\",\"url\":\"https:\/\/lubrimas.pe\/tienda\/wp-content\/uploads\/sites\/3\/2022\/07\/BANNERS-PROMO-CYBER-WOW-LUBRIMASPE-2022-07.webp\",\"contentUrl\":\"https:\/\/lubrimas.pe\/tienda\/wp-content\/uploads\/sites\/3\/2022\/07\/BANNERS-PROMO-CYBER-WOW-LUBRIMASPE-2022-07.webp\",\"width\":500,\"height\":752,\"caption\":\"Lubrimas.pe\"},\"image\":{\"@id\":\"https:\/\/lubrimas.pe\/tienda\/#\/schema\/logo\/image\/\"}}]}<\/script>\n<!-- \/ Yoast SEO plugin. -->","yoast_head_json":{"title":"VALVOLINE ATF MERCON V | Lubrimas.pe | Tienda Online","description":"Valvoline ATF Mercon V: fluido ATF para transmisiones autom\u00e1ticas MERCON V. Mejora cambios, protege contra desgaste y alta temperatura.","robots":{"index":"index","follow":"follow","max-snippet":"max-snippet:-1","max-image-preview":"max-image-preview:large","max-video-preview":"max-video-preview:-1"},"canonical":"https:\/\/lubrimas.pe\/tienda\/aceite-de-caja\/valvoline-atf-mercon-v\/","og_locale":"es_ES","og_type":"article","og_title":"VALVOLINE ATF MERCON V | Lubrimas.pe | Tienda Online","og_description":"Valvoline ATF Mercon V: fluido ATF para transmisiones autom\u00e1ticas MERCON V. Mejora cambios, protege contra desgaste y alta temperatura.","og_url":"https:\/\/lubrimas.pe\/tienda\/aceite-de-caja\/valvoline-atf-mercon-v\/","og_site_name":"Lubrimas.pe | Tienda Online","og_image":[{"width":1771,"height":2083,"url":"https:\/\/lubrimas.pe\/tienda\/wp-content\/uploads\/sites\/3\/2026\/01\/VALVOLINE-ATF-MERCON-V.jpg","type":"image\/jpeg"}],"twitter_card":"summary_large_image","twitter_misc":{"Tiempo de lectura":"2 minutos"},"schema":{"@context":"https:\/\/schema.org","@graph":[{"@type":["WebPage","ItemPage"],"@id":"https:\/\/lubrimas.pe\/tienda\/aceite-de-caja\/valvoline-atf-mercon-v\/","url":"https:\/\/lubrimas.pe\/tienda\/aceite-de-caja\/valvoline-atf-mercon-v\/","name":"VALVOLINE ATF MERCON V | Lubrimas.pe | Tienda Online","isPartOf":{"@id":"https:\/\/lubrimas.pe\/tienda\/#website"},"primaryImageOfPage":{"@id":"https:\/\/lubrimas.pe\/tienda\/aceite-de-caja\/valvoline-atf-mercon-v\/#primaryimage"},"image":{"@id":"https:\/\/lubrimas.pe\/tienda\/aceite-de-caja\/valvoline-atf-mercon-v\/#primaryimage"},"thumbnailUrl":"https:\/\/lubrimas.pe\/tienda\/wp-content\/uploads\/sites\/3\/2026\/01\/VALVOLINE-ATF-MERCON-V.jpg","datePublished":"2026-01-06T21:21:17+00:00","description":"Valvoline ATF Mercon V: fluido ATF para transmisiones autom\u00e1ticas MERCON V. Mejora cambios, protege contra desgaste y alta temperatura.","breadcrumb":{"@id":"https:\/\/lubrimas.pe\/tienda\/aceite-de-caja\/valvoline-atf-mercon-v\/#breadcrumb"},"inLanguage":"es","potentialAction":[{"@type":"ReadAction","target":["https:\/\/lubrimas.pe\/tienda\/aceite-de-caja\/valvoline-atf-mercon-v\/"]}]},{"@type":"ImageObject","inLanguage":"es","@id":"https:\/\/lubrimas.pe\/tienda\/aceite-de-caja\/valvoline-atf-mercon-v\/#primaryimage","url":"https:\/\/lubrimas.pe\/tienda\/wp-content\/uploads\/sites\/3\/2026\/01\/VALVOLINE-ATF-MERCON-V.jpg","contentUrl":"https:\/\/lubrimas.pe\/tienda\/wp-content\/uploads\/sites\/3\/2026\/01\/VALVOLINE-ATF-MERCON-V.jpg","width":1771,"height":2083},{"@type":"BreadcrumbList","@id":"https:\/\/lubrimas.pe\/tienda\/aceite-de-caja\/valvoline-atf-mercon-v\/#breadcrumb","itemListElement":[{"@type":"ListItem","position":1,"name":"Portada","item":"https:\/\/lubrimas.pe\/tienda\/"},{"@type":"ListItem","position":2,"name":"Cat\u00e1logo","item":"https:\/\/lubrimas.pe\/tienda\/productos\/"},{"@type":"ListItem","position":3,"name":"VALVOLINE ATF MERCON V"}]},{"@type":"WebSite","@id":"https:\/\/lubrimas.pe\/tienda\/#website","url":"https:\/\/lubrimas.pe\/tienda\/","name":"Lubrimas.pe | Tienda Online","description":"Tus lubricantes favoritos al mejor precio!","publisher":{"@id":"https:\/\/lubrimas.pe\/tienda\/#organization"},"potentialAction":[{"@type":"SearchAction","target":{"@type":"EntryPoint","urlTemplate":"https:\/\/lubrimas.pe\/tienda\/?s={search_term_string}"},"query-input":{"@type":"PropertyValueSpecification","valueRequired":true,"valueName":"search_term_string"}}],"inLanguage":"es"},{"@type":"Organization","@id":"https:\/\/lubrimas.pe\/tienda\/#organization","name":"Lubrimas.pe","url":"https:\/\/lubrimas.pe\/tienda\/","logo":{"@type":"ImageObject","inLanguage":"es","@id":"https:\/\/lubrimas.pe\/tienda\/#\/schema\/logo\/image\/","url":"https:\/\/lubrimas.pe\/tienda\/wp-content\/uploads\/sites\/3\/2022\/07\/BANNERS-PROMO-CYBER-WOW-LUBRIMASPE-2022-07.webp","contentUrl":"https:\/\/lubrimas.pe\/tienda\/wp-content\/uploads\/sites\/3\/2022\/07\/BANNERS-PROMO-CYBER-WOW-LUBRIMASPE-2022-07.webp","width":500,"height":752,"caption":"Lubrimas.pe"},"image":{"@id":"https:\/\/lubrimas.pe\/tienda\/#\/schema\/logo\/image\/"}}]}},"_links":{"self":[{"href":"https:\/\/lubrimas.pe\/tienda\/wp-json\/wp\/v2\/product\/15165","targetHints":{"allow":["GET"]}}],"collection":[{"href":"https:\/\/lubrimas.pe\/tienda\/wp-json\/wp\/v2\/product"}],"about":[{"href":"https:\/\/lubrimas.pe\/tienda\/wp-json\/wp\/v2\/types\/product"}],"wp:featuredmedia":[{"embeddable":true,"href":"https:\/\/lubrimas.pe\/tienda\/wp-json\/wp\/v2\/media\/15166"}],"wp:attachment":[{"href":"https:\/\/lubrimas.pe\/tienda\/wp-json\/wp\/v2\/media?parent=15165"}],"wp:term":[{"taxonomy":"product_brand","embeddable":true,"href":"https:\/\/lubrimas.pe\/tienda\/wp-json\/wp\/v2\/product_brand?post=15165"},{"taxonomy":"product_cat","embeddable":true,"href":"https:\/\/lubrimas.pe\/tienda\/wp-json\/wp\/v2\/product_cat?post=15165"},{"taxonomy":"product_tag","embeddable":true,"href":"https:\/\/lubrimas.pe\/tienda\/wp-json\/wp\/v2\/product_tag?post=15165"}],"curies":[{"name":"wp","href":"https:\/\/api.w.org\/{rel}","templated":true}]}}