{"id":15172,"date":"2026-01-06T17:20:38","date_gmt":"2026-01-06T22:20:38","guid":{"rendered":"https:\/\/lubrimas.pe\/tienda\/?post_type=product&#038;p=15172"},"modified":"2026-01-06T17:22:07","modified_gmt":"2026-01-06T22:22:07","slug":"mobil-delvac-1-esp-5w40-aceite-para-motor-diesel","status":"publish","type":"product","link":"https:\/\/lubrimas.pe\/tienda\/aceite-de-motor\/mobil-delvac-1-esp-5w40-aceite-para-motor-diesel\/","title":{"rendered":"MOBIL DELVAC 1 ESP 5W40 &#8211; Aceite para motor di\u00e9sel"},"content":{"rendered":"<p><strong>Mobil Delvac 1\u2122 ESP 5W-40<\/strong> es un aceite sint\u00e9tico de alto rendimiento para motores di\u00e9sel de servicio pesado que ayuda a extender la vida \u00fatil del motor, proporciona capacidad de largos intervalos de drenaje y potencial de econom\u00eda de combustible para tecnolog\u00edas de motores di\u00e9sel modernas y avanzadas operando en aplicaciones severas. Est\u00e1 formulado para ofrecer desempe\u00f1o excepcional tanto en motores modernos como antiguos, incluidos aquellos con sistemas de control de emisiones, y se recomienda para una amplia gama de aplicaciones de transporte en carretera y fuera de carretera.<\/p>\n<h5><strong data-start=\"985\" data-end=\"1029\">CARACTER\u00cdSTICAS PRINCIPALES<\/strong><\/h5>\n<ul>\n<li data-start=\"1033\" data-end=\"1215\">Mantiene insuperable estabilidad a la oxidaci\u00f3n, lo que ayuda a prolongar los intervalos entre cambios de aceite y a prevenir dep\u00f3sitos.<\/li>\n<li data-start=\"1218\" data-end=\"1380\">Proporciona excelente fluidez y facilidad de bombeo a bajas temperaturas para arranques suaves incluso hasta -35 \u00b0C.<\/li>\n<li data-start=\"1383\" data-end=\"1542\">Su formulaci\u00f3n de bajo contenido de cenizas ayuda a proteger todos los dispositivos de post-tratamiento de emisiones.<\/li>\n<li data-start=\"1545\" data-end=\"1707\">Ofrece protecci\u00f3n contra desgaste, corrosi\u00f3n y mantenimiento de superficies cr\u00edticas para una larga vida \u00fatil del motor.<\/li>\n<\/ul>\n<h5>APLICACIONES<\/h5>\n<p data-start=\"1739\" data-end=\"1771\">Recomendado por ExxonMobil para:<\/p>\n<ul data-start=\"1773\" data-end=\"2449\">\n<li data-start=\"1773\" data-end=\"1933\">\n<p data-start=\"1775\" data-end=\"1933\">Motores di\u00e9sel modernos y sofisticados con turbocargador, inyecci\u00f3n directa y sistemas de post-tratamiento de emisiones.<\/p>\n<\/li>\n<li data-start=\"1934\" data-end=\"2051\">\n<p data-start=\"1936\" data-end=\"2051\">Motores <em data-start=\"1944\" data-end=\"1956\">on-highway<\/em> en condiciones de alta velocidad\/carga o tr\u00e1fico urbano.<\/p>\n<\/li>\n<li data-start=\"2052\" data-end=\"2172\">\n<p data-start=\"2054\" data-end=\"2172\">Motores <em data-start=\"2062\" data-end=\"2075\">off-highway<\/em> en condiciones severas de baja velocidad y cargas pesadas.<\/p>\n<\/li>\n<li data-start=\"2173\" data-end=\"2281\">\n<p data-start=\"2175\" data-end=\"2281\">La mayor\u00eda de equipos di\u00e9sel de constructores americanos y europeos.<\/p>\n<\/li>\n<li data-start=\"2282\" data-end=\"2380\">\n<p data-start=\"2284\" data-end=\"2380\">Motores de gasolina de alto rendimiento y flotas mixtas.<\/p>\n<\/li>\n<\/ul>\n<h5>APROBACIONES \/ ESPECIFICACIONES<\/h5>\n<p>API CK-4, JASO DH-2, Caterpillar ECF-3, ACEA E7, ACEA E9, Cummins CES 20081, Cummins CES 20086, Detroit Fluids Specification 93K218, Detroit Fluids Specification 93K222, Mack EOS-4.5, MTU Oil Category 2.1, Volvo VDS-4.5, Renault Trucks RLD-3, DTFR 15C100<\/p>\n","protected":false},"excerpt":{"rendered":"<p>Mobil Delvac 1\u2122 ESP 5W-40 es un aceite sint\u00e9tico de alto rendimiento para motores di\u00e9sel de servicio pesado que ayuda a extender la vida \u00fatil del motor, proporciona capacidad de<\/p>\n","protected":false},"featured_media":15176,"template":"","meta":[],"product_brand":[],"product_cat":[16,26],"product_tag":[],"class_list":{"0":"post-15172","1":"product","2":"type-product","3":"status-publish","4":"has-post-thumbnail","6":"product_cat-aceite-de-motor","7":"product_cat-motor-diesel","8":"pa_grado-5w40","9":"pa_marca-mobil","11":"first","12":"instock","13":"shipping-taxable","14":"purchasable","15":"product-type-variable"},"yoast_head":"<!-- This site is optimized with the Yoast SEO plugin v27.4 - https:\/\/yoast.com\/product\/yoast-seo-wordpress\/ -->\n<title>MOBIL DELVAC 1 ESP 5W40 - Aceite para motor di\u00e9sel | Lubrimas.pe | Tienda Online<\/title>\n<meta name=\"robots\" content=\"index, follow, max-snippet:-1, max-image-preview:large, max-video-preview:-1\" \/>\n<link rel=\"canonical\" href=\"https:\/\/lubrimas.pe\/tienda\/aceite-de-motor\/mobil-delvac-1-esp-5w40-aceite-para-motor-diesel\/\" \/>\n<meta property=\"og:locale\" content=\"es_ES\" \/>\n<meta property=\"og:type\" content=\"article\" \/>\n<meta property=\"og:title\" content=\"MOBIL DELVAC 1 ESP 5W40 - Aceite para motor di\u00e9sel | Lubrimas.pe | Tienda Online\" \/>\n<meta property=\"og:description\" content=\"Mobil Delvac 1\u2122 ESP 5W-40 es un aceite sint\u00e9tico de alto rendimiento para motores di\u00e9sel de servicio pesado que ayuda a extender la vida \u00fatil del motor, proporciona capacidad de\" \/>\n<meta property=\"og:url\" content=\"https:\/\/lubrimas.pe\/tienda\/aceite-de-motor\/mobil-delvac-1-esp-5w40-aceite-para-motor-diesel\/\" \/>\n<meta property=\"og:site_name\" content=\"Lubrimas.pe | Tienda Online\" \/>\n<meta property=\"article:modified_time\" content=\"2026-01-06T22:22:07+00:00\" \/>\n<meta property=\"og:image\" content=\"https:\/\/lubrimas.pe\/tienda\/wp-content\/uploads\/sites\/3\/2026\/01\/MOBIL-DELVAC-1-ESP-5W40.webp\" \/>\n\t<meta property=\"og:image:width\" content=\"1771\" \/>\n\t<meta property=\"og:image:height\" content=\"2083\" \/>\n\t<meta property=\"og:image:type\" content=\"image\/webp\" \/>\n<meta name=\"twitter:card\" content=\"summary_large_image\" \/>\n<meta name=\"twitter:label1\" content=\"Tiempo de lectura\" \/>\n\t<meta name=\"twitter:data1\" content=\"1 minuto\" \/>\n<script type=\"application\/ld+json\" class=\"yoast-schema-graph\">{\"@context\":\"https:\\\/\\\/schema.org\",\"@graph\":[{\"@type\":[\"WebPage\",\"ItemPage\"],\"@id\":\"https:\\\/\\\/lubrimas.pe\\\/tienda\\\/aceite-de-motor\\\/mobil-delvac-1-esp-5w40-aceite-para-motor-diesel\\\/\",\"url\":\"https:\\\/\\\/lubrimas.pe\\\/tienda\\\/aceite-de-motor\\\/mobil-delvac-1-esp-5w40-aceite-para-motor-diesel\\\/\",\"name\":\"MOBIL DELVAC 1 ESP 5W40 - Aceite para motor di\u00e9sel | Lubrimas.pe | Tienda Online\",\"isPartOf\":{\"@id\":\"https:\\\/\\\/lubrimas.pe\\\/tienda\\\/#website\"},\"primaryImageOfPage\":{\"@id\":\"https:\\\/\\\/lubrimas.pe\\\/tienda\\\/aceite-de-motor\\\/mobil-delvac-1-esp-5w40-aceite-para-motor-diesel\\\/#primaryimage\"},\"image\":{\"@id\":\"https:\\\/\\\/lubrimas.pe\\\/tienda\\\/aceite-de-motor\\\/mobil-delvac-1-esp-5w40-aceite-para-motor-diesel\\\/#primaryimage\"},\"thumbnailUrl\":\"https:\\\/\\\/lubrimas.pe\\\/tienda\\\/wp-content\\\/uploads\\\/sites\\\/3\\\/2026\\\/01\\\/MOBIL-DELVAC-1-ESP-5W40.webp\",\"datePublished\":\"2026-01-06T22:20:38+00:00\",\"dateModified\":\"2026-01-06T22:22:07+00:00\",\"breadcrumb\":{\"@id\":\"https:\\\/\\\/lubrimas.pe\\\/tienda\\\/aceite-de-motor\\\/mobil-delvac-1-esp-5w40-aceite-para-motor-diesel\\\/#breadcrumb\"},\"inLanguage\":\"es\",\"potentialAction\":[{\"@type\":\"ReadAction\",\"target\":[\"https:\\\/\\\/lubrimas.pe\\\/tienda\\\/aceite-de-motor\\\/mobil-delvac-1-esp-5w40-aceite-para-motor-diesel\\\/\"]}]},{\"@type\":\"ImageObject\",\"inLanguage\":\"es\",\"@id\":\"https:\\\/\\\/lubrimas.pe\\\/tienda\\\/aceite-de-motor\\\/mobil-delvac-1-esp-5w40-aceite-para-motor-diesel\\\/#primaryimage\",\"url\":\"https:\\\/\\\/lubrimas.pe\\\/tienda\\\/wp-content\\\/uploads\\\/sites\\\/3\\\/2026\\\/01\\\/MOBIL-DELVAC-1-ESP-5W40.webp\",\"contentUrl\":\"https:\\\/\\\/lubrimas.pe\\\/tienda\\\/wp-content\\\/uploads\\\/sites\\\/3\\\/2026\\\/01\\\/MOBIL-DELVAC-1-ESP-5W40.webp\",\"width\":1771,\"height\":2083},{\"@type\":\"BreadcrumbList\",\"@id\":\"https:\\\/\\\/lubrimas.pe\\\/tienda\\\/aceite-de-motor\\\/mobil-delvac-1-esp-5w40-aceite-para-motor-diesel\\\/#breadcrumb\",\"itemListElement\":[{\"@type\":\"ListItem\",\"position\":1,\"name\":\"Portada\",\"item\":\"https:\\\/\\\/lubrimas.pe\\\/tienda\\\/\"},{\"@type\":\"ListItem\",\"position\":2,\"name\":\"Cat\u00e1logo\",\"item\":\"https:\\\/\\\/lubrimas.pe\\\/tienda\\\/productos\\\/\"},{\"@type\":\"ListItem\",\"position\":3,\"name\":\"MOBIL DELVAC 1 ESP 5W40 &#8211; Aceite para motor di\u00e9sel\"}]},{\"@type\":\"WebSite\",\"@id\":\"https:\\\/\\\/lubrimas.pe\\\/tienda\\\/#website\",\"url\":\"https:\\\/\\\/lubrimas.pe\\\/tienda\\\/\",\"name\":\"Lubrimas.pe | Tienda Online\",\"description\":\"Tus lubricantes favoritos al mejor precio!\",\"publisher\":{\"@id\":\"https:\\\/\\\/lubrimas.pe\\\/tienda\\\/#organization\"},\"potentialAction\":[{\"@type\":\"SearchAction\",\"target\":{\"@type\":\"EntryPoint\",\"urlTemplate\":\"https:\\\/\\\/lubrimas.pe\\\/tienda\\\/?s={search_term_string}\"},\"query-input\":{\"@type\":\"PropertyValueSpecification\",\"valueRequired\":true,\"valueName\":\"search_term_string\"}}],\"inLanguage\":\"es\"},{\"@type\":\"Organization\",\"@id\":\"https:\\\/\\\/lubrimas.pe\\\/tienda\\\/#organization\",\"name\":\"Lubrimas.pe\",\"url\":\"https:\\\/\\\/lubrimas.pe\\\/tienda\\\/\",\"logo\":{\"@type\":\"ImageObject\",\"inLanguage\":\"es\",\"@id\":\"https:\\\/\\\/lubrimas.pe\\\/tienda\\\/#\\\/schema\\\/logo\\\/image\\\/\",\"url\":\"https:\\\/\\\/lubrimas.pe\\\/tienda\\\/wp-content\\\/uploads\\\/sites\\\/3\\\/2022\\\/07\\\/BANNERS-PROMO-CYBER-WOW-LUBRIMASPE-2022-07.webp\",\"contentUrl\":\"https:\\\/\\\/lubrimas.pe\\\/tienda\\\/wp-content\\\/uploads\\\/sites\\\/3\\\/2022\\\/07\\\/BANNERS-PROMO-CYBER-WOW-LUBRIMASPE-2022-07.webp\",\"width\":500,\"height\":752,\"caption\":\"Lubrimas.pe\"},\"image\":{\"@id\":\"https:\\\/\\\/lubrimas.pe\\\/tienda\\\/#\\\/schema\\\/logo\\\/image\\\/\"}}]}<\/script>\n<!-- \/ Yoast SEO plugin. -->","yoast_head_json":{"title":"MOBIL DELVAC 1 ESP 5W40 - Aceite para motor di\u00e9sel | Lubrimas.pe | Tienda Online","robots":{"index":"index","follow":"follow","max-snippet":"max-snippet:-1","max-image-preview":"max-image-preview:large","max-video-preview":"max-video-preview:-1"},"canonical":"https:\/\/lubrimas.pe\/tienda\/aceite-de-motor\/mobil-delvac-1-esp-5w40-aceite-para-motor-diesel\/","og_locale":"es_ES","og_type":"article","og_title":"MOBIL DELVAC 1 ESP 5W40 - Aceite para motor di\u00e9sel | Lubrimas.pe | Tienda Online","og_description":"Mobil Delvac 1\u2122 ESP 5W-40 es un aceite sint\u00e9tico de alto rendimiento para motores di\u00e9sel de servicio pesado que ayuda a extender la vida \u00fatil del motor, proporciona capacidad de","og_url":"https:\/\/lubrimas.pe\/tienda\/aceite-de-motor\/mobil-delvac-1-esp-5w40-aceite-para-motor-diesel\/","og_site_name":"Lubrimas.pe | Tienda Online","article_modified_time":"2026-01-06T22:22:07+00:00","og_image":[{"width":1771,"height":2083,"url":"https:\/\/lubrimas.pe\/tienda\/wp-content\/uploads\/sites\/3\/2026\/01\/MOBIL-DELVAC-1-ESP-5W40.webp","type":"image\/webp"}],"twitter_card":"summary_large_image","twitter_misc":{"Tiempo de lectura":"1 minuto"},"schema":{"@context":"https:\/\/schema.org","@graph":[{"@type":["WebPage","ItemPage"],"@id":"https:\/\/lubrimas.pe\/tienda\/aceite-de-motor\/mobil-delvac-1-esp-5w40-aceite-para-motor-diesel\/","url":"https:\/\/lubrimas.pe\/tienda\/aceite-de-motor\/mobil-delvac-1-esp-5w40-aceite-para-motor-diesel\/","name":"MOBIL DELVAC 1 ESP 5W40 - Aceite para motor di\u00e9sel | Lubrimas.pe | Tienda Online","isPartOf":{"@id":"https:\/\/lubrimas.pe\/tienda\/#website"},"primaryImageOfPage":{"@id":"https:\/\/lubrimas.pe\/tienda\/aceite-de-motor\/mobil-delvac-1-esp-5w40-aceite-para-motor-diesel\/#primaryimage"},"image":{"@id":"https:\/\/lubrimas.pe\/tienda\/aceite-de-motor\/mobil-delvac-1-esp-5w40-aceite-para-motor-diesel\/#primaryimage"},"thumbnailUrl":"https:\/\/lubrimas.pe\/tienda\/wp-content\/uploads\/sites\/3\/2026\/01\/MOBIL-DELVAC-1-ESP-5W40.webp","datePublished":"2026-01-06T22:20:38+00:00","dateModified":"2026-01-06T22:22:07+00:00","breadcrumb":{"@id":"https:\/\/lubrimas.pe\/tienda\/aceite-de-motor\/mobil-delvac-1-esp-5w40-aceite-para-motor-diesel\/#breadcrumb"},"inLanguage":"es","potentialAction":[{"@type":"ReadAction","target":["https:\/\/lubrimas.pe\/tienda\/aceite-de-motor\/mobil-delvac-1-esp-5w40-aceite-para-motor-diesel\/"]}]},{"@type":"ImageObject","inLanguage":"es","@id":"https:\/\/lubrimas.pe\/tienda\/aceite-de-motor\/mobil-delvac-1-esp-5w40-aceite-para-motor-diesel\/#primaryimage","url":"https:\/\/lubrimas.pe\/tienda\/wp-content\/uploads\/sites\/3\/2026\/01\/MOBIL-DELVAC-1-ESP-5W40.webp","contentUrl":"https:\/\/lubrimas.pe\/tienda\/wp-content\/uploads\/sites\/3\/2026\/01\/MOBIL-DELVAC-1-ESP-5W40.webp","width":1771,"height":2083},{"@type":"BreadcrumbList","@id":"https:\/\/lubrimas.pe\/tienda\/aceite-de-motor\/mobil-delvac-1-esp-5w40-aceite-para-motor-diesel\/#breadcrumb","itemListElement":[{"@type":"ListItem","position":1,"name":"Portada","item":"https:\/\/lubrimas.pe\/tienda\/"},{"@type":"ListItem","position":2,"name":"Cat\u00e1logo","item":"https:\/\/lubrimas.pe\/tienda\/productos\/"},{"@type":"ListItem","position":3,"name":"MOBIL DELVAC 1 ESP 5W40 &#8211; Aceite para motor di\u00e9sel"}]},{"@type":"WebSite","@id":"https:\/\/lubrimas.pe\/tienda\/#website","url":"https:\/\/lubrimas.pe\/tienda\/","name":"Lubrimas.pe | Tienda Online","description":"Tus lubricantes favoritos al mejor precio!","publisher":{"@id":"https:\/\/lubrimas.pe\/tienda\/#organization"},"potentialAction":[{"@type":"SearchAction","target":{"@type":"EntryPoint","urlTemplate":"https:\/\/lubrimas.pe\/tienda\/?s={search_term_string}"},"query-input":{"@type":"PropertyValueSpecification","valueRequired":true,"valueName":"search_term_string"}}],"inLanguage":"es"},{"@type":"Organization","@id":"https:\/\/lubrimas.pe\/tienda\/#organization","name":"Lubrimas.pe","url":"https:\/\/lubrimas.pe\/tienda\/","logo":{"@type":"ImageObject","inLanguage":"es","@id":"https:\/\/lubrimas.pe\/tienda\/#\/schema\/logo\/image\/","url":"https:\/\/lubrimas.pe\/tienda\/wp-content\/uploads\/sites\/3\/2022\/07\/BANNERS-PROMO-CYBER-WOW-LUBRIMASPE-2022-07.webp","contentUrl":"https:\/\/lubrimas.pe\/tienda\/wp-content\/uploads\/sites\/3\/2022\/07\/BANNERS-PROMO-CYBER-WOW-LUBRIMASPE-2022-07.webp","width":500,"height":752,"caption":"Lubrimas.pe"},"image":{"@id":"https:\/\/lubrimas.pe\/tienda\/#\/schema\/logo\/image\/"}}]}},"_links":{"self":[{"href":"https:\/\/lubrimas.pe\/tienda\/wp-json\/wp\/v2\/product\/15172","targetHints":{"allow":["GET"]}}],"collection":[{"href":"https:\/\/lubrimas.pe\/tienda\/wp-json\/wp\/v2\/product"}],"about":[{"href":"https:\/\/lubrimas.pe\/tienda\/wp-json\/wp\/v2\/types\/product"}],"wp:featuredmedia":[{"embeddable":true,"href":"https:\/\/lubrimas.pe\/tienda\/wp-json\/wp\/v2\/media\/15176"}],"wp:attachment":[{"href":"https:\/\/lubrimas.pe\/tienda\/wp-json\/wp\/v2\/media?parent=15172"}],"wp:term":[{"taxonomy":"product_brand","embeddable":true,"href":"https:\/\/lubrimas.pe\/tienda\/wp-json\/wp\/v2\/product_brand?post=15172"},{"taxonomy":"product_cat","embeddable":true,"href":"https:\/\/lubrimas.pe\/tienda\/wp-json\/wp\/v2\/product_cat?post=15172"},{"taxonomy":"product_tag","embeddable":true,"href":"https:\/\/lubrimas.pe\/tienda\/wp-json\/wp\/v2\/product_tag?post=15172"}],"curies":[{"name":"wp","href":"https:\/\/api.w.org\/{rel}","templated":true}]}}