{"id":15208,"date":"2026-01-13T12:25:04","date_gmt":"2026-01-13T17:25:04","guid":{"rendered":"https:\/\/lubrimas.pe\/tienda\/?post_type=product&#038;p=15208"},"modified":"2026-01-13T15:39:33","modified_gmt":"2026-01-13T20:39:33","slug":"motul-8100-eco-clean-0w20-aceite-full-sintetico","status":"publish","type":"product","link":"https:\/\/lubrimas.pe\/tienda\/aceite-de-motor\/motul-8100-eco-clean-0w20-aceite-full-sintetico\/","title":{"rendered":"MOTUL 8100 ECO-CLEAN 0W20 &#8211; Aceite Full Sint\u00e9tico"},"content":{"rendered":"<p><strong>MOTUL 8100 ECO-CLEAN 0W-20<\/strong> es un aceite de motor 100% sint\u00e9tico de alto rendimiento \u201cFuel Economy\u201d dise\u00f1ado para motores de gasolina y di\u00e9sel modernos, formulado con tecnolog\u00eda avanzada para proporcionar baja fricci\u00f3n, excelente circulaci\u00f3n de aceite y eficiencia de combustible, al mismo tiempo que protege los componentes del motor y los sistemas de emisiones<\/p>\n<h5><strong data-start=\"633\" data-end=\"664\">CARACTER\u00cdSTICAS PRINCIPALES<\/strong><\/h5>\n<ul>\n<li style=\"list-style-type: none;\">\n<ul data-start=\"666\" data-end=\"1383\">\n<li data-start=\"666\" data-end=\"773\">\n<p data-start=\"668\" data-end=\"773\">100% sint\u00e9tico con tecnolog\u00eda avanzada para motores modernos.<\/p>\n<\/li>\n<li data-start=\"774\" data-end=\"900\">\n<p data-start=\"776\" data-end=\"900\">\u201cFuel Economy\u201d que ayuda a reducir el consumo de combustible y emisiones de CO\u2082.<\/p>\n<\/li>\n<li data-start=\"901\" data-end=\"1091\">\n<p data-start=\"903\" data-end=\"1091\">F\u00f3rmula Mid-SAPS (cenizas sulfatadas reducidas) que mejora la compatibilidad con sistemas de control de emisiones como catalizadores, GPF y DPF.<\/p>\n<\/li>\n<li data-start=\"1092\" data-end=\"1253\">\n<p data-start=\"1094\" data-end=\"1253\">Excelente circulaci\u00f3n de aceite y ajuste r\u00e1pido de presi\u00f3n, favoreciendo arranques fr\u00edos y calentamiento eficiente.<\/p>\n<\/li>\n<li data-start=\"1254\" data-end=\"1383\">\n<p data-start=\"1256\" data-end=\"1383\">Dise\u00f1ado para cumplir con especificaciones modernas de fabricantes europeos y americanos<\/p>\n<\/li>\n<\/ul>\n<\/li>\n<\/ul>\n<h5>APLICACIONES<\/h5>\n<ul>\n<li data-start=\"1434\" data-end=\"1611\">\n<p data-start=\"1436\" data-end=\"1611\">Veh\u00edculos de autos y SUV con motores de gasolina o di\u00e9sel que requieran aceite 0W-20 con especificaciones de ahorro de combustible.<\/p>\n<\/li>\n<li data-start=\"1612\" data-end=\"1716\">\n<p data-start=\"1614\" data-end=\"1716\">Motores que cumplan normativas de emisiones Euro 4, 5 y 6.<\/p>\n<\/li>\n<li data-start=\"1717\" data-end=\"1834\">\n<p data-start=\"1719\" data-end=\"1834\">Veh\u00edculos equipados con filtros de part\u00edculas y catalizadores modernos.<\/p>\n<\/li>\n<li data-start=\"1835\" data-end=\"1990\">\n<p data-start=\"1837\" data-end=\"1990\">Uso recomendado seg\u00fan manual del fabricante del veh\u00edculo para intervalos de cambio y compatibilidad espec\u00edfica.<\/p>\n<\/li>\n<\/ul>\n<blockquote><p>No mezclar con aceites que no cumplan ACEA C5 o C6.<\/p><\/blockquote>\n<p>&nbsp;<\/p>\n<h5>ESPECIFICACIONES \/ APROBACIONES<\/h5>\n<p>ACEA C5, C6, ILSAC GF-7A, API PERFORMACE SQ, BMW LL-17 FE+, MERCEDES-BENZ MB-Approval 229.71, OPEL OV 040 1547 &#8211; A20, VAUXHALL OV 040 1547 &#8211; A20, JAGUAR STJLR.03.5006, MERCEDES-BENZ MB-Approval 229.72<\/p>\n<h5><strong>INFORMACI\u00d3N ADICIONAL<\/strong><\/h5>\n<div class=\"aditional-info-tecnical-lp\"><a href=\"https:\/\/azupim01.motul.com\/media\/motulData\/DO\/base\/8100_eco-clean_0w-20_es_es_motul_17011_20250826.pdf\" target=\"_blank\" rel=\"noopener\">FICHA T\u00c9CNICA<\/a><br \/>\n<a href=\"https:\/\/www.motul.com\/es-ES\/products\/17011?id=17011&amp;product=MOTUL+8100+ECO-CLEAN+0W-20\" target=\"_blank\" rel=\"noopener\">SITIO OFICIAL<\/a><\/div>\n","protected":false},"excerpt":{"rendered":"<p>MOTUL 8100 ECO-CLEAN 0W-20 es un aceite de motor 100% sint\u00e9tico de alto rendimiento \u201cFuel Economy\u201d dise\u00f1ado para motores de gasolina y di\u00e9sel modernos, formulado con tecnolog\u00eda avanzada para proporcionar<\/p>\n","protected":false},"featured_media":15210,"template":"","meta":[],"product_brand":[],"product_cat":[16,26,22],"product_tag":[],"class_list":{"0":"post-15208","1":"product","2":"type-product","3":"status-publish","4":"has-post-thumbnail","6":"product_cat-aceite-de-motor","7":"product_cat-motor-diesel","8":"product_cat-motor-gasolina-gas","9":"pa_grado-0w20","10":"pa_marca-motul","12":"first","13":"instock","14":"shipping-taxable","15":"purchasable","16":"product-type-variable","17":"has-default-attributes"},"yoast_head":"<!-- This site is optimized with the Yoast SEO plugin v27.4 - https:\/\/yoast.com\/product\/yoast-seo-wordpress\/ -->\n<title>MOTUL 8100 ECO-CLEAN 0W20 - Aceite Full Sint\u00e9tico | Lubrimas.pe | Tienda Online<\/title>\n<meta name=\"robots\" content=\"index, follow, max-snippet:-1, max-image-preview:large, max-video-preview:-1\" \/>\n<link rel=\"canonical\" href=\"https:\/\/lubrimas.pe\/tienda\/aceite-de-motor\/motul-8100-eco-clean-0w20-aceite-full-sintetico\/\" \/>\n<meta property=\"og:locale\" content=\"es_ES\" \/>\n<meta property=\"og:type\" content=\"article\" \/>\n<meta property=\"og:title\" content=\"MOTUL 8100 ECO-CLEAN 0W20 - Aceite Full Sint\u00e9tico | Lubrimas.pe | Tienda Online\" \/>\n<meta property=\"og:description\" content=\"MOTUL 8100 ECO-CLEAN 0W-20 es un aceite de motor 100% sint\u00e9tico de alto rendimiento \u201cFuel Economy\u201d dise\u00f1ado para motores de gasolina y di\u00e9sel modernos, formulado con tecnolog\u00eda avanzada para proporcionar\" \/>\n<meta property=\"og:url\" content=\"https:\/\/lubrimas.pe\/tienda\/aceite-de-motor\/motul-8100-eco-clean-0w20-aceite-full-sintetico\/\" \/>\n<meta property=\"og:site_name\" content=\"Lubrimas.pe | Tienda Online\" \/>\n<meta property=\"article:modified_time\" content=\"2026-01-13T20:39:33+00:00\" \/>\n<meta property=\"og:image\" content=\"https:\/\/lubrimas.pe\/tienda\/wp-content\/uploads\/sites\/3\/2026\/01\/MOTUL-8100-ECO-CLEAN-0W20-1.webp\" \/>\n\t<meta property=\"og:image:width\" content=\"1771\" \/>\n\t<meta property=\"og:image:height\" content=\"2083\" \/>\n\t<meta property=\"og:image:type\" content=\"image\/webp\" \/>\n<meta name=\"twitter:card\" content=\"summary_large_image\" \/>\n<meta name=\"twitter:label1\" content=\"Tiempo de lectura\" \/>\n\t<meta name=\"twitter:data1\" content=\"1 minuto\" \/>\n<script type=\"application\/ld+json\" class=\"yoast-schema-graph\">{\"@context\":\"https:\\\/\\\/schema.org\",\"@graph\":[{\"@type\":[\"WebPage\",\"ItemPage\"],\"@id\":\"https:\\\/\\\/lubrimas.pe\\\/tienda\\\/aceite-de-motor\\\/motul-8100-eco-clean-0w20-aceite-full-sintetico\\\/\",\"url\":\"https:\\\/\\\/lubrimas.pe\\\/tienda\\\/aceite-de-motor\\\/motul-8100-eco-clean-0w20-aceite-full-sintetico\\\/\",\"name\":\"MOTUL 8100 ECO-CLEAN 0W20 - Aceite Full Sint\u00e9tico | Lubrimas.pe | Tienda Online\",\"isPartOf\":{\"@id\":\"https:\\\/\\\/lubrimas.pe\\\/tienda\\\/#website\"},\"primaryImageOfPage\":{\"@id\":\"https:\\\/\\\/lubrimas.pe\\\/tienda\\\/aceite-de-motor\\\/motul-8100-eco-clean-0w20-aceite-full-sintetico\\\/#primaryimage\"},\"image\":{\"@id\":\"https:\\\/\\\/lubrimas.pe\\\/tienda\\\/aceite-de-motor\\\/motul-8100-eco-clean-0w20-aceite-full-sintetico\\\/#primaryimage\"},\"thumbnailUrl\":\"https:\\\/\\\/lubrimas.pe\\\/tienda\\\/wp-content\\\/uploads\\\/sites\\\/3\\\/2026\\\/01\\\/MOTUL-8100-ECO-CLEAN-0W20-1.webp\",\"datePublished\":\"2026-01-13T17:25:04+00:00\",\"dateModified\":\"2026-01-13T20:39:33+00:00\",\"breadcrumb\":{\"@id\":\"https:\\\/\\\/lubrimas.pe\\\/tienda\\\/aceite-de-motor\\\/motul-8100-eco-clean-0w20-aceite-full-sintetico\\\/#breadcrumb\"},\"inLanguage\":\"es\",\"potentialAction\":[{\"@type\":\"ReadAction\",\"target\":[\"https:\\\/\\\/lubrimas.pe\\\/tienda\\\/aceite-de-motor\\\/motul-8100-eco-clean-0w20-aceite-full-sintetico\\\/\"]}]},{\"@type\":\"ImageObject\",\"inLanguage\":\"es\",\"@id\":\"https:\\\/\\\/lubrimas.pe\\\/tienda\\\/aceite-de-motor\\\/motul-8100-eco-clean-0w20-aceite-full-sintetico\\\/#primaryimage\",\"url\":\"https:\\\/\\\/lubrimas.pe\\\/tienda\\\/wp-content\\\/uploads\\\/sites\\\/3\\\/2026\\\/01\\\/MOTUL-8100-ECO-CLEAN-0W20-1.webp\",\"contentUrl\":\"https:\\\/\\\/lubrimas.pe\\\/tienda\\\/wp-content\\\/uploads\\\/sites\\\/3\\\/2026\\\/01\\\/MOTUL-8100-ECO-CLEAN-0W20-1.webp\",\"width\":1771,\"height\":2083},{\"@type\":\"BreadcrumbList\",\"@id\":\"https:\\\/\\\/lubrimas.pe\\\/tienda\\\/aceite-de-motor\\\/motul-8100-eco-clean-0w20-aceite-full-sintetico\\\/#breadcrumb\",\"itemListElement\":[{\"@type\":\"ListItem\",\"position\":1,\"name\":\"Portada\",\"item\":\"https:\\\/\\\/lubrimas.pe\\\/tienda\\\/\"},{\"@type\":\"ListItem\",\"position\":2,\"name\":\"Cat\u00e1logo\",\"item\":\"https:\\\/\\\/lubrimas.pe\\\/tienda\\\/productos\\\/\"},{\"@type\":\"ListItem\",\"position\":3,\"name\":\"MOTUL 8100 ECO-CLEAN 0W20 &#8211; Aceite Full Sint\u00e9tico\"}]},{\"@type\":\"WebSite\",\"@id\":\"https:\\\/\\\/lubrimas.pe\\\/tienda\\\/#website\",\"url\":\"https:\\\/\\\/lubrimas.pe\\\/tienda\\\/\",\"name\":\"Lubrimas.pe | Tienda Online\",\"description\":\"Tus lubricantes favoritos al mejor precio!\",\"publisher\":{\"@id\":\"https:\\\/\\\/lubrimas.pe\\\/tienda\\\/#organization\"},\"potentialAction\":[{\"@type\":\"SearchAction\",\"target\":{\"@type\":\"EntryPoint\",\"urlTemplate\":\"https:\\\/\\\/lubrimas.pe\\\/tienda\\\/?s={search_term_string}\"},\"query-input\":{\"@type\":\"PropertyValueSpecification\",\"valueRequired\":true,\"valueName\":\"search_term_string\"}}],\"inLanguage\":\"es\"},{\"@type\":\"Organization\",\"@id\":\"https:\\\/\\\/lubrimas.pe\\\/tienda\\\/#organization\",\"name\":\"Lubrimas.pe\",\"url\":\"https:\\\/\\\/lubrimas.pe\\\/tienda\\\/\",\"logo\":{\"@type\":\"ImageObject\",\"inLanguage\":\"es\",\"@id\":\"https:\\\/\\\/lubrimas.pe\\\/tienda\\\/#\\\/schema\\\/logo\\\/image\\\/\",\"url\":\"https:\\\/\\\/lubrimas.pe\\\/tienda\\\/wp-content\\\/uploads\\\/sites\\\/3\\\/2022\\\/07\\\/BANNERS-PROMO-CYBER-WOW-LUBRIMASPE-2022-07.webp\",\"contentUrl\":\"https:\\\/\\\/lubrimas.pe\\\/tienda\\\/wp-content\\\/uploads\\\/sites\\\/3\\\/2022\\\/07\\\/BANNERS-PROMO-CYBER-WOW-LUBRIMASPE-2022-07.webp\",\"width\":500,\"height\":752,\"caption\":\"Lubrimas.pe\"},\"image\":{\"@id\":\"https:\\\/\\\/lubrimas.pe\\\/tienda\\\/#\\\/schema\\\/logo\\\/image\\\/\"}}]}<\/script>\n<!-- \/ Yoast SEO plugin. -->","yoast_head_json":{"title":"MOTUL 8100 ECO-CLEAN 0W20 - Aceite Full Sint\u00e9tico | Lubrimas.pe | Tienda Online","robots":{"index":"index","follow":"follow","max-snippet":"max-snippet:-1","max-image-preview":"max-image-preview:large","max-video-preview":"max-video-preview:-1"},"canonical":"https:\/\/lubrimas.pe\/tienda\/aceite-de-motor\/motul-8100-eco-clean-0w20-aceite-full-sintetico\/","og_locale":"es_ES","og_type":"article","og_title":"MOTUL 8100 ECO-CLEAN 0W20 - Aceite Full Sint\u00e9tico | Lubrimas.pe | Tienda Online","og_description":"MOTUL 8100 ECO-CLEAN 0W-20 es un aceite de motor 100% sint\u00e9tico de alto rendimiento \u201cFuel Economy\u201d dise\u00f1ado para motores de gasolina y di\u00e9sel modernos, formulado con tecnolog\u00eda avanzada para proporcionar","og_url":"https:\/\/lubrimas.pe\/tienda\/aceite-de-motor\/motul-8100-eco-clean-0w20-aceite-full-sintetico\/","og_site_name":"Lubrimas.pe | Tienda Online","article_modified_time":"2026-01-13T20:39:33+00:00","og_image":[{"width":1771,"height":2083,"url":"https:\/\/lubrimas.pe\/tienda\/wp-content\/uploads\/sites\/3\/2026\/01\/MOTUL-8100-ECO-CLEAN-0W20-1.webp","type":"image\/webp"}],"twitter_card":"summary_large_image","twitter_misc":{"Tiempo de lectura":"1 minuto"},"schema":{"@context":"https:\/\/schema.org","@graph":[{"@type":["WebPage","ItemPage"],"@id":"https:\/\/lubrimas.pe\/tienda\/aceite-de-motor\/motul-8100-eco-clean-0w20-aceite-full-sintetico\/","url":"https:\/\/lubrimas.pe\/tienda\/aceite-de-motor\/motul-8100-eco-clean-0w20-aceite-full-sintetico\/","name":"MOTUL 8100 ECO-CLEAN 0W20 - Aceite Full Sint\u00e9tico | Lubrimas.pe | Tienda Online","isPartOf":{"@id":"https:\/\/lubrimas.pe\/tienda\/#website"},"primaryImageOfPage":{"@id":"https:\/\/lubrimas.pe\/tienda\/aceite-de-motor\/motul-8100-eco-clean-0w20-aceite-full-sintetico\/#primaryimage"},"image":{"@id":"https:\/\/lubrimas.pe\/tienda\/aceite-de-motor\/motul-8100-eco-clean-0w20-aceite-full-sintetico\/#primaryimage"},"thumbnailUrl":"https:\/\/lubrimas.pe\/tienda\/wp-content\/uploads\/sites\/3\/2026\/01\/MOTUL-8100-ECO-CLEAN-0W20-1.webp","datePublished":"2026-01-13T17:25:04+00:00","dateModified":"2026-01-13T20:39:33+00:00","breadcrumb":{"@id":"https:\/\/lubrimas.pe\/tienda\/aceite-de-motor\/motul-8100-eco-clean-0w20-aceite-full-sintetico\/#breadcrumb"},"inLanguage":"es","potentialAction":[{"@type":"ReadAction","target":["https:\/\/lubrimas.pe\/tienda\/aceite-de-motor\/motul-8100-eco-clean-0w20-aceite-full-sintetico\/"]}]},{"@type":"ImageObject","inLanguage":"es","@id":"https:\/\/lubrimas.pe\/tienda\/aceite-de-motor\/motul-8100-eco-clean-0w20-aceite-full-sintetico\/#primaryimage","url":"https:\/\/lubrimas.pe\/tienda\/wp-content\/uploads\/sites\/3\/2026\/01\/MOTUL-8100-ECO-CLEAN-0W20-1.webp","contentUrl":"https:\/\/lubrimas.pe\/tienda\/wp-content\/uploads\/sites\/3\/2026\/01\/MOTUL-8100-ECO-CLEAN-0W20-1.webp","width":1771,"height":2083},{"@type":"BreadcrumbList","@id":"https:\/\/lubrimas.pe\/tienda\/aceite-de-motor\/motul-8100-eco-clean-0w20-aceite-full-sintetico\/#breadcrumb","itemListElement":[{"@type":"ListItem","position":1,"name":"Portada","item":"https:\/\/lubrimas.pe\/tienda\/"},{"@type":"ListItem","position":2,"name":"Cat\u00e1logo","item":"https:\/\/lubrimas.pe\/tienda\/productos\/"},{"@type":"ListItem","position":3,"name":"MOTUL 8100 ECO-CLEAN 0W20 &#8211; Aceite Full Sint\u00e9tico"}]},{"@type":"WebSite","@id":"https:\/\/lubrimas.pe\/tienda\/#website","url":"https:\/\/lubrimas.pe\/tienda\/","name":"Lubrimas.pe | Tienda Online","description":"Tus lubricantes favoritos al mejor precio!","publisher":{"@id":"https:\/\/lubrimas.pe\/tienda\/#organization"},"potentialAction":[{"@type":"SearchAction","target":{"@type":"EntryPoint","urlTemplate":"https:\/\/lubrimas.pe\/tienda\/?s={search_term_string}"},"query-input":{"@type":"PropertyValueSpecification","valueRequired":true,"valueName":"search_term_string"}}],"inLanguage":"es"},{"@type":"Organization","@id":"https:\/\/lubrimas.pe\/tienda\/#organization","name":"Lubrimas.pe","url":"https:\/\/lubrimas.pe\/tienda\/","logo":{"@type":"ImageObject","inLanguage":"es","@id":"https:\/\/lubrimas.pe\/tienda\/#\/schema\/logo\/image\/","url":"https:\/\/lubrimas.pe\/tienda\/wp-content\/uploads\/sites\/3\/2022\/07\/BANNERS-PROMO-CYBER-WOW-LUBRIMASPE-2022-07.webp","contentUrl":"https:\/\/lubrimas.pe\/tienda\/wp-content\/uploads\/sites\/3\/2022\/07\/BANNERS-PROMO-CYBER-WOW-LUBRIMASPE-2022-07.webp","width":500,"height":752,"caption":"Lubrimas.pe"},"image":{"@id":"https:\/\/lubrimas.pe\/tienda\/#\/schema\/logo\/image\/"}}]}},"_links":{"self":[{"href":"https:\/\/lubrimas.pe\/tienda\/wp-json\/wp\/v2\/product\/15208","targetHints":{"allow":["GET"]}}],"collection":[{"href":"https:\/\/lubrimas.pe\/tienda\/wp-json\/wp\/v2\/product"}],"about":[{"href":"https:\/\/lubrimas.pe\/tienda\/wp-json\/wp\/v2\/types\/product"}],"wp:featuredmedia":[{"embeddable":true,"href":"https:\/\/lubrimas.pe\/tienda\/wp-json\/wp\/v2\/media\/15210"}],"wp:attachment":[{"href":"https:\/\/lubrimas.pe\/tienda\/wp-json\/wp\/v2\/media?parent=15208"}],"wp:term":[{"taxonomy":"product_brand","embeddable":true,"href":"https:\/\/lubrimas.pe\/tienda\/wp-json\/wp\/v2\/product_brand?post=15208"},{"taxonomy":"product_cat","embeddable":true,"href":"https:\/\/lubrimas.pe\/tienda\/wp-json\/wp\/v2\/product_cat?post=15208"},{"taxonomy":"product_tag","embeddable":true,"href":"https:\/\/lubrimas.pe\/tienda\/wp-json\/wp\/v2\/product_tag?post=15208"}],"curies":[{"name":"wp","href":"https:\/\/api.w.org\/{rel}","templated":true}]}}