{"id":15220,"date":"2026-01-13T13:30:35","date_gmt":"2026-01-13T18:30:35","guid":{"rendered":"https:\/\/lubrimas.pe\/tienda\/?post_type=product&#038;p=15220"},"modified":"2026-01-13T13:51:22","modified_gmt":"2026-01-13T18:51:22","slug":"frenosa-dot-4-liquido-de-frenos","status":"publish","type":"product","link":"https:\/\/lubrimas.pe\/tienda\/aditivos\/frenosa-dot-4-liquido-de-frenos\/","title":{"rendered":"FRENOSA DOT-4 L\u00edquido de Frenos"},"content":{"rendered":"<p data-start=\"278\" data-end=\"600\"><strong>FRENOSA DOT-4<\/strong> es un l\u00edquido de freno de alto rendimiento dise\u00f1ado para sistemas de frenos hidr\u00e1ulicos de veh\u00edculos livianos, comerciales y motocicletas. Formulado para ofrecer alta resistencia a la temperatura y excelente estabilidad bajo condiciones severas de frenado, garantizando respuesta y seguridad \u00f3ptimas.<\/p>\n<h5 data-start=\"278\" data-end=\"600\"><strong data-start=\"614\" data-end=\"645\">CARACTER\u00cdSTICAS PRINCIPALES<\/strong><\/h5>\n<ul data-start=\"647\" data-end=\"1068\">\n<li data-start=\"647\" data-end=\"785\"><strong data-start=\"653\" data-end=\"682\">Punto de ebullici\u00f3n alto:<\/strong> dise\u00f1ado para mantener su eficacia incluso bajo usos exigentes donde se generan altas temperaturas en el sistema de frenos.<\/li>\n<li data-start=\"647\" data-end=\"785\"><strong data-start=\"811\" data-end=\"849\">Compatible con sistemas ABS y ESP:<\/strong> adecuado para veh\u00edculos modernos con sistemas de asistencia electr\u00f3nica de frenado.<\/li>\n<li data-start=\"647\" data-end=\"785\"><strong data-start=\"938\" data-end=\"968\">Baja absorci\u00f3n de humedad:<\/strong> mantiene su rendimiento y reduce la degradaci\u00f3n con el tiempo.<\/li>\n<li data-start=\"647\" data-end=\"785\"><strong data-start=\"1036\" data-end=\"1063\">F\u00f3rmula anti-corrosi\u00f3n:<\/strong> protege las partes internas del sistema de frenos (bombas, cilindros, l\u00edneas) contra oxidaci\u00f3n y desgaste.<\/li>\n<\/ul>\n","protected":false},"excerpt":{"rendered":"<p>FRENOSA DOT-4 es un l\u00edquido de freno de alto rendimiento dise\u00f1ado para sistemas de frenos hidr\u00e1ulicos de veh\u00edculos livianos, comerciales y motocicletas. Formulado para ofrecer alta resistencia a la temperatura<\/p>\n","protected":false},"featured_media":15224,"template":"","meta":[],"product_brand":[],"product_cat":[152,407],"product_tag":[],"class_list":{"0":"post-15220","1":"product","2":"type-product","3":"status-publish","4":"has-post-thumbnail","6":"product_cat-aditivos","7":"product_cat-frenos","8":"pa_marca-frenosa","10":"first","11":"instock","12":"shipping-taxable","13":"purchasable","14":"product-type-variable"},"yoast_head":"<!-- This site is optimized with the Yoast SEO plugin v27.4 - https:\/\/yoast.com\/product\/yoast-seo-wordpress\/ -->\n<title>FRENOSA DOT-4 L\u00edquido de Frenos | Lubrimas.pe | Tienda Online<\/title>\n<meta name=\"robots\" content=\"index, follow, max-snippet:-1, max-image-preview:large, max-video-preview:-1\" \/>\n<link rel=\"canonical\" href=\"https:\/\/lubrimas.pe\/tienda\/aditivos\/frenosa-dot-4-liquido-de-frenos\/\" \/>\n<meta property=\"og:locale\" content=\"es_ES\" \/>\n<meta property=\"og:type\" content=\"article\" \/>\n<meta property=\"og:title\" content=\"FRENOSA DOT-4 L\u00edquido de Frenos | Lubrimas.pe | Tienda Online\" \/>\n<meta property=\"og:description\" content=\"FRENOSA DOT-4 es un l\u00edquido de freno de alto rendimiento dise\u00f1ado para sistemas de frenos hidr\u00e1ulicos de veh\u00edculos livianos, comerciales y motocicletas. Formulado para ofrecer alta resistencia a la temperatura\" \/>\n<meta property=\"og:url\" content=\"https:\/\/lubrimas.pe\/tienda\/aditivos\/frenosa-dot-4-liquido-de-frenos\/\" \/>\n<meta property=\"og:site_name\" content=\"Lubrimas.pe | Tienda Online\" \/>\n<meta property=\"article:modified_time\" content=\"2026-01-13T18:51:22+00:00\" \/>\n<meta property=\"og:image\" content=\"https:\/\/lubrimas.pe\/tienda\/wp-content\/uploads\/sites\/3\/2026\/01\/FRENOSA-DOT-4-12-oz.webp\" \/>\n\t<meta property=\"og:image:width\" content=\"1771\" \/>\n\t<meta property=\"og:image:height\" content=\"2083\" \/>\n\t<meta property=\"og:image:type\" content=\"image\/webp\" \/>\n<meta name=\"twitter:card\" content=\"summary_large_image\" \/>\n<meta name=\"twitter:label1\" content=\"Tiempo de lectura\" \/>\n\t<meta name=\"twitter:data1\" content=\"1 minuto\" \/>\n<script type=\"application\/ld+json\" class=\"yoast-schema-graph\">{\"@context\":\"https:\\\/\\\/schema.org\",\"@graph\":[{\"@type\":[\"WebPage\",\"ItemPage\"],\"@id\":\"https:\\\/\\\/lubrimas.pe\\\/tienda\\\/aditivos\\\/frenosa-dot-4-liquido-de-frenos\\\/\",\"url\":\"https:\\\/\\\/lubrimas.pe\\\/tienda\\\/aditivos\\\/frenosa-dot-4-liquido-de-frenos\\\/\",\"name\":\"FRENOSA DOT-4 L\u00edquido de Frenos | Lubrimas.pe | Tienda Online\",\"isPartOf\":{\"@id\":\"https:\\\/\\\/lubrimas.pe\\\/tienda\\\/#website\"},\"primaryImageOfPage\":{\"@id\":\"https:\\\/\\\/lubrimas.pe\\\/tienda\\\/aditivos\\\/frenosa-dot-4-liquido-de-frenos\\\/#primaryimage\"},\"image\":{\"@id\":\"https:\\\/\\\/lubrimas.pe\\\/tienda\\\/aditivos\\\/frenosa-dot-4-liquido-de-frenos\\\/#primaryimage\"},\"thumbnailUrl\":\"https:\\\/\\\/lubrimas.pe\\\/tienda\\\/wp-content\\\/uploads\\\/sites\\\/3\\\/2026\\\/01\\\/FRENOSA-DOT-4-12-oz.webp\",\"datePublished\":\"2026-01-13T18:30:35+00:00\",\"dateModified\":\"2026-01-13T18:51:22+00:00\",\"breadcrumb\":{\"@id\":\"https:\\\/\\\/lubrimas.pe\\\/tienda\\\/aditivos\\\/frenosa-dot-4-liquido-de-frenos\\\/#breadcrumb\"},\"inLanguage\":\"es\",\"potentialAction\":[{\"@type\":\"ReadAction\",\"target\":[\"https:\\\/\\\/lubrimas.pe\\\/tienda\\\/aditivos\\\/frenosa-dot-4-liquido-de-frenos\\\/\"]}]},{\"@type\":\"ImageObject\",\"inLanguage\":\"es\",\"@id\":\"https:\\\/\\\/lubrimas.pe\\\/tienda\\\/aditivos\\\/frenosa-dot-4-liquido-de-frenos\\\/#primaryimage\",\"url\":\"https:\\\/\\\/lubrimas.pe\\\/tienda\\\/wp-content\\\/uploads\\\/sites\\\/3\\\/2026\\\/01\\\/FRENOSA-DOT-4-12-oz.webp\",\"contentUrl\":\"https:\\\/\\\/lubrimas.pe\\\/tienda\\\/wp-content\\\/uploads\\\/sites\\\/3\\\/2026\\\/01\\\/FRENOSA-DOT-4-12-oz.webp\",\"width\":1771,\"height\":2083},{\"@type\":\"BreadcrumbList\",\"@id\":\"https:\\\/\\\/lubrimas.pe\\\/tienda\\\/aditivos\\\/frenosa-dot-4-liquido-de-frenos\\\/#breadcrumb\",\"itemListElement\":[{\"@type\":\"ListItem\",\"position\":1,\"name\":\"Portada\",\"item\":\"https:\\\/\\\/lubrimas.pe\\\/tienda\\\/\"},{\"@type\":\"ListItem\",\"position\":2,\"name\":\"Cat\u00e1logo\",\"item\":\"https:\\\/\\\/lubrimas.pe\\\/tienda\\\/productos\\\/\"},{\"@type\":\"ListItem\",\"position\":3,\"name\":\"FRENOSA DOT-4 L\u00edquido de Frenos\"}]},{\"@type\":\"WebSite\",\"@id\":\"https:\\\/\\\/lubrimas.pe\\\/tienda\\\/#website\",\"url\":\"https:\\\/\\\/lubrimas.pe\\\/tienda\\\/\",\"name\":\"Lubrimas.pe | Tienda Online\",\"description\":\"Tus lubricantes favoritos al mejor precio!\",\"publisher\":{\"@id\":\"https:\\\/\\\/lubrimas.pe\\\/tienda\\\/#organization\"},\"potentialAction\":[{\"@type\":\"SearchAction\",\"target\":{\"@type\":\"EntryPoint\",\"urlTemplate\":\"https:\\\/\\\/lubrimas.pe\\\/tienda\\\/?s={search_term_string}\"},\"query-input\":{\"@type\":\"PropertyValueSpecification\",\"valueRequired\":true,\"valueName\":\"search_term_string\"}}],\"inLanguage\":\"es\"},{\"@type\":\"Organization\",\"@id\":\"https:\\\/\\\/lubrimas.pe\\\/tienda\\\/#organization\",\"name\":\"Lubrimas.pe\",\"url\":\"https:\\\/\\\/lubrimas.pe\\\/tienda\\\/\",\"logo\":{\"@type\":\"ImageObject\",\"inLanguage\":\"es\",\"@id\":\"https:\\\/\\\/lubrimas.pe\\\/tienda\\\/#\\\/schema\\\/logo\\\/image\\\/\",\"url\":\"https:\\\/\\\/lubrimas.pe\\\/tienda\\\/wp-content\\\/uploads\\\/sites\\\/3\\\/2022\\\/07\\\/BANNERS-PROMO-CYBER-WOW-LUBRIMASPE-2022-07.webp\",\"contentUrl\":\"https:\\\/\\\/lubrimas.pe\\\/tienda\\\/wp-content\\\/uploads\\\/sites\\\/3\\\/2022\\\/07\\\/BANNERS-PROMO-CYBER-WOW-LUBRIMASPE-2022-07.webp\",\"width\":500,\"height\":752,\"caption\":\"Lubrimas.pe\"},\"image\":{\"@id\":\"https:\\\/\\\/lubrimas.pe\\\/tienda\\\/#\\\/schema\\\/logo\\\/image\\\/\"}}]}<\/script>\n<!-- \/ Yoast SEO plugin. -->","yoast_head_json":{"title":"FRENOSA DOT-4 L\u00edquido de Frenos | Lubrimas.pe | Tienda Online","robots":{"index":"index","follow":"follow","max-snippet":"max-snippet:-1","max-image-preview":"max-image-preview:large","max-video-preview":"max-video-preview:-1"},"canonical":"https:\/\/lubrimas.pe\/tienda\/aditivos\/frenosa-dot-4-liquido-de-frenos\/","og_locale":"es_ES","og_type":"article","og_title":"FRENOSA DOT-4 L\u00edquido de Frenos | Lubrimas.pe | Tienda Online","og_description":"FRENOSA DOT-4 es un l\u00edquido de freno de alto rendimiento dise\u00f1ado para sistemas de frenos hidr\u00e1ulicos de veh\u00edculos livianos, comerciales y motocicletas. Formulado para ofrecer alta resistencia a la temperatura","og_url":"https:\/\/lubrimas.pe\/tienda\/aditivos\/frenosa-dot-4-liquido-de-frenos\/","og_site_name":"Lubrimas.pe | Tienda Online","article_modified_time":"2026-01-13T18:51:22+00:00","og_image":[{"width":1771,"height":2083,"url":"https:\/\/lubrimas.pe\/tienda\/wp-content\/uploads\/sites\/3\/2026\/01\/FRENOSA-DOT-4-12-oz.webp","type":"image\/webp"}],"twitter_card":"summary_large_image","twitter_misc":{"Tiempo de lectura":"1 minuto"},"schema":{"@context":"https:\/\/schema.org","@graph":[{"@type":["WebPage","ItemPage"],"@id":"https:\/\/lubrimas.pe\/tienda\/aditivos\/frenosa-dot-4-liquido-de-frenos\/","url":"https:\/\/lubrimas.pe\/tienda\/aditivos\/frenosa-dot-4-liquido-de-frenos\/","name":"FRENOSA DOT-4 L\u00edquido de Frenos | Lubrimas.pe | Tienda Online","isPartOf":{"@id":"https:\/\/lubrimas.pe\/tienda\/#website"},"primaryImageOfPage":{"@id":"https:\/\/lubrimas.pe\/tienda\/aditivos\/frenosa-dot-4-liquido-de-frenos\/#primaryimage"},"image":{"@id":"https:\/\/lubrimas.pe\/tienda\/aditivos\/frenosa-dot-4-liquido-de-frenos\/#primaryimage"},"thumbnailUrl":"https:\/\/lubrimas.pe\/tienda\/wp-content\/uploads\/sites\/3\/2026\/01\/FRENOSA-DOT-4-12-oz.webp","datePublished":"2026-01-13T18:30:35+00:00","dateModified":"2026-01-13T18:51:22+00:00","breadcrumb":{"@id":"https:\/\/lubrimas.pe\/tienda\/aditivos\/frenosa-dot-4-liquido-de-frenos\/#breadcrumb"},"inLanguage":"es","potentialAction":[{"@type":"ReadAction","target":["https:\/\/lubrimas.pe\/tienda\/aditivos\/frenosa-dot-4-liquido-de-frenos\/"]}]},{"@type":"ImageObject","inLanguage":"es","@id":"https:\/\/lubrimas.pe\/tienda\/aditivos\/frenosa-dot-4-liquido-de-frenos\/#primaryimage","url":"https:\/\/lubrimas.pe\/tienda\/wp-content\/uploads\/sites\/3\/2026\/01\/FRENOSA-DOT-4-12-oz.webp","contentUrl":"https:\/\/lubrimas.pe\/tienda\/wp-content\/uploads\/sites\/3\/2026\/01\/FRENOSA-DOT-4-12-oz.webp","width":1771,"height":2083},{"@type":"BreadcrumbList","@id":"https:\/\/lubrimas.pe\/tienda\/aditivos\/frenosa-dot-4-liquido-de-frenos\/#breadcrumb","itemListElement":[{"@type":"ListItem","position":1,"name":"Portada","item":"https:\/\/lubrimas.pe\/tienda\/"},{"@type":"ListItem","position":2,"name":"Cat\u00e1logo","item":"https:\/\/lubrimas.pe\/tienda\/productos\/"},{"@type":"ListItem","position":3,"name":"FRENOSA DOT-4 L\u00edquido de Frenos"}]},{"@type":"WebSite","@id":"https:\/\/lubrimas.pe\/tienda\/#website","url":"https:\/\/lubrimas.pe\/tienda\/","name":"Lubrimas.pe | Tienda Online","description":"Tus lubricantes favoritos al mejor precio!","publisher":{"@id":"https:\/\/lubrimas.pe\/tienda\/#organization"},"potentialAction":[{"@type":"SearchAction","target":{"@type":"EntryPoint","urlTemplate":"https:\/\/lubrimas.pe\/tienda\/?s={search_term_string}"},"query-input":{"@type":"PropertyValueSpecification","valueRequired":true,"valueName":"search_term_string"}}],"inLanguage":"es"},{"@type":"Organization","@id":"https:\/\/lubrimas.pe\/tienda\/#organization","name":"Lubrimas.pe","url":"https:\/\/lubrimas.pe\/tienda\/","logo":{"@type":"ImageObject","inLanguage":"es","@id":"https:\/\/lubrimas.pe\/tienda\/#\/schema\/logo\/image\/","url":"https:\/\/lubrimas.pe\/tienda\/wp-content\/uploads\/sites\/3\/2022\/07\/BANNERS-PROMO-CYBER-WOW-LUBRIMASPE-2022-07.webp","contentUrl":"https:\/\/lubrimas.pe\/tienda\/wp-content\/uploads\/sites\/3\/2022\/07\/BANNERS-PROMO-CYBER-WOW-LUBRIMASPE-2022-07.webp","width":500,"height":752,"caption":"Lubrimas.pe"},"image":{"@id":"https:\/\/lubrimas.pe\/tienda\/#\/schema\/logo\/image\/"}}]}},"_links":{"self":[{"href":"https:\/\/lubrimas.pe\/tienda\/wp-json\/wp\/v2\/product\/15220","targetHints":{"allow":["GET"]}}],"collection":[{"href":"https:\/\/lubrimas.pe\/tienda\/wp-json\/wp\/v2\/product"}],"about":[{"href":"https:\/\/lubrimas.pe\/tienda\/wp-json\/wp\/v2\/types\/product"}],"wp:featuredmedia":[{"embeddable":true,"href":"https:\/\/lubrimas.pe\/tienda\/wp-json\/wp\/v2\/media\/15224"}],"wp:attachment":[{"href":"https:\/\/lubrimas.pe\/tienda\/wp-json\/wp\/v2\/media?parent=15220"}],"wp:term":[{"taxonomy":"product_brand","embeddable":true,"href":"https:\/\/lubrimas.pe\/tienda\/wp-json\/wp\/v2\/product_brand?post=15220"},{"taxonomy":"product_cat","embeddable":true,"href":"https:\/\/lubrimas.pe\/tienda\/wp-json\/wp\/v2\/product_cat?post=15220"},{"taxonomy":"product_tag","embeddable":true,"href":"https:\/\/lubrimas.pe\/tienda\/wp-json\/wp\/v2\/product_tag?post=15220"}],"curies":[{"name":"wp","href":"https:\/\/api.w.org\/{rel}","templated":true}]}}