{"id":15232,"date":"2026-01-13T15:39:54","date_gmt":"2026-01-13T20:39:54","guid":{"rendered":"https:\/\/lubrimas.pe\/tienda\/?post_type=product&#038;p=15232"},"modified":"2026-01-13T16:07:46","modified_gmt":"2026-01-13T21:07:46","slug":"motul-dot-4-3-liquido-de-frenos","status":"publish","type":"product","link":"https:\/\/lubrimas.pe\/tienda\/aditivos\/motul-dot-4-3-liquido-de-frenos\/","title":{"rendered":"MOTUL DOT 4 &#038; 3 LIQUIDO DE FRENOS"},"content":{"rendered":"<p><strong>Motul DOT 4 &amp; DOT 3<\/strong> es un l\u00edquido de frenos hidr\u00e1ulico dise\u00f1ado para sistemas de frenado que requieren fluidos con especificaciones <em data-start=\"405\" data-end=\"412\">DOT 3<\/em> o <em data-start=\"415\" data-end=\"422\">DOT 4<\/em>. Formulado para ofrecer alta resistencia t\u00e9rmica, excelente estabilidad y respuesta constante, incluso bajo condiciones de frenado severas. Compatible con sistemas de freno convencionales y modernos como ABS y ESP.<\/p>\n<h5><strong data-start=\"633\" data-end=\"664\">CARACTER\u00cdSTICAS PRINCIPALES<\/strong><\/h5>\n<ul>\n<li style=\"list-style-type: none;\">\n<ul>\n<li data-start=\"696\" data-end=\"822\">\n<p data-start=\"698\" data-end=\"822\"><strong data-start=\"698\" data-end=\"730\">Elevado punto de ebullici\u00f3n:<\/strong> reduce el riesgo de \u201c<em data-start=\"752\" data-end=\"760\">fading<\/em>\u201d (p\u00e9rdida de eficacia de frenado) en condiciones exigentes.<\/p>\n<\/li>\n<li data-start=\"823\" data-end=\"910\">\n<p data-start=\"825\" data-end=\"910\"><strong data-start=\"825\" data-end=\"851\">Excelente estabilidad:<\/strong> resiste la degradaci\u00f3n por calor y absorci\u00f3n de humedad.<\/p>\n<\/li>\n<li data-start=\"823\" data-end=\"910\">\n<p data-start=\"825\" data-end=\"910\"><strong data-start=\"913\" data-end=\"949\">Compatible con sistemas ABS\/ESP:<\/strong> seguro para veh\u00edculos con sistemas de asistencia electr\u00f3nica.<\/p>\n<\/li>\n<li data-start=\"823\" data-end=\"910\">\n<p data-start=\"825\" data-end=\"910\"><strong data-start=\"1016\" data-end=\"1065\">Buena lubricaci\u00f3n de componentes del sistema:<\/strong> protege bombas y pistones contra desgaste.<\/p>\n<\/li>\n<\/ul>\n<\/li>\n<\/ul>\n<h5><span style=\"font-size: 16px;\">APLICACIONES<\/span><\/h5>\n<ul>\n<li data-start=\"1434\" data-end=\"1611\">\n<p data-start=\"1436\" data-end=\"1611\">Veh\u00edculos de autos y SUV con motores de gasolina o di\u00e9sel que requieran aceite 0W-20 con especificaciones de ahorro de combustible.<\/p>\n<\/li>\n<li data-start=\"1612\" data-end=\"1716\">\n<p data-start=\"1614\" data-end=\"1716\">Motores que cumplan normativas de emisiones Euro 4, 5 y 6.<\/p>\n<\/li>\n<li data-start=\"1717\" data-end=\"1834\">\n<p data-start=\"1719\" data-end=\"1834\">Veh\u00edculos equipados con filtros de part\u00edculas y catalizadores modernos.<\/p>\n<\/li>\n<li data-start=\"1835\" data-end=\"1990\">\n<p data-start=\"1837\" data-end=\"1990\">Uso recomendado seg\u00fan manual del fabricante del veh\u00edculo para intervalos de cambio y compatibilidad espec\u00edfica.<\/p>\n<\/li>\n<\/ul>\n<blockquote><p>No mezclar con los l\u00edquidos de base mineral (LHM) y silicona (DOT 5 base silicona).<\/p><\/blockquote>\n<h5><strong>INFORMACI\u00d3N ADICIONAL<\/strong><\/h5>\n<div class=\"aditional-info-tecnical-lp\"><a href=\"https:\/\/azupim01.motul.com\/media\/motulData\/DO\/base\/dot_3_amp_4_es_co_motul_27250_20250210.pdf\" target=\"_blank\" rel=\"noopener\">FICHA T\u00c9CNICA<\/a><br \/>\n<a href=\"https:\/\/www.motul.com\/es-SV\/products\/27250?id=27250&amp;product=MOTUL+DOT+3%264\" target=\"_blank\" rel=\"noopener\">SITIO OFICIAL<\/a><\/div>\n","protected":false},"excerpt":{"rendered":"<p>Motul DOT 4 &amp; DOT 3 es un l\u00edquido de frenos hidr\u00e1ulico dise\u00f1ado para sistemas de frenado que requieren fluidos con especificaciones DOT 3 o DOT 4. Formulado para ofrecer<\/p>\n","protected":false},"featured_media":15227,"template":"","meta":[],"product_brand":[],"product_cat":[152,407],"product_tag":[],"class_list":{"0":"post-15232","1":"product","2":"type-product","3":"status-publish","4":"has-post-thumbnail","6":"product_cat-aditivos","7":"product_cat-frenos","8":"pa_marca-motul","10":"first","11":"instock","12":"shipping-taxable","13":"purchasable","14":"product-type-variable"},"yoast_head":"<!-- This site is optimized with the Yoast SEO plugin v27.4 - https:\/\/yoast.com\/product\/yoast-seo-wordpress\/ -->\n<title>MOTUL DOT 4 &amp; 3 LIQUIDO DE FRENOS | Lubrimas.pe | Tienda Online<\/title>\n<meta name=\"robots\" content=\"index, follow, max-snippet:-1, max-image-preview:large, max-video-preview:-1\" \/>\n<link rel=\"canonical\" href=\"https:\/\/lubrimas.pe\/tienda\/aditivos\/motul-dot-4-3-liquido-de-frenos\/\" \/>\n<meta property=\"og:locale\" content=\"es_ES\" \/>\n<meta property=\"og:type\" content=\"article\" \/>\n<meta property=\"og:title\" content=\"MOTUL DOT 4 &amp; 3 LIQUIDO DE FRENOS | Lubrimas.pe | Tienda Online\" \/>\n<meta property=\"og:description\" content=\"Motul DOT 4 &amp; DOT 3 es un l\u00edquido de frenos hidr\u00e1ulico dise\u00f1ado para sistemas de frenado que requieren fluidos con especificaciones DOT 3 o DOT 4. Formulado para ofrecer\" \/>\n<meta property=\"og:url\" content=\"https:\/\/lubrimas.pe\/tienda\/aditivos\/motul-dot-4-3-liquido-de-frenos\/\" \/>\n<meta property=\"og:site_name\" content=\"Lubrimas.pe | Tienda Online\" \/>\n<meta property=\"article:modified_time\" content=\"2026-01-13T21:07:46+00:00\" \/>\n<meta property=\"og:image\" content=\"https:\/\/lubrimas.pe\/tienda\/wp-content\/uploads\/sites\/3\/2026\/01\/MOTUL-DOT-4-3-LIQUIDO-DE-FRENOS.webp\" \/>\n\t<meta property=\"og:image:width\" content=\"1771\" \/>\n\t<meta property=\"og:image:height\" content=\"2083\" \/>\n\t<meta property=\"og:image:type\" content=\"image\/webp\" \/>\n<meta name=\"twitter:card\" content=\"summary_large_image\" \/>\n<meta name=\"twitter:label1\" content=\"Tiempo de lectura\" \/>\n\t<meta name=\"twitter:data1\" content=\"1 minuto\" \/>\n<script type=\"application\/ld+json\" class=\"yoast-schema-graph\">{\"@context\":\"https:\\\/\\\/schema.org\",\"@graph\":[{\"@type\":[\"WebPage\",\"ItemPage\"],\"@id\":\"https:\\\/\\\/lubrimas.pe\\\/tienda\\\/aditivos\\\/motul-dot-4-3-liquido-de-frenos\\\/\",\"url\":\"https:\\\/\\\/lubrimas.pe\\\/tienda\\\/aditivos\\\/motul-dot-4-3-liquido-de-frenos\\\/\",\"name\":\"MOTUL DOT 4 & 3 LIQUIDO DE FRENOS | Lubrimas.pe | Tienda Online\",\"isPartOf\":{\"@id\":\"https:\\\/\\\/lubrimas.pe\\\/tienda\\\/#website\"},\"primaryImageOfPage\":{\"@id\":\"https:\\\/\\\/lubrimas.pe\\\/tienda\\\/aditivos\\\/motul-dot-4-3-liquido-de-frenos\\\/#primaryimage\"},\"image\":{\"@id\":\"https:\\\/\\\/lubrimas.pe\\\/tienda\\\/aditivos\\\/motul-dot-4-3-liquido-de-frenos\\\/#primaryimage\"},\"thumbnailUrl\":\"https:\\\/\\\/lubrimas.pe\\\/tienda\\\/wp-content\\\/uploads\\\/sites\\\/3\\\/2026\\\/01\\\/MOTUL-DOT-4-3-LIQUIDO-DE-FRENOS.webp\",\"datePublished\":\"2026-01-13T20:39:54+00:00\",\"dateModified\":\"2026-01-13T21:07:46+00:00\",\"breadcrumb\":{\"@id\":\"https:\\\/\\\/lubrimas.pe\\\/tienda\\\/aditivos\\\/motul-dot-4-3-liquido-de-frenos\\\/#breadcrumb\"},\"inLanguage\":\"es\",\"potentialAction\":[{\"@type\":\"ReadAction\",\"target\":[\"https:\\\/\\\/lubrimas.pe\\\/tienda\\\/aditivos\\\/motul-dot-4-3-liquido-de-frenos\\\/\"]}]},{\"@type\":\"ImageObject\",\"inLanguage\":\"es\",\"@id\":\"https:\\\/\\\/lubrimas.pe\\\/tienda\\\/aditivos\\\/motul-dot-4-3-liquido-de-frenos\\\/#primaryimage\",\"url\":\"https:\\\/\\\/lubrimas.pe\\\/tienda\\\/wp-content\\\/uploads\\\/sites\\\/3\\\/2026\\\/01\\\/MOTUL-DOT-4-3-LIQUIDO-DE-FRENOS.webp\",\"contentUrl\":\"https:\\\/\\\/lubrimas.pe\\\/tienda\\\/wp-content\\\/uploads\\\/sites\\\/3\\\/2026\\\/01\\\/MOTUL-DOT-4-3-LIQUIDO-DE-FRENOS.webp\",\"width\":1771,\"height\":2083},{\"@type\":\"BreadcrumbList\",\"@id\":\"https:\\\/\\\/lubrimas.pe\\\/tienda\\\/aditivos\\\/motul-dot-4-3-liquido-de-frenos\\\/#breadcrumb\",\"itemListElement\":[{\"@type\":\"ListItem\",\"position\":1,\"name\":\"Portada\",\"item\":\"https:\\\/\\\/lubrimas.pe\\\/tienda\\\/\"},{\"@type\":\"ListItem\",\"position\":2,\"name\":\"Cat\u00e1logo\",\"item\":\"https:\\\/\\\/lubrimas.pe\\\/tienda\\\/productos\\\/\"},{\"@type\":\"ListItem\",\"position\":3,\"name\":\"MOTUL DOT 4 &#038; 3 LIQUIDO DE FRENOS\"}]},{\"@type\":\"WebSite\",\"@id\":\"https:\\\/\\\/lubrimas.pe\\\/tienda\\\/#website\",\"url\":\"https:\\\/\\\/lubrimas.pe\\\/tienda\\\/\",\"name\":\"Lubrimas.pe | Tienda Online\",\"description\":\"Tus lubricantes favoritos al mejor precio!\",\"publisher\":{\"@id\":\"https:\\\/\\\/lubrimas.pe\\\/tienda\\\/#organization\"},\"potentialAction\":[{\"@type\":\"SearchAction\",\"target\":{\"@type\":\"EntryPoint\",\"urlTemplate\":\"https:\\\/\\\/lubrimas.pe\\\/tienda\\\/?s={search_term_string}\"},\"query-input\":{\"@type\":\"PropertyValueSpecification\",\"valueRequired\":true,\"valueName\":\"search_term_string\"}}],\"inLanguage\":\"es\"},{\"@type\":\"Organization\",\"@id\":\"https:\\\/\\\/lubrimas.pe\\\/tienda\\\/#organization\",\"name\":\"Lubrimas.pe\",\"url\":\"https:\\\/\\\/lubrimas.pe\\\/tienda\\\/\",\"logo\":{\"@type\":\"ImageObject\",\"inLanguage\":\"es\",\"@id\":\"https:\\\/\\\/lubrimas.pe\\\/tienda\\\/#\\\/schema\\\/logo\\\/image\\\/\",\"url\":\"https:\\\/\\\/lubrimas.pe\\\/tienda\\\/wp-content\\\/uploads\\\/sites\\\/3\\\/2022\\\/07\\\/BANNERS-PROMO-CYBER-WOW-LUBRIMASPE-2022-07.webp\",\"contentUrl\":\"https:\\\/\\\/lubrimas.pe\\\/tienda\\\/wp-content\\\/uploads\\\/sites\\\/3\\\/2022\\\/07\\\/BANNERS-PROMO-CYBER-WOW-LUBRIMASPE-2022-07.webp\",\"width\":500,\"height\":752,\"caption\":\"Lubrimas.pe\"},\"image\":{\"@id\":\"https:\\\/\\\/lubrimas.pe\\\/tienda\\\/#\\\/schema\\\/logo\\\/image\\\/\"}}]}<\/script>\n<!-- \/ Yoast SEO plugin. -->","yoast_head_json":{"title":"MOTUL DOT 4 & 3 LIQUIDO DE FRENOS | Lubrimas.pe | Tienda Online","robots":{"index":"index","follow":"follow","max-snippet":"max-snippet:-1","max-image-preview":"max-image-preview:large","max-video-preview":"max-video-preview:-1"},"canonical":"https:\/\/lubrimas.pe\/tienda\/aditivos\/motul-dot-4-3-liquido-de-frenos\/","og_locale":"es_ES","og_type":"article","og_title":"MOTUL DOT 4 & 3 LIQUIDO DE FRENOS | Lubrimas.pe | Tienda Online","og_description":"Motul DOT 4 &amp; DOT 3 es un l\u00edquido de frenos hidr\u00e1ulico dise\u00f1ado para sistemas de frenado que requieren fluidos con especificaciones DOT 3 o DOT 4. Formulado para ofrecer","og_url":"https:\/\/lubrimas.pe\/tienda\/aditivos\/motul-dot-4-3-liquido-de-frenos\/","og_site_name":"Lubrimas.pe | Tienda Online","article_modified_time":"2026-01-13T21:07:46+00:00","og_image":[{"width":1771,"height":2083,"url":"https:\/\/lubrimas.pe\/tienda\/wp-content\/uploads\/sites\/3\/2026\/01\/MOTUL-DOT-4-3-LIQUIDO-DE-FRENOS.webp","type":"image\/webp"}],"twitter_card":"summary_large_image","twitter_misc":{"Tiempo de lectura":"1 minuto"},"schema":{"@context":"https:\/\/schema.org","@graph":[{"@type":["WebPage","ItemPage"],"@id":"https:\/\/lubrimas.pe\/tienda\/aditivos\/motul-dot-4-3-liquido-de-frenos\/","url":"https:\/\/lubrimas.pe\/tienda\/aditivos\/motul-dot-4-3-liquido-de-frenos\/","name":"MOTUL DOT 4 & 3 LIQUIDO DE FRENOS | Lubrimas.pe | Tienda Online","isPartOf":{"@id":"https:\/\/lubrimas.pe\/tienda\/#website"},"primaryImageOfPage":{"@id":"https:\/\/lubrimas.pe\/tienda\/aditivos\/motul-dot-4-3-liquido-de-frenos\/#primaryimage"},"image":{"@id":"https:\/\/lubrimas.pe\/tienda\/aditivos\/motul-dot-4-3-liquido-de-frenos\/#primaryimage"},"thumbnailUrl":"https:\/\/lubrimas.pe\/tienda\/wp-content\/uploads\/sites\/3\/2026\/01\/MOTUL-DOT-4-3-LIQUIDO-DE-FRENOS.webp","datePublished":"2026-01-13T20:39:54+00:00","dateModified":"2026-01-13T21:07:46+00:00","breadcrumb":{"@id":"https:\/\/lubrimas.pe\/tienda\/aditivos\/motul-dot-4-3-liquido-de-frenos\/#breadcrumb"},"inLanguage":"es","potentialAction":[{"@type":"ReadAction","target":["https:\/\/lubrimas.pe\/tienda\/aditivos\/motul-dot-4-3-liquido-de-frenos\/"]}]},{"@type":"ImageObject","inLanguage":"es","@id":"https:\/\/lubrimas.pe\/tienda\/aditivos\/motul-dot-4-3-liquido-de-frenos\/#primaryimage","url":"https:\/\/lubrimas.pe\/tienda\/wp-content\/uploads\/sites\/3\/2026\/01\/MOTUL-DOT-4-3-LIQUIDO-DE-FRENOS.webp","contentUrl":"https:\/\/lubrimas.pe\/tienda\/wp-content\/uploads\/sites\/3\/2026\/01\/MOTUL-DOT-4-3-LIQUIDO-DE-FRENOS.webp","width":1771,"height":2083},{"@type":"BreadcrumbList","@id":"https:\/\/lubrimas.pe\/tienda\/aditivos\/motul-dot-4-3-liquido-de-frenos\/#breadcrumb","itemListElement":[{"@type":"ListItem","position":1,"name":"Portada","item":"https:\/\/lubrimas.pe\/tienda\/"},{"@type":"ListItem","position":2,"name":"Cat\u00e1logo","item":"https:\/\/lubrimas.pe\/tienda\/productos\/"},{"@type":"ListItem","position":3,"name":"MOTUL DOT 4 &#038; 3 LIQUIDO DE FRENOS"}]},{"@type":"WebSite","@id":"https:\/\/lubrimas.pe\/tienda\/#website","url":"https:\/\/lubrimas.pe\/tienda\/","name":"Lubrimas.pe | Tienda Online","description":"Tus lubricantes favoritos al mejor precio!","publisher":{"@id":"https:\/\/lubrimas.pe\/tienda\/#organization"},"potentialAction":[{"@type":"SearchAction","target":{"@type":"EntryPoint","urlTemplate":"https:\/\/lubrimas.pe\/tienda\/?s={search_term_string}"},"query-input":{"@type":"PropertyValueSpecification","valueRequired":true,"valueName":"search_term_string"}}],"inLanguage":"es"},{"@type":"Organization","@id":"https:\/\/lubrimas.pe\/tienda\/#organization","name":"Lubrimas.pe","url":"https:\/\/lubrimas.pe\/tienda\/","logo":{"@type":"ImageObject","inLanguage":"es","@id":"https:\/\/lubrimas.pe\/tienda\/#\/schema\/logo\/image\/","url":"https:\/\/lubrimas.pe\/tienda\/wp-content\/uploads\/sites\/3\/2022\/07\/BANNERS-PROMO-CYBER-WOW-LUBRIMASPE-2022-07.webp","contentUrl":"https:\/\/lubrimas.pe\/tienda\/wp-content\/uploads\/sites\/3\/2022\/07\/BANNERS-PROMO-CYBER-WOW-LUBRIMASPE-2022-07.webp","width":500,"height":752,"caption":"Lubrimas.pe"},"image":{"@id":"https:\/\/lubrimas.pe\/tienda\/#\/schema\/logo\/image\/"}}]}},"_links":{"self":[{"href":"https:\/\/lubrimas.pe\/tienda\/wp-json\/wp\/v2\/product\/15232","targetHints":{"allow":["GET"]}}],"collection":[{"href":"https:\/\/lubrimas.pe\/tienda\/wp-json\/wp\/v2\/product"}],"about":[{"href":"https:\/\/lubrimas.pe\/tienda\/wp-json\/wp\/v2\/types\/product"}],"wp:featuredmedia":[{"embeddable":true,"href":"https:\/\/lubrimas.pe\/tienda\/wp-json\/wp\/v2\/media\/15227"}],"wp:attachment":[{"href":"https:\/\/lubrimas.pe\/tienda\/wp-json\/wp\/v2\/media?parent=15232"}],"wp:term":[{"taxonomy":"product_brand","embeddable":true,"href":"https:\/\/lubrimas.pe\/tienda\/wp-json\/wp\/v2\/product_brand?post=15232"},{"taxonomy":"product_cat","embeddable":true,"href":"https:\/\/lubrimas.pe\/tienda\/wp-json\/wp\/v2\/product_cat?post=15232"},{"taxonomy":"product_tag","embeddable":true,"href":"https:\/\/lubrimas.pe\/tienda\/wp-json\/wp\/v2\/product_tag?post=15232"}],"curies":[{"name":"wp","href":"https:\/\/api.w.org\/{rel}","templated":true}]}}