{"id":15264,"date":"2026-01-29T08:55:15","date_gmt":"2026-01-29T13:55:15","guid":{"rendered":"https:\/\/lubrimas.pe\/tienda\/?post_type=product&#038;p=15264"},"modified":"2026-04-24T11:17:43","modified_gmt":"2026-04-24T16:17:43","slug":"aceite-motor-liqui-moly-molygen-5w20-sintetico","status":"publish","type":"product","link":"https:\/\/lubrimas.pe\/tienda\/aceite-de-motor\/aceite-motor-liqui-moly-molygen-5w20-sintetico\/","title":{"rendered":"LIQUI MOLY MOLYGEN NEW GENERATION 5w20 &#8211; Aceite de Motor"},"content":{"rendered":"<p><strong data-start=\"1154\" data-end=\"1197\">Liqui Moly Molygen New Generation 5W-20<\/strong> es un aceite antifricci\u00f3n de alto rendimiento para motores para utilizar durante todo el a\u00f1o. La combinaci\u00f3n de aceites b\u00e1sicos no convencionales con la tecnolog\u00eda de aditivos m\u00e1s avanzada, as\u00ed como con el aditivo especial Molygen, garantiza un aceite de motor de baja viscosidad y alta resistencia al cizallamiento que evita de forma segura que se formen dep\u00f3sitos, disminuye la p\u00e9rdida de potencia del motor por rozamiento y proporciona una protecci\u00f3n \u00f3ptima contra el desgaste. Ello reduce el consumo de combustible a la vez que prolonga la vida \u00fatil del motor.<\/p>\n<p>Id\u00f3neo para modernos motores de gasolina asi\u00e1ticos y americanos con tecnolog\u00eda multiv\u00e1lvulas, turbocompresi\u00f3n y con y sin refrigeraci\u00f3n del aire de sobrealimentaci\u00f3n. Para proteger el motor y mantener su valor en caso de intervalos de cambio de aceite prolongados y altas exigencias al motor.<\/p>\n<h5 class=\"type\"><strong>CARACTER\u00cdSTICAS PRINCIPALES<\/strong><\/h5>\n<ul class=\"check-list\">\n<li style=\"list-style-type: none;\">\n<ul class=\"check-list\">\n<li class=\"value\">funcionamiento suave del motor<\/li>\n<li class=\"value\">presi\u00f3n de aceite \u00f3ptima bajo todas las condiciones de servicio<\/li>\n<li class=\"value\">larga vida \u00fatil del motor<\/li>\n<li class=\"value\">reduce la emisi\u00f3n de contaminantes<\/li>\n<li class=\"value\">probado en turbocompresores y catalizadores<\/li>\n<li class=\"value\">excelente protecci\u00f3n contra el desgaste<\/li>\n<li class=\"value\">alta seguridad de lubricaci\u00f3n<\/li>\n<li class=\"value\">excelente limpieza del motor<\/li>\n<li>r\u00e1pida alimentaci\u00f3n de aceite con temperaturas bajas<\/li>\n<li>\u00f3ptima resistencia al envejecimiento<\/li>\n<li>excelente comportamiento con temperaturas bajas<\/li>\n<li>disminuye el consumo de combustible<\/li>\n<li>se puede mezclar con lo<\/li>\n<\/ul>\n<\/li>\n<\/ul>\n<blockquote><p>Se han de cumplir las instrucciones de uso de los fabricantes de autom\u00f3viles y de motores. Apto para mezclar con todos los aceites del motor de uso corriente. La eficacia completa solamente se garantiza en el uso sin mezclar.<\/p><\/blockquote>\n<h5><strong>APROBACIONES\u00a0<\/strong><\/h5>\n<p>API SQ, ILSAC GF-7A<\/p>\n<h5><strong>ESPECIFICACIONES OEM<\/strong><\/h5>\n<p>Chrysler MS-6395, Daihatsu, Fiat 9.55535-CR1, Ford WSS-M2C 930-A, Ford WSS-M2C 945-A, Ford WSS-M2C 945-B1, Ford WSS-M2C 960-A1, GM 6094 M, GM dexos1 Gen 3, Honda, Hyundai, Kia, Mazda, Mitsubishi, Mitsubishi Dia Queen, Nissan, Subaru, Toyota<\/p>\n<h5><strong>INFORMACI\u00d3N ADICIONAL<\/strong><\/h5>\n<div class=\"aditional-info-tecnical-lp\"><a href=\"https:\/\/lubrimas.pe\/tienda\/wp-content\/uploads\/sites\/3\/2026\/01\/LubriMas-Ficha-Tecnica-\u2013-Aceite-Liqui-Moly-Molygen-5W20-Sintetico.pdf\">FICHA T\u00c9CNICA<\/a><br \/>\n<a href=\"https:\/\/www.liqui-moly.com\/es\/molygen-new-generation-5w-20-p003693.html?srsltid=AfmBOooEh1r_FggrOTKi3CyNo_5EUNY0-bQUYDZb8muEaoF6exCGjaRB#8539\" target=\"_blank\" rel=\"noopener\">SITIO OFICIAL<\/a><\/div>\n<p>&nbsp;<\/p>\n","protected":false},"excerpt":{"rendered":"<p>Liqui Moly Molygen New Generation 5W-20 es un aceite antifricci\u00f3n de alto rendimiento para motores para utilizar durante todo el a\u00f1o. La combinaci\u00f3n de aceites b\u00e1sicos no convencionales con la<\/p>\n","protected":false},"featured_media":15266,"template":"","meta":[],"product_brand":[],"product_cat":[16,22],"product_tag":[],"class_list":{"0":"post-15264","1":"product","2":"type-product","3":"status-publish","4":"has-post-thumbnail","6":"product_cat-aceite-de-motor","7":"product_cat-motor-gasolina-gas","8":"pa_especificaciones-ilsac-gf-7a","9":"pa_grado-5w20","10":"pa_marca-liquimoly","12":"first","13":"instock","14":"shipping-taxable","15":"purchasable","16":"product-type-variable","17":"has-default-attributes"},"yoast_head":"<!-- This site is optimized with the Yoast SEO plugin v27.4 - https:\/\/yoast.com\/product\/yoast-seo-wordpress\/ -->\n<title>LIQUI MOLY MOLYGEN NEW GENERATION 5w20 - Aceite de Motor | Lubrimas.pe | Tienda Online<\/title>\n<meta name=\"description\" content=\"Aceite Liqui Moly Molygen 5W20 100% sint\u00e9tico. M\u00e1xima protecci\u00f3n y rendimiento para tu motor. Compra online con env\u00edos r\u00e1pidos a todo el Per\u00fa.\" \/>\n<meta name=\"robots\" content=\"index, follow, max-snippet:-1, max-image-preview:large, max-video-preview:-1\" \/>\n<link rel=\"canonical\" href=\"https:\/\/lubrimas.pe\/tienda\/aceite-de-motor\/aceite-motor-liqui-moly-molygen-5w20-sintetico\/\" \/>\n<meta property=\"og:locale\" content=\"es_ES\" \/>\n<meta property=\"og:type\" content=\"article\" \/>\n<meta property=\"og:title\" content=\"LIQUI MOLY MOLYGEN NEW GENERATION 5w20 - Aceite de Motor | Lubrimas.pe | Tienda Online\" \/>\n<meta property=\"og:description\" content=\"Aceite Liqui Moly Molygen 5W20 100% sint\u00e9tico. M\u00e1xima protecci\u00f3n y rendimiento para tu motor. Compra online con env\u00edos r\u00e1pidos a todo el Per\u00fa.\" \/>\n<meta property=\"og:url\" content=\"https:\/\/lubrimas.pe\/tienda\/aceite-de-motor\/aceite-motor-liqui-moly-molygen-5w20-sintetico\/\" \/>\n<meta property=\"og:site_name\" content=\"Lubrimas.pe | Tienda Online\" \/>\n<meta property=\"article:modified_time\" content=\"2026-04-24T16:17:43+00:00\" \/>\n<meta property=\"og:image\" content=\"https:\/\/lubrimas.pe\/tienda\/wp-content\/uploads\/sites\/3\/2026\/01\/LIQUI-MOLY-MOLYGEN-5W30.webp\" \/>\n\t<meta property=\"og:image:width\" content=\"1771\" \/>\n\t<meta property=\"og:image:height\" content=\"2083\" \/>\n\t<meta property=\"og:image:type\" content=\"image\/webp\" \/>\n<meta name=\"twitter:card\" content=\"summary_large_image\" \/>\n<meta name=\"twitter:label1\" content=\"Tiempo de lectura\" \/>\n\t<meta name=\"twitter:data1\" content=\"2 minutos\" \/>\n<script type=\"application\/ld+json\" class=\"yoast-schema-graph\">{\"@context\":\"https:\\\/\\\/schema.org\",\"@graph\":[{\"@type\":[\"WebPage\",\"ItemPage\"],\"@id\":\"https:\\\/\\\/lubrimas.pe\\\/tienda\\\/aceite-de-motor\\\/aceite-motor-liqui-moly-molygen-5w20-sintetico\\\/\",\"url\":\"https:\\\/\\\/lubrimas.pe\\\/tienda\\\/aceite-de-motor\\\/aceite-motor-liqui-moly-molygen-5w20-sintetico\\\/\",\"name\":\"LIQUI MOLY MOLYGEN NEW GENERATION 5w20 - Aceite de Motor | Lubrimas.pe | Tienda Online\",\"isPartOf\":{\"@id\":\"https:\\\/\\\/lubrimas.pe\\\/tienda\\\/#website\"},\"primaryImageOfPage\":{\"@id\":\"https:\\\/\\\/lubrimas.pe\\\/tienda\\\/aceite-de-motor\\\/aceite-motor-liqui-moly-molygen-5w20-sintetico\\\/#primaryimage\"},\"image\":{\"@id\":\"https:\\\/\\\/lubrimas.pe\\\/tienda\\\/aceite-de-motor\\\/aceite-motor-liqui-moly-molygen-5w20-sintetico\\\/#primaryimage\"},\"thumbnailUrl\":\"https:\\\/\\\/lubrimas.pe\\\/tienda\\\/wp-content\\\/uploads\\\/sites\\\/3\\\/2026\\\/01\\\/LIQUI-MOLY-MOLYGEN-5W30.webp\",\"datePublished\":\"2026-01-29T13:55:15+00:00\",\"dateModified\":\"2026-04-24T16:17:43+00:00\",\"description\":\"Aceite Liqui Moly Molygen 5W20 100% sint\u00e9tico. M\u00e1xima protecci\u00f3n y rendimiento para tu motor. Compra online con env\u00edos r\u00e1pidos a todo el Per\u00fa.\",\"breadcrumb\":{\"@id\":\"https:\\\/\\\/lubrimas.pe\\\/tienda\\\/aceite-de-motor\\\/aceite-motor-liqui-moly-molygen-5w20-sintetico\\\/#breadcrumb\"},\"inLanguage\":\"es\",\"potentialAction\":[{\"@type\":\"ReadAction\",\"target\":[\"https:\\\/\\\/lubrimas.pe\\\/tienda\\\/aceite-de-motor\\\/aceite-motor-liqui-moly-molygen-5w20-sintetico\\\/\"]}]},{\"@type\":\"ImageObject\",\"inLanguage\":\"es\",\"@id\":\"https:\\\/\\\/lubrimas.pe\\\/tienda\\\/aceite-de-motor\\\/aceite-motor-liqui-moly-molygen-5w20-sintetico\\\/#primaryimage\",\"url\":\"https:\\\/\\\/lubrimas.pe\\\/tienda\\\/wp-content\\\/uploads\\\/sites\\\/3\\\/2026\\\/01\\\/LIQUI-MOLY-MOLYGEN-5W30.webp\",\"contentUrl\":\"https:\\\/\\\/lubrimas.pe\\\/tienda\\\/wp-content\\\/uploads\\\/sites\\\/3\\\/2026\\\/01\\\/LIQUI-MOLY-MOLYGEN-5W30.webp\",\"width\":1771,\"height\":2083},{\"@type\":\"BreadcrumbList\",\"@id\":\"https:\\\/\\\/lubrimas.pe\\\/tienda\\\/aceite-de-motor\\\/aceite-motor-liqui-moly-molygen-5w20-sintetico\\\/#breadcrumb\",\"itemListElement\":[{\"@type\":\"ListItem\",\"position\":1,\"name\":\"Portada\",\"item\":\"https:\\\/\\\/lubrimas.pe\\\/tienda\\\/\"},{\"@type\":\"ListItem\",\"position\":2,\"name\":\"Cat\u00e1logo\",\"item\":\"https:\\\/\\\/lubrimas.pe\\\/tienda\\\/productos\\\/\"},{\"@type\":\"ListItem\",\"position\":3,\"name\":\"LIQUI MOLY MOLYGEN NEW GENERATION 5w20 &#8211; Aceite de Motor\"}]},{\"@type\":\"WebSite\",\"@id\":\"https:\\\/\\\/lubrimas.pe\\\/tienda\\\/#website\",\"url\":\"https:\\\/\\\/lubrimas.pe\\\/tienda\\\/\",\"name\":\"Lubrimas.pe | Tienda Online\",\"description\":\"Tus lubricantes favoritos al mejor precio!\",\"publisher\":{\"@id\":\"https:\\\/\\\/lubrimas.pe\\\/tienda\\\/#organization\"},\"potentialAction\":[{\"@type\":\"SearchAction\",\"target\":{\"@type\":\"EntryPoint\",\"urlTemplate\":\"https:\\\/\\\/lubrimas.pe\\\/tienda\\\/?s={search_term_string}\"},\"query-input\":{\"@type\":\"PropertyValueSpecification\",\"valueRequired\":true,\"valueName\":\"search_term_string\"}}],\"inLanguage\":\"es\"},{\"@type\":\"Organization\",\"@id\":\"https:\\\/\\\/lubrimas.pe\\\/tienda\\\/#organization\",\"name\":\"Lubrimas.pe\",\"url\":\"https:\\\/\\\/lubrimas.pe\\\/tienda\\\/\",\"logo\":{\"@type\":\"ImageObject\",\"inLanguage\":\"es\",\"@id\":\"https:\\\/\\\/lubrimas.pe\\\/tienda\\\/#\\\/schema\\\/logo\\\/image\\\/\",\"url\":\"https:\\\/\\\/lubrimas.pe\\\/tienda\\\/wp-content\\\/uploads\\\/sites\\\/3\\\/2022\\\/07\\\/BANNERS-PROMO-CYBER-WOW-LUBRIMASPE-2022-07.webp\",\"contentUrl\":\"https:\\\/\\\/lubrimas.pe\\\/tienda\\\/wp-content\\\/uploads\\\/sites\\\/3\\\/2022\\\/07\\\/BANNERS-PROMO-CYBER-WOW-LUBRIMASPE-2022-07.webp\",\"width\":500,\"height\":752,\"caption\":\"Lubrimas.pe\"},\"image\":{\"@id\":\"https:\\\/\\\/lubrimas.pe\\\/tienda\\\/#\\\/schema\\\/logo\\\/image\\\/\"}}]}<\/script>\n<!-- \/ Yoast SEO plugin. -->","yoast_head_json":{"title":"LIQUI MOLY MOLYGEN NEW GENERATION 5w20 - Aceite de Motor | Lubrimas.pe | Tienda Online","description":"Aceite Liqui Moly Molygen 5W20 100% sint\u00e9tico. M\u00e1xima protecci\u00f3n y rendimiento para tu motor. Compra online con env\u00edos r\u00e1pidos a todo el Per\u00fa.","robots":{"index":"index","follow":"follow","max-snippet":"max-snippet:-1","max-image-preview":"max-image-preview:large","max-video-preview":"max-video-preview:-1"},"canonical":"https:\/\/lubrimas.pe\/tienda\/aceite-de-motor\/aceite-motor-liqui-moly-molygen-5w20-sintetico\/","og_locale":"es_ES","og_type":"article","og_title":"LIQUI MOLY MOLYGEN NEW GENERATION 5w20 - Aceite de Motor | Lubrimas.pe | Tienda Online","og_description":"Aceite Liqui Moly Molygen 5W20 100% sint\u00e9tico. M\u00e1xima protecci\u00f3n y rendimiento para tu motor. Compra online con env\u00edos r\u00e1pidos a todo el Per\u00fa.","og_url":"https:\/\/lubrimas.pe\/tienda\/aceite-de-motor\/aceite-motor-liqui-moly-molygen-5w20-sintetico\/","og_site_name":"Lubrimas.pe | Tienda Online","article_modified_time":"2026-04-24T16:17:43+00:00","og_image":[{"width":1771,"height":2083,"url":"https:\/\/lubrimas.pe\/tienda\/wp-content\/uploads\/sites\/3\/2026\/01\/LIQUI-MOLY-MOLYGEN-5W30.webp","type":"image\/webp"}],"twitter_card":"summary_large_image","twitter_misc":{"Tiempo de lectura":"2 minutos"},"schema":{"@context":"https:\/\/schema.org","@graph":[{"@type":["WebPage","ItemPage"],"@id":"https:\/\/lubrimas.pe\/tienda\/aceite-de-motor\/aceite-motor-liqui-moly-molygen-5w20-sintetico\/","url":"https:\/\/lubrimas.pe\/tienda\/aceite-de-motor\/aceite-motor-liqui-moly-molygen-5w20-sintetico\/","name":"LIQUI MOLY MOLYGEN NEW GENERATION 5w20 - Aceite de Motor | Lubrimas.pe | Tienda Online","isPartOf":{"@id":"https:\/\/lubrimas.pe\/tienda\/#website"},"primaryImageOfPage":{"@id":"https:\/\/lubrimas.pe\/tienda\/aceite-de-motor\/aceite-motor-liqui-moly-molygen-5w20-sintetico\/#primaryimage"},"image":{"@id":"https:\/\/lubrimas.pe\/tienda\/aceite-de-motor\/aceite-motor-liqui-moly-molygen-5w20-sintetico\/#primaryimage"},"thumbnailUrl":"https:\/\/lubrimas.pe\/tienda\/wp-content\/uploads\/sites\/3\/2026\/01\/LIQUI-MOLY-MOLYGEN-5W30.webp","datePublished":"2026-01-29T13:55:15+00:00","dateModified":"2026-04-24T16:17:43+00:00","description":"Aceite Liqui Moly Molygen 5W20 100% sint\u00e9tico. M\u00e1xima protecci\u00f3n y rendimiento para tu motor. Compra online con env\u00edos r\u00e1pidos a todo el Per\u00fa.","breadcrumb":{"@id":"https:\/\/lubrimas.pe\/tienda\/aceite-de-motor\/aceite-motor-liqui-moly-molygen-5w20-sintetico\/#breadcrumb"},"inLanguage":"es","potentialAction":[{"@type":"ReadAction","target":["https:\/\/lubrimas.pe\/tienda\/aceite-de-motor\/aceite-motor-liqui-moly-molygen-5w20-sintetico\/"]}]},{"@type":"ImageObject","inLanguage":"es","@id":"https:\/\/lubrimas.pe\/tienda\/aceite-de-motor\/aceite-motor-liqui-moly-molygen-5w20-sintetico\/#primaryimage","url":"https:\/\/lubrimas.pe\/tienda\/wp-content\/uploads\/sites\/3\/2026\/01\/LIQUI-MOLY-MOLYGEN-5W30.webp","contentUrl":"https:\/\/lubrimas.pe\/tienda\/wp-content\/uploads\/sites\/3\/2026\/01\/LIQUI-MOLY-MOLYGEN-5W30.webp","width":1771,"height":2083},{"@type":"BreadcrumbList","@id":"https:\/\/lubrimas.pe\/tienda\/aceite-de-motor\/aceite-motor-liqui-moly-molygen-5w20-sintetico\/#breadcrumb","itemListElement":[{"@type":"ListItem","position":1,"name":"Portada","item":"https:\/\/lubrimas.pe\/tienda\/"},{"@type":"ListItem","position":2,"name":"Cat\u00e1logo","item":"https:\/\/lubrimas.pe\/tienda\/productos\/"},{"@type":"ListItem","position":3,"name":"LIQUI MOLY MOLYGEN NEW GENERATION 5w20 &#8211; Aceite de Motor"}]},{"@type":"WebSite","@id":"https:\/\/lubrimas.pe\/tienda\/#website","url":"https:\/\/lubrimas.pe\/tienda\/","name":"Lubrimas.pe | Tienda Online","description":"Tus lubricantes favoritos al mejor precio!","publisher":{"@id":"https:\/\/lubrimas.pe\/tienda\/#organization"},"potentialAction":[{"@type":"SearchAction","target":{"@type":"EntryPoint","urlTemplate":"https:\/\/lubrimas.pe\/tienda\/?s={search_term_string}"},"query-input":{"@type":"PropertyValueSpecification","valueRequired":true,"valueName":"search_term_string"}}],"inLanguage":"es"},{"@type":"Organization","@id":"https:\/\/lubrimas.pe\/tienda\/#organization","name":"Lubrimas.pe","url":"https:\/\/lubrimas.pe\/tienda\/","logo":{"@type":"ImageObject","inLanguage":"es","@id":"https:\/\/lubrimas.pe\/tienda\/#\/schema\/logo\/image\/","url":"https:\/\/lubrimas.pe\/tienda\/wp-content\/uploads\/sites\/3\/2022\/07\/BANNERS-PROMO-CYBER-WOW-LUBRIMASPE-2022-07.webp","contentUrl":"https:\/\/lubrimas.pe\/tienda\/wp-content\/uploads\/sites\/3\/2022\/07\/BANNERS-PROMO-CYBER-WOW-LUBRIMASPE-2022-07.webp","width":500,"height":752,"caption":"Lubrimas.pe"},"image":{"@id":"https:\/\/lubrimas.pe\/tienda\/#\/schema\/logo\/image\/"}}]}},"_links":{"self":[{"href":"https:\/\/lubrimas.pe\/tienda\/wp-json\/wp\/v2\/product\/15264","targetHints":{"allow":["GET"]}}],"collection":[{"href":"https:\/\/lubrimas.pe\/tienda\/wp-json\/wp\/v2\/product"}],"about":[{"href":"https:\/\/lubrimas.pe\/tienda\/wp-json\/wp\/v2\/types\/product"}],"wp:featuredmedia":[{"embeddable":true,"href":"https:\/\/lubrimas.pe\/tienda\/wp-json\/wp\/v2\/media\/15266"}],"wp:attachment":[{"href":"https:\/\/lubrimas.pe\/tienda\/wp-json\/wp\/v2\/media?parent=15264"}],"wp:term":[{"taxonomy":"product_brand","embeddable":true,"href":"https:\/\/lubrimas.pe\/tienda\/wp-json\/wp\/v2\/product_brand?post=15264"},{"taxonomy":"product_cat","embeddable":true,"href":"https:\/\/lubrimas.pe\/tienda\/wp-json\/wp\/v2\/product_cat?post=15264"},{"taxonomy":"product_tag","embeddable":true,"href":"https:\/\/lubrimas.pe\/tienda\/wp-json\/wp\/v2\/product_tag?post=15264"}],"curies":[{"name":"wp","href":"https:\/\/api.w.org\/{rel}","templated":true}]}}