{"id":15552,"date":"2026-04-28T11:10:24","date_gmt":"2026-04-28T16:10:24","guid":{"rendered":"https:\/\/lubrimas.pe\/tienda\/?post_type=product&#038;p=15552"},"modified":"2026-04-28T11:18:31","modified_gmt":"2026-04-28T16:18:31","slug":"spray-multiusos-wd-40","status":"publish","type":"product","link":"https:\/\/lubrimas.pe\/tienda\/aditivos\/spray-multiusos-wd-40\/","title":{"rendered":"SPRAY MULTIUSOS WD-40"},"content":{"rendered":"<p data-start=\"868\" data-end=\"1054\">El <strong data-start=\"871\" data-end=\"906\">WD-40 Multiusos<\/strong>\u00a0es un lubricante penetrante de alto rendimiento dise\u00f1ado para proteger, limpiar y mantener en \u00f3ptimas condiciones todo tipo de piezas y mecanismos.<\/p>\n<p data-start=\"1056\" data-end=\"1232\">Su f\u00f3rmula multifuncional elimina la humedad, previene la corrosi\u00f3n, afloja piezas oxidadas y reduce ruidos, siendo ideal para mantenimiento automotriz, industrial y dom\u00e9stico.<\/p>\n<p data-start=\"1234\" data-end=\"1397\">Gracias a su acci\u00f3n r\u00e1pida, penetra eficazmente en \u00e1reas dif\u00edciles, facilitando la liberaci\u00f3n de mecanismos trabados y prolongando la vida \u00fatil de los componentes.<\/p>\n<h5 class=\"type\"><strong>CARACTER\u00cdSTICAS PRINCIPALES<\/strong><\/h5>\n<ul class=\"check-list\">\n<li style=\"list-style-type: none;\">\n<ul class=\"check-list\">\n<li data-start=\"1428\" data-end=\"1466\">Afloja piezas oxidadas y atascadas<\/li>\n<li data-start=\"1467\" data-end=\"1513\">Elimina la humedad y previene la corrosi\u00f3n<\/li>\n<li data-start=\"1514\" data-end=\"1552\">Lubrica y reduce ruidos (rechidos)<\/li>\n<li data-start=\"1553\" data-end=\"1595\">Limpia y protege superficies met\u00e1licas<\/li>\n<li data-start=\"1596\" data-end=\"1643\">Penetra r\u00e1pidamente en mecanismos dif\u00edciles<\/li>\n<li data-start=\"1644\" data-end=\"1691\">Uso vers\u00e1til: automotriz, hogar e industria<\/li>\n<\/ul>\n<\/li>\n<\/ul>\n<h5><strong>INFORMACI\u00d3N ADICIONAL<\/strong><\/h5>\n<div class=\"aditional-info-tecnical-lp\"><a href=\"https:\/\/media.wd40.lat\/app\/uploads\/2023\/09\/11150136\/Ficha-Tecnica-MUP.pdf\">FICHA T\u00c9CNICA<\/a><br \/>\n<a href=\"https:\/\/wd40.lat\/productos-wd-40\/wd-40-producto-multiusos-5-5oz\/\" target=\"_blank\" rel=\"noopener\">SITIO OFICIAL<\/a><\/div>\n<p>&nbsp;<\/p>\n","protected":false},"excerpt":{"rendered":"<p>El WD-40 Multiusos\u00a0es un lubricante penetrante de alto rendimiento dise\u00f1ado para proteger, limpiar y mantener en \u00f3ptimas condiciones todo tipo de piezas y mecanismos. Su f\u00f3rmula multifuncional elimina la humedad,<\/p>\n","protected":false},"featured_media":15545,"template":"","meta":[],"product_brand":[],"product_cat":[152],"product_tag":[],"class_list":{"0":"post-15552","1":"product","2":"type-product","3":"status-publish","4":"has-post-thumbnail","6":"product_cat-aditivos","7":"pa_marca-wd-40","9":"first","10":"instock","11":"shipping-taxable","12":"purchasable","13":"product-type-variable","14":"has-default-attributes"},"yoast_head":"<!-- This site is optimized with the Yoast SEO plugin v27.4 - https:\/\/yoast.com\/product\/yoast-seo-wordpress\/ -->\n<title>SPRAY MULTIUSOS WD-40 | Lubrimas.pe | Tienda Online<\/title>\n<meta name=\"description\" content=\"WD-40 multiusos lubrica, limpia, protege y elimina la humedad. Ideal para aflojar piezas oxidadas y mantenimiento general\" \/>\n<meta name=\"robots\" content=\"index, follow, max-snippet:-1, max-image-preview:large, max-video-preview:-1\" \/>\n<link rel=\"canonical\" href=\"https:\/\/lubrimas.pe\/tienda\/aditivos\/spray-multiusos-wd-40\/\" \/>\n<meta property=\"og:locale\" content=\"es_ES\" \/>\n<meta property=\"og:type\" content=\"article\" \/>\n<meta property=\"og:title\" content=\"SPRAY MULTIUSOS WD-40 | Lubrimas.pe | Tienda Online\" \/>\n<meta property=\"og:description\" content=\"WD-40 multiusos lubrica, limpia, protege y elimina la humedad. Ideal para aflojar piezas oxidadas y mantenimiento general\" \/>\n<meta property=\"og:url\" content=\"https:\/\/lubrimas.pe\/tienda\/aditivos\/spray-multiusos-wd-40\/\" \/>\n<meta property=\"og:site_name\" content=\"Lubrimas.pe | Tienda Online\" \/>\n<meta property=\"article:modified_time\" content=\"2026-04-28T16:18:31+00:00\" \/>\n<meta property=\"og:image\" content=\"https:\/\/lubrimas.pe\/tienda\/wp-content\/uploads\/sites\/3\/2026\/04\/SPRAY-MULTIUSOS-WD-40-5.5-OZ.webp\" \/>\n\t<meta property=\"og:image:width\" content=\"1771\" \/>\n\t<meta property=\"og:image:height\" content=\"2083\" \/>\n\t<meta property=\"og:image:type\" content=\"image\/webp\" \/>\n<meta name=\"twitter:card\" content=\"summary_large_image\" \/>\n<meta name=\"twitter:label1\" content=\"Tiempo de lectura\" \/>\n\t<meta name=\"twitter:data1\" content=\"1 minuto\" \/>\n<script type=\"application\/ld+json\" class=\"yoast-schema-graph\">{\"@context\":\"https:\\\/\\\/schema.org\",\"@graph\":[{\"@type\":[\"WebPage\",\"ItemPage\"],\"@id\":\"https:\\\/\\\/lubrimas.pe\\\/tienda\\\/aditivos\\\/spray-multiusos-wd-40\\\/\",\"url\":\"https:\\\/\\\/lubrimas.pe\\\/tienda\\\/aditivos\\\/spray-multiusos-wd-40\\\/\",\"name\":\"SPRAY MULTIUSOS WD-40 | Lubrimas.pe | Tienda Online\",\"isPartOf\":{\"@id\":\"https:\\\/\\\/lubrimas.pe\\\/tienda\\\/#website\"},\"primaryImageOfPage\":{\"@id\":\"https:\\\/\\\/lubrimas.pe\\\/tienda\\\/aditivos\\\/spray-multiusos-wd-40\\\/#primaryimage\"},\"image\":{\"@id\":\"https:\\\/\\\/lubrimas.pe\\\/tienda\\\/aditivos\\\/spray-multiusos-wd-40\\\/#primaryimage\"},\"thumbnailUrl\":\"https:\\\/\\\/lubrimas.pe\\\/tienda\\\/wp-content\\\/uploads\\\/sites\\\/3\\\/2026\\\/04\\\/SPRAY-MULTIUSOS-WD-40-5.5-OZ.webp\",\"datePublished\":\"2026-04-28T16:10:24+00:00\",\"dateModified\":\"2026-04-28T16:18:31+00:00\",\"description\":\"WD-40 multiusos lubrica, limpia, protege y elimina la humedad. Ideal para aflojar piezas oxidadas y mantenimiento general\",\"breadcrumb\":{\"@id\":\"https:\\\/\\\/lubrimas.pe\\\/tienda\\\/aditivos\\\/spray-multiusos-wd-40\\\/#breadcrumb\"},\"inLanguage\":\"es\",\"potentialAction\":[{\"@type\":\"ReadAction\",\"target\":[\"https:\\\/\\\/lubrimas.pe\\\/tienda\\\/aditivos\\\/spray-multiusos-wd-40\\\/\"]}]},{\"@type\":\"ImageObject\",\"inLanguage\":\"es\",\"@id\":\"https:\\\/\\\/lubrimas.pe\\\/tienda\\\/aditivos\\\/spray-multiusos-wd-40\\\/#primaryimage\",\"url\":\"https:\\\/\\\/lubrimas.pe\\\/tienda\\\/wp-content\\\/uploads\\\/sites\\\/3\\\/2026\\\/04\\\/SPRAY-MULTIUSOS-WD-40-5.5-OZ.webp\",\"contentUrl\":\"https:\\\/\\\/lubrimas.pe\\\/tienda\\\/wp-content\\\/uploads\\\/sites\\\/3\\\/2026\\\/04\\\/SPRAY-MULTIUSOS-WD-40-5.5-OZ.webp\",\"width\":1771,\"height\":2083},{\"@type\":\"BreadcrumbList\",\"@id\":\"https:\\\/\\\/lubrimas.pe\\\/tienda\\\/aditivos\\\/spray-multiusos-wd-40\\\/#breadcrumb\",\"itemListElement\":[{\"@type\":\"ListItem\",\"position\":1,\"name\":\"Portada\",\"item\":\"https:\\\/\\\/lubrimas.pe\\\/tienda\\\/\"},{\"@type\":\"ListItem\",\"position\":2,\"name\":\"Cat\u00e1logo\",\"item\":\"https:\\\/\\\/lubrimas.pe\\\/tienda\\\/productos\\\/\"},{\"@type\":\"ListItem\",\"position\":3,\"name\":\"SPRAY MULTIUSOS WD-40\"}]},{\"@type\":\"WebSite\",\"@id\":\"https:\\\/\\\/lubrimas.pe\\\/tienda\\\/#website\",\"url\":\"https:\\\/\\\/lubrimas.pe\\\/tienda\\\/\",\"name\":\"Lubrimas.pe | Tienda Online\",\"description\":\"Tus lubricantes favoritos al mejor precio!\",\"publisher\":{\"@id\":\"https:\\\/\\\/lubrimas.pe\\\/tienda\\\/#organization\"},\"potentialAction\":[{\"@type\":\"SearchAction\",\"target\":{\"@type\":\"EntryPoint\",\"urlTemplate\":\"https:\\\/\\\/lubrimas.pe\\\/tienda\\\/?s={search_term_string}\"},\"query-input\":{\"@type\":\"PropertyValueSpecification\",\"valueRequired\":true,\"valueName\":\"search_term_string\"}}],\"inLanguage\":\"es\"},{\"@type\":\"Organization\",\"@id\":\"https:\\\/\\\/lubrimas.pe\\\/tienda\\\/#organization\",\"name\":\"Lubrimas.pe\",\"url\":\"https:\\\/\\\/lubrimas.pe\\\/tienda\\\/\",\"logo\":{\"@type\":\"ImageObject\",\"inLanguage\":\"es\",\"@id\":\"https:\\\/\\\/lubrimas.pe\\\/tienda\\\/#\\\/schema\\\/logo\\\/image\\\/\",\"url\":\"https:\\\/\\\/lubrimas.pe\\\/tienda\\\/wp-content\\\/uploads\\\/sites\\\/3\\\/2022\\\/07\\\/BANNERS-PROMO-CYBER-WOW-LUBRIMASPE-2022-07.webp\",\"contentUrl\":\"https:\\\/\\\/lubrimas.pe\\\/tienda\\\/wp-content\\\/uploads\\\/sites\\\/3\\\/2022\\\/07\\\/BANNERS-PROMO-CYBER-WOW-LUBRIMASPE-2022-07.webp\",\"width\":500,\"height\":752,\"caption\":\"Lubrimas.pe\"},\"image\":{\"@id\":\"https:\\\/\\\/lubrimas.pe\\\/tienda\\\/#\\\/schema\\\/logo\\\/image\\\/\"}}]}<\/script>\n<!-- \/ Yoast SEO plugin. -->","yoast_head_json":{"title":"SPRAY MULTIUSOS WD-40 | Lubrimas.pe | Tienda Online","description":"WD-40 multiusos lubrica, limpia, protege y elimina la humedad. Ideal para aflojar piezas oxidadas y mantenimiento general","robots":{"index":"index","follow":"follow","max-snippet":"max-snippet:-1","max-image-preview":"max-image-preview:large","max-video-preview":"max-video-preview:-1"},"canonical":"https:\/\/lubrimas.pe\/tienda\/aditivos\/spray-multiusos-wd-40\/","og_locale":"es_ES","og_type":"article","og_title":"SPRAY MULTIUSOS WD-40 | Lubrimas.pe | Tienda Online","og_description":"WD-40 multiusos lubrica, limpia, protege y elimina la humedad. Ideal para aflojar piezas oxidadas y mantenimiento general","og_url":"https:\/\/lubrimas.pe\/tienda\/aditivos\/spray-multiusos-wd-40\/","og_site_name":"Lubrimas.pe | Tienda Online","article_modified_time":"2026-04-28T16:18:31+00:00","og_image":[{"width":1771,"height":2083,"url":"https:\/\/lubrimas.pe\/tienda\/wp-content\/uploads\/sites\/3\/2026\/04\/SPRAY-MULTIUSOS-WD-40-5.5-OZ.webp","type":"image\/webp"}],"twitter_card":"summary_large_image","twitter_misc":{"Tiempo de lectura":"1 minuto"},"schema":{"@context":"https:\/\/schema.org","@graph":[{"@type":["WebPage","ItemPage"],"@id":"https:\/\/lubrimas.pe\/tienda\/aditivos\/spray-multiusos-wd-40\/","url":"https:\/\/lubrimas.pe\/tienda\/aditivos\/spray-multiusos-wd-40\/","name":"SPRAY MULTIUSOS WD-40 | Lubrimas.pe | Tienda Online","isPartOf":{"@id":"https:\/\/lubrimas.pe\/tienda\/#website"},"primaryImageOfPage":{"@id":"https:\/\/lubrimas.pe\/tienda\/aditivos\/spray-multiusos-wd-40\/#primaryimage"},"image":{"@id":"https:\/\/lubrimas.pe\/tienda\/aditivos\/spray-multiusos-wd-40\/#primaryimage"},"thumbnailUrl":"https:\/\/lubrimas.pe\/tienda\/wp-content\/uploads\/sites\/3\/2026\/04\/SPRAY-MULTIUSOS-WD-40-5.5-OZ.webp","datePublished":"2026-04-28T16:10:24+00:00","dateModified":"2026-04-28T16:18:31+00:00","description":"WD-40 multiusos lubrica, limpia, protege y elimina la humedad. Ideal para aflojar piezas oxidadas y mantenimiento general","breadcrumb":{"@id":"https:\/\/lubrimas.pe\/tienda\/aditivos\/spray-multiusos-wd-40\/#breadcrumb"},"inLanguage":"es","potentialAction":[{"@type":"ReadAction","target":["https:\/\/lubrimas.pe\/tienda\/aditivos\/spray-multiusos-wd-40\/"]}]},{"@type":"ImageObject","inLanguage":"es","@id":"https:\/\/lubrimas.pe\/tienda\/aditivos\/spray-multiusos-wd-40\/#primaryimage","url":"https:\/\/lubrimas.pe\/tienda\/wp-content\/uploads\/sites\/3\/2026\/04\/SPRAY-MULTIUSOS-WD-40-5.5-OZ.webp","contentUrl":"https:\/\/lubrimas.pe\/tienda\/wp-content\/uploads\/sites\/3\/2026\/04\/SPRAY-MULTIUSOS-WD-40-5.5-OZ.webp","width":1771,"height":2083},{"@type":"BreadcrumbList","@id":"https:\/\/lubrimas.pe\/tienda\/aditivos\/spray-multiusos-wd-40\/#breadcrumb","itemListElement":[{"@type":"ListItem","position":1,"name":"Portada","item":"https:\/\/lubrimas.pe\/tienda\/"},{"@type":"ListItem","position":2,"name":"Cat\u00e1logo","item":"https:\/\/lubrimas.pe\/tienda\/productos\/"},{"@type":"ListItem","position":3,"name":"SPRAY MULTIUSOS WD-40"}]},{"@type":"WebSite","@id":"https:\/\/lubrimas.pe\/tienda\/#website","url":"https:\/\/lubrimas.pe\/tienda\/","name":"Lubrimas.pe | Tienda Online","description":"Tus lubricantes favoritos al mejor precio!","publisher":{"@id":"https:\/\/lubrimas.pe\/tienda\/#organization"},"potentialAction":[{"@type":"SearchAction","target":{"@type":"EntryPoint","urlTemplate":"https:\/\/lubrimas.pe\/tienda\/?s={search_term_string}"},"query-input":{"@type":"PropertyValueSpecification","valueRequired":true,"valueName":"search_term_string"}}],"inLanguage":"es"},{"@type":"Organization","@id":"https:\/\/lubrimas.pe\/tienda\/#organization","name":"Lubrimas.pe","url":"https:\/\/lubrimas.pe\/tienda\/","logo":{"@type":"ImageObject","inLanguage":"es","@id":"https:\/\/lubrimas.pe\/tienda\/#\/schema\/logo\/image\/","url":"https:\/\/lubrimas.pe\/tienda\/wp-content\/uploads\/sites\/3\/2022\/07\/BANNERS-PROMO-CYBER-WOW-LUBRIMASPE-2022-07.webp","contentUrl":"https:\/\/lubrimas.pe\/tienda\/wp-content\/uploads\/sites\/3\/2022\/07\/BANNERS-PROMO-CYBER-WOW-LUBRIMASPE-2022-07.webp","width":500,"height":752,"caption":"Lubrimas.pe"},"image":{"@id":"https:\/\/lubrimas.pe\/tienda\/#\/schema\/logo\/image\/"}}]}},"_links":{"self":[{"href":"https:\/\/lubrimas.pe\/tienda\/wp-json\/wp\/v2\/product\/15552","targetHints":{"allow":["GET"]}}],"collection":[{"href":"https:\/\/lubrimas.pe\/tienda\/wp-json\/wp\/v2\/product"}],"about":[{"href":"https:\/\/lubrimas.pe\/tienda\/wp-json\/wp\/v2\/types\/product"}],"wp:featuredmedia":[{"embeddable":true,"href":"https:\/\/lubrimas.pe\/tienda\/wp-json\/wp\/v2\/media\/15545"}],"wp:attachment":[{"href":"https:\/\/lubrimas.pe\/tienda\/wp-json\/wp\/v2\/media?parent=15552"}],"wp:term":[{"taxonomy":"product_brand","embeddable":true,"href":"https:\/\/lubrimas.pe\/tienda\/wp-json\/wp\/v2\/product_brand?post=15552"},{"taxonomy":"product_cat","embeddable":true,"href":"https:\/\/lubrimas.pe\/tienda\/wp-json\/wp\/v2\/product_cat?post=15552"},{"taxonomy":"product_tag","embeddable":true,"href":"https:\/\/lubrimas.pe\/tienda\/wp-json\/wp\/v2\/product_tag?post=15552"}],"curies":[{"name":"wp","href":"https:\/\/api.w.org\/{rel}","templated":true}]}}