{"id":15635,"date":"2026-05-15T13:29:07","date_gmt":"2026-05-15T18:29:07","guid":{"rendered":"https:\/\/lubrimas.pe\/tienda\/?post_type=product&#038;p=15635"},"modified":"2026-05-15T13:30:11","modified_gmt":"2026-05-15T18:30:11","slug":"liqui-moly-hochleistungs-getriebeol-gl4-sae-75w90","status":"publish","type":"product","link":"https:\/\/lubrimas.pe\/tienda\/aceite-de-caja\/liqui-moly-hochleistungs-getriebeol-gl4-sae-75w90\/","title":{"rendered":"LIQUI MOLY HOCHLEISTUNGS-GETRIEBE\u00d6L (GL4+) SAE 75W90"},"content":{"rendered":"<p data-start=\"958\" data-end=\"1146\">El <strong data-start=\"961\" data-end=\"1015\">Liqui Moly Hochleistungs-Getriebe\u00f6l GL4+ SAE 75W90<\/strong> es un aceite de transmisi\u00f3n de alto rendimiento dise\u00f1ado para ofrecer m\u00e1xima protecci\u00f3n y eficiencia en cajas de cambios manuales.<\/p>\n<p data-start=\"1148\" data-end=\"1339\">Su formulaci\u00f3n avanzada proporciona una excelente estabilidad t\u00e9rmica, reduce el desgaste de los componentes y garantiza cambios de marcha suaves y precisos, incluso en condiciones exigentes.<\/p>\n<p data-start=\"1341\" data-end=\"1476\">Adem\u00e1s, protege eficazmente los engranajes contra la fricci\u00f3n y la corrosi\u00f3n, contribuyendo a prolongar la vida \u00fatil de la transmisi\u00f3n.<\/p>\n<h5 class=\"type\"><strong>CARACTER\u00cdSTICAS PRINCIPALES<\/strong><\/h5>\n<ul>\n<li data-start=\"1507\" data-end=\"1559\">Alta protecci\u00f3n contra el desgaste de engranajes<\/li>\n<li data-start=\"1560\" data-end=\"1599\">Cambios de marcha suaves y precisos<\/li>\n<li data-start=\"1600\" data-end=\"1633\">Excelente estabilidad t\u00e9rmica<\/li>\n<li data-start=\"1634\" data-end=\"1685\">Reduce la fricci\u00f3n y el ruido en la transmisi\u00f3n<\/li>\n<li data-start=\"1686\" data-end=\"1720\">Protecci\u00f3n contra la corrosi\u00f3n<\/li>\n<li data-start=\"1721\" data-end=\"1766\">Alto rendimiento en condiciones exigentes<\/li>\n<\/ul>\n<h5><strong>APROBACIONES\u00a0<\/strong><\/h5>\n<p>API GL4+<\/p>\n<h5><strong>ESPECIFICACIONES OEM<\/strong><\/h5>\n<p>Ford ESD-M2C 175-A, VW 501 50 (G50), ZF TE-ML 08<\/p>\n<h5><strong>INFORMACI\u00d3N ADICIONAL<\/strong><\/h5>\n<div class=\"aditional-info-tecnical-lp\"><a href=\"https:\/\/lubrimas.pe\/tienda\/wp-content\/uploads\/sites\/3\/2026\/05\/Lubrimas-ficha-tecnica-Aceite-de-alto-rendimiento-para-el-cambio-GL4-SAE-75W-90-41-es_ES.pdf\" target=\"_blank\" rel=\"noopener\">FICHA T\u00c9CNICA<\/a><br \/>\n<a href=\"https:\/\/www.liqui-moly.com\/es\/aceite-de-alto-rendimiento-para-el-cambio-gl4-sae-75w-90-p000233.html?srsltid=AfmBOopw7BTG-PdzvCtnNBojkgt4LbgmCuU04B0g2angdRRTBof3Wygm#tab-label-description-title\" target=\"_blank\" rel=\"noopener\">SITIO OFICIAL<\/a><\/div>\n<p>&nbsp;<\/p>\n<blockquote><p>LM 4434, LM-4434, LM4434, LIQUIMOLY, LIQUI MOLY, ADITIVOS LUBRICANTES ALEMANES<\/p><\/blockquote>\n","protected":false},"excerpt":{"rendered":"<p>El Liqui Moly Hochleistungs-Getriebe\u00f6l GL4+ SAE 75W90 es un aceite de transmisi\u00f3n de alto rendimiento dise\u00f1ado para ofrecer m\u00e1xima protecci\u00f3n y eficiencia en cajas de cambios manuales. Su formulaci\u00f3n avanzada<\/p>\n","protected":false},"featured_media":15636,"template":"","meta":[],"product_brand":[],"product_cat":[27,28],"product_tag":[],"class_list":{"0":"post-15635","1":"product","2":"type-product","3":"status-publish","4":"has-post-thumbnail","6":"product_cat-aceite-de-caja","7":"product_cat-caja-manual-mecanica","8":"pa_engranaje-gl-4","9":"pa_grado-75w90","10":"pa_marca-liquimoly","12":"first","13":"instock","14":"shipping-taxable","15":"purchasable","16":"product-type-variable","17":"has-default-attributes"},"yoast_head":"<!-- This site is optimized with the Yoast SEO plugin v27.6 - https:\/\/yoast.com\/product\/yoast-seo-wordpress\/ -->\n<title>LIQUI MOLY HOCHLEISTUNGS-GETRIEBE\u00d6L (GL4+) SAE 75W90 | Lubrimas.pe | Tienda Online<\/title>\n<meta name=\"description\" content=\"Aceite de transmisi\u00f3n Liqui Moly 75W90 GL4+ ofrece alta protecci\u00f3n contra el desgaste y cambios suaves en cajas manuales.\" \/>\n<meta name=\"robots\" content=\"index, follow, max-snippet:-1, max-image-preview:large, max-video-preview:-1\" \/>\n<link rel=\"canonical\" href=\"https:\/\/lubrimas.pe\/tienda\/aceite-de-caja\/liqui-moly-hochleistungs-getriebeol-gl4-sae-75w90\/\" \/>\n<meta property=\"og:locale\" content=\"es_ES\" \/>\n<meta property=\"og:type\" content=\"article\" \/>\n<meta property=\"og:title\" content=\"LIQUI MOLY HOCHLEISTUNGS-GETRIEBE\u00d6L (GL4+) SAE 75W90 | Lubrimas.pe | Tienda Online\" \/>\n<meta property=\"og:description\" content=\"Aceite de transmisi\u00f3n Liqui Moly 75W90 GL4+ ofrece alta protecci\u00f3n contra el desgaste y cambios suaves en cajas manuales.\" \/>\n<meta property=\"og:url\" content=\"https:\/\/lubrimas.pe\/tienda\/aceite-de-caja\/liqui-moly-hochleistungs-getriebeol-gl4-sae-75w90\/\" \/>\n<meta property=\"og:site_name\" content=\"Lubrimas.pe | Tienda Online\" \/>\n<meta property=\"article:modified_time\" content=\"2026-05-15T18:30:11+00:00\" \/>\n<meta property=\"og:image\" content=\"https:\/\/lubrimas.pe\/tienda\/wp-content\/uploads\/sites\/3\/2026\/05\/LIQUI-MOLY-HOCHLEISTUNGS-GETRIEBEOL-GL4-SAE-75W90-1L.webp\" \/>\n\t<meta property=\"og:image:width\" content=\"1771\" \/>\n\t<meta property=\"og:image:height\" content=\"2083\" \/>\n\t<meta property=\"og:image:type\" content=\"image\/webp\" \/>\n<meta name=\"twitter:card\" content=\"summary_large_image\" \/>\n<meta name=\"twitter:label1\" content=\"Tiempo de lectura\" \/>\n\t<meta name=\"twitter:data1\" content=\"1 minuto\" \/>\n<script type=\"application\/ld+json\" class=\"yoast-schema-graph\">{\"@context\":\"https:\\\/\\\/schema.org\",\"@graph\":[{\"@type\":[\"WebPage\",\"ItemPage\"],\"@id\":\"https:\\\/\\\/lubrimas.pe\\\/tienda\\\/aceite-de-caja\\\/liqui-moly-hochleistungs-getriebeol-gl4-sae-75w90\\\/\",\"url\":\"https:\\\/\\\/lubrimas.pe\\\/tienda\\\/aceite-de-caja\\\/liqui-moly-hochleistungs-getriebeol-gl4-sae-75w90\\\/\",\"name\":\"LIQUI MOLY HOCHLEISTUNGS-GETRIEBE\u00d6L (GL4+) SAE 75W90 | Lubrimas.pe | Tienda Online\",\"isPartOf\":{\"@id\":\"https:\\\/\\\/lubrimas.pe\\\/tienda\\\/#website\"},\"primaryImageOfPage\":{\"@id\":\"https:\\\/\\\/lubrimas.pe\\\/tienda\\\/aceite-de-caja\\\/liqui-moly-hochleistungs-getriebeol-gl4-sae-75w90\\\/#primaryimage\"},\"image\":{\"@id\":\"https:\\\/\\\/lubrimas.pe\\\/tienda\\\/aceite-de-caja\\\/liqui-moly-hochleistungs-getriebeol-gl4-sae-75w90\\\/#primaryimage\"},\"thumbnailUrl\":\"https:\\\/\\\/lubrimas.pe\\\/tienda\\\/wp-content\\\/uploads\\\/sites\\\/3\\\/2026\\\/05\\\/LIQUI-MOLY-HOCHLEISTUNGS-GETRIEBEOL-GL4-SAE-75W90-1L.webp\",\"datePublished\":\"2026-05-15T18:29:07+00:00\",\"dateModified\":\"2026-05-15T18:30:11+00:00\",\"description\":\"Aceite de transmisi\u00f3n Liqui Moly 75W90 GL4+ ofrece alta protecci\u00f3n contra el desgaste y cambios suaves en cajas manuales.\",\"breadcrumb\":{\"@id\":\"https:\\\/\\\/lubrimas.pe\\\/tienda\\\/aceite-de-caja\\\/liqui-moly-hochleistungs-getriebeol-gl4-sae-75w90\\\/#breadcrumb\"},\"inLanguage\":\"es\",\"potentialAction\":[{\"@type\":\"ReadAction\",\"target\":[\"https:\\\/\\\/lubrimas.pe\\\/tienda\\\/aceite-de-caja\\\/liqui-moly-hochleistungs-getriebeol-gl4-sae-75w90\\\/\"]}]},{\"@type\":\"ImageObject\",\"inLanguage\":\"es\",\"@id\":\"https:\\\/\\\/lubrimas.pe\\\/tienda\\\/aceite-de-caja\\\/liqui-moly-hochleistungs-getriebeol-gl4-sae-75w90\\\/#primaryimage\",\"url\":\"https:\\\/\\\/lubrimas.pe\\\/tienda\\\/wp-content\\\/uploads\\\/sites\\\/3\\\/2026\\\/05\\\/LIQUI-MOLY-HOCHLEISTUNGS-GETRIEBEOL-GL4-SAE-75W90-1L.webp\",\"contentUrl\":\"https:\\\/\\\/lubrimas.pe\\\/tienda\\\/wp-content\\\/uploads\\\/sites\\\/3\\\/2026\\\/05\\\/LIQUI-MOLY-HOCHLEISTUNGS-GETRIEBEOL-GL4-SAE-75W90-1L.webp\",\"width\":1771,\"height\":2083},{\"@type\":\"BreadcrumbList\",\"@id\":\"https:\\\/\\\/lubrimas.pe\\\/tienda\\\/aceite-de-caja\\\/liqui-moly-hochleistungs-getriebeol-gl4-sae-75w90\\\/#breadcrumb\",\"itemListElement\":[{\"@type\":\"ListItem\",\"position\":1,\"name\":\"Portada\",\"item\":\"https:\\\/\\\/lubrimas.pe\\\/tienda\\\/\"},{\"@type\":\"ListItem\",\"position\":2,\"name\":\"Cat\u00e1logo\",\"item\":\"https:\\\/\\\/lubrimas.pe\\\/tienda\\\/productos\\\/\"},{\"@type\":\"ListItem\",\"position\":3,\"name\":\"LIQUI MOLY HOCHLEISTUNGS-GETRIEBE\u00d6L (GL4+) SAE 75W90\"}]},{\"@type\":\"WebSite\",\"@id\":\"https:\\\/\\\/lubrimas.pe\\\/tienda\\\/#website\",\"url\":\"https:\\\/\\\/lubrimas.pe\\\/tienda\\\/\",\"name\":\"Lubrimas.pe | Tienda Online\",\"description\":\"Tus lubricantes favoritos al mejor precio!\",\"publisher\":{\"@id\":\"https:\\\/\\\/lubrimas.pe\\\/tienda\\\/#organization\"},\"potentialAction\":[{\"@type\":\"SearchAction\",\"target\":{\"@type\":\"EntryPoint\",\"urlTemplate\":\"https:\\\/\\\/lubrimas.pe\\\/tienda\\\/?s={search_term_string}\"},\"query-input\":{\"@type\":\"PropertyValueSpecification\",\"valueRequired\":true,\"valueName\":\"search_term_string\"}}],\"inLanguage\":\"es\"},{\"@type\":\"Organization\",\"@id\":\"https:\\\/\\\/lubrimas.pe\\\/tienda\\\/#organization\",\"name\":\"Lubrimas.pe\",\"url\":\"https:\\\/\\\/lubrimas.pe\\\/tienda\\\/\",\"logo\":{\"@type\":\"ImageObject\",\"inLanguage\":\"es\",\"@id\":\"https:\\\/\\\/lubrimas.pe\\\/tienda\\\/#\\\/schema\\\/logo\\\/image\\\/\",\"url\":\"https:\\\/\\\/lubrimas.pe\\\/tienda\\\/wp-content\\\/uploads\\\/sites\\\/3\\\/2022\\\/07\\\/BANNERS-PROMO-CYBER-WOW-LUBRIMASPE-2022-07.webp\",\"contentUrl\":\"https:\\\/\\\/lubrimas.pe\\\/tienda\\\/wp-content\\\/uploads\\\/sites\\\/3\\\/2022\\\/07\\\/BANNERS-PROMO-CYBER-WOW-LUBRIMASPE-2022-07.webp\",\"width\":500,\"height\":752,\"caption\":\"Lubrimas.pe\"},\"image\":{\"@id\":\"https:\\\/\\\/lubrimas.pe\\\/tienda\\\/#\\\/schema\\\/logo\\\/image\\\/\"}}]}<\/script>\n<!-- \/ Yoast SEO plugin. -->","yoast_head_json":{"title":"LIQUI MOLY HOCHLEISTUNGS-GETRIEBE\u00d6L (GL4+) SAE 75W90 | Lubrimas.pe | Tienda Online","description":"Aceite de transmisi\u00f3n Liqui Moly 75W90 GL4+ ofrece alta protecci\u00f3n contra el desgaste y cambios suaves en cajas manuales.","robots":{"index":"index","follow":"follow","max-snippet":"max-snippet:-1","max-image-preview":"max-image-preview:large","max-video-preview":"max-video-preview:-1"},"canonical":"https:\/\/lubrimas.pe\/tienda\/aceite-de-caja\/liqui-moly-hochleistungs-getriebeol-gl4-sae-75w90\/","og_locale":"es_ES","og_type":"article","og_title":"LIQUI MOLY HOCHLEISTUNGS-GETRIEBE\u00d6L (GL4+) SAE 75W90 | Lubrimas.pe | Tienda Online","og_description":"Aceite de transmisi\u00f3n Liqui Moly 75W90 GL4+ ofrece alta protecci\u00f3n contra el desgaste y cambios suaves en cajas manuales.","og_url":"https:\/\/lubrimas.pe\/tienda\/aceite-de-caja\/liqui-moly-hochleistungs-getriebeol-gl4-sae-75w90\/","og_site_name":"Lubrimas.pe | Tienda Online","article_modified_time":"2026-05-15T18:30:11+00:00","og_image":[{"width":1771,"height":2083,"url":"https:\/\/lubrimas.pe\/tienda\/wp-content\/uploads\/sites\/3\/2026\/05\/LIQUI-MOLY-HOCHLEISTUNGS-GETRIEBEOL-GL4-SAE-75W90-1L.webp","type":"image\/webp"}],"twitter_card":"summary_large_image","twitter_misc":{"Tiempo de lectura":"1 minuto"},"schema":{"@context":"https:\/\/schema.org","@graph":[{"@type":["WebPage","ItemPage"],"@id":"https:\/\/lubrimas.pe\/tienda\/aceite-de-caja\/liqui-moly-hochleistungs-getriebeol-gl4-sae-75w90\/","url":"https:\/\/lubrimas.pe\/tienda\/aceite-de-caja\/liqui-moly-hochleistungs-getriebeol-gl4-sae-75w90\/","name":"LIQUI MOLY HOCHLEISTUNGS-GETRIEBE\u00d6L (GL4+) SAE 75W90 | Lubrimas.pe | Tienda Online","isPartOf":{"@id":"https:\/\/lubrimas.pe\/tienda\/#website"},"primaryImageOfPage":{"@id":"https:\/\/lubrimas.pe\/tienda\/aceite-de-caja\/liqui-moly-hochleistungs-getriebeol-gl4-sae-75w90\/#primaryimage"},"image":{"@id":"https:\/\/lubrimas.pe\/tienda\/aceite-de-caja\/liqui-moly-hochleistungs-getriebeol-gl4-sae-75w90\/#primaryimage"},"thumbnailUrl":"https:\/\/lubrimas.pe\/tienda\/wp-content\/uploads\/sites\/3\/2026\/05\/LIQUI-MOLY-HOCHLEISTUNGS-GETRIEBEOL-GL4-SAE-75W90-1L.webp","datePublished":"2026-05-15T18:29:07+00:00","dateModified":"2026-05-15T18:30:11+00:00","description":"Aceite de transmisi\u00f3n Liqui Moly 75W90 GL4+ ofrece alta protecci\u00f3n contra el desgaste y cambios suaves en cajas manuales.","breadcrumb":{"@id":"https:\/\/lubrimas.pe\/tienda\/aceite-de-caja\/liqui-moly-hochleistungs-getriebeol-gl4-sae-75w90\/#breadcrumb"},"inLanguage":"es","potentialAction":[{"@type":"ReadAction","target":["https:\/\/lubrimas.pe\/tienda\/aceite-de-caja\/liqui-moly-hochleistungs-getriebeol-gl4-sae-75w90\/"]}]},{"@type":"ImageObject","inLanguage":"es","@id":"https:\/\/lubrimas.pe\/tienda\/aceite-de-caja\/liqui-moly-hochleistungs-getriebeol-gl4-sae-75w90\/#primaryimage","url":"https:\/\/lubrimas.pe\/tienda\/wp-content\/uploads\/sites\/3\/2026\/05\/LIQUI-MOLY-HOCHLEISTUNGS-GETRIEBEOL-GL4-SAE-75W90-1L.webp","contentUrl":"https:\/\/lubrimas.pe\/tienda\/wp-content\/uploads\/sites\/3\/2026\/05\/LIQUI-MOLY-HOCHLEISTUNGS-GETRIEBEOL-GL4-SAE-75W90-1L.webp","width":1771,"height":2083},{"@type":"BreadcrumbList","@id":"https:\/\/lubrimas.pe\/tienda\/aceite-de-caja\/liqui-moly-hochleistungs-getriebeol-gl4-sae-75w90\/#breadcrumb","itemListElement":[{"@type":"ListItem","position":1,"name":"Portada","item":"https:\/\/lubrimas.pe\/tienda\/"},{"@type":"ListItem","position":2,"name":"Cat\u00e1logo","item":"https:\/\/lubrimas.pe\/tienda\/productos\/"},{"@type":"ListItem","position":3,"name":"LIQUI MOLY HOCHLEISTUNGS-GETRIEBE\u00d6L (GL4+) SAE 75W90"}]},{"@type":"WebSite","@id":"https:\/\/lubrimas.pe\/tienda\/#website","url":"https:\/\/lubrimas.pe\/tienda\/","name":"Lubrimas.pe | Tienda Online","description":"Tus lubricantes favoritos al mejor precio!","publisher":{"@id":"https:\/\/lubrimas.pe\/tienda\/#organization"},"potentialAction":[{"@type":"SearchAction","target":{"@type":"EntryPoint","urlTemplate":"https:\/\/lubrimas.pe\/tienda\/?s={search_term_string}"},"query-input":{"@type":"PropertyValueSpecification","valueRequired":true,"valueName":"search_term_string"}}],"inLanguage":"es"},{"@type":"Organization","@id":"https:\/\/lubrimas.pe\/tienda\/#organization","name":"Lubrimas.pe","url":"https:\/\/lubrimas.pe\/tienda\/","logo":{"@type":"ImageObject","inLanguage":"es","@id":"https:\/\/lubrimas.pe\/tienda\/#\/schema\/logo\/image\/","url":"https:\/\/lubrimas.pe\/tienda\/wp-content\/uploads\/sites\/3\/2022\/07\/BANNERS-PROMO-CYBER-WOW-LUBRIMASPE-2022-07.webp","contentUrl":"https:\/\/lubrimas.pe\/tienda\/wp-content\/uploads\/sites\/3\/2022\/07\/BANNERS-PROMO-CYBER-WOW-LUBRIMASPE-2022-07.webp","width":500,"height":752,"caption":"Lubrimas.pe"},"image":{"@id":"https:\/\/lubrimas.pe\/tienda\/#\/schema\/logo\/image\/"}}]}},"_links":{"self":[{"href":"https:\/\/lubrimas.pe\/tienda\/wp-json\/wp\/v2\/product\/15635","targetHints":{"allow":["GET"]}}],"collection":[{"href":"https:\/\/lubrimas.pe\/tienda\/wp-json\/wp\/v2\/product"}],"about":[{"href":"https:\/\/lubrimas.pe\/tienda\/wp-json\/wp\/v2\/types\/product"}],"wp:featuredmedia":[{"embeddable":true,"href":"https:\/\/lubrimas.pe\/tienda\/wp-json\/wp\/v2\/media\/15636"}],"wp:attachment":[{"href":"https:\/\/lubrimas.pe\/tienda\/wp-json\/wp\/v2\/media?parent=15635"}],"wp:term":[{"taxonomy":"product_brand","embeddable":true,"href":"https:\/\/lubrimas.pe\/tienda\/wp-json\/wp\/v2\/product_brand?post=15635"},{"taxonomy":"product_cat","embeddable":true,"href":"https:\/\/lubrimas.pe\/tienda\/wp-json\/wp\/v2\/product_cat?post=15635"},{"taxonomy":"product_tag","embeddable":true,"href":"https:\/\/lubrimas.pe\/tienda\/wp-json\/wp\/v2\/product_tag?post=15635"}],"curies":[{"name":"wp","href":"https:\/\/api.w.org\/{rel}","templated":true}]}}