{"id":370,"date":"2022-01-19T20:31:23","date_gmt":"2022-01-19T20:31:23","guid":{"rendered":"https:\/\/lubrimas.pe\/tienda\/?post_type=product&#038;p=370"},"modified":"2025-12-17T16:46:02","modified_gmt":"2025-12-17T21:46:02","slug":"hyundai-xteer-g700-sae-20w50-semi-sintetico","status":"publish","type":"product","link":"https:\/\/lubrimas.pe\/tienda\/aceite-de-motor\/hyundai-xteer-g700-sae-20w50-semi-sintetico\/","title":{"rendered":"HYUNDAI XTEER G700 SAE 20W50 SEMI SINT\u00c9TICO"},"content":{"rendered":"<p data-start=\"991\" data-end=\"1477\"><strong data-start=\"991\" data-end=\"1024\">Hyundai XTeer G700 SAE 20W-50<\/strong> es un aceite 100% sint\u00e9tico de alto rendimiento desarrollado para proporcionar protecci\u00f3n superior y estabilidad robusta en motores expuestos a condiciones severas de operaci\u00f3n, como altas temperaturas, cargas pesadas y uso continuo. Parte de la l\u00ednea XTeer G700, este lubricante est\u00e1 especialmente formulado para mantener la lubricaci\u00f3n estable en motores modernos y tradicionales que requieren un grado de viscosidad m\u00e1s alto como 20W-50.<\/p>\n<h5 data-start=\"991\" data-end=\"1477\"><strong>BENEFICIOS<\/strong><\/h5>\n<p data-start=\"1479\" data-end=\"1954\">Su avanzada mezcla de bases sint\u00e9ticas y aditivos de \u00faltima generaci\u00f3n proporciona una excelente resistencia al desgaste, control de oxidaci\u00f3n y limpieza interna lo que ayuda a mantener los componentes internos del motor libres de dep\u00f3sitos, lodos y residuos. La viscosidad 20W-50 crea una pel\u00edcula lubricante m\u00e1s densa y robusta que es ideal para motores con tolerancias m\u00e1s amplias, altos niveles de temperatura o aquellos con uso continuo en condiciones exigentes.<\/p>\n<p data-start=\"1956\" data-end=\"2223\">Hyundai XTeer G700 SAE 20W-50 es ideal para veh\u00edculos que operan en climas c\u00e1lidos, motores de mayor cilindrada, veh\u00edculos de trabajo pesado, camionetas o autos con alto kilometraje que requieren una pel\u00edcula lubricante fuerte para proteger contra el desgaste y la degradaci\u00f3n t\u00e9rmica.<\/p>\n","protected":false},"excerpt":{"rendered":"<p>Hyundai XTeer G700 SAE 20W-50 es un aceite 100% sint\u00e9tico de alto rendimiento desarrollado para proporcionar protecci\u00f3n superior y estabilidad robusta en motores expuestos a condiciones severas de operaci\u00f3n, como<\/p>\n","protected":false},"featured_media":15072,"template":"","meta":[],"product_brand":[],"product_cat":[16,22],"product_tag":[],"class_list":{"0":"post-370","1":"product","2":"type-product","3":"status-publish","4":"has-post-thumbnail","6":"product_cat-aceite-de-motor","7":"product_cat-motor-gasolina-gas","8":"pa_grado-20w50","9":"pa_marca-hyundai-xteer","11":"first","12":"instock","13":"sale","14":"shipping-taxable","15":"purchasable","16":"product-type-variable","17":"has-default-attributes"},"yoast_head":"<!-- This site is optimized with the Yoast SEO plugin v27.4 - https:\/\/yoast.com\/product\/yoast-seo-wordpress\/ -->\n<title>HYUNDAI XTEER G700 SAE 20W50 SEMI SINT\u00c9TICO | Lubrimas.pe | Tienda Online<\/title>\n<meta name=\"robots\" content=\"index, follow, max-snippet:-1, max-image-preview:large, max-video-preview:-1\" \/>\n<link rel=\"canonical\" href=\"https:\/\/lubrimas.pe\/tienda\/aceite-de-motor\/hyundai-xteer-g700-sae-20w50-semi-sintetico\/\" \/>\n<meta property=\"og:locale\" content=\"es_ES\" \/>\n<meta property=\"og:type\" content=\"article\" \/>\n<meta property=\"og:title\" content=\"HYUNDAI XTEER G700 SAE 20W50 SEMI SINT\u00c9TICO | Lubrimas.pe | Tienda Online\" \/>\n<meta property=\"og:description\" content=\"Hyundai XTeer G700 SAE 20W-50 es un aceite 100% sint\u00e9tico de alto rendimiento desarrollado para proporcionar protecci\u00f3n superior y estabilidad robusta en motores expuestos a condiciones severas de operaci\u00f3n, como\" \/>\n<meta property=\"og:url\" content=\"https:\/\/lubrimas.pe\/tienda\/aceite-de-motor\/hyundai-xteer-g700-sae-20w50-semi-sintetico\/\" \/>\n<meta property=\"og:site_name\" content=\"Lubrimas.pe | Tienda Online\" \/>\n<meta property=\"article:modified_time\" content=\"2025-12-17T21:46:02+00:00\" \/>\n<meta property=\"og:image\" content=\"https:\/\/lubrimas.pe\/tienda\/wp-content\/uploads\/sites\/3\/2022\/01\/hyundai-xteer-G700-20w50-galon-4l.webp\" \/>\n\t<meta property=\"og:image:width\" content=\"1771\" \/>\n\t<meta property=\"og:image:height\" content=\"2083\" \/>\n\t<meta property=\"og:image:type\" content=\"image\/webp\" \/>\n<meta name=\"twitter:card\" content=\"summary_large_image\" \/>\n<meta name=\"twitter:label1\" content=\"Tiempo de lectura\" \/>\n\t<meta name=\"twitter:data1\" content=\"1 minuto\" \/>\n<script type=\"application\/ld+json\" class=\"yoast-schema-graph\">{\"@context\":\"https:\\\/\\\/schema.org\",\"@graph\":[{\"@type\":[\"WebPage\",\"ItemPage\"],\"@id\":\"https:\\\/\\\/lubrimas.pe\\\/tienda\\\/aceite-de-motor\\\/hyundai-xteer-g700-sae-20w50-semi-sintetico\\\/\",\"url\":\"https:\\\/\\\/lubrimas.pe\\\/tienda\\\/aceite-de-motor\\\/hyundai-xteer-g700-sae-20w50-semi-sintetico\\\/\",\"name\":\"HYUNDAI XTEER G700 SAE 20W50 SEMI SINT\u00c9TICO | Lubrimas.pe | Tienda Online\",\"isPartOf\":{\"@id\":\"https:\\\/\\\/lubrimas.pe\\\/tienda\\\/#website\"},\"primaryImageOfPage\":{\"@id\":\"https:\\\/\\\/lubrimas.pe\\\/tienda\\\/aceite-de-motor\\\/hyundai-xteer-g700-sae-20w50-semi-sintetico\\\/#primaryimage\"},\"image\":{\"@id\":\"https:\\\/\\\/lubrimas.pe\\\/tienda\\\/aceite-de-motor\\\/hyundai-xteer-g700-sae-20w50-semi-sintetico\\\/#primaryimage\"},\"thumbnailUrl\":\"https:\\\/\\\/lubrimas.pe\\\/tienda\\\/wp-content\\\/uploads\\\/sites\\\/3\\\/2022\\\/01\\\/hyundai-xteer-G700-20w50-galon-4l.webp\",\"datePublished\":\"2022-01-19T20:31:23+00:00\",\"dateModified\":\"2025-12-17T21:46:02+00:00\",\"breadcrumb\":{\"@id\":\"https:\\\/\\\/lubrimas.pe\\\/tienda\\\/aceite-de-motor\\\/hyundai-xteer-g700-sae-20w50-semi-sintetico\\\/#breadcrumb\"},\"inLanguage\":\"es\",\"potentialAction\":[{\"@type\":\"ReadAction\",\"target\":[\"https:\\\/\\\/lubrimas.pe\\\/tienda\\\/aceite-de-motor\\\/hyundai-xteer-g700-sae-20w50-semi-sintetico\\\/\"]}]},{\"@type\":\"ImageObject\",\"inLanguage\":\"es\",\"@id\":\"https:\\\/\\\/lubrimas.pe\\\/tienda\\\/aceite-de-motor\\\/hyundai-xteer-g700-sae-20w50-semi-sintetico\\\/#primaryimage\",\"url\":\"https:\\\/\\\/lubrimas.pe\\\/tienda\\\/wp-content\\\/uploads\\\/sites\\\/3\\\/2022\\\/01\\\/hyundai-xteer-G700-20w50-galon-4l.webp\",\"contentUrl\":\"https:\\\/\\\/lubrimas.pe\\\/tienda\\\/wp-content\\\/uploads\\\/sites\\\/3\\\/2022\\\/01\\\/hyundai-xteer-G700-20w50-galon-4l.webp\",\"width\":1771,\"height\":2083},{\"@type\":\"BreadcrumbList\",\"@id\":\"https:\\\/\\\/lubrimas.pe\\\/tienda\\\/aceite-de-motor\\\/hyundai-xteer-g700-sae-20w50-semi-sintetico\\\/#breadcrumb\",\"itemListElement\":[{\"@type\":\"ListItem\",\"position\":1,\"name\":\"Portada\",\"item\":\"https:\\\/\\\/lubrimas.pe\\\/tienda\\\/\"},{\"@type\":\"ListItem\",\"position\":2,\"name\":\"Cat\u00e1logo\",\"item\":\"https:\\\/\\\/lubrimas.pe\\\/tienda\\\/productos\\\/\"},{\"@type\":\"ListItem\",\"position\":3,\"name\":\"HYUNDAI XTEER G700 SAE 20W50 SEMI SINT\u00c9TICO\"}]},{\"@type\":\"WebSite\",\"@id\":\"https:\\\/\\\/lubrimas.pe\\\/tienda\\\/#website\",\"url\":\"https:\\\/\\\/lubrimas.pe\\\/tienda\\\/\",\"name\":\"Lubrimas.pe | Tienda Online\",\"description\":\"Tus lubricantes favoritos al mejor precio!\",\"publisher\":{\"@id\":\"https:\\\/\\\/lubrimas.pe\\\/tienda\\\/#organization\"},\"potentialAction\":[{\"@type\":\"SearchAction\",\"target\":{\"@type\":\"EntryPoint\",\"urlTemplate\":\"https:\\\/\\\/lubrimas.pe\\\/tienda\\\/?s={search_term_string}\"},\"query-input\":{\"@type\":\"PropertyValueSpecification\",\"valueRequired\":true,\"valueName\":\"search_term_string\"}}],\"inLanguage\":\"es\"},{\"@type\":\"Organization\",\"@id\":\"https:\\\/\\\/lubrimas.pe\\\/tienda\\\/#organization\",\"name\":\"Lubrimas.pe\",\"url\":\"https:\\\/\\\/lubrimas.pe\\\/tienda\\\/\",\"logo\":{\"@type\":\"ImageObject\",\"inLanguage\":\"es\",\"@id\":\"https:\\\/\\\/lubrimas.pe\\\/tienda\\\/#\\\/schema\\\/logo\\\/image\\\/\",\"url\":\"https:\\\/\\\/lubrimas.pe\\\/tienda\\\/wp-content\\\/uploads\\\/sites\\\/3\\\/2022\\\/07\\\/BANNERS-PROMO-CYBER-WOW-LUBRIMASPE-2022-07.webp\",\"contentUrl\":\"https:\\\/\\\/lubrimas.pe\\\/tienda\\\/wp-content\\\/uploads\\\/sites\\\/3\\\/2022\\\/07\\\/BANNERS-PROMO-CYBER-WOW-LUBRIMASPE-2022-07.webp\",\"width\":500,\"height\":752,\"caption\":\"Lubrimas.pe\"},\"image\":{\"@id\":\"https:\\\/\\\/lubrimas.pe\\\/tienda\\\/#\\\/schema\\\/logo\\\/image\\\/\"}}]}<\/script>\n<!-- \/ Yoast SEO plugin. -->","yoast_head_json":{"title":"HYUNDAI XTEER G700 SAE 20W50 SEMI SINT\u00c9TICO | Lubrimas.pe | Tienda Online","robots":{"index":"index","follow":"follow","max-snippet":"max-snippet:-1","max-image-preview":"max-image-preview:large","max-video-preview":"max-video-preview:-1"},"canonical":"https:\/\/lubrimas.pe\/tienda\/aceite-de-motor\/hyundai-xteer-g700-sae-20w50-semi-sintetico\/","og_locale":"es_ES","og_type":"article","og_title":"HYUNDAI XTEER G700 SAE 20W50 SEMI SINT\u00c9TICO | Lubrimas.pe | Tienda Online","og_description":"Hyundai XTeer G700 SAE 20W-50 es un aceite 100% sint\u00e9tico de alto rendimiento desarrollado para proporcionar protecci\u00f3n superior y estabilidad robusta en motores expuestos a condiciones severas de operaci\u00f3n, como","og_url":"https:\/\/lubrimas.pe\/tienda\/aceite-de-motor\/hyundai-xteer-g700-sae-20w50-semi-sintetico\/","og_site_name":"Lubrimas.pe | Tienda Online","article_modified_time":"2025-12-17T21:46:02+00:00","og_image":[{"width":1771,"height":2083,"url":"https:\/\/lubrimas.pe\/tienda\/wp-content\/uploads\/sites\/3\/2022\/01\/hyundai-xteer-G700-20w50-galon-4l.webp","type":"image\/webp"}],"twitter_card":"summary_large_image","twitter_misc":{"Tiempo de lectura":"1 minuto"},"schema":{"@context":"https:\/\/schema.org","@graph":[{"@type":["WebPage","ItemPage"],"@id":"https:\/\/lubrimas.pe\/tienda\/aceite-de-motor\/hyundai-xteer-g700-sae-20w50-semi-sintetico\/","url":"https:\/\/lubrimas.pe\/tienda\/aceite-de-motor\/hyundai-xteer-g700-sae-20w50-semi-sintetico\/","name":"HYUNDAI XTEER G700 SAE 20W50 SEMI SINT\u00c9TICO | Lubrimas.pe | Tienda Online","isPartOf":{"@id":"https:\/\/lubrimas.pe\/tienda\/#website"},"primaryImageOfPage":{"@id":"https:\/\/lubrimas.pe\/tienda\/aceite-de-motor\/hyundai-xteer-g700-sae-20w50-semi-sintetico\/#primaryimage"},"image":{"@id":"https:\/\/lubrimas.pe\/tienda\/aceite-de-motor\/hyundai-xteer-g700-sae-20w50-semi-sintetico\/#primaryimage"},"thumbnailUrl":"https:\/\/lubrimas.pe\/tienda\/wp-content\/uploads\/sites\/3\/2022\/01\/hyundai-xteer-G700-20w50-galon-4l.webp","datePublished":"2022-01-19T20:31:23+00:00","dateModified":"2025-12-17T21:46:02+00:00","breadcrumb":{"@id":"https:\/\/lubrimas.pe\/tienda\/aceite-de-motor\/hyundai-xteer-g700-sae-20w50-semi-sintetico\/#breadcrumb"},"inLanguage":"es","potentialAction":[{"@type":"ReadAction","target":["https:\/\/lubrimas.pe\/tienda\/aceite-de-motor\/hyundai-xteer-g700-sae-20w50-semi-sintetico\/"]}]},{"@type":"ImageObject","inLanguage":"es","@id":"https:\/\/lubrimas.pe\/tienda\/aceite-de-motor\/hyundai-xteer-g700-sae-20w50-semi-sintetico\/#primaryimage","url":"https:\/\/lubrimas.pe\/tienda\/wp-content\/uploads\/sites\/3\/2022\/01\/hyundai-xteer-G700-20w50-galon-4l.webp","contentUrl":"https:\/\/lubrimas.pe\/tienda\/wp-content\/uploads\/sites\/3\/2022\/01\/hyundai-xteer-G700-20w50-galon-4l.webp","width":1771,"height":2083},{"@type":"BreadcrumbList","@id":"https:\/\/lubrimas.pe\/tienda\/aceite-de-motor\/hyundai-xteer-g700-sae-20w50-semi-sintetico\/#breadcrumb","itemListElement":[{"@type":"ListItem","position":1,"name":"Portada","item":"https:\/\/lubrimas.pe\/tienda\/"},{"@type":"ListItem","position":2,"name":"Cat\u00e1logo","item":"https:\/\/lubrimas.pe\/tienda\/productos\/"},{"@type":"ListItem","position":3,"name":"HYUNDAI XTEER G700 SAE 20W50 SEMI SINT\u00c9TICO"}]},{"@type":"WebSite","@id":"https:\/\/lubrimas.pe\/tienda\/#website","url":"https:\/\/lubrimas.pe\/tienda\/","name":"Lubrimas.pe | Tienda Online","description":"Tus lubricantes favoritos al mejor precio!","publisher":{"@id":"https:\/\/lubrimas.pe\/tienda\/#organization"},"potentialAction":[{"@type":"SearchAction","target":{"@type":"EntryPoint","urlTemplate":"https:\/\/lubrimas.pe\/tienda\/?s={search_term_string}"},"query-input":{"@type":"PropertyValueSpecification","valueRequired":true,"valueName":"search_term_string"}}],"inLanguage":"es"},{"@type":"Organization","@id":"https:\/\/lubrimas.pe\/tienda\/#organization","name":"Lubrimas.pe","url":"https:\/\/lubrimas.pe\/tienda\/","logo":{"@type":"ImageObject","inLanguage":"es","@id":"https:\/\/lubrimas.pe\/tienda\/#\/schema\/logo\/image\/","url":"https:\/\/lubrimas.pe\/tienda\/wp-content\/uploads\/sites\/3\/2022\/07\/BANNERS-PROMO-CYBER-WOW-LUBRIMASPE-2022-07.webp","contentUrl":"https:\/\/lubrimas.pe\/tienda\/wp-content\/uploads\/sites\/3\/2022\/07\/BANNERS-PROMO-CYBER-WOW-LUBRIMASPE-2022-07.webp","width":500,"height":752,"caption":"Lubrimas.pe"},"image":{"@id":"https:\/\/lubrimas.pe\/tienda\/#\/schema\/logo\/image\/"}}]}},"_links":{"self":[{"href":"https:\/\/lubrimas.pe\/tienda\/wp-json\/wp\/v2\/product\/370","targetHints":{"allow":["GET"]}}],"collection":[{"href":"https:\/\/lubrimas.pe\/tienda\/wp-json\/wp\/v2\/product"}],"about":[{"href":"https:\/\/lubrimas.pe\/tienda\/wp-json\/wp\/v2\/types\/product"}],"wp:featuredmedia":[{"embeddable":true,"href":"https:\/\/lubrimas.pe\/tienda\/wp-json\/wp\/v2\/media\/15072"}],"wp:attachment":[{"href":"https:\/\/lubrimas.pe\/tienda\/wp-json\/wp\/v2\/media?parent=370"}],"wp:term":[{"taxonomy":"product_brand","embeddable":true,"href":"https:\/\/lubrimas.pe\/tienda\/wp-json\/wp\/v2\/product_brand?post=370"},{"taxonomy":"product_cat","embeddable":true,"href":"https:\/\/lubrimas.pe\/tienda\/wp-json\/wp\/v2\/product_cat?post=370"},{"taxonomy":"product_tag","embeddable":true,"href":"https:\/\/lubrimas.pe\/tienda\/wp-json\/wp\/v2\/product_tag?post=370"}],"curies":[{"name":"wp","href":"https:\/\/api.w.org\/{rel}","templated":true}]}}