{"id":373,"date":"2022-01-19T20:31:23","date_gmt":"2022-01-19T20:31:23","guid":{"rendered":"https:\/\/lubrimas.pe\/tienda\/?post_type=product&#038;p=373"},"modified":"2025-03-17T17:45:43","modified_gmt":"2025-03-17T22:45:43","slug":"castrol-crb-25w60-viscus","status":"publish","type":"product","link":"https:\/\/lubrimas.pe\/tienda\/aceite-de-motor\/castrol-crb-25w60-viscus\/","title":{"rendered":"CASTROL CRB 25W60 VISCUS &#8211; Aceite Mineral"},"content":{"rendered":"<p><strong>CASTROL CRB 25W60 VISCUS<\/strong> con exclusivo aditivo Viscus es un lubricante multigrado de alta calidad que proporciona una excelente protecci\u00f3n y la mayor* viscosidad del mercado a altas temperaturas del motor, cuando su veh\u00edculo m\u00e1s lo necesita, para brindar una larga y sana vida al motor.<\/p>\n<p>CASTROL CRB 25W60 VISCUS es recomendado para motores di\u00e9sel, supera el requisito de desempe\u00f1o en veh\u00edculos de carga pesada y transporte de pasajeros donde el fabricante recomiende un lubricante que cumpla con la especificaci\u00f3n DF-4.<\/p>\n<h5><strong>CARACTER\u00cdSTICAS PRINCIPALES<\/strong><\/h5>\n<p>Castrol CRB Viscus 25W-60 ofrece tres formas de protecci\u00f3n:<\/p>\n<ul>\n<li>Proporciona 12% mayor viscosidad que los aceites 25W50 convencionales*.<\/li>\n<li>Ayuda a mantener la potencia y la presi\u00f3n del aceite en su nivel \u00f3ptimo.<\/li>\n<li>Ayuda a prevenir las fugas en los sellos y a mantener por m\u00e1s tiempo el nivel de aceite, reduciendo el consumo**<\/li>\n<\/ul>\n<blockquote><p>*Resultados comparados con aceites 25W50 t\u00edpicos<br \/>\n**Resultados confirmados por pruebas de laboratorios independientes<\/p><\/blockquote>\n<h5><strong>APROBACIONES \/ ESPECIFICACIONES<\/strong><\/h5>\n<p>API CF-4, Meets DF-4<\/p>\n<h5><strong>INFORMACI\u00d3N ADICIONAL<\/strong><\/h5>\n<div class=\"nv-text-component nv-component section\" data-component-name=\"text\" data-component-container=\"true\">\n<div class=\"aditional-info-tecnical-lp\"><a href=\"https:\/\/lubrimas.pe\/tienda\/wp-content\/uploads\/sites\/3\/2022\/09\/FICHA-TECNICA-PDS-ACEITE-CASTROL-CRB-VISCUS-25W60-LUBRIMASPE-LOS-OLIVOS-LIMA-PERU.pdf\" target=\"_blank\" rel=\"noopener\">FICHA T\u00c9CNICA<\/a><br \/>\n<a href=\"https:\/\/www.castrol.com\/es_pe\/peru\/home\/heavy-commercial-vehicles-oil-and-fluids\/product-types\/engine-oils\/engine-oil-viscosity-grades\/25w-60.html\" target=\"_blank\" rel=\"noopener\">SITIO OFICIAL<\/a><\/div>\n<\/div>\n<p><\/p>\n<blockquote><p>Aceite Mineral, Petrolero, Diesel<\/p><\/blockquote>\n","protected":false},"excerpt":{"rendered":"<p>CASTROL CRB 25W60 VISCUS con exclusivo aditivo Viscus es un lubricante multigrado de alta calidad que proporciona una excelente protecci\u00f3n y la mayor* viscosidad del mercado a altas temperaturas del<\/p>\n","protected":false},"featured_media":11444,"template":"","meta":[],"product_brand":[],"product_cat":[16,26],"product_tag":[],"class_list":{"0":"post-373","1":"product","2":"type-product","3":"status-publish","4":"has-post-thumbnail","6":"product_cat-aceite-de-motor","7":"product_cat-motor-diesel","8":"pa_grado-25w60","9":"pa_marca-castrol","11":"first","12":"instock","13":"sale","14":"shipping-taxable","15":"purchasable","16":"product-type-variable","17":"has-default-attributes"},"yoast_head":"<!-- This site is optimized with the Yoast SEO plugin v27.1.1 - https:\/\/yoast.com\/product\/yoast-seo-wordpress\/ -->\n<title>CASTROL CRB 25W60 VISCUS | Lubrimas.pe | Tienda Online<\/title>\n<meta name=\"description\" content=\"CASTROL CRB 25W60 VISCUS proporciona una excelente protecci\u00f3n y la mayor viscosidad del mercado a altas temperaturas del motor.\" \/>\n<meta name=\"robots\" content=\"index, follow, max-snippet:-1, max-image-preview:large, max-video-preview:-1\" \/>\n<link rel=\"canonical\" href=\"https:\/\/lubrimas.pe\/tienda\/aceite-de-motor\/castrol-crb-25w60-viscus\/\" \/>\n<meta property=\"og:locale\" content=\"es_ES\" \/>\n<meta property=\"og:type\" content=\"article\" \/>\n<meta property=\"og:title\" content=\"CASTROL CRB 25W60 VISCUS | Lubrimas.pe | Tienda Online\" \/>\n<meta property=\"og:description\" content=\"CASTROL CRB 25W60 VISCUS proporciona una excelente protecci\u00f3n y la mayor viscosidad del mercado a altas temperaturas del motor.\" \/>\n<meta property=\"og:url\" content=\"https:\/\/lubrimas.pe\/tienda\/aceite-de-motor\/castrol-crb-25w60-viscus\/\" \/>\n<meta property=\"og:site_name\" content=\"Lubrimas.pe | Tienda Online\" \/>\n<meta property=\"article:modified_time\" content=\"2025-03-17T22:45:43+00:00\" \/>\n<meta property=\"og:image\" content=\"https:\/\/lubrimas.pe\/tienda\/wp-content\/uploads\/sites\/3\/2022\/02\/lubrimas_pe-aceite-castrol-25w60-CRB-VISCUS-galon-4lt-losolivos-lima-peru.webp\" \/>\n\t<meta property=\"og:image:width\" content=\"850\" \/>\n\t<meta property=\"og:image:height\" content=\"1000\" \/>\n\t<meta property=\"og:image:type\" content=\"image\/webp\" \/>\n<meta name=\"twitter:card\" content=\"summary_large_image\" \/>\n<meta name=\"twitter:label1\" content=\"Tiempo de lectura\" \/>\n\t<meta name=\"twitter:data1\" content=\"1 minuto\" \/>\n<script type=\"application\/ld+json\" class=\"yoast-schema-graph\">{\"@context\":\"https:\/\/schema.org\",\"@graph\":[{\"@type\":[\"WebPage\",\"ItemPage\"],\"@id\":\"https:\/\/lubrimas.pe\/tienda\/aceite-de-motor\/castrol-crb-25w60-viscus\/\",\"url\":\"https:\/\/lubrimas.pe\/tienda\/aceite-de-motor\/castrol-crb-25w60-viscus\/\",\"name\":\"CASTROL CRB 25W60 VISCUS | Lubrimas.pe | Tienda Online\",\"isPartOf\":{\"@id\":\"https:\/\/lubrimas.pe\/tienda\/#website\"},\"primaryImageOfPage\":{\"@id\":\"https:\/\/lubrimas.pe\/tienda\/aceite-de-motor\/castrol-crb-25w60-viscus\/#primaryimage\"},\"image\":{\"@id\":\"https:\/\/lubrimas.pe\/tienda\/aceite-de-motor\/castrol-crb-25w60-viscus\/#primaryimage\"},\"thumbnailUrl\":\"https:\/\/lubrimas.pe\/tienda\/wp-content\/uploads\/sites\/3\/2022\/02\/lubrimas_pe-aceite-castrol-25w60-CRB-VISCUS-galon-4lt-losolivos-lima-peru.webp\",\"datePublished\":\"2022-01-19T20:31:23+00:00\",\"dateModified\":\"2025-03-17T22:45:43+00:00\",\"description\":\"CASTROL CRB 25W60 VISCUS proporciona una excelente protecci\u00f3n y la mayor viscosidad del mercado a altas temperaturas del motor.\",\"breadcrumb\":{\"@id\":\"https:\/\/lubrimas.pe\/tienda\/aceite-de-motor\/castrol-crb-25w60-viscus\/#breadcrumb\"},\"inLanguage\":\"es\",\"potentialAction\":[{\"@type\":\"ReadAction\",\"target\":[\"https:\/\/lubrimas.pe\/tienda\/aceite-de-motor\/castrol-crb-25w60-viscus\/\"]}]},{\"@type\":\"ImageObject\",\"inLanguage\":\"es\",\"@id\":\"https:\/\/lubrimas.pe\/tienda\/aceite-de-motor\/castrol-crb-25w60-viscus\/#primaryimage\",\"url\":\"https:\/\/lubrimas.pe\/tienda\/wp-content\/uploads\/sites\/3\/2022\/02\/lubrimas_pe-aceite-castrol-25w60-CRB-VISCUS-galon-4lt-losolivos-lima-peru.webp\",\"contentUrl\":\"https:\/\/lubrimas.pe\/tienda\/wp-content\/uploads\/sites\/3\/2022\/02\/lubrimas_pe-aceite-castrol-25w60-CRB-VISCUS-galon-4lt-losolivos-lima-peru.webp\",\"width\":850,\"height\":1000},{\"@type\":\"BreadcrumbList\",\"@id\":\"https:\/\/lubrimas.pe\/tienda\/aceite-de-motor\/castrol-crb-25w60-viscus\/#breadcrumb\",\"itemListElement\":[{\"@type\":\"ListItem\",\"position\":1,\"name\":\"Portada\",\"item\":\"https:\/\/lubrimas.pe\/tienda\/\"},{\"@type\":\"ListItem\",\"position\":2,\"name\":\"Cat\u00e1logo\",\"item\":\"https:\/\/lubrimas.pe\/tienda\/productos\/\"},{\"@type\":\"ListItem\",\"position\":3,\"name\":\"CASTROL CRB 25W60 VISCUS &#8211; Aceite Mineral\"}]},{\"@type\":\"WebSite\",\"@id\":\"https:\/\/lubrimas.pe\/tienda\/#website\",\"url\":\"https:\/\/lubrimas.pe\/tienda\/\",\"name\":\"Lubrimas.pe | Tienda Online\",\"description\":\"Tus lubricantes favoritos al mejor precio!\",\"publisher\":{\"@id\":\"https:\/\/lubrimas.pe\/tienda\/#organization\"},\"potentialAction\":[{\"@type\":\"SearchAction\",\"target\":{\"@type\":\"EntryPoint\",\"urlTemplate\":\"https:\/\/lubrimas.pe\/tienda\/?s={search_term_string}\"},\"query-input\":{\"@type\":\"PropertyValueSpecification\",\"valueRequired\":true,\"valueName\":\"search_term_string\"}}],\"inLanguage\":\"es\"},{\"@type\":\"Organization\",\"@id\":\"https:\/\/lubrimas.pe\/tienda\/#organization\",\"name\":\"Lubrimas.pe\",\"url\":\"https:\/\/lubrimas.pe\/tienda\/\",\"logo\":{\"@type\":\"ImageObject\",\"inLanguage\":\"es\",\"@id\":\"https:\/\/lubrimas.pe\/tienda\/#\/schema\/logo\/image\/\",\"url\":\"https:\/\/lubrimas.pe\/tienda\/wp-content\/uploads\/sites\/3\/2022\/07\/BANNERS-PROMO-CYBER-WOW-LUBRIMASPE-2022-07.webp\",\"contentUrl\":\"https:\/\/lubrimas.pe\/tienda\/wp-content\/uploads\/sites\/3\/2022\/07\/BANNERS-PROMO-CYBER-WOW-LUBRIMASPE-2022-07.webp\",\"width\":500,\"height\":752,\"caption\":\"Lubrimas.pe\"},\"image\":{\"@id\":\"https:\/\/lubrimas.pe\/tienda\/#\/schema\/logo\/image\/\"}}]}<\/script>\n<!-- \/ Yoast SEO plugin. -->","yoast_head_json":{"title":"CASTROL CRB 25W60 VISCUS | Lubrimas.pe | Tienda Online","description":"CASTROL CRB 25W60 VISCUS proporciona una excelente protecci\u00f3n y la mayor viscosidad del mercado a altas temperaturas del motor.","robots":{"index":"index","follow":"follow","max-snippet":"max-snippet:-1","max-image-preview":"max-image-preview:large","max-video-preview":"max-video-preview:-1"},"canonical":"https:\/\/lubrimas.pe\/tienda\/aceite-de-motor\/castrol-crb-25w60-viscus\/","og_locale":"es_ES","og_type":"article","og_title":"CASTROL CRB 25W60 VISCUS | Lubrimas.pe | Tienda Online","og_description":"CASTROL CRB 25W60 VISCUS proporciona una excelente protecci\u00f3n y la mayor viscosidad del mercado a altas temperaturas del motor.","og_url":"https:\/\/lubrimas.pe\/tienda\/aceite-de-motor\/castrol-crb-25w60-viscus\/","og_site_name":"Lubrimas.pe | Tienda Online","article_modified_time":"2025-03-17T22:45:43+00:00","og_image":[{"width":850,"height":1000,"url":"https:\/\/lubrimas.pe\/tienda\/wp-content\/uploads\/sites\/3\/2022\/02\/lubrimas_pe-aceite-castrol-25w60-CRB-VISCUS-galon-4lt-losolivos-lima-peru.webp","type":"image\/webp"}],"twitter_card":"summary_large_image","twitter_misc":{"Tiempo de lectura":"1 minuto"},"schema":{"@context":"https:\/\/schema.org","@graph":[{"@type":["WebPage","ItemPage"],"@id":"https:\/\/lubrimas.pe\/tienda\/aceite-de-motor\/castrol-crb-25w60-viscus\/","url":"https:\/\/lubrimas.pe\/tienda\/aceite-de-motor\/castrol-crb-25w60-viscus\/","name":"CASTROL CRB 25W60 VISCUS | Lubrimas.pe | Tienda Online","isPartOf":{"@id":"https:\/\/lubrimas.pe\/tienda\/#website"},"primaryImageOfPage":{"@id":"https:\/\/lubrimas.pe\/tienda\/aceite-de-motor\/castrol-crb-25w60-viscus\/#primaryimage"},"image":{"@id":"https:\/\/lubrimas.pe\/tienda\/aceite-de-motor\/castrol-crb-25w60-viscus\/#primaryimage"},"thumbnailUrl":"https:\/\/lubrimas.pe\/tienda\/wp-content\/uploads\/sites\/3\/2022\/02\/lubrimas_pe-aceite-castrol-25w60-CRB-VISCUS-galon-4lt-losolivos-lima-peru.webp","datePublished":"2022-01-19T20:31:23+00:00","dateModified":"2025-03-17T22:45:43+00:00","description":"CASTROL CRB 25W60 VISCUS proporciona una excelente protecci\u00f3n y la mayor viscosidad del mercado a altas temperaturas del motor.","breadcrumb":{"@id":"https:\/\/lubrimas.pe\/tienda\/aceite-de-motor\/castrol-crb-25w60-viscus\/#breadcrumb"},"inLanguage":"es","potentialAction":[{"@type":"ReadAction","target":["https:\/\/lubrimas.pe\/tienda\/aceite-de-motor\/castrol-crb-25w60-viscus\/"]}]},{"@type":"ImageObject","inLanguage":"es","@id":"https:\/\/lubrimas.pe\/tienda\/aceite-de-motor\/castrol-crb-25w60-viscus\/#primaryimage","url":"https:\/\/lubrimas.pe\/tienda\/wp-content\/uploads\/sites\/3\/2022\/02\/lubrimas_pe-aceite-castrol-25w60-CRB-VISCUS-galon-4lt-losolivos-lima-peru.webp","contentUrl":"https:\/\/lubrimas.pe\/tienda\/wp-content\/uploads\/sites\/3\/2022\/02\/lubrimas_pe-aceite-castrol-25w60-CRB-VISCUS-galon-4lt-losolivos-lima-peru.webp","width":850,"height":1000},{"@type":"BreadcrumbList","@id":"https:\/\/lubrimas.pe\/tienda\/aceite-de-motor\/castrol-crb-25w60-viscus\/#breadcrumb","itemListElement":[{"@type":"ListItem","position":1,"name":"Portada","item":"https:\/\/lubrimas.pe\/tienda\/"},{"@type":"ListItem","position":2,"name":"Cat\u00e1logo","item":"https:\/\/lubrimas.pe\/tienda\/productos\/"},{"@type":"ListItem","position":3,"name":"CASTROL CRB 25W60 VISCUS &#8211; Aceite Mineral"}]},{"@type":"WebSite","@id":"https:\/\/lubrimas.pe\/tienda\/#website","url":"https:\/\/lubrimas.pe\/tienda\/","name":"Lubrimas.pe | Tienda Online","description":"Tus lubricantes favoritos al mejor precio!","publisher":{"@id":"https:\/\/lubrimas.pe\/tienda\/#organization"},"potentialAction":[{"@type":"SearchAction","target":{"@type":"EntryPoint","urlTemplate":"https:\/\/lubrimas.pe\/tienda\/?s={search_term_string}"},"query-input":{"@type":"PropertyValueSpecification","valueRequired":true,"valueName":"search_term_string"}}],"inLanguage":"es"},{"@type":"Organization","@id":"https:\/\/lubrimas.pe\/tienda\/#organization","name":"Lubrimas.pe","url":"https:\/\/lubrimas.pe\/tienda\/","logo":{"@type":"ImageObject","inLanguage":"es","@id":"https:\/\/lubrimas.pe\/tienda\/#\/schema\/logo\/image\/","url":"https:\/\/lubrimas.pe\/tienda\/wp-content\/uploads\/sites\/3\/2022\/07\/BANNERS-PROMO-CYBER-WOW-LUBRIMASPE-2022-07.webp","contentUrl":"https:\/\/lubrimas.pe\/tienda\/wp-content\/uploads\/sites\/3\/2022\/07\/BANNERS-PROMO-CYBER-WOW-LUBRIMASPE-2022-07.webp","width":500,"height":752,"caption":"Lubrimas.pe"},"image":{"@id":"https:\/\/lubrimas.pe\/tienda\/#\/schema\/logo\/image\/"}}]}},"_links":{"self":[{"href":"https:\/\/lubrimas.pe\/tienda\/wp-json\/wp\/v2\/product\/373","targetHints":{"allow":["GET"]}}],"collection":[{"href":"https:\/\/lubrimas.pe\/tienda\/wp-json\/wp\/v2\/product"}],"about":[{"href":"https:\/\/lubrimas.pe\/tienda\/wp-json\/wp\/v2\/types\/product"}],"wp:featuredmedia":[{"embeddable":true,"href":"https:\/\/lubrimas.pe\/tienda\/wp-json\/wp\/v2\/media\/11444"}],"wp:attachment":[{"href":"https:\/\/lubrimas.pe\/tienda\/wp-json\/wp\/v2\/media?parent=373"}],"wp:term":[{"taxonomy":"product_brand","embeddable":true,"href":"https:\/\/lubrimas.pe\/tienda\/wp-json\/wp\/v2\/product_brand?post=373"},{"taxonomy":"product_cat","embeddable":true,"href":"https:\/\/lubrimas.pe\/tienda\/wp-json\/wp\/v2\/product_cat?post=373"},{"taxonomy":"product_tag","embeddable":true,"href":"https:\/\/lubrimas.pe\/tienda\/wp-json\/wp\/v2\/product_tag?post=373"}],"curies":[{"name":"wp","href":"https:\/\/api.w.org\/{rel}","templated":true}]}}