{"id":378,"date":"2022-01-19T20:31:23","date_gmt":"2022-01-20T01:31:23","guid":{"rendered":"https:\/\/lubrimas.pe\/tienda\/?post_type=product&#038;p=378"},"modified":"2025-12-17T16:45:24","modified_gmt":"2025-12-17T21:45:24","slug":"hyundai-xteer-g700-10w30","status":"publish","type":"product","link":"https:\/\/lubrimas.pe\/tienda\/aceite-de-motor\/hyundai-xteer-g700-10w30\/","title":{"rendered":"HYUNDAI XTEER G700 10W30 &#8211; Aceite sint\u00e9tico"},"content":{"rendered":"<p><strong data-start=\"1112\" data-end=\"1141\">Hyundai XTeer G700 10W-30<\/strong> es un lubricante 100% sint\u00e9tico de alta gama formulado para brindar protecci\u00f3n superior, limpieza interna y rendimiento sostenido en motores modernos de gasolina y di\u00e9sel liviano. Parte de la familia XTeer G700, este aceite est\u00e1 dise\u00f1ado para mantener el motor funcionando eficientemente en una amplia gama de condiciones de conducci\u00f3n, incluyendo uso urbano, carretera, altas temperaturas y tr\u00e1fico intenso.<\/p>\n<h5><strong>BENEFICIOS<\/strong><\/h5>\n<p>Su tecnolog\u00eda avanzada de aditivos ofrece una excelente resistencia al desgaste y la oxidaci\u00f3n, ayuda a mantener el motor libre de dep\u00f3sitos y reduce la fricci\u00f3n interna para un rendimiento \u00f3ptimo. La viscosidad 10W-30 proporciona un flujo r\u00e1pido en arranques en fr\u00edo y estabilidad t\u00e9rmica a temperaturas m\u00e1s altas, lo que se traduce en una lubricaci\u00f3n constante y una mejor eficiencia de combustible.<\/p>\n<p>Es ideal para veh\u00edculos que requieren un lubricante sint\u00e9tico confiable que combine protecci\u00f3n, rendimiento y limpieza para motores europeos, asi\u00e1ticos o americanos que especifican un grado 10W-30 con certificaci\u00f3n moderna de servicio.<\/p>\n","protected":false},"excerpt":{"rendered":"<p>Hyundai XTeer G700 10W-30 es un lubricante 100% sint\u00e9tico de alta gama formulado para brindar protecci\u00f3n superior, limpieza interna y rendimiento sostenido en motores modernos de gasolina y di\u00e9sel liviano.<\/p>\n","protected":false},"featured_media":15073,"template":"","meta":[],"product_brand":[],"product_cat":[16,22],"product_tag":[],"class_list":{"0":"post-378","1":"product","2":"type-product","3":"status-publish","4":"has-post-thumbnail","6":"product_cat-aceite-de-motor","7":"product_cat-motor-gasolina-gas","8":"pa_grado-10w30","9":"pa_marca-hyundai-xteer","11":"first","12":"instock","13":"sale","14":"shipping-taxable","15":"purchasable","16":"product-type-variable","17":"has-default-attributes"},"yoast_head":"<!-- This site is optimized with the Yoast SEO plugin v27.4 - https:\/\/yoast.com\/product\/yoast-seo-wordpress\/ -->\n<title>HYUNDAI XTEER G700 10W30 - Aceite sint\u00e9tico | Lubrimas.pe | Tienda Online<\/title>\n<meta name=\"description\" content=\"Xteer Gasoline es una aceite para motor de alta prestancia formulado a partir de bases semi sint\u00e9ticas. Cumple con los requisitos actuales de calidad de aceite para motores API SN e ILSACGF-5. Ha sido optimizado para proporcionar la forma excepcional de mayor protecci\u00f3n y lubricaci\u00f3n en todos los motores de veh\u00edculos de pasajeros.\" \/>\n<meta name=\"robots\" content=\"index, follow, max-snippet:-1, max-image-preview:large, max-video-preview:-1\" \/>\n<link rel=\"canonical\" href=\"https:\/\/lubrimas.pe\/tienda\/aceite-de-motor\/hyundai-xteer-g700-10w30\/\" \/>\n<meta property=\"og:locale\" content=\"es_ES\" \/>\n<meta property=\"og:type\" content=\"article\" \/>\n<meta property=\"og:title\" content=\"HYUNDAI XTEER G700 10W30 - Aceite sint\u00e9tico | Lubrimas.pe | Tienda Online\" \/>\n<meta property=\"og:description\" content=\"Xteer Gasoline es una aceite para motor de alta prestancia formulado a partir de bases semi sint\u00e9ticas. Cumple con los requisitos actuales de calidad de aceite para motores API SN e ILSACGF-5. Ha sido optimizado para proporcionar la forma excepcional de mayor protecci\u00f3n y lubricaci\u00f3n en todos los motores de veh\u00edculos de pasajeros.\" \/>\n<meta property=\"og:url\" content=\"https:\/\/lubrimas.pe\/tienda\/aceite-de-motor\/hyundai-xteer-g700-10w30\/\" \/>\n<meta property=\"og:site_name\" content=\"Lubrimas.pe | Tienda Online\" \/>\n<meta property=\"article:modified_time\" content=\"2025-12-17T21:45:24+00:00\" \/>\n<meta property=\"og:image\" content=\"https:\/\/lubrimas.pe\/tienda\/wp-content\/uploads\/sites\/3\/2022\/01\/hyundai-xteer-G700-10w30-galon-4l.jpg\" \/>\n\t<meta property=\"og:image:width\" content=\"1771\" \/>\n\t<meta property=\"og:image:height\" content=\"2083\" \/>\n\t<meta property=\"og:image:type\" content=\"image\/jpeg\" \/>\n<meta name=\"twitter:card\" content=\"summary_large_image\" \/>\n<meta name=\"twitter:label1\" content=\"Tiempo de lectura\" \/>\n\t<meta name=\"twitter:data1\" content=\"1 minuto\" \/>\n<script type=\"application\/ld+json\" class=\"yoast-schema-graph\">{\"@context\":\"https:\\\/\\\/schema.org\",\"@graph\":[{\"@type\":[\"WebPage\",\"ItemPage\"],\"@id\":\"https:\\\/\\\/lubrimas.pe\\\/tienda\\\/aceite-de-motor\\\/hyundai-xteer-g700-10w30\\\/\",\"url\":\"https:\\\/\\\/lubrimas.pe\\\/tienda\\\/aceite-de-motor\\\/hyundai-xteer-g700-10w30\\\/\",\"name\":\"HYUNDAI XTEER G700 10W30 - Aceite sint\u00e9tico | Lubrimas.pe | Tienda Online\",\"isPartOf\":{\"@id\":\"https:\\\/\\\/lubrimas.pe\\\/tienda\\\/#website\"},\"primaryImageOfPage\":{\"@id\":\"https:\\\/\\\/lubrimas.pe\\\/tienda\\\/aceite-de-motor\\\/hyundai-xteer-g700-10w30\\\/#primaryimage\"},\"image\":{\"@id\":\"https:\\\/\\\/lubrimas.pe\\\/tienda\\\/aceite-de-motor\\\/hyundai-xteer-g700-10w30\\\/#primaryimage\"},\"thumbnailUrl\":\"https:\\\/\\\/lubrimas.pe\\\/tienda\\\/wp-content\\\/uploads\\\/sites\\\/3\\\/2022\\\/01\\\/hyundai-xteer-G700-10w30-galon-4l.jpg\",\"datePublished\":\"2022-01-20T01:31:23+00:00\",\"dateModified\":\"2025-12-17T21:45:24+00:00\",\"description\":\"Xteer Gasoline es una aceite para motor de alta prestancia formulado a partir de bases semi sint\u00e9ticas. Cumple con los requisitos actuales de calidad de aceite para motores API SN e ILSACGF-5. Ha sido optimizado para proporcionar la forma excepcional de mayor protecci\u00f3n y lubricaci\u00f3n en todos los motores de veh\u00edculos de pasajeros.\",\"breadcrumb\":{\"@id\":\"https:\\\/\\\/lubrimas.pe\\\/tienda\\\/aceite-de-motor\\\/hyundai-xteer-g700-10w30\\\/#breadcrumb\"},\"inLanguage\":\"es\",\"potentialAction\":[{\"@type\":\"ReadAction\",\"target\":[\"https:\\\/\\\/lubrimas.pe\\\/tienda\\\/aceite-de-motor\\\/hyundai-xteer-g700-10w30\\\/\"]}]},{\"@type\":\"ImageObject\",\"inLanguage\":\"es\",\"@id\":\"https:\\\/\\\/lubrimas.pe\\\/tienda\\\/aceite-de-motor\\\/hyundai-xteer-g700-10w30\\\/#primaryimage\",\"url\":\"https:\\\/\\\/lubrimas.pe\\\/tienda\\\/wp-content\\\/uploads\\\/sites\\\/3\\\/2022\\\/01\\\/hyundai-xteer-G700-10w30-galon-4l.jpg\",\"contentUrl\":\"https:\\\/\\\/lubrimas.pe\\\/tienda\\\/wp-content\\\/uploads\\\/sites\\\/3\\\/2022\\\/01\\\/hyundai-xteer-G700-10w30-galon-4l.jpg\",\"width\":1771,\"height\":2083},{\"@type\":\"BreadcrumbList\",\"@id\":\"https:\\\/\\\/lubrimas.pe\\\/tienda\\\/aceite-de-motor\\\/hyundai-xteer-g700-10w30\\\/#breadcrumb\",\"itemListElement\":[{\"@type\":\"ListItem\",\"position\":1,\"name\":\"Portada\",\"item\":\"https:\\\/\\\/lubrimas.pe\\\/tienda\\\/\"},{\"@type\":\"ListItem\",\"position\":2,\"name\":\"Cat\u00e1logo\",\"item\":\"https:\\\/\\\/lubrimas.pe\\\/tienda\\\/productos\\\/\"},{\"@type\":\"ListItem\",\"position\":3,\"name\":\"HYUNDAI XTEER G700 10W30 &#8211; Aceite sint\u00e9tico\"}]},{\"@type\":\"WebSite\",\"@id\":\"https:\\\/\\\/lubrimas.pe\\\/tienda\\\/#website\",\"url\":\"https:\\\/\\\/lubrimas.pe\\\/tienda\\\/\",\"name\":\"Lubrimas.pe | Tienda Online\",\"description\":\"Tus lubricantes favoritos al mejor precio!\",\"publisher\":{\"@id\":\"https:\\\/\\\/lubrimas.pe\\\/tienda\\\/#organization\"},\"potentialAction\":[{\"@type\":\"SearchAction\",\"target\":{\"@type\":\"EntryPoint\",\"urlTemplate\":\"https:\\\/\\\/lubrimas.pe\\\/tienda\\\/?s={search_term_string}\"},\"query-input\":{\"@type\":\"PropertyValueSpecification\",\"valueRequired\":true,\"valueName\":\"search_term_string\"}}],\"inLanguage\":\"es\"},{\"@type\":\"Organization\",\"@id\":\"https:\\\/\\\/lubrimas.pe\\\/tienda\\\/#organization\",\"name\":\"Lubrimas.pe\",\"url\":\"https:\\\/\\\/lubrimas.pe\\\/tienda\\\/\",\"logo\":{\"@type\":\"ImageObject\",\"inLanguage\":\"es\",\"@id\":\"https:\\\/\\\/lubrimas.pe\\\/tienda\\\/#\\\/schema\\\/logo\\\/image\\\/\",\"url\":\"https:\\\/\\\/lubrimas.pe\\\/tienda\\\/wp-content\\\/uploads\\\/sites\\\/3\\\/2022\\\/07\\\/BANNERS-PROMO-CYBER-WOW-LUBRIMASPE-2022-07.webp\",\"contentUrl\":\"https:\\\/\\\/lubrimas.pe\\\/tienda\\\/wp-content\\\/uploads\\\/sites\\\/3\\\/2022\\\/07\\\/BANNERS-PROMO-CYBER-WOW-LUBRIMASPE-2022-07.webp\",\"width\":500,\"height\":752,\"caption\":\"Lubrimas.pe\"},\"image\":{\"@id\":\"https:\\\/\\\/lubrimas.pe\\\/tienda\\\/#\\\/schema\\\/logo\\\/image\\\/\"}}]}<\/script>\n<!-- \/ Yoast SEO plugin. -->","yoast_head_json":{"title":"HYUNDAI XTEER G700 10W30 - Aceite sint\u00e9tico | Lubrimas.pe | Tienda Online","description":"Xteer Gasoline es una aceite para motor de alta prestancia formulado a partir de bases semi sint\u00e9ticas. Cumple con los requisitos actuales de calidad de aceite para motores API SN e ILSACGF-5. Ha sido optimizado para proporcionar la forma excepcional de mayor protecci\u00f3n y lubricaci\u00f3n en todos los motores de veh\u00edculos de pasajeros.","robots":{"index":"index","follow":"follow","max-snippet":"max-snippet:-1","max-image-preview":"max-image-preview:large","max-video-preview":"max-video-preview:-1"},"canonical":"https:\/\/lubrimas.pe\/tienda\/aceite-de-motor\/hyundai-xteer-g700-10w30\/","og_locale":"es_ES","og_type":"article","og_title":"HYUNDAI XTEER G700 10W30 - Aceite sint\u00e9tico | Lubrimas.pe | Tienda Online","og_description":"Xteer Gasoline es una aceite para motor de alta prestancia formulado a partir de bases semi sint\u00e9ticas. Cumple con los requisitos actuales de calidad de aceite para motores API SN e ILSACGF-5. Ha sido optimizado para proporcionar la forma excepcional de mayor protecci\u00f3n y lubricaci\u00f3n en todos los motores de veh\u00edculos de pasajeros.","og_url":"https:\/\/lubrimas.pe\/tienda\/aceite-de-motor\/hyundai-xteer-g700-10w30\/","og_site_name":"Lubrimas.pe | Tienda Online","article_modified_time":"2025-12-17T21:45:24+00:00","og_image":[{"width":1771,"height":2083,"url":"https:\/\/lubrimas.pe\/tienda\/wp-content\/uploads\/sites\/3\/2022\/01\/hyundai-xteer-G700-10w30-galon-4l.jpg","type":"image\/jpeg"}],"twitter_card":"summary_large_image","twitter_misc":{"Tiempo de lectura":"1 minuto"},"schema":{"@context":"https:\/\/schema.org","@graph":[{"@type":["WebPage","ItemPage"],"@id":"https:\/\/lubrimas.pe\/tienda\/aceite-de-motor\/hyundai-xteer-g700-10w30\/","url":"https:\/\/lubrimas.pe\/tienda\/aceite-de-motor\/hyundai-xteer-g700-10w30\/","name":"HYUNDAI XTEER G700 10W30 - Aceite sint\u00e9tico | Lubrimas.pe | Tienda Online","isPartOf":{"@id":"https:\/\/lubrimas.pe\/tienda\/#website"},"primaryImageOfPage":{"@id":"https:\/\/lubrimas.pe\/tienda\/aceite-de-motor\/hyundai-xteer-g700-10w30\/#primaryimage"},"image":{"@id":"https:\/\/lubrimas.pe\/tienda\/aceite-de-motor\/hyundai-xteer-g700-10w30\/#primaryimage"},"thumbnailUrl":"https:\/\/lubrimas.pe\/tienda\/wp-content\/uploads\/sites\/3\/2022\/01\/hyundai-xteer-G700-10w30-galon-4l.jpg","datePublished":"2022-01-20T01:31:23+00:00","dateModified":"2025-12-17T21:45:24+00:00","description":"Xteer Gasoline es una aceite para motor de alta prestancia formulado a partir de bases semi sint\u00e9ticas. Cumple con los requisitos actuales de calidad de aceite para motores API SN e ILSACGF-5. Ha sido optimizado para proporcionar la forma excepcional de mayor protecci\u00f3n y lubricaci\u00f3n en todos los motores de veh\u00edculos de pasajeros.","breadcrumb":{"@id":"https:\/\/lubrimas.pe\/tienda\/aceite-de-motor\/hyundai-xteer-g700-10w30\/#breadcrumb"},"inLanguage":"es","potentialAction":[{"@type":"ReadAction","target":["https:\/\/lubrimas.pe\/tienda\/aceite-de-motor\/hyundai-xteer-g700-10w30\/"]}]},{"@type":"ImageObject","inLanguage":"es","@id":"https:\/\/lubrimas.pe\/tienda\/aceite-de-motor\/hyundai-xteer-g700-10w30\/#primaryimage","url":"https:\/\/lubrimas.pe\/tienda\/wp-content\/uploads\/sites\/3\/2022\/01\/hyundai-xteer-G700-10w30-galon-4l.jpg","contentUrl":"https:\/\/lubrimas.pe\/tienda\/wp-content\/uploads\/sites\/3\/2022\/01\/hyundai-xteer-G700-10w30-galon-4l.jpg","width":1771,"height":2083},{"@type":"BreadcrumbList","@id":"https:\/\/lubrimas.pe\/tienda\/aceite-de-motor\/hyundai-xteer-g700-10w30\/#breadcrumb","itemListElement":[{"@type":"ListItem","position":1,"name":"Portada","item":"https:\/\/lubrimas.pe\/tienda\/"},{"@type":"ListItem","position":2,"name":"Cat\u00e1logo","item":"https:\/\/lubrimas.pe\/tienda\/productos\/"},{"@type":"ListItem","position":3,"name":"HYUNDAI XTEER G700 10W30 &#8211; Aceite sint\u00e9tico"}]},{"@type":"WebSite","@id":"https:\/\/lubrimas.pe\/tienda\/#website","url":"https:\/\/lubrimas.pe\/tienda\/","name":"Lubrimas.pe | Tienda Online","description":"Tus lubricantes favoritos al mejor precio!","publisher":{"@id":"https:\/\/lubrimas.pe\/tienda\/#organization"},"potentialAction":[{"@type":"SearchAction","target":{"@type":"EntryPoint","urlTemplate":"https:\/\/lubrimas.pe\/tienda\/?s={search_term_string}"},"query-input":{"@type":"PropertyValueSpecification","valueRequired":true,"valueName":"search_term_string"}}],"inLanguage":"es"},{"@type":"Organization","@id":"https:\/\/lubrimas.pe\/tienda\/#organization","name":"Lubrimas.pe","url":"https:\/\/lubrimas.pe\/tienda\/","logo":{"@type":"ImageObject","inLanguage":"es","@id":"https:\/\/lubrimas.pe\/tienda\/#\/schema\/logo\/image\/","url":"https:\/\/lubrimas.pe\/tienda\/wp-content\/uploads\/sites\/3\/2022\/07\/BANNERS-PROMO-CYBER-WOW-LUBRIMASPE-2022-07.webp","contentUrl":"https:\/\/lubrimas.pe\/tienda\/wp-content\/uploads\/sites\/3\/2022\/07\/BANNERS-PROMO-CYBER-WOW-LUBRIMASPE-2022-07.webp","width":500,"height":752,"caption":"Lubrimas.pe"},"image":{"@id":"https:\/\/lubrimas.pe\/tienda\/#\/schema\/logo\/image\/"}}]}},"_links":{"self":[{"href":"https:\/\/lubrimas.pe\/tienda\/wp-json\/wp\/v2\/product\/378","targetHints":{"allow":["GET"]}}],"collection":[{"href":"https:\/\/lubrimas.pe\/tienda\/wp-json\/wp\/v2\/product"}],"about":[{"href":"https:\/\/lubrimas.pe\/tienda\/wp-json\/wp\/v2\/types\/product"}],"wp:featuredmedia":[{"embeddable":true,"href":"https:\/\/lubrimas.pe\/tienda\/wp-json\/wp\/v2\/media\/15073"}],"wp:attachment":[{"href":"https:\/\/lubrimas.pe\/tienda\/wp-json\/wp\/v2\/media?parent=378"}],"wp:term":[{"taxonomy":"product_brand","embeddable":true,"href":"https:\/\/lubrimas.pe\/tienda\/wp-json\/wp\/v2\/product_brand?post=378"},{"taxonomy":"product_cat","embeddable":true,"href":"https:\/\/lubrimas.pe\/tienda\/wp-json\/wp\/v2\/product_cat?post=378"},{"taxonomy":"product_tag","embeddable":true,"href":"https:\/\/lubrimas.pe\/tienda\/wp-json\/wp\/v2\/product_tag?post=378"}],"curies":[{"name":"wp","href":"https:\/\/api.w.org\/{rel}","templated":true}]}}