{"id":382,"date":"2022-01-19T20:31:24","date_gmt":"2022-01-19T20:31:24","guid":{"rendered":"https:\/\/lubrimas.pe\/tienda\/?post_type=product&#038;p=382"},"modified":"2025-12-17T16:45:36","modified_gmt":"2025-12-17T21:45:36","slug":"hyundai-xteer-sae-10w40-semi-sintetico","status":"publish","type":"product","link":"https:\/\/lubrimas.pe\/tienda\/aceite-de-motor\/hyundai-xteer-sae-10w40-semi-sintetico\/","title":{"rendered":"HYUNDAI XTEER G700 SAE 10W40 &#8211; Aceite sint\u00e9tico"},"content":{"rendered":"<p data-start=\"970\" data-end=\"1414\"><strong data-start=\"375\" data-end=\"408\">Hyundai XTeer G700 SAE 10W-40<\/strong> es un aceite sint\u00e9tico avanzado para motores de gasolina, formulado con bases y aditivos de \u00faltima generaci\u00f3n para brindar protecci\u00f3n \u00f3ptima, limpieza interna superior y rendimiento estable en condiciones exigentes. Est\u00e1 desarrollado para autos premium con motores modernos, incluyendo modelos con turbo y sistemas de inyecci\u00f3n directa. Ofrece excelente control de dep\u00f3sitos y holl\u00edn, mayor resistencia t\u00e9rmica y ayuda a mejorar la eficiencia de combustible.<\/p>\n<p data-start=\"970\" data-end=\"1414\">Este lubricante est\u00e1 dise\u00f1ado para uso en una amplia gama de condiciones clim\u00e1ticas y de conducci\u00f3n desde ciudad hasta autopista proporcionando una pel\u00edcula protectora consistente que reduce el desgaste y mantiene el motor funcionando a niveles \u00f3ptimos de rendimiento.<\/p>\n<h5 data-start=\"970\" data-end=\"1414\"><strong>BENEFICIOS<\/strong><\/h5>\n<ul>\n<li data-start=\"2816\" data-end=\"2952\">\n<p data-start=\"2818\" data-end=\"2952\"><strong data-start=\"2820\" data-end=\"2861\">Protecci\u00f3n t\u00e9rmica y contra desgaste:<\/strong> Mantiene lubricaci\u00f3n estable a altas temperaturas. <span class=\"\" data-state=\"closed\"><span class=\"ms-1 inline-flex max-w-full items-center relative top-[-0.094rem] animate-[show_150ms_ease-in]\" data-testid=\"webpage-citation-pill\"><a class=\"flex h-4.5 overflow-hidden rounded-xl px-2 text-[9px] font-medium transition-colors duration-150 ease-in-out text-token-text-secondary! bg-[#F4F4F4]! dark:bg-[#303030]!\" href=\"https:\/\/hyundaixteerindia.com\/wp-content\/uploads\/2025\/01\/PDS_Hyundai_XTeer_g700_SP_5W_30_5W40_10W40.pdf?utm_source=chatgpt.com\" target=\"_blank\" rel=\"noopener\"><span class=\"relative start-0 bottom-0 flex h-full w-full items-center\"><span class=\"flex h-4 w-full items-center justify-between overflow-hidden\"><span class=\"max-w-[15ch] grow truncate overflow-hidden text-center\">hyundaixteerindia.com<\/span><\/span><\/span><\/a><\/span><\/span><\/p>\n<\/li>\n<li data-start=\"2953\" data-end=\"3088\">\n<p data-start=\"2955\" data-end=\"3088\"><strong data-start=\"2957\" data-end=\"2992\">Reducci\u00f3n de dep\u00f3sitos y lodos:<\/strong> Mantiene motor limpio incluso en condiciones exigentes. <span class=\"\" data-state=\"closed\"><span class=\"ms-1 inline-flex max-w-full items-center relative top-[-0.094rem] animate-[show_150ms_ease-in]\" data-testid=\"webpage-citation-pill\"><a class=\"flex h-4.5 overflow-hidden rounded-xl px-2 text-[9px] font-medium transition-colors duration-150 ease-in-out text-token-text-secondary! bg-[#F4F4F4]! dark:bg-[#303030]!\" href=\"https:\/\/hyundaixteerindia.com\/wp-content\/uploads\/2025\/01\/PDS_Hyundai_XTeer_g700_SP_5W_30_5W40_10W40.pdf?utm_source=chatgpt.com\" target=\"_blank\" rel=\"noopener\"><span class=\"relative start-0 bottom-0 flex h-full w-full items-center\"><span class=\"flex h-4 w-full items-center justify-between overflow-hidden\"><span class=\"max-w-[15ch] grow truncate overflow-hidden text-center\">hyundaixteerindia.com<\/span><\/span><\/span><\/a><\/span><\/span><\/p>\n<\/li>\n<li data-start=\"3089\" data-end=\"3240\">\n<p data-start=\"3091\" data-end=\"3240\"><strong data-start=\"3093\" data-end=\"3122\">Eficiencia en combusti\u00f3n:<\/strong> Mejora el consumo de combustible y reduce p\u00e9rdidas de energ\u00eda por fricci\u00f3n. <span class=\"\" data-state=\"closed\"><span class=\"ms-1 inline-flex max-w-full items-center relative top-[-0.094rem] animate-[show_150ms_ease-in]\" data-testid=\"webpage-citation-pill\"><a class=\"flex h-4.5 overflow-hidden rounded-xl px-2 text-[9px] font-medium transition-colors duration-150 ease-in-out text-token-text-secondary! bg-[#F4F4F4]! dark:bg-[#303030]!\" href=\"https:\/\/hyundaixteer.vn\/san-pham\/xteer-gasoline-g700-10w40?utm_source=chatgpt.com\" target=\"_blank\" rel=\"noopener\"><span class=\"relative start-0 bottom-0 flex h-full w-full items-center\"><span class=\"flex h-4 w-full items-center justify-between overflow-hidden\"><span class=\"max-w-[15ch] grow truncate overflow-hidden text-center\">hyundaixteer.vn<\/span><\/span><\/span><\/a><\/span><\/span><\/p>\n<\/li>\n<li data-start=\"3241\" data-end=\"3387\">\n<p data-start=\"3243\" data-end=\"3387\"><strong data-start=\"3245\" data-end=\"3277\">Amplio rango de temperatura:<\/strong> Excelente flujo en fr\u00edo y resistencia al calor en operaci\u00f3n continua.<\/p>\n<\/li>\n<\/ul>\n","protected":false},"excerpt":{"rendered":"<p>Hyundai XTeer G700 SAE 10W-40 es un aceite sint\u00e9tico avanzado para motores de gasolina, formulado con bases y aditivos de \u00faltima generaci\u00f3n para brindar protecci\u00f3n \u00f3ptima, limpieza interna superior y<\/p>\n","protected":false},"featured_media":15069,"template":"","meta":[],"product_brand":[],"product_cat":[16,22],"product_tag":[],"class_list":{"0":"post-382","1":"product","2":"type-product","3":"status-publish","4":"has-post-thumbnail","6":"product_cat-aceite-de-motor","7":"product_cat-motor-gasolina-gas","8":"pa_grado-10w40","9":"pa_marca-hyundai-xteer","11":"first","12":"instock","13":"sale","14":"shipping-taxable","15":"purchasable","16":"product-type-variable","17":"has-default-attributes"},"yoast_head":"<!-- This site is optimized with the Yoast SEO plugin v27.1.1 - https:\/\/yoast.com\/product\/yoast-seo-wordpress\/ -->\n<title>HYUNDAI XTEER G700 SAE 10W40 - Aceite sint\u00e9tico | Lubrimas.pe | Tienda Online<\/title>\n<meta name=\"description\" content=\"Hyundai XTeer G700 10W-40 sint\u00e9tico ofrece m\u00e1xima protecci\u00f3n, limpieza y eficiencia para motores modernos. Cumple API SN. Disponible en Lubrimas.pe.\" \/>\n<meta name=\"robots\" content=\"index, follow, max-snippet:-1, max-image-preview:large, max-video-preview:-1\" \/>\n<link rel=\"canonical\" href=\"https:\/\/lubrimas.pe\/tienda\/aceite-de-motor\/hyundai-xteer-sae-10w40-semi-sintetico\/\" \/>\n<meta property=\"og:locale\" content=\"es_ES\" \/>\n<meta property=\"og:type\" content=\"article\" \/>\n<meta property=\"og:title\" content=\"HYUNDAI XTEER G700 SAE 10W40 - Aceite sint\u00e9tico | Lubrimas.pe | Tienda Online\" \/>\n<meta property=\"og:description\" content=\"Hyundai XTeer G700 10W-40 sint\u00e9tico ofrece m\u00e1xima protecci\u00f3n, limpieza y eficiencia para motores modernos. Cumple API SN. Disponible en Lubrimas.pe.\" \/>\n<meta property=\"og:url\" content=\"https:\/\/lubrimas.pe\/tienda\/aceite-de-motor\/hyundai-xteer-sae-10w40-semi-sintetico\/\" \/>\n<meta property=\"og:site_name\" content=\"Lubrimas.pe | Tienda Online\" \/>\n<meta property=\"article:modified_time\" content=\"2025-12-17T21:45:36+00:00\" \/>\n<meta property=\"og:image\" content=\"https:\/\/lubrimas.pe\/tienda\/wp-content\/uploads\/sites\/3\/2022\/01\/hyundai-xteer-G700-10w40-galon-4l.webp\" \/>\n\t<meta property=\"og:image:width\" content=\"1771\" \/>\n\t<meta property=\"og:image:height\" content=\"2083\" \/>\n\t<meta property=\"og:image:type\" content=\"image\/webp\" \/>\n<meta name=\"twitter:card\" content=\"summary_large_image\" \/>\n<meta name=\"twitter:label1\" content=\"Tiempo de lectura\" \/>\n\t<meta name=\"twitter:data1\" content=\"1 minuto\" \/>\n<script type=\"application\/ld+json\" class=\"yoast-schema-graph\">{\"@context\":\"https:\/\/schema.org\",\"@graph\":[{\"@type\":[\"WebPage\",\"ItemPage\"],\"@id\":\"https:\/\/lubrimas.pe\/tienda\/aceite-de-motor\/hyundai-xteer-sae-10w40-semi-sintetico\/\",\"url\":\"https:\/\/lubrimas.pe\/tienda\/aceite-de-motor\/hyundai-xteer-sae-10w40-semi-sintetico\/\",\"name\":\"HYUNDAI XTEER G700 SAE 10W40 - Aceite sint\u00e9tico | Lubrimas.pe | Tienda Online\",\"isPartOf\":{\"@id\":\"https:\/\/lubrimas.pe\/tienda\/#website\"},\"primaryImageOfPage\":{\"@id\":\"https:\/\/lubrimas.pe\/tienda\/aceite-de-motor\/hyundai-xteer-sae-10w40-semi-sintetico\/#primaryimage\"},\"image\":{\"@id\":\"https:\/\/lubrimas.pe\/tienda\/aceite-de-motor\/hyundai-xteer-sae-10w40-semi-sintetico\/#primaryimage\"},\"thumbnailUrl\":\"https:\/\/lubrimas.pe\/tienda\/wp-content\/uploads\/sites\/3\/2022\/01\/hyundai-xteer-G700-10w40-galon-4l.webp\",\"datePublished\":\"2022-01-19T20:31:24+00:00\",\"dateModified\":\"2025-12-17T21:45:36+00:00\",\"description\":\"Hyundai XTeer G700 10W-40 sint\u00e9tico ofrece m\u00e1xima protecci\u00f3n, limpieza y eficiencia para motores modernos. Cumple API SN. Disponible en Lubrimas.pe.\",\"breadcrumb\":{\"@id\":\"https:\/\/lubrimas.pe\/tienda\/aceite-de-motor\/hyundai-xteer-sae-10w40-semi-sintetico\/#breadcrumb\"},\"inLanguage\":\"es\",\"potentialAction\":[{\"@type\":\"ReadAction\",\"target\":[\"https:\/\/lubrimas.pe\/tienda\/aceite-de-motor\/hyundai-xteer-sae-10w40-semi-sintetico\/\"]}]},{\"@type\":\"ImageObject\",\"inLanguage\":\"es\",\"@id\":\"https:\/\/lubrimas.pe\/tienda\/aceite-de-motor\/hyundai-xteer-sae-10w40-semi-sintetico\/#primaryimage\",\"url\":\"https:\/\/lubrimas.pe\/tienda\/wp-content\/uploads\/sites\/3\/2022\/01\/hyundai-xteer-G700-10w40-galon-4l.webp\",\"contentUrl\":\"https:\/\/lubrimas.pe\/tienda\/wp-content\/uploads\/sites\/3\/2022\/01\/hyundai-xteer-G700-10w40-galon-4l.webp\",\"width\":1771,\"height\":2083},{\"@type\":\"BreadcrumbList\",\"@id\":\"https:\/\/lubrimas.pe\/tienda\/aceite-de-motor\/hyundai-xteer-sae-10w40-semi-sintetico\/#breadcrumb\",\"itemListElement\":[{\"@type\":\"ListItem\",\"position\":1,\"name\":\"Portada\",\"item\":\"https:\/\/lubrimas.pe\/tienda\/\"},{\"@type\":\"ListItem\",\"position\":2,\"name\":\"Cat\u00e1logo\",\"item\":\"https:\/\/lubrimas.pe\/tienda\/productos\/\"},{\"@type\":\"ListItem\",\"position\":3,\"name\":\"HYUNDAI XTEER G700 SAE 10W40 &#8211; Aceite sint\u00e9tico\"}]},{\"@type\":\"WebSite\",\"@id\":\"https:\/\/lubrimas.pe\/tienda\/#website\",\"url\":\"https:\/\/lubrimas.pe\/tienda\/\",\"name\":\"Lubrimas.pe | Tienda Online\",\"description\":\"Tus lubricantes favoritos al mejor precio!\",\"publisher\":{\"@id\":\"https:\/\/lubrimas.pe\/tienda\/#organization\"},\"potentialAction\":[{\"@type\":\"SearchAction\",\"target\":{\"@type\":\"EntryPoint\",\"urlTemplate\":\"https:\/\/lubrimas.pe\/tienda\/?s={search_term_string}\"},\"query-input\":{\"@type\":\"PropertyValueSpecification\",\"valueRequired\":true,\"valueName\":\"search_term_string\"}}],\"inLanguage\":\"es\"},{\"@type\":\"Organization\",\"@id\":\"https:\/\/lubrimas.pe\/tienda\/#organization\",\"name\":\"Lubrimas.pe\",\"url\":\"https:\/\/lubrimas.pe\/tienda\/\",\"logo\":{\"@type\":\"ImageObject\",\"inLanguage\":\"es\",\"@id\":\"https:\/\/lubrimas.pe\/tienda\/#\/schema\/logo\/image\/\",\"url\":\"https:\/\/lubrimas.pe\/tienda\/wp-content\/uploads\/sites\/3\/2022\/07\/BANNERS-PROMO-CYBER-WOW-LUBRIMASPE-2022-07.webp\",\"contentUrl\":\"https:\/\/lubrimas.pe\/tienda\/wp-content\/uploads\/sites\/3\/2022\/07\/BANNERS-PROMO-CYBER-WOW-LUBRIMASPE-2022-07.webp\",\"width\":500,\"height\":752,\"caption\":\"Lubrimas.pe\"},\"image\":{\"@id\":\"https:\/\/lubrimas.pe\/tienda\/#\/schema\/logo\/image\/\"}}]}<\/script>\n<!-- \/ Yoast SEO plugin. -->","yoast_head_json":{"title":"HYUNDAI XTEER G700 SAE 10W40 - Aceite sint\u00e9tico | Lubrimas.pe | Tienda Online","description":"Hyundai XTeer G700 10W-40 sint\u00e9tico ofrece m\u00e1xima protecci\u00f3n, limpieza y eficiencia para motores modernos. Cumple API SN. Disponible en Lubrimas.pe.","robots":{"index":"index","follow":"follow","max-snippet":"max-snippet:-1","max-image-preview":"max-image-preview:large","max-video-preview":"max-video-preview:-1"},"canonical":"https:\/\/lubrimas.pe\/tienda\/aceite-de-motor\/hyundai-xteer-sae-10w40-semi-sintetico\/","og_locale":"es_ES","og_type":"article","og_title":"HYUNDAI XTEER G700 SAE 10W40 - Aceite sint\u00e9tico | Lubrimas.pe | Tienda Online","og_description":"Hyundai XTeer G700 10W-40 sint\u00e9tico ofrece m\u00e1xima protecci\u00f3n, limpieza y eficiencia para motores modernos. Cumple API SN. Disponible en Lubrimas.pe.","og_url":"https:\/\/lubrimas.pe\/tienda\/aceite-de-motor\/hyundai-xteer-sae-10w40-semi-sintetico\/","og_site_name":"Lubrimas.pe | Tienda Online","article_modified_time":"2025-12-17T21:45:36+00:00","og_image":[{"width":1771,"height":2083,"url":"https:\/\/lubrimas.pe\/tienda\/wp-content\/uploads\/sites\/3\/2022\/01\/hyundai-xteer-G700-10w40-galon-4l.webp","type":"image\/webp"}],"twitter_card":"summary_large_image","twitter_misc":{"Tiempo de lectura":"1 minuto"},"schema":{"@context":"https:\/\/schema.org","@graph":[{"@type":["WebPage","ItemPage"],"@id":"https:\/\/lubrimas.pe\/tienda\/aceite-de-motor\/hyundai-xteer-sae-10w40-semi-sintetico\/","url":"https:\/\/lubrimas.pe\/tienda\/aceite-de-motor\/hyundai-xteer-sae-10w40-semi-sintetico\/","name":"HYUNDAI XTEER G700 SAE 10W40 - Aceite sint\u00e9tico | Lubrimas.pe | Tienda Online","isPartOf":{"@id":"https:\/\/lubrimas.pe\/tienda\/#website"},"primaryImageOfPage":{"@id":"https:\/\/lubrimas.pe\/tienda\/aceite-de-motor\/hyundai-xteer-sae-10w40-semi-sintetico\/#primaryimage"},"image":{"@id":"https:\/\/lubrimas.pe\/tienda\/aceite-de-motor\/hyundai-xteer-sae-10w40-semi-sintetico\/#primaryimage"},"thumbnailUrl":"https:\/\/lubrimas.pe\/tienda\/wp-content\/uploads\/sites\/3\/2022\/01\/hyundai-xteer-G700-10w40-galon-4l.webp","datePublished":"2022-01-19T20:31:24+00:00","dateModified":"2025-12-17T21:45:36+00:00","description":"Hyundai XTeer G700 10W-40 sint\u00e9tico ofrece m\u00e1xima protecci\u00f3n, limpieza y eficiencia para motores modernos. Cumple API SN. Disponible en Lubrimas.pe.","breadcrumb":{"@id":"https:\/\/lubrimas.pe\/tienda\/aceite-de-motor\/hyundai-xteer-sae-10w40-semi-sintetico\/#breadcrumb"},"inLanguage":"es","potentialAction":[{"@type":"ReadAction","target":["https:\/\/lubrimas.pe\/tienda\/aceite-de-motor\/hyundai-xteer-sae-10w40-semi-sintetico\/"]}]},{"@type":"ImageObject","inLanguage":"es","@id":"https:\/\/lubrimas.pe\/tienda\/aceite-de-motor\/hyundai-xteer-sae-10w40-semi-sintetico\/#primaryimage","url":"https:\/\/lubrimas.pe\/tienda\/wp-content\/uploads\/sites\/3\/2022\/01\/hyundai-xteer-G700-10w40-galon-4l.webp","contentUrl":"https:\/\/lubrimas.pe\/tienda\/wp-content\/uploads\/sites\/3\/2022\/01\/hyundai-xteer-G700-10w40-galon-4l.webp","width":1771,"height":2083},{"@type":"BreadcrumbList","@id":"https:\/\/lubrimas.pe\/tienda\/aceite-de-motor\/hyundai-xteer-sae-10w40-semi-sintetico\/#breadcrumb","itemListElement":[{"@type":"ListItem","position":1,"name":"Portada","item":"https:\/\/lubrimas.pe\/tienda\/"},{"@type":"ListItem","position":2,"name":"Cat\u00e1logo","item":"https:\/\/lubrimas.pe\/tienda\/productos\/"},{"@type":"ListItem","position":3,"name":"HYUNDAI XTEER G700 SAE 10W40 &#8211; Aceite sint\u00e9tico"}]},{"@type":"WebSite","@id":"https:\/\/lubrimas.pe\/tienda\/#website","url":"https:\/\/lubrimas.pe\/tienda\/","name":"Lubrimas.pe | Tienda Online","description":"Tus lubricantes favoritos al mejor precio!","publisher":{"@id":"https:\/\/lubrimas.pe\/tienda\/#organization"},"potentialAction":[{"@type":"SearchAction","target":{"@type":"EntryPoint","urlTemplate":"https:\/\/lubrimas.pe\/tienda\/?s={search_term_string}"},"query-input":{"@type":"PropertyValueSpecification","valueRequired":true,"valueName":"search_term_string"}}],"inLanguage":"es"},{"@type":"Organization","@id":"https:\/\/lubrimas.pe\/tienda\/#organization","name":"Lubrimas.pe","url":"https:\/\/lubrimas.pe\/tienda\/","logo":{"@type":"ImageObject","inLanguage":"es","@id":"https:\/\/lubrimas.pe\/tienda\/#\/schema\/logo\/image\/","url":"https:\/\/lubrimas.pe\/tienda\/wp-content\/uploads\/sites\/3\/2022\/07\/BANNERS-PROMO-CYBER-WOW-LUBRIMASPE-2022-07.webp","contentUrl":"https:\/\/lubrimas.pe\/tienda\/wp-content\/uploads\/sites\/3\/2022\/07\/BANNERS-PROMO-CYBER-WOW-LUBRIMASPE-2022-07.webp","width":500,"height":752,"caption":"Lubrimas.pe"},"image":{"@id":"https:\/\/lubrimas.pe\/tienda\/#\/schema\/logo\/image\/"}}]}},"_links":{"self":[{"href":"https:\/\/lubrimas.pe\/tienda\/wp-json\/wp\/v2\/product\/382","targetHints":{"allow":["GET"]}}],"collection":[{"href":"https:\/\/lubrimas.pe\/tienda\/wp-json\/wp\/v2\/product"}],"about":[{"href":"https:\/\/lubrimas.pe\/tienda\/wp-json\/wp\/v2\/types\/product"}],"wp:featuredmedia":[{"embeddable":true,"href":"https:\/\/lubrimas.pe\/tienda\/wp-json\/wp\/v2\/media\/15069"}],"wp:attachment":[{"href":"https:\/\/lubrimas.pe\/tienda\/wp-json\/wp\/v2\/media?parent=382"}],"wp:term":[{"taxonomy":"product_brand","embeddable":true,"href":"https:\/\/lubrimas.pe\/tienda\/wp-json\/wp\/v2\/product_brand?post=382"},{"taxonomy":"product_cat","embeddable":true,"href":"https:\/\/lubrimas.pe\/tienda\/wp-json\/wp\/v2\/product_cat?post=382"},{"taxonomy":"product_tag","embeddable":true,"href":"https:\/\/lubrimas.pe\/tienda\/wp-json\/wp\/v2\/product_tag?post=382"}],"curies":[{"name":"wp","href":"https:\/\/api.w.org\/{rel}","templated":true}]}}