{"id":387,"date":"2022-01-19T20:31:24","date_gmt":"2022-01-19T20:31:24","guid":{"rendered":"https:\/\/lubrimas.pe\/tienda\/?post_type=product&#038;p=387"},"modified":"2026-04-25T13:04:48","modified_gmt":"2026-04-25T18:04:48","slug":"liqui-moly-5w30-top-tec-4200","status":"publish","type":"product","link":"https:\/\/lubrimas.pe\/tienda\/aceite-de-motor\/liqui-moly-5w30-top-tec-4200\/","title":{"rendered":"LIQUI MOLY 5W30 TOP TEC 4200 &#8211; Aceite de Motor antifricci\u00f3n"},"content":{"rendered":"<p><strong>LIQUI MOLY 5W30 TOP TEC 4200 <\/strong>es un aceite de motor sint\u00e9tico de \u00faltima generaci\u00f3n con tecnolog\u00eda Longlife, dise\u00f1ado para ofrecer m\u00e1xima limpieza, protecci\u00f3n y eficiencia en motores modernos.<\/p>\n<p data-start=\"1155\" data-end=\"1405\">Su formulaci\u00f3n avanzada reduce la formaci\u00f3n de dep\u00f3sitos, mejora la lubricaci\u00f3n interna y protege contra el desgaste, incluso en condiciones exigentes. Adem\u00e1s, optimiza el funcionamiento del motor y ayuda a reducir el consumo de aceite y combustible.<\/p>\n<p data-start=\"1407\" data-end=\"1543\">Es compatible con sistemas de postratamiento de gases como el filtro de part\u00edculas di\u00e9sel (DPF), contribuyendo a prolongar su vida \u00fatil.<\/p>\n<h5><strong>CARACTER\u00cdSTICAS PRINCIPALES<\/strong><\/h5>\n<ul>\n<li data-start=\"1574\" data-end=\"1614\">Excelente limpieza interna del motor<\/li>\n<li data-start=\"1615\" data-end=\"1651\">Reduce la formaci\u00f3n de dep\u00f3sitos<\/li>\n<li data-start=\"1652\" data-end=\"1694\">Protecci\u00f3n avanzada contra el desgaste<\/li>\n<li data-start=\"1695\" data-end=\"1726\">Compatible con sistemas DPF<\/li>\n<li data-start=\"1727\" data-end=\"1761\">Mejora la eficiencia del motor<\/li>\n<li data-start=\"1762\" data-end=\"1807\">Reduce el consumo de aceite y combustible<\/li>\n<li data-start=\"1808\" data-end=\"1863\">Permite intervalos de cambio prolongados (Longlife)<\/li>\n<\/ul>\n<h5><strong>APLICACIONES<\/strong><\/h5>\n<p>Para motores de gasolina y di\u00e9sel que aplican las normas de gases de escape Euro 4, Euro 5 y Euro 6 (incluyendo FSI, tecnolog\u00eda Common Rail y de bombainyector). Particularmente indicado para veh\u00edculos que funcionan con gas (GNC\/GLP) y veh\u00edculos con filtro de part\u00edculas di\u00e9sel (DPF), tambi\u00e9n en caso de equipamiento posterior. Excepci\u00f3n: motores TDI R5 y V10 anteriores al a\u00f1o de construcci\u00f3n 06.2006. Probado en turbocompresores y<br \/>\ncatalizadores. De aplicaci\u00f3n universal para las tecnolog\u00edas de motores m\u00e1s modernas de Audi, BMW, Mercedes-Benz y el grupo VW.<\/p>\n<p><em>*S\u00f3lo permitido para motores de gasolina BMW sin filtro de part\u00edculas en la UE, incluidos Noruega, Gran Breta\u00f1a, Suiza y Liechtenstein.<\/em><\/p>\n<h5><strong>APROBACIONES \/ ESPECIFICACIONES<\/strong><\/h5>\n<p>ACEA C3, API SQ, BMW Longlife-04, MB-Approval 229.31, MB-Approval 229.51, MB-Approval 229.52, Opel OV 040 1547 &#8211; G30 \/ Opel OV 040 1547 &#8211; D30, Porsche C30, VW 504 00, VW 507 00, ACEA C2, BMW Longlife-01 (up to 2018)*, BMW Longlife-01 FE (up to 2018)*, Fiat 9.55535-S1, Fiat 9.55535-S3, GWM, HAVAL, VW 500 00, VW 501 01, VW 502 00, VW 503 00, VW 503 01, VW 505 00, VW 505 01, VW 506 00, VW 506 01 (With the exception of R5 and V10 TDI engines before 6\/2006), Wuling<\/p>\n<h5><strong>INFORMACI\u00d3N ADICIONAL<\/strong><\/h5>\n<div class=\"aditional-info-tecnical-lp\"><a href=\"https:\/\/lubrimas.pe\/tienda\/wp-content\/uploads\/sites\/3\/2022\/01\/LubriMas-Ficha-Tecnica-Liqui-Moly-Top-Tec-4200-5W30.pdf\" target=\"_blank\" rel=\"noopener\">FICHA T\u00c9CNICA<\/a><br \/>\n<a href=\"https:\/\/www.liqui-moly.com\/es\/top-tec-4200-5w-30-new-generation-p000323.html#8973\" target=\"_blank\" rel=\"noopener\">SITIO OFICIAL<\/a><\/div>\n<blockquote><p>LM 3715, LM-3715, LM3715, LM 8973, LM-8973, LM8973, LM 8972, LM-9872, LM89792, LIQUIMOLY, LIQUI MOLY, ADITIVOS LUBRICANTES ALEMANES<\/p><\/blockquote>\n","protected":false},"excerpt":{"rendered":"<p>LIQUI MOLY 5W30 TOP TEC 4200 es un aceite de motor sint\u00e9tico de \u00faltima generaci\u00f3n con tecnolog\u00eda Longlife, dise\u00f1ado para ofrecer m\u00e1xima limpieza, protecci\u00f3n y eficiencia en motores modernos. Su<\/p>\n","protected":false},"featured_media":11536,"template":"","meta":[],"product_brand":[],"product_cat":[16,22],"product_tag":[23,24,25],"class_list":{"0":"post-387","1":"product","2":"type-product","3":"status-publish","4":"has-post-thumbnail","6":"product_cat-aceite-de-motor","7":"product_cat-motor-gasolina-gas","8":"product_tag-aditivos-lubricantes-alemanes","9":"product_tag-liqui-moly","10":"product_tag-liquimoly","11":"pa_especificaciones-acea-c3","12":"pa_especificaciones-bmw-longlife-04","13":"pa_especificaciones-mb-approval-229-51","14":"pa_especificaciones-mb-approval-229-52","15":"pa_especificaciones-porsche-c30","16":"pa_especificaciones-vw-504-00","17":"pa_especificaciones-vw-507-00","18":"pa_grado-5w30","19":"pa_marca-liquimoly","20":"pa_ofertas-cyber","22":"first","23":"instock","24":"shipping-taxable","25":"purchasable","26":"product-type-variable","27":"has-default-attributes"},"yoast_head":"<!-- This site is optimized with the Yoast SEO plugin v27.4 - https:\/\/yoast.com\/product\/yoast-seo-wordpress\/ -->\n<title>LIQUI MOLY 5W30 TOP TEC 4200 - Aceite de Motor antifricci\u00f3n | Lubrimas.pe | Tienda Online<\/title>\n<meta name=\"description\" content=\"Aceite Liqui Moly Top Tec 4200 5W30 sint\u00e9tico Longlife. Reduce dep\u00f3sitos, protege el motor y es compatible con sistemas DPF en veh\u00edculos modernos.\" \/>\n<meta name=\"robots\" content=\"index, follow, max-snippet:-1, max-image-preview:large, max-video-preview:-1\" \/>\n<link rel=\"canonical\" href=\"https:\/\/lubrimas.pe\/tienda\/aceite-de-motor\/liqui-moly-5w30-top-tec-4200\/\" \/>\n<meta property=\"og:locale\" content=\"es_ES\" \/>\n<meta property=\"og:type\" content=\"article\" \/>\n<meta property=\"og:title\" content=\"LIQUI MOLY 5W30 TOP TEC 4200 - Aceite de Motor antifricci\u00f3n | Lubrimas.pe | Tienda Online\" \/>\n<meta property=\"og:description\" content=\"Aceite Liqui Moly Top Tec 4200 5W30 sint\u00e9tico Longlife. Reduce dep\u00f3sitos, protege el motor y es compatible con sistemas DPF en veh\u00edculos modernos.\" \/>\n<meta property=\"og:url\" content=\"https:\/\/lubrimas.pe\/tienda\/aceite-de-motor\/liqui-moly-5w30-top-tec-4200\/\" \/>\n<meta property=\"og:site_name\" content=\"Lubrimas.pe | Tienda Online\" \/>\n<meta property=\"article:modified_time\" content=\"2026-04-25T18:04:48+00:00\" \/>\n<meta property=\"og:image\" content=\"https:\/\/lubrimas.pe\/tienda\/wp-content\/uploads\/sites\/3\/2022\/02\/lubrimas_pe-lubrimasperu_com-5w30-liquimoly-aceite-sintetico-europeo-4200-aleman-5l-galon-aceite-de-motor-lima-peru-los-olivos.webp\" \/>\n\t<meta property=\"og:image:width\" content=\"850\" \/>\n\t<meta property=\"og:image:height\" content=\"1000\" \/>\n\t<meta property=\"og:image:type\" content=\"image\/webp\" \/>\n<meta name=\"twitter:card\" content=\"summary_large_image\" \/>\n<meta name=\"twitter:label1\" content=\"Tiempo de lectura\" \/>\n\t<meta name=\"twitter:data1\" content=\"1 minuto\" \/>\n<script type=\"application\/ld+json\" class=\"yoast-schema-graph\">{\"@context\":\"https:\\\/\\\/schema.org\",\"@graph\":[{\"@type\":[\"WebPage\",\"ItemPage\"],\"@id\":\"https:\\\/\\\/lubrimas.pe\\\/tienda\\\/aceite-de-motor\\\/liqui-moly-5w30-top-tec-4200\\\/\",\"url\":\"https:\\\/\\\/lubrimas.pe\\\/tienda\\\/aceite-de-motor\\\/liqui-moly-5w30-top-tec-4200\\\/\",\"name\":\"LIQUI MOLY 5W30 TOP TEC 4200 - Aceite de Motor antifricci\u00f3n | Lubrimas.pe | Tienda Online\",\"isPartOf\":{\"@id\":\"https:\\\/\\\/lubrimas.pe\\\/tienda\\\/#website\"},\"primaryImageOfPage\":{\"@id\":\"https:\\\/\\\/lubrimas.pe\\\/tienda\\\/aceite-de-motor\\\/liqui-moly-5w30-top-tec-4200\\\/#primaryimage\"},\"image\":{\"@id\":\"https:\\\/\\\/lubrimas.pe\\\/tienda\\\/aceite-de-motor\\\/liqui-moly-5w30-top-tec-4200\\\/#primaryimage\"},\"thumbnailUrl\":\"https:\\\/\\\/lubrimas.pe\\\/tienda\\\/wp-content\\\/uploads\\\/sites\\\/3\\\/2022\\\/02\\\/lubrimas_pe-lubrimasperu_com-5w30-liquimoly-aceite-sintetico-europeo-4200-aleman-5l-galon-aceite-de-motor-lima-peru-los-olivos.webp\",\"datePublished\":\"2022-01-19T20:31:24+00:00\",\"dateModified\":\"2026-04-25T18:04:48+00:00\",\"description\":\"Aceite Liqui Moly Top Tec 4200 5W30 sint\u00e9tico Longlife. Reduce dep\u00f3sitos, protege el motor y es compatible con sistemas DPF en veh\u00edculos modernos.\",\"breadcrumb\":{\"@id\":\"https:\\\/\\\/lubrimas.pe\\\/tienda\\\/aceite-de-motor\\\/liqui-moly-5w30-top-tec-4200\\\/#breadcrumb\"},\"inLanguage\":\"es\",\"potentialAction\":[{\"@type\":\"ReadAction\",\"target\":[\"https:\\\/\\\/lubrimas.pe\\\/tienda\\\/aceite-de-motor\\\/liqui-moly-5w30-top-tec-4200\\\/\"]}]},{\"@type\":\"ImageObject\",\"inLanguage\":\"es\",\"@id\":\"https:\\\/\\\/lubrimas.pe\\\/tienda\\\/aceite-de-motor\\\/liqui-moly-5w30-top-tec-4200\\\/#primaryimage\",\"url\":\"https:\\\/\\\/lubrimas.pe\\\/tienda\\\/wp-content\\\/uploads\\\/sites\\\/3\\\/2022\\\/02\\\/lubrimas_pe-lubrimasperu_com-5w30-liquimoly-aceite-sintetico-europeo-4200-aleman-5l-galon-aceite-de-motor-lima-peru-los-olivos.webp\",\"contentUrl\":\"https:\\\/\\\/lubrimas.pe\\\/tienda\\\/wp-content\\\/uploads\\\/sites\\\/3\\\/2022\\\/02\\\/lubrimas_pe-lubrimasperu_com-5w30-liquimoly-aceite-sintetico-europeo-4200-aleman-5l-galon-aceite-de-motor-lima-peru-los-olivos.webp\",\"width\":850,\"height\":1000},{\"@type\":\"BreadcrumbList\",\"@id\":\"https:\\\/\\\/lubrimas.pe\\\/tienda\\\/aceite-de-motor\\\/liqui-moly-5w30-top-tec-4200\\\/#breadcrumb\",\"itemListElement\":[{\"@type\":\"ListItem\",\"position\":1,\"name\":\"Portada\",\"item\":\"https:\\\/\\\/lubrimas.pe\\\/tienda\\\/\"},{\"@type\":\"ListItem\",\"position\":2,\"name\":\"Cat\u00e1logo\",\"item\":\"https:\\\/\\\/lubrimas.pe\\\/tienda\\\/productos\\\/\"},{\"@type\":\"ListItem\",\"position\":3,\"name\":\"LIQUI MOLY 5W30 TOP TEC 4200 &#8211; Aceite de Motor antifricci\u00f3n\"}]},{\"@type\":\"WebSite\",\"@id\":\"https:\\\/\\\/lubrimas.pe\\\/tienda\\\/#website\",\"url\":\"https:\\\/\\\/lubrimas.pe\\\/tienda\\\/\",\"name\":\"Lubrimas.pe | Tienda Online\",\"description\":\"Tus lubricantes favoritos al mejor precio!\",\"publisher\":{\"@id\":\"https:\\\/\\\/lubrimas.pe\\\/tienda\\\/#organization\"},\"potentialAction\":[{\"@type\":\"SearchAction\",\"target\":{\"@type\":\"EntryPoint\",\"urlTemplate\":\"https:\\\/\\\/lubrimas.pe\\\/tienda\\\/?s={search_term_string}\"},\"query-input\":{\"@type\":\"PropertyValueSpecification\",\"valueRequired\":true,\"valueName\":\"search_term_string\"}}],\"inLanguage\":\"es\"},{\"@type\":\"Organization\",\"@id\":\"https:\\\/\\\/lubrimas.pe\\\/tienda\\\/#organization\",\"name\":\"Lubrimas.pe\",\"url\":\"https:\\\/\\\/lubrimas.pe\\\/tienda\\\/\",\"logo\":{\"@type\":\"ImageObject\",\"inLanguage\":\"es\",\"@id\":\"https:\\\/\\\/lubrimas.pe\\\/tienda\\\/#\\\/schema\\\/logo\\\/image\\\/\",\"url\":\"https:\\\/\\\/lubrimas.pe\\\/tienda\\\/wp-content\\\/uploads\\\/sites\\\/3\\\/2022\\\/07\\\/BANNERS-PROMO-CYBER-WOW-LUBRIMASPE-2022-07.webp\",\"contentUrl\":\"https:\\\/\\\/lubrimas.pe\\\/tienda\\\/wp-content\\\/uploads\\\/sites\\\/3\\\/2022\\\/07\\\/BANNERS-PROMO-CYBER-WOW-LUBRIMASPE-2022-07.webp\",\"width\":500,\"height\":752,\"caption\":\"Lubrimas.pe\"},\"image\":{\"@id\":\"https:\\\/\\\/lubrimas.pe\\\/tienda\\\/#\\\/schema\\\/logo\\\/image\\\/\"}}]}<\/script>\n<!-- \/ Yoast SEO plugin. -->","yoast_head_json":{"title":"LIQUI MOLY 5W30 TOP TEC 4200 - Aceite de Motor antifricci\u00f3n | Lubrimas.pe | Tienda Online","description":"Aceite Liqui Moly Top Tec 4200 5W30 sint\u00e9tico Longlife. Reduce dep\u00f3sitos, protege el motor y es compatible con sistemas DPF en veh\u00edculos modernos.","robots":{"index":"index","follow":"follow","max-snippet":"max-snippet:-1","max-image-preview":"max-image-preview:large","max-video-preview":"max-video-preview:-1"},"canonical":"https:\/\/lubrimas.pe\/tienda\/aceite-de-motor\/liqui-moly-5w30-top-tec-4200\/","og_locale":"es_ES","og_type":"article","og_title":"LIQUI MOLY 5W30 TOP TEC 4200 - Aceite de Motor antifricci\u00f3n | Lubrimas.pe | Tienda Online","og_description":"Aceite Liqui Moly Top Tec 4200 5W30 sint\u00e9tico Longlife. Reduce dep\u00f3sitos, protege el motor y es compatible con sistemas DPF en veh\u00edculos modernos.","og_url":"https:\/\/lubrimas.pe\/tienda\/aceite-de-motor\/liqui-moly-5w30-top-tec-4200\/","og_site_name":"Lubrimas.pe | Tienda Online","article_modified_time":"2026-04-25T18:04:48+00:00","og_image":[{"width":850,"height":1000,"url":"https:\/\/lubrimas.pe\/tienda\/wp-content\/uploads\/sites\/3\/2022\/02\/lubrimas_pe-lubrimasperu_com-5w30-liquimoly-aceite-sintetico-europeo-4200-aleman-5l-galon-aceite-de-motor-lima-peru-los-olivos.webp","type":"image\/webp"}],"twitter_card":"summary_large_image","twitter_misc":{"Tiempo de lectura":"1 minuto"},"schema":{"@context":"https:\/\/schema.org","@graph":[{"@type":["WebPage","ItemPage"],"@id":"https:\/\/lubrimas.pe\/tienda\/aceite-de-motor\/liqui-moly-5w30-top-tec-4200\/","url":"https:\/\/lubrimas.pe\/tienda\/aceite-de-motor\/liqui-moly-5w30-top-tec-4200\/","name":"LIQUI MOLY 5W30 TOP TEC 4200 - Aceite de Motor antifricci\u00f3n | Lubrimas.pe | Tienda Online","isPartOf":{"@id":"https:\/\/lubrimas.pe\/tienda\/#website"},"primaryImageOfPage":{"@id":"https:\/\/lubrimas.pe\/tienda\/aceite-de-motor\/liqui-moly-5w30-top-tec-4200\/#primaryimage"},"image":{"@id":"https:\/\/lubrimas.pe\/tienda\/aceite-de-motor\/liqui-moly-5w30-top-tec-4200\/#primaryimage"},"thumbnailUrl":"https:\/\/lubrimas.pe\/tienda\/wp-content\/uploads\/sites\/3\/2022\/02\/lubrimas_pe-lubrimasperu_com-5w30-liquimoly-aceite-sintetico-europeo-4200-aleman-5l-galon-aceite-de-motor-lima-peru-los-olivos.webp","datePublished":"2022-01-19T20:31:24+00:00","dateModified":"2026-04-25T18:04:48+00:00","description":"Aceite Liqui Moly Top Tec 4200 5W30 sint\u00e9tico Longlife. Reduce dep\u00f3sitos, protege el motor y es compatible con sistemas DPF en veh\u00edculos modernos.","breadcrumb":{"@id":"https:\/\/lubrimas.pe\/tienda\/aceite-de-motor\/liqui-moly-5w30-top-tec-4200\/#breadcrumb"},"inLanguage":"es","potentialAction":[{"@type":"ReadAction","target":["https:\/\/lubrimas.pe\/tienda\/aceite-de-motor\/liqui-moly-5w30-top-tec-4200\/"]}]},{"@type":"ImageObject","inLanguage":"es","@id":"https:\/\/lubrimas.pe\/tienda\/aceite-de-motor\/liqui-moly-5w30-top-tec-4200\/#primaryimage","url":"https:\/\/lubrimas.pe\/tienda\/wp-content\/uploads\/sites\/3\/2022\/02\/lubrimas_pe-lubrimasperu_com-5w30-liquimoly-aceite-sintetico-europeo-4200-aleman-5l-galon-aceite-de-motor-lima-peru-los-olivos.webp","contentUrl":"https:\/\/lubrimas.pe\/tienda\/wp-content\/uploads\/sites\/3\/2022\/02\/lubrimas_pe-lubrimasperu_com-5w30-liquimoly-aceite-sintetico-europeo-4200-aleman-5l-galon-aceite-de-motor-lima-peru-los-olivos.webp","width":850,"height":1000},{"@type":"BreadcrumbList","@id":"https:\/\/lubrimas.pe\/tienda\/aceite-de-motor\/liqui-moly-5w30-top-tec-4200\/#breadcrumb","itemListElement":[{"@type":"ListItem","position":1,"name":"Portada","item":"https:\/\/lubrimas.pe\/tienda\/"},{"@type":"ListItem","position":2,"name":"Cat\u00e1logo","item":"https:\/\/lubrimas.pe\/tienda\/productos\/"},{"@type":"ListItem","position":3,"name":"LIQUI MOLY 5W30 TOP TEC 4200 &#8211; Aceite de Motor antifricci\u00f3n"}]},{"@type":"WebSite","@id":"https:\/\/lubrimas.pe\/tienda\/#website","url":"https:\/\/lubrimas.pe\/tienda\/","name":"Lubrimas.pe | Tienda Online","description":"Tus lubricantes favoritos al mejor precio!","publisher":{"@id":"https:\/\/lubrimas.pe\/tienda\/#organization"},"potentialAction":[{"@type":"SearchAction","target":{"@type":"EntryPoint","urlTemplate":"https:\/\/lubrimas.pe\/tienda\/?s={search_term_string}"},"query-input":{"@type":"PropertyValueSpecification","valueRequired":true,"valueName":"search_term_string"}}],"inLanguage":"es"},{"@type":"Organization","@id":"https:\/\/lubrimas.pe\/tienda\/#organization","name":"Lubrimas.pe","url":"https:\/\/lubrimas.pe\/tienda\/","logo":{"@type":"ImageObject","inLanguage":"es","@id":"https:\/\/lubrimas.pe\/tienda\/#\/schema\/logo\/image\/","url":"https:\/\/lubrimas.pe\/tienda\/wp-content\/uploads\/sites\/3\/2022\/07\/BANNERS-PROMO-CYBER-WOW-LUBRIMASPE-2022-07.webp","contentUrl":"https:\/\/lubrimas.pe\/tienda\/wp-content\/uploads\/sites\/3\/2022\/07\/BANNERS-PROMO-CYBER-WOW-LUBRIMASPE-2022-07.webp","width":500,"height":752,"caption":"Lubrimas.pe"},"image":{"@id":"https:\/\/lubrimas.pe\/tienda\/#\/schema\/logo\/image\/"}}]}},"_links":{"self":[{"href":"https:\/\/lubrimas.pe\/tienda\/wp-json\/wp\/v2\/product\/387","targetHints":{"allow":["GET"]}}],"collection":[{"href":"https:\/\/lubrimas.pe\/tienda\/wp-json\/wp\/v2\/product"}],"about":[{"href":"https:\/\/lubrimas.pe\/tienda\/wp-json\/wp\/v2\/types\/product"}],"wp:featuredmedia":[{"embeddable":true,"href":"https:\/\/lubrimas.pe\/tienda\/wp-json\/wp\/v2\/media\/11536"}],"wp:attachment":[{"href":"https:\/\/lubrimas.pe\/tienda\/wp-json\/wp\/v2\/media?parent=387"}],"wp:term":[{"taxonomy":"product_brand","embeddable":true,"href":"https:\/\/lubrimas.pe\/tienda\/wp-json\/wp\/v2\/product_brand?post=387"},{"taxonomy":"product_cat","embeddable":true,"href":"https:\/\/lubrimas.pe\/tienda\/wp-json\/wp\/v2\/product_cat?post=387"},{"taxonomy":"product_tag","embeddable":true,"href":"https:\/\/lubrimas.pe\/tienda\/wp-json\/wp\/v2\/product_tag?post=387"}],"curies":[{"name":"wp","href":"https:\/\/api.w.org\/{rel}","templated":true}]}}